{"id":73043,"date":"2026-01-07T00:31:46","date_gmt":"2026-01-06T21:31:46","guid":{"rendered":"https:\/\/malinashop.lt\/?post_type=product&#038;p=73043"},"modified":"2026-04-07T22:18:35","modified_gmt":"2026-04-07T19:18:35","slug":"paese-wonder-svytejimo-suteikianti-priemone-75-g","status":"publish","type":"product","link":"https:\/\/www.malinashop.lt\/en\/shop\/paese-wonder-svytejimo-suteikianti-priemone-75-g\/","title":{"rendered":"PAESE WONDER \u0161vyt\u0117jimo suteikianti priemon\u0117, 7,5 g"},"content":{"rendered":"<p data-start=\"310\" data-end=\"639\">PAESE <strong data-start=\"339\" data-end=\"349\">WONDER<\/strong> \u2013 tai \u0161vyt\u0117jimo suteikianti priemon\u0117, kuri akimirksniu suteikia odai sveiko spindesio ir i\u0161ry\u0161kina gra\u017eiausias veido linijas. Lengva, \u0161ilkin\u0117 tekst\u016bra maloniai slysta oda ir leid\u017eia lengvai dozuoti intensyvum\u0105 \u2013 nuo subtilaus \u0161vyt\u0117jimo kasdienai iki ry\u0161kaus, i\u0161rai\u0161kingo vakarinio makia\u017eo.<\/p>\n<p data-start=\"641\" data-end=\"706\">Priemon\u0117 praturtinta <strong data-start=\"662\" data-end=\"695\">spindin\u010diomis perl\u0173 dalel\u0117mis<\/strong>, kurios:<\/p>\n<ul data-start=\"707\" data-end=\"855\">\n<li data-start=\"707\" data-end=\"749\">\n<p data-start=\"709\" data-end=\"749\">opti\u0161kai <strong data-start=\"718\" data-end=\"746\">modeliuoja veido bruo\u017eus<\/strong>;<\/p>\n<\/li>\n<li data-start=\"750\" data-end=\"804\">\n<p data-start=\"752\" data-end=\"804\">suteikia odai <strong data-start=\"766\" data-end=\"801\">\u0161velnaus, eleganti\u0161ko \u0161vyt\u0117jimo<\/strong>;<\/p>\n<\/li>\n<li data-start=\"805\" data-end=\"855\">\n<p data-start=\"807\" data-end=\"855\">padeda sukurti glotnios, tolygios odos \u012fsp\u016bd\u012f.<\/p>\n<\/li>\n<\/ul>\n<p data-start=\"857\" data-end=\"1137\">Universalus <strong data-start=\"869\" data-end=\"890\">\u0161ampano atspalvis<\/strong> puikiai tinka visiems odos tonams \u2013 nuo labai \u0161viesios iki tamsesn\u0117s, tod\u0117l WONDER tampa universaliu pasirinkimu tiek makia\u017eo m\u0117g\u0117joms, tiek profesionalams. Priemon\u0117 <strong data-start=\"1057\" data-end=\"1085\">puikiai susilieja su oda<\/strong>, nesudaro dry\u017ei\u0173 ir neakcentuoja por\u0173 ar tekst\u016bros.<\/p>\n<p data-start=\"1139\" data-end=\"1361\">\u0160i\u0105 priemon\u0119 galima naudoti ne tik veidui, bet ir <strong data-start=\"1189\" data-end=\"1216\">kaklo bei pe\u010di\u0173 sri\u010diai<\/strong>, kai norisi suteikti \u0161velnaus, prabangaus \u0161vyt\u0117jimo atviroms k\u016bno vietoms \u2013 puikus pasirinkimas fotosesijoms, \u0161vent\u0117ms ar vakariniam \u012fvaizd\u017eiui.<\/p>\n<p data-start=\"1363\" data-end=\"1388\"><strong data-start=\"1363\" data-end=\"1386\">Pagrindin\u0117s savyb\u0117s<\/strong><\/p>\n<ul data-start=\"1389\" data-end=\"1700\">\n<li data-start=\"1389\" data-end=\"1431\">\n<p data-start=\"1391\" data-end=\"1431\">\u0160ilkin\u0117, maloni prisilietimui tekst\u016bra<\/p>\n<\/li>\n<li data-start=\"1432\" data-end=\"1469\">\n<p data-start=\"1434\" data-end=\"1469\">Opti\u0161kai modeliuoja veido bruo\u017eus<\/p>\n<\/li>\n<li data-start=\"1470\" data-end=\"1509\">\n<p data-start=\"1472\" data-end=\"1509\">Universalus, \u0161ampano tono atspalvis<\/p>\n<\/li>\n<li data-start=\"1510\" data-end=\"1564\">\n<p data-start=\"1512\" data-end=\"1564\">Puikiai susilieja su oda, nesudaro d\u0117mi\u0173 ar dry\u017ei\u0173<\/p>\n<\/li>\n<li data-start=\"1565\" data-end=\"1609\">\n<p data-start=\"1567\" data-end=\"1609\">Suteikia eleganti\u0161k\u0105, prabang\u0173 \u0161vyt\u0117jim\u0105<\/p>\n<\/li>\n<li data-start=\"1610\" data-end=\"1645\">\n<p data-start=\"1612\" data-end=\"1645\">Tinka veidui, kaklui ir pe\u010diams<\/p>\n<\/li>\n<li data-start=\"1646\" data-end=\"1700\">\n<p data-start=\"1648\" data-end=\"1700\">Tinka \u012fvairiems odos atspalviams ir makia\u017eo stiliams<\/p>\n<\/li>\n<\/ul>\n<p data-start=\"1702\" data-end=\"1718\"><strong data-start=\"1702\" data-end=\"1716\">Naudojimas<\/strong><\/p>\n<ul data-start=\"1719\" data-end=\"2105\">\n<li data-start=\"1719\" data-end=\"1924\">\n<p data-start=\"1721\" data-end=\"1789\">Naudodamos tam skirt\u0105 <strong data-start=\"1743\" data-end=\"1755\">\u0161epet\u0117l\u012f<\/strong>, \u0161velniai tepkite priemon\u0119 ant:<\/p>\n<ul data-start=\"1792\" data-end=\"1924\">\n<li data-start=\"1792\" data-end=\"1819\">\n<p data-start=\"1794\" data-end=\"1819\">skruostikauli\u0173 vir\u0161aus,<\/p>\n<\/li>\n<li data-start=\"1822\" data-end=\"1843\">\n<p data-start=\"1824\" data-end=\"1843\">nosies nugar\u0117l\u0117s,<\/p>\n<\/li>\n<li data-start=\"1846\" data-end=\"1893\">\n<p data-start=\"1848\" data-end=\"1893\">vir\u0161utin\u0117s l\u016bpos vir\u0161aus (Kupido lankelio),<\/p>\n<\/li>\n<li data-start=\"1896\" data-end=\"1924\">\n<p data-start=\"1898\" data-end=\"1924\">antaki\u0173 linijos vir\u0161aus.<\/p>\n<\/li>\n<\/ul>\n<\/li>\n<li data-start=\"1925\" data-end=\"2002\">\n<p data-start=\"1927\" data-end=\"2002\">Papildomam \u0161vyt\u0117jimui u\u017etepkite priemon\u0117s ant <strong data-start=\"1973\" data-end=\"1991\">kaklo ir pe\u010di\u0173<\/strong> srities.<\/p>\n<\/li>\n<li data-start=\"2003\" data-end=\"2105\">\n<p data-start=\"2005\" data-end=\"2105\">Galima tepti vien\u0105 sluoksn\u012f subtiliam efektui arba sluoksniuoti, jei norisi intensyvesnio \u0161vyt\u0117jimo.<\/p>\n<\/li>\n<\/ul>\n","protected":false},"excerpt":{"rendered":"<p data-start=\"986\" data-end=\"1128\">PAESE WONDER \u2013 lengvos tekst\u016bros \u0161vyt\u0117jimo priemon\u0117 su perl\u0173 dalel\u0117mis. Universalus \u0161ampano atspalvis pary\u0161kina veido bruo\u017eus, suteikia \u0161ilkin\u012f \u0161vyt\u0117jim\u0105 ir tinka visiems odos tonams.<\/p>\n","protected":false},"featured_media":73045,"template":"","meta":[],"product_brand":[1534],"product_cat":[102,528,526],"product_tag":[1614],"class_list":{"0":"post-73043","1":"product","2":"type-product","3":"status-publish","4":"has-post-thumbnail","6":"product_brand-paese","7":"product_cat-dekoratyvine-kosmetika","8":"product_cat-modeliavimo-priemones","9":"product_cat-skaistalai","10":"product_tag-paese","12":"first","13":"instock","14":"purchasable","15":"product-type-simple"},"yoast_head":"<!-- This site is optimized with the Yoast SEO plugin v27.4 - https:\/\/yoast.com\/product\/yoast-seo-wordpress\/ -->\n<title>PAESE WONDER \u0161vyt\u0117jimo suteikianti priemon\u0117, 7,5 g - MalinaShop.lt J\u016bs\u0173 sveikatai ir gro\u017eiui.<\/title>\n<meta name=\"description\" content=\"PAESE WONDER \u2013 \u0161ampano atspalvio \u0161vyt\u0117jimo priemon\u0117 su perl\u0173 dalel\u0117mis. Pary\u0161kina veido bruo\u017eus, suteikia \u0161ilkin\u012f spindes\u012f veidui, kaklui ir pe\u010diams.\" \/>\n<meta name=\"robots\" content=\"index, follow, max-snippet:-1, max-image-preview:large, max-video-preview:-1\" \/>\n<link rel=\"canonical\" href=\"https:\/\/www.malinashop.lt\/en\/shop\/paese-wonder-svytejimo-suteikianti-priemone-75-g\/\" \/>\n<meta property=\"og:locale\" content=\"en_GB\" \/>\n<meta property=\"og:type\" content=\"article\" \/>\n<meta property=\"og:title\" content=\"PAESE WONDER \u0161vyt\u0117jimo suteikianti priemon\u0117, 7,5 g - MalinaShop.lt J\u016bs\u0173 sveikatai ir gro\u017eiui.\" \/>\n<meta property=\"og:description\" content=\"PAESE WONDER \u2013 \u0161ampano atspalvio \u0161vyt\u0117jimo priemon\u0117 su perl\u0173 dalel\u0117mis. Pary\u0161kina veido bruo\u017eus, suteikia \u0161ilkin\u012f spindes\u012f veidui, kaklui ir pe\u010diams.\" \/>\n<meta property=\"og:url\" content=\"https:\/\/www.malinashop.lt\/en\/shop\/paese-wonder-svytejimo-suteikianti-priemone-75-g\/\" \/>\n<meta property=\"og:site_name\" content=\"MalinaShop.lt J\u016bs\u0173 sveikatai ir gro\u017eiui.\" \/>\n<meta property=\"article:modified_time\" content=\"2026-04-07T19:18:35+00:00\" \/>\n<meta property=\"og:image\" content=\"https:\/\/www.malinashop.lt\/wp-content\/uploads\/2026\/01\/PAESE-WONDER-svytejimo-suteikianti-priemone-75-g.webp\" \/>\n\t<meta property=\"og:image:width\" content=\"768\" \/>\n\t<meta property=\"og:image:height\" content=\"768\" \/>\n\t<meta property=\"og:image:type\" content=\"image\/webp\" \/>\n<meta name=\"twitter:card\" content=\"summary_large_image\" \/>\n<script type=\"application\/ld+json\" class=\"yoast-schema-graph\">{\"@context\":\"https:\\\/\\\/schema.org\",\"@graph\":[{\"@type\":\"WebPage\",\"@id\":\"https:\\\/\\\/www.malinashop.lt\\\/en\\\/shop\\\/paese-wonder-svytejimo-suteikianti-priemone-75-g\\\/\",\"url\":\"https:\\\/\\\/www.malinashop.lt\\\/en\\\/shop\\\/paese-wonder-svytejimo-suteikianti-priemone-75-g\\\/\",\"name\":\"PAESE WONDER \u0161vyt\u0117jimo suteikianti priemon\u0117, 7,5 g - MalinaShop.lt J\u016bs\u0173 sveikatai ir gro\u017eiui.\",\"isPartOf\":{\"@id\":\"https:\\\/\\\/www.malinashop.lt\\\/en\\\/#website\"},\"primaryImageOfPage\":{\"@id\":\"https:\\\/\\\/www.malinashop.lt\\\/en\\\/shop\\\/paese-wonder-svytejimo-suteikianti-priemone-75-g\\\/#primaryimage\"},\"image\":{\"@id\":\"https:\\\/\\\/www.malinashop.lt\\\/en\\\/shop\\\/paese-wonder-svytejimo-suteikianti-priemone-75-g\\\/#primaryimage\"},\"thumbnailUrl\":\"https:\\\/\\\/www.malinashop.lt\\\/wp-content\\\/uploads\\\/2026\\\/01\\\/PAESE-WONDER-svytejimo-suteikianti-priemone-75-g.webp\",\"datePublished\":\"2026-01-06T21:31:46+00:00\",\"dateModified\":\"2026-04-07T19:18:35+00:00\",\"description\":\"PAESE WONDER \u2013 \u0161ampano atspalvio \u0161vyt\u0117jimo priemon\u0117 su perl\u0173 dalel\u0117mis. Pary\u0161kina veido bruo\u017eus, suteikia \u0161ilkin\u012f spindes\u012f veidui, kaklui ir pe\u010diams.\",\"breadcrumb\":{\"@id\":\"https:\\\/\\\/www.malinashop.lt\\\/en\\\/shop\\\/paese-wonder-svytejimo-suteikianti-priemone-75-g\\\/#breadcrumb\"},\"inLanguage\":\"en-GB\",\"potentialAction\":[{\"@type\":\"ReadAction\",\"target\":[\"https:\\\/\\\/www.malinashop.lt\\\/en\\\/shop\\\/paese-wonder-svytejimo-suteikianti-priemone-75-g\\\/\"]}]},{\"@type\":\"ImageObject\",\"inLanguage\":\"en-GB\",\"@id\":\"https:\\\/\\\/www.malinashop.lt\\\/en\\\/shop\\\/paese-wonder-svytejimo-suteikianti-priemone-75-g\\\/#primaryimage\",\"url\":\"https:\\\/\\\/www.malinashop.lt\\\/wp-content\\\/uploads\\\/2026\\\/01\\\/PAESE-WONDER-svytejimo-suteikianti-priemone-75-g.webp\",\"contentUrl\":\"https:\\\/\\\/www.malinashop.lt\\\/wp-content\\\/uploads\\\/2026\\\/01\\\/PAESE-WONDER-svytejimo-suteikianti-priemone-75-g.webp\",\"width\":768,\"height\":768},{\"@type\":\"BreadcrumbList\",\"@id\":\"https:\\\/\\\/www.malinashop.lt\\\/en\\\/shop\\\/paese-wonder-svytejimo-suteikianti-priemone-75-g\\\/#breadcrumb\",\"itemListElement\":[{\"@type\":\"ListItem\",\"position\":1,\"name\":\"Home\",\"item\":\"https:\\\/\\\/www.malinashop.lt\\\/en\\\/\"},{\"@type\":\"ListItem\",\"position\":2,\"name\":\"Parduotuv\u0117\",\"item\":\"https:\\\/\\\/www.malinashop.lt\\\/en\\\/parduotuve\\\/\"},{\"@type\":\"ListItem\",\"position\":3,\"name\":\"PAESE WONDER \u0161vyt\u0117jimo suteikianti priemon\u0117, 7,5 g\"}]},{\"@type\":\"WebSite\",\"@id\":\"https:\\\/\\\/www.malinashop.lt\\\/en\\\/#website\",\"url\":\"https:\\\/\\\/www.malinashop.lt\\\/en\\\/\",\"name\":\"COM Group Ecommerce\",\"description\":\"MalinaShop.lt - Gro\u017eio ir sveikatos produktai i\u0161 patikim\u0173 preki\u0173 \u017eenkl\u0173. Atraskite auk\u0161tos kokyb\u0117s kosmetik\u0105 u\u017e puiki\u0105 kain\u0105.\",\"publisher\":{\"@id\":\"https:\\\/\\\/www.malinashop.lt\\\/en\\\/#organization\"},\"potentialAction\":[{\"@type\":\"SearchAction\",\"target\":{\"@type\":\"EntryPoint\",\"urlTemplate\":\"https:\\\/\\\/www.malinashop.lt\\\/en\\\/?s={search_term_string}\"},\"query-input\":{\"@type\":\"PropertyValueSpecification\",\"valueRequired\":true,\"valueName\":\"search_term_string\"}}],\"inLanguage\":\"en-GB\"},{\"@type\":\"Organization\",\"@id\":\"https:\\\/\\\/www.malinashop.lt\\\/en\\\/#organization\",\"name\":\"COM Group Ecommerce\",\"url\":\"https:\\\/\\\/www.malinashop.lt\\\/en\\\/\",\"logo\":{\"@type\":\"ImageObject\",\"inLanguage\":\"en-GB\",\"@id\":\"https:\\\/\\\/www.malinashop.lt\\\/en\\\/#\\\/schema\\\/logo\\\/image\\\/\",\"url\":\"https:\\\/\\\/www.malinashop.lt\\\/wp-content\\\/uploads\\\/2024\\\/08\\\/462559670_3787732518133670_9795632669273463_n-e1731525914575.png\",\"contentUrl\":\"https:\\\/\\\/www.malinashop.lt\\\/wp-content\\\/uploads\\\/2024\\\/08\\\/462559670_3787732518133670_9795632669273463_n-e1731525914575.png\",\"width\":180,\"height\":60,\"caption\":\"COM Group Ecommerce\"},\"image\":{\"@id\":\"https:\\\/\\\/www.malinashop.lt\\\/en\\\/#\\\/schema\\\/logo\\\/image\\\/\"}}]}<\/script>\n<!-- \/ Yoast SEO plugin. -->","yoast_head_json":{"title":"PAESE WONDER \u0161vyt\u0117jimo suteikianti priemon\u0117, 7,5 g - MalinaShop.lt J\u016bs\u0173 sveikatai ir gro\u017eiui.","description":"PAESE WONDER \u2013 \u0161ampano atspalvio \u0161vyt\u0117jimo priemon\u0117 su perl\u0173 dalel\u0117mis. Pary\u0161kina veido bruo\u017eus, suteikia \u0161ilkin\u012f spindes\u012f veidui, kaklui ir pe\u010diams.","robots":{"index":"index","follow":"follow","max-snippet":"max-snippet:-1","max-image-preview":"max-image-preview:large","max-video-preview":"max-video-preview:-1"},"canonical":"https:\/\/www.malinashop.lt\/en\/shop\/paese-wonder-svytejimo-suteikianti-priemone-75-g\/","og_locale":"en_GB","og_type":"article","og_title":"PAESE WONDER \u0161vyt\u0117jimo suteikianti priemon\u0117, 7,5 g - MalinaShop.lt J\u016bs\u0173 sveikatai ir gro\u017eiui.","og_description":"PAESE WONDER \u2013 \u0161ampano atspalvio \u0161vyt\u0117jimo priemon\u0117 su perl\u0173 dalel\u0117mis. Pary\u0161kina veido bruo\u017eus, suteikia \u0161ilkin\u012f spindes\u012f veidui, kaklui ir pe\u010diams.","og_url":"https:\/\/www.malinashop.lt\/en\/shop\/paese-wonder-svytejimo-suteikianti-priemone-75-g\/","og_site_name":"MalinaShop.lt J\u016bs\u0173 sveikatai ir gro\u017eiui.","article_modified_time":"2026-04-07T19:18:35+00:00","og_image":[{"width":768,"height":768,"url":"https:\/\/www.malinashop.lt\/wp-content\/uploads\/2026\/01\/PAESE-WONDER-svytejimo-suteikianti-priemone-75-g.webp","type":"image\/webp"}],"twitter_card":"summary_large_image","schema":{"@context":"https:\/\/schema.org","@graph":[{"@type":"WebPage","@id":"https:\/\/www.malinashop.lt\/en\/shop\/paese-wonder-svytejimo-suteikianti-priemone-75-g\/","url":"https:\/\/www.malinashop.lt\/en\/shop\/paese-wonder-svytejimo-suteikianti-priemone-75-g\/","name":"PAESE WONDER \u0161vyt\u0117jimo suteikianti priemon\u0117, 7,5 g - MalinaShop.lt J\u016bs\u0173 sveikatai ir gro\u017eiui.","isPartOf":{"@id":"https:\/\/www.malinashop.lt\/en\/#website"},"primaryImageOfPage":{"@id":"https:\/\/www.malinashop.lt\/en\/shop\/paese-wonder-svytejimo-suteikianti-priemone-75-g\/#primaryimage"},"image":{"@id":"https:\/\/www.malinashop.lt\/en\/shop\/paese-wonder-svytejimo-suteikianti-priemone-75-g\/#primaryimage"},"thumbnailUrl":"https:\/\/www.malinashop.lt\/wp-content\/uploads\/2026\/01\/PAESE-WONDER-svytejimo-suteikianti-priemone-75-g.webp","datePublished":"2026-01-06T21:31:46+00:00","dateModified":"2026-04-07T19:18:35+00:00","description":"PAESE WONDER \u2013 \u0161ampano atspalvio \u0161vyt\u0117jimo priemon\u0117 su perl\u0173 dalel\u0117mis. Pary\u0161kina veido bruo\u017eus, suteikia \u0161ilkin\u012f spindes\u012f veidui, kaklui ir pe\u010diams.","breadcrumb":{"@id":"https:\/\/www.malinashop.lt\/en\/shop\/paese-wonder-svytejimo-suteikianti-priemone-75-g\/#breadcrumb"},"inLanguage":"en-GB","potentialAction":[{"@type":"ReadAction","target":["https:\/\/www.malinashop.lt\/en\/shop\/paese-wonder-svytejimo-suteikianti-priemone-75-g\/"]}]},{"@type":"ImageObject","inLanguage":"en-GB","@id":"https:\/\/www.malinashop.lt\/en\/shop\/paese-wonder-svytejimo-suteikianti-priemone-75-g\/#primaryimage","url":"https:\/\/www.malinashop.lt\/wp-content\/uploads\/2026\/01\/PAESE-WONDER-svytejimo-suteikianti-priemone-75-g.webp","contentUrl":"https:\/\/www.malinashop.lt\/wp-content\/uploads\/2026\/01\/PAESE-WONDER-svytejimo-suteikianti-priemone-75-g.webp","width":768,"height":768},{"@type":"BreadcrumbList","@id":"https:\/\/www.malinashop.lt\/en\/shop\/paese-wonder-svytejimo-suteikianti-priemone-75-g\/#breadcrumb","itemListElement":[{"@type":"ListItem","position":1,"name":"Home","item":"https:\/\/www.malinashop.lt\/en\/"},{"@type":"ListItem","position":2,"name":"Parduotuv\u0117","item":"https:\/\/www.malinashop.lt\/en\/parduotuve\/"},{"@type":"ListItem","position":3,"name":"PAESE WONDER \u0161vyt\u0117jimo suteikianti priemon\u0117, 7,5 g"}]},{"@type":"WebSite","@id":"https:\/\/www.malinashop.lt\/en\/#website","url":"https:\/\/www.malinashop.lt\/en\/","name":"COM Group Ecommerce","description":"MalinaShop.lt - Gro\u017eio ir sveikatos produktai i\u0161 patikim\u0173 preki\u0173 \u017eenkl\u0173. Atraskite auk\u0161tos kokyb\u0117s kosmetik\u0105 u\u017e puiki\u0105 kain\u0105.","publisher":{"@id":"https:\/\/www.malinashop.lt\/en\/#organization"},"potentialAction":[{"@type":"SearchAction","target":{"@type":"EntryPoint","urlTemplate":"https:\/\/www.malinashop.lt\/en\/?s={search_term_string}"},"query-input":{"@type":"PropertyValueSpecification","valueRequired":true,"valueName":"search_term_string"}}],"inLanguage":"en-GB"},{"@type":"Organization","@id":"https:\/\/www.malinashop.lt\/en\/#organization","name":"COM Group Ecommerce","url":"https:\/\/www.malinashop.lt\/en\/","logo":{"@type":"ImageObject","inLanguage":"en-GB","@id":"https:\/\/www.malinashop.lt\/en\/#\/schema\/logo\/image\/","url":"https:\/\/www.malinashop.lt\/wp-content\/uploads\/2024\/08\/462559670_3787732518133670_9795632669273463_n-e1731525914575.png","contentUrl":"https:\/\/www.malinashop.lt\/wp-content\/uploads\/2024\/08\/462559670_3787732518133670_9795632669273463_n-e1731525914575.png","width":180,"height":60,"caption":"COM Group Ecommerce"},"image":{"@id":"https:\/\/www.malinashop.lt\/en\/#\/schema\/logo\/image\/"}}]}},"jetpack_sharing_enabled":true,"_links":{"self":[{"href":"https:\/\/www.malinashop.lt\/en\/wp-json\/wp\/v2\/product\/73043","targetHints":{"allow":["GET"]}}],"collection":[{"href":"https:\/\/www.malinashop.lt\/en\/wp-json\/wp\/v2\/product"}],"about":[{"href":"https:\/\/www.malinashop.lt\/en\/wp-json\/wp\/v2\/types\/product"}],"version-history":[{"count":1,"href":"https:\/\/www.malinashop.lt\/en\/wp-json\/wp\/v2\/product\/73043\/revisions"}],"predecessor-version":[{"id":73046,"href":"https:\/\/www.malinashop.lt\/en\/wp-json\/wp\/v2\/product\/73043\/revisions\/73046"}],"wp:featuredmedia":[{"embeddable":true,"href":"https:\/\/www.malinashop.lt\/en\/wp-json\/wp\/v2\/media\/73045"}],"wp:attachment":[{"href":"https:\/\/www.malinashop.lt\/en\/wp-json\/wp\/v2\/media?parent=73043"}],"wp:term":[{"taxonomy":"product_brand","embeddable":true,"href":"https:\/\/www.malinashop.lt\/en\/wp-json\/wp\/v2\/product_brand?post=73043"},{"taxonomy":"product_cat","embeddable":true,"href":"https:\/\/www.malinashop.lt\/en\/wp-json\/wp\/v2\/product_cat?post=73043"},{"taxonomy":"product_tag","embeddable":true,"href":"https:\/\/www.malinashop.lt\/en\/wp-json\/wp\/v2\/product_tag?post=73043"}],"curies":[{"name":"wp","href":"https:\/\/api.w.org\/{rel}","templated":true}]}}