{"id":73037,"date":"2026-01-07T00:24:34","date_gmt":"2026-01-06T21:24:34","guid":{"rendered":"https:\/\/malinashop.lt\/?post_type=product&#038;p=73037"},"modified":"2026-04-07T22:18:36","modified_gmt":"2026-04-07T19:18:36","slug":"paese-long-cover-birio-tipo-fiksuojanti-pudra-light-beige-6-g","status":"publish","type":"product","link":"https:\/\/www.malinashop.lt\/en\/shop\/paese-long-cover-birio-tipo-fiksuojanti-pudra-light-beige-6-g\/","title":{"rendered":"PAESE LONG COVER birio tipo fiksuojanti pudra (Light Beige), 6 g"},"content":{"rendered":"<p data-start=\"332\" data-end=\"646\">PAESE <strong data-start=\"361\" data-end=\"412\">LONG COVER biri fiksuojanti pudra (Light Beige)<\/strong> \u2013 tai puikus pasirinkimas toms, kurios ie\u0161ko pudros, galin\u010dios ne tik patikimai u\u017efiksuoti makia\u017e\u0105, bet ir pasir\u016bpinti odos b\u016bkle. Lengva, <strong data-start=\"552\" data-end=\"573\">aksomin\u0117 tekst\u016bra<\/strong> \u0161velniai priglunda prie veido, nesukurdama sunkumo ar miltelinio efekto.<\/p>\n<p data-start=\"648\" data-end=\"934\">Universalus <strong data-start=\"660\" data-end=\"704\">\u0161viesus sm\u0117linis atspalvis (Light Beige)<\/strong> puikiai prisitaiko prie \u012fvairi\u0173 odos ton\u0173 bei tip\u0173, suteikdamas <strong data-start=\"769\" data-end=\"795\">nat\u016bral\u0173 matin\u012f efekt\u0105<\/strong>. Pudra padeda su\u0161velninti odos nelygumus, vizualiai suma\u017eina blizges\u012f T zonoje ir prailgina makia\u017eo i\u0161silaikym\u0105 iki ma\u017edaug <strong data-start=\"920\" data-end=\"933\">8 valand\u0173<\/strong>.<\/p>\n<p data-start=\"936\" data-end=\"964\">Formul\u0117 sukurta taip, kad:<\/p>\n<ul data-start=\"965\" data-end=\"1086\">\n<li data-start=\"965\" data-end=\"996\">\n<p data-start=\"967\" data-end=\"996\"><strong data-start=\"967\" data-end=\"993\">nesikaupt\u0173 rauk\u0161lel\u0117se<\/strong>,<\/p>\n<\/li>\n<li data-start=\"997\" data-end=\"1030\">\n<p data-start=\"999\" data-end=\"1030\"><strong data-start=\"999\" data-end=\"1027\">nei\u0161ry\u0161kint\u0173 saus\u0173 viet\u0173<\/strong>,<\/p>\n<\/li>\n<li data-start=\"1031\" data-end=\"1086\">\n<p data-start=\"1033\" data-end=\"1086\">nesukurt\u0173 \u201emilteli\u0173 sluoksnio\u201c ant odos pavir\u0161iaus.<\/p>\n<\/li>\n<\/ul>\n<p data-start=\"1088\" data-end=\"1161\">Sud\u0117tyje esantys <strong data-start=\"1105\" data-end=\"1133\">skvalanas ir vitaminas E<\/strong> pasir\u016bpina odos komfortu:<\/p>\n<ul data-start=\"1162\" data-end=\"1351\">\n<li data-start=\"1162\" data-end=\"1239\">\n<p data-start=\"1164\" data-end=\"1239\"><strong data-start=\"1164\" data-end=\"1177\">skvalanas<\/strong> dr\u0117kina, mink\u0161tina od\u0105 ir padeda i\u0161laikyti jos elastingum\u0105;<\/p>\n<\/li>\n<li data-start=\"1240\" data-end=\"1351\">\n<p data-start=\"1242\" data-end=\"1351\"><strong data-start=\"1242\" data-end=\"1257\">vitaminas E<\/strong> veikia kaip antioksidantas, saugodamas od\u0105 nuo aplinkos poveikio ir suteikdamas jai \u0161velnumo.<\/p>\n<\/li>\n<\/ul>\n<p data-start=\"1353\" data-end=\"1635\">Komplekte esanti <strong data-start=\"1370\" data-end=\"1391\">mink\u0161ta kempin\u0117l\u0117<\/strong> leid\u017eia lengvai ir tolygiai paskirstyti pudr\u0105 tiek visam veidui, tiek tik norimose fiksavimo zonose. Pudra idealiai dera su <strong data-start=\"1516\" data-end=\"1560\">PAESE Long Cover skystu makia\u017eo pagrindu<\/strong> \u2013 kartu jie sukuria ilgai i\u0161liekant\u012f, nat\u016bral\u0173 ir nepriekai\u0161ting\u0105 makia\u017e\u0105.<\/p>\n<p data-start=\"1637\" data-end=\"1666\"><strong data-start=\"1637\" data-end=\"1664\">Pagrindiniai privalumai<\/strong><\/p>\n<ul data-start=\"1667\" data-end=\"2059\">\n<li data-start=\"1667\" data-end=\"1701\">\n<p data-start=\"1669\" data-end=\"1701\">Lengva, aksomin\u0117 biri tekst\u016bra<\/p>\n<\/li>\n<li data-start=\"1702\" data-end=\"1743\">\n<p data-start=\"1704\" data-end=\"1743\">Nat\u016bralus, nekauk\u0117tas matinis efektas<\/p>\n<\/li>\n<li data-start=\"1744\" data-end=\"1795\">\n<p data-start=\"1746\" data-end=\"1795\">Nesikaupia rauk\u0161lel\u0117se, nei\u0161ry\u0161kina saus\u0173 viet\u0173<\/p>\n<\/li>\n<li data-start=\"1796\" data-end=\"1823\">\n<p data-start=\"1798\" data-end=\"1823\">I\u0161silaiko iki 8 valand\u0173<\/p>\n<\/li>\n<li data-start=\"1824\" data-end=\"1881\">\n<p data-start=\"1826\" data-end=\"1881\">Su skvalanu ir vitaminu E \u2013 odos komfortui ir dr\u0117gmei<\/p>\n<\/li>\n<li data-start=\"1882\" data-end=\"1954\">\n<p data-start=\"1884\" data-end=\"1954\">Universalus Light Beige atspalvis prisitaiko prie daugelio odos ton\u0173<\/p>\n<\/li>\n<li data-start=\"1955\" data-end=\"2007\">\n<p data-start=\"1957\" data-end=\"2007\">Komplekte \u2013 \u0161velni kempin\u0117l\u0117 patogiam naudojimui<\/p>\n<\/li>\n<li data-start=\"2008\" data-end=\"2059\">\n<p data-start=\"2010\" data-end=\"2059\">Puikiai dera su PAESE Long Cover makia\u017eo pagrindu<\/p>\n<\/li>\n<\/ul>\n<p data-start=\"2061\" data-end=\"2077\"><strong data-start=\"2061\" data-end=\"2075\">Naudojimas<\/strong><\/p>\n<ul data-start=\"2078\" data-end=\"2390\">\n<li data-start=\"2078\" data-end=\"2179\">\n<p data-start=\"2080\" data-end=\"2179\">Po skysto makia\u017eo pagrindo ar maskuoklio u\u017etepkite pudros ant veido <strong data-start=\"2148\" data-end=\"2176\">kempin\u0117le arba \u0161epet\u0117liu<\/strong>.<\/p>\n<\/li>\n<li data-start=\"2180\" data-end=\"2300\">\n<p data-start=\"2182\" data-end=\"2300\">Koncentruokit\u0117s \u012f <strong data-start=\"2200\" data-end=\"2234\">T zon\u0105 (kakta, nosis, smakras)<\/strong> ir vietas, kur makia\u017eas link\u0119s blizg\u0117ti ar grei\u010diau nusid\u0117v\u0117ti.<\/p>\n<\/li>\n<li data-start=\"2301\" data-end=\"2390\">\n<p data-start=\"2303\" data-end=\"2390\">Galite naudoti ir dienos eigoje lengvam makia\u017eo atnaujinimui bei blizgesio suma\u017einimui.<\/p>\n<\/li>\n<\/ul>\n","protected":false},"excerpt":{"rendered":"<div class=\"flex flex-col text-sm pb-25\">\n<article class=\"text-token-text-primary w-full focus:outline-none [--shadow-height:45px] has-data-writing-block:pointer-events-none has-data-writing-block:-mt-(--shadow-height) has-data-writing-block:pt-(--shadow-height) [&amp;:has([data-writing-block])&gt;*]:pointer-events-auto scroll-mt-[calc(var(--header-height)+min(200px,max(70px,20svh)))]\" dir=\"auto\" tabindex=\"-1\" data-turn-id=\"ebd45a13-6052-4eb4-8831-17e4704a7b6c\" data-testid=\"conversation-turn-163\" data-scroll-anchor=\"true\" data-turn=\"assistant\">\n<div class=\"text-base my-auto mx-auto pb-10 [--thread-content-margin:--spacing(4)] @w-sm\/main:[--thread-content-margin:--spacing(6)] @w-lg\/main:[--thread-content-margin:--spacing(16)] px-(--thread-content-margin)\">\n<div class=\"[--thread-content-max-width:40rem] @w-lg\/main:[--thread-content-max-width:48rem] mx-auto max-w-(--thread-content-max-width) flex-1 group\/turn-messages focus-visible:outline-hidden relative flex w-full min-w-0 flex-col agent-turn\" tabindex=\"-1\">\n<div class=\"flex max-w-full flex-col grow\">\n<div class=\"min-h-8 text-message relative flex w-full flex-col items-end gap-2 text-start break-words whitespace-normal [.text-message+&amp;]:mt-1\" dir=\"auto\" data-message-author-role=\"assistant\" data-message-id=\"0175100a-0f1a-4600-89a5-33016b58d0df\" data-message-model-slug=\"gpt-5-1-thinking\">\n<div class=\"flex w-full flex-col gap-1 empty:hidden first:pt-[1px]\">\n<div class=\"markdown prose dark:prose-invert w-full break-words light markdown-new-styling\">\n<p data-start=\"2199\" data-end=\"2395\" data-is-last-node=\"\" data-is-only-node=\"\">PAESE LONG COVER biri fiksuojanti pudra \u2013 lengvos, aksomin\u0117s tekst\u016bros priemon\u0117, kuri fiksuoja makia\u017e\u0105, suteikia nat\u016bral\u0173 matin\u012f efekt\u0105 be kauk\u0117s \u012fsp\u016bd\u017eio ir u\u017etikrina komfort\u0105 iki 8 valand\u0173.<\/p>\n<\/div>\n<\/div>\n<\/div>\n<\/div>\n<\/div>\n<\/div>\n<\/article>\n<\/div>\n","protected":false},"featured_media":73040,"template":"","meta":[],"product_brand":[1534],"product_cat":[102,792],"product_tag":[1614],"class_list":{"0":"post-73037","1":"product","2":"type-product","3":"status-publish","4":"has-post-thumbnail","6":"product_brand-paese","7":"product_cat-dekoratyvine-kosmetika","8":"product_cat-veido-pudros","9":"product_tag-paese","11":"first","12":"instock","13":"purchasable","14":"product-type-simple"},"yoast_head":"<!-- This site is optimized with the Yoast SEO plugin v27.4 - https:\/\/yoast.com\/product\/yoast-seo-wordpress\/ -->\n<title>PAESE LONG COVER birio tipo fiksuojanti pudra (Light Beige), 6 g - MalinaShop.lt J\u016bs\u0173 sveikatai ir gro\u017eiui.<\/title>\n<meta name=\"description\" content=\"PAESE LONG COVER biri fiksuojanti pudra (Light Beige) \u2013 lengva, aksomin\u0117, su skvalanu ir vitaminu E. Fiksuoja makia\u017e\u0105 ir suteikia nat\u016bral\u0173 matin\u012f efekt\u0105 be kauk\u0117s.\" \/>\n<meta name=\"robots\" content=\"index, follow, max-snippet:-1, max-image-preview:large, max-video-preview:-1\" \/>\n<link rel=\"canonical\" href=\"https:\/\/www.malinashop.lt\/en\/shop\/paese-long-cover-birio-tipo-fiksuojanti-pudra-light-beige-6-g\/\" \/>\n<meta property=\"og:locale\" content=\"en_GB\" \/>\n<meta property=\"og:type\" content=\"article\" \/>\n<meta property=\"og:title\" content=\"PAESE LONG COVER birio tipo fiksuojanti pudra (Light Beige), 6 g - MalinaShop.lt J\u016bs\u0173 sveikatai ir gro\u017eiui.\" \/>\n<meta property=\"og:description\" content=\"PAESE LONG COVER biri fiksuojanti pudra (Light Beige) \u2013 lengva, aksomin\u0117, su skvalanu ir vitaminu E. Fiksuoja makia\u017e\u0105 ir suteikia nat\u016bral\u0173 matin\u012f efekt\u0105 be kauk\u0117s.\" \/>\n<meta property=\"og:url\" content=\"https:\/\/www.malinashop.lt\/en\/shop\/paese-long-cover-birio-tipo-fiksuojanti-pudra-light-beige-6-g\/\" \/>\n<meta property=\"og:site_name\" content=\"MalinaShop.lt J\u016bs\u0173 sveikatai ir gro\u017eiui.\" \/>\n<meta property=\"article:modified_time\" content=\"2026-04-07T19:18:36+00:00\" \/>\n<meta property=\"og:image\" content=\"https:\/\/www.malinashop.lt\/wp-content\/uploads\/2026\/01\/PAESE-LONG-COVER-birio-tipo-fiksuojanti-pudra-Light-Beige-6-g.webp\" \/>\n\t<meta property=\"og:image:width\" content=\"768\" \/>\n\t<meta property=\"og:image:height\" content=\"768\" \/>\n\t<meta property=\"og:image:type\" content=\"image\/webp\" \/>\n<meta name=\"twitter:card\" content=\"summary_large_image\" \/>\n<script type=\"application\/ld+json\" class=\"yoast-schema-graph\">{\"@context\":\"https:\\\/\\\/schema.org\",\"@graph\":[{\"@type\":\"WebPage\",\"@id\":\"https:\\\/\\\/www.malinashop.lt\\\/shop\\\/paese-long-cover-birio-tipo-fiksuojanti-pudra-light-beige-6-g\\\/\",\"url\":\"https:\\\/\\\/www.malinashop.lt\\\/shop\\\/paese-long-cover-birio-tipo-fiksuojanti-pudra-light-beige-6-g\\\/\",\"name\":\"PAESE LONG COVER birio tipo fiksuojanti pudra (Light Beige), 6 g - MalinaShop.lt J\u016bs\u0173 sveikatai ir gro\u017eiui.\",\"isPartOf\":{\"@id\":\"https:\\\/\\\/www.malinashop.lt\\\/#website\"},\"primaryImageOfPage\":{\"@id\":\"https:\\\/\\\/www.malinashop.lt\\\/shop\\\/paese-long-cover-birio-tipo-fiksuojanti-pudra-light-beige-6-g\\\/#primaryimage\"},\"image\":{\"@id\":\"https:\\\/\\\/www.malinashop.lt\\\/shop\\\/paese-long-cover-birio-tipo-fiksuojanti-pudra-light-beige-6-g\\\/#primaryimage\"},\"thumbnailUrl\":\"https:\\\/\\\/www.malinashop.lt\\\/wp-content\\\/uploads\\\/2026\\\/01\\\/PAESE-LONG-COVER-birio-tipo-fiksuojanti-pudra-Light-Beige-6-g.webp\",\"datePublished\":\"2026-01-06T21:24:34+00:00\",\"dateModified\":\"2026-04-07T19:18:36+00:00\",\"description\":\"PAESE LONG COVER biri fiksuojanti pudra (Light Beige) \u2013 lengva, aksomin\u0117, su skvalanu ir vitaminu E. Fiksuoja makia\u017e\u0105 ir suteikia nat\u016bral\u0173 matin\u012f efekt\u0105 be kauk\u0117s.\",\"breadcrumb\":{\"@id\":\"https:\\\/\\\/www.malinashop.lt\\\/shop\\\/paese-long-cover-birio-tipo-fiksuojanti-pudra-light-beige-6-g\\\/#breadcrumb\"},\"inLanguage\":\"en-GB\",\"potentialAction\":[{\"@type\":\"ReadAction\",\"target\":[\"https:\\\/\\\/www.malinashop.lt\\\/shop\\\/paese-long-cover-birio-tipo-fiksuojanti-pudra-light-beige-6-g\\\/\"]}]},{\"@type\":\"ImageObject\",\"inLanguage\":\"en-GB\",\"@id\":\"https:\\\/\\\/www.malinashop.lt\\\/shop\\\/paese-long-cover-birio-tipo-fiksuojanti-pudra-light-beige-6-g\\\/#primaryimage\",\"url\":\"https:\\\/\\\/www.malinashop.lt\\\/wp-content\\\/uploads\\\/2026\\\/01\\\/PAESE-LONG-COVER-birio-tipo-fiksuojanti-pudra-Light-Beige-6-g.webp\",\"contentUrl\":\"https:\\\/\\\/www.malinashop.lt\\\/wp-content\\\/uploads\\\/2026\\\/01\\\/PAESE-LONG-COVER-birio-tipo-fiksuojanti-pudra-Light-Beige-6-g.webp\",\"width\":768,\"height\":768},{\"@type\":\"BreadcrumbList\",\"@id\":\"https:\\\/\\\/www.malinashop.lt\\\/shop\\\/paese-long-cover-birio-tipo-fiksuojanti-pudra-light-beige-6-g\\\/#breadcrumb\",\"itemListElement\":[{\"@type\":\"ListItem\",\"position\":1,\"name\":\"Pagrindinis\",\"item\":\"https:\\\/\\\/www.malinashop.lt\\\/\"},{\"@type\":\"ListItem\",\"position\":2,\"name\":\"Parduotuv\u0117\",\"item\":\"https:\\\/\\\/www.malinashop.lt\\\/en\\\/parduotuve\\\/\"},{\"@type\":\"ListItem\",\"position\":3,\"name\":\"PAESE LONG COVER birio tipo fiksuojanti pudra (Light Beige), 6 g\"}]},{\"@type\":\"WebSite\",\"@id\":\"https:\\\/\\\/www.malinashop.lt\\\/#website\",\"url\":\"https:\\\/\\\/www.malinashop.lt\\\/\",\"name\":\"COM Group Ecommerce\",\"description\":\"MalinaShop.lt - Gro\u017eio ir sveikatos produktai i\u0161 patikim\u0173 preki\u0173 \u017eenkl\u0173. Atraskite auk\u0161tos kokyb\u0117s kosmetik\u0105 u\u017e puiki\u0105 kain\u0105.\",\"publisher\":{\"@id\":\"https:\\\/\\\/www.malinashop.lt\\\/#organization\"},\"potentialAction\":[{\"@type\":\"SearchAction\",\"target\":{\"@type\":\"EntryPoint\",\"urlTemplate\":\"https:\\\/\\\/www.malinashop.lt\\\/?s={search_term_string}\"},\"query-input\":{\"@type\":\"PropertyValueSpecification\",\"valueRequired\":true,\"valueName\":\"search_term_string\"}}],\"inLanguage\":\"en-GB\"},{\"@type\":\"Organization\",\"@id\":\"https:\\\/\\\/www.malinashop.lt\\\/#organization\",\"name\":\"COM Group Ecommerce\",\"url\":\"https:\\\/\\\/www.malinashop.lt\\\/\",\"logo\":{\"@type\":\"ImageObject\",\"inLanguage\":\"en-GB\",\"@id\":\"https:\\\/\\\/www.malinashop.lt\\\/#\\\/schema\\\/logo\\\/image\\\/\",\"url\":\"https:\\\/\\\/www.malinashop.lt\\\/wp-content\\\/uploads\\\/2024\\\/08\\\/462559670_3787732518133670_9795632669273463_n-e1731525914575.png\",\"contentUrl\":\"https:\\\/\\\/www.malinashop.lt\\\/wp-content\\\/uploads\\\/2024\\\/08\\\/462559670_3787732518133670_9795632669273463_n-e1731525914575.png\",\"width\":180,\"height\":60,\"caption\":\"COM Group Ecommerce\"},\"image\":{\"@id\":\"https:\\\/\\\/www.malinashop.lt\\\/#\\\/schema\\\/logo\\\/image\\\/\"}}]}<\/script>\n<!-- \/ Yoast SEO plugin. -->","yoast_head_json":{"title":"PAESE LONG COVER birio tipo fiksuojanti pudra (Light Beige), 6 g - MalinaShop.lt J\u016bs\u0173 sveikatai ir gro\u017eiui.","description":"PAESE LONG COVER biri fiksuojanti pudra (Light Beige) \u2013 lengva, aksomin\u0117, su skvalanu ir vitaminu E. Fiksuoja makia\u017e\u0105 ir suteikia nat\u016bral\u0173 matin\u012f efekt\u0105 be kauk\u0117s.","robots":{"index":"index","follow":"follow","max-snippet":"max-snippet:-1","max-image-preview":"max-image-preview:large","max-video-preview":"max-video-preview:-1"},"canonical":"https:\/\/www.malinashop.lt\/en\/shop\/paese-long-cover-birio-tipo-fiksuojanti-pudra-light-beige-6-g\/","og_locale":"en_GB","og_type":"article","og_title":"PAESE LONG COVER birio tipo fiksuojanti pudra (Light Beige), 6 g - MalinaShop.lt J\u016bs\u0173 sveikatai ir gro\u017eiui.","og_description":"PAESE LONG COVER biri fiksuojanti pudra (Light Beige) \u2013 lengva, aksomin\u0117, su skvalanu ir vitaminu E. Fiksuoja makia\u017e\u0105 ir suteikia nat\u016bral\u0173 matin\u012f efekt\u0105 be kauk\u0117s.","og_url":"https:\/\/www.malinashop.lt\/en\/shop\/paese-long-cover-birio-tipo-fiksuojanti-pudra-light-beige-6-g\/","og_site_name":"MalinaShop.lt J\u016bs\u0173 sveikatai ir gro\u017eiui.","article_modified_time":"2026-04-07T19:18:36+00:00","og_image":[{"width":768,"height":768,"url":"https:\/\/www.malinashop.lt\/wp-content\/uploads\/2026\/01\/PAESE-LONG-COVER-birio-tipo-fiksuojanti-pudra-Light-Beige-6-g.webp","type":"image\/webp"}],"twitter_card":"summary_large_image","schema":{"@context":"https:\/\/schema.org","@graph":[{"@type":"WebPage","@id":"https:\/\/www.malinashop.lt\/shop\/paese-long-cover-birio-tipo-fiksuojanti-pudra-light-beige-6-g\/","url":"https:\/\/www.malinashop.lt\/shop\/paese-long-cover-birio-tipo-fiksuojanti-pudra-light-beige-6-g\/","name":"PAESE LONG COVER birio tipo fiksuojanti pudra (Light Beige), 6 g - MalinaShop.lt J\u016bs\u0173 sveikatai ir gro\u017eiui.","isPartOf":{"@id":"https:\/\/www.malinashop.lt\/#website"},"primaryImageOfPage":{"@id":"https:\/\/www.malinashop.lt\/shop\/paese-long-cover-birio-tipo-fiksuojanti-pudra-light-beige-6-g\/#primaryimage"},"image":{"@id":"https:\/\/www.malinashop.lt\/shop\/paese-long-cover-birio-tipo-fiksuojanti-pudra-light-beige-6-g\/#primaryimage"},"thumbnailUrl":"https:\/\/www.malinashop.lt\/wp-content\/uploads\/2026\/01\/PAESE-LONG-COVER-birio-tipo-fiksuojanti-pudra-Light-Beige-6-g.webp","datePublished":"2026-01-06T21:24:34+00:00","dateModified":"2026-04-07T19:18:36+00:00","description":"PAESE LONG COVER biri fiksuojanti pudra (Light Beige) \u2013 lengva, aksomin\u0117, su skvalanu ir vitaminu E. Fiksuoja makia\u017e\u0105 ir suteikia nat\u016bral\u0173 matin\u012f efekt\u0105 be kauk\u0117s.","breadcrumb":{"@id":"https:\/\/www.malinashop.lt\/shop\/paese-long-cover-birio-tipo-fiksuojanti-pudra-light-beige-6-g\/#breadcrumb"},"inLanguage":"en-GB","potentialAction":[{"@type":"ReadAction","target":["https:\/\/www.malinashop.lt\/shop\/paese-long-cover-birio-tipo-fiksuojanti-pudra-light-beige-6-g\/"]}]},{"@type":"ImageObject","inLanguage":"en-GB","@id":"https:\/\/www.malinashop.lt\/shop\/paese-long-cover-birio-tipo-fiksuojanti-pudra-light-beige-6-g\/#primaryimage","url":"https:\/\/www.malinashop.lt\/wp-content\/uploads\/2026\/01\/PAESE-LONG-COVER-birio-tipo-fiksuojanti-pudra-Light-Beige-6-g.webp","contentUrl":"https:\/\/www.malinashop.lt\/wp-content\/uploads\/2026\/01\/PAESE-LONG-COVER-birio-tipo-fiksuojanti-pudra-Light-Beige-6-g.webp","width":768,"height":768},{"@type":"BreadcrumbList","@id":"https:\/\/www.malinashop.lt\/shop\/paese-long-cover-birio-tipo-fiksuojanti-pudra-light-beige-6-g\/#breadcrumb","itemListElement":[{"@type":"ListItem","position":1,"name":"Pagrindinis","item":"https:\/\/www.malinashop.lt\/"},{"@type":"ListItem","position":2,"name":"Parduotuv\u0117","item":"https:\/\/www.malinashop.lt\/en\/parduotuve\/"},{"@type":"ListItem","position":3,"name":"PAESE LONG COVER birio tipo fiksuojanti pudra (Light Beige), 6 g"}]},{"@type":"WebSite","@id":"https:\/\/www.malinashop.lt\/#website","url":"https:\/\/www.malinashop.lt\/","name":"COM Group Ecommerce","description":"MalinaShop.lt - Gro\u017eio ir sveikatos produktai i\u0161 patikim\u0173 preki\u0173 \u017eenkl\u0173. Atraskite auk\u0161tos kokyb\u0117s kosmetik\u0105 u\u017e puiki\u0105 kain\u0105.","publisher":{"@id":"https:\/\/www.malinashop.lt\/#organization"},"potentialAction":[{"@type":"SearchAction","target":{"@type":"EntryPoint","urlTemplate":"https:\/\/www.malinashop.lt\/?s={search_term_string}"},"query-input":{"@type":"PropertyValueSpecification","valueRequired":true,"valueName":"search_term_string"}}],"inLanguage":"en-GB"},{"@type":"Organization","@id":"https:\/\/www.malinashop.lt\/#organization","name":"COM Group Ecommerce","url":"https:\/\/www.malinashop.lt\/","logo":{"@type":"ImageObject","inLanguage":"en-GB","@id":"https:\/\/www.malinashop.lt\/#\/schema\/logo\/image\/","url":"https:\/\/www.malinashop.lt\/wp-content\/uploads\/2024\/08\/462559670_3787732518133670_9795632669273463_n-e1731525914575.png","contentUrl":"https:\/\/www.malinashop.lt\/wp-content\/uploads\/2024\/08\/462559670_3787732518133670_9795632669273463_n-e1731525914575.png","width":180,"height":60,"caption":"COM Group Ecommerce"},"image":{"@id":"https:\/\/www.malinashop.lt\/#\/schema\/logo\/image\/"}}]}},"jetpack_sharing_enabled":true,"_links":{"self":[{"href":"https:\/\/www.malinashop.lt\/en\/wp-json\/wp\/v2\/product\/73037","targetHints":{"allow":["GET"]}}],"collection":[{"href":"https:\/\/www.malinashop.lt\/en\/wp-json\/wp\/v2\/product"}],"about":[{"href":"https:\/\/www.malinashop.lt\/en\/wp-json\/wp\/v2\/types\/product"}],"version-history":[{"count":1,"href":"https:\/\/www.malinashop.lt\/en\/wp-json\/wp\/v2\/product\/73037\/revisions"}],"predecessor-version":[{"id":73041,"href":"https:\/\/www.malinashop.lt\/en\/wp-json\/wp\/v2\/product\/73037\/revisions\/73041"}],"wp:featuredmedia":[{"embeddable":true,"href":"https:\/\/www.malinashop.lt\/en\/wp-json\/wp\/v2\/media\/73040"}],"wp:attachment":[{"href":"https:\/\/www.malinashop.lt\/en\/wp-json\/wp\/v2\/media?parent=73037"}],"wp:term":[{"taxonomy":"product_brand","embeddable":true,"href":"https:\/\/www.malinashop.lt\/en\/wp-json\/wp\/v2\/product_brand?post=73037"},{"taxonomy":"product_cat","embeddable":true,"href":"https:\/\/www.malinashop.lt\/en\/wp-json\/wp\/v2\/product_cat?post=73037"},{"taxonomy":"product_tag","embeddable":true,"href":"https:\/\/www.malinashop.lt\/en\/wp-json\/wp\/v2\/product_tag?post=73037"}],"curies":[{"name":"wp","href":"https:\/\/api.w.org\/{rel}","templated":true}]}}