{"id":73031,"date":"2026-01-07T00:18:22","date_gmt":"2026-01-06T21:18:22","guid":{"rendered":"https:\/\/malinashop.lt\/?post_type=product&#038;p=73031"},"modified":"2026-04-07T22:18:36","modified_gmt":"2026-04-07T19:18:36","slug":"paese-puff-cloud-paakiu-fiksuojamoji-pudra-45-g","status":"publish","type":"product","link":"https:\/\/www.malinashop.lt\/en\/shop\/paese-puff-cloud-paakiu-fiksuojamoji-pudra-45-g\/","title":{"rendered":"PAESE PUFF CLOUD paaki\u0173 fiksuojamoji pudra, 4,5 g"},"content":{"rendered":"<p data-start=\"334\" data-end=\"556\">PAESE paaki\u0173 pudra <strong data-start=\"376\" data-end=\"390\">PUFF CLOUD<\/strong> sukurta specialiai jautriai paaki\u0173 zonai \u2013 ji <strong data-start=\"437\" data-end=\"466\">\u0161velniai fiksuoja makia\u017e\u0105<\/strong>, suteikia lengv\u0105 maskavim\u0105 ir padeda i\u0161gauti tolyg\u0173, glotn\u0173 rezultat\u0105 be sunkumo poj\u016b\u010dio.<\/p>\n<p data-start=\"558\" data-end=\"585\">Lengva, pudrin\u0117 tekst\u016bra:<\/p>\n<ul data-start=\"586\" data-end=\"727\">\n<li data-start=\"586\" data-end=\"617\">\n<p data-start=\"588\" data-end=\"617\"><strong data-start=\"588\" data-end=\"614\">sulygina odos atspalv\u012f<\/strong>,<\/p>\n<\/li>\n<li data-start=\"618\" data-end=\"646\">\n<p data-start=\"620\" data-end=\"646\">nesukuria kauk\u0117s efekto,<\/p>\n<\/li>\n<li data-start=\"647\" data-end=\"727\">\n<p data-start=\"649\" data-end=\"727\">puikiai tinka \u0161viesiam, gaiviam ir \u0161iek tiek \u0161vytin\u010diam kasdieniam \u012fvaizd\u017eiui.<\/p>\n<\/li>\n<\/ul>\n<p data-start=\"729\" data-end=\"1034\">Pudra suteikia <strong data-start=\"744\" data-end=\"772\">satini\u0161kai matin\u012f efekt\u0105<\/strong> \u2013 tai n\u0117ra sausas, stipriai matinis pavir\u0161ius, o \u0161velniai \u201eprifiltruota\u201c oda, atrodanti nat\u016braliai ir pri\u017ei\u016br\u0117tai. Formul\u0117 sukurta taip, kad suteikt\u0173 <strong data-start=\"923\" data-end=\"947\">\u201eantros odos\u201c poj\u016bt\u012f<\/strong> \u2013 ji glotnina paaki\u0173 zon\u0105, neakcentuoja saus\u0173 viet\u0173 ir nesub\u0117ga \u012f smulkias rauk\u0161leles.<\/p>\n<p data-start=\"1036\" data-end=\"1099\">Papildomai sud\u0117tis praturtinta <strong data-start=\"1067\" data-end=\"1096\">aktyviosiomis med\u017eiagomis<\/strong>:<\/p>\n<ul data-start=\"1100\" data-end=\"1311\">\n<li data-start=\"1100\" data-end=\"1197\">\n<p data-start=\"1102\" data-end=\"1197\"><strong data-start=\"1102\" data-end=\"1123\">hialurono r\u016bg\u0161tis<\/strong> \u2013 padeda palaikyti dr\u0117gm\u0117s balans\u0105, suteikia odai glotnumo ir komforto;<\/p>\n<\/li>\n<li data-start=\"1198\" data-end=\"1311\">\n<p data-start=\"1200\" data-end=\"1311\"><strong data-start=\"1200\" data-end=\"1216\">niacinamidas<\/strong> \u2013 gaivina, suteikia paaki\u0173 sri\u010diai skaistumo ir padeda vizualiai ma\u017einti nuovargio po\u017eymius.<\/p>\n<\/li>\n<\/ul>\n<p data-start=\"1313\" data-end=\"1437\">Net <strong data-start=\"1317\" data-end=\"1359\">92 % ingredient\u0173 yra nat\u016bralios kilm\u0117s<\/strong>, o <strong data-start=\"1363\" data-end=\"1384\">vegani\u0161ka formul\u0117<\/strong> tinka tiems, kurie vertina s\u0105moningesn\u012f pasirinkim\u0105.<\/p>\n<p data-start=\"1439\" data-end=\"1627\">Pudra ne tik gra\u017eiai atrodo, bet ir <strong data-start=\"1475\" data-end=\"1498\">pastebimai glotnina<\/strong> odos pavir\u0161i\u0173 \u2013 padeda suma\u017einti smulki\u0173 linij\u0173 ir rauk\u0161leli\u0173 matomum\u0105, tod\u0117l paaki\u0173 zona atrodo \u0161viesesn\u0117, lygesn\u0117 ir gaivesn\u0117.<\/p>\n<p data-start=\"1629\" data-end=\"1645\"><strong data-start=\"1629\" data-end=\"1643\">Privalumai<\/strong><\/p>\n<ul data-start=\"1646\" data-end=\"1979\">\n<li data-start=\"1646\" data-end=\"1694\">\n<p data-start=\"1648\" data-end=\"1694\">Lengvas, \u0161velnus maskavimas be kauk\u0117s efekto<\/p>\n<\/li>\n<li data-start=\"1695\" data-end=\"1736\">\n<p data-start=\"1697\" data-end=\"1736\">Satini\u0161kai matinis, nat\u016bralus fini\u0161as<\/p>\n<\/li>\n<li data-start=\"1737\" data-end=\"1791\">\n<p data-start=\"1739\" data-end=\"1791\">\u201eAntros odos\u201c poj\u016btis \u2013 glotnina od\u0105 tarsi filtras<\/p>\n<\/li>\n<li data-start=\"1792\" data-end=\"1844\">\n<p data-start=\"1794\" data-end=\"1844\">Padeda vizualiai ma\u017einti smulki\u0173 linij\u0173 matomum\u0105<\/p>\n<\/li>\n<li data-start=\"1845\" data-end=\"1921\">\n<p data-start=\"1847\" data-end=\"1921\">Su <strong data-start=\"1850\" data-end=\"1887\">hialurono r\u016bg\u0161timi ir niacinamidu<\/strong> paaki\u0173 dr\u0117kinimui ir skaistumui<\/p>\n<\/li>\n<li data-start=\"1922\" data-end=\"1979\">\n<p data-start=\"1924\" data-end=\"1979\">Vegani\u0161ka sud\u0117tis, 92 % nat\u016bralios kilm\u0117s ingredient\u0173<\/p>\n<\/li>\n<\/ul>\n<p data-start=\"1981\" data-end=\"1997\"><strong data-start=\"1981\" data-end=\"1995\">Naudojimas<\/strong><\/p>\n<ul data-start=\"1998\" data-end=\"2265\">\n<li data-start=\"1998\" data-end=\"2116\">\n<p data-start=\"2000\" data-end=\"2116\">Tepkite pudr\u0105 <strong data-start=\"2014\" data-end=\"2027\">po akimis<\/strong> teptuku arba kempin\u0117le, kad u\u017efiksuotum\u0117te maskuokl\u012f ir i\u0161laikytum\u0117te gaiv\u0173 rezultat\u0105.<\/p>\n<\/li>\n<li data-start=\"2117\" data-end=\"2265\">\n<p data-start=\"2119\" data-end=\"2265\">Esant poreikiui, galite naudoti ir kitose veido vietose \u2013 pavyzd\u017eiui, <strong data-start=\"2189\" data-end=\"2201\">T zonoje<\/strong> ar aplink nos\u012f, kad suteiktum\u0117te lengv\u0105, glotninant\u012f u\u017ebaigim\u0105.<\/p>\n<\/li>\n<\/ul>\n","protected":false},"excerpt":{"rendered":"<div class=\"flex flex-col text-sm pb-25\">\n<article class=\"text-token-text-primary w-full focus:outline-none [--shadow-height:45px] has-data-writing-block:pointer-events-none has-data-writing-block:-mt-(--shadow-height) has-data-writing-block:pt-(--shadow-height) [&amp;:has([data-writing-block])&gt;*]:pointer-events-auto scroll-mt-[calc(var(--header-height)+min(200px,max(70px,20svh)))]\" dir=\"auto\" tabindex=\"-1\" data-turn-id=\"ebd45a13-6052-4eb4-8831-17e4704a7b6c\" data-testid=\"conversation-turn-163\" data-scroll-anchor=\"true\" data-turn=\"assistant\">\n<div class=\"text-base my-auto mx-auto pb-10 [--thread-content-margin:--spacing(4)] @w-sm\/main:[--thread-content-margin:--spacing(6)] @w-lg\/main:[--thread-content-margin:--spacing(16)] px-(--thread-content-margin)\">\n<div class=\"[--thread-content-max-width:40rem] @w-lg\/main:[--thread-content-max-width:48rem] mx-auto max-w-(--thread-content-max-width) flex-1 group\/turn-messages focus-visible:outline-hidden relative flex w-full min-w-0 flex-col agent-turn\" tabindex=\"-1\">\n<div class=\"flex max-w-full flex-col grow\">\n<div class=\"min-h-8 text-message relative flex w-full flex-col items-end gap-2 text-start break-words whitespace-normal [.text-message+&amp;]:mt-1\" dir=\"auto\" data-message-author-role=\"assistant\" data-message-id=\"0175100a-0f1a-4600-89a5-33016b58d0df\" data-message-model-slug=\"gpt-5-1-thinking\">\n<div class=\"flex w-full flex-col gap-1 empty:hidden first:pt-[1px]\">\n<div class=\"markdown prose dark:prose-invert w-full break-words light markdown-new-styling\">\n<p data-start=\"2199\" data-end=\"2395\" data-is-last-node=\"\" data-is-only-node=\"\">PAESE PUFF CLOUD \u2013 lengva paaki\u0173 pudra su hialurono r\u016bg\u0161timi ir niacinamidu. Suteikia \u0161veln\u0173 maskavim\u0105, satini\u0161kai matin\u012f efekt\u0105, glotnina od\u0105 po akimis ir padeda i\u0161laikyti gaiv\u0173, \u0161vytint\u012f makia\u017e\u0105 vis\u0105 dien\u0105.<\/p>\n<\/div>\n<\/div>\n<\/div>\n<\/div>\n<\/div>\n<\/div>\n<\/article>\n<\/div>\n","protected":false},"featured_media":73035,"template":"","meta":[],"product_brand":[1534],"product_cat":[102,528,792],"product_tag":[1614],"class_list":{"0":"post-73031","1":"product","2":"type-product","3":"status-publish","4":"has-post-thumbnail","6":"product_brand-paese","7":"product_cat-dekoratyvine-kosmetika","8":"product_cat-modeliavimo-priemones","9":"product_cat-veido-pudros","10":"product_tag-paese","12":"first","13":"instock","14":"purchasable","15":"product-type-simple"},"yoast_head":"<!-- This site is optimized with the Yoast SEO plugin v27.4 - https:\/\/yoast.com\/product\/yoast-seo-wordpress\/ -->\n<title>PAESE PUFF CLOUD paaki\u0173 fiksuojamoji pudra, 4,5 g - MalinaShop.lt J\u016bs\u0173 sveikatai ir gro\u017eiui.<\/title>\n<meta name=\"description\" content=\"PAESE PUFF CLOUD paaki\u0173 pudra su hialurono r\u016bg\u0161timi ir niacinamidu. Lengvas maskavimas, satini\u0161kai matinis efektas, glotnesn\u0117 ir \u0161vytinti paaki\u0173 oda kasdien.\" \/>\n<meta name=\"robots\" content=\"index, follow, max-snippet:-1, max-image-preview:large, max-video-preview:-1\" \/>\n<link rel=\"canonical\" href=\"https:\/\/www.malinashop.lt\/en\/shop\/paese-puff-cloud-paakiu-fiksuojamoji-pudra-45-g\/\" \/>\n<meta property=\"og:locale\" content=\"en_GB\" \/>\n<meta property=\"og:type\" content=\"article\" \/>\n<meta property=\"og:title\" content=\"PAESE PUFF CLOUD paaki\u0173 fiksuojamoji pudra, 4,5 g - MalinaShop.lt J\u016bs\u0173 sveikatai ir gro\u017eiui.\" \/>\n<meta property=\"og:description\" content=\"PAESE PUFF CLOUD paaki\u0173 pudra su hialurono r\u016bg\u0161timi ir niacinamidu. Lengvas maskavimas, satini\u0161kai matinis efektas, glotnesn\u0117 ir \u0161vytinti paaki\u0173 oda kasdien.\" \/>\n<meta property=\"og:url\" content=\"https:\/\/www.malinashop.lt\/en\/shop\/paese-puff-cloud-paakiu-fiksuojamoji-pudra-45-g\/\" \/>\n<meta property=\"og:site_name\" content=\"MalinaShop.lt J\u016bs\u0173 sveikatai ir gro\u017eiui.\" \/>\n<meta property=\"article:modified_time\" content=\"2026-04-07T19:18:36+00:00\" \/>\n<meta property=\"og:image\" content=\"https:\/\/www.malinashop.lt\/wp-content\/uploads\/2026\/01\/PAESE-PUFF-CLOUD-paakiu-fiksuojamoji-pudra-45-g.webp\" \/>\n\t<meta property=\"og:image:width\" content=\"768\" \/>\n\t<meta property=\"og:image:height\" content=\"768\" \/>\n\t<meta property=\"og:image:type\" content=\"image\/webp\" \/>\n<meta name=\"twitter:card\" content=\"summary_large_image\" \/>\n<script type=\"application\/ld+json\" class=\"yoast-schema-graph\">{\"@context\":\"https:\\\/\\\/schema.org\",\"@graph\":[{\"@type\":\"WebPage\",\"@id\":\"https:\\\/\\\/www.malinashop.lt\\\/shop\\\/paese-puff-cloud-paakiu-fiksuojamoji-pudra-45-g\\\/\",\"url\":\"https:\\\/\\\/www.malinashop.lt\\\/shop\\\/paese-puff-cloud-paakiu-fiksuojamoji-pudra-45-g\\\/\",\"name\":\"PAESE PUFF CLOUD paaki\u0173 fiksuojamoji pudra, 4,5 g - MalinaShop.lt J\u016bs\u0173 sveikatai ir gro\u017eiui.\",\"isPartOf\":{\"@id\":\"https:\\\/\\\/www.malinashop.lt\\\/#website\"},\"primaryImageOfPage\":{\"@id\":\"https:\\\/\\\/www.malinashop.lt\\\/shop\\\/paese-puff-cloud-paakiu-fiksuojamoji-pudra-45-g\\\/#primaryimage\"},\"image\":{\"@id\":\"https:\\\/\\\/www.malinashop.lt\\\/shop\\\/paese-puff-cloud-paakiu-fiksuojamoji-pudra-45-g\\\/#primaryimage\"},\"thumbnailUrl\":\"https:\\\/\\\/www.malinashop.lt\\\/wp-content\\\/uploads\\\/2026\\\/01\\\/PAESE-PUFF-CLOUD-paakiu-fiksuojamoji-pudra-45-g.webp\",\"datePublished\":\"2026-01-06T21:18:22+00:00\",\"dateModified\":\"2026-04-07T19:18:36+00:00\",\"description\":\"PAESE PUFF CLOUD paaki\u0173 pudra su hialurono r\u016bg\u0161timi ir niacinamidu. Lengvas maskavimas, satini\u0161kai matinis efektas, glotnesn\u0117 ir \u0161vytinti paaki\u0173 oda kasdien.\",\"breadcrumb\":{\"@id\":\"https:\\\/\\\/www.malinashop.lt\\\/shop\\\/paese-puff-cloud-paakiu-fiksuojamoji-pudra-45-g\\\/#breadcrumb\"},\"inLanguage\":\"en-GB\",\"potentialAction\":[{\"@type\":\"ReadAction\",\"target\":[\"https:\\\/\\\/www.malinashop.lt\\\/shop\\\/paese-puff-cloud-paakiu-fiksuojamoji-pudra-45-g\\\/\"]}]},{\"@type\":\"ImageObject\",\"inLanguage\":\"en-GB\",\"@id\":\"https:\\\/\\\/www.malinashop.lt\\\/shop\\\/paese-puff-cloud-paakiu-fiksuojamoji-pudra-45-g\\\/#primaryimage\",\"url\":\"https:\\\/\\\/www.malinashop.lt\\\/wp-content\\\/uploads\\\/2026\\\/01\\\/PAESE-PUFF-CLOUD-paakiu-fiksuojamoji-pudra-45-g.webp\",\"contentUrl\":\"https:\\\/\\\/www.malinashop.lt\\\/wp-content\\\/uploads\\\/2026\\\/01\\\/PAESE-PUFF-CLOUD-paakiu-fiksuojamoji-pudra-45-g.webp\",\"width\":768,\"height\":768},{\"@type\":\"BreadcrumbList\",\"@id\":\"https:\\\/\\\/www.malinashop.lt\\\/shop\\\/paese-puff-cloud-paakiu-fiksuojamoji-pudra-45-g\\\/#breadcrumb\",\"itemListElement\":[{\"@type\":\"ListItem\",\"position\":1,\"name\":\"Pagrindinis\",\"item\":\"https:\\\/\\\/www.malinashop.lt\\\/\"},{\"@type\":\"ListItem\",\"position\":2,\"name\":\"Parduotuv\u0117\",\"item\":\"https:\\\/\\\/www.malinashop.lt\\\/en\\\/parduotuve\\\/\"},{\"@type\":\"ListItem\",\"position\":3,\"name\":\"PAESE PUFF CLOUD paaki\u0173 fiksuojamoji pudra, 4,5 g\"}]},{\"@type\":\"WebSite\",\"@id\":\"https:\\\/\\\/www.malinashop.lt\\\/#website\",\"url\":\"https:\\\/\\\/www.malinashop.lt\\\/\",\"name\":\"COM Group Ecommerce\",\"description\":\"MalinaShop.lt - Gro\u017eio ir sveikatos produktai i\u0161 patikim\u0173 preki\u0173 \u017eenkl\u0173. Atraskite auk\u0161tos kokyb\u0117s kosmetik\u0105 u\u017e puiki\u0105 kain\u0105.\",\"publisher\":{\"@id\":\"https:\\\/\\\/www.malinashop.lt\\\/#organization\"},\"potentialAction\":[{\"@type\":\"SearchAction\",\"target\":{\"@type\":\"EntryPoint\",\"urlTemplate\":\"https:\\\/\\\/www.malinashop.lt\\\/?s={search_term_string}\"},\"query-input\":{\"@type\":\"PropertyValueSpecification\",\"valueRequired\":true,\"valueName\":\"search_term_string\"}}],\"inLanguage\":\"en-GB\"},{\"@type\":\"Organization\",\"@id\":\"https:\\\/\\\/www.malinashop.lt\\\/#organization\",\"name\":\"COM Group Ecommerce\",\"url\":\"https:\\\/\\\/www.malinashop.lt\\\/\",\"logo\":{\"@type\":\"ImageObject\",\"inLanguage\":\"en-GB\",\"@id\":\"https:\\\/\\\/www.malinashop.lt\\\/#\\\/schema\\\/logo\\\/image\\\/\",\"url\":\"https:\\\/\\\/www.malinashop.lt\\\/wp-content\\\/uploads\\\/2024\\\/08\\\/462559670_3787732518133670_9795632669273463_n-e1731525914575.png\",\"contentUrl\":\"https:\\\/\\\/www.malinashop.lt\\\/wp-content\\\/uploads\\\/2024\\\/08\\\/462559670_3787732518133670_9795632669273463_n-e1731525914575.png\",\"width\":180,\"height\":60,\"caption\":\"COM Group Ecommerce\"},\"image\":{\"@id\":\"https:\\\/\\\/www.malinashop.lt\\\/#\\\/schema\\\/logo\\\/image\\\/\"}}]}<\/script>\n<!-- \/ Yoast SEO plugin. -->","yoast_head_json":{"title":"PAESE PUFF CLOUD paaki\u0173 fiksuojamoji pudra, 4,5 g - MalinaShop.lt J\u016bs\u0173 sveikatai ir gro\u017eiui.","description":"PAESE PUFF CLOUD paaki\u0173 pudra su hialurono r\u016bg\u0161timi ir niacinamidu. Lengvas maskavimas, satini\u0161kai matinis efektas, glotnesn\u0117 ir \u0161vytinti paaki\u0173 oda kasdien.","robots":{"index":"index","follow":"follow","max-snippet":"max-snippet:-1","max-image-preview":"max-image-preview:large","max-video-preview":"max-video-preview:-1"},"canonical":"https:\/\/www.malinashop.lt\/en\/shop\/paese-puff-cloud-paakiu-fiksuojamoji-pudra-45-g\/","og_locale":"en_GB","og_type":"article","og_title":"PAESE PUFF CLOUD paaki\u0173 fiksuojamoji pudra, 4,5 g - MalinaShop.lt J\u016bs\u0173 sveikatai ir gro\u017eiui.","og_description":"PAESE PUFF CLOUD paaki\u0173 pudra su hialurono r\u016bg\u0161timi ir niacinamidu. Lengvas maskavimas, satini\u0161kai matinis efektas, glotnesn\u0117 ir \u0161vytinti paaki\u0173 oda kasdien.","og_url":"https:\/\/www.malinashop.lt\/en\/shop\/paese-puff-cloud-paakiu-fiksuojamoji-pudra-45-g\/","og_site_name":"MalinaShop.lt J\u016bs\u0173 sveikatai ir gro\u017eiui.","article_modified_time":"2026-04-07T19:18:36+00:00","og_image":[{"width":768,"height":768,"url":"https:\/\/www.malinashop.lt\/wp-content\/uploads\/2026\/01\/PAESE-PUFF-CLOUD-paakiu-fiksuojamoji-pudra-45-g.webp","type":"image\/webp"}],"twitter_card":"summary_large_image","schema":{"@context":"https:\/\/schema.org","@graph":[{"@type":"WebPage","@id":"https:\/\/www.malinashop.lt\/shop\/paese-puff-cloud-paakiu-fiksuojamoji-pudra-45-g\/","url":"https:\/\/www.malinashop.lt\/shop\/paese-puff-cloud-paakiu-fiksuojamoji-pudra-45-g\/","name":"PAESE PUFF CLOUD paaki\u0173 fiksuojamoji pudra, 4,5 g - MalinaShop.lt J\u016bs\u0173 sveikatai ir gro\u017eiui.","isPartOf":{"@id":"https:\/\/www.malinashop.lt\/#website"},"primaryImageOfPage":{"@id":"https:\/\/www.malinashop.lt\/shop\/paese-puff-cloud-paakiu-fiksuojamoji-pudra-45-g\/#primaryimage"},"image":{"@id":"https:\/\/www.malinashop.lt\/shop\/paese-puff-cloud-paakiu-fiksuojamoji-pudra-45-g\/#primaryimage"},"thumbnailUrl":"https:\/\/www.malinashop.lt\/wp-content\/uploads\/2026\/01\/PAESE-PUFF-CLOUD-paakiu-fiksuojamoji-pudra-45-g.webp","datePublished":"2026-01-06T21:18:22+00:00","dateModified":"2026-04-07T19:18:36+00:00","description":"PAESE PUFF CLOUD paaki\u0173 pudra su hialurono r\u016bg\u0161timi ir niacinamidu. Lengvas maskavimas, satini\u0161kai matinis efektas, glotnesn\u0117 ir \u0161vytinti paaki\u0173 oda kasdien.","breadcrumb":{"@id":"https:\/\/www.malinashop.lt\/shop\/paese-puff-cloud-paakiu-fiksuojamoji-pudra-45-g\/#breadcrumb"},"inLanguage":"en-GB","potentialAction":[{"@type":"ReadAction","target":["https:\/\/www.malinashop.lt\/shop\/paese-puff-cloud-paakiu-fiksuojamoji-pudra-45-g\/"]}]},{"@type":"ImageObject","inLanguage":"en-GB","@id":"https:\/\/www.malinashop.lt\/shop\/paese-puff-cloud-paakiu-fiksuojamoji-pudra-45-g\/#primaryimage","url":"https:\/\/www.malinashop.lt\/wp-content\/uploads\/2026\/01\/PAESE-PUFF-CLOUD-paakiu-fiksuojamoji-pudra-45-g.webp","contentUrl":"https:\/\/www.malinashop.lt\/wp-content\/uploads\/2026\/01\/PAESE-PUFF-CLOUD-paakiu-fiksuojamoji-pudra-45-g.webp","width":768,"height":768},{"@type":"BreadcrumbList","@id":"https:\/\/www.malinashop.lt\/shop\/paese-puff-cloud-paakiu-fiksuojamoji-pudra-45-g\/#breadcrumb","itemListElement":[{"@type":"ListItem","position":1,"name":"Pagrindinis","item":"https:\/\/www.malinashop.lt\/"},{"@type":"ListItem","position":2,"name":"Parduotuv\u0117","item":"https:\/\/www.malinashop.lt\/en\/parduotuve\/"},{"@type":"ListItem","position":3,"name":"PAESE PUFF CLOUD paaki\u0173 fiksuojamoji pudra, 4,5 g"}]},{"@type":"WebSite","@id":"https:\/\/www.malinashop.lt\/#website","url":"https:\/\/www.malinashop.lt\/","name":"COM Group Ecommerce","description":"MalinaShop.lt - Gro\u017eio ir sveikatos produktai i\u0161 patikim\u0173 preki\u0173 \u017eenkl\u0173. Atraskite auk\u0161tos kokyb\u0117s kosmetik\u0105 u\u017e puiki\u0105 kain\u0105.","publisher":{"@id":"https:\/\/www.malinashop.lt\/#organization"},"potentialAction":[{"@type":"SearchAction","target":{"@type":"EntryPoint","urlTemplate":"https:\/\/www.malinashop.lt\/?s={search_term_string}"},"query-input":{"@type":"PropertyValueSpecification","valueRequired":true,"valueName":"search_term_string"}}],"inLanguage":"en-GB"},{"@type":"Organization","@id":"https:\/\/www.malinashop.lt\/#organization","name":"COM Group Ecommerce","url":"https:\/\/www.malinashop.lt\/","logo":{"@type":"ImageObject","inLanguage":"en-GB","@id":"https:\/\/www.malinashop.lt\/#\/schema\/logo\/image\/","url":"https:\/\/www.malinashop.lt\/wp-content\/uploads\/2024\/08\/462559670_3787732518133670_9795632669273463_n-e1731525914575.png","contentUrl":"https:\/\/www.malinashop.lt\/wp-content\/uploads\/2024\/08\/462559670_3787732518133670_9795632669273463_n-e1731525914575.png","width":180,"height":60,"caption":"COM Group Ecommerce"},"image":{"@id":"https:\/\/www.malinashop.lt\/#\/schema\/logo\/image\/"}}]}},"jetpack_sharing_enabled":true,"_links":{"self":[{"href":"https:\/\/www.malinashop.lt\/en\/wp-json\/wp\/v2\/product\/73031","targetHints":{"allow":["GET"]}}],"collection":[{"href":"https:\/\/www.malinashop.lt\/en\/wp-json\/wp\/v2\/product"}],"about":[{"href":"https:\/\/www.malinashop.lt\/en\/wp-json\/wp\/v2\/types\/product"}],"version-history":[{"count":1,"href":"https:\/\/www.malinashop.lt\/en\/wp-json\/wp\/v2\/product\/73031\/revisions"}],"predecessor-version":[{"id":73036,"href":"https:\/\/www.malinashop.lt\/en\/wp-json\/wp\/v2\/product\/73031\/revisions\/73036"}],"wp:featuredmedia":[{"embeddable":true,"href":"https:\/\/www.malinashop.lt\/en\/wp-json\/wp\/v2\/media\/73035"}],"wp:attachment":[{"href":"https:\/\/www.malinashop.lt\/en\/wp-json\/wp\/v2\/media?parent=73031"}],"wp:term":[{"taxonomy":"product_brand","embeddable":true,"href":"https:\/\/www.malinashop.lt\/en\/wp-json\/wp\/v2\/product_brand?post=73031"},{"taxonomy":"product_cat","embeddable":true,"href":"https:\/\/www.malinashop.lt\/en\/wp-json\/wp\/v2\/product_cat?post=73031"},{"taxonomy":"product_tag","embeddable":true,"href":"https:\/\/www.malinashop.lt\/en\/wp-json\/wp\/v2\/product_tag?post=73031"}],"curies":[{"name":"wp","href":"https:\/\/api.w.org\/{rel}","templated":true}]}}