{"id":73025,"date":"2026-01-07T00:15:20","date_gmt":"2026-01-06T21:15:20","guid":{"rendered":"https:\/\/malinashop.lt\/?post_type=product&#038;p=73025"},"modified":"2026-04-07T22:18:36","modified_gmt":"2026-04-07T19:18:36","slug":"paese-long-cover-svytejimo-suteikiantis-makiazo-pagrindas-1-5-beige-30-ml","status":"publish","type":"product","link":"https:\/\/www.malinashop.lt\/en\/shop\/paese-long-cover-svytejimo-suteikiantis-makiazo-pagrindas-1-5-beige-30-ml\/","title":{"rendered":"PAESE LONG COVER \u0161vyt\u0117jimo suteikiantis makia\u017eo pagrindas (1.5 Beige), 30 ml"},"content":{"rendered":"<p data-start=\"409\" data-end=\"775\">PAESE \u0161vyt\u0117jimo suteikiantis makia\u017eo pagrindas <strong data-start=\"479\" data-end=\"505\">LONG COVER (1.5 Beige)<\/strong> sukurtas toms, kurios nori nat\u016braliai skais\u010dios, pri\u017ei\u016br\u0117tos ir pails\u0117jusios odos efekto. Lengva, kremin\u0117 tekst\u016bra \u0161velniai priglunda prie veido, <strong data-start=\"652\" data-end=\"674\">sulygina odos ton\u0105<\/strong> ir suteikia <strong data-start=\"687\" data-end=\"733\">vidutin\u012f, lengvai sluoksniuojam\u0105 maskavim\u0105<\/strong>, i\u0161laikant nat\u016bral\u0173, nekauk\u0117t\u0105 rezultat\u0105.<\/p>\n<p data-start=\"777\" data-end=\"986\">Formul\u0117 praturtinta <strong data-start=\"797\" data-end=\"833\">\u0161vies\u0105 atspindin\u010diais pigmentais<\/strong>, tod\u0117l oda atrodo gaivesn\u0117, vizualiai glotnesn\u0117 ir \u0161vytinti. LONG COVER ne tik puo\u0161ia, bet ir r\u016bpinasi oda d\u0117l kruop\u0161\u010diai parinkt\u0173 veikli\u0173j\u0173 med\u017eiag\u0173:<\/p>\n<ul data-start=\"987\" data-end=\"1285\">\n<li data-start=\"987\" data-end=\"1063\">\n<p data-start=\"989\" data-end=\"1063\"><strong data-start=\"989\" data-end=\"1004\">vitaminas C<\/strong> \u2013 suteikia skaistumo, padeda kovoti su papilk\u0117jusia oda;<\/p>\n<\/li>\n<li data-start=\"1064\" data-end=\"1138\">\n<p data-start=\"1066\" data-end=\"1138\"><strong data-start=\"1066\" data-end=\"1079\">skvalanas<\/strong> \u2013 dr\u0117kina, mink\u0161tina ir stiprina odos apsaugin\u012f barjer\u0105;<\/p>\n<\/li>\n<li data-start=\"1139\" data-end=\"1201\">\n<p data-start=\"1141\" data-end=\"1201\"><strong data-start=\"1141\" data-end=\"1155\">pantenolis<\/strong> \u2013 ramina, ma\u017eina tempimo ir sausumo poj\u016bt\u012f;<\/p>\n<\/li>\n<li data-start=\"1202\" data-end=\"1285\">\n<p data-start=\"1204\" data-end=\"1285\"><strong data-start=\"1204\" data-end=\"1219\">vitaminas E<\/strong> \u2013 antioksidantas, saugantis od\u0105 nuo laisv\u0173j\u0173 radikal\u0173 poveikio.<\/p>\n<\/li>\n<\/ul>\n<p data-start=\"1287\" data-end=\"1497\">D\u0117l dr\u0117kinan\u010di\u0173 ir maitinam\u0173j\u0173 savybi\u0173 oda atrodo <strong data-start=\"1337\" data-end=\"1395\">sudr\u0117kinta, pails\u0117jusi ir sveikai spindinti vis\u0105 dien\u0105<\/strong>. Priemon\u0117 akimirksniu ir ilgam paslepia smulkius netobulumus, <strong data-start=\"1458\" data-end=\"1496\">nesausina odos ir nepalieka dry\u017ei\u0173<\/strong>.<\/p>\n<p data-start=\"1499\" data-end=\"1664\">Makia\u017eo pagrindas <strong data-start=\"1517\" data-end=\"1546\">tinka visiems odos tipams<\/strong>, \u012fskaitant ir jautri\u0105 od\u0105. Patogi, kompakti\u0161ka pakuot\u0117 leid\u017eia priemon\u0119 lengvai naudoti tiek namuose, tiek kelion\u0117je.<\/p>\n<p data-start=\"1666\" data-end=\"1848\">Atspalvis <strong data-start=\"1676\" data-end=\"1689\">1.5 Beige<\/strong> \u2013 \u0161viesiai\u2013vidutinis be\u017einis tonas, tinkantis toms, kuri\u0173 oda n\u0117ra visi\u0161kai \u0161viesi, bet vis dar i\u0161lieka \u0161velniai \u0161viesi su neutraliu ar lengvai \u0161iltu potoniu.<\/p>\n<p data-start=\"1850\" data-end=\"1879\"><strong data-start=\"1850\" data-end=\"1877\">Pagrindiniai privalumai<\/strong><\/p>\n<ul data-start=\"1880\" data-end=\"2298\">\n<li data-start=\"1880\" data-end=\"1921\">\n<p data-start=\"1882\" data-end=\"1921\">Vidutinis, sluoksniuojamas maskavimas<\/p>\n<\/li>\n<li data-start=\"1922\" data-end=\"1966\">\n<p data-start=\"1924\" data-end=\"1966\">Sveiko \u0161vyt\u0117jimo ir gaivios odos efektas<\/p>\n<\/li>\n<li data-start=\"1967\" data-end=\"2010\">\n<p data-start=\"1969\" data-end=\"2010\">Sulygina odos atspalv\u012f be kauk\u0117s efekto<\/p>\n<\/li>\n<li data-start=\"2011\" data-end=\"2068\">\n<p data-start=\"2013\" data-end=\"2068\">\u0160vies\u0105 atspindintys pigmentai jaunatvi\u0161kam spindesiui<\/p>\n<\/li>\n<li data-start=\"2069\" data-end=\"2130\">\n<p data-start=\"2071\" data-end=\"2130\">Sud\u0117tyje: vitaminas C, skvalanas, pantenolis, vitaminas E<\/p>\n<\/li>\n<li data-start=\"2131\" data-end=\"2188\">\n<p data-start=\"2133\" data-end=\"2188\">Nesausina, neakcentuoja smulki\u0173 linij\u0173 ir saus\u0173 viet\u0173<\/p>\n<\/li>\n<li data-start=\"2189\" data-end=\"2240\">\n<p data-start=\"2191\" data-end=\"2240\">Tinka visiems odos tipams, net ir jautriai odai<\/p>\n<\/li>\n<li data-start=\"2241\" data-end=\"2298\">\n<p data-start=\"2243\" data-end=\"2298\">Lengvai dengiamas, kompakti\u0161kas ir prakti\u0161kas kasdienai<\/p>\n<\/li>\n<\/ul>\n<p data-start=\"2300\" data-end=\"2316\"><strong data-start=\"2300\" data-end=\"2314\">Naudojimas<\/strong><\/p>\n<ul data-start=\"2317\" data-end=\"2644\">\n<li data-start=\"2317\" data-end=\"2402\">\n<p data-start=\"2319\" data-end=\"2402\">Tepkite ant \u0161varios, sudr\u0117kintos veido odos <strong data-start=\"2363\" data-end=\"2399\">pir\u0161tais, kempin\u0117le arba teptuku<\/strong>.<\/p>\n<\/li>\n<li data-start=\"2403\" data-end=\"2459\">\n<p data-start=\"2405\" data-end=\"2459\">Tolygiai paskirstykite nuo veido centro link i\u0161or\u0117s.<\/p>\n<\/li>\n<li data-start=\"2460\" data-end=\"2570\">\n<p data-start=\"2462\" data-end=\"2570\">Nor\u0117damos didesnio maskavimo, u\u017etepkite <strong data-start=\"2502\" data-end=\"2526\">antr\u0105 plon\u0105 sluoksn\u012f<\/strong> tik tose vietose, kur matomi netolygumai.<\/p>\n<\/li>\n<li data-start=\"2571\" data-end=\"2644\">\n<p data-start=\"2573\" data-end=\"2644\">Esant poreikiui, makia\u017e\u0105 galima u\u017efiksuoti biria arba kompaktine pudra.<\/p>\n<\/li>\n<\/ul>\n","protected":false},"excerpt":{"rendered":"<div class=\"flex flex-col text-sm pb-25\">\n<article class=\"text-token-text-primary w-full focus:outline-none [--shadow-height:45px] has-data-writing-block:pointer-events-none has-data-writing-block:-mt-(--shadow-height) has-data-writing-block:pt-(--shadow-height) [&amp;:has([data-writing-block])&gt;*]:pointer-events-auto scroll-mt-[calc(var(--header-height)+min(200px,max(70px,20svh)))]\" dir=\"auto\" tabindex=\"-1\" data-turn-id=\"ebd45a13-6052-4eb4-8831-17e4704a7b6c\" data-testid=\"conversation-turn-163\" data-scroll-anchor=\"true\" data-turn=\"assistant\">\n<div class=\"text-base my-auto mx-auto pb-10 [--thread-content-margin:--spacing(4)] @w-sm\/main:[--thread-content-margin:--spacing(6)] @w-lg\/main:[--thread-content-margin:--spacing(16)] px-(--thread-content-margin)\">\n<div class=\"[--thread-content-max-width:40rem] @w-lg\/main:[--thread-content-max-width:48rem] mx-auto max-w-(--thread-content-max-width) flex-1 group\/turn-messages focus-visible:outline-hidden relative flex w-full min-w-0 flex-col agent-turn\" tabindex=\"-1\">\n<div class=\"flex max-w-full flex-col grow\">\n<div class=\"min-h-8 text-message relative flex w-full flex-col items-end gap-2 text-start break-words whitespace-normal [.text-message+&amp;]:mt-1\" dir=\"auto\" data-message-author-role=\"assistant\" data-message-id=\"0175100a-0f1a-4600-89a5-33016b58d0df\" data-message-model-slug=\"gpt-5-1-thinking\">\n<div class=\"flex w-full flex-col gap-1 empty:hidden first:pt-[1px]\">\n<div class=\"markdown prose dark:prose-invert w-full break-words light markdown-new-styling\">\n<p data-start=\"2199\" data-end=\"2395\" data-is-last-node=\"\" data-is-only-node=\"\">PAESE LONG COVER (1.5 Beige) \u2013 spindesio suteikiantis, vidutinio maskavimo makia\u017eo pagrindas su \u0161vies\u0105 atspindin\u010diais pigmentais, vitaminu C, skvalanu, pantenoliu ir vitaminu E. Sulygina odos atspalv\u012f ir suteikia sveiko \u0161vyt\u0117jimo efekt\u0105 be kauk\u0117s \u012fsp\u016bd\u017eio.<\/p>\n<\/div>\n<\/div>\n<\/div>\n<\/div>\n<\/div>\n<\/div>\n<\/article>\n<\/div>\n","protected":false},"featured_media":73028,"template":"","meta":[],"product_brand":[1534],"product_cat":[102,530],"product_tag":[1614],"class_list":{"0":"post-73025","1":"product","2":"type-product","3":"status-publish","4":"has-post-thumbnail","6":"product_brand-paese","7":"product_cat-dekoratyvine-kosmetika","8":"product_cat-makiazo-pagrindas","9":"product_tag-paese","11":"first","12":"instock","13":"purchasable","14":"product-type-simple"},"yoast_head":"<!-- This site is optimized with the Yoast SEO plugin v27.4 - https:\/\/yoast.com\/product\/yoast-seo-wordpress\/ -->\n<title>PAESE LONG COVER \u0161vyt\u0117jimo suteikiantis makia\u017eo pagrindas (1.5 Beige), 30 ml - MalinaShop.lt J\u016bs\u0173 sveikatai ir gro\u017eiui.<\/title>\n<meta name=\"description\" content=\"PAESE LONG COVER (1.5 Beige) \u2013 spindesio makia\u017eo pagrindas su vidutiniu maskavimu, vitaminu C, skvalanu, pantenoliu ir vitaminu E, sveikai \u0161vytin\u010diai odai vis\u0105 dien\u0105.\" \/>\n<meta name=\"robots\" content=\"index, follow, max-snippet:-1, max-image-preview:large, max-video-preview:-1\" \/>\n<link rel=\"canonical\" href=\"https:\/\/www.malinashop.lt\/en\/shop\/paese-long-cover-svytejimo-suteikiantis-makiazo-pagrindas-1-5-beige-30-ml\/\" \/>\n<meta property=\"og:locale\" content=\"en_GB\" \/>\n<meta property=\"og:type\" content=\"article\" \/>\n<meta property=\"og:title\" content=\"PAESE LONG COVER \u0161vyt\u0117jimo suteikiantis makia\u017eo pagrindas (1.5 Beige), 30 ml - MalinaShop.lt J\u016bs\u0173 sveikatai ir gro\u017eiui.\" \/>\n<meta property=\"og:description\" content=\"PAESE LONG COVER (1.5 Beige) \u2013 spindesio makia\u017eo pagrindas su vidutiniu maskavimu, vitaminu C, skvalanu, pantenoliu ir vitaminu E, sveikai \u0161vytin\u010diai odai vis\u0105 dien\u0105.\" \/>\n<meta property=\"og:url\" content=\"https:\/\/www.malinashop.lt\/en\/shop\/paese-long-cover-svytejimo-suteikiantis-makiazo-pagrindas-1-5-beige-30-ml\/\" \/>\n<meta property=\"og:site_name\" content=\"MalinaShop.lt J\u016bs\u0173 sveikatai ir gro\u017eiui.\" \/>\n<meta property=\"article:modified_time\" content=\"2026-04-07T19:18:36+00:00\" \/>\n<meta property=\"og:image\" content=\"https:\/\/www.malinashop.lt\/wp-content\/uploads\/2026\/01\/PAESE-LONG-COVER-svytejimo-suteikiantis-makiazo-pagrindas-1.5-Beige-30-ml.webp\" \/>\n\t<meta property=\"og:image:width\" content=\"768\" \/>\n\t<meta property=\"og:image:height\" content=\"768\" \/>\n\t<meta property=\"og:image:type\" content=\"image\/webp\" \/>\n<meta name=\"twitter:card\" content=\"summary_large_image\" \/>\n<script type=\"application\/ld+json\" class=\"yoast-schema-graph\">{\"@context\":\"https:\\\/\\\/schema.org\",\"@graph\":[{\"@type\":\"WebPage\",\"@id\":\"https:\\\/\\\/www.malinashop.lt\\\/shop\\\/paese-long-cover-svytejimo-suteikiantis-makiazo-pagrindas-1-5-beige-30-ml\\\/\",\"url\":\"https:\\\/\\\/www.malinashop.lt\\\/shop\\\/paese-long-cover-svytejimo-suteikiantis-makiazo-pagrindas-1-5-beige-30-ml\\\/\",\"name\":\"PAESE LONG COVER \u0161vyt\u0117jimo suteikiantis makia\u017eo pagrindas (1.5 Beige), 30 ml - MalinaShop.lt J\u016bs\u0173 sveikatai ir gro\u017eiui.\",\"isPartOf\":{\"@id\":\"https:\\\/\\\/www.malinashop.lt\\\/#website\"},\"primaryImageOfPage\":{\"@id\":\"https:\\\/\\\/www.malinashop.lt\\\/shop\\\/paese-long-cover-svytejimo-suteikiantis-makiazo-pagrindas-1-5-beige-30-ml\\\/#primaryimage\"},\"image\":{\"@id\":\"https:\\\/\\\/www.malinashop.lt\\\/shop\\\/paese-long-cover-svytejimo-suteikiantis-makiazo-pagrindas-1-5-beige-30-ml\\\/#primaryimage\"},\"thumbnailUrl\":\"https:\\\/\\\/www.malinashop.lt\\\/wp-content\\\/uploads\\\/2026\\\/01\\\/PAESE-LONG-COVER-svytejimo-suteikiantis-makiazo-pagrindas-1.5-Beige-30-ml.webp\",\"datePublished\":\"2026-01-06T21:15:20+00:00\",\"dateModified\":\"2026-04-07T19:18:36+00:00\",\"description\":\"PAESE LONG COVER (1.5 Beige) \u2013 spindesio makia\u017eo pagrindas su vidutiniu maskavimu, vitaminu C, skvalanu, pantenoliu ir vitaminu E, sveikai \u0161vytin\u010diai odai vis\u0105 dien\u0105.\",\"breadcrumb\":{\"@id\":\"https:\\\/\\\/www.malinashop.lt\\\/shop\\\/paese-long-cover-svytejimo-suteikiantis-makiazo-pagrindas-1-5-beige-30-ml\\\/#breadcrumb\"},\"inLanguage\":\"en-GB\",\"potentialAction\":[{\"@type\":\"ReadAction\",\"target\":[\"https:\\\/\\\/www.malinashop.lt\\\/shop\\\/paese-long-cover-svytejimo-suteikiantis-makiazo-pagrindas-1-5-beige-30-ml\\\/\"]}]},{\"@type\":\"ImageObject\",\"inLanguage\":\"en-GB\",\"@id\":\"https:\\\/\\\/www.malinashop.lt\\\/shop\\\/paese-long-cover-svytejimo-suteikiantis-makiazo-pagrindas-1-5-beige-30-ml\\\/#primaryimage\",\"url\":\"https:\\\/\\\/www.malinashop.lt\\\/wp-content\\\/uploads\\\/2026\\\/01\\\/PAESE-LONG-COVER-svytejimo-suteikiantis-makiazo-pagrindas-1.5-Beige-30-ml.webp\",\"contentUrl\":\"https:\\\/\\\/www.malinashop.lt\\\/wp-content\\\/uploads\\\/2026\\\/01\\\/PAESE-LONG-COVER-svytejimo-suteikiantis-makiazo-pagrindas-1.5-Beige-30-ml.webp\",\"width\":768,\"height\":768},{\"@type\":\"BreadcrumbList\",\"@id\":\"https:\\\/\\\/www.malinashop.lt\\\/shop\\\/paese-long-cover-svytejimo-suteikiantis-makiazo-pagrindas-1-5-beige-30-ml\\\/#breadcrumb\",\"itemListElement\":[{\"@type\":\"ListItem\",\"position\":1,\"name\":\"Pagrindinis\",\"item\":\"https:\\\/\\\/www.malinashop.lt\\\/\"},{\"@type\":\"ListItem\",\"position\":2,\"name\":\"Parduotuv\u0117\",\"item\":\"https:\\\/\\\/www.malinashop.lt\\\/en\\\/parduotuve\\\/\"},{\"@type\":\"ListItem\",\"position\":3,\"name\":\"PAESE LONG COVER \u0161vyt\u0117jimo suteikiantis makia\u017eo pagrindas (1.5 Beige), 30 ml\"}]},{\"@type\":\"WebSite\",\"@id\":\"https:\\\/\\\/www.malinashop.lt\\\/#website\",\"url\":\"https:\\\/\\\/www.malinashop.lt\\\/\",\"name\":\"COM Group Ecommerce\",\"description\":\"MalinaShop.lt - Gro\u017eio ir sveikatos produktai i\u0161 patikim\u0173 preki\u0173 \u017eenkl\u0173. Atraskite auk\u0161tos kokyb\u0117s kosmetik\u0105 u\u017e puiki\u0105 kain\u0105.\",\"publisher\":{\"@id\":\"https:\\\/\\\/www.malinashop.lt\\\/#organization\"},\"potentialAction\":[{\"@type\":\"SearchAction\",\"target\":{\"@type\":\"EntryPoint\",\"urlTemplate\":\"https:\\\/\\\/www.malinashop.lt\\\/?s={search_term_string}\"},\"query-input\":{\"@type\":\"PropertyValueSpecification\",\"valueRequired\":true,\"valueName\":\"search_term_string\"}}],\"inLanguage\":\"en-GB\"},{\"@type\":\"Organization\",\"@id\":\"https:\\\/\\\/www.malinashop.lt\\\/#organization\",\"name\":\"COM Group Ecommerce\",\"url\":\"https:\\\/\\\/www.malinashop.lt\\\/\",\"logo\":{\"@type\":\"ImageObject\",\"inLanguage\":\"en-GB\",\"@id\":\"https:\\\/\\\/www.malinashop.lt\\\/#\\\/schema\\\/logo\\\/image\\\/\",\"url\":\"https:\\\/\\\/www.malinashop.lt\\\/wp-content\\\/uploads\\\/2024\\\/08\\\/462559670_3787732518133670_9795632669273463_n-e1731525914575.png\",\"contentUrl\":\"https:\\\/\\\/www.malinashop.lt\\\/wp-content\\\/uploads\\\/2024\\\/08\\\/462559670_3787732518133670_9795632669273463_n-e1731525914575.png\",\"width\":180,\"height\":60,\"caption\":\"COM Group Ecommerce\"},\"image\":{\"@id\":\"https:\\\/\\\/www.malinashop.lt\\\/#\\\/schema\\\/logo\\\/image\\\/\"}}]}<\/script>\n<!-- \/ Yoast SEO plugin. -->","yoast_head_json":{"title":"PAESE LONG COVER \u0161vyt\u0117jimo suteikiantis makia\u017eo pagrindas (1.5 Beige), 30 ml - MalinaShop.lt J\u016bs\u0173 sveikatai ir gro\u017eiui.","description":"PAESE LONG COVER (1.5 Beige) \u2013 spindesio makia\u017eo pagrindas su vidutiniu maskavimu, vitaminu C, skvalanu, pantenoliu ir vitaminu E, sveikai \u0161vytin\u010diai odai vis\u0105 dien\u0105.","robots":{"index":"index","follow":"follow","max-snippet":"max-snippet:-1","max-image-preview":"max-image-preview:large","max-video-preview":"max-video-preview:-1"},"canonical":"https:\/\/www.malinashop.lt\/en\/shop\/paese-long-cover-svytejimo-suteikiantis-makiazo-pagrindas-1-5-beige-30-ml\/","og_locale":"en_GB","og_type":"article","og_title":"PAESE LONG COVER \u0161vyt\u0117jimo suteikiantis makia\u017eo pagrindas (1.5 Beige), 30 ml - MalinaShop.lt J\u016bs\u0173 sveikatai ir gro\u017eiui.","og_description":"PAESE LONG COVER (1.5 Beige) \u2013 spindesio makia\u017eo pagrindas su vidutiniu maskavimu, vitaminu C, skvalanu, pantenoliu ir vitaminu E, sveikai \u0161vytin\u010diai odai vis\u0105 dien\u0105.","og_url":"https:\/\/www.malinashop.lt\/en\/shop\/paese-long-cover-svytejimo-suteikiantis-makiazo-pagrindas-1-5-beige-30-ml\/","og_site_name":"MalinaShop.lt J\u016bs\u0173 sveikatai ir gro\u017eiui.","article_modified_time":"2026-04-07T19:18:36+00:00","og_image":[{"width":768,"height":768,"url":"https:\/\/www.malinashop.lt\/wp-content\/uploads\/2026\/01\/PAESE-LONG-COVER-svytejimo-suteikiantis-makiazo-pagrindas-1.5-Beige-30-ml.webp","type":"image\/webp"}],"twitter_card":"summary_large_image","schema":{"@context":"https:\/\/schema.org","@graph":[{"@type":"WebPage","@id":"https:\/\/www.malinashop.lt\/shop\/paese-long-cover-svytejimo-suteikiantis-makiazo-pagrindas-1-5-beige-30-ml\/","url":"https:\/\/www.malinashop.lt\/shop\/paese-long-cover-svytejimo-suteikiantis-makiazo-pagrindas-1-5-beige-30-ml\/","name":"PAESE LONG COVER \u0161vyt\u0117jimo suteikiantis makia\u017eo pagrindas (1.5 Beige), 30 ml - MalinaShop.lt J\u016bs\u0173 sveikatai ir gro\u017eiui.","isPartOf":{"@id":"https:\/\/www.malinashop.lt\/#website"},"primaryImageOfPage":{"@id":"https:\/\/www.malinashop.lt\/shop\/paese-long-cover-svytejimo-suteikiantis-makiazo-pagrindas-1-5-beige-30-ml\/#primaryimage"},"image":{"@id":"https:\/\/www.malinashop.lt\/shop\/paese-long-cover-svytejimo-suteikiantis-makiazo-pagrindas-1-5-beige-30-ml\/#primaryimage"},"thumbnailUrl":"https:\/\/www.malinashop.lt\/wp-content\/uploads\/2026\/01\/PAESE-LONG-COVER-svytejimo-suteikiantis-makiazo-pagrindas-1.5-Beige-30-ml.webp","datePublished":"2026-01-06T21:15:20+00:00","dateModified":"2026-04-07T19:18:36+00:00","description":"PAESE LONG COVER (1.5 Beige) \u2013 spindesio makia\u017eo pagrindas su vidutiniu maskavimu, vitaminu C, skvalanu, pantenoliu ir vitaminu E, sveikai \u0161vytin\u010diai odai vis\u0105 dien\u0105.","breadcrumb":{"@id":"https:\/\/www.malinashop.lt\/shop\/paese-long-cover-svytejimo-suteikiantis-makiazo-pagrindas-1-5-beige-30-ml\/#breadcrumb"},"inLanguage":"en-GB","potentialAction":[{"@type":"ReadAction","target":["https:\/\/www.malinashop.lt\/shop\/paese-long-cover-svytejimo-suteikiantis-makiazo-pagrindas-1-5-beige-30-ml\/"]}]},{"@type":"ImageObject","inLanguage":"en-GB","@id":"https:\/\/www.malinashop.lt\/shop\/paese-long-cover-svytejimo-suteikiantis-makiazo-pagrindas-1-5-beige-30-ml\/#primaryimage","url":"https:\/\/www.malinashop.lt\/wp-content\/uploads\/2026\/01\/PAESE-LONG-COVER-svytejimo-suteikiantis-makiazo-pagrindas-1.5-Beige-30-ml.webp","contentUrl":"https:\/\/www.malinashop.lt\/wp-content\/uploads\/2026\/01\/PAESE-LONG-COVER-svytejimo-suteikiantis-makiazo-pagrindas-1.5-Beige-30-ml.webp","width":768,"height":768},{"@type":"BreadcrumbList","@id":"https:\/\/www.malinashop.lt\/shop\/paese-long-cover-svytejimo-suteikiantis-makiazo-pagrindas-1-5-beige-30-ml\/#breadcrumb","itemListElement":[{"@type":"ListItem","position":1,"name":"Pagrindinis","item":"https:\/\/www.malinashop.lt\/"},{"@type":"ListItem","position":2,"name":"Parduotuv\u0117","item":"https:\/\/www.malinashop.lt\/en\/parduotuve\/"},{"@type":"ListItem","position":3,"name":"PAESE LONG COVER \u0161vyt\u0117jimo suteikiantis makia\u017eo pagrindas (1.5 Beige), 30 ml"}]},{"@type":"WebSite","@id":"https:\/\/www.malinashop.lt\/#website","url":"https:\/\/www.malinashop.lt\/","name":"COM Group Ecommerce","description":"MalinaShop.lt - Gro\u017eio ir sveikatos produktai i\u0161 patikim\u0173 preki\u0173 \u017eenkl\u0173. Atraskite auk\u0161tos kokyb\u0117s kosmetik\u0105 u\u017e puiki\u0105 kain\u0105.","publisher":{"@id":"https:\/\/www.malinashop.lt\/#organization"},"potentialAction":[{"@type":"SearchAction","target":{"@type":"EntryPoint","urlTemplate":"https:\/\/www.malinashop.lt\/?s={search_term_string}"},"query-input":{"@type":"PropertyValueSpecification","valueRequired":true,"valueName":"search_term_string"}}],"inLanguage":"en-GB"},{"@type":"Organization","@id":"https:\/\/www.malinashop.lt\/#organization","name":"COM Group Ecommerce","url":"https:\/\/www.malinashop.lt\/","logo":{"@type":"ImageObject","inLanguage":"en-GB","@id":"https:\/\/www.malinashop.lt\/#\/schema\/logo\/image\/","url":"https:\/\/www.malinashop.lt\/wp-content\/uploads\/2024\/08\/462559670_3787732518133670_9795632669273463_n-e1731525914575.png","contentUrl":"https:\/\/www.malinashop.lt\/wp-content\/uploads\/2024\/08\/462559670_3787732518133670_9795632669273463_n-e1731525914575.png","width":180,"height":60,"caption":"COM Group Ecommerce"},"image":{"@id":"https:\/\/www.malinashop.lt\/#\/schema\/logo\/image\/"}}]}},"jetpack_sharing_enabled":true,"_links":{"self":[{"href":"https:\/\/www.malinashop.lt\/en\/wp-json\/wp\/v2\/product\/73025","targetHints":{"allow":["GET"]}}],"collection":[{"href":"https:\/\/www.malinashop.lt\/en\/wp-json\/wp\/v2\/product"}],"about":[{"href":"https:\/\/www.malinashop.lt\/en\/wp-json\/wp\/v2\/types\/product"}],"version-history":[{"count":1,"href":"https:\/\/www.malinashop.lt\/en\/wp-json\/wp\/v2\/product\/73025\/revisions"}],"predecessor-version":[{"id":73029,"href":"https:\/\/www.malinashop.lt\/en\/wp-json\/wp\/v2\/product\/73025\/revisions\/73029"}],"wp:featuredmedia":[{"embeddable":true,"href":"https:\/\/www.malinashop.lt\/en\/wp-json\/wp\/v2\/media\/73028"}],"wp:attachment":[{"href":"https:\/\/www.malinashop.lt\/en\/wp-json\/wp\/v2\/media?parent=73025"}],"wp:term":[{"taxonomy":"product_brand","embeddable":true,"href":"https:\/\/www.malinashop.lt\/en\/wp-json\/wp\/v2\/product_brand?post=73025"},{"taxonomy":"product_cat","embeddable":true,"href":"https:\/\/www.malinashop.lt\/en\/wp-json\/wp\/v2\/product_cat?post=73025"},{"taxonomy":"product_tag","embeddable":true,"href":"https:\/\/www.malinashop.lt\/en\/wp-json\/wp\/v2\/product_tag?post=73025"}],"curies":[{"name":"wp","href":"https:\/\/api.w.org\/{rel}","templated":true}]}}