{"id":73017,"date":"2026-01-07T00:11:13","date_gmt":"2026-01-06T21:11:13","guid":{"rendered":"https:\/\/malinashop.lt\/?post_type=product&#038;p=73017"},"modified":"2026-04-07T22:18:36","modified_gmt":"2026-04-07T19:18:36","slug":"paese-long-cover-spindesio-makiazo-pagrindas-1-0-light-beige-30-ml","status":"publish","type":"product","link":"https:\/\/www.malinashop.lt\/en\/shop\/paese-long-cover-spindesio-makiazo-pagrindas-1-0-light-beige-30-ml\/","title":{"rendered":"PAESE LONG COVER spindesio makia\u017eo pagrindas (1.0 Light Beige), 30 ml"},"content":{"rendered":"<p data-start=\"408\" data-end=\"793\">PAESE \u0161vyt\u0117jimo suteikiantis makia\u017eo pagrindas <strong data-start=\"478\" data-end=\"510\">LONG COVER (1.0 Light Beige)<\/strong> sukurtas toms, kurios nori nat\u016braliai skais\u010dios, pails\u0117jusios ir sveikai spindin\u010dios odos efekto. Lengva, kremin\u0117 tekst\u016bra tolygiai pasiskirsto ant odos, <strong data-start=\"665\" data-end=\"686\">sulygina atspalv\u012f<\/strong> ir suteikia <strong data-start=\"699\" data-end=\"745\">vidutin\u012f, lengvai sluoksniuojam\u0105 maskavim\u0105<\/strong>, i\u0161laikant nat\u016bral\u0173 rezultat\u0105 be kauk\u0117s efekto.<\/p>\n<p data-start=\"795\" data-end=\"1023\">Formul\u0117 praturtinta <strong data-start=\"815\" data-end=\"851\">\u0161vies\u0105 atspindin\u010diais pigmentais<\/strong>, tod\u0117l oda atrodo gyvybingesn\u0117, lygesn\u0117 ir vizualiai glotnesn\u0117. Makia\u017eo pagrindas vienu metu ir puo\u0161ia, ir pri\u017ei\u016bri od\u0105, nes sud\u0117tyje yra stipriai veikian\u010di\u0173 komponent\u0173:<\/p>\n<ul data-start=\"1024\" data-end=\"1310\">\n<li data-start=\"1024\" data-end=\"1094\">\n<p data-start=\"1026\" data-end=\"1094\"><strong data-start=\"1026\" data-end=\"1041\">vitaminas C<\/strong> \u2013 suteikia odai skaistumo, padeda ma\u017einti pilkum\u0105;<\/p>\n<\/li>\n<li data-start=\"1095\" data-end=\"1159\">\n<p data-start=\"1097\" data-end=\"1159\"><strong data-start=\"1097\" data-end=\"1110\">skvalanas<\/strong> \u2013 dr\u0117kina, mink\u0161tina ir stiprina odos barjer\u0105;<\/p>\n<\/li>\n<li data-start=\"1160\" data-end=\"1222\">\n<p data-start=\"1162\" data-end=\"1222\"><strong data-start=\"1162\" data-end=\"1176\">pantenolis<\/strong> \u2013 ramina, ma\u017eina tempimo ir sausumo poj\u016bt\u012f;<\/p>\n<\/li>\n<li data-start=\"1223\" data-end=\"1310\">\n<p data-start=\"1225\" data-end=\"1310\"><strong data-start=\"1225\" data-end=\"1240\">vitaminas E<\/strong> \u2013 veikia kaip antioksidantas, saugo nuo laisv\u0173j\u0173 radikal\u0173 poveikio.<\/p>\n<\/li>\n<\/ul>\n<p data-start=\"1312\" data-end=\"1531\">D\u0117l dr\u0117kinan\u010di\u0173 ir maitinam\u0173j\u0173 savybi\u0173 oda atrodo <strong data-start=\"1362\" data-end=\"1420\">sudr\u0117kinta, pails\u0117jusi ir sveikai spindinti vis\u0105 dien\u0105<\/strong>. LONG COVER akimirksniu ir ilgam paslepia smulkius netobulumus, <strong data-start=\"1485\" data-end=\"1530\">nesausindamas odos ir nepalikdamas dry\u017ei\u0173<\/strong>.<\/p>\n<p data-start=\"1533\" data-end=\"1733\">Priemon\u0117 <strong data-start=\"1542\" data-end=\"1571\">tinka visiems odos tipams<\/strong>, \u012fskaitant ir jautri\u0105 od\u0105, tod\u0117l tai saugus ir patogus pasirinkimas kasdieniam makia\u017eui. Patogi, kompakti\u0161ka pakuot\u0117 leid\u017eia produkt\u0105 lengvai pasiimti su savimi.<\/p>\n<p data-start=\"1735\" data-end=\"1866\">Atspalvis <strong data-start=\"1745\" data-end=\"1764\">1.0 Light Beige<\/strong> \u2013 \u0161viesus, puikiai tinkantis \u0161viesiai\u2013\u0161viesiai vidutinei odai su neutraliu ar \u0161velniai \u0161iltu potoniu.<\/p>\n<p data-start=\"1868\" data-end=\"1897\"><strong data-start=\"1868\" data-end=\"1895\">Pagrindiniai privalumai<\/strong><\/p>\n<ul data-start=\"1898\" data-end=\"2275\">\n<li data-start=\"1898\" data-end=\"1939\">\n<p data-start=\"1900\" data-end=\"1939\">Vidutinis, sluoksniuojamas maskavimas<\/p>\n<\/li>\n<li data-start=\"1940\" data-end=\"1984\">\n<p data-start=\"1942\" data-end=\"1984\">Sveiko \u0161vyt\u0117jimo ir gaivios odos efektas<\/p>\n<\/li>\n<li data-start=\"1985\" data-end=\"2030\">\n<p data-start=\"1987\" data-end=\"2030\">Sulygina odos atspalv\u012f be kauk\u0117s \u012fsp\u016bd\u017eio<\/p>\n<\/li>\n<li data-start=\"2031\" data-end=\"2070\">\n<p data-start=\"2033\" data-end=\"2070\">Su \u0161vies\u0105 atspindin\u010diais pigmentais<\/p>\n<\/li>\n<li data-start=\"2071\" data-end=\"2132\">\n<p data-start=\"2073\" data-end=\"2132\">Sud\u0117tyje: vitaminas C, skvalanas, pantenolis, vitaminas E<\/p>\n<\/li>\n<li data-start=\"2133\" data-end=\"2190\">\n<p data-start=\"2135\" data-end=\"2190\">Nesausina, neakcentuoja saus\u0173 viet\u0173 ir smulki\u0173 linij\u0173<\/p>\n<\/li>\n<li data-start=\"2191\" data-end=\"2229\">\n<p data-start=\"2193\" data-end=\"2229\">Tinka vis\u0173 tip\u0173, net jautriai odai<\/p>\n<\/li>\n<li data-start=\"2230\" data-end=\"2275\">\n<p data-start=\"2232\" data-end=\"2275\">Lengvai dengiamas, patogi pakuot\u0117 kasdienai<\/p>\n<\/li>\n<\/ul>\n<p data-start=\"2277\" data-end=\"2293\"><strong data-start=\"2277\" data-end=\"2291\">Naudojimas<\/strong><\/p>\n<ul data-start=\"2294\" data-end=\"2628\">\n<li data-start=\"2294\" data-end=\"2373\">\n<p data-start=\"2296\" data-end=\"2373\">Tepkite ant \u0161varios, sudr\u0117kintos odos <strong data-start=\"2334\" data-end=\"2370\">pir\u0161tais, kempin\u0117le arba teptuku<\/strong>.<\/p>\n<\/li>\n<li data-start=\"2374\" data-end=\"2466\">\n<p data-start=\"2376\" data-end=\"2466\">Paskirstykite nuo veido centro link i\u0161or\u0117s, kad i\u0161gautum\u0117te nat\u016braliai tolyg\u0173 rezultat\u0105.<\/p>\n<\/li>\n<li data-start=\"2467\" data-end=\"2569\">\n<p data-start=\"2469\" data-end=\"2569\">Jei reikia didesnio maskavimo, u\u017etepkite <strong data-start=\"2510\" data-end=\"2534\">antr\u0105 plon\u0105 sluoksn\u012f<\/strong> tik ten, kur matomi netolygumai.<\/p>\n<\/li>\n<li data-start=\"2570\" data-end=\"2628\">\n<p data-start=\"2572\" data-end=\"2628\">Esant poreikiui, u\u017efiksuokite biria ar kompaktine pudra.<\/p>\n<\/li>\n<\/ul>\n","protected":false},"excerpt":{"rendered":"<div class=\"flex flex-col text-sm pb-25\">\n<article class=\"text-token-text-primary w-full focus:outline-none [--shadow-height:45px] has-data-writing-block:pointer-events-none has-data-writing-block:-mt-(--shadow-height) has-data-writing-block:pt-(--shadow-height) [&amp;:has([data-writing-block])&gt;*]:pointer-events-auto scroll-mt-[calc(var(--header-height)+min(200px,max(70px,20svh)))]\" dir=\"auto\" tabindex=\"-1\" data-turn-id=\"ebd45a13-6052-4eb4-8831-17e4704a7b6c\" data-testid=\"conversation-turn-163\" data-scroll-anchor=\"true\" data-turn=\"assistant\">\n<div class=\"text-base my-auto mx-auto pb-10 [--thread-content-margin:--spacing(4)] @w-sm\/main:[--thread-content-margin:--spacing(6)] @w-lg\/main:[--thread-content-margin:--spacing(16)] px-(--thread-content-margin)\">\n<div class=\"[--thread-content-max-width:40rem] @w-lg\/main:[--thread-content-max-width:48rem] mx-auto max-w-(--thread-content-max-width) flex-1 group\/turn-messages focus-visible:outline-hidden relative flex w-full min-w-0 flex-col agent-turn\" tabindex=\"-1\">\n<div class=\"flex max-w-full flex-col grow\">\n<div class=\"min-h-8 text-message relative flex w-full flex-col items-end gap-2 text-start break-words whitespace-normal [.text-message+&amp;]:mt-1\" dir=\"auto\" data-message-author-role=\"assistant\" data-message-id=\"0175100a-0f1a-4600-89a5-33016b58d0df\" data-message-model-slug=\"gpt-5-1-thinking\">\n<div class=\"flex w-full flex-col gap-1 empty:hidden first:pt-[1px]\">\n<div class=\"markdown prose dark:prose-invert w-full break-words light markdown-new-styling\">\n<p data-start=\"2199\" data-end=\"2395\" data-is-last-node=\"\" data-is-only-node=\"\">PAESE LONG COVER (1.0 Light Beige) \u2013 spindesio suteikiantis, vidutinio maskavimo makia\u017eo pagrindas su \u0161vies\u0105 atspindin\u010diais pigmentais, vitaminu C, skvalanu, pantenoliu ir vitaminu E. Sulygina odos atspalv\u012f ir suteikia sveiko \u0161vyt\u0117jimo efekt\u0105 be kauk\u0117s \u012fsp\u016bd\u017eio.<\/p>\n<\/div>\n<\/div>\n<\/div>\n<\/div>\n<\/div>\n<\/div>\n<\/article>\n<\/div>\n","protected":false},"featured_media":73023,"template":"","meta":[],"product_brand":[1534],"product_cat":[102,530],"product_tag":[1614],"class_list":{"0":"post-73017","1":"product","2":"type-product","3":"status-publish","4":"has-post-thumbnail","6":"product_brand-paese","7":"product_cat-dekoratyvine-kosmetika","8":"product_cat-makiazo-pagrindas","9":"product_tag-paese","11":"first","12":"instock","13":"purchasable","14":"product-type-simple"},"yoast_head":"<!-- This site is optimized with the Yoast SEO plugin v27.4 - https:\/\/yoast.com\/product\/yoast-seo-wordpress\/ -->\n<title>PAESE LONG COVER spindesio makia\u017eo pagrindas (1.0 Light Beige), 30 ml - MalinaShop.lt J\u016bs\u0173 sveikatai ir gro\u017eiui.<\/title>\n<meta name=\"description\" content=\"PAESE LONG COVER (1.0 Light Beige) \u2013 spindesio makia\u017eo pagrindas su vidutiniu maskavimu, vitaminu C, skvalanu, pantenoliu ir vitaminu E, sveikai \u0161vytin\u010diai odai.\" \/>\n<meta name=\"robots\" content=\"index, follow, max-snippet:-1, max-image-preview:large, max-video-preview:-1\" \/>\n<link rel=\"canonical\" href=\"https:\/\/www.malinashop.lt\/en\/shop\/paese-long-cover-spindesio-makiazo-pagrindas-1-0-light-beige-30-ml\/\" \/>\n<meta property=\"og:locale\" content=\"en_GB\" \/>\n<meta property=\"og:type\" content=\"article\" \/>\n<meta property=\"og:title\" content=\"PAESE LONG COVER spindesio makia\u017eo pagrindas (1.0 Light Beige), 30 ml - MalinaShop.lt J\u016bs\u0173 sveikatai ir gro\u017eiui.\" \/>\n<meta property=\"og:description\" content=\"PAESE LONG COVER (1.0 Light Beige) \u2013 spindesio makia\u017eo pagrindas su vidutiniu maskavimu, vitaminu C, skvalanu, pantenoliu ir vitaminu E, sveikai \u0161vytin\u010diai odai.\" \/>\n<meta property=\"og:url\" content=\"https:\/\/www.malinashop.lt\/en\/shop\/paese-long-cover-spindesio-makiazo-pagrindas-1-0-light-beige-30-ml\/\" \/>\n<meta property=\"og:site_name\" content=\"MalinaShop.lt J\u016bs\u0173 sveikatai ir gro\u017eiui.\" \/>\n<meta property=\"article:modified_time\" content=\"2026-04-07T19:18:36+00:00\" \/>\n<meta property=\"og:image\" content=\"https:\/\/www.malinashop.lt\/wp-content\/uploads\/2026\/01\/PAESE-LONG-COVER-svytejimo-makiazo-pagrindas-0.5-Ivory-30-ml-1.webp\" \/>\n\t<meta property=\"og:image:width\" content=\"768\" \/>\n\t<meta property=\"og:image:height\" content=\"768\" \/>\n\t<meta property=\"og:image:type\" content=\"image\/webp\" \/>\n<meta name=\"twitter:card\" content=\"summary_large_image\" \/>\n<script type=\"application\/ld+json\" class=\"yoast-schema-graph\">{\"@context\":\"https:\\\/\\\/schema.org\",\"@graph\":[{\"@type\":\"WebPage\",\"@id\":\"https:\\\/\\\/www.malinashop.lt\\\/lt_lt\\\/shop\\\/paese-long-cover-spindesio-makiazo-pagrindas-1-0-light-beige-30-ml\\\/\",\"url\":\"https:\\\/\\\/www.malinashop.lt\\\/lt_lt\\\/shop\\\/paese-long-cover-spindesio-makiazo-pagrindas-1-0-light-beige-30-ml\\\/\",\"name\":\"PAESE LONG COVER spindesio makia\u017eo pagrindas (1.0 Light Beige), 30 ml - MalinaShop.lt J\u016bs\u0173 sveikatai ir gro\u017eiui.\",\"isPartOf\":{\"@id\":\"https:\\\/\\\/www.malinashop.lt\\\/#website\"},\"primaryImageOfPage\":{\"@id\":\"https:\\\/\\\/www.malinashop.lt\\\/lt_lt\\\/shop\\\/paese-long-cover-spindesio-makiazo-pagrindas-1-0-light-beige-30-ml\\\/#primaryimage\"},\"image\":{\"@id\":\"https:\\\/\\\/www.malinashop.lt\\\/lt_lt\\\/shop\\\/paese-long-cover-spindesio-makiazo-pagrindas-1-0-light-beige-30-ml\\\/#primaryimage\"},\"thumbnailUrl\":\"https:\\\/\\\/www.malinashop.lt\\\/wp-content\\\/uploads\\\/2026\\\/01\\\/PAESE-LONG-COVER-svytejimo-makiazo-pagrindas-0.5-Ivory-30-ml-1.webp\",\"datePublished\":\"2026-01-06T21:11:13+00:00\",\"dateModified\":\"2026-04-07T19:18:36+00:00\",\"description\":\"PAESE LONG COVER (1.0 Light Beige) \u2013 spindesio makia\u017eo pagrindas su vidutiniu maskavimu, vitaminu C, skvalanu, pantenoliu ir vitaminu E, sveikai \u0161vytin\u010diai odai.\",\"breadcrumb\":{\"@id\":\"https:\\\/\\\/www.malinashop.lt\\\/lt_lt\\\/shop\\\/paese-long-cover-spindesio-makiazo-pagrindas-1-0-light-beige-30-ml\\\/#breadcrumb\"},\"inLanguage\":\"en-GB\",\"potentialAction\":[{\"@type\":\"ReadAction\",\"target\":[\"https:\\\/\\\/www.malinashop.lt\\\/lt_lt\\\/shop\\\/paese-long-cover-spindesio-makiazo-pagrindas-1-0-light-beige-30-ml\\\/\"]}]},{\"@type\":\"ImageObject\",\"inLanguage\":\"en-GB\",\"@id\":\"https:\\\/\\\/www.malinashop.lt\\\/lt_lt\\\/shop\\\/paese-long-cover-spindesio-makiazo-pagrindas-1-0-light-beige-30-ml\\\/#primaryimage\",\"url\":\"https:\\\/\\\/www.malinashop.lt\\\/wp-content\\\/uploads\\\/2026\\\/01\\\/PAESE-LONG-COVER-svytejimo-makiazo-pagrindas-0.5-Ivory-30-ml-1.webp\",\"contentUrl\":\"https:\\\/\\\/www.malinashop.lt\\\/wp-content\\\/uploads\\\/2026\\\/01\\\/PAESE-LONG-COVER-svytejimo-makiazo-pagrindas-0.5-Ivory-30-ml-1.webp\",\"width\":768,\"height\":768},{\"@type\":\"BreadcrumbList\",\"@id\":\"https:\\\/\\\/www.malinashop.lt\\\/lt_lt\\\/shop\\\/paese-long-cover-spindesio-makiazo-pagrindas-1-0-light-beige-30-ml\\\/#breadcrumb\",\"itemListElement\":[{\"@type\":\"ListItem\",\"position\":1,\"name\":\"Pagrindinis\",\"item\":\"https:\\\/\\\/www.malinashop.lt\\\/\"},{\"@type\":\"ListItem\",\"position\":2,\"name\":\"Parduotuv\u0117\",\"item\":\"https:\\\/\\\/www.malinashop.lt\\\/en\\\/parduotuve\\\/\"},{\"@type\":\"ListItem\",\"position\":3,\"name\":\"PAESE LONG COVER spindesio makia\u017eo pagrindas (1.0 Light Beige), 30 ml\"}]},{\"@type\":\"WebSite\",\"@id\":\"https:\\\/\\\/www.malinashop.lt\\\/#website\",\"url\":\"https:\\\/\\\/www.malinashop.lt\\\/\",\"name\":\"COM Group Ecommerce\",\"description\":\"MalinaShop.lt - Gro\u017eio ir sveikatos produktai i\u0161 patikim\u0173 preki\u0173 \u017eenkl\u0173. Atraskite auk\u0161tos kokyb\u0117s kosmetik\u0105 u\u017e puiki\u0105 kain\u0105.\",\"publisher\":{\"@id\":\"https:\\\/\\\/www.malinashop.lt\\\/#organization\"},\"potentialAction\":[{\"@type\":\"SearchAction\",\"target\":{\"@type\":\"EntryPoint\",\"urlTemplate\":\"https:\\\/\\\/www.malinashop.lt\\\/?s={search_term_string}\"},\"query-input\":{\"@type\":\"PropertyValueSpecification\",\"valueRequired\":true,\"valueName\":\"search_term_string\"}}],\"inLanguage\":\"en-GB\"},{\"@type\":\"Organization\",\"@id\":\"https:\\\/\\\/www.malinashop.lt\\\/#organization\",\"name\":\"COM Group Ecommerce\",\"url\":\"https:\\\/\\\/www.malinashop.lt\\\/\",\"logo\":{\"@type\":\"ImageObject\",\"inLanguage\":\"en-GB\",\"@id\":\"https:\\\/\\\/www.malinashop.lt\\\/#\\\/schema\\\/logo\\\/image\\\/\",\"url\":\"https:\\\/\\\/www.malinashop.lt\\\/wp-content\\\/uploads\\\/2024\\\/08\\\/462559670_3787732518133670_9795632669273463_n-e1731525914575.png\",\"contentUrl\":\"https:\\\/\\\/www.malinashop.lt\\\/wp-content\\\/uploads\\\/2024\\\/08\\\/462559670_3787732518133670_9795632669273463_n-e1731525914575.png\",\"width\":180,\"height\":60,\"caption\":\"COM Group Ecommerce\"},\"image\":{\"@id\":\"https:\\\/\\\/www.malinashop.lt\\\/#\\\/schema\\\/logo\\\/image\\\/\"}}]}<\/script>\n<!-- \/ Yoast SEO plugin. -->","yoast_head_json":{"title":"PAESE LONG COVER spindesio makia\u017eo pagrindas (1.0 Light Beige), 30 ml - MalinaShop.lt J\u016bs\u0173 sveikatai ir gro\u017eiui.","description":"PAESE LONG COVER (1.0 Light Beige) \u2013 spindesio makia\u017eo pagrindas su vidutiniu maskavimu, vitaminu C, skvalanu, pantenoliu ir vitaminu E, sveikai \u0161vytin\u010diai odai.","robots":{"index":"index","follow":"follow","max-snippet":"max-snippet:-1","max-image-preview":"max-image-preview:large","max-video-preview":"max-video-preview:-1"},"canonical":"https:\/\/www.malinashop.lt\/en\/shop\/paese-long-cover-spindesio-makiazo-pagrindas-1-0-light-beige-30-ml\/","og_locale":"en_GB","og_type":"article","og_title":"PAESE LONG COVER spindesio makia\u017eo pagrindas (1.0 Light Beige), 30 ml - MalinaShop.lt J\u016bs\u0173 sveikatai ir gro\u017eiui.","og_description":"PAESE LONG COVER (1.0 Light Beige) \u2013 spindesio makia\u017eo pagrindas su vidutiniu maskavimu, vitaminu C, skvalanu, pantenoliu ir vitaminu E, sveikai \u0161vytin\u010diai odai.","og_url":"https:\/\/www.malinashop.lt\/en\/shop\/paese-long-cover-spindesio-makiazo-pagrindas-1-0-light-beige-30-ml\/","og_site_name":"MalinaShop.lt J\u016bs\u0173 sveikatai ir gro\u017eiui.","article_modified_time":"2026-04-07T19:18:36+00:00","og_image":[{"width":768,"height":768,"url":"https:\/\/www.malinashop.lt\/wp-content\/uploads\/2026\/01\/PAESE-LONG-COVER-svytejimo-makiazo-pagrindas-0.5-Ivory-30-ml-1.webp","type":"image\/webp"}],"twitter_card":"summary_large_image","schema":{"@context":"https:\/\/schema.org","@graph":[{"@type":"WebPage","@id":"https:\/\/www.malinashop.lt\/lt_lt\/shop\/paese-long-cover-spindesio-makiazo-pagrindas-1-0-light-beige-30-ml\/","url":"https:\/\/www.malinashop.lt\/lt_lt\/shop\/paese-long-cover-spindesio-makiazo-pagrindas-1-0-light-beige-30-ml\/","name":"PAESE LONG COVER spindesio makia\u017eo pagrindas (1.0 Light Beige), 30 ml - MalinaShop.lt J\u016bs\u0173 sveikatai ir gro\u017eiui.","isPartOf":{"@id":"https:\/\/www.malinashop.lt\/#website"},"primaryImageOfPage":{"@id":"https:\/\/www.malinashop.lt\/lt_lt\/shop\/paese-long-cover-spindesio-makiazo-pagrindas-1-0-light-beige-30-ml\/#primaryimage"},"image":{"@id":"https:\/\/www.malinashop.lt\/lt_lt\/shop\/paese-long-cover-spindesio-makiazo-pagrindas-1-0-light-beige-30-ml\/#primaryimage"},"thumbnailUrl":"https:\/\/www.malinashop.lt\/wp-content\/uploads\/2026\/01\/PAESE-LONG-COVER-svytejimo-makiazo-pagrindas-0.5-Ivory-30-ml-1.webp","datePublished":"2026-01-06T21:11:13+00:00","dateModified":"2026-04-07T19:18:36+00:00","description":"PAESE LONG COVER (1.0 Light Beige) \u2013 spindesio makia\u017eo pagrindas su vidutiniu maskavimu, vitaminu C, skvalanu, pantenoliu ir vitaminu E, sveikai \u0161vytin\u010diai odai.","breadcrumb":{"@id":"https:\/\/www.malinashop.lt\/lt_lt\/shop\/paese-long-cover-spindesio-makiazo-pagrindas-1-0-light-beige-30-ml\/#breadcrumb"},"inLanguage":"en-GB","potentialAction":[{"@type":"ReadAction","target":["https:\/\/www.malinashop.lt\/lt_lt\/shop\/paese-long-cover-spindesio-makiazo-pagrindas-1-0-light-beige-30-ml\/"]}]},{"@type":"ImageObject","inLanguage":"en-GB","@id":"https:\/\/www.malinashop.lt\/lt_lt\/shop\/paese-long-cover-spindesio-makiazo-pagrindas-1-0-light-beige-30-ml\/#primaryimage","url":"https:\/\/www.malinashop.lt\/wp-content\/uploads\/2026\/01\/PAESE-LONG-COVER-svytejimo-makiazo-pagrindas-0.5-Ivory-30-ml-1.webp","contentUrl":"https:\/\/www.malinashop.lt\/wp-content\/uploads\/2026\/01\/PAESE-LONG-COVER-svytejimo-makiazo-pagrindas-0.5-Ivory-30-ml-1.webp","width":768,"height":768},{"@type":"BreadcrumbList","@id":"https:\/\/www.malinashop.lt\/lt_lt\/shop\/paese-long-cover-spindesio-makiazo-pagrindas-1-0-light-beige-30-ml\/#breadcrumb","itemListElement":[{"@type":"ListItem","position":1,"name":"Pagrindinis","item":"https:\/\/www.malinashop.lt\/"},{"@type":"ListItem","position":2,"name":"Parduotuv\u0117","item":"https:\/\/www.malinashop.lt\/en\/parduotuve\/"},{"@type":"ListItem","position":3,"name":"PAESE LONG COVER spindesio makia\u017eo pagrindas (1.0 Light Beige), 30 ml"}]},{"@type":"WebSite","@id":"https:\/\/www.malinashop.lt\/#website","url":"https:\/\/www.malinashop.lt\/","name":"COM Group Ecommerce","description":"MalinaShop.lt - Gro\u017eio ir sveikatos produktai i\u0161 patikim\u0173 preki\u0173 \u017eenkl\u0173. Atraskite auk\u0161tos kokyb\u0117s kosmetik\u0105 u\u017e puiki\u0105 kain\u0105.","publisher":{"@id":"https:\/\/www.malinashop.lt\/#organization"},"potentialAction":[{"@type":"SearchAction","target":{"@type":"EntryPoint","urlTemplate":"https:\/\/www.malinashop.lt\/?s={search_term_string}"},"query-input":{"@type":"PropertyValueSpecification","valueRequired":true,"valueName":"search_term_string"}}],"inLanguage":"en-GB"},{"@type":"Organization","@id":"https:\/\/www.malinashop.lt\/#organization","name":"COM Group Ecommerce","url":"https:\/\/www.malinashop.lt\/","logo":{"@type":"ImageObject","inLanguage":"en-GB","@id":"https:\/\/www.malinashop.lt\/#\/schema\/logo\/image\/","url":"https:\/\/www.malinashop.lt\/wp-content\/uploads\/2024\/08\/462559670_3787732518133670_9795632669273463_n-e1731525914575.png","contentUrl":"https:\/\/www.malinashop.lt\/wp-content\/uploads\/2024\/08\/462559670_3787732518133670_9795632669273463_n-e1731525914575.png","width":180,"height":60,"caption":"COM Group Ecommerce"},"image":{"@id":"https:\/\/www.malinashop.lt\/#\/schema\/logo\/image\/"}}]}},"jetpack_sharing_enabled":true,"_links":{"self":[{"href":"https:\/\/www.malinashop.lt\/en\/wp-json\/wp\/v2\/product\/73017","targetHints":{"allow":["GET"]}}],"collection":[{"href":"https:\/\/www.malinashop.lt\/en\/wp-json\/wp\/v2\/product"}],"about":[{"href":"https:\/\/www.malinashop.lt\/en\/wp-json\/wp\/v2\/types\/product"}],"version-history":[{"count":4,"href":"https:\/\/www.malinashop.lt\/en\/wp-json\/wp\/v2\/product\/73017\/revisions"}],"predecessor-version":[{"id":73024,"href":"https:\/\/www.malinashop.lt\/en\/wp-json\/wp\/v2\/product\/73017\/revisions\/73024"}],"wp:featuredmedia":[{"embeddable":true,"href":"https:\/\/www.malinashop.lt\/en\/wp-json\/wp\/v2\/media\/73023"}],"wp:attachment":[{"href":"https:\/\/www.malinashop.lt\/en\/wp-json\/wp\/v2\/media?parent=73017"}],"wp:term":[{"taxonomy":"product_brand","embeddable":true,"href":"https:\/\/www.malinashop.lt\/en\/wp-json\/wp\/v2\/product_brand?post=73017"},{"taxonomy":"product_cat","embeddable":true,"href":"https:\/\/www.malinashop.lt\/en\/wp-json\/wp\/v2\/product_cat?post=73017"},{"taxonomy":"product_tag","embeddable":true,"href":"https:\/\/www.malinashop.lt\/en\/wp-json\/wp\/v2\/product_tag?post=73017"}],"curies":[{"name":"wp","href":"https:\/\/api.w.org\/{rel}","templated":true}]}}