{"id":72986,"date":"2026-01-06T23:56:53","date_gmt":"2026-01-06T20:56:53","guid":{"rendered":"https:\/\/malinashop.lt\/?post_type=product&#038;p=72986"},"modified":"2026-04-07T22:18:38","modified_gmt":"2026-04-07T19:18:38","slug":"paese-puff-cloud-makiazo-pagrindas-01-light-beige-37-ml","status":"publish","type":"product","link":"https:\/\/www.malinashop.lt\/en\/shop\/paese-puff-cloud-makiazo-pagrindas-01-light-beige-37-ml\/","title":{"rendered":"PAESE PUFF CLOUD makia\u017eo pagrindas (01 Light Beige), 37 ml"},"content":{"rendered":"<div class=\"cs__product-section container\">\n<p data-start=\"371\" data-end=\"661\">PAESE kremin\u0117 pudra <strong data-start=\"414\" data-end=\"445\">PUFF CLOUD (01 Light Beige)<\/strong> veidui suteikia komforto poj\u016bt\u012f visai dienai \u2013 jos tekst\u016bra tarsi <strong data-start=\"512\" data-end=\"525\">antra oda<\/strong>, lengvai priglunda ir nesijau\u010dia sunkiai. \u0160is makia\u017eo pagrindas sukurtas taip, kad makia\u017eas atrodyt\u0173 tvarkingas, bet i\u0161likt\u0173 nat\u016bralus.<\/p>\n<p data-start=\"663\" data-end=\"983\"><strong data-start=\"663\" data-end=\"686\">Fiksuojanti formul\u0117<\/strong> u\u017etikrina <strong data-start=\"697\" data-end=\"719\">vidutin\u012f maskavim\u0105<\/strong>, kur\u012f galima lengvai sluoksniuoti, kai norisi kiek stipresnio dengimo. Net ir sluoksniuojant, oda neatrodo apkrauta \u2013 n\u0117ra kauk\u0117s efekto. Satininis fini\u0161as suteikia <strong data-start=\"885\" data-end=\"934\">nat\u016braliai glotnios, \u0161velniai \u0161vytin\u010dios odos<\/strong> \u012fsp\u016bd\u012f, nepabr\u0117\u017eia smulki\u0173 linij\u0173 ar rauk\u0161leli\u0173.<\/p>\n<p data-start=\"985\" data-end=\"1096\">Formul\u0117je esantys <strong data-start=\"1003\" data-end=\"1046\">lotoso \u017eied\u0173 ekstraktas ir niacinamidas<\/strong> ne tik pagra\u017eina, bet ir padeda pri\u017ei\u016br\u0117ti od\u0105:<\/p>\n<ul data-start=\"1097\" data-end=\"1285\">\n<li data-start=\"1097\" data-end=\"1167\">\n<p data-start=\"1099\" data-end=\"1167\">lotoso \u017eied\u0173 ekstraktas suteikia gaivumo, \u0161vyt\u0117jimo ir ramina od\u0105;<\/p>\n<\/li>\n<li data-start=\"1168\" data-end=\"1285\">\n<p data-start=\"1170\" data-end=\"1285\">niacinamidas padeda <strong data-start=\"1190\" data-end=\"1217\">sulyginti odos atspalv\u012f<\/strong>, gerina bendr\u0105 odos i\u0161vaizd\u0105, palaiko skais\u010di\u0105 ir pri\u017ei\u016br\u0117t\u0105 od\u0105.<\/p>\n<\/li>\n<\/ul>\n<p data-start=\"1287\" data-end=\"1436\">Papildomai \u012ftrauktas <strong data-start=\"1308\" data-end=\"1318\">SPF 20<\/strong> filtras, u\u017etikrinantis <strong data-start=\"1342\" data-end=\"1373\">kasdien\u0119 apsaug\u0105 nuo saul\u0117s<\/strong>, tod\u0117l \u0161is pagrindas puikiai tinka kasdieniam miesto makia\u017eui.<\/p>\n<p data-start=\"1438\" data-end=\"1553\">Atspalvis <strong data-start=\"1448\" data-end=\"1466\">01 Light Beige<\/strong> \u2013 \u0161viesus, tinkantis \u0161viesiai odai, da\u017eniausiai su neutraliu ar lengvai \u0161iltu potoniu.<\/p>\n<p data-start=\"1555\" data-end=\"1584\"><strong data-start=\"1555\" data-end=\"1582\">Pagrindiniai privalumai<\/strong><\/p>\n<ul data-start=\"1585\" data-end=\"1935\">\n<li data-start=\"1585\" data-end=\"1636\">\n<p data-start=\"1587\" data-end=\"1636\">\u0160ilkin\u0117, komforti\u0161ka tekst\u016bra \u2013 tarsi antra oda<\/p>\n<\/li>\n<li data-start=\"1637\" data-end=\"1695\">\n<p data-start=\"1639\" data-end=\"1695\">Vidutinis, sluoksniuojamas maskavimas be kauk\u0117s efekto<\/p>\n<\/li>\n<li data-start=\"1696\" data-end=\"1739\">\n<p data-start=\"1698\" data-end=\"1739\">Satininis, nat\u016braliai \u0161vytintis fini\u0161as<\/p>\n<\/li>\n<li data-start=\"1740\" data-end=\"1784\">\n<p data-start=\"1742\" data-end=\"1784\">Nepabr\u0117\u017eia smulki\u0173 linij\u0173 ir saus\u0173 viet\u0173<\/p>\n<\/li>\n<li data-start=\"1785\" data-end=\"1839\">\n<p data-start=\"1787\" data-end=\"1839\">Praturtintas lotoso \u017eied\u0173 ekstraktu ir niacinamidu<\/p>\n<\/li>\n<li data-start=\"1840\" data-end=\"1888\">\n<p data-start=\"1842\" data-end=\"1888\">SPF 20 \u2013 kasdienei apsaugai nuo UV spinduli\u0173<\/p>\n<\/li>\n<li data-start=\"1889\" data-end=\"1935\">\n<p data-start=\"1891\" data-end=\"1935\">Idealiai tinka <strong data-start=\"1906\" data-end=\"1935\">normaliai ir mi\u0161riai odai<\/strong><\/p>\n<\/li>\n<\/ul>\n<p data-start=\"1937\" data-end=\"1953\"><strong data-start=\"1937\" data-end=\"1951\">Naudojimas<\/strong><\/p>\n<ul data-start=\"1954\" data-end=\"2215\">\n<li data-start=\"1954\" data-end=\"2028\">\n<p data-start=\"1956\" data-end=\"2028\">Tepkite ant paruo\u0161tos veido odos <strong data-start=\"1989\" data-end=\"2025\">kempin\u0117le, teptuku arba pir\u0161tais<\/strong>.<\/p>\n<\/li>\n<li data-start=\"2029\" data-end=\"2131\">\n<p data-start=\"2031\" data-end=\"2131\">Norint didesnio maskavimo, u\u017etepkite <strong data-start=\"2068\" data-end=\"2092\">antr\u0105 plon\u0105 sluoksn\u012f<\/strong> tik ten, kur reikia daugiau dengimo.<\/p>\n<\/li>\n<li data-start=\"2132\" data-end=\"2215\">\n<p data-start=\"2134\" data-end=\"2215\">Galite u\u017efiksuoti biria ar kompaktine pudra, jei norite dar ilgesnio i\u0161silaikymo.<\/p>\n<\/li>\n<\/ul>\n<\/div>\n","protected":false},"excerpt":{"rendered":"<p data-start=\"1191\" data-end=\"1410\">PAESE PUFF CLOUD 01 Light Beige \u2013 lengvas, \u0161ilkin\u0117s tekst\u016bros kreminis makia\u017eo pagrindas su vidutiniu, sluoksniuojamu maskavimu. Suteikia satinin\u012f fini\u0161\u0105, tolyg\u0173 odos atspalv\u012f, praturtintas lotoso \u017eied\u0173 ekstraktu, niacinamidu ir SPF 20.<\/p>\n","protected":false},"featured_media":72990,"template":"","meta":[],"product_brand":[1534],"product_cat":[102,792],"product_tag":[1614],"class_list":{"0":"post-72986","1":"product","2":"type-product","3":"status-publish","4":"has-post-thumbnail","6":"product_brand-paese","7":"product_cat-dekoratyvine-kosmetika","8":"product_cat-veido-pudros","9":"product_tag-paese","11":"first","12":"instock","13":"purchasable","14":"product-type-simple"},"yoast_head":"<!-- This site is optimized with the Yoast SEO plugin v27.4 - https:\/\/yoast.com\/product\/yoast-seo-wordpress\/ -->\n<title>PAESE PUFF CLOUD makia\u017eo pagrindas (01 Light Beige), 37 ml - MalinaShop.lt J\u016bs\u0173 sveikatai ir gro\u017eiui.<\/title>\n<meta name=\"description\" content=\"PAESE PUFF CLOUD 01 Light Beige \u2013 \u0161ilkinis, vidutinio maskavimo makia\u017eo pagrindas su satiniu fini\u0161u, lotoso ekstraktu, niacinamidu ir SPF 20, normaliai ir mi\u0161riai odai.\" \/>\n<meta name=\"robots\" content=\"index, follow, max-snippet:-1, max-image-preview:large, max-video-preview:-1\" \/>\n<link rel=\"canonical\" href=\"https:\/\/www.malinashop.lt\/en\/shop\/paese-puff-cloud-makiazo-pagrindas-01-light-beige-37-ml\/\" \/>\n<meta property=\"og:locale\" content=\"en_GB\" \/>\n<meta property=\"og:type\" content=\"article\" \/>\n<meta property=\"og:title\" content=\"PAESE PUFF CLOUD makia\u017eo pagrindas (01 Light Beige), 37 ml - MalinaShop.lt J\u016bs\u0173 sveikatai ir gro\u017eiui.\" \/>\n<meta property=\"og:description\" content=\"PAESE PUFF CLOUD 01 Light Beige \u2013 \u0161ilkinis, vidutinio maskavimo makia\u017eo pagrindas su satiniu fini\u0161u, lotoso ekstraktu, niacinamidu ir SPF 20, normaliai ir mi\u0161riai odai.\" \/>\n<meta property=\"og:url\" content=\"https:\/\/www.malinashop.lt\/en\/shop\/paese-puff-cloud-makiazo-pagrindas-01-light-beige-37-ml\/\" \/>\n<meta property=\"og:site_name\" content=\"MalinaShop.lt J\u016bs\u0173 sveikatai ir gro\u017eiui.\" \/>\n<meta property=\"article:modified_time\" content=\"2026-04-07T19:18:38+00:00\" \/>\n<meta property=\"og:image\" content=\"https:\/\/www.malinashop.lt\/wp-content\/uploads\/2026\/01\/PAESE-PUFF-CLOUD-makiazo-pagrindas-01-Light-Beige-37-ml.webp\" \/>\n\t<meta property=\"og:image:width\" content=\"768\" \/>\n\t<meta property=\"og:image:height\" content=\"768\" \/>\n\t<meta property=\"og:image:type\" content=\"image\/webp\" \/>\n<meta name=\"twitter:card\" content=\"summary_large_image\" \/>\n<script type=\"application\/ld+json\" class=\"yoast-schema-graph\">{\"@context\":\"https:\\\/\\\/schema.org\",\"@graph\":[{\"@type\":\"WebPage\",\"@id\":\"https:\\\/\\\/www.malinashop.lt\\\/en\\\/shop\\\/paese-puff-cloud-makiazo-pagrindas-01-light-beige-37-ml\\\/\",\"url\":\"https:\\\/\\\/www.malinashop.lt\\\/en\\\/shop\\\/paese-puff-cloud-makiazo-pagrindas-01-light-beige-37-ml\\\/\",\"name\":\"PAESE PUFF CLOUD makia\u017eo pagrindas (01 Light Beige), 37 ml - MalinaShop.lt J\u016bs\u0173 sveikatai ir gro\u017eiui.\",\"isPartOf\":{\"@id\":\"https:\\\/\\\/www.malinashop.lt\\\/#website\"},\"primaryImageOfPage\":{\"@id\":\"https:\\\/\\\/www.malinashop.lt\\\/en\\\/shop\\\/paese-puff-cloud-makiazo-pagrindas-01-light-beige-37-ml\\\/#primaryimage\"},\"image\":{\"@id\":\"https:\\\/\\\/www.malinashop.lt\\\/en\\\/shop\\\/paese-puff-cloud-makiazo-pagrindas-01-light-beige-37-ml\\\/#primaryimage\"},\"thumbnailUrl\":\"https:\\\/\\\/www.malinashop.lt\\\/wp-content\\\/uploads\\\/2026\\\/01\\\/PAESE-PUFF-CLOUD-makiazo-pagrindas-01-Light-Beige-37-ml.webp\",\"datePublished\":\"2026-01-06T20:56:53+00:00\",\"dateModified\":\"2026-04-07T19:18:38+00:00\",\"description\":\"PAESE PUFF CLOUD 01 Light Beige \u2013 \u0161ilkinis, vidutinio maskavimo makia\u017eo pagrindas su satiniu fini\u0161u, lotoso ekstraktu, niacinamidu ir SPF 20, normaliai ir mi\u0161riai odai.\",\"breadcrumb\":{\"@id\":\"https:\\\/\\\/www.malinashop.lt\\\/en\\\/shop\\\/paese-puff-cloud-makiazo-pagrindas-01-light-beige-37-ml\\\/#breadcrumb\"},\"inLanguage\":\"en-GB\",\"potentialAction\":[{\"@type\":\"ReadAction\",\"target\":[\"https:\\\/\\\/www.malinashop.lt\\\/en\\\/shop\\\/paese-puff-cloud-makiazo-pagrindas-01-light-beige-37-ml\\\/\"]}]},{\"@type\":\"ImageObject\",\"inLanguage\":\"en-GB\",\"@id\":\"https:\\\/\\\/www.malinashop.lt\\\/en\\\/shop\\\/paese-puff-cloud-makiazo-pagrindas-01-light-beige-37-ml\\\/#primaryimage\",\"url\":\"https:\\\/\\\/www.malinashop.lt\\\/wp-content\\\/uploads\\\/2026\\\/01\\\/PAESE-PUFF-CLOUD-makiazo-pagrindas-01-Light-Beige-37-ml.webp\",\"contentUrl\":\"https:\\\/\\\/www.malinashop.lt\\\/wp-content\\\/uploads\\\/2026\\\/01\\\/PAESE-PUFF-CLOUD-makiazo-pagrindas-01-Light-Beige-37-ml.webp\",\"width\":768,\"height\":768},{\"@type\":\"BreadcrumbList\",\"@id\":\"https:\\\/\\\/www.malinashop.lt\\\/en\\\/shop\\\/paese-puff-cloud-makiazo-pagrindas-01-light-beige-37-ml\\\/#breadcrumb\",\"itemListElement\":[{\"@type\":\"ListItem\",\"position\":1,\"name\":\"Pagrindinis\",\"item\":\"https:\\\/\\\/www.malinashop.lt\\\/\"},{\"@type\":\"ListItem\",\"position\":2,\"name\":\"Parduotuv\u0117\",\"item\":\"https:\\\/\\\/www.malinashop.lt\\\/en\\\/parduotuve\\\/\"},{\"@type\":\"ListItem\",\"position\":3,\"name\":\"PAESE PUFF CLOUD makia\u017eo pagrindas (01 Light Beige), 37 ml\"}]},{\"@type\":\"WebSite\",\"@id\":\"https:\\\/\\\/www.malinashop.lt\\\/#website\",\"url\":\"https:\\\/\\\/www.malinashop.lt\\\/\",\"name\":\"COM Group Ecommerce\",\"description\":\"MalinaShop.lt - Gro\u017eio ir sveikatos produktai i\u0161 patikim\u0173 preki\u0173 \u017eenkl\u0173. Atraskite auk\u0161tos kokyb\u0117s kosmetik\u0105 u\u017e puiki\u0105 kain\u0105.\",\"publisher\":{\"@id\":\"https:\\\/\\\/www.malinashop.lt\\\/#organization\"},\"potentialAction\":[{\"@type\":\"SearchAction\",\"target\":{\"@type\":\"EntryPoint\",\"urlTemplate\":\"https:\\\/\\\/www.malinashop.lt\\\/?s={search_term_string}\"},\"query-input\":{\"@type\":\"PropertyValueSpecification\",\"valueRequired\":true,\"valueName\":\"search_term_string\"}}],\"inLanguage\":\"en-GB\"},{\"@type\":\"Organization\",\"@id\":\"https:\\\/\\\/www.malinashop.lt\\\/#organization\",\"name\":\"COM Group Ecommerce\",\"url\":\"https:\\\/\\\/www.malinashop.lt\\\/\",\"logo\":{\"@type\":\"ImageObject\",\"inLanguage\":\"en-GB\",\"@id\":\"https:\\\/\\\/www.malinashop.lt\\\/#\\\/schema\\\/logo\\\/image\\\/\",\"url\":\"https:\\\/\\\/www.malinashop.lt\\\/wp-content\\\/uploads\\\/2024\\\/08\\\/462559670_3787732518133670_9795632669273463_n-e1731525914575.png\",\"contentUrl\":\"https:\\\/\\\/www.malinashop.lt\\\/wp-content\\\/uploads\\\/2024\\\/08\\\/462559670_3787732518133670_9795632669273463_n-e1731525914575.png\",\"width\":180,\"height\":60,\"caption\":\"COM Group Ecommerce\"},\"image\":{\"@id\":\"https:\\\/\\\/www.malinashop.lt\\\/#\\\/schema\\\/logo\\\/image\\\/\"}}]}<\/script>\n<!-- \/ Yoast SEO plugin. -->","yoast_head_json":{"title":"PAESE PUFF CLOUD makia\u017eo pagrindas (01 Light Beige), 37 ml - MalinaShop.lt J\u016bs\u0173 sveikatai ir gro\u017eiui.","description":"PAESE PUFF CLOUD 01 Light Beige \u2013 \u0161ilkinis, vidutinio maskavimo makia\u017eo pagrindas su satiniu fini\u0161u, lotoso ekstraktu, niacinamidu ir SPF 20, normaliai ir mi\u0161riai odai.","robots":{"index":"index","follow":"follow","max-snippet":"max-snippet:-1","max-image-preview":"max-image-preview:large","max-video-preview":"max-video-preview:-1"},"canonical":"https:\/\/www.malinashop.lt\/en\/shop\/paese-puff-cloud-makiazo-pagrindas-01-light-beige-37-ml\/","og_locale":"en_GB","og_type":"article","og_title":"PAESE PUFF CLOUD makia\u017eo pagrindas (01 Light Beige), 37 ml - MalinaShop.lt J\u016bs\u0173 sveikatai ir gro\u017eiui.","og_description":"PAESE PUFF CLOUD 01 Light Beige \u2013 \u0161ilkinis, vidutinio maskavimo makia\u017eo pagrindas su satiniu fini\u0161u, lotoso ekstraktu, niacinamidu ir SPF 20, normaliai ir mi\u0161riai odai.","og_url":"https:\/\/www.malinashop.lt\/en\/shop\/paese-puff-cloud-makiazo-pagrindas-01-light-beige-37-ml\/","og_site_name":"MalinaShop.lt J\u016bs\u0173 sveikatai ir gro\u017eiui.","article_modified_time":"2026-04-07T19:18:38+00:00","og_image":[{"width":768,"height":768,"url":"https:\/\/www.malinashop.lt\/wp-content\/uploads\/2026\/01\/PAESE-PUFF-CLOUD-makiazo-pagrindas-01-Light-Beige-37-ml.webp","type":"image\/webp"}],"twitter_card":"summary_large_image","schema":{"@context":"https:\/\/schema.org","@graph":[{"@type":"WebPage","@id":"https:\/\/www.malinashop.lt\/en\/shop\/paese-puff-cloud-makiazo-pagrindas-01-light-beige-37-ml\/","url":"https:\/\/www.malinashop.lt\/en\/shop\/paese-puff-cloud-makiazo-pagrindas-01-light-beige-37-ml\/","name":"PAESE PUFF CLOUD makia\u017eo pagrindas (01 Light Beige), 37 ml - MalinaShop.lt J\u016bs\u0173 sveikatai ir gro\u017eiui.","isPartOf":{"@id":"https:\/\/www.malinashop.lt\/#website"},"primaryImageOfPage":{"@id":"https:\/\/www.malinashop.lt\/en\/shop\/paese-puff-cloud-makiazo-pagrindas-01-light-beige-37-ml\/#primaryimage"},"image":{"@id":"https:\/\/www.malinashop.lt\/en\/shop\/paese-puff-cloud-makiazo-pagrindas-01-light-beige-37-ml\/#primaryimage"},"thumbnailUrl":"https:\/\/www.malinashop.lt\/wp-content\/uploads\/2026\/01\/PAESE-PUFF-CLOUD-makiazo-pagrindas-01-Light-Beige-37-ml.webp","datePublished":"2026-01-06T20:56:53+00:00","dateModified":"2026-04-07T19:18:38+00:00","description":"PAESE PUFF CLOUD 01 Light Beige \u2013 \u0161ilkinis, vidutinio maskavimo makia\u017eo pagrindas su satiniu fini\u0161u, lotoso ekstraktu, niacinamidu ir SPF 20, normaliai ir mi\u0161riai odai.","breadcrumb":{"@id":"https:\/\/www.malinashop.lt\/en\/shop\/paese-puff-cloud-makiazo-pagrindas-01-light-beige-37-ml\/#breadcrumb"},"inLanguage":"en-GB","potentialAction":[{"@type":"ReadAction","target":["https:\/\/www.malinashop.lt\/en\/shop\/paese-puff-cloud-makiazo-pagrindas-01-light-beige-37-ml\/"]}]},{"@type":"ImageObject","inLanguage":"en-GB","@id":"https:\/\/www.malinashop.lt\/en\/shop\/paese-puff-cloud-makiazo-pagrindas-01-light-beige-37-ml\/#primaryimage","url":"https:\/\/www.malinashop.lt\/wp-content\/uploads\/2026\/01\/PAESE-PUFF-CLOUD-makiazo-pagrindas-01-Light-Beige-37-ml.webp","contentUrl":"https:\/\/www.malinashop.lt\/wp-content\/uploads\/2026\/01\/PAESE-PUFF-CLOUD-makiazo-pagrindas-01-Light-Beige-37-ml.webp","width":768,"height":768},{"@type":"BreadcrumbList","@id":"https:\/\/www.malinashop.lt\/en\/shop\/paese-puff-cloud-makiazo-pagrindas-01-light-beige-37-ml\/#breadcrumb","itemListElement":[{"@type":"ListItem","position":1,"name":"Pagrindinis","item":"https:\/\/www.malinashop.lt\/"},{"@type":"ListItem","position":2,"name":"Parduotuv\u0117","item":"https:\/\/www.malinashop.lt\/en\/parduotuve\/"},{"@type":"ListItem","position":3,"name":"PAESE PUFF CLOUD makia\u017eo pagrindas (01 Light Beige), 37 ml"}]},{"@type":"WebSite","@id":"https:\/\/www.malinashop.lt\/#website","url":"https:\/\/www.malinashop.lt\/","name":"COM Group Ecommerce","description":"MalinaShop.lt - Gro\u017eio ir sveikatos produktai i\u0161 patikim\u0173 preki\u0173 \u017eenkl\u0173. Atraskite auk\u0161tos kokyb\u0117s kosmetik\u0105 u\u017e puiki\u0105 kain\u0105.","publisher":{"@id":"https:\/\/www.malinashop.lt\/#organization"},"potentialAction":[{"@type":"SearchAction","target":{"@type":"EntryPoint","urlTemplate":"https:\/\/www.malinashop.lt\/?s={search_term_string}"},"query-input":{"@type":"PropertyValueSpecification","valueRequired":true,"valueName":"search_term_string"}}],"inLanguage":"en-GB"},{"@type":"Organization","@id":"https:\/\/www.malinashop.lt\/#organization","name":"COM Group Ecommerce","url":"https:\/\/www.malinashop.lt\/","logo":{"@type":"ImageObject","inLanguage":"en-GB","@id":"https:\/\/www.malinashop.lt\/#\/schema\/logo\/image\/","url":"https:\/\/www.malinashop.lt\/wp-content\/uploads\/2024\/08\/462559670_3787732518133670_9795632669273463_n-e1731525914575.png","contentUrl":"https:\/\/www.malinashop.lt\/wp-content\/uploads\/2024\/08\/462559670_3787732518133670_9795632669273463_n-e1731525914575.png","width":180,"height":60,"caption":"COM Group Ecommerce"},"image":{"@id":"https:\/\/www.malinashop.lt\/#\/schema\/logo\/image\/"}}]}},"jetpack_sharing_enabled":true,"_links":{"self":[{"href":"https:\/\/www.malinashop.lt\/en\/wp-json\/wp\/v2\/product\/72986","targetHints":{"allow":["GET"]}}],"collection":[{"href":"https:\/\/www.malinashop.lt\/en\/wp-json\/wp\/v2\/product"}],"about":[{"href":"https:\/\/www.malinashop.lt\/en\/wp-json\/wp\/v2\/types\/product"}],"version-history":[{"count":2,"href":"https:\/\/www.malinashop.lt\/en\/wp-json\/wp\/v2\/product\/72986\/revisions"}],"predecessor-version":[{"id":72991,"href":"https:\/\/www.malinashop.lt\/en\/wp-json\/wp\/v2\/product\/72986\/revisions\/72991"}],"wp:featuredmedia":[{"embeddable":true,"href":"https:\/\/www.malinashop.lt\/en\/wp-json\/wp\/v2\/media\/72990"}],"wp:attachment":[{"href":"https:\/\/www.malinashop.lt\/en\/wp-json\/wp\/v2\/media?parent=72986"}],"wp:term":[{"taxonomy":"product_brand","embeddable":true,"href":"https:\/\/www.malinashop.lt\/en\/wp-json\/wp\/v2\/product_brand?post=72986"},{"taxonomy":"product_cat","embeddable":true,"href":"https:\/\/www.malinashop.lt\/en\/wp-json\/wp\/v2\/product_cat?post=72986"},{"taxonomy":"product_tag","embeddable":true,"href":"https:\/\/www.malinashop.lt\/en\/wp-json\/wp\/v2\/product_tag?post=72986"}],"curies":[{"name":"wp","href":"https:\/\/api.w.org\/{rel}","templated":true}]}}