{"id":72981,"date":"2026-01-06T23:53:18","date_gmt":"2026-01-06T20:53:18","guid":{"rendered":"https:\/\/malinashop.lt\/?post_type=product&#038;p=72981"},"modified":"2026-04-07T22:18:38","modified_gmt":"2026-04-07T19:18:38","slug":"paese-puff-cloud-kremine-pudra-00-neutral-beige-37-ml","status":"publish","type":"product","link":"https:\/\/www.malinashop.lt\/en\/shop\/paese-puff-cloud-kremine-pudra-00-neutral-beige-37-ml\/","title":{"rendered":"PAESE PUFF CLOUD kremin\u0117 pudra (00 Neutral Beige), 37 ml"},"content":{"rendered":"<div class=\"cs__product-section container\">\n<p data-start=\"331\" data-end=\"676\">PAESE kremin\u0117 pudra <strong data-start=\"374\" data-end=\"407\">PUFF CLOUD (00 Neutral Beige)<\/strong> veid\u0105 apgaubia tarsi lengvas debesis \u2013 jos <strong data-start=\"451\" data-end=\"471\">\u0161ilkin\u0117 tekst\u016bra<\/strong> priglunda prie odos lyg antra oda, suteikdama komforto poj\u016bt\u012f visai dienai. Fiksuojanti formul\u0117 u\u017etikrina <strong data-start=\"578\" data-end=\"600\">vidutin\u012f maskavim\u0105<\/strong>, kur\u012f galima lengvai sluoksniuoti pagal poreik\u012f, nesukuriant kauk\u0117s efekto.<\/p>\n<p data-start=\"678\" data-end=\"892\">Pudra suteikia <strong data-start=\"693\" data-end=\"722\">nat\u016bral\u0173, satinin\u012f efekt\u0105<\/strong> \u2013 oda atrodo glotnesn\u0117, tolygesn\u0117, \u0161velniai \u0161vytinti. Formul\u0117 sukurta taip, kad <strong data-start=\"803\" data-end=\"846\">nepabr\u0117\u017et\u0173 smulki\u0173 linij\u0173 ar rauk\u0161leli\u0173<\/strong>, tod\u0117l makia\u017eas atrodo gaivus ir pri\u017ei\u016br\u0117tas.<\/p>\n<p data-start=\"894\" data-end=\"972\">Sud\u0117tyje esantys aktyvieji ingredientai ne tik gra\u017eina, bet ir r\u016bpinasi oda:<\/p>\n<ul data-start=\"973\" data-end=\"1176\">\n<li data-start=\"973\" data-end=\"1057\">\n<p data-start=\"975\" data-end=\"1057\"><strong data-start=\"975\" data-end=\"1002\">lotoso \u017eied\u0173 ekstraktas<\/strong> padeda raminti, gaivinti ir suteikti odai \u0161vyt\u0117jimo,<\/p>\n<\/li>\n<li data-start=\"1058\" data-end=\"1176\">\n<p data-start=\"1060\" data-end=\"1176\"><strong data-start=\"1060\" data-end=\"1076\">niacinamidas<\/strong> prisideda prie odos tono suvienodinimo, ma\u017eina pilkum\u0105, palaiko lygesn\u0119, sveikiau atrodan\u010di\u0105 od\u0105.<\/p>\n<\/li>\n<\/ul>\n<p data-start=\"1178\" data-end=\"1331\">Papildomas privalumas \u2013 <strong data-start=\"1202\" data-end=\"1212\">SPF 20<\/strong>, suteikiantis kasdien\u0119 apsaug\u0105 nuo \u017ealing\u0173 saul\u0117s spinduli\u0173, tod\u0117l tai puikus pasirinkimas kasdieniam miesto makia\u017eui.<\/p>\n<p data-start=\"1333\" data-end=\"1397\">Pudra puikiai tinka <strong data-start=\"1353\" data-end=\"1382\">normaliai ir mi\u0161riai odai<\/strong>, kai norisi:<\/p>\n<ul data-start=\"1398\" data-end=\"1502\">\n<li data-start=\"1398\" data-end=\"1438\">\n<p data-start=\"1400\" data-end=\"1438\">tvarkingo, bet nat\u016bralaus maskavimo,<\/p>\n<\/li>\n<li data-start=\"1439\" data-end=\"1470\">\n<p data-start=\"1441\" data-end=\"1470\">lengvo satininio \u0161vyt\u0117jimo,<\/p>\n<\/li>\n<li data-start=\"1471\" data-end=\"1502\">\n<p data-start=\"1473\" data-end=\"1502\">komforto visos dienos eigoje.<\/p>\n<\/li>\n<\/ul>\n<p data-start=\"1504\" data-end=\"1533\"><strong data-start=\"1504\" data-end=\"1531\">Pagrindiniai privalumai<\/strong><\/p>\n<ul data-start=\"1534\" data-end=\"1869\">\n<li data-start=\"1534\" data-end=\"1573\">\n<p data-start=\"1536\" data-end=\"1573\">\u0160ilkin\u0117, lengvai slystanti tekst\u016bra<\/p>\n<\/li>\n<li data-start=\"1574\" data-end=\"1632\">\n<p data-start=\"1576\" data-end=\"1632\">Vidutinis, sluoksniuojamas maskavimas be kauk\u0117s efekto<\/p>\n<\/li>\n<li data-start=\"1633\" data-end=\"1689\">\n<p data-start=\"1635\" data-end=\"1689\">Satininis fini\u0161as ir nat\u016braliai glotni odos i\u0161vaizda<\/p>\n<\/li>\n<li data-start=\"1690\" data-end=\"1733\">\n<p data-start=\"1692\" data-end=\"1733\">Nepabr\u0117\u017eia smulki\u0173 linij\u0173 ar rauk\u0161leli\u0173<\/p>\n<\/li>\n<li data-start=\"1734\" data-end=\"1787\">\n<p data-start=\"1736\" data-end=\"1787\">Praturtinta lotoso \u017eied\u0173 ekstraktu ir niacinamidu<\/p>\n<\/li>\n<li data-start=\"1788\" data-end=\"1824\">\n<p data-start=\"1790\" data-end=\"1824\">SPF 20 \u2013 kasdien\u0117 saul\u0117s apsauga<\/p>\n<\/li>\n<li data-start=\"1825\" data-end=\"1869\">\n<p data-start=\"1827\" data-end=\"1869\">Idealiai tinka normaliai ir mi\u0161riai odai<\/p>\n<\/li>\n<\/ul>\n<p data-start=\"1871\" data-end=\"1887\"><strong data-start=\"1871\" data-end=\"1885\">Naudojimas<\/strong><\/p>\n<ul data-start=\"1888\" data-end=\"2163\">\n<li data-start=\"1888\" data-end=\"1971\">\n<p data-start=\"1890\" data-end=\"1971\">Tepkite ant \u0161varios, paruo\u0161tos veido odos <strong data-start=\"1932\" data-end=\"1968\">kempin\u0117le, teptuku arba pir\u0161tais<\/strong>.<\/p>\n<\/li>\n<li data-start=\"1972\" data-end=\"2079\">\n<p data-start=\"1974\" data-end=\"2079\">Norint didesnio maskavimo, u\u017etepkite <strong data-start=\"2011\" data-end=\"2035\">antr\u0105 plon\u0105 sluoksn\u012f<\/strong> tose vietose, kur reikia daugiau dengimo.<\/p>\n<\/li>\n<li data-start=\"2080\" data-end=\"2163\">\n<p data-start=\"2082\" data-end=\"2163\">Galite u\u017efiksuoti biri\u0105 ar kompaktine pudra, jei norisi dar ilgesnio i\u0161silaikymo.<\/p>\n<\/li>\n<\/ul>\n<\/div>\n","protected":false},"excerpt":{"rendered":"<p data-start=\"1191\" data-end=\"1410\">PAESE PUFF CLOUD (00 Neutral Beige) \u2013 \u0161ilkin\u0117s tekst\u016bros, vidutinio maskavimo kremin\u0117 pudra su satininio \u0161vyt\u0117jimo efektu, praturtinta lotoso \u017eied\u0173 ekstraktu, niacinamidu ir SPF 20 kasdiene apsauga.<\/p>\n","protected":false},"featured_media":72984,"template":"","meta":[],"product_brand":[1534],"product_cat":[102,792],"product_tag":[1614],"class_list":{"0":"post-72981","1":"product","2":"type-product","3":"status-publish","4":"has-post-thumbnail","6":"product_brand-paese","7":"product_cat-dekoratyvine-kosmetika","8":"product_cat-veido-pudros","9":"product_tag-paese","11":"first","12":"instock","13":"purchasable","14":"product-type-simple"},"yoast_head":"<!-- This site is optimized with the Yoast SEO plugin v27.4 - https:\/\/yoast.com\/product\/yoast-seo-wordpress\/ -->\n<title>PAESE PUFF CLOUD kremin\u0117 pudra (00 Neutral Beige), 37 ml - MalinaShop.lt J\u016bs\u0173 sveikatai ir gro\u017eiui.<\/title>\n<meta name=\"description\" content=\"PAESE PUFF CLOUD (00 Neutral Beige) \u2013 \u0161ilkin\u0117, vidutinio maskavimo kremin\u0117 pudra su satininiu fini\u0161u, lotoso ekstraktu, niacinamidu ir SPF 20, normalioms ir mi\u0161rioms odoms.\" \/>\n<meta name=\"robots\" content=\"index, follow, max-snippet:-1, max-image-preview:large, max-video-preview:-1\" \/>\n<link rel=\"canonical\" href=\"https:\/\/www.malinashop.lt\/en\/shop\/paese-puff-cloud-kremine-pudra-00-neutral-beige-37-ml\/\" \/>\n<meta property=\"og:locale\" content=\"en_GB\" \/>\n<meta property=\"og:type\" content=\"article\" \/>\n<meta property=\"og:title\" content=\"PAESE PUFF CLOUD kremin\u0117 pudra (00 Neutral Beige), 37 ml - MalinaShop.lt J\u016bs\u0173 sveikatai ir gro\u017eiui.\" \/>\n<meta property=\"og:description\" content=\"PAESE PUFF CLOUD (00 Neutral Beige) \u2013 \u0161ilkin\u0117, vidutinio maskavimo kremin\u0117 pudra su satininiu fini\u0161u, lotoso ekstraktu, niacinamidu ir SPF 20, normalioms ir mi\u0161rioms odoms.\" \/>\n<meta property=\"og:url\" content=\"https:\/\/www.malinashop.lt\/en\/shop\/paese-puff-cloud-kremine-pudra-00-neutral-beige-37-ml\/\" \/>\n<meta property=\"og:site_name\" content=\"MalinaShop.lt J\u016bs\u0173 sveikatai ir gro\u017eiui.\" \/>\n<meta property=\"article:modified_time\" content=\"2026-04-07T19:18:38+00:00\" \/>\n<meta property=\"og:image\" content=\"https:\/\/www.malinashop.lt\/wp-content\/uploads\/2026\/01\/PAESE-PUFF-CLOUD-kremine-pudra-00-Neutral-Beige-37-ml.webp\" \/>\n\t<meta property=\"og:image:width\" content=\"768\" \/>\n\t<meta property=\"og:image:height\" content=\"768\" \/>\n\t<meta property=\"og:image:type\" content=\"image\/webp\" \/>\n<meta name=\"twitter:card\" content=\"summary_large_image\" \/>\n<script type=\"application\/ld+json\" class=\"yoast-schema-graph\">{\"@context\":\"https:\\\/\\\/schema.org\",\"@graph\":[{\"@type\":\"WebPage\",\"@id\":\"https:\\\/\\\/www.malinashop.lt\\\/shop\\\/paese-puff-cloud-kremine-pudra-00-neutral-beige-37-ml\\\/\",\"url\":\"https:\\\/\\\/www.malinashop.lt\\\/shop\\\/paese-puff-cloud-kremine-pudra-00-neutral-beige-37-ml\\\/\",\"name\":\"PAESE PUFF CLOUD kremin\u0117 pudra (00 Neutral Beige), 37 ml - MalinaShop.lt J\u016bs\u0173 sveikatai ir gro\u017eiui.\",\"isPartOf\":{\"@id\":\"https:\\\/\\\/www.malinashop.lt\\\/#website\"},\"primaryImageOfPage\":{\"@id\":\"https:\\\/\\\/www.malinashop.lt\\\/shop\\\/paese-puff-cloud-kremine-pudra-00-neutral-beige-37-ml\\\/#primaryimage\"},\"image\":{\"@id\":\"https:\\\/\\\/www.malinashop.lt\\\/shop\\\/paese-puff-cloud-kremine-pudra-00-neutral-beige-37-ml\\\/#primaryimage\"},\"thumbnailUrl\":\"https:\\\/\\\/www.malinashop.lt\\\/wp-content\\\/uploads\\\/2026\\\/01\\\/PAESE-PUFF-CLOUD-kremine-pudra-00-Neutral-Beige-37-ml.webp\",\"datePublished\":\"2026-01-06T20:53:18+00:00\",\"dateModified\":\"2026-04-07T19:18:38+00:00\",\"description\":\"PAESE PUFF CLOUD (00 Neutral Beige) \u2013 \u0161ilkin\u0117, vidutinio maskavimo kremin\u0117 pudra su satininiu fini\u0161u, lotoso ekstraktu, niacinamidu ir SPF 20, normalioms ir mi\u0161rioms odoms.\",\"breadcrumb\":{\"@id\":\"https:\\\/\\\/www.malinashop.lt\\\/shop\\\/paese-puff-cloud-kremine-pudra-00-neutral-beige-37-ml\\\/#breadcrumb\"},\"inLanguage\":\"en-GB\",\"potentialAction\":[{\"@type\":\"ReadAction\",\"target\":[\"https:\\\/\\\/www.malinashop.lt\\\/shop\\\/paese-puff-cloud-kremine-pudra-00-neutral-beige-37-ml\\\/\"]}]},{\"@type\":\"ImageObject\",\"inLanguage\":\"en-GB\",\"@id\":\"https:\\\/\\\/www.malinashop.lt\\\/shop\\\/paese-puff-cloud-kremine-pudra-00-neutral-beige-37-ml\\\/#primaryimage\",\"url\":\"https:\\\/\\\/www.malinashop.lt\\\/wp-content\\\/uploads\\\/2026\\\/01\\\/PAESE-PUFF-CLOUD-kremine-pudra-00-Neutral-Beige-37-ml.webp\",\"contentUrl\":\"https:\\\/\\\/www.malinashop.lt\\\/wp-content\\\/uploads\\\/2026\\\/01\\\/PAESE-PUFF-CLOUD-kremine-pudra-00-Neutral-Beige-37-ml.webp\",\"width\":768,\"height\":768},{\"@type\":\"BreadcrumbList\",\"@id\":\"https:\\\/\\\/www.malinashop.lt\\\/shop\\\/paese-puff-cloud-kremine-pudra-00-neutral-beige-37-ml\\\/#breadcrumb\",\"itemListElement\":[{\"@type\":\"ListItem\",\"position\":1,\"name\":\"Pagrindinis\",\"item\":\"https:\\\/\\\/www.malinashop.lt\\\/\"},{\"@type\":\"ListItem\",\"position\":2,\"name\":\"Parduotuv\u0117\",\"item\":\"https:\\\/\\\/www.malinashop.lt\\\/en\\\/parduotuve\\\/\"},{\"@type\":\"ListItem\",\"position\":3,\"name\":\"PAESE PUFF CLOUD kremin\u0117 pudra (00 Neutral Beige), 37 ml\"}]},{\"@type\":\"WebSite\",\"@id\":\"https:\\\/\\\/www.malinashop.lt\\\/#website\",\"url\":\"https:\\\/\\\/www.malinashop.lt\\\/\",\"name\":\"COM Group Ecommerce\",\"description\":\"MalinaShop.lt - Gro\u017eio ir sveikatos produktai i\u0161 patikim\u0173 preki\u0173 \u017eenkl\u0173. Atraskite auk\u0161tos kokyb\u0117s kosmetik\u0105 u\u017e puiki\u0105 kain\u0105.\",\"publisher\":{\"@id\":\"https:\\\/\\\/www.malinashop.lt\\\/#organization\"},\"potentialAction\":[{\"@type\":\"SearchAction\",\"target\":{\"@type\":\"EntryPoint\",\"urlTemplate\":\"https:\\\/\\\/www.malinashop.lt\\\/?s={search_term_string}\"},\"query-input\":{\"@type\":\"PropertyValueSpecification\",\"valueRequired\":true,\"valueName\":\"search_term_string\"}}],\"inLanguage\":\"en-GB\"},{\"@type\":\"Organization\",\"@id\":\"https:\\\/\\\/www.malinashop.lt\\\/#organization\",\"name\":\"COM Group Ecommerce\",\"url\":\"https:\\\/\\\/www.malinashop.lt\\\/\",\"logo\":{\"@type\":\"ImageObject\",\"inLanguage\":\"en-GB\",\"@id\":\"https:\\\/\\\/www.malinashop.lt\\\/#\\\/schema\\\/logo\\\/image\\\/\",\"url\":\"https:\\\/\\\/www.malinashop.lt\\\/wp-content\\\/uploads\\\/2024\\\/08\\\/462559670_3787732518133670_9795632669273463_n-e1731525914575.png\",\"contentUrl\":\"https:\\\/\\\/www.malinashop.lt\\\/wp-content\\\/uploads\\\/2024\\\/08\\\/462559670_3787732518133670_9795632669273463_n-e1731525914575.png\",\"width\":180,\"height\":60,\"caption\":\"COM Group Ecommerce\"},\"image\":{\"@id\":\"https:\\\/\\\/www.malinashop.lt\\\/#\\\/schema\\\/logo\\\/image\\\/\"}}]}<\/script>\n<!-- \/ Yoast SEO plugin. -->","yoast_head_json":{"title":"PAESE PUFF CLOUD kremin\u0117 pudra (00 Neutral Beige), 37 ml - MalinaShop.lt J\u016bs\u0173 sveikatai ir gro\u017eiui.","description":"PAESE PUFF CLOUD (00 Neutral Beige) \u2013 \u0161ilkin\u0117, vidutinio maskavimo kremin\u0117 pudra su satininiu fini\u0161u, lotoso ekstraktu, niacinamidu ir SPF 20, normalioms ir mi\u0161rioms odoms.","robots":{"index":"index","follow":"follow","max-snippet":"max-snippet:-1","max-image-preview":"max-image-preview:large","max-video-preview":"max-video-preview:-1"},"canonical":"https:\/\/www.malinashop.lt\/en\/shop\/paese-puff-cloud-kremine-pudra-00-neutral-beige-37-ml\/","og_locale":"en_GB","og_type":"article","og_title":"PAESE PUFF CLOUD kremin\u0117 pudra (00 Neutral Beige), 37 ml - MalinaShop.lt J\u016bs\u0173 sveikatai ir gro\u017eiui.","og_description":"PAESE PUFF CLOUD (00 Neutral Beige) \u2013 \u0161ilkin\u0117, vidutinio maskavimo kremin\u0117 pudra su satininiu fini\u0161u, lotoso ekstraktu, niacinamidu ir SPF 20, normalioms ir mi\u0161rioms odoms.","og_url":"https:\/\/www.malinashop.lt\/en\/shop\/paese-puff-cloud-kremine-pudra-00-neutral-beige-37-ml\/","og_site_name":"MalinaShop.lt J\u016bs\u0173 sveikatai ir gro\u017eiui.","article_modified_time":"2026-04-07T19:18:38+00:00","og_image":[{"width":768,"height":768,"url":"https:\/\/www.malinashop.lt\/wp-content\/uploads\/2026\/01\/PAESE-PUFF-CLOUD-kremine-pudra-00-Neutral-Beige-37-ml.webp","type":"image\/webp"}],"twitter_card":"summary_large_image","schema":{"@context":"https:\/\/schema.org","@graph":[{"@type":"WebPage","@id":"https:\/\/www.malinashop.lt\/shop\/paese-puff-cloud-kremine-pudra-00-neutral-beige-37-ml\/","url":"https:\/\/www.malinashop.lt\/shop\/paese-puff-cloud-kremine-pudra-00-neutral-beige-37-ml\/","name":"PAESE PUFF CLOUD kremin\u0117 pudra (00 Neutral Beige), 37 ml - MalinaShop.lt J\u016bs\u0173 sveikatai ir gro\u017eiui.","isPartOf":{"@id":"https:\/\/www.malinashop.lt\/#website"},"primaryImageOfPage":{"@id":"https:\/\/www.malinashop.lt\/shop\/paese-puff-cloud-kremine-pudra-00-neutral-beige-37-ml\/#primaryimage"},"image":{"@id":"https:\/\/www.malinashop.lt\/shop\/paese-puff-cloud-kremine-pudra-00-neutral-beige-37-ml\/#primaryimage"},"thumbnailUrl":"https:\/\/www.malinashop.lt\/wp-content\/uploads\/2026\/01\/PAESE-PUFF-CLOUD-kremine-pudra-00-Neutral-Beige-37-ml.webp","datePublished":"2026-01-06T20:53:18+00:00","dateModified":"2026-04-07T19:18:38+00:00","description":"PAESE PUFF CLOUD (00 Neutral Beige) \u2013 \u0161ilkin\u0117, vidutinio maskavimo kremin\u0117 pudra su satininiu fini\u0161u, lotoso ekstraktu, niacinamidu ir SPF 20, normalioms ir mi\u0161rioms odoms.","breadcrumb":{"@id":"https:\/\/www.malinashop.lt\/shop\/paese-puff-cloud-kremine-pudra-00-neutral-beige-37-ml\/#breadcrumb"},"inLanguage":"en-GB","potentialAction":[{"@type":"ReadAction","target":["https:\/\/www.malinashop.lt\/shop\/paese-puff-cloud-kremine-pudra-00-neutral-beige-37-ml\/"]}]},{"@type":"ImageObject","inLanguage":"en-GB","@id":"https:\/\/www.malinashop.lt\/shop\/paese-puff-cloud-kremine-pudra-00-neutral-beige-37-ml\/#primaryimage","url":"https:\/\/www.malinashop.lt\/wp-content\/uploads\/2026\/01\/PAESE-PUFF-CLOUD-kremine-pudra-00-Neutral-Beige-37-ml.webp","contentUrl":"https:\/\/www.malinashop.lt\/wp-content\/uploads\/2026\/01\/PAESE-PUFF-CLOUD-kremine-pudra-00-Neutral-Beige-37-ml.webp","width":768,"height":768},{"@type":"BreadcrumbList","@id":"https:\/\/www.malinashop.lt\/shop\/paese-puff-cloud-kremine-pudra-00-neutral-beige-37-ml\/#breadcrumb","itemListElement":[{"@type":"ListItem","position":1,"name":"Pagrindinis","item":"https:\/\/www.malinashop.lt\/"},{"@type":"ListItem","position":2,"name":"Parduotuv\u0117","item":"https:\/\/www.malinashop.lt\/en\/parduotuve\/"},{"@type":"ListItem","position":3,"name":"PAESE PUFF CLOUD kremin\u0117 pudra (00 Neutral Beige), 37 ml"}]},{"@type":"WebSite","@id":"https:\/\/www.malinashop.lt\/#website","url":"https:\/\/www.malinashop.lt\/","name":"COM Group Ecommerce","description":"MalinaShop.lt - Gro\u017eio ir sveikatos produktai i\u0161 patikim\u0173 preki\u0173 \u017eenkl\u0173. Atraskite auk\u0161tos kokyb\u0117s kosmetik\u0105 u\u017e puiki\u0105 kain\u0105.","publisher":{"@id":"https:\/\/www.malinashop.lt\/#organization"},"potentialAction":[{"@type":"SearchAction","target":{"@type":"EntryPoint","urlTemplate":"https:\/\/www.malinashop.lt\/?s={search_term_string}"},"query-input":{"@type":"PropertyValueSpecification","valueRequired":true,"valueName":"search_term_string"}}],"inLanguage":"en-GB"},{"@type":"Organization","@id":"https:\/\/www.malinashop.lt\/#organization","name":"COM Group Ecommerce","url":"https:\/\/www.malinashop.lt\/","logo":{"@type":"ImageObject","inLanguage":"en-GB","@id":"https:\/\/www.malinashop.lt\/#\/schema\/logo\/image\/","url":"https:\/\/www.malinashop.lt\/wp-content\/uploads\/2024\/08\/462559670_3787732518133670_9795632669273463_n-e1731525914575.png","contentUrl":"https:\/\/www.malinashop.lt\/wp-content\/uploads\/2024\/08\/462559670_3787732518133670_9795632669273463_n-e1731525914575.png","width":180,"height":60,"caption":"COM Group Ecommerce"},"image":{"@id":"https:\/\/www.malinashop.lt\/#\/schema\/logo\/image\/"}}]}},"jetpack_sharing_enabled":true,"_links":{"self":[{"href":"https:\/\/www.malinashop.lt\/en\/wp-json\/wp\/v2\/product\/72981","targetHints":{"allow":["GET"]}}],"collection":[{"href":"https:\/\/www.malinashop.lt\/en\/wp-json\/wp\/v2\/product"}],"about":[{"href":"https:\/\/www.malinashop.lt\/en\/wp-json\/wp\/v2\/types\/product"}],"version-history":[{"count":1,"href":"https:\/\/www.malinashop.lt\/en\/wp-json\/wp\/v2\/product\/72981\/revisions"}],"predecessor-version":[{"id":72985,"href":"https:\/\/www.malinashop.lt\/en\/wp-json\/wp\/v2\/product\/72981\/revisions\/72985"}],"wp:featuredmedia":[{"embeddable":true,"href":"https:\/\/www.malinashop.lt\/en\/wp-json\/wp\/v2\/media\/72984"}],"wp:attachment":[{"href":"https:\/\/www.malinashop.lt\/en\/wp-json\/wp\/v2\/media?parent=72981"}],"wp:term":[{"taxonomy":"product_brand","embeddable":true,"href":"https:\/\/www.malinashop.lt\/en\/wp-json\/wp\/v2\/product_brand?post=72981"},{"taxonomy":"product_cat","embeddable":true,"href":"https:\/\/www.malinashop.lt\/en\/wp-json\/wp\/v2\/product_cat?post=72981"},{"taxonomy":"product_tag","embeddable":true,"href":"https:\/\/www.malinashop.lt\/en\/wp-json\/wp\/v2\/product_tag?post=72981"}],"curies":[{"name":"wp","href":"https:\/\/api.w.org\/{rel}","templated":true}]}}