{"id":72975,"date":"2026-01-06T23:43:36","date_gmt":"2026-01-06T20:43:36","guid":{"rendered":"https:\/\/malinashop.lt\/?post_type=product&#038;p=72975"},"modified":"2026-04-07T22:18:38","modified_gmt":"2026-04-07T19:18:38","slug":"paese-peptide-coffee-lupu-kauke-su-peptidais-10-g","status":"publish","type":"product","link":"https:\/\/www.malinashop.lt\/en\/shop\/paese-peptide-coffee-lupu-kauke-su-peptidais-10-g\/","title":{"rendered":"PAESE PEPTIDE (Coffee) l\u016bp\u0173 kauk\u0117 su peptidais, 10 g"},"content":{"rendered":"<p data-start=\"301\" data-end=\"603\">PAESE l\u016bp\u0173 kauk\u0117 <strong data-start=\"341\" data-end=\"361\">PEPTIDE (Coffee)<\/strong> \u2013 tai intensyvi kasdien\u0117 l\u016bp\u0173 prie\u017ei\u016bros priemon\u0117, skirta apsaugoti ir atkurti sausas, jautrias ar aplinkos veiksni\u0173 nualintas l\u016bpas. Kauk\u0117 <strong data-start=\"502\" data-end=\"542\">dr\u0117kina, maitina ir padeda apsaugoti<\/strong> nuo v\u0117jo, \u0161al\u010dio, sausinan\u010dio oro ar kit\u0173 i\u0161orini\u0173 veiksni\u0173.<\/p>\n<p data-start=\"605\" data-end=\"702\">Formul\u0117 sukurta peptid\u0173 pagrindu ir praturtinta vertingais augaliniais aliejais bei vitaminais:<\/p>\n<ul data-start=\"703\" data-end=\"1036\">\n<li data-start=\"703\" data-end=\"777\">\n<p data-start=\"705\" data-end=\"777\"><strong data-start=\"705\" data-end=\"717\">peptidai<\/strong> padeda glotninti l\u016bp\u0173 pavir\u0161i\u0173 ir gerina j\u0173 bendr\u0105 b\u016bkl\u0119;<\/p>\n<\/li>\n<li data-start=\"778\" data-end=\"886\">\n<p data-start=\"780\" data-end=\"886\"><strong data-start=\"780\" data-end=\"828\">avie\u010di\u0173 s\u0117kl\u0173, simondsij\u0173 ir avokad\u0173 aliejai<\/strong> intensyviai <strong data-start=\"841\" data-end=\"874\">mink\u0161tina, maitina ir dr\u0117kina<\/strong> l\u016bp\u0173 od\u0105;<\/p>\n<\/li>\n<li data-start=\"887\" data-end=\"1036\">\n<p data-start=\"889\" data-end=\"1036\"><strong data-start=\"889\" data-end=\"909\">C ir E vitaminai<\/strong> veikia kaip antioksidantai, padedantys saugoti l\u016bpas nuo \u017ealingo aplinkos poveikio ir palaikyti sveikai atrodant\u012f \u0161vyt\u0117jim\u0105.<\/p>\n<\/li>\n<\/ul>\n<p data-start=\"1038\" data-end=\"1290\">Aksomin\u0117 tekst\u016bra maloniai slysta l\u016bpomis, <strong data-start=\"1081\" data-end=\"1137\">lengvas kvapas ir nat\u016bral\u0173 gro\u017e\u012f pary\u0161kinanti spalva<\/strong> paver\u010dia kasdien\u0119 l\u016bp\u0173 prie\u017ei\u016br\u0105 jaukiu, maloniu ritualu. L\u016bpos tampa \u0161velnesn\u0117s, glotnesn\u0117s, ma\u017eiau linkusios \u0161erpetoti ir atrodo vizualiai sveikesn\u0117s.<\/p>\n<p data-start=\"1292\" data-end=\"1339\">Tinka naudoti tiek dien\u0105, tiek vakare \u2013 kaip:<\/p>\n<ul data-start=\"1340\" data-end=\"1453\">\n<li data-start=\"1340\" data-end=\"1382\">\n<p data-start=\"1342\" data-end=\"1382\">kasdien\u0117 <strong data-start=\"1351\" data-end=\"1379\">dr\u0117kinanti l\u016bp\u0173 priemon\u0117<\/strong>,<\/p>\n<\/li>\n<li data-start=\"1383\" data-end=\"1407\">\n<p data-start=\"1385\" data-end=\"1407\">baz\u0117 po l\u016bp\u0173 da\u017eais,<\/p>\n<\/li>\n<li data-start=\"1408\" data-end=\"1453\">\n<p data-start=\"1410\" data-end=\"1453\"><strong data-start=\"1410\" data-end=\"1427\">naktin\u0117 kauk\u0117<\/strong> intensyvesniam poveikiui.<\/p>\n<\/li>\n<\/ul>\n<p data-start=\"1455\" data-end=\"1621\"><strong data-start=\"1455\" data-end=\"1469\">Naudojimas<\/strong><br data-start=\"1469\" data-end=\"1472\" \/>U\u017etepkite reikiam\u0105 kiek\u012f kauk\u0117s ant \u0161vari\u0173 l\u016bp\u0173 ir tolygiai paskirstykite per vis\u0105 j\u0173 pavir\u0161i\u0173. Naudokite pagal poreik\u012f \u2013 <strong data-start=\"1594\" data-end=\"1620\">kelis kartus per dien\u0105<\/strong>.<\/p>\n","protected":false},"excerpt":{"rendered":"<p data-start=\"840\" data-end=\"1020\">PAESE PEPTIDE (Coffee) \u2013 peptid\u0173 l\u016bp\u0173 kauk\u0117 su avie\u010di\u0173 s\u0117kl\u0173, simondsij\u0173 ir avokad\u0173 aliejais bei C ir E vitaminais. Dr\u0117kina, maitina, glotnina ir suteikia l\u016bpoms \u0161vyt\u0117jimo.<\/p>\n","protected":false},"featured_media":72979,"template":"","meta":[],"product_brand":[1534],"product_cat":[102,708,1352],"product_tag":[1614],"class_list":{"0":"post-72975","1":"product","2":"type-product","3":"status-publish","4":"has-post-thumbnail","6":"product_brand-paese","7":"product_cat-dekoratyvine-kosmetika","8":"product_cat-lupoms","9":"product_cat-lupu-kaukes","10":"product_tag-paese","12":"first","13":"instock","14":"purchasable","15":"product-type-simple"},"yoast_head":"<!-- This site is optimized with the Yoast SEO plugin v27.4 - https:\/\/yoast.com\/product\/yoast-seo-wordpress\/ -->\n<title>PAESE PEPTIDE (Coffee) l\u016bp\u0173 kauk\u0117 su peptidais, 10 g - MalinaShop.lt J\u016bs\u0173 sveikatai ir gro\u017eiui.<\/title>\n<meta name=\"description\" content=\"PAESE PEPTIDE (Coffee) \u2013 l\u016bp\u0173 kauk\u0117 su peptidais, aliejais ir C, E vitaminais. Dr\u0117kina, maitina, glotnina ir suteikia l\u016bpoms nat\u016bralaus \u0161vyt\u0117jimo.\" \/>\n<meta name=\"robots\" content=\"index, follow, max-snippet:-1, max-image-preview:large, max-video-preview:-1\" \/>\n<link rel=\"canonical\" href=\"https:\/\/www.malinashop.lt\/en\/shop\/paese-peptide-coffee-lupu-kauke-su-peptidais-10-g\/\" \/>\n<meta property=\"og:locale\" content=\"en_GB\" \/>\n<meta property=\"og:type\" content=\"article\" \/>\n<meta property=\"og:title\" content=\"PAESE PEPTIDE (Coffee) l\u016bp\u0173 kauk\u0117 su peptidais, 10 g - MalinaShop.lt J\u016bs\u0173 sveikatai ir gro\u017eiui.\" \/>\n<meta property=\"og:description\" content=\"PAESE PEPTIDE (Coffee) \u2013 l\u016bp\u0173 kauk\u0117 su peptidais, aliejais ir C, E vitaminais. Dr\u0117kina, maitina, glotnina ir suteikia l\u016bpoms nat\u016bralaus \u0161vyt\u0117jimo.\" \/>\n<meta property=\"og:url\" content=\"https:\/\/www.malinashop.lt\/en\/shop\/paese-peptide-coffee-lupu-kauke-su-peptidais-10-g\/\" \/>\n<meta property=\"og:site_name\" content=\"MalinaShop.lt J\u016bs\u0173 sveikatai ir gro\u017eiui.\" \/>\n<meta property=\"article:modified_time\" content=\"2026-04-07T19:18:38+00:00\" \/>\n<meta property=\"og:image\" content=\"https:\/\/www.malinashop.lt\/wp-content\/uploads\/2026\/01\/PAESE-PEPTIDE-Coffee-lupu-kauke-su-peptidais-10-g.webp\" \/>\n\t<meta property=\"og:image:width\" content=\"768\" \/>\n\t<meta property=\"og:image:height\" content=\"768\" \/>\n\t<meta property=\"og:image:type\" content=\"image\/webp\" \/>\n<meta name=\"twitter:card\" content=\"summary_large_image\" \/>\n<script type=\"application\/ld+json\" class=\"yoast-schema-graph\">{\"@context\":\"https:\\\/\\\/schema.org\",\"@graph\":[{\"@type\":\"WebPage\",\"@id\":\"https:\\\/\\\/www.malinashop.lt\\\/en\\\/shop\\\/paese-peptide-coffee-lupu-kauke-su-peptidais-10-g\\\/\",\"url\":\"https:\\\/\\\/www.malinashop.lt\\\/en\\\/shop\\\/paese-peptide-coffee-lupu-kauke-su-peptidais-10-g\\\/\",\"name\":\"PAESE PEPTIDE (Coffee) l\u016bp\u0173 kauk\u0117 su peptidais, 10 g - MalinaShop.lt J\u016bs\u0173 sveikatai ir gro\u017eiui.\",\"isPartOf\":{\"@id\":\"https:\\\/\\\/www.malinashop.lt\\\/#website\"},\"primaryImageOfPage\":{\"@id\":\"https:\\\/\\\/www.malinashop.lt\\\/en\\\/shop\\\/paese-peptide-coffee-lupu-kauke-su-peptidais-10-g\\\/#primaryimage\"},\"image\":{\"@id\":\"https:\\\/\\\/www.malinashop.lt\\\/en\\\/shop\\\/paese-peptide-coffee-lupu-kauke-su-peptidais-10-g\\\/#primaryimage\"},\"thumbnailUrl\":\"https:\\\/\\\/www.malinashop.lt\\\/wp-content\\\/uploads\\\/2026\\\/01\\\/PAESE-PEPTIDE-Coffee-lupu-kauke-su-peptidais-10-g.webp\",\"datePublished\":\"2026-01-06T20:43:36+00:00\",\"dateModified\":\"2026-04-07T19:18:38+00:00\",\"description\":\"PAESE PEPTIDE (Coffee) \u2013 l\u016bp\u0173 kauk\u0117 su peptidais, aliejais ir C, E vitaminais. Dr\u0117kina, maitina, glotnina ir suteikia l\u016bpoms nat\u016bralaus \u0161vyt\u0117jimo.\",\"breadcrumb\":{\"@id\":\"https:\\\/\\\/www.malinashop.lt\\\/en\\\/shop\\\/paese-peptide-coffee-lupu-kauke-su-peptidais-10-g\\\/#breadcrumb\"},\"inLanguage\":\"en-GB\",\"potentialAction\":[{\"@type\":\"ReadAction\",\"target\":[\"https:\\\/\\\/www.malinashop.lt\\\/en\\\/shop\\\/paese-peptide-coffee-lupu-kauke-su-peptidais-10-g\\\/\"]}]},{\"@type\":\"ImageObject\",\"inLanguage\":\"en-GB\",\"@id\":\"https:\\\/\\\/www.malinashop.lt\\\/en\\\/shop\\\/paese-peptide-coffee-lupu-kauke-su-peptidais-10-g\\\/#primaryimage\",\"url\":\"https:\\\/\\\/www.malinashop.lt\\\/wp-content\\\/uploads\\\/2026\\\/01\\\/PAESE-PEPTIDE-Coffee-lupu-kauke-su-peptidais-10-g.webp\",\"contentUrl\":\"https:\\\/\\\/www.malinashop.lt\\\/wp-content\\\/uploads\\\/2026\\\/01\\\/PAESE-PEPTIDE-Coffee-lupu-kauke-su-peptidais-10-g.webp\",\"width\":768,\"height\":768},{\"@type\":\"BreadcrumbList\",\"@id\":\"https:\\\/\\\/www.malinashop.lt\\\/en\\\/shop\\\/paese-peptide-coffee-lupu-kauke-su-peptidais-10-g\\\/#breadcrumb\",\"itemListElement\":[{\"@type\":\"ListItem\",\"position\":1,\"name\":\"Pagrindinis\",\"item\":\"https:\\\/\\\/www.malinashop.lt\\\/\"},{\"@type\":\"ListItem\",\"position\":2,\"name\":\"Parduotuv\u0117\",\"item\":\"https:\\\/\\\/www.malinashop.lt\\\/en\\\/parduotuve\\\/\"},{\"@type\":\"ListItem\",\"position\":3,\"name\":\"PAESE PEPTIDE (Coffee) l\u016bp\u0173 kauk\u0117 su peptidais, 10 g\"}]},{\"@type\":\"WebSite\",\"@id\":\"https:\\\/\\\/www.malinashop.lt\\\/#website\",\"url\":\"https:\\\/\\\/www.malinashop.lt\\\/\",\"name\":\"COM Group Ecommerce\",\"description\":\"MalinaShop.lt - Gro\u017eio ir sveikatos produktai i\u0161 patikim\u0173 preki\u0173 \u017eenkl\u0173. Atraskite auk\u0161tos kokyb\u0117s kosmetik\u0105 u\u017e puiki\u0105 kain\u0105.\",\"publisher\":{\"@id\":\"https:\\\/\\\/www.malinashop.lt\\\/#organization\"},\"potentialAction\":[{\"@type\":\"SearchAction\",\"target\":{\"@type\":\"EntryPoint\",\"urlTemplate\":\"https:\\\/\\\/www.malinashop.lt\\\/?s={search_term_string}\"},\"query-input\":{\"@type\":\"PropertyValueSpecification\",\"valueRequired\":true,\"valueName\":\"search_term_string\"}}],\"inLanguage\":\"en-GB\"},{\"@type\":\"Organization\",\"@id\":\"https:\\\/\\\/www.malinashop.lt\\\/#organization\",\"name\":\"COM Group Ecommerce\",\"url\":\"https:\\\/\\\/www.malinashop.lt\\\/\",\"logo\":{\"@type\":\"ImageObject\",\"inLanguage\":\"en-GB\",\"@id\":\"https:\\\/\\\/www.malinashop.lt\\\/#\\\/schema\\\/logo\\\/image\\\/\",\"url\":\"https:\\\/\\\/www.malinashop.lt\\\/wp-content\\\/uploads\\\/2024\\\/08\\\/462559670_3787732518133670_9795632669273463_n-e1731525914575.png\",\"contentUrl\":\"https:\\\/\\\/www.malinashop.lt\\\/wp-content\\\/uploads\\\/2024\\\/08\\\/462559670_3787732518133670_9795632669273463_n-e1731525914575.png\",\"width\":180,\"height\":60,\"caption\":\"COM Group Ecommerce\"},\"image\":{\"@id\":\"https:\\\/\\\/www.malinashop.lt\\\/#\\\/schema\\\/logo\\\/image\\\/\"}}]}<\/script>\n<!-- \/ Yoast SEO plugin. -->","yoast_head_json":{"title":"PAESE PEPTIDE (Coffee) l\u016bp\u0173 kauk\u0117 su peptidais, 10 g - MalinaShop.lt J\u016bs\u0173 sveikatai ir gro\u017eiui.","description":"PAESE PEPTIDE (Coffee) \u2013 l\u016bp\u0173 kauk\u0117 su peptidais, aliejais ir C, E vitaminais. Dr\u0117kina, maitina, glotnina ir suteikia l\u016bpoms nat\u016bralaus \u0161vyt\u0117jimo.","robots":{"index":"index","follow":"follow","max-snippet":"max-snippet:-1","max-image-preview":"max-image-preview:large","max-video-preview":"max-video-preview:-1"},"canonical":"https:\/\/www.malinashop.lt\/en\/shop\/paese-peptide-coffee-lupu-kauke-su-peptidais-10-g\/","og_locale":"en_GB","og_type":"article","og_title":"PAESE PEPTIDE (Coffee) l\u016bp\u0173 kauk\u0117 su peptidais, 10 g - MalinaShop.lt J\u016bs\u0173 sveikatai ir gro\u017eiui.","og_description":"PAESE PEPTIDE (Coffee) \u2013 l\u016bp\u0173 kauk\u0117 su peptidais, aliejais ir C, E vitaminais. Dr\u0117kina, maitina, glotnina ir suteikia l\u016bpoms nat\u016bralaus \u0161vyt\u0117jimo.","og_url":"https:\/\/www.malinashop.lt\/en\/shop\/paese-peptide-coffee-lupu-kauke-su-peptidais-10-g\/","og_site_name":"MalinaShop.lt J\u016bs\u0173 sveikatai ir gro\u017eiui.","article_modified_time":"2026-04-07T19:18:38+00:00","og_image":[{"width":768,"height":768,"url":"https:\/\/www.malinashop.lt\/wp-content\/uploads\/2026\/01\/PAESE-PEPTIDE-Coffee-lupu-kauke-su-peptidais-10-g.webp","type":"image\/webp"}],"twitter_card":"summary_large_image","schema":{"@context":"https:\/\/schema.org","@graph":[{"@type":"WebPage","@id":"https:\/\/www.malinashop.lt\/en\/shop\/paese-peptide-coffee-lupu-kauke-su-peptidais-10-g\/","url":"https:\/\/www.malinashop.lt\/en\/shop\/paese-peptide-coffee-lupu-kauke-su-peptidais-10-g\/","name":"PAESE PEPTIDE (Coffee) l\u016bp\u0173 kauk\u0117 su peptidais, 10 g - MalinaShop.lt J\u016bs\u0173 sveikatai ir gro\u017eiui.","isPartOf":{"@id":"https:\/\/www.malinashop.lt\/#website"},"primaryImageOfPage":{"@id":"https:\/\/www.malinashop.lt\/en\/shop\/paese-peptide-coffee-lupu-kauke-su-peptidais-10-g\/#primaryimage"},"image":{"@id":"https:\/\/www.malinashop.lt\/en\/shop\/paese-peptide-coffee-lupu-kauke-su-peptidais-10-g\/#primaryimage"},"thumbnailUrl":"https:\/\/www.malinashop.lt\/wp-content\/uploads\/2026\/01\/PAESE-PEPTIDE-Coffee-lupu-kauke-su-peptidais-10-g.webp","datePublished":"2026-01-06T20:43:36+00:00","dateModified":"2026-04-07T19:18:38+00:00","description":"PAESE PEPTIDE (Coffee) \u2013 l\u016bp\u0173 kauk\u0117 su peptidais, aliejais ir C, E vitaminais. Dr\u0117kina, maitina, glotnina ir suteikia l\u016bpoms nat\u016bralaus \u0161vyt\u0117jimo.","breadcrumb":{"@id":"https:\/\/www.malinashop.lt\/en\/shop\/paese-peptide-coffee-lupu-kauke-su-peptidais-10-g\/#breadcrumb"},"inLanguage":"en-GB","potentialAction":[{"@type":"ReadAction","target":["https:\/\/www.malinashop.lt\/en\/shop\/paese-peptide-coffee-lupu-kauke-su-peptidais-10-g\/"]}]},{"@type":"ImageObject","inLanguage":"en-GB","@id":"https:\/\/www.malinashop.lt\/en\/shop\/paese-peptide-coffee-lupu-kauke-su-peptidais-10-g\/#primaryimage","url":"https:\/\/www.malinashop.lt\/wp-content\/uploads\/2026\/01\/PAESE-PEPTIDE-Coffee-lupu-kauke-su-peptidais-10-g.webp","contentUrl":"https:\/\/www.malinashop.lt\/wp-content\/uploads\/2026\/01\/PAESE-PEPTIDE-Coffee-lupu-kauke-su-peptidais-10-g.webp","width":768,"height":768},{"@type":"BreadcrumbList","@id":"https:\/\/www.malinashop.lt\/en\/shop\/paese-peptide-coffee-lupu-kauke-su-peptidais-10-g\/#breadcrumb","itemListElement":[{"@type":"ListItem","position":1,"name":"Pagrindinis","item":"https:\/\/www.malinashop.lt\/"},{"@type":"ListItem","position":2,"name":"Parduotuv\u0117","item":"https:\/\/www.malinashop.lt\/en\/parduotuve\/"},{"@type":"ListItem","position":3,"name":"PAESE PEPTIDE (Coffee) l\u016bp\u0173 kauk\u0117 su peptidais, 10 g"}]},{"@type":"WebSite","@id":"https:\/\/www.malinashop.lt\/#website","url":"https:\/\/www.malinashop.lt\/","name":"COM Group Ecommerce","description":"MalinaShop.lt - Gro\u017eio ir sveikatos produktai i\u0161 patikim\u0173 preki\u0173 \u017eenkl\u0173. Atraskite auk\u0161tos kokyb\u0117s kosmetik\u0105 u\u017e puiki\u0105 kain\u0105.","publisher":{"@id":"https:\/\/www.malinashop.lt\/#organization"},"potentialAction":[{"@type":"SearchAction","target":{"@type":"EntryPoint","urlTemplate":"https:\/\/www.malinashop.lt\/?s={search_term_string}"},"query-input":{"@type":"PropertyValueSpecification","valueRequired":true,"valueName":"search_term_string"}}],"inLanguage":"en-GB"},{"@type":"Organization","@id":"https:\/\/www.malinashop.lt\/#organization","name":"COM Group Ecommerce","url":"https:\/\/www.malinashop.lt\/","logo":{"@type":"ImageObject","inLanguage":"en-GB","@id":"https:\/\/www.malinashop.lt\/#\/schema\/logo\/image\/","url":"https:\/\/www.malinashop.lt\/wp-content\/uploads\/2024\/08\/462559670_3787732518133670_9795632669273463_n-e1731525914575.png","contentUrl":"https:\/\/www.malinashop.lt\/wp-content\/uploads\/2024\/08\/462559670_3787732518133670_9795632669273463_n-e1731525914575.png","width":180,"height":60,"caption":"COM Group Ecommerce"},"image":{"@id":"https:\/\/www.malinashop.lt\/#\/schema\/logo\/image\/"}}]}},"jetpack_sharing_enabled":true,"_links":{"self":[{"href":"https:\/\/www.malinashop.lt\/en\/wp-json\/wp\/v2\/product\/72975","targetHints":{"allow":["GET"]}}],"collection":[{"href":"https:\/\/www.malinashop.lt\/en\/wp-json\/wp\/v2\/product"}],"about":[{"href":"https:\/\/www.malinashop.lt\/en\/wp-json\/wp\/v2\/types\/product"}],"version-history":[{"count":1,"href":"https:\/\/www.malinashop.lt\/en\/wp-json\/wp\/v2\/product\/72975\/revisions"}],"predecessor-version":[{"id":72980,"href":"https:\/\/www.malinashop.lt\/en\/wp-json\/wp\/v2\/product\/72975\/revisions\/72980"}],"wp:featuredmedia":[{"embeddable":true,"href":"https:\/\/www.malinashop.lt\/en\/wp-json\/wp\/v2\/media\/72979"}],"wp:attachment":[{"href":"https:\/\/www.malinashop.lt\/en\/wp-json\/wp\/v2\/media?parent=72975"}],"wp:term":[{"taxonomy":"product_brand","embeddable":true,"href":"https:\/\/www.malinashop.lt\/en\/wp-json\/wp\/v2\/product_brand?post=72975"},{"taxonomy":"product_cat","embeddable":true,"href":"https:\/\/www.malinashop.lt\/en\/wp-json\/wp\/v2\/product_cat?post=72975"},{"taxonomy":"product_tag","embeddable":true,"href":"https:\/\/www.malinashop.lt\/en\/wp-json\/wp\/v2\/product_tag?post=72975"}],"curies":[{"name":"wp","href":"https:\/\/api.w.org\/{rel}","templated":true}]}}