{"id":72969,"date":"2026-01-06T23:39:45","date_gmt":"2026-01-06T20:39:45","guid":{"rendered":"https:\/\/malinashop.lt\/?post_type=product&#038;p=72969"},"modified":"2026-04-07T22:18:39","modified_gmt":"2026-04-07T19:18:39","slug":"paese-peptide-raspberry-lupu-kauke-su-peptidais-10-g","status":"publish","type":"product","link":"https:\/\/www.malinashop.lt\/en\/shop\/paese-peptide-raspberry-lupu-kauke-su-peptidais-10-g\/","title":{"rendered":"PAESE PEPTIDE (Raspberry) l\u016bp\u0173 kauk\u0117 su peptidais, 10 g"},"content":{"rendered":"<p data-start=\"335\" data-end=\"606\">PAESE l\u016bp\u0173 kauk\u0117 <strong data-start=\"375\" data-end=\"398\">PEPTIDE (Raspberry)<\/strong> sukurta kasdienei l\u016bp\u0173 prie\u017ei\u016brai, kai norisi daugiau dr\u0117gm\u0117s, komforto ir apsaugos nuo i\u0161orini\u0173 veiksni\u0173. Tai peptid\u0173 pagrindu sukurta formul\u0117, padedanti i\u0161laikyti l\u016bp\u0173 odos glotnum\u0105 ir pri\u017ei\u016br\u0117t\u0105 i\u0161vaizd\u0105.<\/p>\n<p data-start=\"608\" data-end=\"718\">Kauk\u0117 <strong data-start=\"614\" data-end=\"645\">dr\u0117kina, maitina ir apsaugo<\/strong> l\u016bpas, o sud\u0117tyje esantys aktyvieji ingredientai veikia kompleksi\u0161kai:<\/p>\n<ul data-start=\"719\" data-end=\"1043\">\n<li data-start=\"719\" data-end=\"794\">\n<p data-start=\"721\" data-end=\"794\"><strong data-start=\"721\" data-end=\"733\">peptidai<\/strong> padeda glotninti l\u016bp\u0173 pavir\u0161i\u0173 ir gerinti bendr\u0105 j\u0173 b\u016bkl\u0119;<\/p>\n<\/li>\n<li data-start=\"795\" data-end=\"897\">\n<p data-start=\"797\" data-end=\"897\"><strong data-start=\"797\" data-end=\"845\">avie\u010di\u0173 s\u0117kl\u0173, simondsij\u0173 ir avokad\u0173 aliejai<\/strong> maitina, mink\u0161tina ir padeda atkurti elastingum\u0105;<\/p>\n<\/li>\n<li data-start=\"898\" data-end=\"1043\">\n<p data-start=\"900\" data-end=\"1043\"><strong data-start=\"900\" data-end=\"920\">C ir E vitaminai<\/strong> veikia kaip antioksidantai, saugantys l\u016bp\u0173 od\u0105 nuo \u017ealingo aplinkos poveikio ir skatinantys sveikai atrodant\u012f \u0161vyt\u0117jim\u0105.<\/p>\n<\/li>\n<\/ul>\n<p data-start=\"1045\" data-end=\"1257\">Aksomin\u0117 tekst\u016bra maloniai slysta l\u016bpomis, <strong data-start=\"1088\" data-end=\"1144\">lengvas kvapas ir nat\u016bral\u0173 gro\u017e\u012f pary\u0161kinanti spalva<\/strong> paver\u010dia kauk\u0117s naudojim\u0105 jaukiu kasdieniu ritualu. L\u016bpos atrodo glotnesn\u0117s, \u0161velnesn\u0117s ir vizualiai sveikesn\u0117s.<\/p>\n<p data-start=\"1259\" data-end=\"1275\">Tinka naudoti:<\/p>\n<ul data-start=\"1276\" data-end=\"1394\">\n<li data-start=\"1276\" data-end=\"1307\">\n<p data-start=\"1278\" data-end=\"1307\">kasdienai, vietoje balzamo;<\/p>\n<\/li>\n<li data-start=\"1308\" data-end=\"1353\">\n<p data-start=\"1310\" data-end=\"1353\">prie\u0161 l\u016bp\u0173 da\u017eus \u2013 kaip dr\u0117kinan\u010di\u0105 baz\u0119;<\/p>\n<\/li>\n<li data-start=\"1354\" data-end=\"1394\">\n<p data-start=\"1356\" data-end=\"1394\">vakare \u2013 kaip intensyvesn\u0119 l\u016bp\u0173 kauk\u0119.<\/p>\n<\/li>\n<\/ul>\n<p data-start=\"1396\" data-end=\"1591\"><strong data-start=\"1396\" data-end=\"1410\">Naudojimas<\/strong><br data-start=\"1410\" data-end=\"1413\" \/>U\u017etepkite reikiam\u0105 kiek\u012f kauk\u0117s ant \u0161vari\u0173 l\u016bp\u0173 ir tolygiai paskirstykite per vis\u0105 j\u0173 pavir\u0161i\u0173. Naudokite pagal poreik\u012f \u2013 <strong data-start=\"1535\" data-end=\"1561\">kelis kartus per dien\u0105<\/strong> arba kaip naktin\u0119 l\u016bp\u0173 kauk\u0119.<\/p>\n","protected":false},"excerpt":{"rendered":"<p data-start=\"840\" data-end=\"1020\">PAESE PEPTIDE (Raspberry) \u2013 intensyviai dr\u0117kinanti l\u016bp\u0173 kauk\u0117 su peptidais, avie\u010di\u0173 s\u0117kl\u0173, simondsij\u0173 ir avokad\u0173 aliejais bei C ir E vitaminais. Maitina, \u0161velnina ir suteikia l\u016bpoms nat\u016bralaus \u0161vyt\u0117jimo.<\/p>\n","protected":false},"featured_media":72973,"template":"","meta":[],"product_brand":[1534],"product_cat":[102,708,1352],"product_tag":[1614],"class_list":{"0":"post-72969","1":"product","2":"type-product","3":"status-publish","4":"has-post-thumbnail","6":"product_brand-paese","7":"product_cat-dekoratyvine-kosmetika","8":"product_cat-lupoms","9":"product_cat-lupu-kaukes","10":"product_tag-paese","12":"first","13":"outofstock","14":"purchasable","15":"product-type-simple"},"yoast_head":"<!-- This site is optimized with the Yoast SEO plugin v27.4 - https:\/\/yoast.com\/product\/yoast-seo-wordpress\/ -->\n<title>PAESE PEPTIDE (Raspberry) l\u016bp\u0173 kauk\u0117 su peptidais, 10 g - MalinaShop.lt J\u016bs\u0173 sveikatai ir gro\u017eiui.<\/title>\n<meta name=\"description\" content=\"PAESE PEPTIDE (Raspberry) \u2013 l\u016bp\u0173 kauk\u0117 su peptidais, aliejais ir C, E vitaminais. Dr\u0117kina, maitina, glotnina ir suteikia l\u016bpoms nat\u016bralaus \u0161vyt\u0117jimo.\" \/>\n<meta name=\"robots\" content=\"index, follow, max-snippet:-1, max-image-preview:large, max-video-preview:-1\" \/>\n<link rel=\"canonical\" href=\"https:\/\/www.malinashop.lt\/en\/shop\/paese-peptide-raspberry-lupu-kauke-su-peptidais-10-g\/\" \/>\n<meta property=\"og:locale\" content=\"en_GB\" \/>\n<meta property=\"og:type\" content=\"article\" \/>\n<meta property=\"og:title\" content=\"PAESE PEPTIDE (Raspberry) l\u016bp\u0173 kauk\u0117 su peptidais, 10 g - MalinaShop.lt J\u016bs\u0173 sveikatai ir gro\u017eiui.\" \/>\n<meta property=\"og:description\" content=\"PAESE PEPTIDE (Raspberry) \u2013 l\u016bp\u0173 kauk\u0117 su peptidais, aliejais ir C, E vitaminais. Dr\u0117kina, maitina, glotnina ir suteikia l\u016bpoms nat\u016bralaus \u0161vyt\u0117jimo.\" \/>\n<meta property=\"og:url\" content=\"https:\/\/www.malinashop.lt\/en\/shop\/paese-peptide-raspberry-lupu-kauke-su-peptidais-10-g\/\" \/>\n<meta property=\"og:site_name\" content=\"MalinaShop.lt J\u016bs\u0173 sveikatai ir gro\u017eiui.\" \/>\n<meta property=\"article:modified_time\" content=\"2026-04-07T19:18:39+00:00\" \/>\n<meta property=\"og:image\" content=\"https:\/\/www.malinashop.lt\/wp-content\/uploads\/2026\/01\/PAESE-PEPTIDE-Raspberry-lupu-kauke-su-peptidais-10-g.webp\" \/>\n\t<meta property=\"og:image:width\" content=\"768\" \/>\n\t<meta property=\"og:image:height\" content=\"768\" \/>\n\t<meta property=\"og:image:type\" content=\"image\/webp\" \/>\n<meta name=\"twitter:card\" content=\"summary_large_image\" \/>\n<script type=\"application\/ld+json\" class=\"yoast-schema-graph\">{\"@context\":\"https:\\\/\\\/schema.org\",\"@graph\":[{\"@type\":\"WebPage\",\"@id\":\"https:\\\/\\\/www.malinashop.lt\\\/en\\\/shop\\\/paese-peptide-raspberry-lupu-kauke-su-peptidais-10-g\\\/\",\"url\":\"https:\\\/\\\/www.malinashop.lt\\\/en\\\/shop\\\/paese-peptide-raspberry-lupu-kauke-su-peptidais-10-g\\\/\",\"name\":\"PAESE PEPTIDE (Raspberry) l\u016bp\u0173 kauk\u0117 su peptidais, 10 g - MalinaShop.lt J\u016bs\u0173 sveikatai ir gro\u017eiui.\",\"isPartOf\":{\"@id\":\"https:\\\/\\\/www.malinashop.lt\\\/en\\\/#website\"},\"primaryImageOfPage\":{\"@id\":\"https:\\\/\\\/www.malinashop.lt\\\/en\\\/shop\\\/paese-peptide-raspberry-lupu-kauke-su-peptidais-10-g\\\/#primaryimage\"},\"image\":{\"@id\":\"https:\\\/\\\/www.malinashop.lt\\\/en\\\/shop\\\/paese-peptide-raspberry-lupu-kauke-su-peptidais-10-g\\\/#primaryimage\"},\"thumbnailUrl\":\"https:\\\/\\\/www.malinashop.lt\\\/wp-content\\\/uploads\\\/2026\\\/01\\\/PAESE-PEPTIDE-Raspberry-lupu-kauke-su-peptidais-10-g.webp\",\"datePublished\":\"2026-01-06T20:39:45+00:00\",\"dateModified\":\"2026-04-07T19:18:39+00:00\",\"description\":\"PAESE PEPTIDE (Raspberry) \u2013 l\u016bp\u0173 kauk\u0117 su peptidais, aliejais ir C, E vitaminais. Dr\u0117kina, maitina, glotnina ir suteikia l\u016bpoms nat\u016bralaus \u0161vyt\u0117jimo.\",\"breadcrumb\":{\"@id\":\"https:\\\/\\\/www.malinashop.lt\\\/en\\\/shop\\\/paese-peptide-raspberry-lupu-kauke-su-peptidais-10-g\\\/#breadcrumb\"},\"inLanguage\":\"en-GB\",\"potentialAction\":[{\"@type\":\"ReadAction\",\"target\":[\"https:\\\/\\\/www.malinashop.lt\\\/en\\\/shop\\\/paese-peptide-raspberry-lupu-kauke-su-peptidais-10-g\\\/\"]}]},{\"@type\":\"ImageObject\",\"inLanguage\":\"en-GB\",\"@id\":\"https:\\\/\\\/www.malinashop.lt\\\/en\\\/shop\\\/paese-peptide-raspberry-lupu-kauke-su-peptidais-10-g\\\/#primaryimage\",\"url\":\"https:\\\/\\\/www.malinashop.lt\\\/wp-content\\\/uploads\\\/2026\\\/01\\\/PAESE-PEPTIDE-Raspberry-lupu-kauke-su-peptidais-10-g.webp\",\"contentUrl\":\"https:\\\/\\\/www.malinashop.lt\\\/wp-content\\\/uploads\\\/2026\\\/01\\\/PAESE-PEPTIDE-Raspberry-lupu-kauke-su-peptidais-10-g.webp\",\"width\":768,\"height\":768},{\"@type\":\"BreadcrumbList\",\"@id\":\"https:\\\/\\\/www.malinashop.lt\\\/en\\\/shop\\\/paese-peptide-raspberry-lupu-kauke-su-peptidais-10-g\\\/#breadcrumb\",\"itemListElement\":[{\"@type\":\"ListItem\",\"position\":1,\"name\":\"Home\",\"item\":\"https:\\\/\\\/www.malinashop.lt\\\/en\\\/\"},{\"@type\":\"ListItem\",\"position\":2,\"name\":\"Parduotuv\u0117\",\"item\":\"https:\\\/\\\/www.malinashop.lt\\\/en\\\/parduotuve\\\/\"},{\"@type\":\"ListItem\",\"position\":3,\"name\":\"PAESE PEPTIDE (Raspberry) l\u016bp\u0173 kauk\u0117 su peptidais, 10 g\"}]},{\"@type\":\"WebSite\",\"@id\":\"https:\\\/\\\/www.malinashop.lt\\\/en\\\/#website\",\"url\":\"https:\\\/\\\/www.malinashop.lt\\\/en\\\/\",\"name\":\"COM Group Ecommerce\",\"description\":\"MalinaShop.lt - Gro\u017eio ir sveikatos produktai i\u0161 patikim\u0173 preki\u0173 \u017eenkl\u0173. Atraskite auk\u0161tos kokyb\u0117s kosmetik\u0105 u\u017e puiki\u0105 kain\u0105.\",\"publisher\":{\"@id\":\"https:\\\/\\\/www.malinashop.lt\\\/en\\\/#organization\"},\"potentialAction\":[{\"@type\":\"SearchAction\",\"target\":{\"@type\":\"EntryPoint\",\"urlTemplate\":\"https:\\\/\\\/www.malinashop.lt\\\/en\\\/?s={search_term_string}\"},\"query-input\":{\"@type\":\"PropertyValueSpecification\",\"valueRequired\":true,\"valueName\":\"search_term_string\"}}],\"inLanguage\":\"en-GB\"},{\"@type\":\"Organization\",\"@id\":\"https:\\\/\\\/www.malinashop.lt\\\/en\\\/#organization\",\"name\":\"COM Group Ecommerce\",\"url\":\"https:\\\/\\\/www.malinashop.lt\\\/en\\\/\",\"logo\":{\"@type\":\"ImageObject\",\"inLanguage\":\"en-GB\",\"@id\":\"https:\\\/\\\/www.malinashop.lt\\\/en\\\/#\\\/schema\\\/logo\\\/image\\\/\",\"url\":\"https:\\\/\\\/www.malinashop.lt\\\/wp-content\\\/uploads\\\/2024\\\/08\\\/462559670_3787732518133670_9795632669273463_n-e1731525914575.png\",\"contentUrl\":\"https:\\\/\\\/www.malinashop.lt\\\/wp-content\\\/uploads\\\/2024\\\/08\\\/462559670_3787732518133670_9795632669273463_n-e1731525914575.png\",\"width\":180,\"height\":60,\"caption\":\"COM Group Ecommerce\"},\"image\":{\"@id\":\"https:\\\/\\\/www.malinashop.lt\\\/en\\\/#\\\/schema\\\/logo\\\/image\\\/\"}}]}<\/script>\n<!-- \/ Yoast SEO plugin. -->","yoast_head_json":{"title":"PAESE PEPTIDE (Raspberry) l\u016bp\u0173 kauk\u0117 su peptidais, 10 g - MalinaShop.lt J\u016bs\u0173 sveikatai ir gro\u017eiui.","description":"PAESE PEPTIDE (Raspberry) \u2013 l\u016bp\u0173 kauk\u0117 su peptidais, aliejais ir C, E vitaminais. Dr\u0117kina, maitina, glotnina ir suteikia l\u016bpoms nat\u016bralaus \u0161vyt\u0117jimo.","robots":{"index":"index","follow":"follow","max-snippet":"max-snippet:-1","max-image-preview":"max-image-preview:large","max-video-preview":"max-video-preview:-1"},"canonical":"https:\/\/www.malinashop.lt\/en\/shop\/paese-peptide-raspberry-lupu-kauke-su-peptidais-10-g\/","og_locale":"en_GB","og_type":"article","og_title":"PAESE PEPTIDE (Raspberry) l\u016bp\u0173 kauk\u0117 su peptidais, 10 g - MalinaShop.lt J\u016bs\u0173 sveikatai ir gro\u017eiui.","og_description":"PAESE PEPTIDE (Raspberry) \u2013 l\u016bp\u0173 kauk\u0117 su peptidais, aliejais ir C, E vitaminais. Dr\u0117kina, maitina, glotnina ir suteikia l\u016bpoms nat\u016bralaus \u0161vyt\u0117jimo.","og_url":"https:\/\/www.malinashop.lt\/en\/shop\/paese-peptide-raspberry-lupu-kauke-su-peptidais-10-g\/","og_site_name":"MalinaShop.lt J\u016bs\u0173 sveikatai ir gro\u017eiui.","article_modified_time":"2026-04-07T19:18:39+00:00","og_image":[{"width":768,"height":768,"url":"https:\/\/www.malinashop.lt\/wp-content\/uploads\/2026\/01\/PAESE-PEPTIDE-Raspberry-lupu-kauke-su-peptidais-10-g.webp","type":"image\/webp"}],"twitter_card":"summary_large_image","schema":{"@context":"https:\/\/schema.org","@graph":[{"@type":"WebPage","@id":"https:\/\/www.malinashop.lt\/en\/shop\/paese-peptide-raspberry-lupu-kauke-su-peptidais-10-g\/","url":"https:\/\/www.malinashop.lt\/en\/shop\/paese-peptide-raspberry-lupu-kauke-su-peptidais-10-g\/","name":"PAESE PEPTIDE (Raspberry) l\u016bp\u0173 kauk\u0117 su peptidais, 10 g - MalinaShop.lt J\u016bs\u0173 sveikatai ir gro\u017eiui.","isPartOf":{"@id":"https:\/\/www.malinashop.lt\/en\/#website"},"primaryImageOfPage":{"@id":"https:\/\/www.malinashop.lt\/en\/shop\/paese-peptide-raspberry-lupu-kauke-su-peptidais-10-g\/#primaryimage"},"image":{"@id":"https:\/\/www.malinashop.lt\/en\/shop\/paese-peptide-raspberry-lupu-kauke-su-peptidais-10-g\/#primaryimage"},"thumbnailUrl":"https:\/\/www.malinashop.lt\/wp-content\/uploads\/2026\/01\/PAESE-PEPTIDE-Raspberry-lupu-kauke-su-peptidais-10-g.webp","datePublished":"2026-01-06T20:39:45+00:00","dateModified":"2026-04-07T19:18:39+00:00","description":"PAESE PEPTIDE (Raspberry) \u2013 l\u016bp\u0173 kauk\u0117 su peptidais, aliejais ir C, E vitaminais. Dr\u0117kina, maitina, glotnina ir suteikia l\u016bpoms nat\u016bralaus \u0161vyt\u0117jimo.","breadcrumb":{"@id":"https:\/\/www.malinashop.lt\/en\/shop\/paese-peptide-raspberry-lupu-kauke-su-peptidais-10-g\/#breadcrumb"},"inLanguage":"en-GB","potentialAction":[{"@type":"ReadAction","target":["https:\/\/www.malinashop.lt\/en\/shop\/paese-peptide-raspberry-lupu-kauke-su-peptidais-10-g\/"]}]},{"@type":"ImageObject","inLanguage":"en-GB","@id":"https:\/\/www.malinashop.lt\/en\/shop\/paese-peptide-raspberry-lupu-kauke-su-peptidais-10-g\/#primaryimage","url":"https:\/\/www.malinashop.lt\/wp-content\/uploads\/2026\/01\/PAESE-PEPTIDE-Raspberry-lupu-kauke-su-peptidais-10-g.webp","contentUrl":"https:\/\/www.malinashop.lt\/wp-content\/uploads\/2026\/01\/PAESE-PEPTIDE-Raspberry-lupu-kauke-su-peptidais-10-g.webp","width":768,"height":768},{"@type":"BreadcrumbList","@id":"https:\/\/www.malinashop.lt\/en\/shop\/paese-peptide-raspberry-lupu-kauke-su-peptidais-10-g\/#breadcrumb","itemListElement":[{"@type":"ListItem","position":1,"name":"Home","item":"https:\/\/www.malinashop.lt\/en\/"},{"@type":"ListItem","position":2,"name":"Parduotuv\u0117","item":"https:\/\/www.malinashop.lt\/en\/parduotuve\/"},{"@type":"ListItem","position":3,"name":"PAESE PEPTIDE (Raspberry) l\u016bp\u0173 kauk\u0117 su peptidais, 10 g"}]},{"@type":"WebSite","@id":"https:\/\/www.malinashop.lt\/en\/#website","url":"https:\/\/www.malinashop.lt\/en\/","name":"COM Group Ecommerce","description":"MalinaShop.lt - Gro\u017eio ir sveikatos produktai i\u0161 patikim\u0173 preki\u0173 \u017eenkl\u0173. Atraskite auk\u0161tos kokyb\u0117s kosmetik\u0105 u\u017e puiki\u0105 kain\u0105.","publisher":{"@id":"https:\/\/www.malinashop.lt\/en\/#organization"},"potentialAction":[{"@type":"SearchAction","target":{"@type":"EntryPoint","urlTemplate":"https:\/\/www.malinashop.lt\/en\/?s={search_term_string}"},"query-input":{"@type":"PropertyValueSpecification","valueRequired":true,"valueName":"search_term_string"}}],"inLanguage":"en-GB"},{"@type":"Organization","@id":"https:\/\/www.malinashop.lt\/en\/#organization","name":"COM Group Ecommerce","url":"https:\/\/www.malinashop.lt\/en\/","logo":{"@type":"ImageObject","inLanguage":"en-GB","@id":"https:\/\/www.malinashop.lt\/en\/#\/schema\/logo\/image\/","url":"https:\/\/www.malinashop.lt\/wp-content\/uploads\/2024\/08\/462559670_3787732518133670_9795632669273463_n-e1731525914575.png","contentUrl":"https:\/\/www.malinashop.lt\/wp-content\/uploads\/2024\/08\/462559670_3787732518133670_9795632669273463_n-e1731525914575.png","width":180,"height":60,"caption":"COM Group Ecommerce"},"image":{"@id":"https:\/\/www.malinashop.lt\/en\/#\/schema\/logo\/image\/"}}]}},"jetpack_sharing_enabled":true,"_links":{"self":[{"href":"https:\/\/www.malinashop.lt\/en\/wp-json\/wp\/v2\/product\/72969","targetHints":{"allow":["GET"]}}],"collection":[{"href":"https:\/\/www.malinashop.lt\/en\/wp-json\/wp\/v2\/product"}],"about":[{"href":"https:\/\/www.malinashop.lt\/en\/wp-json\/wp\/v2\/types\/product"}],"version-history":[{"count":1,"href":"https:\/\/www.malinashop.lt\/en\/wp-json\/wp\/v2\/product\/72969\/revisions"}],"predecessor-version":[{"id":72974,"href":"https:\/\/www.malinashop.lt\/en\/wp-json\/wp\/v2\/product\/72969\/revisions\/72974"}],"wp:featuredmedia":[{"embeddable":true,"href":"https:\/\/www.malinashop.lt\/en\/wp-json\/wp\/v2\/media\/72973"}],"wp:attachment":[{"href":"https:\/\/www.malinashop.lt\/en\/wp-json\/wp\/v2\/media?parent=72969"}],"wp:term":[{"taxonomy":"product_brand","embeddable":true,"href":"https:\/\/www.malinashop.lt\/en\/wp-json\/wp\/v2\/product_brand?post=72969"},{"taxonomy":"product_cat","embeddable":true,"href":"https:\/\/www.malinashop.lt\/en\/wp-json\/wp\/v2\/product_cat?post=72969"},{"taxonomy":"product_tag","embeddable":true,"href":"https:\/\/www.malinashop.lt\/en\/wp-json\/wp\/v2\/product_tag?post=72969"}],"curies":[{"name":"wp","href":"https:\/\/api.w.org\/{rel}","templated":true}]}}