{"id":72963,"date":"2026-01-06T23:35:11","date_gmt":"2026-01-06T20:35:11","guid":{"rendered":"https:\/\/malinashop.lt\/?post_type=product&#038;p=72963"},"modified":"2026-04-07T22:18:39","modified_gmt":"2026-04-07T19:18:39","slug":"paese-peptide-cherry-peptidine-lupu-kauke-10-g","status":"publish","type":"product","link":"https:\/\/www.malinashop.lt\/en\/shop\/paese-peptide-cherry-peptidine-lupu-kauke-10-g\/","title":{"rendered":"PAESE PEPTIDE (Cherry) peptidin\u0117 l\u016bp\u0173 kauk\u0117, 10 g"},"content":{"rendered":"<p data-start=\"318\" data-end=\"579\">PAESE PEPTIDE (Cherry) \u2013 tai intensyvi <strong data-start=\"380\" data-end=\"404\">peptidin\u0117 l\u016bp\u0173 kauk\u0117<\/strong>, sukurta kasdienei saus\u0173, \u0161erpetojan\u010di\u0173 ar jautri\u0173 l\u016bp\u0173 prie\u017ei\u016brai. Ji padeda atkurti komforto jausm\u0105, saugo nuo i\u0161saus\u0117jimo ir suteikia l\u016bpoms glotnumo bei sveiko spindesio.<\/p>\n<p data-start=\"581\" data-end=\"603\">Formul\u0117 praturtinta:<\/p>\n<ul data-start=\"604\" data-end=\"994\">\n<li data-start=\"604\" data-end=\"718\">\n<p data-start=\"606\" data-end=\"718\"><strong data-start=\"606\" data-end=\"619\">peptidais<\/strong>, kurie padeda gerinti l\u016bp\u0173 odos b\u016bkl\u0119, glotninti pavir\u0161i\u0173 ir prisideda prie elastingumo poj\u016b\u010dio;<\/p>\n<\/li>\n<li data-start=\"719\" data-end=\"832\">\n<p data-start=\"721\" data-end=\"832\"><strong data-start=\"721\" data-end=\"770\">avie\u010di\u0173 s\u0117kl\u0173, simondsij\u0173 ir avokad\u0173 aliejais<\/strong>, kurie intensyviai <strong data-start=\"790\" data-end=\"823\">dr\u0117kina, maitina ir mink\u0161tina<\/strong> l\u016bpas;<\/p>\n<\/li>\n<li data-start=\"833\" data-end=\"994\">\n<p data-start=\"835\" data-end=\"994\"><strong data-start=\"835\" data-end=\"856\">C ir E vitaminais<\/strong>, veikian\u010diais kaip antioksidantai \u2013 jie padeda saugoti l\u016bp\u0173 od\u0105 nuo \u017ealingo aplinkos poveikio ir palaikyti sveikai atrodant\u012f \u0161vyt\u0117jim\u0105.<\/p>\n<\/li>\n<\/ul>\n<p data-start=\"996\" data-end=\"1249\">Kauk\u0117 pasi\u017eymi <strong data-start=\"1011\" data-end=\"1032\">aksomine tekst\u016bra<\/strong>, lengvai slystan\u010dia per l\u016bpas, ir maloniu, subtiliu kvapu. Nat\u016bral\u0173 gro\u017e\u012f pary\u0161kinanti spalva suteikia l\u016bpoms gaiv\u0173, pri\u017ei\u016br\u0117t\u0173 l\u016bp\u0173 efekt\u0105 \u2013 tinka tiek kasdienai be makia\u017eo, tiek kaip baz\u0117 po l\u016bp\u0173 da\u017eais ar blizgiu.<\/p>\n<p data-start=\"1251\" data-end=\"1288\">Reguliariai naudojant, l\u016bpos tampa:<\/p>\n<ul data-start=\"1289\" data-end=\"1408\">\n<li data-start=\"1289\" data-end=\"1318\">\n<p data-start=\"1291\" data-end=\"1318\">\u0161velnesn\u0117s ir glotnesn\u0117s,<\/p>\n<\/li>\n<li data-start=\"1319\" data-end=\"1361\">\n<p data-start=\"1321\" data-end=\"1361\">ma\u017eiau linkusios \u0161erpetoti ir saus\u0117ti,<\/p>\n<\/li>\n<li data-start=\"1362\" data-end=\"1408\">\n<p data-start=\"1364\" data-end=\"1408\">vizualiai putlesn\u0117s ir sveikiau atrodan\u010dios.<\/p>\n<\/li>\n<\/ul>\n<p data-start=\"1410\" data-end=\"1439\"><strong data-start=\"1410\" data-end=\"1437\">Pagrindiniai privalumai<\/strong><\/p>\n<ul data-start=\"1440\" data-end=\"1720\">\n<li data-start=\"1440\" data-end=\"1471\">\n<p data-start=\"1442\" data-end=\"1471\">Dr\u0117kina ir maitina l\u016bp\u0173 od\u0105<\/p>\n<\/li>\n<li data-start=\"1472\" data-end=\"1516\">\n<p data-start=\"1474\" data-end=\"1516\">\u0160velnina, glotnina ir suteikia \u0161vyt\u0117jimo<\/p>\n<\/li>\n<li data-start=\"1517\" data-end=\"1580\">\n<p data-start=\"1519\" data-end=\"1580\">Saugo nuo i\u0161orini\u0173 veiksni\u0173 (v\u0117jo, \u0161al\u010dio, sausos aplinkos)<\/p>\n<\/li>\n<li data-start=\"1581\" data-end=\"1647\">\n<p data-start=\"1583\" data-end=\"1647\">Praturtinta peptidais, augaliniais aliejais, C ir E vitaminais<\/p>\n<\/li>\n<li data-start=\"1648\" data-end=\"1688\">\n<p data-start=\"1650\" data-end=\"1688\">Aksomin\u0117 tekst\u016bra ir subtilus kvapas<\/p>\n<\/li>\n<li data-start=\"1689\" data-end=\"1720\">\n<p data-start=\"1691\" data-end=\"1720\">Pary\u0161kina nat\u016bral\u0173 l\u016bp\u0173 gro\u017e\u012f<\/p>\n<\/li>\n<\/ul>\n<p data-start=\"1722\" data-end=\"1942\"><strong data-start=\"1722\" data-end=\"1736\">Naudojimas<\/strong><br data-start=\"1736\" data-end=\"1739\" \/>U\u017etepkite reikiam\u0105 kiek\u012f kauk\u0117s ant \u0161vari\u0173 l\u016bp\u0173 ir tolygiai paskirstykite per vis\u0105 j\u0173 pavir\u0161i\u0173. Naudokite pagal poreik\u012f \u2013 <strong data-start=\"1861\" data-end=\"1887\">kelis kartus per dien\u0105<\/strong> arba kaip naktin\u0119 kauk\u0119 intensyvesnei l\u016bp\u0173 prie\u017ei\u016brai.<\/p>\n","protected":false},"excerpt":{"rendered":"<p data-start=\"840\" data-end=\"1020\">PAESE PEPTIDE (Cherry) \u2013 peptidin\u0117 l\u016bp\u0173 kauk\u0117 su avie\u010di\u0173 s\u0117kl\u0173, simondsij\u0173 ir avokad\u0173 aliejais bei C ir E vitaminais. Giliai dr\u0117kina, maitina, \u0161velnina ir suteikia l\u016bpoms nat\u016bralaus \u0161vyt\u0117jimo.<\/p>\n","protected":false},"featured_media":72967,"template":"","meta":[],"product_brand":[1534],"product_cat":[102,708,1352],"product_tag":[1614],"class_list":{"0":"post-72963","1":"product","2":"type-product","3":"status-publish","4":"has-post-thumbnail","6":"product_brand-paese","7":"product_cat-dekoratyvine-kosmetika","8":"product_cat-lupoms","9":"product_cat-lupu-kaukes","10":"product_tag-paese","12":"first","13":"instock","14":"purchasable","15":"product-type-simple"},"yoast_head":"<!-- This site is optimized with the Yoast SEO plugin v27.4 - https:\/\/yoast.com\/product\/yoast-seo-wordpress\/ -->\n<title>PAESE PEPTIDE (Cherry) peptidin\u0117 l\u016bp\u0173 kauk\u0117, 10 g - MalinaShop.lt J\u016bs\u0173 sveikatai ir gro\u017eiui.<\/title>\n<meta name=\"description\" content=\"PAESE PEPTIDE (Cherry) \u2013 peptidin\u0117 l\u016bp\u0173 kauk\u0117 su aliejais ir C, E vitaminais. Dr\u0117kina, maitina, glotnina ir suteikia l\u016bpoms nat\u016bralaus \u0161vyt\u0117jimo kasdienai.\" \/>\n<meta name=\"robots\" content=\"index, follow, max-snippet:-1, max-image-preview:large, max-video-preview:-1\" \/>\n<link rel=\"canonical\" href=\"https:\/\/www.malinashop.lt\/en\/shop\/paese-peptide-cherry-peptidine-lupu-kauke-10-g\/\" \/>\n<meta property=\"og:locale\" content=\"en_GB\" \/>\n<meta property=\"og:type\" content=\"article\" \/>\n<meta property=\"og:title\" content=\"PAESE PEPTIDE (Cherry) peptidin\u0117 l\u016bp\u0173 kauk\u0117, 10 g - MalinaShop.lt J\u016bs\u0173 sveikatai ir gro\u017eiui.\" \/>\n<meta property=\"og:description\" content=\"PAESE PEPTIDE (Cherry) \u2013 peptidin\u0117 l\u016bp\u0173 kauk\u0117 su aliejais ir C, E vitaminais. Dr\u0117kina, maitina, glotnina ir suteikia l\u016bpoms nat\u016bralaus \u0161vyt\u0117jimo kasdienai.\" \/>\n<meta property=\"og:url\" content=\"https:\/\/www.malinashop.lt\/en\/shop\/paese-peptide-cherry-peptidine-lupu-kauke-10-g\/\" \/>\n<meta property=\"og:site_name\" content=\"MalinaShop.lt J\u016bs\u0173 sveikatai ir gro\u017eiui.\" \/>\n<meta property=\"article:modified_time\" content=\"2026-04-07T19:18:39+00:00\" \/>\n<meta property=\"og:image\" content=\"https:\/\/www.malinashop.lt\/wp-content\/uploads\/2026\/01\/PAESE-PEPTIDE-Cherry-peptidine-lupu-kauke-10-g.webp\" \/>\n\t<meta property=\"og:image:width\" content=\"768\" \/>\n\t<meta property=\"og:image:height\" content=\"768\" \/>\n\t<meta property=\"og:image:type\" content=\"image\/webp\" \/>\n<meta name=\"twitter:card\" content=\"summary_large_image\" \/>\n<script type=\"application\/ld+json\" class=\"yoast-schema-graph\">{\"@context\":\"https:\\\/\\\/schema.org\",\"@graph\":[{\"@type\":\"WebPage\",\"@id\":\"https:\\\/\\\/www.malinashop.lt\\\/en\\\/shop\\\/paese-peptide-cherry-peptidine-lupu-kauke-10-g\\\/\",\"url\":\"https:\\\/\\\/www.malinashop.lt\\\/en\\\/shop\\\/paese-peptide-cherry-peptidine-lupu-kauke-10-g\\\/\",\"name\":\"PAESE PEPTIDE (Cherry) peptidin\u0117 l\u016bp\u0173 kauk\u0117, 10 g - MalinaShop.lt J\u016bs\u0173 sveikatai ir gro\u017eiui.\",\"isPartOf\":{\"@id\":\"https:\\\/\\\/www.malinashop.lt\\\/#website\"},\"primaryImageOfPage\":{\"@id\":\"https:\\\/\\\/www.malinashop.lt\\\/en\\\/shop\\\/paese-peptide-cherry-peptidine-lupu-kauke-10-g\\\/#primaryimage\"},\"image\":{\"@id\":\"https:\\\/\\\/www.malinashop.lt\\\/en\\\/shop\\\/paese-peptide-cherry-peptidine-lupu-kauke-10-g\\\/#primaryimage\"},\"thumbnailUrl\":\"https:\\\/\\\/www.malinashop.lt\\\/wp-content\\\/uploads\\\/2026\\\/01\\\/PAESE-PEPTIDE-Cherry-peptidine-lupu-kauke-10-g.webp\",\"datePublished\":\"2026-01-06T20:35:11+00:00\",\"dateModified\":\"2026-04-07T19:18:39+00:00\",\"description\":\"PAESE PEPTIDE (Cherry) \u2013 peptidin\u0117 l\u016bp\u0173 kauk\u0117 su aliejais ir C, E vitaminais. Dr\u0117kina, maitina, glotnina ir suteikia l\u016bpoms nat\u016bralaus \u0161vyt\u0117jimo kasdienai.\",\"breadcrumb\":{\"@id\":\"https:\\\/\\\/www.malinashop.lt\\\/en\\\/shop\\\/paese-peptide-cherry-peptidine-lupu-kauke-10-g\\\/#breadcrumb\"},\"inLanguage\":\"en-GB\",\"potentialAction\":[{\"@type\":\"ReadAction\",\"target\":[\"https:\\\/\\\/www.malinashop.lt\\\/en\\\/shop\\\/paese-peptide-cherry-peptidine-lupu-kauke-10-g\\\/\"]}]},{\"@type\":\"ImageObject\",\"inLanguage\":\"en-GB\",\"@id\":\"https:\\\/\\\/www.malinashop.lt\\\/en\\\/shop\\\/paese-peptide-cherry-peptidine-lupu-kauke-10-g\\\/#primaryimage\",\"url\":\"https:\\\/\\\/www.malinashop.lt\\\/wp-content\\\/uploads\\\/2026\\\/01\\\/PAESE-PEPTIDE-Cherry-peptidine-lupu-kauke-10-g.webp\",\"contentUrl\":\"https:\\\/\\\/www.malinashop.lt\\\/wp-content\\\/uploads\\\/2026\\\/01\\\/PAESE-PEPTIDE-Cherry-peptidine-lupu-kauke-10-g.webp\",\"width\":768,\"height\":768},{\"@type\":\"BreadcrumbList\",\"@id\":\"https:\\\/\\\/www.malinashop.lt\\\/en\\\/shop\\\/paese-peptide-cherry-peptidine-lupu-kauke-10-g\\\/#breadcrumb\",\"itemListElement\":[{\"@type\":\"ListItem\",\"position\":1,\"name\":\"Pagrindinis\",\"item\":\"https:\\\/\\\/www.malinashop.lt\\\/\"},{\"@type\":\"ListItem\",\"position\":2,\"name\":\"Parduotuv\u0117\",\"item\":\"https:\\\/\\\/www.malinashop.lt\\\/en\\\/parduotuve\\\/\"},{\"@type\":\"ListItem\",\"position\":3,\"name\":\"PAESE PEPTIDE (Cherry) peptidin\u0117 l\u016bp\u0173 kauk\u0117, 10 g\"}]},{\"@type\":\"WebSite\",\"@id\":\"https:\\\/\\\/www.malinashop.lt\\\/#website\",\"url\":\"https:\\\/\\\/www.malinashop.lt\\\/\",\"name\":\"COM Group Ecommerce\",\"description\":\"MalinaShop.lt - Gro\u017eio ir sveikatos produktai i\u0161 patikim\u0173 preki\u0173 \u017eenkl\u0173. Atraskite auk\u0161tos kokyb\u0117s kosmetik\u0105 u\u017e puiki\u0105 kain\u0105.\",\"publisher\":{\"@id\":\"https:\\\/\\\/www.malinashop.lt\\\/#organization\"},\"potentialAction\":[{\"@type\":\"SearchAction\",\"target\":{\"@type\":\"EntryPoint\",\"urlTemplate\":\"https:\\\/\\\/www.malinashop.lt\\\/?s={search_term_string}\"},\"query-input\":{\"@type\":\"PropertyValueSpecification\",\"valueRequired\":true,\"valueName\":\"search_term_string\"}}],\"inLanguage\":\"en-GB\"},{\"@type\":\"Organization\",\"@id\":\"https:\\\/\\\/www.malinashop.lt\\\/#organization\",\"name\":\"COM Group Ecommerce\",\"url\":\"https:\\\/\\\/www.malinashop.lt\\\/\",\"logo\":{\"@type\":\"ImageObject\",\"inLanguage\":\"en-GB\",\"@id\":\"https:\\\/\\\/www.malinashop.lt\\\/#\\\/schema\\\/logo\\\/image\\\/\",\"url\":\"https:\\\/\\\/www.malinashop.lt\\\/wp-content\\\/uploads\\\/2024\\\/08\\\/462559670_3787732518133670_9795632669273463_n-e1731525914575.png\",\"contentUrl\":\"https:\\\/\\\/www.malinashop.lt\\\/wp-content\\\/uploads\\\/2024\\\/08\\\/462559670_3787732518133670_9795632669273463_n-e1731525914575.png\",\"width\":180,\"height\":60,\"caption\":\"COM Group Ecommerce\"},\"image\":{\"@id\":\"https:\\\/\\\/www.malinashop.lt\\\/#\\\/schema\\\/logo\\\/image\\\/\"}}]}<\/script>\n<!-- \/ Yoast SEO plugin. -->","yoast_head_json":{"title":"PAESE PEPTIDE (Cherry) peptidin\u0117 l\u016bp\u0173 kauk\u0117, 10 g - MalinaShop.lt J\u016bs\u0173 sveikatai ir gro\u017eiui.","description":"PAESE PEPTIDE (Cherry) \u2013 peptidin\u0117 l\u016bp\u0173 kauk\u0117 su aliejais ir C, E vitaminais. Dr\u0117kina, maitina, glotnina ir suteikia l\u016bpoms nat\u016bralaus \u0161vyt\u0117jimo kasdienai.","robots":{"index":"index","follow":"follow","max-snippet":"max-snippet:-1","max-image-preview":"max-image-preview:large","max-video-preview":"max-video-preview:-1"},"canonical":"https:\/\/www.malinashop.lt\/en\/shop\/paese-peptide-cherry-peptidine-lupu-kauke-10-g\/","og_locale":"en_GB","og_type":"article","og_title":"PAESE PEPTIDE (Cherry) peptidin\u0117 l\u016bp\u0173 kauk\u0117, 10 g - MalinaShop.lt J\u016bs\u0173 sveikatai ir gro\u017eiui.","og_description":"PAESE PEPTIDE (Cherry) \u2013 peptidin\u0117 l\u016bp\u0173 kauk\u0117 su aliejais ir C, E vitaminais. Dr\u0117kina, maitina, glotnina ir suteikia l\u016bpoms nat\u016bralaus \u0161vyt\u0117jimo kasdienai.","og_url":"https:\/\/www.malinashop.lt\/en\/shop\/paese-peptide-cherry-peptidine-lupu-kauke-10-g\/","og_site_name":"MalinaShop.lt J\u016bs\u0173 sveikatai ir gro\u017eiui.","article_modified_time":"2026-04-07T19:18:39+00:00","og_image":[{"width":768,"height":768,"url":"https:\/\/www.malinashop.lt\/wp-content\/uploads\/2026\/01\/PAESE-PEPTIDE-Cherry-peptidine-lupu-kauke-10-g.webp","type":"image\/webp"}],"twitter_card":"summary_large_image","schema":{"@context":"https:\/\/schema.org","@graph":[{"@type":"WebPage","@id":"https:\/\/www.malinashop.lt\/en\/shop\/paese-peptide-cherry-peptidine-lupu-kauke-10-g\/","url":"https:\/\/www.malinashop.lt\/en\/shop\/paese-peptide-cherry-peptidine-lupu-kauke-10-g\/","name":"PAESE PEPTIDE (Cherry) peptidin\u0117 l\u016bp\u0173 kauk\u0117, 10 g - MalinaShop.lt J\u016bs\u0173 sveikatai ir gro\u017eiui.","isPartOf":{"@id":"https:\/\/www.malinashop.lt\/#website"},"primaryImageOfPage":{"@id":"https:\/\/www.malinashop.lt\/en\/shop\/paese-peptide-cherry-peptidine-lupu-kauke-10-g\/#primaryimage"},"image":{"@id":"https:\/\/www.malinashop.lt\/en\/shop\/paese-peptide-cherry-peptidine-lupu-kauke-10-g\/#primaryimage"},"thumbnailUrl":"https:\/\/www.malinashop.lt\/wp-content\/uploads\/2026\/01\/PAESE-PEPTIDE-Cherry-peptidine-lupu-kauke-10-g.webp","datePublished":"2026-01-06T20:35:11+00:00","dateModified":"2026-04-07T19:18:39+00:00","description":"PAESE PEPTIDE (Cherry) \u2013 peptidin\u0117 l\u016bp\u0173 kauk\u0117 su aliejais ir C, E vitaminais. Dr\u0117kina, maitina, glotnina ir suteikia l\u016bpoms nat\u016bralaus \u0161vyt\u0117jimo kasdienai.","breadcrumb":{"@id":"https:\/\/www.malinashop.lt\/en\/shop\/paese-peptide-cherry-peptidine-lupu-kauke-10-g\/#breadcrumb"},"inLanguage":"en-GB","potentialAction":[{"@type":"ReadAction","target":["https:\/\/www.malinashop.lt\/en\/shop\/paese-peptide-cherry-peptidine-lupu-kauke-10-g\/"]}]},{"@type":"ImageObject","inLanguage":"en-GB","@id":"https:\/\/www.malinashop.lt\/en\/shop\/paese-peptide-cherry-peptidine-lupu-kauke-10-g\/#primaryimage","url":"https:\/\/www.malinashop.lt\/wp-content\/uploads\/2026\/01\/PAESE-PEPTIDE-Cherry-peptidine-lupu-kauke-10-g.webp","contentUrl":"https:\/\/www.malinashop.lt\/wp-content\/uploads\/2026\/01\/PAESE-PEPTIDE-Cherry-peptidine-lupu-kauke-10-g.webp","width":768,"height":768},{"@type":"BreadcrumbList","@id":"https:\/\/www.malinashop.lt\/en\/shop\/paese-peptide-cherry-peptidine-lupu-kauke-10-g\/#breadcrumb","itemListElement":[{"@type":"ListItem","position":1,"name":"Pagrindinis","item":"https:\/\/www.malinashop.lt\/"},{"@type":"ListItem","position":2,"name":"Parduotuv\u0117","item":"https:\/\/www.malinashop.lt\/en\/parduotuve\/"},{"@type":"ListItem","position":3,"name":"PAESE PEPTIDE (Cherry) peptidin\u0117 l\u016bp\u0173 kauk\u0117, 10 g"}]},{"@type":"WebSite","@id":"https:\/\/www.malinashop.lt\/#website","url":"https:\/\/www.malinashop.lt\/","name":"COM Group Ecommerce","description":"MalinaShop.lt - Gro\u017eio ir sveikatos produktai i\u0161 patikim\u0173 preki\u0173 \u017eenkl\u0173. Atraskite auk\u0161tos kokyb\u0117s kosmetik\u0105 u\u017e puiki\u0105 kain\u0105.","publisher":{"@id":"https:\/\/www.malinashop.lt\/#organization"},"potentialAction":[{"@type":"SearchAction","target":{"@type":"EntryPoint","urlTemplate":"https:\/\/www.malinashop.lt\/?s={search_term_string}"},"query-input":{"@type":"PropertyValueSpecification","valueRequired":true,"valueName":"search_term_string"}}],"inLanguage":"en-GB"},{"@type":"Organization","@id":"https:\/\/www.malinashop.lt\/#organization","name":"COM Group Ecommerce","url":"https:\/\/www.malinashop.lt\/","logo":{"@type":"ImageObject","inLanguage":"en-GB","@id":"https:\/\/www.malinashop.lt\/#\/schema\/logo\/image\/","url":"https:\/\/www.malinashop.lt\/wp-content\/uploads\/2024\/08\/462559670_3787732518133670_9795632669273463_n-e1731525914575.png","contentUrl":"https:\/\/www.malinashop.lt\/wp-content\/uploads\/2024\/08\/462559670_3787732518133670_9795632669273463_n-e1731525914575.png","width":180,"height":60,"caption":"COM Group Ecommerce"},"image":{"@id":"https:\/\/www.malinashop.lt\/#\/schema\/logo\/image\/"}}]}},"jetpack_sharing_enabled":true,"_links":{"self":[{"href":"https:\/\/www.malinashop.lt\/en\/wp-json\/wp\/v2\/product\/72963","targetHints":{"allow":["GET"]}}],"collection":[{"href":"https:\/\/www.malinashop.lt\/en\/wp-json\/wp\/v2\/product"}],"about":[{"href":"https:\/\/www.malinashop.lt\/en\/wp-json\/wp\/v2\/types\/product"}],"version-history":[{"count":1,"href":"https:\/\/www.malinashop.lt\/en\/wp-json\/wp\/v2\/product\/72963\/revisions"}],"predecessor-version":[{"id":72968,"href":"https:\/\/www.malinashop.lt\/en\/wp-json\/wp\/v2\/product\/72963\/revisions\/72968"}],"wp:featuredmedia":[{"embeddable":true,"href":"https:\/\/www.malinashop.lt\/en\/wp-json\/wp\/v2\/media\/72967"}],"wp:attachment":[{"href":"https:\/\/www.malinashop.lt\/en\/wp-json\/wp\/v2\/media?parent=72963"}],"wp:term":[{"taxonomy":"product_brand","embeddable":true,"href":"https:\/\/www.malinashop.lt\/en\/wp-json\/wp\/v2\/product_brand?post=72963"},{"taxonomy":"product_cat","embeddable":true,"href":"https:\/\/www.malinashop.lt\/en\/wp-json\/wp\/v2\/product_cat?post=72963"},{"taxonomy":"product_tag","embeddable":true,"href":"https:\/\/www.malinashop.lt\/en\/wp-json\/wp\/v2\/product_tag?post=72963"}],"curies":[{"name":"wp","href":"https:\/\/api.w.org\/{rel}","templated":true}]}}