{"id":72788,"date":"2026-01-01T16:25:53","date_gmt":"2026-01-01T13:25:53","guid":{"rendered":"https:\/\/malinashop.lt\/?post_type=product&#038;p=72788"},"modified":"2026-04-07T22:18:40","modified_gmt":"2026-04-07T19:18:40","slug":"yunsey-leave-in-curly-method-purskiklis-garbanotiems-plaukams-275-ml","status":"publish","type":"product","link":"https:\/\/www.malinashop.lt\/en\/shop\/yunsey-leave-in-curly-method-purskiklis-garbanotiems-plaukams-275-ml\/","title":{"rendered":"YUNSEY LEAVE-IN CURLY METHOD pur\u0161kiklis garbanotiems plaukams, 275 ml"},"content":{"rendered":"<p data-start=\"406\" data-end=\"716\">YUNSEY nenuplaunamas pur\u0161kiklis <strong data-start=\"461\" data-end=\"486\">LEAVE-IN CURLY METHOD<\/strong> \u2013 tai kasdien\u0117 pagalba garbanotiems ir banguotiems plaukams, kurie link\u0119 prarasti form\u0105, p\u016bstis ar atrodyti pavarg\u0119. Lengva, pur\u0161kiama formul\u0117 padeda <strong data-start=\"637\" data-end=\"674\">atgaivinti ir i\u0161ry\u0161kinti garbanas<\/strong>, nesuteikdama plaukams svorio ar lipnumo.<\/p>\n<p data-start=\"718\" data-end=\"851\">Pur\u0161kiklis praturtintas <strong data-start=\"742\" data-end=\"823\">lin\u0173 ir \u010dijos ekstraktais, sacha inchi aliejumi bei augalin\u0117s kilm\u0117s keratinu<\/strong>. \u0160i\u0173 ingredient\u0173 derinys:<\/p>\n<ul data-start=\"852\" data-end=\"1027\">\n<li data-start=\"852\" data-end=\"886\">\n<p data-start=\"854\" data-end=\"886\">mink\u0161tina ir \u0161velnina plaukus,<\/p>\n<\/li>\n<li data-start=\"887\" data-end=\"918\">\n<p data-start=\"889\" data-end=\"918\">padeda atkurti elastingum\u0105,<\/p>\n<\/li>\n<li data-start=\"919\" data-end=\"953\">\n<p data-start=\"921\" data-end=\"953\">suteikia nat\u016bralaus blizgesio,<\/p>\n<\/li>\n<li data-start=\"954\" data-end=\"1027\">\n<p data-start=\"956\" data-end=\"1027\">stiprina plauko strukt\u016br\u0105 ir padeda suma\u017einti sausum\u0105 bei pasi\u0161iau\u0161im\u0105.<\/p>\n<\/li>\n<\/ul>\n<p data-start=\"1029\" data-end=\"1198\">Tai priemon\u0117, skirta tiems, kurie nori <strong data-start=\"1068\" data-end=\"1115\">lengvos, bet veiksmingos garban\u0173 prie\u017ei\u016bros<\/strong> \u2013 greitam atgaivinimui ryte ar dienos eigoje, tarp plovim\u0173 ar po plauk\u0173 formavimo.<\/p>\n<p data-start=\"1200\" data-end=\"1229\"><strong data-start=\"1200\" data-end=\"1227\">Pagrindiniai privalumai<\/strong><\/p>\n<ul data-start=\"1230\" data-end=\"1636\">\n<li data-start=\"1230\" data-end=\"1303\">\n<p data-start=\"1232\" data-end=\"1303\">Nat\u016braliai pary\u0161kina garbanas, <strong data-start=\"1263\" data-end=\"1301\">nepalieka lipnumo ar balt\u0173 liku\u010di\u0173<\/strong><\/p>\n<\/li>\n<li data-start=\"1304\" data-end=\"1369\">\n<p data-start=\"1306\" data-end=\"1369\">Atgaivina garbanas tarp plovim\u0173, gr\u0105\u017eina joms nat\u016brali\u0105 form\u0105<\/p>\n<\/li>\n<li data-start=\"1370\" data-end=\"1435\">\n<p data-start=\"1372\" data-end=\"1435\">Maitina ir stiprina plaukus d\u0117l augalini\u0173 ekstrakt\u0173 ir aliej\u0173<\/p>\n<\/li>\n<li data-start=\"1436\" data-end=\"1499\">\n<p data-start=\"1438\" data-end=\"1499\">Lengva tekst\u016bra <strong data-start=\"1454\" data-end=\"1469\">neapsunkina<\/strong> plauk\u0173 ir nesulipina sruog\u0173<\/p>\n<\/li>\n<li data-start=\"1500\" data-end=\"1565\">\n<p data-start=\"1502\" data-end=\"1565\">Suteikia plaukams <strong data-start=\"1520\" data-end=\"1563\">mink\u0161tumo, \u0161velnumo ir sveiko blizgesio<\/strong><\/p>\n<\/li>\n<li data-start=\"1566\" data-end=\"1636\">\n<p data-start=\"1568\" data-end=\"1636\">Idealu naudoti dienos metu, kai norisi greitai atkurti garban\u0173 form\u0105<\/p>\n<\/li>\n<\/ul>\n<p data-start=\"1638\" data-end=\"1666\"><strong data-start=\"1638\" data-end=\"1664\">Aktyvieji ingredientai<\/strong><\/p>\n<ul data-start=\"1667\" data-end=\"1907\">\n<li data-start=\"1667\" data-end=\"1739\">\n<p data-start=\"1669\" data-end=\"1739\"><strong data-start=\"1669\" data-end=\"1697\">Lin\u0173 ir \u010dijos ekstraktai<\/strong> \u2013 dr\u0117kina, padeda i\u0161laikyti elastingum\u0105<\/p>\n<\/li>\n<li data-start=\"1740\" data-end=\"1824\">\n<p data-start=\"1742\" data-end=\"1824\"><strong data-start=\"1742\" data-end=\"1765\">Sacha inchi aliejus<\/strong> \u2013 maitinantis, mink\u0161tinantis, gerinantis plauk\u0173 i\u0161vaizd\u0105<\/p>\n<\/li>\n<li data-start=\"1825\" data-end=\"1907\">\n<p data-start=\"1827\" data-end=\"1907\"><strong data-start=\"1827\" data-end=\"1850\">Augalinis keratinas<\/strong> \u2013 stiprina plauko strukt\u016br\u0105, padeda ma\u017einti pa\u017eeidimus<\/p>\n<\/li>\n<\/ul>\n<p data-start=\"1909\" data-end=\"1925\"><strong data-start=\"1909\" data-end=\"1923\">Naudojimas<\/strong><\/p>\n<ul data-start=\"1926\" data-end=\"2380\">\n<li data-start=\"1926\" data-end=\"1988\">\n<p data-start=\"1928\" data-end=\"1988\">Pur\u0161kikl\u012f galima naudoti ant <strong data-start=\"1957\" data-end=\"1985\">dr\u0117gn\u0173 arba saus\u0173 plauk\u0173<\/strong>.<\/p>\n<\/li>\n<li data-start=\"1989\" data-end=\"2095\">\n<p data-start=\"1991\" data-end=\"2095\">Jei plaukai labai sausi, prie\u0161 naudojim\u0105 \u0161iek tiek sudr\u0117kinkite, kad produktas tolygiau pasiskirstyt\u0173.<\/p>\n<\/li>\n<li data-start=\"2096\" data-end=\"2222\">\n<p data-start=\"2098\" data-end=\"2222\">Purk\u0161kite nedidel\u012f kiek\u012f pur\u0161kiklio nuo vidurio iki galiuk\u0173 (arba nuo \u0161akn\u0173 iki galiuk\u0173, jei garbanos prasideda auk\u0161\u010diau).<\/p>\n<\/li>\n<li data-start=\"2223\" data-end=\"2302\">\n<p data-start=\"2225\" data-end=\"2302\">Po pur\u0161kimo <strong data-start=\"2237\" data-end=\"2278\">\u0161velniai suspauskite plaukus rankomis<\/strong>, formuodami garbanas.<\/p>\n<\/li>\n<li data-start=\"2303\" data-end=\"2380\">\n<p data-start=\"2305\" data-end=\"2380\">Leiskite jiems i\u0161d\u017ei\u016bti nat\u016braliai arba u\u017ebaikite formavim\u0105 su difuzoriumi.<\/p>\n<\/li>\n<\/ul>\n<p data-start=\"2382\" data-end=\"2393\"><strong data-start=\"2382\" data-end=\"2391\">Tinka<\/strong><\/p>\n<ul data-start=\"2394\" data-end=\"2589\">\n<li data-start=\"2394\" data-end=\"2434\">\n<p data-start=\"2396\" data-end=\"2434\">Garbanotiems ir banguotiems plaukams<\/p>\n<\/li>\n<li data-start=\"2435\" data-end=\"2478\">\n<p data-start=\"2437\" data-end=\"2478\">Sausesniems, linkusiems p\u016bstis plaukams<\/p>\n<\/li>\n<li data-start=\"2479\" data-end=\"2516\">\n<p data-start=\"2481\" data-end=\"2516\">Tarp plovim\u0173 garban\u0173 atgaivinimui<\/p>\n<\/li>\n<li data-start=\"2517\" data-end=\"2589\">\n<p data-start=\"2519\" data-end=\"2589\">Ie\u0161kantiems lengvo, nenuplaunamo produkto kasdienei garban\u0173 prie\u017ei\u016brai<\/p>\n<\/li>\n<\/ul>\n","protected":false},"excerpt":{"rendered":"<p>YUNSEY LEAVE-IN CURLY METHOD \u2013 lengvas, nenuplaunamas pur\u0161kiklis garbanotiems ir banguotiems plaukams su lin\u0173, \u010dijos ekstraktais, sacha inchi aliejumi ir augaliniu keratinu. Atgaivina, pary\u0161kina garbanas ir suteikia joms mink\u0161tumo bei blizgesio be apsunkinimo.<\/p>\n","protected":false},"featured_media":72789,"template":"","meta":[],"product_brand":[513],"product_cat":[518],"product_tag":[1143],"class_list":{"0":"post-72788","1":"product","2":"type-product","3":"status-publish","4":"has-post-thumbnail","6":"product_brand-yunsey","7":"product_cat-plauku-lakai-putos-vaskas-ir-kitos-priemones","8":"product_tag-yunsey","10":"first","11":"outofstock","12":"sale","13":"taxable","14":"shipping-taxable","15":"purchasable","16":"product-type-simple"},"yoast_head":"<!-- This site is optimized with the Yoast SEO plugin v27.4 - https:\/\/yoast.com\/product\/yoast-seo-wordpress\/ -->\n<title>YUNSEY LEAVE-IN CURLY METHOD pur\u0161kiklis garbanotiems plaukams, 275 ml - MalinaShop.lt J\u016bs\u0173 sveikatai ir gro\u017eiui.<\/title>\n<meta name=\"description\" content=\"YUNSEY LEAVE-IN CURLY METHOD \u2013 nenuplaunamas pur\u0161kiklis garbanotiems plaukams su lin\u0173, \u010dijos, sacha inchi ir augaliniu keratinu. Atgaivina, pary\u0161kina garbanas be apsunkinimo.\" \/>\n<meta name=\"robots\" content=\"index, follow, max-snippet:-1, max-image-preview:large, max-video-preview:-1\" \/>\n<link rel=\"canonical\" href=\"https:\/\/www.malinashop.lt\/en\/shop\/yunsey-leave-in-curly-method-purskiklis-garbanotiems-plaukams-275-ml\/\" \/>\n<meta property=\"og:locale\" content=\"en_GB\" \/>\n<meta property=\"og:type\" content=\"article\" \/>\n<meta property=\"og:title\" content=\"YUNSEY LEAVE-IN CURLY METHOD pur\u0161kiklis garbanotiems plaukams, 275 ml - MalinaShop.lt J\u016bs\u0173 sveikatai ir gro\u017eiui.\" \/>\n<meta property=\"og:description\" content=\"YUNSEY LEAVE-IN CURLY METHOD \u2013 nenuplaunamas pur\u0161kiklis garbanotiems plaukams su lin\u0173, \u010dijos, sacha inchi ir augaliniu keratinu. Atgaivina, pary\u0161kina garbanas be apsunkinimo.\" \/>\n<meta property=\"og:url\" content=\"https:\/\/www.malinashop.lt\/en\/shop\/yunsey-leave-in-curly-method-purskiklis-garbanotiems-plaukams-275-ml\/\" \/>\n<meta property=\"og:site_name\" content=\"MalinaShop.lt J\u016bs\u0173 sveikatai ir gro\u017eiui.\" \/>\n<meta property=\"article:modified_time\" content=\"2026-04-07T19:18:40+00:00\" \/>\n<meta property=\"og:image\" content=\"https:\/\/www.malinashop.lt\/wp-content\/uploads\/2026\/01\/YUNSEY-LEAVE-IN-CURLY-METHOD-purskiklis-garbanotiems-plaukams-275-ml.webp\" \/>\n\t<meta property=\"og:image:width\" content=\"768\" \/>\n\t<meta property=\"og:image:height\" content=\"768\" \/>\n\t<meta property=\"og:image:type\" content=\"image\/webp\" \/>\n<meta name=\"twitter:card\" content=\"summary_large_image\" \/>\n<script type=\"application\/ld+json\" class=\"yoast-schema-graph\">{\"@context\":\"https:\\\/\\\/schema.org\",\"@graph\":[{\"@type\":\"WebPage\",\"@id\":\"https:\\\/\\\/www.malinashop.lt\\\/lt_lt\\\/shop\\\/yunsey-leave-in-curly-method-purskiklis-garbanotiems-plaukams-275-ml\\\/\",\"url\":\"https:\\\/\\\/www.malinashop.lt\\\/lt_lt\\\/shop\\\/yunsey-leave-in-curly-method-purskiklis-garbanotiems-plaukams-275-ml\\\/\",\"name\":\"YUNSEY LEAVE-IN CURLY METHOD pur\u0161kiklis garbanotiems plaukams, 275 ml - MalinaShop.lt J\u016bs\u0173 sveikatai ir gro\u017eiui.\",\"isPartOf\":{\"@id\":\"https:\\\/\\\/www.malinashop.lt\\\/#website\"},\"primaryImageOfPage\":{\"@id\":\"https:\\\/\\\/www.malinashop.lt\\\/lt_lt\\\/shop\\\/yunsey-leave-in-curly-method-purskiklis-garbanotiems-plaukams-275-ml\\\/#primaryimage\"},\"image\":{\"@id\":\"https:\\\/\\\/www.malinashop.lt\\\/lt_lt\\\/shop\\\/yunsey-leave-in-curly-method-purskiklis-garbanotiems-plaukams-275-ml\\\/#primaryimage\"},\"thumbnailUrl\":\"https:\\\/\\\/www.malinashop.lt\\\/wp-content\\\/uploads\\\/2026\\\/01\\\/YUNSEY-LEAVE-IN-CURLY-METHOD-purskiklis-garbanotiems-plaukams-275-ml.webp\",\"datePublished\":\"2026-01-01T13:25:53+00:00\",\"dateModified\":\"2026-04-07T19:18:40+00:00\",\"description\":\"YUNSEY LEAVE-IN CURLY METHOD \u2013 nenuplaunamas pur\u0161kiklis garbanotiems plaukams su lin\u0173, \u010dijos, sacha inchi ir augaliniu keratinu. Atgaivina, pary\u0161kina garbanas be apsunkinimo.\",\"breadcrumb\":{\"@id\":\"https:\\\/\\\/www.malinashop.lt\\\/lt_lt\\\/shop\\\/yunsey-leave-in-curly-method-purskiklis-garbanotiems-plaukams-275-ml\\\/#breadcrumb\"},\"inLanguage\":\"en-GB\",\"potentialAction\":[{\"@type\":\"ReadAction\",\"target\":[\"https:\\\/\\\/www.malinashop.lt\\\/lt_lt\\\/shop\\\/yunsey-leave-in-curly-method-purskiklis-garbanotiems-plaukams-275-ml\\\/\"]}]},{\"@type\":\"ImageObject\",\"inLanguage\":\"en-GB\",\"@id\":\"https:\\\/\\\/www.malinashop.lt\\\/lt_lt\\\/shop\\\/yunsey-leave-in-curly-method-purskiklis-garbanotiems-plaukams-275-ml\\\/#primaryimage\",\"url\":\"https:\\\/\\\/www.malinashop.lt\\\/wp-content\\\/uploads\\\/2026\\\/01\\\/YUNSEY-LEAVE-IN-CURLY-METHOD-purskiklis-garbanotiems-plaukams-275-ml.webp\",\"contentUrl\":\"https:\\\/\\\/www.malinashop.lt\\\/wp-content\\\/uploads\\\/2026\\\/01\\\/YUNSEY-LEAVE-IN-CURLY-METHOD-purskiklis-garbanotiems-plaukams-275-ml.webp\",\"width\":768,\"height\":768},{\"@type\":\"BreadcrumbList\",\"@id\":\"https:\\\/\\\/www.malinashop.lt\\\/lt_lt\\\/shop\\\/yunsey-leave-in-curly-method-purskiklis-garbanotiems-plaukams-275-ml\\\/#breadcrumb\",\"itemListElement\":[{\"@type\":\"ListItem\",\"position\":1,\"name\":\"Pagrindinis\",\"item\":\"https:\\\/\\\/www.malinashop.lt\\\/\"},{\"@type\":\"ListItem\",\"position\":2,\"name\":\"Parduotuv\u0117\",\"item\":\"https:\\\/\\\/www.malinashop.lt\\\/en\\\/parduotuve\\\/\"},{\"@type\":\"ListItem\",\"position\":3,\"name\":\"YUNSEY LEAVE-IN CURLY METHOD pur\u0161kiklis garbanotiems plaukams, 275 ml\"}]},{\"@type\":\"WebSite\",\"@id\":\"https:\\\/\\\/www.malinashop.lt\\\/#website\",\"url\":\"https:\\\/\\\/www.malinashop.lt\\\/\",\"name\":\"COM Group Ecommerce\",\"description\":\"MalinaShop.lt - Gro\u017eio ir sveikatos produktai i\u0161 patikim\u0173 preki\u0173 \u017eenkl\u0173. Atraskite auk\u0161tos kokyb\u0117s kosmetik\u0105 u\u017e puiki\u0105 kain\u0105.\",\"publisher\":{\"@id\":\"https:\\\/\\\/www.malinashop.lt\\\/#organization\"},\"potentialAction\":[{\"@type\":\"SearchAction\",\"target\":{\"@type\":\"EntryPoint\",\"urlTemplate\":\"https:\\\/\\\/www.malinashop.lt\\\/?s={search_term_string}\"},\"query-input\":{\"@type\":\"PropertyValueSpecification\",\"valueRequired\":true,\"valueName\":\"search_term_string\"}}],\"inLanguage\":\"en-GB\"},{\"@type\":\"Organization\",\"@id\":\"https:\\\/\\\/www.malinashop.lt\\\/#organization\",\"name\":\"COM Group Ecommerce\",\"url\":\"https:\\\/\\\/www.malinashop.lt\\\/\",\"logo\":{\"@type\":\"ImageObject\",\"inLanguage\":\"en-GB\",\"@id\":\"https:\\\/\\\/www.malinashop.lt\\\/#\\\/schema\\\/logo\\\/image\\\/\",\"url\":\"https:\\\/\\\/www.malinashop.lt\\\/wp-content\\\/uploads\\\/2024\\\/08\\\/462559670_3787732518133670_9795632669273463_n-e1731525914575.png\",\"contentUrl\":\"https:\\\/\\\/www.malinashop.lt\\\/wp-content\\\/uploads\\\/2024\\\/08\\\/462559670_3787732518133670_9795632669273463_n-e1731525914575.png\",\"width\":180,\"height\":60,\"caption\":\"COM Group Ecommerce\"},\"image\":{\"@id\":\"https:\\\/\\\/www.malinashop.lt\\\/#\\\/schema\\\/logo\\\/image\\\/\"}}]}<\/script>\n<!-- \/ Yoast SEO plugin. -->","yoast_head_json":{"title":"YUNSEY LEAVE-IN CURLY METHOD pur\u0161kiklis garbanotiems plaukams, 275 ml - MalinaShop.lt J\u016bs\u0173 sveikatai ir gro\u017eiui.","description":"YUNSEY LEAVE-IN CURLY METHOD \u2013 nenuplaunamas pur\u0161kiklis garbanotiems plaukams su lin\u0173, \u010dijos, sacha inchi ir augaliniu keratinu. Atgaivina, pary\u0161kina garbanas be apsunkinimo.","robots":{"index":"index","follow":"follow","max-snippet":"max-snippet:-1","max-image-preview":"max-image-preview:large","max-video-preview":"max-video-preview:-1"},"canonical":"https:\/\/www.malinashop.lt\/en\/shop\/yunsey-leave-in-curly-method-purskiklis-garbanotiems-plaukams-275-ml\/","og_locale":"en_GB","og_type":"article","og_title":"YUNSEY LEAVE-IN CURLY METHOD pur\u0161kiklis garbanotiems plaukams, 275 ml - MalinaShop.lt J\u016bs\u0173 sveikatai ir gro\u017eiui.","og_description":"YUNSEY LEAVE-IN CURLY METHOD \u2013 nenuplaunamas pur\u0161kiklis garbanotiems plaukams su lin\u0173, \u010dijos, sacha inchi ir augaliniu keratinu. Atgaivina, pary\u0161kina garbanas be apsunkinimo.","og_url":"https:\/\/www.malinashop.lt\/en\/shop\/yunsey-leave-in-curly-method-purskiklis-garbanotiems-plaukams-275-ml\/","og_site_name":"MalinaShop.lt J\u016bs\u0173 sveikatai ir gro\u017eiui.","article_modified_time":"2026-04-07T19:18:40+00:00","og_image":[{"width":768,"height":768,"url":"https:\/\/www.malinashop.lt\/wp-content\/uploads\/2026\/01\/YUNSEY-LEAVE-IN-CURLY-METHOD-purskiklis-garbanotiems-plaukams-275-ml.webp","type":"image\/webp"}],"twitter_card":"summary_large_image","schema":{"@context":"https:\/\/schema.org","@graph":[{"@type":"WebPage","@id":"https:\/\/www.malinashop.lt\/lt_lt\/shop\/yunsey-leave-in-curly-method-purskiklis-garbanotiems-plaukams-275-ml\/","url":"https:\/\/www.malinashop.lt\/lt_lt\/shop\/yunsey-leave-in-curly-method-purskiklis-garbanotiems-plaukams-275-ml\/","name":"YUNSEY LEAVE-IN CURLY METHOD pur\u0161kiklis garbanotiems plaukams, 275 ml - MalinaShop.lt J\u016bs\u0173 sveikatai ir gro\u017eiui.","isPartOf":{"@id":"https:\/\/www.malinashop.lt\/#website"},"primaryImageOfPage":{"@id":"https:\/\/www.malinashop.lt\/lt_lt\/shop\/yunsey-leave-in-curly-method-purskiklis-garbanotiems-plaukams-275-ml\/#primaryimage"},"image":{"@id":"https:\/\/www.malinashop.lt\/lt_lt\/shop\/yunsey-leave-in-curly-method-purskiklis-garbanotiems-plaukams-275-ml\/#primaryimage"},"thumbnailUrl":"https:\/\/www.malinashop.lt\/wp-content\/uploads\/2026\/01\/YUNSEY-LEAVE-IN-CURLY-METHOD-purskiklis-garbanotiems-plaukams-275-ml.webp","datePublished":"2026-01-01T13:25:53+00:00","dateModified":"2026-04-07T19:18:40+00:00","description":"YUNSEY LEAVE-IN CURLY METHOD \u2013 nenuplaunamas pur\u0161kiklis garbanotiems plaukams su lin\u0173, \u010dijos, sacha inchi ir augaliniu keratinu. Atgaivina, pary\u0161kina garbanas be apsunkinimo.","breadcrumb":{"@id":"https:\/\/www.malinashop.lt\/lt_lt\/shop\/yunsey-leave-in-curly-method-purskiklis-garbanotiems-plaukams-275-ml\/#breadcrumb"},"inLanguage":"en-GB","potentialAction":[{"@type":"ReadAction","target":["https:\/\/www.malinashop.lt\/lt_lt\/shop\/yunsey-leave-in-curly-method-purskiklis-garbanotiems-plaukams-275-ml\/"]}]},{"@type":"ImageObject","inLanguage":"en-GB","@id":"https:\/\/www.malinashop.lt\/lt_lt\/shop\/yunsey-leave-in-curly-method-purskiklis-garbanotiems-plaukams-275-ml\/#primaryimage","url":"https:\/\/www.malinashop.lt\/wp-content\/uploads\/2026\/01\/YUNSEY-LEAVE-IN-CURLY-METHOD-purskiklis-garbanotiems-plaukams-275-ml.webp","contentUrl":"https:\/\/www.malinashop.lt\/wp-content\/uploads\/2026\/01\/YUNSEY-LEAVE-IN-CURLY-METHOD-purskiklis-garbanotiems-plaukams-275-ml.webp","width":768,"height":768},{"@type":"BreadcrumbList","@id":"https:\/\/www.malinashop.lt\/lt_lt\/shop\/yunsey-leave-in-curly-method-purskiklis-garbanotiems-plaukams-275-ml\/#breadcrumb","itemListElement":[{"@type":"ListItem","position":1,"name":"Pagrindinis","item":"https:\/\/www.malinashop.lt\/"},{"@type":"ListItem","position":2,"name":"Parduotuv\u0117","item":"https:\/\/www.malinashop.lt\/en\/parduotuve\/"},{"@type":"ListItem","position":3,"name":"YUNSEY LEAVE-IN CURLY METHOD pur\u0161kiklis garbanotiems plaukams, 275 ml"}]},{"@type":"WebSite","@id":"https:\/\/www.malinashop.lt\/#website","url":"https:\/\/www.malinashop.lt\/","name":"COM Group Ecommerce","description":"MalinaShop.lt - Gro\u017eio ir sveikatos produktai i\u0161 patikim\u0173 preki\u0173 \u017eenkl\u0173. Atraskite auk\u0161tos kokyb\u0117s kosmetik\u0105 u\u017e puiki\u0105 kain\u0105.","publisher":{"@id":"https:\/\/www.malinashop.lt\/#organization"},"potentialAction":[{"@type":"SearchAction","target":{"@type":"EntryPoint","urlTemplate":"https:\/\/www.malinashop.lt\/?s={search_term_string}"},"query-input":{"@type":"PropertyValueSpecification","valueRequired":true,"valueName":"search_term_string"}}],"inLanguage":"en-GB"},{"@type":"Organization","@id":"https:\/\/www.malinashop.lt\/#organization","name":"COM Group Ecommerce","url":"https:\/\/www.malinashop.lt\/","logo":{"@type":"ImageObject","inLanguage":"en-GB","@id":"https:\/\/www.malinashop.lt\/#\/schema\/logo\/image\/","url":"https:\/\/www.malinashop.lt\/wp-content\/uploads\/2024\/08\/462559670_3787732518133670_9795632669273463_n-e1731525914575.png","contentUrl":"https:\/\/www.malinashop.lt\/wp-content\/uploads\/2024\/08\/462559670_3787732518133670_9795632669273463_n-e1731525914575.png","width":180,"height":60,"caption":"COM Group Ecommerce"},"image":{"@id":"https:\/\/www.malinashop.lt\/#\/schema\/logo\/image\/"}}]}},"jetpack_sharing_enabled":true,"_links":{"self":[{"href":"https:\/\/www.malinashop.lt\/en\/wp-json\/wp\/v2\/product\/72788","targetHints":{"allow":["GET"]}}],"collection":[{"href":"https:\/\/www.malinashop.lt\/en\/wp-json\/wp\/v2\/product"}],"about":[{"href":"https:\/\/www.malinashop.lt\/en\/wp-json\/wp\/v2\/types\/product"}],"version-history":[{"count":1,"href":"https:\/\/www.malinashop.lt\/en\/wp-json\/wp\/v2\/product\/72788\/revisions"}],"predecessor-version":[{"id":72790,"href":"https:\/\/www.malinashop.lt\/en\/wp-json\/wp\/v2\/product\/72788\/revisions\/72790"}],"wp:featuredmedia":[{"embeddable":true,"href":"https:\/\/www.malinashop.lt\/en\/wp-json\/wp\/v2\/media\/72789"}],"wp:attachment":[{"href":"https:\/\/www.malinashop.lt\/en\/wp-json\/wp\/v2\/media?parent=72788"}],"wp:term":[{"taxonomy":"product_brand","embeddable":true,"href":"https:\/\/www.malinashop.lt\/en\/wp-json\/wp\/v2\/product_brand?post=72788"},{"taxonomy":"product_cat","embeddable":true,"href":"https:\/\/www.malinashop.lt\/en\/wp-json\/wp\/v2\/product_cat?post=72788"},{"taxonomy":"product_tag","embeddable":true,"href":"https:\/\/www.malinashop.lt\/en\/wp-json\/wp\/v2\/product_tag?post=72788"}],"curies":[{"name":"wp","href":"https:\/\/api.w.org\/{rel}","templated":true}]}}