{"id":72660,"date":"2025-12-20T14:57:18","date_gmt":"2025-12-20T11:57:18","guid":{"rendered":"https:\/\/malinashop.lt\/?post_type=product&#038;p=72660"},"modified":"2026-04-07T22:18:40","modified_gmt":"2026-04-07T19:18:40","slug":"paese-skaistalu-piestukas-butter-blend-02-bloom-6-g","status":"publish","type":"product","link":"https:\/\/www.malinashop.lt\/en\/shop\/paese-skaistalu-piestukas-butter-blend-02-bloom-6-g\/","title":{"rendered":"PAESE skaistal\u0173 pie\u0161tukas BUTTER BLEND (02 Bloom), 6 g"},"content":{"rendered":"<div class=\"ewa-rteLine\">\n<p data-start=\"105\" data-end=\"353\">PAESE BUTTER BLEND (02 Bloom) \u2013 kreminiai skaistalai pie\u0161tuko formoje su granat\u0173 sviestu, ceramidu NP, skvalanu ir avokad\u0173 aliejumi. \u0160velniai ro\u017einis, universalus atspalvis nat\u016braliai pails\u0117jusios, \u0161vytin\u010dios odos \u012fsp\u016bd\u017eiui.<\/p>\n<p data-start=\"355\" data-end=\"651\"><strong data-start=\"355\" data-end=\"375\">Pilnas apra\u0161ymas<\/strong><br data-start=\"375\" data-end=\"378\" \/>PAESE skaistal\u0173 pie\u0161tukas BUTTER BLEND (02 Bloom) \u2013 patog\u016bs, lengvai naudojami kreminiai skaistalai, skirti greitam ir gaiviam veido atnaujinimui. <strong data-start=\"525\" data-end=\"555\">Sviestin\u0117, kremin\u0117 formul\u0117<\/strong> \u0161velniai \u012fsigeria \u012f od\u0105, tolygiai pasiskirsto ir sukuria nat\u016bral\u0173 skaistum\u0105 be dry\u017ei\u0173 ar d\u0117mi\u0173.<\/p>\n<p data-start=\"653\" data-end=\"913\">Lengva tekst\u016bra leid\u017eia produkt\u0105 lengvai i\u0161sklaidyti pir\u0161tais, kempin\u0117le ar \u0161epet\u0117liu, <strong data-start=\"740\" data-end=\"774\">nepa\u017eeid\u017eiant makia\u017eo pagrindo<\/strong>. Skaistalai subtiliai formuoja veido bruo\u017eus, suteikia nat\u016braliai pails\u0117jusios ir gaivios odos efekt\u0105 \u2013 tarsi \u0161velnus rumenimas i\u0161 vidaus.<\/p>\n<p data-start=\"915\" data-end=\"971\">Sud\u0117tis praturtinta od\u0105 puosel\u0117jan\u010diais ingredientais:<\/p>\n<ul data-start=\"972\" data-end=\"1253\">\n<li data-start=\"972\" data-end=\"1024\">\n<p data-start=\"974\" data-end=\"1024\"><strong data-start=\"974\" data-end=\"994\">granat\u0173 sviestas<\/strong> \u2013 maitina ir mink\u0161tina od\u0105;<\/p>\n<\/li>\n<li data-start=\"1025\" data-end=\"1093\">\n<p data-start=\"1027\" data-end=\"1093\"><strong data-start=\"1027\" data-end=\"1043\">ceramidas NP<\/strong> \u2013 stiprina odos barjer\u0105, saugo nuo i\u0161saus\u0117jimo;<\/p>\n<\/li>\n<li data-start=\"1094\" data-end=\"1163\">\n<p data-start=\"1096\" data-end=\"1163\"><strong data-start=\"1096\" data-end=\"1109\">skvalanas<\/strong> \u2013 dr\u0117kina, gerina elastingum\u0105 ir suteikia \u0161velnumo;<\/p>\n<\/li>\n<li data-start=\"1164\" data-end=\"1253\">\n<p data-start=\"1166\" data-end=\"1253\"><strong data-start=\"1166\" data-end=\"1185\">avokad\u0173 aliejus<\/strong> \u2013 ramina, maitina ir u\u017etikrina komforto poj\u016bt\u012f visos dienos metu.<\/p>\n<\/li>\n<\/ul>\n<p data-start=\"1255\" data-end=\"1421\">Kompakti\u0161ka <strong data-start=\"1267\" data-end=\"1287\">pie\u0161tuko pakuot\u0117<\/strong> idealiai tinka kasdienai \u2013 telpa \u012f bet kuri\u0105 rankin\u0119 ir visuomet pasiruo\u0161usi greitam makia\u017eo pataisymui biure, kelion\u0117je ar po darbo.<\/p>\n<p data-start=\"1423\" data-end=\"1447\"><strong data-start=\"1423\" data-end=\"1445\">Atspalvis 02 Bloom<\/strong><\/p>\n<ul data-start=\"1448\" data-end=\"1593\">\n<li data-start=\"1448\" data-end=\"1501\">\n<p data-start=\"1450\" data-end=\"1501\">\u0160velniai ro\u017einis, labai <strong data-start=\"1474\" data-end=\"1499\">universalus atspalvis<\/strong><\/p>\n<\/li>\n<li data-start=\"1502\" data-end=\"1531\">\n<p data-start=\"1504\" data-end=\"1531\">Tinka daugeliui odos ton\u0173<\/p>\n<\/li>\n<li data-start=\"1532\" data-end=\"1593\">\n<p data-start=\"1534\" data-end=\"1593\">Suteikia nat\u016bral\u0173, \u0161veln\u0173 skaistum\u0105 kasdieniam \u012fvaizd\u017eiui<\/p>\n<\/li>\n<\/ul>\n<p data-start=\"1595\" data-end=\"1685\">Trys linijos atspalviai sukurti pagal naujausias tendencijas, pabr\u0117\u017eiant nat\u016bral\u0173 gro\u017e\u012f:<\/p>\n<ul data-start=\"1686\" data-end=\"1832\">\n<li data-start=\"1686\" data-end=\"1740\">\n<p data-start=\"1688\" data-end=\"1740\">01 \u2013 \u0161altas avietinis tonas sveikai odos i\u0161vaizdai<\/p>\n<\/li>\n<li data-start=\"1741\" data-end=\"1789\">\n<p data-start=\"1743\" data-end=\"1789\">02 \u2013 \u0161velniai ro\u017einis, universalus atspalvis<\/p>\n<\/li>\n<li data-start=\"1790\" data-end=\"1832\">\n<p data-start=\"1792\" data-end=\"1832\">03 \u2013 gaivus persikinis\u2013oran\u017einis tonas<\/p>\n<\/li>\n<\/ul>\n<p data-start=\"1834\" data-end=\"1850\"><strong data-start=\"1834\" data-end=\"1848\">Naudojimas<\/strong><\/p>\n<ul data-start=\"1851\" data-end=\"2174\">\n<li data-start=\"1851\" data-end=\"1931\">\n<p data-start=\"1853\" data-end=\"1931\">Tepkite ant skruost\u0173 \u201eobuoliuk\u0173\u201c ar ten, kur nat\u016braliai i\u0161ry\u0161k\u0117ja rumenimas.<\/p>\n<\/li>\n<li data-start=\"1932\" data-end=\"2014\">\n<p data-start=\"1934\" data-end=\"2014\">I\u0161sklaidykite pir\u0161tais, kempin\u0117le ar \u0161epet\u0117liu \u0161velniais tap\u0161nojimo judesiais.<\/p>\n<\/li>\n<li data-start=\"2015\" data-end=\"2074\">\n<p data-start=\"2017\" data-end=\"2074\">Norint intensyvesnio efekto, skaistalus sluoksniuokite.<\/p>\n<\/li>\n<li data-start=\"2075\" data-end=\"2174\">\n<p data-start=\"2077\" data-end=\"2174\">Esant poreikiui, galima naudoti ir ant l\u016bp\u0173 ar vok\u0173, kuriant vientis\u0105, suderint\u0105 makia\u017eo \u012fvaizd\u012f.<\/p>\n<\/li>\n<\/ul>\n<\/div>\n","protected":false},"excerpt":{"rendered":"<p data-start=\"1405\" data-end=\"1633\">PAESE BUTTER BLEND (02 Bloom) \u2013 kreminiai skaistalai pie\u0161tuko formoje su granat\u0173 sviestu, ceramidu NP, skvalanu ir avokad\u0173 aliejumi, suteikiantys \u0161veln\u0173 ro\u017ein\u012f skaistum\u0105.<\/p>\n","protected":false},"featured_media":72663,"template":"","meta":[],"product_brand":[1534],"product_cat":[102,528,526],"product_tag":[1614],"class_list":{"0":"post-72660","1":"product","2":"type-product","3":"status-publish","4":"has-post-thumbnail","6":"product_brand-paese","7":"product_cat-dekoratyvine-kosmetika","8":"product_cat-modeliavimo-priemones","9":"product_cat-skaistalai","10":"product_tag-paese","12":"first","13":"instock","14":"purchasable","15":"product-type-simple"},"yoast_head":"<!-- This site is optimized with the Yoast SEO plugin v27.4 - https:\/\/yoast.com\/product\/yoast-seo-wordpress\/ -->\n<title>PAESE skaistal\u0173 pie\u0161tukas BUTTER BLEND (02 Bloom), 6 g - MalinaShop.lt J\u016bs\u0173 sveikatai ir gro\u017eiui.<\/title>\n<meta name=\"description\" content=\"PAESE BUTTER BLEND (02 Bloom) \u2013 kreminiai skaistalai pie\u0161tuko formoje su granat\u0173 sviestu, ceramidu NP, skvalanu ir avokad\u0173 aliejumi, suteikiantys \u0161veln\u0173 ro\u017ein\u012f skaistum\u0105.\" \/>\n<meta name=\"robots\" content=\"index, follow, max-snippet:-1, max-image-preview:large, max-video-preview:-1\" \/>\n<link rel=\"canonical\" href=\"https:\/\/www.malinashop.lt\/en\/shop\/paese-skaistalu-piestukas-butter-blend-02-bloom-6-g\/\" \/>\n<meta property=\"og:locale\" content=\"en_GB\" \/>\n<meta property=\"og:type\" content=\"article\" \/>\n<meta property=\"og:title\" content=\"PAESE skaistal\u0173 pie\u0161tukas BUTTER BLEND (02 Bloom), 6 g - MalinaShop.lt J\u016bs\u0173 sveikatai ir gro\u017eiui.\" \/>\n<meta property=\"og:description\" content=\"PAESE BUTTER BLEND (02 Bloom) \u2013 kreminiai skaistalai pie\u0161tuko formoje su granat\u0173 sviestu, ceramidu NP, skvalanu ir avokad\u0173 aliejumi, suteikiantys \u0161veln\u0173 ro\u017ein\u012f skaistum\u0105.\" \/>\n<meta property=\"og:url\" content=\"https:\/\/www.malinashop.lt\/en\/shop\/paese-skaistalu-piestukas-butter-blend-02-bloom-6-g\/\" \/>\n<meta property=\"og:site_name\" content=\"MalinaShop.lt J\u016bs\u0173 sveikatai ir gro\u017eiui.\" \/>\n<meta property=\"article:modified_time\" content=\"2026-04-07T19:18:40+00:00\" \/>\n<meta property=\"og:image\" content=\"https:\/\/www.malinashop.lt\/wp-content\/uploads\/2025\/12\/PAESE-skaistalu-piestukas-BUTTER-BLEND-02-Bloom-6-g.webp\" \/>\n\t<meta property=\"og:image:width\" content=\"990\" \/>\n\t<meta property=\"og:image:height\" content=\"990\" \/>\n\t<meta property=\"og:image:type\" content=\"image\/webp\" \/>\n<meta name=\"twitter:card\" content=\"summary_large_image\" \/>\n<script type=\"application\/ld+json\" class=\"yoast-schema-graph\">{\"@context\":\"https:\\\/\\\/schema.org\",\"@graph\":[{\"@type\":\"WebPage\",\"@id\":\"https:\\\/\\\/www.malinashop.lt\\\/shop\\\/paese-skaistalu-piestukas-butter-blend-02-bloom-6-g\\\/\",\"url\":\"https:\\\/\\\/www.malinashop.lt\\\/shop\\\/paese-skaistalu-piestukas-butter-blend-02-bloom-6-g\\\/\",\"name\":\"PAESE skaistal\u0173 pie\u0161tukas BUTTER BLEND (02 Bloom), 6 g - MalinaShop.lt J\u016bs\u0173 sveikatai ir gro\u017eiui.\",\"isPartOf\":{\"@id\":\"https:\\\/\\\/www.malinashop.lt\\\/#website\"},\"primaryImageOfPage\":{\"@id\":\"https:\\\/\\\/www.malinashop.lt\\\/shop\\\/paese-skaistalu-piestukas-butter-blend-02-bloom-6-g\\\/#primaryimage\"},\"image\":{\"@id\":\"https:\\\/\\\/www.malinashop.lt\\\/shop\\\/paese-skaistalu-piestukas-butter-blend-02-bloom-6-g\\\/#primaryimage\"},\"thumbnailUrl\":\"https:\\\/\\\/www.malinashop.lt\\\/wp-content\\\/uploads\\\/2025\\\/12\\\/PAESE-skaistalu-piestukas-BUTTER-BLEND-02-Bloom-6-g.webp\",\"datePublished\":\"2025-12-20T11:57:18+00:00\",\"dateModified\":\"2026-04-07T19:18:40+00:00\",\"description\":\"PAESE BUTTER BLEND (02 Bloom) \u2013 kreminiai skaistalai pie\u0161tuko formoje su granat\u0173 sviestu, ceramidu NP, skvalanu ir avokad\u0173 aliejumi, suteikiantys \u0161veln\u0173 ro\u017ein\u012f skaistum\u0105.\",\"breadcrumb\":{\"@id\":\"https:\\\/\\\/www.malinashop.lt\\\/shop\\\/paese-skaistalu-piestukas-butter-blend-02-bloom-6-g\\\/#breadcrumb\"},\"inLanguage\":\"en-GB\",\"potentialAction\":[{\"@type\":\"ReadAction\",\"target\":[\"https:\\\/\\\/www.malinashop.lt\\\/shop\\\/paese-skaistalu-piestukas-butter-blend-02-bloom-6-g\\\/\"]}]},{\"@type\":\"ImageObject\",\"inLanguage\":\"en-GB\",\"@id\":\"https:\\\/\\\/www.malinashop.lt\\\/shop\\\/paese-skaistalu-piestukas-butter-blend-02-bloom-6-g\\\/#primaryimage\",\"url\":\"https:\\\/\\\/www.malinashop.lt\\\/wp-content\\\/uploads\\\/2025\\\/12\\\/PAESE-skaistalu-piestukas-BUTTER-BLEND-02-Bloom-6-g.webp\",\"contentUrl\":\"https:\\\/\\\/www.malinashop.lt\\\/wp-content\\\/uploads\\\/2025\\\/12\\\/PAESE-skaistalu-piestukas-BUTTER-BLEND-02-Bloom-6-g.webp\",\"width\":990,\"height\":990},{\"@type\":\"BreadcrumbList\",\"@id\":\"https:\\\/\\\/www.malinashop.lt\\\/shop\\\/paese-skaistalu-piestukas-butter-blend-02-bloom-6-g\\\/#breadcrumb\",\"itemListElement\":[{\"@type\":\"ListItem\",\"position\":1,\"name\":\"Pagrindinis\",\"item\":\"https:\\\/\\\/www.malinashop.lt\\\/\"},{\"@type\":\"ListItem\",\"position\":2,\"name\":\"Parduotuv\u0117\",\"item\":\"https:\\\/\\\/www.malinashop.lt\\\/en\\\/parduotuve\\\/\"},{\"@type\":\"ListItem\",\"position\":3,\"name\":\"PAESE skaistal\u0173 pie\u0161tukas BUTTER BLEND (02 Bloom), 6 g\"}]},{\"@type\":\"WebSite\",\"@id\":\"https:\\\/\\\/www.malinashop.lt\\\/#website\",\"url\":\"https:\\\/\\\/www.malinashop.lt\\\/\",\"name\":\"COM Group Ecommerce\",\"description\":\"MalinaShop.lt - Gro\u017eio ir sveikatos produktai i\u0161 patikim\u0173 preki\u0173 \u017eenkl\u0173. Atraskite auk\u0161tos kokyb\u0117s kosmetik\u0105 u\u017e puiki\u0105 kain\u0105.\",\"publisher\":{\"@id\":\"https:\\\/\\\/www.malinashop.lt\\\/#organization\"},\"potentialAction\":[{\"@type\":\"SearchAction\",\"target\":{\"@type\":\"EntryPoint\",\"urlTemplate\":\"https:\\\/\\\/www.malinashop.lt\\\/?s={search_term_string}\"},\"query-input\":{\"@type\":\"PropertyValueSpecification\",\"valueRequired\":true,\"valueName\":\"search_term_string\"}}],\"inLanguage\":\"en-GB\"},{\"@type\":\"Organization\",\"@id\":\"https:\\\/\\\/www.malinashop.lt\\\/#organization\",\"name\":\"COM Group Ecommerce\",\"url\":\"https:\\\/\\\/www.malinashop.lt\\\/\",\"logo\":{\"@type\":\"ImageObject\",\"inLanguage\":\"en-GB\",\"@id\":\"https:\\\/\\\/www.malinashop.lt\\\/#\\\/schema\\\/logo\\\/image\\\/\",\"url\":\"https:\\\/\\\/www.malinashop.lt\\\/wp-content\\\/uploads\\\/2024\\\/08\\\/462559670_3787732518133670_9795632669273463_n-e1731525914575.png\",\"contentUrl\":\"https:\\\/\\\/www.malinashop.lt\\\/wp-content\\\/uploads\\\/2024\\\/08\\\/462559670_3787732518133670_9795632669273463_n-e1731525914575.png\",\"width\":180,\"height\":60,\"caption\":\"COM Group Ecommerce\"},\"image\":{\"@id\":\"https:\\\/\\\/www.malinashop.lt\\\/#\\\/schema\\\/logo\\\/image\\\/\"}}]}<\/script>\n<!-- \/ Yoast SEO plugin. -->","yoast_head_json":{"title":"PAESE skaistal\u0173 pie\u0161tukas BUTTER BLEND (02 Bloom), 6 g - MalinaShop.lt J\u016bs\u0173 sveikatai ir gro\u017eiui.","description":"PAESE BUTTER BLEND (02 Bloom) \u2013 kreminiai skaistalai pie\u0161tuko formoje su granat\u0173 sviestu, ceramidu NP, skvalanu ir avokad\u0173 aliejumi, suteikiantys \u0161veln\u0173 ro\u017ein\u012f skaistum\u0105.","robots":{"index":"index","follow":"follow","max-snippet":"max-snippet:-1","max-image-preview":"max-image-preview:large","max-video-preview":"max-video-preview:-1"},"canonical":"https:\/\/www.malinashop.lt\/en\/shop\/paese-skaistalu-piestukas-butter-blend-02-bloom-6-g\/","og_locale":"en_GB","og_type":"article","og_title":"PAESE skaistal\u0173 pie\u0161tukas BUTTER BLEND (02 Bloom), 6 g - MalinaShop.lt J\u016bs\u0173 sveikatai ir gro\u017eiui.","og_description":"PAESE BUTTER BLEND (02 Bloom) \u2013 kreminiai skaistalai pie\u0161tuko formoje su granat\u0173 sviestu, ceramidu NP, skvalanu ir avokad\u0173 aliejumi, suteikiantys \u0161veln\u0173 ro\u017ein\u012f skaistum\u0105.","og_url":"https:\/\/www.malinashop.lt\/en\/shop\/paese-skaistalu-piestukas-butter-blend-02-bloom-6-g\/","og_site_name":"MalinaShop.lt J\u016bs\u0173 sveikatai ir gro\u017eiui.","article_modified_time":"2026-04-07T19:18:40+00:00","og_image":[{"width":990,"height":990,"url":"https:\/\/www.malinashop.lt\/wp-content\/uploads\/2025\/12\/PAESE-skaistalu-piestukas-BUTTER-BLEND-02-Bloom-6-g.webp","type":"image\/webp"}],"twitter_card":"summary_large_image","schema":{"@context":"https:\/\/schema.org","@graph":[{"@type":"WebPage","@id":"https:\/\/www.malinashop.lt\/shop\/paese-skaistalu-piestukas-butter-blend-02-bloom-6-g\/","url":"https:\/\/www.malinashop.lt\/shop\/paese-skaistalu-piestukas-butter-blend-02-bloom-6-g\/","name":"PAESE skaistal\u0173 pie\u0161tukas BUTTER BLEND (02 Bloom), 6 g - MalinaShop.lt J\u016bs\u0173 sveikatai ir gro\u017eiui.","isPartOf":{"@id":"https:\/\/www.malinashop.lt\/#website"},"primaryImageOfPage":{"@id":"https:\/\/www.malinashop.lt\/shop\/paese-skaistalu-piestukas-butter-blend-02-bloom-6-g\/#primaryimage"},"image":{"@id":"https:\/\/www.malinashop.lt\/shop\/paese-skaistalu-piestukas-butter-blend-02-bloom-6-g\/#primaryimage"},"thumbnailUrl":"https:\/\/www.malinashop.lt\/wp-content\/uploads\/2025\/12\/PAESE-skaistalu-piestukas-BUTTER-BLEND-02-Bloom-6-g.webp","datePublished":"2025-12-20T11:57:18+00:00","dateModified":"2026-04-07T19:18:40+00:00","description":"PAESE BUTTER BLEND (02 Bloom) \u2013 kreminiai skaistalai pie\u0161tuko formoje su granat\u0173 sviestu, ceramidu NP, skvalanu ir avokad\u0173 aliejumi, suteikiantys \u0161veln\u0173 ro\u017ein\u012f skaistum\u0105.","breadcrumb":{"@id":"https:\/\/www.malinashop.lt\/shop\/paese-skaistalu-piestukas-butter-blend-02-bloom-6-g\/#breadcrumb"},"inLanguage":"en-GB","potentialAction":[{"@type":"ReadAction","target":["https:\/\/www.malinashop.lt\/shop\/paese-skaistalu-piestukas-butter-blend-02-bloom-6-g\/"]}]},{"@type":"ImageObject","inLanguage":"en-GB","@id":"https:\/\/www.malinashop.lt\/shop\/paese-skaistalu-piestukas-butter-blend-02-bloom-6-g\/#primaryimage","url":"https:\/\/www.malinashop.lt\/wp-content\/uploads\/2025\/12\/PAESE-skaistalu-piestukas-BUTTER-BLEND-02-Bloom-6-g.webp","contentUrl":"https:\/\/www.malinashop.lt\/wp-content\/uploads\/2025\/12\/PAESE-skaistalu-piestukas-BUTTER-BLEND-02-Bloom-6-g.webp","width":990,"height":990},{"@type":"BreadcrumbList","@id":"https:\/\/www.malinashop.lt\/shop\/paese-skaistalu-piestukas-butter-blend-02-bloom-6-g\/#breadcrumb","itemListElement":[{"@type":"ListItem","position":1,"name":"Pagrindinis","item":"https:\/\/www.malinashop.lt\/"},{"@type":"ListItem","position":2,"name":"Parduotuv\u0117","item":"https:\/\/www.malinashop.lt\/en\/parduotuve\/"},{"@type":"ListItem","position":3,"name":"PAESE skaistal\u0173 pie\u0161tukas BUTTER BLEND (02 Bloom), 6 g"}]},{"@type":"WebSite","@id":"https:\/\/www.malinashop.lt\/#website","url":"https:\/\/www.malinashop.lt\/","name":"COM Group Ecommerce","description":"MalinaShop.lt - Gro\u017eio ir sveikatos produktai i\u0161 patikim\u0173 preki\u0173 \u017eenkl\u0173. Atraskite auk\u0161tos kokyb\u0117s kosmetik\u0105 u\u017e puiki\u0105 kain\u0105.","publisher":{"@id":"https:\/\/www.malinashop.lt\/#organization"},"potentialAction":[{"@type":"SearchAction","target":{"@type":"EntryPoint","urlTemplate":"https:\/\/www.malinashop.lt\/?s={search_term_string}"},"query-input":{"@type":"PropertyValueSpecification","valueRequired":true,"valueName":"search_term_string"}}],"inLanguage":"en-GB"},{"@type":"Organization","@id":"https:\/\/www.malinashop.lt\/#organization","name":"COM Group Ecommerce","url":"https:\/\/www.malinashop.lt\/","logo":{"@type":"ImageObject","inLanguage":"en-GB","@id":"https:\/\/www.malinashop.lt\/#\/schema\/logo\/image\/","url":"https:\/\/www.malinashop.lt\/wp-content\/uploads\/2024\/08\/462559670_3787732518133670_9795632669273463_n-e1731525914575.png","contentUrl":"https:\/\/www.malinashop.lt\/wp-content\/uploads\/2024\/08\/462559670_3787732518133670_9795632669273463_n-e1731525914575.png","width":180,"height":60,"caption":"COM Group Ecommerce"},"image":{"@id":"https:\/\/www.malinashop.lt\/#\/schema\/logo\/image\/"}}]}},"jetpack_sharing_enabled":true,"_links":{"self":[{"href":"https:\/\/www.malinashop.lt\/en\/wp-json\/wp\/v2\/product\/72660","targetHints":{"allow":["GET"]}}],"collection":[{"href":"https:\/\/www.malinashop.lt\/en\/wp-json\/wp\/v2\/product"}],"about":[{"href":"https:\/\/www.malinashop.lt\/en\/wp-json\/wp\/v2\/types\/product"}],"version-history":[{"count":1,"href":"https:\/\/www.malinashop.lt\/en\/wp-json\/wp\/v2\/product\/72660\/revisions"}],"predecessor-version":[{"id":72664,"href":"https:\/\/www.malinashop.lt\/en\/wp-json\/wp\/v2\/product\/72660\/revisions\/72664"}],"wp:featuredmedia":[{"embeddable":true,"href":"https:\/\/www.malinashop.lt\/en\/wp-json\/wp\/v2\/media\/72663"}],"wp:attachment":[{"href":"https:\/\/www.malinashop.lt\/en\/wp-json\/wp\/v2\/media?parent=72660"}],"wp:term":[{"taxonomy":"product_brand","embeddable":true,"href":"https:\/\/www.malinashop.lt\/en\/wp-json\/wp\/v2\/product_brand?post=72660"},{"taxonomy":"product_cat","embeddable":true,"href":"https:\/\/www.malinashop.lt\/en\/wp-json\/wp\/v2\/product_cat?post=72660"},{"taxonomy":"product_tag","embeddable":true,"href":"https:\/\/www.malinashop.lt\/en\/wp-json\/wp\/v2\/product_tag?post=72660"}],"curies":[{"name":"wp","href":"https:\/\/api.w.org\/{rel}","templated":true}]}}