{"id":72654,"date":"2025-12-20T14:52:39","date_gmt":"2025-12-20T11:52:39","guid":{"rendered":"https:\/\/malinashop.lt\/?post_type=product&#038;p=72654"},"modified":"2026-04-07T22:18:41","modified_gmt":"2026-04-07T19:18:41","slug":"paese-skaistalu-piestukas-butter-blend-01-peony-6-g","status":"publish","type":"product","link":"https:\/\/www.malinashop.lt\/en\/shop\/paese-skaistalu-piestukas-butter-blend-01-peony-6-g\/","title":{"rendered":"PAESE skaistal\u0173 pie\u0161tukas BUTTER BLEND (01 Peony), 6 g"},"content":{"rendered":"<div class=\"ewa-rteLine\">\n<p data-start=\"343\" data-end=\"635\">PAESE skaistal\u0173 pie\u0161tukas BUTTER BLEND (01 Peony) \u2013 tai prakti\u0161ki, kremin\u0117s formul\u0117s skaistalai, skirti greitam ir lengvam veido atgaivinimui. Sviestin\u0117, <strong data-start=\"520\" data-end=\"540\">kremin\u0117 tekst\u016bra<\/strong> \u0161velniai \u012fsigeria \u012f od\u0105, lengvai susilieja su makia\u017eo pagrindu ir nesukuria dry\u017ei\u0173 ar d\u0117mi\u0173.<\/p>\n<p data-start=\"637\" data-end=\"924\">Skaistalai suteikia <strong data-start=\"657\" data-end=\"701\">gaivios, \u0161vytin\u010dios ir pails\u0117jusios odos<\/strong> efekt\u0105 \u2013 tarsi nat\u016bralus rumenimas po pasivaik\u0161\u010diojimo gryname ore. Atspalvis <strong data-start=\"780\" data-end=\"792\">01 Peony<\/strong> \u2013 \u0161altas avietinis tonas, puikiai atgaivinantis veid\u0105, suteikiantis sveikos, gaivios odos \u012fsp\u016bd\u012f ir tinka daugeliui odos atspalvi\u0173.<\/p>\n<p data-start=\"926\" data-end=\"1143\">Lengva formul\u0117 leid\u017eia produkt\u0105 lengvai sluoksniuoti \u2013 nuo \u0161velnaus dieninio skaistumo iki ry\u0161kesnio vakarinio efekto. Skaistalai nepa\u017eeid\u017eia pagrindo, gra\u017eiai susilieja su oda ir subtiliai <strong data-start=\"1116\" data-end=\"1142\">formuoja veido bruo\u017eus<\/strong>.<\/p>\n<p data-start=\"1145\" data-end=\"1201\">Sud\u0117tis praturtinta od\u0105 puosel\u0117jan\u010diais ingredientais:<\/p>\n<ul data-start=\"1202\" data-end=\"1475\">\n<li data-start=\"1202\" data-end=\"1254\">\n<p data-start=\"1204\" data-end=\"1254\"><strong data-start=\"1204\" data-end=\"1224\">granat\u0173 sviestas<\/strong> \u2013 maitina ir mink\u0161tina od\u0105;<\/p>\n<\/li>\n<li data-start=\"1255\" data-end=\"1333\">\n<p data-start=\"1257\" data-end=\"1333\"><strong data-start=\"1257\" data-end=\"1273\">ceramidas NP<\/strong> \u2013 padeda stiprinti odos barjer\u0105 ir saugo nuo i\u0161saus\u0117jimo;<\/p>\n<\/li>\n<li data-start=\"1334\" data-end=\"1386\">\n<p data-start=\"1336\" data-end=\"1386\"><strong data-start=\"1336\" data-end=\"1349\">skvalanas<\/strong> \u2013 dr\u0117kina ir suteikia elastingumo;<\/p>\n<\/li>\n<li data-start=\"1387\" data-end=\"1475\">\n<p data-start=\"1389\" data-end=\"1475\"><strong data-start=\"1389\" data-end=\"1408\">avokad\u0173 aliejus<\/strong> \u2013 ramina ir maitina, suteikia komforto poj\u016bt\u012f visos dienos metu.<\/p>\n<\/li>\n<\/ul>\n<p data-start=\"1477\" data-end=\"1636\">Kompakti\u0161ka pie\u0161tuko forma idealiai tinka <strong data-start=\"1519\" data-end=\"1557\">kasdieniam naudojimui ir kelion\u0117ms<\/strong> \u2013 telpa \u012f bet kuri\u0105 rankin\u0119, patogu greitai at\u0161vie\u017einti makia\u017e\u0105 dienos eigoje.<\/p>\n<p data-start=\"1638\" data-end=\"1662\"><strong data-start=\"1638\" data-end=\"1660\">Atspalvis 01 Peony<\/strong><\/p>\n<ul data-start=\"1663\" data-end=\"1782\">\n<li data-start=\"1663\" data-end=\"1689\">\n<p data-start=\"1665\" data-end=\"1689\">\u0160altas avietinis tonas<\/p>\n<\/li>\n<li data-start=\"1690\" data-end=\"1736\">\n<p data-start=\"1692\" data-end=\"1736\">Suteikia sveikos, pails\u0117jusios odos efekt\u0105<\/p>\n<\/li>\n<li data-start=\"1737\" data-end=\"1782\">\n<p data-start=\"1739\" data-end=\"1782\">Puikiai tinka gaiviam kasdieniam \u012fvaizd\u017eiui<\/p>\n<\/li>\n<\/ul>\n<p data-start=\"1784\" data-end=\"1800\"><strong data-start=\"1784\" data-end=\"1798\">Naudojimas<\/strong><\/p>\n<ul data-start=\"1801\" data-end=\"2121\">\n<li data-start=\"1801\" data-end=\"1886\">\n<p data-start=\"1803\" data-end=\"1886\">Tepkite ties skruost\u0173 \u201eobuoliukais\u201c arba ten, kur nat\u016braliai i\u0161ry\u0161k\u0117ja rumenimas.<\/p>\n<\/li>\n<li data-start=\"1887\" data-end=\"1969\">\n<p data-start=\"1889\" data-end=\"1969\">I\u0161sklaidykite pir\u0161tais, kempin\u0117le ar \u0161epet\u0117liu \u0161velniais tap\u0161nojimo judesiais.<\/p>\n<\/li>\n<li data-start=\"1970\" data-end=\"2029\">\n<p data-start=\"1972\" data-end=\"2029\">Galima sluoksniuoti, kol pasieksite norim\u0105 intensyvum\u0105.<\/p>\n<\/li>\n<li data-start=\"2030\" data-end=\"2121\">\n<p data-start=\"2032\" data-end=\"2121\">Esant poreikiui, galima naudoti ir ant l\u016bp\u0173 ar vok\u0173, kuriant vientis\u0105, suderint\u0105 \u012fvaizd\u012f.<\/p>\n<\/li>\n<\/ul>\n<\/div>\n","protected":false},"excerpt":{"rendered":"<p data-start=\"1405\" data-end=\"1633\">PAESE BUTTER BLEND (01 Peony) \u2013 kremin\u0117s tekst\u016bros skaistalai pie\u0161tuko formoje su granat\u0173 sviestu, ceramidu NP, skvalanu ir avokad\u0173 aliejumi. Suteikia nat\u016bral\u0173, \u0161velniai avietin\u012f skaistum\u0105 ir gaivios odos efekt\u0105.<\/p>\n","protected":false},"featured_media":72657,"template":"","meta":[],"product_brand":[1534],"product_cat":[102,528,526],"product_tag":[1614],"class_list":{"0":"post-72654","1":"product","2":"type-product","3":"status-publish","4":"has-post-thumbnail","6":"product_brand-paese","7":"product_cat-dekoratyvine-kosmetika","8":"product_cat-modeliavimo-priemones","9":"product_cat-skaistalai","10":"product_tag-paese","12":"first","13":"instock","14":"purchasable","15":"product-type-simple"},"yoast_head":"<!-- This site is optimized with the Yoast SEO plugin v27.4 - https:\/\/yoast.com\/product\/yoast-seo-wordpress\/ -->\n<title>PAESE skaistal\u0173 pie\u0161tukas BUTTER BLEND (01 Peony), 6 g - MalinaShop.lt J\u016bs\u0173 sveikatai ir gro\u017eiui.<\/title>\n<meta name=\"description\" content=\"PAESE BUTTER BLEND (01 Peony) \u2013 kreminiai skaistalai pie\u0161tuko formoje su granat\u0173 sviestu, ceramidu NP, skvalanu ir avokad\u0173 aliejumi, suteikiantys nat\u016bral\u0173 avietin\u012f skaistum\u0105.\" \/>\n<meta name=\"robots\" content=\"index, follow, max-snippet:-1, max-image-preview:large, max-video-preview:-1\" \/>\n<link rel=\"canonical\" href=\"https:\/\/www.malinashop.lt\/en\/shop\/paese-skaistalu-piestukas-butter-blend-01-peony-6-g\/\" \/>\n<meta property=\"og:locale\" content=\"en_GB\" \/>\n<meta property=\"og:type\" content=\"article\" \/>\n<meta property=\"og:title\" content=\"PAESE skaistal\u0173 pie\u0161tukas BUTTER BLEND (01 Peony), 6 g - MalinaShop.lt J\u016bs\u0173 sveikatai ir gro\u017eiui.\" \/>\n<meta property=\"og:description\" content=\"PAESE BUTTER BLEND (01 Peony) \u2013 kreminiai skaistalai pie\u0161tuko formoje su granat\u0173 sviestu, ceramidu NP, skvalanu ir avokad\u0173 aliejumi, suteikiantys nat\u016bral\u0173 avietin\u012f skaistum\u0105.\" \/>\n<meta property=\"og:url\" content=\"https:\/\/www.malinashop.lt\/en\/shop\/paese-skaistalu-piestukas-butter-blend-01-peony-6-g\/\" \/>\n<meta property=\"og:site_name\" content=\"MalinaShop.lt J\u016bs\u0173 sveikatai ir gro\u017eiui.\" \/>\n<meta property=\"article:modified_time\" content=\"2026-04-07T19:18:41+00:00\" \/>\n<meta property=\"og:image\" content=\"https:\/\/www.malinashop.lt\/wp-content\/uploads\/2025\/12\/PAESE-skaistalu-piestukas-BUTTER-BLEND-01-Peony-6-g.webp\" \/>\n\t<meta property=\"og:image:width\" content=\"990\" \/>\n\t<meta property=\"og:image:height\" content=\"990\" \/>\n\t<meta property=\"og:image:type\" content=\"image\/webp\" \/>\n<meta name=\"twitter:card\" content=\"summary_large_image\" \/>\n<script type=\"application\/ld+json\" class=\"yoast-schema-graph\">{\"@context\":\"https:\\\/\\\/schema.org\",\"@graph\":[{\"@type\":\"WebPage\",\"@id\":\"https:\\\/\\\/www.malinashop.lt\\\/shop\\\/paese-skaistalu-piestukas-butter-blend-01-peony-6-g\\\/\",\"url\":\"https:\\\/\\\/www.malinashop.lt\\\/shop\\\/paese-skaistalu-piestukas-butter-blend-01-peony-6-g\\\/\",\"name\":\"PAESE skaistal\u0173 pie\u0161tukas BUTTER BLEND (01 Peony), 6 g - MalinaShop.lt J\u016bs\u0173 sveikatai ir gro\u017eiui.\",\"isPartOf\":{\"@id\":\"https:\\\/\\\/www.malinashop.lt\\\/#website\"},\"primaryImageOfPage\":{\"@id\":\"https:\\\/\\\/www.malinashop.lt\\\/shop\\\/paese-skaistalu-piestukas-butter-blend-01-peony-6-g\\\/#primaryimage\"},\"image\":{\"@id\":\"https:\\\/\\\/www.malinashop.lt\\\/shop\\\/paese-skaistalu-piestukas-butter-blend-01-peony-6-g\\\/#primaryimage\"},\"thumbnailUrl\":\"https:\\\/\\\/www.malinashop.lt\\\/wp-content\\\/uploads\\\/2025\\\/12\\\/PAESE-skaistalu-piestukas-BUTTER-BLEND-01-Peony-6-g.webp\",\"datePublished\":\"2025-12-20T11:52:39+00:00\",\"dateModified\":\"2026-04-07T19:18:41+00:00\",\"description\":\"PAESE BUTTER BLEND (01 Peony) \u2013 kreminiai skaistalai pie\u0161tuko formoje su granat\u0173 sviestu, ceramidu NP, skvalanu ir avokad\u0173 aliejumi, suteikiantys nat\u016bral\u0173 avietin\u012f skaistum\u0105.\",\"breadcrumb\":{\"@id\":\"https:\\\/\\\/www.malinashop.lt\\\/shop\\\/paese-skaistalu-piestukas-butter-blend-01-peony-6-g\\\/#breadcrumb\"},\"inLanguage\":\"en-GB\",\"potentialAction\":[{\"@type\":\"ReadAction\",\"target\":[\"https:\\\/\\\/www.malinashop.lt\\\/shop\\\/paese-skaistalu-piestukas-butter-blend-01-peony-6-g\\\/\"]}]},{\"@type\":\"ImageObject\",\"inLanguage\":\"en-GB\",\"@id\":\"https:\\\/\\\/www.malinashop.lt\\\/shop\\\/paese-skaistalu-piestukas-butter-blend-01-peony-6-g\\\/#primaryimage\",\"url\":\"https:\\\/\\\/www.malinashop.lt\\\/wp-content\\\/uploads\\\/2025\\\/12\\\/PAESE-skaistalu-piestukas-BUTTER-BLEND-01-Peony-6-g.webp\",\"contentUrl\":\"https:\\\/\\\/www.malinashop.lt\\\/wp-content\\\/uploads\\\/2025\\\/12\\\/PAESE-skaistalu-piestukas-BUTTER-BLEND-01-Peony-6-g.webp\",\"width\":990,\"height\":990},{\"@type\":\"BreadcrumbList\",\"@id\":\"https:\\\/\\\/www.malinashop.lt\\\/shop\\\/paese-skaistalu-piestukas-butter-blend-01-peony-6-g\\\/#breadcrumb\",\"itemListElement\":[{\"@type\":\"ListItem\",\"position\":1,\"name\":\"Pagrindinis\",\"item\":\"https:\\\/\\\/www.malinashop.lt\\\/\"},{\"@type\":\"ListItem\",\"position\":2,\"name\":\"Parduotuv\u0117\",\"item\":\"https:\\\/\\\/www.malinashop.lt\\\/en\\\/parduotuve\\\/\"},{\"@type\":\"ListItem\",\"position\":3,\"name\":\"PAESE skaistal\u0173 pie\u0161tukas BUTTER BLEND (01 Peony), 6 g\"}]},{\"@type\":\"WebSite\",\"@id\":\"https:\\\/\\\/www.malinashop.lt\\\/#website\",\"url\":\"https:\\\/\\\/www.malinashop.lt\\\/\",\"name\":\"COM Group Ecommerce\",\"description\":\"MalinaShop.lt - Gro\u017eio ir sveikatos produktai i\u0161 patikim\u0173 preki\u0173 \u017eenkl\u0173. Atraskite auk\u0161tos kokyb\u0117s kosmetik\u0105 u\u017e puiki\u0105 kain\u0105.\",\"publisher\":{\"@id\":\"https:\\\/\\\/www.malinashop.lt\\\/#organization\"},\"potentialAction\":[{\"@type\":\"SearchAction\",\"target\":{\"@type\":\"EntryPoint\",\"urlTemplate\":\"https:\\\/\\\/www.malinashop.lt\\\/?s={search_term_string}\"},\"query-input\":{\"@type\":\"PropertyValueSpecification\",\"valueRequired\":true,\"valueName\":\"search_term_string\"}}],\"inLanguage\":\"en-GB\"},{\"@type\":\"Organization\",\"@id\":\"https:\\\/\\\/www.malinashop.lt\\\/#organization\",\"name\":\"COM Group Ecommerce\",\"url\":\"https:\\\/\\\/www.malinashop.lt\\\/\",\"logo\":{\"@type\":\"ImageObject\",\"inLanguage\":\"en-GB\",\"@id\":\"https:\\\/\\\/www.malinashop.lt\\\/#\\\/schema\\\/logo\\\/image\\\/\",\"url\":\"https:\\\/\\\/www.malinashop.lt\\\/wp-content\\\/uploads\\\/2024\\\/08\\\/462559670_3787732518133670_9795632669273463_n-e1731525914575.png\",\"contentUrl\":\"https:\\\/\\\/www.malinashop.lt\\\/wp-content\\\/uploads\\\/2024\\\/08\\\/462559670_3787732518133670_9795632669273463_n-e1731525914575.png\",\"width\":180,\"height\":60,\"caption\":\"COM Group Ecommerce\"},\"image\":{\"@id\":\"https:\\\/\\\/www.malinashop.lt\\\/#\\\/schema\\\/logo\\\/image\\\/\"}}]}<\/script>\n<!-- \/ Yoast SEO plugin. -->","yoast_head_json":{"title":"PAESE skaistal\u0173 pie\u0161tukas BUTTER BLEND (01 Peony), 6 g - MalinaShop.lt J\u016bs\u0173 sveikatai ir gro\u017eiui.","description":"PAESE BUTTER BLEND (01 Peony) \u2013 kreminiai skaistalai pie\u0161tuko formoje su granat\u0173 sviestu, ceramidu NP, skvalanu ir avokad\u0173 aliejumi, suteikiantys nat\u016bral\u0173 avietin\u012f skaistum\u0105.","robots":{"index":"index","follow":"follow","max-snippet":"max-snippet:-1","max-image-preview":"max-image-preview:large","max-video-preview":"max-video-preview:-1"},"canonical":"https:\/\/www.malinashop.lt\/en\/shop\/paese-skaistalu-piestukas-butter-blend-01-peony-6-g\/","og_locale":"en_GB","og_type":"article","og_title":"PAESE skaistal\u0173 pie\u0161tukas BUTTER BLEND (01 Peony), 6 g - MalinaShop.lt J\u016bs\u0173 sveikatai ir gro\u017eiui.","og_description":"PAESE BUTTER BLEND (01 Peony) \u2013 kreminiai skaistalai pie\u0161tuko formoje su granat\u0173 sviestu, ceramidu NP, skvalanu ir avokad\u0173 aliejumi, suteikiantys nat\u016bral\u0173 avietin\u012f skaistum\u0105.","og_url":"https:\/\/www.malinashop.lt\/en\/shop\/paese-skaistalu-piestukas-butter-blend-01-peony-6-g\/","og_site_name":"MalinaShop.lt J\u016bs\u0173 sveikatai ir gro\u017eiui.","article_modified_time":"2026-04-07T19:18:41+00:00","og_image":[{"width":990,"height":990,"url":"https:\/\/www.malinashop.lt\/wp-content\/uploads\/2025\/12\/PAESE-skaistalu-piestukas-BUTTER-BLEND-01-Peony-6-g.webp","type":"image\/webp"}],"twitter_card":"summary_large_image","schema":{"@context":"https:\/\/schema.org","@graph":[{"@type":"WebPage","@id":"https:\/\/www.malinashop.lt\/shop\/paese-skaistalu-piestukas-butter-blend-01-peony-6-g\/","url":"https:\/\/www.malinashop.lt\/shop\/paese-skaistalu-piestukas-butter-blend-01-peony-6-g\/","name":"PAESE skaistal\u0173 pie\u0161tukas BUTTER BLEND (01 Peony), 6 g - MalinaShop.lt J\u016bs\u0173 sveikatai ir gro\u017eiui.","isPartOf":{"@id":"https:\/\/www.malinashop.lt\/#website"},"primaryImageOfPage":{"@id":"https:\/\/www.malinashop.lt\/shop\/paese-skaistalu-piestukas-butter-blend-01-peony-6-g\/#primaryimage"},"image":{"@id":"https:\/\/www.malinashop.lt\/shop\/paese-skaistalu-piestukas-butter-blend-01-peony-6-g\/#primaryimage"},"thumbnailUrl":"https:\/\/www.malinashop.lt\/wp-content\/uploads\/2025\/12\/PAESE-skaistalu-piestukas-BUTTER-BLEND-01-Peony-6-g.webp","datePublished":"2025-12-20T11:52:39+00:00","dateModified":"2026-04-07T19:18:41+00:00","description":"PAESE BUTTER BLEND (01 Peony) \u2013 kreminiai skaistalai pie\u0161tuko formoje su granat\u0173 sviestu, ceramidu NP, skvalanu ir avokad\u0173 aliejumi, suteikiantys nat\u016bral\u0173 avietin\u012f skaistum\u0105.","breadcrumb":{"@id":"https:\/\/www.malinashop.lt\/shop\/paese-skaistalu-piestukas-butter-blend-01-peony-6-g\/#breadcrumb"},"inLanguage":"en-GB","potentialAction":[{"@type":"ReadAction","target":["https:\/\/www.malinashop.lt\/shop\/paese-skaistalu-piestukas-butter-blend-01-peony-6-g\/"]}]},{"@type":"ImageObject","inLanguage":"en-GB","@id":"https:\/\/www.malinashop.lt\/shop\/paese-skaistalu-piestukas-butter-blend-01-peony-6-g\/#primaryimage","url":"https:\/\/www.malinashop.lt\/wp-content\/uploads\/2025\/12\/PAESE-skaistalu-piestukas-BUTTER-BLEND-01-Peony-6-g.webp","contentUrl":"https:\/\/www.malinashop.lt\/wp-content\/uploads\/2025\/12\/PAESE-skaistalu-piestukas-BUTTER-BLEND-01-Peony-6-g.webp","width":990,"height":990},{"@type":"BreadcrumbList","@id":"https:\/\/www.malinashop.lt\/shop\/paese-skaistalu-piestukas-butter-blend-01-peony-6-g\/#breadcrumb","itemListElement":[{"@type":"ListItem","position":1,"name":"Pagrindinis","item":"https:\/\/www.malinashop.lt\/"},{"@type":"ListItem","position":2,"name":"Parduotuv\u0117","item":"https:\/\/www.malinashop.lt\/en\/parduotuve\/"},{"@type":"ListItem","position":3,"name":"PAESE skaistal\u0173 pie\u0161tukas BUTTER BLEND (01 Peony), 6 g"}]},{"@type":"WebSite","@id":"https:\/\/www.malinashop.lt\/#website","url":"https:\/\/www.malinashop.lt\/","name":"COM Group Ecommerce","description":"MalinaShop.lt - Gro\u017eio ir sveikatos produktai i\u0161 patikim\u0173 preki\u0173 \u017eenkl\u0173. Atraskite auk\u0161tos kokyb\u0117s kosmetik\u0105 u\u017e puiki\u0105 kain\u0105.","publisher":{"@id":"https:\/\/www.malinashop.lt\/#organization"},"potentialAction":[{"@type":"SearchAction","target":{"@type":"EntryPoint","urlTemplate":"https:\/\/www.malinashop.lt\/?s={search_term_string}"},"query-input":{"@type":"PropertyValueSpecification","valueRequired":true,"valueName":"search_term_string"}}],"inLanguage":"en-GB"},{"@type":"Organization","@id":"https:\/\/www.malinashop.lt\/#organization","name":"COM Group Ecommerce","url":"https:\/\/www.malinashop.lt\/","logo":{"@type":"ImageObject","inLanguage":"en-GB","@id":"https:\/\/www.malinashop.lt\/#\/schema\/logo\/image\/","url":"https:\/\/www.malinashop.lt\/wp-content\/uploads\/2024\/08\/462559670_3787732518133670_9795632669273463_n-e1731525914575.png","contentUrl":"https:\/\/www.malinashop.lt\/wp-content\/uploads\/2024\/08\/462559670_3787732518133670_9795632669273463_n-e1731525914575.png","width":180,"height":60,"caption":"COM Group Ecommerce"},"image":{"@id":"https:\/\/www.malinashop.lt\/#\/schema\/logo\/image\/"}}]}},"jetpack_sharing_enabled":true,"_links":{"self":[{"href":"https:\/\/www.malinashop.lt\/en\/wp-json\/wp\/v2\/product\/72654","targetHints":{"allow":["GET"]}}],"collection":[{"href":"https:\/\/www.malinashop.lt\/en\/wp-json\/wp\/v2\/product"}],"about":[{"href":"https:\/\/www.malinashop.lt\/en\/wp-json\/wp\/v2\/types\/product"}],"version-history":[{"count":2,"href":"https:\/\/www.malinashop.lt\/en\/wp-json\/wp\/v2\/product\/72654\/revisions"}],"predecessor-version":[{"id":72659,"href":"https:\/\/www.malinashop.lt\/en\/wp-json\/wp\/v2\/product\/72654\/revisions\/72659"}],"wp:featuredmedia":[{"embeddable":true,"href":"https:\/\/www.malinashop.lt\/en\/wp-json\/wp\/v2\/media\/72657"}],"wp:attachment":[{"href":"https:\/\/www.malinashop.lt\/en\/wp-json\/wp\/v2\/media?parent=72654"}],"wp:term":[{"taxonomy":"product_brand","embeddable":true,"href":"https:\/\/www.malinashop.lt\/en\/wp-json\/wp\/v2\/product_brand?post=72654"},{"taxonomy":"product_cat","embeddable":true,"href":"https:\/\/www.malinashop.lt\/en\/wp-json\/wp\/v2\/product_cat?post=72654"},{"taxonomy":"product_tag","embeddable":true,"href":"https:\/\/www.malinashop.lt\/en\/wp-json\/wp\/v2\/product_tag?post=72654"}],"curies":[{"name":"wp","href":"https:\/\/api.w.org\/{rel}","templated":true}]}}