{"id":72629,"date":"2025-12-20T14:08:15","date_gmt":"2025-12-20T11:08:15","guid":{"rendered":"https:\/\/malinashop.lt\/?post_type=product&#038;p=72629"},"modified":"2026-04-07T22:18:42","modified_gmt":"2026-04-07T19:18:42","slug":"paese-kremine-pudra-run-for-cover-30-30-ml","status":"publish","type":"product","link":"https:\/\/www.malinashop.lt\/en\/shop\/paese-kremine-pudra-run-for-cover-30-30-ml\/","title":{"rendered":"PAESE kremin\u0117 pudra RUN FOR COVER 30, 30 ml"},"content":{"rendered":"<div class=\"ewa-rteLine\">\n<p data-start=\"272\" data-end=\"607\">PAESE kremin\u0117 pudra <strong data-start=\"315\" data-end=\"335\">RUN FOR COVER 30<\/strong> sukurta toms, kurios nori patikimo, stipraus maskavimo ir tvarkingo makia\u017eo visai dienai. Tai <strong data-start=\"430\" data-end=\"455\">itin auk\u0161to maskavimo<\/strong> pudra, padedanti pasl\u0117pti nelygumus, paraudimus, pigmentines d\u0117meles, spuogeli\u0173 \u017eymes ir kitas odos netobulybes, i\u0161laikant esteti\u0161k\u0105, tolyg\u0173 rezultat\u0105.<\/p>\n<p data-start=\"609\" data-end=\"653\">Formul\u0117 praturtinta <strong data-start=\"629\" data-end=\"643\">vitaminu E<\/strong>, kuris:<\/p>\n<ul data-start=\"654\" data-end=\"813\">\n<li data-start=\"654\" data-end=\"693\">\n<p data-start=\"656\" data-end=\"693\">padeda saugoti od\u0105 nuo i\u0161saus\u0117jimo,<\/p>\n<\/li>\n<li data-start=\"694\" data-end=\"737\">\n<p data-start=\"696\" data-end=\"737\">palaiko elastingum\u0105 ir komforto poj\u016bt\u012f,<\/p>\n<\/li>\n<li data-start=\"738\" data-end=\"813\">\n<p data-start=\"740\" data-end=\"813\">veikia kaip antioksidantas, padedantis kovoti su laisvaisiais radikalais.<\/p>\n<\/li>\n<\/ul>\n<p data-start=\"815\" data-end=\"1021\">Pudra turi <strong data-start=\"826\" data-end=\"842\">SPF10 filtr\u0105<\/strong>, kuris suteikia papildom\u0105 kasdien\u0119 apsaug\u0105 nuo <strong data-start=\"890\" data-end=\"914\">UVA ir UVB spinduli\u0173<\/strong>, tod\u0117l tai puikus pasirinkimas miesto makia\u017eui, kai oda susiduria su saul\u0117s ir aplinkos veiksni\u0173 poveikiu.<\/p>\n<p data-start=\"1023\" data-end=\"1096\">Kremin\u0117 tekst\u016bra lengvai pasiskirsto, nesub\u0117ga \u012f rauk\u0161leles ir leid\u017eia:<\/p>\n<ul data-start=\"1097\" data-end=\"1232\">\n<li data-start=\"1097\" data-end=\"1148\">\n<p data-start=\"1099\" data-end=\"1148\">i\u0161gauti <strong data-start=\"1107\" data-end=\"1129\">nat\u016bralesn\u012f efekt\u0105<\/strong> plonu sluoksniu,<\/p>\n<\/li>\n<li data-start=\"1149\" data-end=\"1232\">\n<p data-start=\"1151\" data-end=\"1232\">arba <strong data-start=\"1156\" data-end=\"1184\">visi\u0161kai piln\u0105 padengim\u0105<\/strong>, jei pudr\u0105 sluoksniuosite ir naudosite teptuk\u0105.<\/p>\n<\/li>\n<\/ul>\n<p data-start=\"1234\" data-end=\"1364\">Atspalvis <strong data-start=\"1244\" data-end=\"1250\">30<\/strong> \u2013 universalus, tinkantis daugeliui \u0161viesesn\u0117s\u2013vidutin\u0117s odos savininki\u0173 (ypa\u010d turin\u010di\u0173 \u0161ilt\u0105 ar neutral\u0173 poton\u012f).<\/p>\n<p data-start=\"1366\" data-end=\"1395\"><strong data-start=\"1366\" data-end=\"1393\">Pagrindiniai privalumai<\/strong><\/p>\n<ul data-start=\"1396\" data-end=\"1595\">\n<li data-start=\"1396\" data-end=\"1423\">\n<p data-start=\"1398\" data-end=\"1423\">Itin auk\u0161tas maskavimas<\/p>\n<\/li>\n<li data-start=\"1424\" data-end=\"1457\">\n<p data-start=\"1426\" data-end=\"1457\">Nesausina odos d\u0117l vitamino E<\/p>\n<\/li>\n<li data-start=\"1458\" data-end=\"1498\">\n<p data-start=\"1460\" data-end=\"1498\">SPF10 \u2013 kasdien\u0117 apsauga nuo UVA\/UVB<\/p>\n<\/li>\n<li data-start=\"1499\" data-end=\"1540\">\n<p data-start=\"1501\" data-end=\"1540\">Ilgai i\u0161liekantis, tolygus rezultatas<\/p>\n<\/li>\n<li data-start=\"1541\" data-end=\"1595\">\n<p data-start=\"1543\" data-end=\"1595\">Galima sukurti tiek nat\u016bral\u0173, tiek piln\u0105 padengim\u0105<\/p>\n<\/li>\n<\/ul>\n<p data-start=\"1597\" data-end=\"1613\"><strong data-start=\"1597\" data-end=\"1611\">Naudojimas<\/strong><\/p>\n<ul data-start=\"1614\" data-end=\"1950\">\n<li data-start=\"1614\" data-end=\"1734\">\n<p data-start=\"1616\" data-end=\"1734\"><strong data-start=\"1616\" data-end=\"1641\">Nat\u016bralesniam efektui<\/strong>: nedidel\u012f kiek\u012f pudros paskirstykite pir\u0161tais arba kempin\u0117le nuo veido centro link i\u0161or\u0117s.<\/p>\n<\/li>\n<li data-start=\"1735\" data-end=\"1871\">\n<p data-start=\"1737\" data-end=\"1871\"><strong data-start=\"1737\" data-end=\"1768\">Pilnam, stipriam maskavimui<\/strong>: naudokite makia\u017eo teptuk\u0105 ir pudr\u0105 tepkite plonais sluoksniais, kol pasieksite norim\u0105 dengimo lyg\u012f.<\/p>\n<\/li>\n<li data-start=\"1872\" data-end=\"1950\">\n<p data-start=\"1874\" data-end=\"1950\">U\u017efiksuokite biria ar kompaktine pudra, jei norite dar ilgesnio i\u0161silaikymo.<\/p>\n<\/li>\n<\/ul>\n<\/div>\n","protected":false},"excerpt":{"rendered":"<p data-start=\"1405\" data-end=\"1633\">PAESE RUN FOR COVER 30 \u2013 itin auk\u0161to maskavimo kremin\u0117 pudra su vitaminu E ir SPF10, suteikianti tolyg\u0173, ilgai i\u0161liekant\u012f padengim\u0105 be odos i\u0161saus\u0117jimo.<\/p>\n","protected":false},"featured_media":72632,"template":"","meta":[],"product_brand":[1534],"product_cat":[102,792],"product_tag":[1614],"class_list":{"0":"post-72629","1":"product","2":"type-product","3":"status-publish","4":"has-post-thumbnail","6":"product_brand-paese","7":"product_cat-dekoratyvine-kosmetika","8":"product_cat-veido-pudros","9":"product_tag-paese","11":"first","12":"instock","13":"purchasable","14":"product-type-simple"},"yoast_head":"<!-- This site is optimized with the Yoast SEO plugin v27.4 - https:\/\/yoast.com\/product\/yoast-seo-wordpress\/ -->\n<title>PAESE kremin\u0117 pudra RUN FOR COVER 30, 30 ml - MalinaShop.lt J\u016bs\u0173 sveikatai ir gro\u017eiui.<\/title>\n<meta name=\"description\" content=\"PAESE RUN FOR COVER 30 \u2013 itin auk\u0161to maskavimo kremin\u0117 pudra su vitaminu E ir SPF10, suteikianti tolyg\u0173, ilgai i\u0161liekant\u012f padengim\u0105 be odos i\u0161saus\u0117jimo.\" \/>\n<meta name=\"robots\" content=\"index, follow, max-snippet:-1, max-image-preview:large, max-video-preview:-1\" \/>\n<link rel=\"canonical\" href=\"https:\/\/www.malinashop.lt\/en\/shop\/paese-kremine-pudra-run-for-cover-30-30-ml\/\" \/>\n<meta property=\"og:locale\" content=\"en_GB\" \/>\n<meta property=\"og:type\" content=\"article\" \/>\n<meta property=\"og:title\" content=\"PAESE kremin\u0117 pudra RUN FOR COVER 30, 30 ml - MalinaShop.lt J\u016bs\u0173 sveikatai ir gro\u017eiui.\" \/>\n<meta property=\"og:description\" content=\"PAESE RUN FOR COVER 30 \u2013 itin auk\u0161to maskavimo kremin\u0117 pudra su vitaminu E ir SPF10, suteikianti tolyg\u0173, ilgai i\u0161liekant\u012f padengim\u0105 be odos i\u0161saus\u0117jimo.\" \/>\n<meta property=\"og:url\" content=\"https:\/\/www.malinashop.lt\/en\/shop\/paese-kremine-pudra-run-for-cover-30-30-ml\/\" \/>\n<meta property=\"og:site_name\" content=\"MalinaShop.lt J\u016bs\u0173 sveikatai ir gro\u017eiui.\" \/>\n<meta property=\"article:modified_time\" content=\"2026-04-07T19:18:42+00:00\" \/>\n<meta property=\"og:image\" content=\"https:\/\/www.malinashop.lt\/wp-content\/uploads\/2025\/12\/PAESE-kremine-pudra-RUN-FOR-COVER-30-30-ml.jpg\" \/>\n\t<meta property=\"og:image:width\" content=\"990\" \/>\n\t<meta property=\"og:image:height\" content=\"990\" \/>\n\t<meta property=\"og:image:type\" content=\"image\/jpeg\" \/>\n<meta name=\"twitter:card\" content=\"summary_large_image\" \/>\n<script type=\"application\/ld+json\" class=\"yoast-schema-graph\">{\"@context\":\"https:\\\/\\\/schema.org\",\"@graph\":[{\"@type\":\"WebPage\",\"@id\":\"https:\\\/\\\/www.malinashop.lt\\\/shop\\\/paese-kremine-pudra-run-for-cover-30-30-ml\\\/\",\"url\":\"https:\\\/\\\/www.malinashop.lt\\\/shop\\\/paese-kremine-pudra-run-for-cover-30-30-ml\\\/\",\"name\":\"PAESE kremin\u0117 pudra RUN FOR COVER 30, 30 ml - MalinaShop.lt J\u016bs\u0173 sveikatai ir gro\u017eiui.\",\"isPartOf\":{\"@id\":\"https:\\\/\\\/www.malinashop.lt\\\/#website\"},\"primaryImageOfPage\":{\"@id\":\"https:\\\/\\\/www.malinashop.lt\\\/shop\\\/paese-kremine-pudra-run-for-cover-30-30-ml\\\/#primaryimage\"},\"image\":{\"@id\":\"https:\\\/\\\/www.malinashop.lt\\\/shop\\\/paese-kremine-pudra-run-for-cover-30-30-ml\\\/#primaryimage\"},\"thumbnailUrl\":\"https:\\\/\\\/www.malinashop.lt\\\/wp-content\\\/uploads\\\/2025\\\/12\\\/PAESE-kremine-pudra-RUN-FOR-COVER-30-30-ml.jpg\",\"datePublished\":\"2025-12-20T11:08:15+00:00\",\"dateModified\":\"2026-04-07T19:18:42+00:00\",\"description\":\"PAESE RUN FOR COVER 30 \u2013 itin auk\u0161to maskavimo kremin\u0117 pudra su vitaminu E ir SPF10, suteikianti tolyg\u0173, ilgai i\u0161liekant\u012f padengim\u0105 be odos i\u0161saus\u0117jimo.\",\"breadcrumb\":{\"@id\":\"https:\\\/\\\/www.malinashop.lt\\\/shop\\\/paese-kremine-pudra-run-for-cover-30-30-ml\\\/#breadcrumb\"},\"inLanguage\":\"en-GB\",\"potentialAction\":[{\"@type\":\"ReadAction\",\"target\":[\"https:\\\/\\\/www.malinashop.lt\\\/shop\\\/paese-kremine-pudra-run-for-cover-30-30-ml\\\/\"]}]},{\"@type\":\"ImageObject\",\"inLanguage\":\"en-GB\",\"@id\":\"https:\\\/\\\/www.malinashop.lt\\\/shop\\\/paese-kremine-pudra-run-for-cover-30-30-ml\\\/#primaryimage\",\"url\":\"https:\\\/\\\/www.malinashop.lt\\\/wp-content\\\/uploads\\\/2025\\\/12\\\/PAESE-kremine-pudra-RUN-FOR-COVER-30-30-ml.jpg\",\"contentUrl\":\"https:\\\/\\\/www.malinashop.lt\\\/wp-content\\\/uploads\\\/2025\\\/12\\\/PAESE-kremine-pudra-RUN-FOR-COVER-30-30-ml.jpg\",\"width\":990,\"height\":990},{\"@type\":\"BreadcrumbList\",\"@id\":\"https:\\\/\\\/www.malinashop.lt\\\/shop\\\/paese-kremine-pudra-run-for-cover-30-30-ml\\\/#breadcrumb\",\"itemListElement\":[{\"@type\":\"ListItem\",\"position\":1,\"name\":\"Pagrindinis\",\"item\":\"https:\\\/\\\/www.malinashop.lt\\\/\"},{\"@type\":\"ListItem\",\"position\":2,\"name\":\"Parduotuv\u0117\",\"item\":\"https:\\\/\\\/www.malinashop.lt\\\/en\\\/parduotuve\\\/\"},{\"@type\":\"ListItem\",\"position\":3,\"name\":\"PAESE kremin\u0117 pudra RUN FOR COVER 30, 30 ml\"}]},{\"@type\":\"WebSite\",\"@id\":\"https:\\\/\\\/www.malinashop.lt\\\/#website\",\"url\":\"https:\\\/\\\/www.malinashop.lt\\\/\",\"name\":\"COM Group Ecommerce\",\"description\":\"MalinaShop.lt - Gro\u017eio ir sveikatos produktai i\u0161 patikim\u0173 preki\u0173 \u017eenkl\u0173. Atraskite auk\u0161tos kokyb\u0117s kosmetik\u0105 u\u017e puiki\u0105 kain\u0105.\",\"publisher\":{\"@id\":\"https:\\\/\\\/www.malinashop.lt\\\/#organization\"},\"potentialAction\":[{\"@type\":\"SearchAction\",\"target\":{\"@type\":\"EntryPoint\",\"urlTemplate\":\"https:\\\/\\\/www.malinashop.lt\\\/?s={search_term_string}\"},\"query-input\":{\"@type\":\"PropertyValueSpecification\",\"valueRequired\":true,\"valueName\":\"search_term_string\"}}],\"inLanguage\":\"en-GB\"},{\"@type\":\"Organization\",\"@id\":\"https:\\\/\\\/www.malinashop.lt\\\/#organization\",\"name\":\"COM Group Ecommerce\",\"url\":\"https:\\\/\\\/www.malinashop.lt\\\/\",\"logo\":{\"@type\":\"ImageObject\",\"inLanguage\":\"en-GB\",\"@id\":\"https:\\\/\\\/www.malinashop.lt\\\/#\\\/schema\\\/logo\\\/image\\\/\",\"url\":\"https:\\\/\\\/www.malinashop.lt\\\/wp-content\\\/uploads\\\/2024\\\/08\\\/462559670_3787732518133670_9795632669273463_n-e1731525914575.png\",\"contentUrl\":\"https:\\\/\\\/www.malinashop.lt\\\/wp-content\\\/uploads\\\/2024\\\/08\\\/462559670_3787732518133670_9795632669273463_n-e1731525914575.png\",\"width\":180,\"height\":60,\"caption\":\"COM Group Ecommerce\"},\"image\":{\"@id\":\"https:\\\/\\\/www.malinashop.lt\\\/#\\\/schema\\\/logo\\\/image\\\/\"}}]}<\/script>\n<!-- \/ Yoast SEO plugin. -->","yoast_head_json":{"title":"PAESE kremin\u0117 pudra RUN FOR COVER 30, 30 ml - MalinaShop.lt J\u016bs\u0173 sveikatai ir gro\u017eiui.","description":"PAESE RUN FOR COVER 30 \u2013 itin auk\u0161to maskavimo kremin\u0117 pudra su vitaminu E ir SPF10, suteikianti tolyg\u0173, ilgai i\u0161liekant\u012f padengim\u0105 be odos i\u0161saus\u0117jimo.","robots":{"index":"index","follow":"follow","max-snippet":"max-snippet:-1","max-image-preview":"max-image-preview:large","max-video-preview":"max-video-preview:-1"},"canonical":"https:\/\/www.malinashop.lt\/en\/shop\/paese-kremine-pudra-run-for-cover-30-30-ml\/","og_locale":"en_GB","og_type":"article","og_title":"PAESE kremin\u0117 pudra RUN FOR COVER 30, 30 ml - MalinaShop.lt J\u016bs\u0173 sveikatai ir gro\u017eiui.","og_description":"PAESE RUN FOR COVER 30 \u2013 itin auk\u0161to maskavimo kremin\u0117 pudra su vitaminu E ir SPF10, suteikianti tolyg\u0173, ilgai i\u0161liekant\u012f padengim\u0105 be odos i\u0161saus\u0117jimo.","og_url":"https:\/\/www.malinashop.lt\/en\/shop\/paese-kremine-pudra-run-for-cover-30-30-ml\/","og_site_name":"MalinaShop.lt J\u016bs\u0173 sveikatai ir gro\u017eiui.","article_modified_time":"2026-04-07T19:18:42+00:00","og_image":[{"width":990,"height":990,"url":"https:\/\/www.malinashop.lt\/wp-content\/uploads\/2025\/12\/PAESE-kremine-pudra-RUN-FOR-COVER-30-30-ml.jpg","type":"image\/jpeg"}],"twitter_card":"summary_large_image","schema":{"@context":"https:\/\/schema.org","@graph":[{"@type":"WebPage","@id":"https:\/\/www.malinashop.lt\/shop\/paese-kremine-pudra-run-for-cover-30-30-ml\/","url":"https:\/\/www.malinashop.lt\/shop\/paese-kremine-pudra-run-for-cover-30-30-ml\/","name":"PAESE kremin\u0117 pudra RUN FOR COVER 30, 30 ml - MalinaShop.lt J\u016bs\u0173 sveikatai ir gro\u017eiui.","isPartOf":{"@id":"https:\/\/www.malinashop.lt\/#website"},"primaryImageOfPage":{"@id":"https:\/\/www.malinashop.lt\/shop\/paese-kremine-pudra-run-for-cover-30-30-ml\/#primaryimage"},"image":{"@id":"https:\/\/www.malinashop.lt\/shop\/paese-kremine-pudra-run-for-cover-30-30-ml\/#primaryimage"},"thumbnailUrl":"https:\/\/www.malinashop.lt\/wp-content\/uploads\/2025\/12\/PAESE-kremine-pudra-RUN-FOR-COVER-30-30-ml.jpg","datePublished":"2025-12-20T11:08:15+00:00","dateModified":"2026-04-07T19:18:42+00:00","description":"PAESE RUN FOR COVER 30 \u2013 itin auk\u0161to maskavimo kremin\u0117 pudra su vitaminu E ir SPF10, suteikianti tolyg\u0173, ilgai i\u0161liekant\u012f padengim\u0105 be odos i\u0161saus\u0117jimo.","breadcrumb":{"@id":"https:\/\/www.malinashop.lt\/shop\/paese-kremine-pudra-run-for-cover-30-30-ml\/#breadcrumb"},"inLanguage":"en-GB","potentialAction":[{"@type":"ReadAction","target":["https:\/\/www.malinashop.lt\/shop\/paese-kremine-pudra-run-for-cover-30-30-ml\/"]}]},{"@type":"ImageObject","inLanguage":"en-GB","@id":"https:\/\/www.malinashop.lt\/shop\/paese-kremine-pudra-run-for-cover-30-30-ml\/#primaryimage","url":"https:\/\/www.malinashop.lt\/wp-content\/uploads\/2025\/12\/PAESE-kremine-pudra-RUN-FOR-COVER-30-30-ml.jpg","contentUrl":"https:\/\/www.malinashop.lt\/wp-content\/uploads\/2025\/12\/PAESE-kremine-pudra-RUN-FOR-COVER-30-30-ml.jpg","width":990,"height":990},{"@type":"BreadcrumbList","@id":"https:\/\/www.malinashop.lt\/shop\/paese-kremine-pudra-run-for-cover-30-30-ml\/#breadcrumb","itemListElement":[{"@type":"ListItem","position":1,"name":"Pagrindinis","item":"https:\/\/www.malinashop.lt\/"},{"@type":"ListItem","position":2,"name":"Parduotuv\u0117","item":"https:\/\/www.malinashop.lt\/en\/parduotuve\/"},{"@type":"ListItem","position":3,"name":"PAESE kremin\u0117 pudra RUN FOR COVER 30, 30 ml"}]},{"@type":"WebSite","@id":"https:\/\/www.malinashop.lt\/#website","url":"https:\/\/www.malinashop.lt\/","name":"COM Group Ecommerce","description":"MalinaShop.lt - Gro\u017eio ir sveikatos produktai i\u0161 patikim\u0173 preki\u0173 \u017eenkl\u0173. Atraskite auk\u0161tos kokyb\u0117s kosmetik\u0105 u\u017e puiki\u0105 kain\u0105.","publisher":{"@id":"https:\/\/www.malinashop.lt\/#organization"},"potentialAction":[{"@type":"SearchAction","target":{"@type":"EntryPoint","urlTemplate":"https:\/\/www.malinashop.lt\/?s={search_term_string}"},"query-input":{"@type":"PropertyValueSpecification","valueRequired":true,"valueName":"search_term_string"}}],"inLanguage":"en-GB"},{"@type":"Organization","@id":"https:\/\/www.malinashop.lt\/#organization","name":"COM Group Ecommerce","url":"https:\/\/www.malinashop.lt\/","logo":{"@type":"ImageObject","inLanguage":"en-GB","@id":"https:\/\/www.malinashop.lt\/#\/schema\/logo\/image\/","url":"https:\/\/www.malinashop.lt\/wp-content\/uploads\/2024\/08\/462559670_3787732518133670_9795632669273463_n-e1731525914575.png","contentUrl":"https:\/\/www.malinashop.lt\/wp-content\/uploads\/2024\/08\/462559670_3787732518133670_9795632669273463_n-e1731525914575.png","width":180,"height":60,"caption":"COM Group Ecommerce"},"image":{"@id":"https:\/\/www.malinashop.lt\/#\/schema\/logo\/image\/"}}]}},"jetpack_sharing_enabled":true,"_links":{"self":[{"href":"https:\/\/www.malinashop.lt\/en\/wp-json\/wp\/v2\/product\/72629","targetHints":{"allow":["GET"]}}],"collection":[{"href":"https:\/\/www.malinashop.lt\/en\/wp-json\/wp\/v2\/product"}],"about":[{"href":"https:\/\/www.malinashop.lt\/en\/wp-json\/wp\/v2\/types\/product"}],"version-history":[{"count":1,"href":"https:\/\/www.malinashop.lt\/en\/wp-json\/wp\/v2\/product\/72629\/revisions"}],"predecessor-version":[{"id":72633,"href":"https:\/\/www.malinashop.lt\/en\/wp-json\/wp\/v2\/product\/72629\/revisions\/72633"}],"wp:featuredmedia":[{"embeddable":true,"href":"https:\/\/www.malinashop.lt\/en\/wp-json\/wp\/v2\/media\/72632"}],"wp:attachment":[{"href":"https:\/\/www.malinashop.lt\/en\/wp-json\/wp\/v2\/media?parent=72629"}],"wp:term":[{"taxonomy":"product_brand","embeddable":true,"href":"https:\/\/www.malinashop.lt\/en\/wp-json\/wp\/v2\/product_brand?post=72629"},{"taxonomy":"product_cat","embeddable":true,"href":"https:\/\/www.malinashop.lt\/en\/wp-json\/wp\/v2\/product_cat?post=72629"},{"taxonomy":"product_tag","embeddable":true,"href":"https:\/\/www.malinashop.lt\/en\/wp-json\/wp\/v2\/product_tag?post=72629"}],"curies":[{"name":"wp","href":"https:\/\/api.w.org\/{rel}","templated":true}]}}