{"id":72625,"date":"2025-12-20T14:05:29","date_gmt":"2025-12-20T11:05:29","guid":{"rendered":"https:\/\/malinashop.lt\/?post_type=product&#038;p=72625"},"modified":"2026-04-07T22:18:42","modified_gmt":"2026-04-07T19:18:42","slug":"paese-kremine-pudra-nanorevit-natural-finish-longwear-03-sand","status":"publish","type":"product","link":"https:\/\/www.malinashop.lt\/en\/shop\/paese-kremine-pudra-nanorevit-natural-finish-longwear-03-sand\/","title":{"rendered":"PAESE kremin\u0117 pudra NANOREVIT NATURAL FINISH LONGWEAR 03 Sand"},"content":{"rendered":"<div class=\"ewa-rteLine\">\n<p data-start=\"347\" data-end=\"681\">PAESE kremin\u0117 pudra NANOREVIT NATURAL FINISH LONGWEAR atspalvis <strong data-start=\"434\" data-end=\"445\">03 Sand<\/strong> \u2013 tai pasirinkimas, kai norisi nepriekai\u0161tingos odos, bet nat\u016braliai atrodan\u010dio rezultato. Pudra suteikia <strong data-start=\"552\" data-end=\"571\">piln\u0105 maskavim\u0105<\/strong>, ta\u010diau i\u0161laiko <strong data-start=\"588\" data-end=\"617\">nat\u016bral\u0173, satinin\u012f fini\u0161\u0105<\/strong> \u2013 veidas atrodo lygus, gaivus ir pri\u017ei\u016br\u0117tas, be kauk\u0117s efekto.<\/p>\n<p data-start=\"683\" data-end=\"753\">Formul\u0117 sukurta taip, kad ne tik maskuot\u0173, bet ir <strong data-start=\"733\" data-end=\"750\">r\u016bpint\u0173si oda<\/strong>:<\/p>\n<ul data-start=\"754\" data-end=\"977\">\n<li data-start=\"754\" data-end=\"815\">\n<p data-start=\"756\" data-end=\"815\">aktyv\u016bs ingredientai padeda <strong data-start=\"784\" data-end=\"812\">dr\u0117kinti ir maitinti od\u0105<\/strong>,<\/p>\n<\/li>\n<li data-start=\"816\" data-end=\"868\">\n<p data-start=\"818\" data-end=\"868\"><strong data-start=\"818\" data-end=\"839\">ma\u017eina paraudimus<\/strong> ir sulygina odos atspalv\u012f,<\/p>\n<\/li>\n<li data-start=\"869\" data-end=\"977\">\n<p data-start=\"871\" data-end=\"977\">padeda <strong data-start=\"878\" data-end=\"923\">saugoti od\u0105 nuo \u017ealingo aplinkos poveikio<\/strong> (tar\u0161os, temperat\u016br\u0173 kaitos, sausinan\u010di\u0173 veiksni\u0173).<\/p>\n<\/li>\n<\/ul>\n<p data-start=\"979\" data-end=\"1131\">D\u0117l kremin\u0117s, maloniai slystan\u010dios tekst\u016bros pudra lengvai pasiskirsto ant odos, nesub\u0117ga \u012f rauk\u0161leles ir neakcentuoja saus\u0173 viet\u0173. Tinka, kai norisi:<\/p>\n<ul data-start=\"1132\" data-end=\"1306\">\n<li data-start=\"1132\" data-end=\"1172\">\n<p data-start=\"1134\" data-end=\"1172\">pasl\u0117pti <strong data-start=\"1143\" data-end=\"1169\">netolyg\u0173 odos atspalv\u012f<\/strong>,<\/p>\n<\/li>\n<li data-start=\"1173\" data-end=\"1242\">\n<p data-start=\"1175\" data-end=\"1242\">u\u017emaskuoti <strong data-start=\"1186\" data-end=\"1239\">paraudimus, smulkius b\u0117rimus, pigmentines d\u0117meles<\/strong>,<\/p>\n<\/li>\n<li data-start=\"1243\" data-end=\"1306\">\n<p data-start=\"1245\" data-end=\"1306\">i\u0161gauti <strong data-start=\"1253\" data-end=\"1292\">ilgai i\u0161liekant\u012f, tvarking\u0105 makia\u017e\u0105<\/strong> visai dienai.<\/p>\n<\/li>\n<\/ul>\n<p data-start=\"1308\" data-end=\"1400\">Atspalvis <strong data-start=\"1318\" data-end=\"1329\">03 Sand<\/strong> labiausiai tiks \u0161viesiai\u2013vidutinei odai su \u0161iltu ar neutraliu potoniu.<\/p>\n<p data-start=\"1402\" data-end=\"1431\"><strong data-start=\"1402\" data-end=\"1429\">Pagrindiniai privalumai<\/strong><\/p>\n<ul data-start=\"1432\" data-end=\"1657\">\n<li data-start=\"1432\" data-end=\"1470\">\n<p data-start=\"1434\" data-end=\"1470\">Pilnas maskavimas be kauk\u0117s efekto<\/p>\n<\/li>\n<li data-start=\"1471\" data-end=\"1503\">\n<p data-start=\"1473\" data-end=\"1503\">Nat\u016bralus, satininis fini\u0161as<\/p>\n<\/li>\n<li data-start=\"1504\" data-end=\"1532\">\n<p data-start=\"1506\" data-end=\"1532\">Ilgai i\u0161liekanti formul\u0117<\/p>\n<\/li>\n<li data-start=\"1533\" data-end=\"1559\">\n<p data-start=\"1535\" data-end=\"1559\">Dr\u0117kina ir maitina od\u0105<\/p>\n<\/li>\n<li data-start=\"1560\" data-end=\"1602\">\n<p data-start=\"1562\" data-end=\"1602\">Ma\u017eina raudon\u012f, sulygina odos atspalv\u012f<\/p>\n<\/li>\n<li data-start=\"1603\" data-end=\"1657\">\n<p data-start=\"1605\" data-end=\"1657\">Padeda apsaugoti od\u0105 nuo \u017ealingo aplinkos poveikio<\/p>\n<\/li>\n<\/ul>\n<p data-start=\"1659\" data-end=\"1675\"><strong data-start=\"1659\" data-end=\"1673\">Naudojimas<\/strong><\/p>\n<ul data-start=\"1676\" data-end=\"2051\">\n<li data-start=\"1676\" data-end=\"1756\">\n<p data-start=\"1678\" data-end=\"1756\">Tepti ant \u0161varios, pasiruo\u0161usios odos (po kremo, prireikus \u2013 makia\u017eo baz\u0117s).<\/p>\n<\/li>\n<li data-start=\"1757\" data-end=\"1859\">\n<p data-start=\"1759\" data-end=\"1859\">Nedidel\u012f kiek\u012f pudros paskirstyti pir\u0161tais, kempin\u0117le arba \u0161epet\u0117liu nuo veido centro link i\u0161or\u0117s.<\/p>\n<\/li>\n<li data-start=\"1860\" data-end=\"1966\">\n<p data-start=\"1862\" data-end=\"1966\">Maskavim\u0105 galima sluoksniuoti \u2013 vietose, kur reikia daugiau dengimo, u\u017etepti papildom\u0105 plon\u0105 sluoksn\u012f.<\/p>\n<\/li>\n<li data-start=\"1967\" data-end=\"2051\">\n<p data-start=\"1969\" data-end=\"2051\">U\u017efiksuoti biria arba kompaktine pudra, jei norisi dar didesnio makia\u017eo patvarumo.<\/p>\n<\/li>\n<\/ul>\n<\/div>\n<div class=\"ewa-rteLine\"><\/div>\n","protected":false},"excerpt":{"rendered":"<p data-start=\"1405\" data-end=\"1633\">PAESE NANOREVIT NATURAL FINISH LONGWEAR 03 Sand \u2013 pilnai maskuojanti, ilgai i\u0161liekanti kremin\u0117 pudra su nat\u016braliu satino efektu. Dr\u0117kina, maitina, ma\u017eina raudon\u012f ir apsaugo od\u0105 nuo \u017ealingo aplinkos poveikio.<\/p>\n","protected":false},"featured_media":72627,"template":"","meta":[],"product_brand":[1534],"product_cat":[102,792],"product_tag":[1614],"class_list":{"0":"post-72625","1":"product","2":"type-product","3":"status-publish","4":"has-post-thumbnail","6":"product_brand-paese","7":"product_cat-dekoratyvine-kosmetika","8":"product_cat-veido-pudros","9":"product_tag-paese","11":"first","12":"instock","13":"purchasable","14":"product-type-simple"},"yoast_head":"<!-- This site is optimized with the Yoast SEO plugin v27.4 - https:\/\/yoast.com\/product\/yoast-seo-wordpress\/ -->\n<title>PAESE kremin\u0117 pudra NANOREVIT NATURAL FINISH LONGWEAR 03 Sand - MalinaShop.lt J\u016bs\u0173 sveikatai ir gro\u017eiui.<\/title>\n<meta name=\"description\" content=\"PAESE NANOREVIT NATURAL FINISH LONGWEAR 03 Sand \u2013 pilnai maskuojanti, ilgai i\u0161liekanti kremin\u0117 pudra su nat\u016braliu satino fini\u0161u, dr\u0117kinanti ir ma\u017einanti raudon\u012f.\" \/>\n<meta name=\"robots\" content=\"index, follow, max-snippet:-1, max-image-preview:large, max-video-preview:-1\" \/>\n<link rel=\"canonical\" href=\"https:\/\/www.malinashop.lt\/en\/shop\/paese-kremine-pudra-nanorevit-natural-finish-longwear-03-sand\/\" \/>\n<meta property=\"og:locale\" content=\"en_GB\" \/>\n<meta property=\"og:type\" content=\"article\" \/>\n<meta property=\"og:title\" content=\"PAESE kremin\u0117 pudra NANOREVIT NATURAL FINISH LONGWEAR 03 Sand - MalinaShop.lt J\u016bs\u0173 sveikatai ir gro\u017eiui.\" \/>\n<meta property=\"og:description\" content=\"PAESE NANOREVIT NATURAL FINISH LONGWEAR 03 Sand \u2013 pilnai maskuojanti, ilgai i\u0161liekanti kremin\u0117 pudra su nat\u016braliu satino fini\u0161u, dr\u0117kinanti ir ma\u017einanti raudon\u012f.\" \/>\n<meta property=\"og:url\" content=\"https:\/\/www.malinashop.lt\/en\/shop\/paese-kremine-pudra-nanorevit-natural-finish-longwear-03-sand\/\" \/>\n<meta property=\"og:site_name\" content=\"MalinaShop.lt J\u016bs\u0173 sveikatai ir gro\u017eiui.\" \/>\n<meta property=\"article:modified_time\" content=\"2026-04-07T19:18:42+00:00\" \/>\n<meta property=\"og:image\" content=\"https:\/\/www.malinashop.lt\/wp-content\/uploads\/2025\/12\/PAESE-kremine-pudra-NANOREVIT-NATURAL-FINISH-LONGWEAR-03-Sand.jpg\" \/>\n\t<meta property=\"og:image:width\" content=\"990\" \/>\n\t<meta property=\"og:image:height\" content=\"990\" \/>\n\t<meta property=\"og:image:type\" content=\"image\/jpeg\" \/>\n<meta name=\"twitter:card\" content=\"summary_large_image\" \/>\n<script type=\"application\/ld+json\" class=\"yoast-schema-graph\">{\"@context\":\"https:\\\/\\\/schema.org\",\"@graph\":[{\"@type\":\"WebPage\",\"@id\":\"https:\\\/\\\/www.malinashop.lt\\\/shop\\\/paese-kremine-pudra-nanorevit-natural-finish-longwear-03-sand\\\/\",\"url\":\"https:\\\/\\\/www.malinashop.lt\\\/shop\\\/paese-kremine-pudra-nanorevit-natural-finish-longwear-03-sand\\\/\",\"name\":\"PAESE kremin\u0117 pudra NANOREVIT NATURAL FINISH LONGWEAR 03 Sand - MalinaShop.lt J\u016bs\u0173 sveikatai ir gro\u017eiui.\",\"isPartOf\":{\"@id\":\"https:\\\/\\\/www.malinashop.lt\\\/#website\"},\"primaryImageOfPage\":{\"@id\":\"https:\\\/\\\/www.malinashop.lt\\\/shop\\\/paese-kremine-pudra-nanorevit-natural-finish-longwear-03-sand\\\/#primaryimage\"},\"image\":{\"@id\":\"https:\\\/\\\/www.malinashop.lt\\\/shop\\\/paese-kremine-pudra-nanorevit-natural-finish-longwear-03-sand\\\/#primaryimage\"},\"thumbnailUrl\":\"https:\\\/\\\/www.malinashop.lt\\\/wp-content\\\/uploads\\\/2025\\\/12\\\/PAESE-kremine-pudra-NANOREVIT-NATURAL-FINISH-LONGWEAR-03-Sand.jpg\",\"datePublished\":\"2025-12-20T11:05:29+00:00\",\"dateModified\":\"2026-04-07T19:18:42+00:00\",\"description\":\"PAESE NANOREVIT NATURAL FINISH LONGWEAR 03 Sand \u2013 pilnai maskuojanti, ilgai i\u0161liekanti kremin\u0117 pudra su nat\u016braliu satino fini\u0161u, dr\u0117kinanti ir ma\u017einanti raudon\u012f.\",\"breadcrumb\":{\"@id\":\"https:\\\/\\\/www.malinashop.lt\\\/shop\\\/paese-kremine-pudra-nanorevit-natural-finish-longwear-03-sand\\\/#breadcrumb\"},\"inLanguage\":\"en-GB\",\"potentialAction\":[{\"@type\":\"ReadAction\",\"target\":[\"https:\\\/\\\/www.malinashop.lt\\\/shop\\\/paese-kremine-pudra-nanorevit-natural-finish-longwear-03-sand\\\/\"]}]},{\"@type\":\"ImageObject\",\"inLanguage\":\"en-GB\",\"@id\":\"https:\\\/\\\/www.malinashop.lt\\\/shop\\\/paese-kremine-pudra-nanorevit-natural-finish-longwear-03-sand\\\/#primaryimage\",\"url\":\"https:\\\/\\\/www.malinashop.lt\\\/wp-content\\\/uploads\\\/2025\\\/12\\\/PAESE-kremine-pudra-NANOREVIT-NATURAL-FINISH-LONGWEAR-03-Sand.jpg\",\"contentUrl\":\"https:\\\/\\\/www.malinashop.lt\\\/wp-content\\\/uploads\\\/2025\\\/12\\\/PAESE-kremine-pudra-NANOREVIT-NATURAL-FINISH-LONGWEAR-03-Sand.jpg\",\"width\":990,\"height\":990},{\"@type\":\"BreadcrumbList\",\"@id\":\"https:\\\/\\\/www.malinashop.lt\\\/shop\\\/paese-kremine-pudra-nanorevit-natural-finish-longwear-03-sand\\\/#breadcrumb\",\"itemListElement\":[{\"@type\":\"ListItem\",\"position\":1,\"name\":\"Pagrindinis\",\"item\":\"https:\\\/\\\/www.malinashop.lt\\\/\"},{\"@type\":\"ListItem\",\"position\":2,\"name\":\"Parduotuv\u0117\",\"item\":\"https:\\\/\\\/www.malinashop.lt\\\/en\\\/parduotuve\\\/\"},{\"@type\":\"ListItem\",\"position\":3,\"name\":\"PAESE kremin\u0117 pudra NANOREVIT NATURAL FINISH LONGWEAR 03 Sand\"}]},{\"@type\":\"WebSite\",\"@id\":\"https:\\\/\\\/www.malinashop.lt\\\/#website\",\"url\":\"https:\\\/\\\/www.malinashop.lt\\\/\",\"name\":\"COM Group Ecommerce\",\"description\":\"MalinaShop.lt - Gro\u017eio ir sveikatos produktai i\u0161 patikim\u0173 preki\u0173 \u017eenkl\u0173. Atraskite auk\u0161tos kokyb\u0117s kosmetik\u0105 u\u017e puiki\u0105 kain\u0105.\",\"publisher\":{\"@id\":\"https:\\\/\\\/www.malinashop.lt\\\/#organization\"},\"potentialAction\":[{\"@type\":\"SearchAction\",\"target\":{\"@type\":\"EntryPoint\",\"urlTemplate\":\"https:\\\/\\\/www.malinashop.lt\\\/?s={search_term_string}\"},\"query-input\":{\"@type\":\"PropertyValueSpecification\",\"valueRequired\":true,\"valueName\":\"search_term_string\"}}],\"inLanguage\":\"en-GB\"},{\"@type\":\"Organization\",\"@id\":\"https:\\\/\\\/www.malinashop.lt\\\/#organization\",\"name\":\"COM Group Ecommerce\",\"url\":\"https:\\\/\\\/www.malinashop.lt\\\/\",\"logo\":{\"@type\":\"ImageObject\",\"inLanguage\":\"en-GB\",\"@id\":\"https:\\\/\\\/www.malinashop.lt\\\/#\\\/schema\\\/logo\\\/image\\\/\",\"url\":\"https:\\\/\\\/www.malinashop.lt\\\/wp-content\\\/uploads\\\/2024\\\/08\\\/462559670_3787732518133670_9795632669273463_n-e1731525914575.png\",\"contentUrl\":\"https:\\\/\\\/www.malinashop.lt\\\/wp-content\\\/uploads\\\/2024\\\/08\\\/462559670_3787732518133670_9795632669273463_n-e1731525914575.png\",\"width\":180,\"height\":60,\"caption\":\"COM Group Ecommerce\"},\"image\":{\"@id\":\"https:\\\/\\\/www.malinashop.lt\\\/#\\\/schema\\\/logo\\\/image\\\/\"}}]}<\/script>\n<!-- \/ Yoast SEO plugin. -->","yoast_head_json":{"title":"PAESE kremin\u0117 pudra NANOREVIT NATURAL FINISH LONGWEAR 03 Sand - MalinaShop.lt J\u016bs\u0173 sveikatai ir gro\u017eiui.","description":"PAESE NANOREVIT NATURAL FINISH LONGWEAR 03 Sand \u2013 pilnai maskuojanti, ilgai i\u0161liekanti kremin\u0117 pudra su nat\u016braliu satino fini\u0161u, dr\u0117kinanti ir ma\u017einanti raudon\u012f.","robots":{"index":"index","follow":"follow","max-snippet":"max-snippet:-1","max-image-preview":"max-image-preview:large","max-video-preview":"max-video-preview:-1"},"canonical":"https:\/\/www.malinashop.lt\/en\/shop\/paese-kremine-pudra-nanorevit-natural-finish-longwear-03-sand\/","og_locale":"en_GB","og_type":"article","og_title":"PAESE kremin\u0117 pudra NANOREVIT NATURAL FINISH LONGWEAR 03 Sand - MalinaShop.lt J\u016bs\u0173 sveikatai ir gro\u017eiui.","og_description":"PAESE NANOREVIT NATURAL FINISH LONGWEAR 03 Sand \u2013 pilnai maskuojanti, ilgai i\u0161liekanti kremin\u0117 pudra su nat\u016braliu satino fini\u0161u, dr\u0117kinanti ir ma\u017einanti raudon\u012f.","og_url":"https:\/\/www.malinashop.lt\/en\/shop\/paese-kremine-pudra-nanorevit-natural-finish-longwear-03-sand\/","og_site_name":"MalinaShop.lt J\u016bs\u0173 sveikatai ir gro\u017eiui.","article_modified_time":"2026-04-07T19:18:42+00:00","og_image":[{"width":990,"height":990,"url":"https:\/\/www.malinashop.lt\/wp-content\/uploads\/2025\/12\/PAESE-kremine-pudra-NANOREVIT-NATURAL-FINISH-LONGWEAR-03-Sand.jpg","type":"image\/jpeg"}],"twitter_card":"summary_large_image","schema":{"@context":"https:\/\/schema.org","@graph":[{"@type":"WebPage","@id":"https:\/\/www.malinashop.lt\/shop\/paese-kremine-pudra-nanorevit-natural-finish-longwear-03-sand\/","url":"https:\/\/www.malinashop.lt\/shop\/paese-kremine-pudra-nanorevit-natural-finish-longwear-03-sand\/","name":"PAESE kremin\u0117 pudra NANOREVIT NATURAL FINISH LONGWEAR 03 Sand - MalinaShop.lt J\u016bs\u0173 sveikatai ir gro\u017eiui.","isPartOf":{"@id":"https:\/\/www.malinashop.lt\/#website"},"primaryImageOfPage":{"@id":"https:\/\/www.malinashop.lt\/shop\/paese-kremine-pudra-nanorevit-natural-finish-longwear-03-sand\/#primaryimage"},"image":{"@id":"https:\/\/www.malinashop.lt\/shop\/paese-kremine-pudra-nanorevit-natural-finish-longwear-03-sand\/#primaryimage"},"thumbnailUrl":"https:\/\/www.malinashop.lt\/wp-content\/uploads\/2025\/12\/PAESE-kremine-pudra-NANOREVIT-NATURAL-FINISH-LONGWEAR-03-Sand.jpg","datePublished":"2025-12-20T11:05:29+00:00","dateModified":"2026-04-07T19:18:42+00:00","description":"PAESE NANOREVIT NATURAL FINISH LONGWEAR 03 Sand \u2013 pilnai maskuojanti, ilgai i\u0161liekanti kremin\u0117 pudra su nat\u016braliu satino fini\u0161u, dr\u0117kinanti ir ma\u017einanti raudon\u012f.","breadcrumb":{"@id":"https:\/\/www.malinashop.lt\/shop\/paese-kremine-pudra-nanorevit-natural-finish-longwear-03-sand\/#breadcrumb"},"inLanguage":"en-GB","potentialAction":[{"@type":"ReadAction","target":["https:\/\/www.malinashop.lt\/shop\/paese-kremine-pudra-nanorevit-natural-finish-longwear-03-sand\/"]}]},{"@type":"ImageObject","inLanguage":"en-GB","@id":"https:\/\/www.malinashop.lt\/shop\/paese-kremine-pudra-nanorevit-natural-finish-longwear-03-sand\/#primaryimage","url":"https:\/\/www.malinashop.lt\/wp-content\/uploads\/2025\/12\/PAESE-kremine-pudra-NANOREVIT-NATURAL-FINISH-LONGWEAR-03-Sand.jpg","contentUrl":"https:\/\/www.malinashop.lt\/wp-content\/uploads\/2025\/12\/PAESE-kremine-pudra-NANOREVIT-NATURAL-FINISH-LONGWEAR-03-Sand.jpg","width":990,"height":990},{"@type":"BreadcrumbList","@id":"https:\/\/www.malinashop.lt\/shop\/paese-kremine-pudra-nanorevit-natural-finish-longwear-03-sand\/#breadcrumb","itemListElement":[{"@type":"ListItem","position":1,"name":"Pagrindinis","item":"https:\/\/www.malinashop.lt\/"},{"@type":"ListItem","position":2,"name":"Parduotuv\u0117","item":"https:\/\/www.malinashop.lt\/en\/parduotuve\/"},{"@type":"ListItem","position":3,"name":"PAESE kremin\u0117 pudra NANOREVIT NATURAL FINISH LONGWEAR 03 Sand"}]},{"@type":"WebSite","@id":"https:\/\/www.malinashop.lt\/#website","url":"https:\/\/www.malinashop.lt\/","name":"COM Group Ecommerce","description":"MalinaShop.lt - Gro\u017eio ir sveikatos produktai i\u0161 patikim\u0173 preki\u0173 \u017eenkl\u0173. Atraskite auk\u0161tos kokyb\u0117s kosmetik\u0105 u\u017e puiki\u0105 kain\u0105.","publisher":{"@id":"https:\/\/www.malinashop.lt\/#organization"},"potentialAction":[{"@type":"SearchAction","target":{"@type":"EntryPoint","urlTemplate":"https:\/\/www.malinashop.lt\/?s={search_term_string}"},"query-input":{"@type":"PropertyValueSpecification","valueRequired":true,"valueName":"search_term_string"}}],"inLanguage":"en-GB"},{"@type":"Organization","@id":"https:\/\/www.malinashop.lt\/#organization","name":"COM Group Ecommerce","url":"https:\/\/www.malinashop.lt\/","logo":{"@type":"ImageObject","inLanguage":"en-GB","@id":"https:\/\/www.malinashop.lt\/#\/schema\/logo\/image\/","url":"https:\/\/www.malinashop.lt\/wp-content\/uploads\/2024\/08\/462559670_3787732518133670_9795632669273463_n-e1731525914575.png","contentUrl":"https:\/\/www.malinashop.lt\/wp-content\/uploads\/2024\/08\/462559670_3787732518133670_9795632669273463_n-e1731525914575.png","width":180,"height":60,"caption":"COM Group Ecommerce"},"image":{"@id":"https:\/\/www.malinashop.lt\/#\/schema\/logo\/image\/"}}]}},"jetpack_sharing_enabled":true,"_links":{"self":[{"href":"https:\/\/www.malinashop.lt\/en\/wp-json\/wp\/v2\/product\/72625","targetHints":{"allow":["GET"]}}],"collection":[{"href":"https:\/\/www.malinashop.lt\/en\/wp-json\/wp\/v2\/product"}],"about":[{"href":"https:\/\/www.malinashop.lt\/en\/wp-json\/wp\/v2\/types\/product"}],"version-history":[{"count":1,"href":"https:\/\/www.malinashop.lt\/en\/wp-json\/wp\/v2\/product\/72625\/revisions"}],"predecessor-version":[{"id":72628,"href":"https:\/\/www.malinashop.lt\/en\/wp-json\/wp\/v2\/product\/72625\/revisions\/72628"}],"wp:featuredmedia":[{"embeddable":true,"href":"https:\/\/www.malinashop.lt\/en\/wp-json\/wp\/v2\/media\/72627"}],"wp:attachment":[{"href":"https:\/\/www.malinashop.lt\/en\/wp-json\/wp\/v2\/media?parent=72625"}],"wp:term":[{"taxonomy":"product_brand","embeddable":true,"href":"https:\/\/www.malinashop.lt\/en\/wp-json\/wp\/v2\/product_brand?post=72625"},{"taxonomy":"product_cat","embeddable":true,"href":"https:\/\/www.malinashop.lt\/en\/wp-json\/wp\/v2\/product_cat?post=72625"},{"taxonomy":"product_tag","embeddable":true,"href":"https:\/\/www.malinashop.lt\/en\/wp-json\/wp\/v2\/product_tag?post=72625"}],"curies":[{"name":"wp","href":"https:\/\/api.w.org\/{rel}","templated":true}]}}