{"id":72099,"date":"2025-12-10T00:08:42","date_gmt":"2025-12-09T21:08:42","guid":{"rendered":"https:\/\/malinashop.lt\/?post_type=product&#038;p=72099"},"modified":"2026-04-07T22:18:44","modified_gmt":"2026-04-07T19:18:44","slug":"wabi-spice-pulse-79-kvepalai-vyrams-50-ml","status":"publish","type":"product","link":"https:\/\/www.malinashop.lt\/en\/shop\/wabi-spice-pulse-79-kvepalai-vyrams-50-ml\/","title":{"rendered":"WABI SPICE PULSE (79) kvepalai vyrams, 50 ml"},"content":{"rendered":"<p data-start=\"298\" data-end=\"585\">SPICE PULSE (79) \u2013 tai kvapas vyrui, kuris gyvena pagal savo taisykles. Jis kupinas nat\u016bralios j\u0117gos, vidin\u0117s laisv\u0117s ir ry\u0161kaus charakterio. Tai aromatas, \u012fk\u016bnijantis dr\u0105s\u0105, atvirum\u0105 ir nesuvar\u017eyt\u0105 vyri\u0161kum\u0105 \u2013 toks, kuris jau\u010diamas i\u0161kart ir palieka ai\u0161k\u0173 \u012fsp\u016bd\u012f.<\/p>\n<p data-start=\"587\" data-end=\"846\">Vir\u0161utin\u0117se natose atsiveria <strong data-start=\"616\" data-end=\"651\">Kalabrijos bergamot\u0117 ir pipirai<\/strong>. Bergamot\u0117 suteikia ry\u0161kios, tonizuojan\u010dios, gaivios citrusin\u0117s kibirk\u0161ties, o pipirai i\u0161kart \u012fveda a\u0161tresn\u012f, prieskoni\u0161k\u0105 charakter\u012f. Prad\u017eia \u2013 agresyviai gaivi, labai energinga ir pa\u017eadinanti.<\/p>\n<p data-start=\"848\" data-end=\"1342\">Kvapo \u0161irdyje pulsuoja sodri, prieskonin\u0117\u2013\u017eolin\u0117 kompozicija: <strong data-start=\"910\" data-end=\"1009\">Sichuano pipirai, levanda, ro\u017einiai pipirai, vetiveris, pa\u010diulis, pelargonija, kvapusis kanaris<\/strong>. Sichuano ir ro\u017einiai pipirai suteikia a\u0161trumo, dinamikos ir modernios, \u201ea\u0161trios briaunos\u201c, levanda \u012fne\u0161a \u0161varos ir klasikinio vyri\u0161ko gaivumo, pelargonija ir kvapusis kanaris suteikia aromatingo, \u0161iek tiek \u017eolinio, dervingesnio akcento. Vetiveris ir pa\u010diulis \u0161irdyje jau pradeda formuoti tamsesn\u012f, \u017eemi\u0161kesn\u012f, brand\u0173 kvapo stubur\u0105.<\/p>\n<p data-start=\"1344\" data-end=\"1733\">Bazin\u0117se natose \u012fsitvirtina <strong data-start=\"1372\" data-end=\"1410\">ambroksanas, kedras ir ro\u017e\u0117s derva<\/strong>. Ambroksanas suteikia modern\u0173, \u0161var\u0173, gintaro\u2013medienos tipo ilgai i\u0161liekant\u012f \u0161leif\u0105, kedras prideda sauso, tvirto medienos karkaso, o ro\u017e\u0117s derva sukuria lengvai balzamin\u012f, gilesn\u012f, \u0161iek tiek sak\u0173 kupin\u0105 fon\u0105. B\u016btent \u0161i baz\u0117 kvapui suteikia brand\u0173, tamsesn\u012f charakter\u012f, kuris \u012fsismelkia \u012f od\u0105 ir \u201eprikausto\u201c d\u0117mes\u012f ilgiau.<\/p>\n<p data-start=\"1735\" data-end=\"2104\">SPICE PULSE (79) \u2013 puikus pasirinkimas <strong data-start=\"1774\" data-end=\"1798\">kasdienai ir vakarui<\/strong> vyrui, kuris m\u0117gsta <strong data-start=\"1819\" data-end=\"1871\">ry\u0161kius, energingus, moderniai vyri\u0161kus aromatus<\/strong>, nevengia prieskoni\u0173 ir medienos derinio bei nori, kad jo kvapas b\u016bt\u0173 ai\u0161kiai juntamas ir charakteringas. Kvapas prasideda a\u0161triai gaiviai, o v\u0117liau \u012fgauna tamsesn\u012f, gilesn\u012f, brandesn\u012f pavidal\u0105 \u2013 tarsi vyri\u0161kumo evoliucija ant odos.<\/p>\n<p data-start=\"2106\" data-end=\"2123\"><strong data-start=\"2106\" data-end=\"2121\">Kvapo natos<\/strong><\/p>\n<ul data-start=\"2124\" data-end=\"2347\">\n<li data-start=\"2124\" data-end=\"2176\">\n<p data-start=\"2126\" data-end=\"2176\">Vir\u0161utin\u0117s natos \u2013 Kalabrijos bergamot\u0117, pipirai<\/p>\n<\/li>\n<li data-start=\"2177\" data-end=\"2294\">\n<p data-start=\"2179\" data-end=\"2294\">Vidurin\u0117s natos \u2013 Sichuano pipirai, levanda, ro\u017einiai pipirai, vetiveris, pa\u010diulis, pelargonija, kvapusis kanaris<\/p>\n<\/li>\n<li data-start=\"2295\" data-end=\"2347\">\n<p data-start=\"2297\" data-end=\"2347\">Bazin\u0117s natos \u2013 ambroksanas, kedras, ro\u017e\u0117s derva<\/p>\n<\/li>\n<\/ul>\n<p data-start=\"2349\" data-end=\"2377\"><strong data-start=\"2349\" data-end=\"2364\">Kvapo tipas<\/strong><br data-start=\"2364\" data-end=\"2367\" \/>Medienos<\/p>\n<p data-start=\"2379\" data-end=\"2505\"><strong data-start=\"2379\" data-end=\"2388\">Tinka<\/strong><br data-start=\"2388\" data-end=\"2391\" \/>Kasdienai ir vakarui, vyrui, kuris m\u0117gsta ry\u0161kius, energingus, moderniai vyri\u0161kus, prieskonin\u0117s medienos aromatus.<\/p>\n","protected":false},"excerpt":{"rendered":"<p>WABI SPICE PULSE (79) \u2013 intensyv\u016bs, prieskoni\u0161ka mediena dvelkiantys kvepalai vyrams su bergamot\u0117s, pipir\u0173, vetiverio, pa\u010diulio ir ambroksano natomis. Ry\u0161kus, energingas ir moderniai vyri\u0161kas aromatas kasdienai ir vakarui.<\/p>\n","protected":false},"featured_media":72100,"template":"","meta":[],"product_brand":[1355],"product_cat":[707,547],"product_tag":[1628],"class_list":{"0":"post-72099","1":"product","2":"type-product","3":"status-publish","4":"has-post-thumbnail","6":"product_brand-wabi","7":"product_cat-kvepalai","8":"product_cat-kvepalai-vyrams","9":"product_tag-wabi","11":"first","12":"instock","13":"sale","14":"taxable","15":"shipping-taxable","16":"purchasable","17":"product-type-simple"},"yoast_head":"<!-- This site is optimized with the Yoast SEO plugin v27.4 - https:\/\/yoast.com\/product\/yoast-seo-wordpress\/ -->\n<title>WABI SPICE PULSE (79) kvepalai vyrams, 50 ml - MalinaShop.lt J\u016bs\u0173 sveikatai ir gro\u017eiui.<\/title>\n<meta name=\"description\" content=\"WABI SPICE PULSE (79) \u2013 medienos kvepalai vyrams su bergamot\u0117s, pipir\u0173, vetiverio, pa\u010diulio ir ambroksano natomis. Ry\u0161kus, energingas, modernus kvapas kasdienai ir vakarui.\" \/>\n<meta name=\"robots\" content=\"index, follow, max-snippet:-1, max-image-preview:large, max-video-preview:-1\" \/>\n<link rel=\"canonical\" href=\"https:\/\/www.malinashop.lt\/en\/shop\/wabi-spice-pulse-79-kvepalai-vyrams-50-ml\/\" \/>\n<meta property=\"og:locale\" content=\"en_GB\" \/>\n<meta property=\"og:type\" content=\"article\" \/>\n<meta property=\"og:title\" content=\"WABI SPICE PULSE (79) kvepalai vyrams, 50 ml - MalinaShop.lt J\u016bs\u0173 sveikatai ir gro\u017eiui.\" \/>\n<meta property=\"og:description\" content=\"WABI SPICE PULSE (79) \u2013 medienos kvepalai vyrams su bergamot\u0117s, pipir\u0173, vetiverio, pa\u010diulio ir ambroksano natomis. Ry\u0161kus, energingas, modernus kvapas kasdienai ir vakarui.\" \/>\n<meta property=\"og:url\" content=\"https:\/\/www.malinashop.lt\/en\/shop\/wabi-spice-pulse-79-kvepalai-vyrams-50-ml\/\" \/>\n<meta property=\"og:site_name\" content=\"MalinaShop.lt J\u016bs\u0173 sveikatai ir gro\u017eiui.\" \/>\n<meta property=\"article:modified_time\" content=\"2026-04-07T19:18:44+00:00\" \/>\n<meta property=\"og:image\" content=\"https:\/\/www.malinashop.lt\/wp-content\/uploads\/2025\/12\/WABI-SPICE-PULSE-79-kvepalai-vyrams-50-ml.webp\" \/>\n\t<meta property=\"og:image:width\" content=\"990\" \/>\n\t<meta property=\"og:image:height\" content=\"990\" \/>\n\t<meta property=\"og:image:type\" content=\"image\/webp\" \/>\n<meta name=\"twitter:card\" content=\"summary_large_image\" \/>\n<script type=\"application\/ld+json\" class=\"yoast-schema-graph\">{\"@context\":\"https:\\\/\\\/schema.org\",\"@graph\":[{\"@type\":\"WebPage\",\"@id\":\"https:\\\/\\\/www.malinashop.lt\\\/lt_lt\\\/shop\\\/wabi-spice-pulse-79-kvepalai-vyrams-50-ml\\\/\",\"url\":\"https:\\\/\\\/www.malinashop.lt\\\/lt_lt\\\/shop\\\/wabi-spice-pulse-79-kvepalai-vyrams-50-ml\\\/\",\"name\":\"WABI SPICE PULSE (79) kvepalai vyrams, 50 ml - MalinaShop.lt J\u016bs\u0173 sveikatai ir gro\u017eiui.\",\"isPartOf\":{\"@id\":\"https:\\\/\\\/www.malinashop.lt\\\/#website\"},\"primaryImageOfPage\":{\"@id\":\"https:\\\/\\\/www.malinashop.lt\\\/lt_lt\\\/shop\\\/wabi-spice-pulse-79-kvepalai-vyrams-50-ml\\\/#primaryimage\"},\"image\":{\"@id\":\"https:\\\/\\\/www.malinashop.lt\\\/lt_lt\\\/shop\\\/wabi-spice-pulse-79-kvepalai-vyrams-50-ml\\\/#primaryimage\"},\"thumbnailUrl\":\"https:\\\/\\\/www.malinashop.lt\\\/wp-content\\\/uploads\\\/2025\\\/12\\\/WABI-SPICE-PULSE-79-kvepalai-vyrams-50-ml.webp\",\"datePublished\":\"2025-12-09T21:08:42+00:00\",\"dateModified\":\"2026-04-07T19:18:44+00:00\",\"description\":\"WABI SPICE PULSE (79) \u2013 medienos kvepalai vyrams su bergamot\u0117s, pipir\u0173, vetiverio, pa\u010diulio ir ambroksano natomis. Ry\u0161kus, energingas, modernus kvapas kasdienai ir vakarui.\",\"breadcrumb\":{\"@id\":\"https:\\\/\\\/www.malinashop.lt\\\/lt_lt\\\/shop\\\/wabi-spice-pulse-79-kvepalai-vyrams-50-ml\\\/#breadcrumb\"},\"inLanguage\":\"en-GB\",\"potentialAction\":[{\"@type\":\"ReadAction\",\"target\":[\"https:\\\/\\\/www.malinashop.lt\\\/lt_lt\\\/shop\\\/wabi-spice-pulse-79-kvepalai-vyrams-50-ml\\\/\"]}]},{\"@type\":\"ImageObject\",\"inLanguage\":\"en-GB\",\"@id\":\"https:\\\/\\\/www.malinashop.lt\\\/lt_lt\\\/shop\\\/wabi-spice-pulse-79-kvepalai-vyrams-50-ml\\\/#primaryimage\",\"url\":\"https:\\\/\\\/www.malinashop.lt\\\/wp-content\\\/uploads\\\/2025\\\/12\\\/WABI-SPICE-PULSE-79-kvepalai-vyrams-50-ml.webp\",\"contentUrl\":\"https:\\\/\\\/www.malinashop.lt\\\/wp-content\\\/uploads\\\/2025\\\/12\\\/WABI-SPICE-PULSE-79-kvepalai-vyrams-50-ml.webp\",\"width\":990,\"height\":990},{\"@type\":\"BreadcrumbList\",\"@id\":\"https:\\\/\\\/www.malinashop.lt\\\/lt_lt\\\/shop\\\/wabi-spice-pulse-79-kvepalai-vyrams-50-ml\\\/#breadcrumb\",\"itemListElement\":[{\"@type\":\"ListItem\",\"position\":1,\"name\":\"Pagrindinis\",\"item\":\"https:\\\/\\\/www.malinashop.lt\\\/\"},{\"@type\":\"ListItem\",\"position\":2,\"name\":\"Parduotuv\u0117\",\"item\":\"https:\\\/\\\/www.malinashop.lt\\\/en\\\/parduotuve\\\/\"},{\"@type\":\"ListItem\",\"position\":3,\"name\":\"WABI SPICE PULSE (79) kvepalai vyrams, 50 ml\"}]},{\"@type\":\"WebSite\",\"@id\":\"https:\\\/\\\/www.malinashop.lt\\\/#website\",\"url\":\"https:\\\/\\\/www.malinashop.lt\\\/\",\"name\":\"COM Group Ecommerce\",\"description\":\"MalinaShop.lt - Gro\u017eio ir sveikatos produktai i\u0161 patikim\u0173 preki\u0173 \u017eenkl\u0173. Atraskite auk\u0161tos kokyb\u0117s kosmetik\u0105 u\u017e puiki\u0105 kain\u0105.\",\"publisher\":{\"@id\":\"https:\\\/\\\/www.malinashop.lt\\\/#organization\"},\"potentialAction\":[{\"@type\":\"SearchAction\",\"target\":{\"@type\":\"EntryPoint\",\"urlTemplate\":\"https:\\\/\\\/www.malinashop.lt\\\/?s={search_term_string}\"},\"query-input\":{\"@type\":\"PropertyValueSpecification\",\"valueRequired\":true,\"valueName\":\"search_term_string\"}}],\"inLanguage\":\"en-GB\"},{\"@type\":\"Organization\",\"@id\":\"https:\\\/\\\/www.malinashop.lt\\\/#organization\",\"name\":\"COM Group Ecommerce\",\"url\":\"https:\\\/\\\/www.malinashop.lt\\\/\",\"logo\":{\"@type\":\"ImageObject\",\"inLanguage\":\"en-GB\",\"@id\":\"https:\\\/\\\/www.malinashop.lt\\\/#\\\/schema\\\/logo\\\/image\\\/\",\"url\":\"https:\\\/\\\/www.malinashop.lt\\\/wp-content\\\/uploads\\\/2024\\\/08\\\/462559670_3787732518133670_9795632669273463_n-e1731525914575.png\",\"contentUrl\":\"https:\\\/\\\/www.malinashop.lt\\\/wp-content\\\/uploads\\\/2024\\\/08\\\/462559670_3787732518133670_9795632669273463_n-e1731525914575.png\",\"width\":180,\"height\":60,\"caption\":\"COM Group Ecommerce\"},\"image\":{\"@id\":\"https:\\\/\\\/www.malinashop.lt\\\/#\\\/schema\\\/logo\\\/image\\\/\"}}]}<\/script>\n<!-- \/ Yoast SEO plugin. -->","yoast_head_json":{"title":"WABI SPICE PULSE (79) kvepalai vyrams, 50 ml - MalinaShop.lt J\u016bs\u0173 sveikatai ir gro\u017eiui.","description":"WABI SPICE PULSE (79) \u2013 medienos kvepalai vyrams su bergamot\u0117s, pipir\u0173, vetiverio, pa\u010diulio ir ambroksano natomis. Ry\u0161kus, energingas, modernus kvapas kasdienai ir vakarui.","robots":{"index":"index","follow":"follow","max-snippet":"max-snippet:-1","max-image-preview":"max-image-preview:large","max-video-preview":"max-video-preview:-1"},"canonical":"https:\/\/www.malinashop.lt\/en\/shop\/wabi-spice-pulse-79-kvepalai-vyrams-50-ml\/","og_locale":"en_GB","og_type":"article","og_title":"WABI SPICE PULSE (79) kvepalai vyrams, 50 ml - MalinaShop.lt J\u016bs\u0173 sveikatai ir gro\u017eiui.","og_description":"WABI SPICE PULSE (79) \u2013 medienos kvepalai vyrams su bergamot\u0117s, pipir\u0173, vetiverio, pa\u010diulio ir ambroksano natomis. Ry\u0161kus, energingas, modernus kvapas kasdienai ir vakarui.","og_url":"https:\/\/www.malinashop.lt\/en\/shop\/wabi-spice-pulse-79-kvepalai-vyrams-50-ml\/","og_site_name":"MalinaShop.lt J\u016bs\u0173 sveikatai ir gro\u017eiui.","article_modified_time":"2026-04-07T19:18:44+00:00","og_image":[{"width":990,"height":990,"url":"https:\/\/www.malinashop.lt\/wp-content\/uploads\/2025\/12\/WABI-SPICE-PULSE-79-kvepalai-vyrams-50-ml.webp","type":"image\/webp"}],"twitter_card":"summary_large_image","schema":{"@context":"https:\/\/schema.org","@graph":[{"@type":"WebPage","@id":"https:\/\/www.malinashop.lt\/lt_lt\/shop\/wabi-spice-pulse-79-kvepalai-vyrams-50-ml\/","url":"https:\/\/www.malinashop.lt\/lt_lt\/shop\/wabi-spice-pulse-79-kvepalai-vyrams-50-ml\/","name":"WABI SPICE PULSE (79) kvepalai vyrams, 50 ml - MalinaShop.lt J\u016bs\u0173 sveikatai ir gro\u017eiui.","isPartOf":{"@id":"https:\/\/www.malinashop.lt\/#website"},"primaryImageOfPage":{"@id":"https:\/\/www.malinashop.lt\/lt_lt\/shop\/wabi-spice-pulse-79-kvepalai-vyrams-50-ml\/#primaryimage"},"image":{"@id":"https:\/\/www.malinashop.lt\/lt_lt\/shop\/wabi-spice-pulse-79-kvepalai-vyrams-50-ml\/#primaryimage"},"thumbnailUrl":"https:\/\/www.malinashop.lt\/wp-content\/uploads\/2025\/12\/WABI-SPICE-PULSE-79-kvepalai-vyrams-50-ml.webp","datePublished":"2025-12-09T21:08:42+00:00","dateModified":"2026-04-07T19:18:44+00:00","description":"WABI SPICE PULSE (79) \u2013 medienos kvepalai vyrams su bergamot\u0117s, pipir\u0173, vetiverio, pa\u010diulio ir ambroksano natomis. Ry\u0161kus, energingas, modernus kvapas kasdienai ir vakarui.","breadcrumb":{"@id":"https:\/\/www.malinashop.lt\/lt_lt\/shop\/wabi-spice-pulse-79-kvepalai-vyrams-50-ml\/#breadcrumb"},"inLanguage":"en-GB","potentialAction":[{"@type":"ReadAction","target":["https:\/\/www.malinashop.lt\/lt_lt\/shop\/wabi-spice-pulse-79-kvepalai-vyrams-50-ml\/"]}]},{"@type":"ImageObject","inLanguage":"en-GB","@id":"https:\/\/www.malinashop.lt\/lt_lt\/shop\/wabi-spice-pulse-79-kvepalai-vyrams-50-ml\/#primaryimage","url":"https:\/\/www.malinashop.lt\/wp-content\/uploads\/2025\/12\/WABI-SPICE-PULSE-79-kvepalai-vyrams-50-ml.webp","contentUrl":"https:\/\/www.malinashop.lt\/wp-content\/uploads\/2025\/12\/WABI-SPICE-PULSE-79-kvepalai-vyrams-50-ml.webp","width":990,"height":990},{"@type":"BreadcrumbList","@id":"https:\/\/www.malinashop.lt\/lt_lt\/shop\/wabi-spice-pulse-79-kvepalai-vyrams-50-ml\/#breadcrumb","itemListElement":[{"@type":"ListItem","position":1,"name":"Pagrindinis","item":"https:\/\/www.malinashop.lt\/"},{"@type":"ListItem","position":2,"name":"Parduotuv\u0117","item":"https:\/\/www.malinashop.lt\/en\/parduotuve\/"},{"@type":"ListItem","position":3,"name":"WABI SPICE PULSE (79) kvepalai vyrams, 50 ml"}]},{"@type":"WebSite","@id":"https:\/\/www.malinashop.lt\/#website","url":"https:\/\/www.malinashop.lt\/","name":"COM Group Ecommerce","description":"MalinaShop.lt - Gro\u017eio ir sveikatos produktai i\u0161 patikim\u0173 preki\u0173 \u017eenkl\u0173. Atraskite auk\u0161tos kokyb\u0117s kosmetik\u0105 u\u017e puiki\u0105 kain\u0105.","publisher":{"@id":"https:\/\/www.malinashop.lt\/#organization"},"potentialAction":[{"@type":"SearchAction","target":{"@type":"EntryPoint","urlTemplate":"https:\/\/www.malinashop.lt\/?s={search_term_string}"},"query-input":{"@type":"PropertyValueSpecification","valueRequired":true,"valueName":"search_term_string"}}],"inLanguage":"en-GB"},{"@type":"Organization","@id":"https:\/\/www.malinashop.lt\/#organization","name":"COM Group Ecommerce","url":"https:\/\/www.malinashop.lt\/","logo":{"@type":"ImageObject","inLanguage":"en-GB","@id":"https:\/\/www.malinashop.lt\/#\/schema\/logo\/image\/","url":"https:\/\/www.malinashop.lt\/wp-content\/uploads\/2024\/08\/462559670_3787732518133670_9795632669273463_n-e1731525914575.png","contentUrl":"https:\/\/www.malinashop.lt\/wp-content\/uploads\/2024\/08\/462559670_3787732518133670_9795632669273463_n-e1731525914575.png","width":180,"height":60,"caption":"COM Group Ecommerce"},"image":{"@id":"https:\/\/www.malinashop.lt\/#\/schema\/logo\/image\/"}}]}},"jetpack_sharing_enabled":true,"_links":{"self":[{"href":"https:\/\/www.malinashop.lt\/en\/wp-json\/wp\/v2\/product\/72099","targetHints":{"allow":["GET"]}}],"collection":[{"href":"https:\/\/www.malinashop.lt\/en\/wp-json\/wp\/v2\/product"}],"about":[{"href":"https:\/\/www.malinashop.lt\/en\/wp-json\/wp\/v2\/types\/product"}],"version-history":[{"count":1,"href":"https:\/\/www.malinashop.lt\/en\/wp-json\/wp\/v2\/product\/72099\/revisions"}],"predecessor-version":[{"id":72101,"href":"https:\/\/www.malinashop.lt\/en\/wp-json\/wp\/v2\/product\/72099\/revisions\/72101"}],"wp:featuredmedia":[{"embeddable":true,"href":"https:\/\/www.malinashop.lt\/en\/wp-json\/wp\/v2\/media\/72100"}],"wp:attachment":[{"href":"https:\/\/www.malinashop.lt\/en\/wp-json\/wp\/v2\/media?parent=72099"}],"wp:term":[{"taxonomy":"product_brand","embeddable":true,"href":"https:\/\/www.malinashop.lt\/en\/wp-json\/wp\/v2\/product_brand?post=72099"},{"taxonomy":"product_cat","embeddable":true,"href":"https:\/\/www.malinashop.lt\/en\/wp-json\/wp\/v2\/product_cat?post=72099"},{"taxonomy":"product_tag","embeddable":true,"href":"https:\/\/www.malinashop.lt\/en\/wp-json\/wp\/v2\/product_tag?post=72099"}],"curies":[{"name":"wp","href":"https:\/\/api.w.org\/{rel}","templated":true}]}}