{"id":71903,"date":"2025-12-06T10:36:09","date_gmt":"2025-12-06T07:36:09","guid":{"rendered":"https:\/\/malinashop.lt\/?post_type=product&#038;p=71903"},"modified":"2026-04-14T20:00:20","modified_gmt":"2026-04-14T17:00:20","slug":"agiva-milk-protein-plauku-pienelis-200ml","status":"publish","type":"product","link":"https:\/\/www.malinashop.lt\/en\/shop\/agiva-milk-protein-plauku-pienelis-200ml\/","title":{"rendered":"AGIVA MILK PROTEIN plauk\u0173 pienelis, 200ml"},"content":{"rendered":"<p data-start=\"291\" data-end=\"587\">AGIVA plauk\u0173 pienelis MILK PROTEIN sukurtas specialiai sausiems, pa\u017eeistiems ir dr\u0117gm\u0119 praradusiems plaukams. Pieno protein\u0173 pagrindu suformuluota priemon\u0117 padeda maitinti ir stiprinti plauk\u0173 sruogas, palaikyti optimal\u0173 dr\u0117gm\u0117s balans\u0105 ir ma\u017einti l\u016b\u017ein\u0117jim\u0105 bei \u0161iurk\u0161tum\u0105.<\/p>\n<p data-start=\"589\" data-end=\"642\">Pienelis \u0161velniai apgaubia plaukus, suteikia jiems:<\/p>\n<ul data-start=\"643\" data-end=\"833\">\n<li data-start=\"643\" data-end=\"680\">\n<p data-start=\"645\" data-end=\"680\">daugiau <strong data-start=\"653\" data-end=\"677\">\u0161velnumo ir glotnumo<\/strong>,<\/p>\n<\/li>\n<li data-start=\"681\" data-end=\"714\">\n<p data-start=\"683\" data-end=\"714\"><strong data-start=\"683\" data-end=\"711\">\u017evilgesio ir elastingumo<\/strong>,<\/p>\n<\/li>\n<li data-start=\"715\" data-end=\"753\">\n<p data-start=\"717\" data-end=\"753\">geresn\u012f <strong data-start=\"725\" data-end=\"750\">\u0161ukavim\u0105 ir formavim\u0105<\/strong>,<\/p>\n<\/li>\n<li data-start=\"754\" data-end=\"833\">\n<p data-start=\"756\" data-end=\"833\">apsaug\u0105 nuo i\u0161saus\u0117jimo ir kasdien\u0117s \u017ealos (\u0161ukavimo, d\u017eiovinimo, formavimo).<\/p>\n<\/li>\n<\/ul>\n<p data-start=\"835\" data-end=\"1059\">Lengva, neriebi tekst\u016bra neapsunkina plauk\u0173, tod\u0117l priemon\u0117 puikiai tinka tiek normaliems, tiek ploniems ar silpnesniems plaukams. Reguliariai naudojant, plaukai tampa mink\u0161tesni, \u0161ilkini\u0161ki, gyvybingi ir lengviau valdomi.<\/p>\n<p data-start=\"1061\" data-end=\"1247\">D\u0117l to, kad pienelis <strong data-start=\"1082\" data-end=\"1101\">nenuskalaujamas<\/strong>, j\u012f patogu naudoti tiek kasdienei prie\u017ei\u016brai namuose, tiek skubant \u2013 nereikia papildomo \u017eingsnio vonioje, o priemon\u0117 i\u0161kart palengvina formavim\u0105.<\/p>\n<p data-start=\"1249\" data-end=\"1257\">Tinka:<\/p>\n<ul data-start=\"1258\" data-end=\"1380\">\n<li data-start=\"1258\" data-end=\"1295\">\n<p data-start=\"1260\" data-end=\"1295\">sausiems, pa\u017eeistiems, da\u017eytiems,<\/p>\n<\/li>\n<li data-start=\"1296\" data-end=\"1333\">\n<p data-start=\"1298\" data-end=\"1333\">\u0161iurk\u0161tiems, besielektrinantiems,<\/p>\n<\/li>\n<li data-start=\"1334\" data-end=\"1380\">\n<p data-start=\"1336\" data-end=\"1380\">dr\u0117gm\u0119 ir elastingum\u0105 praradusiems plaukams.<\/p>\n<\/li>\n<\/ul>\n<p data-start=\"1382\" data-end=\"1398\"><strong data-start=\"1382\" data-end=\"1396\">Naudojimas<\/strong><\/p>\n<ul data-start=\"1399\" data-end=\"1562\">\n<li data-start=\"1399\" data-end=\"1437\">\n<p data-start=\"1401\" data-end=\"1437\">Tepkite ant \u0161vari\u0173, dr\u0117gn\u0173 plauk\u0173.<\/p>\n<\/li>\n<li data-start=\"1438\" data-end=\"1496\">\n<p data-start=\"1440\" data-end=\"1496\">Tolygiai paskirstykite nuo plauk\u0173 vidurio iki galiuk\u0173.<\/p>\n<\/li>\n<li data-start=\"1497\" data-end=\"1516\">\n<p data-start=\"1499\" data-end=\"1516\">Nenuskalaukite.<\/p>\n<\/li>\n<li data-start=\"1517\" data-end=\"1562\">\n<p data-start=\"1519\" data-end=\"1562\">Tinka kasdieniam naudojimui, pagal poreik\u012f.<\/p>\n<\/li>\n<\/ul>\n","protected":false},"excerpt":{"rendered":"<p>AGIVA MILK PROTEIN plauk\u0173 pienelis \u2013 lengvos tekst\u016bros, nei\u0161skalaujama priemon\u0117 sausiems ir pa\u017eeistiems plaukams, padedanti atkurti dr\u0117gm\u0117s balans\u0105, suteikti \u0161velnumo, glotnumo ir \u017evilgesio.<\/p>\n","protected":false},"featured_media":71904,"template":"","meta":[],"product_brand":[1357],"product_cat":[711,517,515],"product_tag":[1582],"class_list":{"0":"post-71903","1":"product","2":"type-product","3":"status-publish","4":"has-post-thumbnail","6":"product_brand-agiva","7":"product_cat-plaukams","8":"product_cat-plauku-kaukes-ir-kremai-ampules","9":"product_cat-plauku-purskikliai","10":"product_tag-agiva","12":"first","13":"instock","14":"sale","15":"taxable","16":"shipping-taxable","17":"purchasable","18":"product-type-simple"},"yoast_head":"<!-- This site is optimized with the Yoast SEO plugin v27.4 - https:\/\/yoast.com\/product\/yoast-seo-wordpress\/ -->\n<title>AGIVA MILK PROTEIN plauk\u0173 pienelis, 200ml - MalinaShop.lt J\u016bs\u0173 sveikatai ir gro\u017eiui.<\/title>\n<meta name=\"description\" content=\"AGIVA MILK PROTEIN plauk\u0173 pienelis \u2013 lengvos tekst\u016bros nei\u0161skalaujama priemon\u0117 sausiems, pa\u017eeistiems plaukams, suteikianti dr\u0117gm\u0117s, \u0161velnumo ir \u017evilgesio.\" \/>\n<meta name=\"robots\" content=\"index, follow, max-snippet:-1, max-image-preview:large, max-video-preview:-1\" \/>\n<link rel=\"canonical\" href=\"https:\/\/www.malinashop.lt\/en\/shop\/agiva-milk-protein-plauku-pienelis-200ml\/\" \/>\n<meta property=\"og:locale\" content=\"en_GB\" \/>\n<meta property=\"og:type\" content=\"article\" \/>\n<meta property=\"og:title\" content=\"AGIVA MILK PROTEIN plauk\u0173 pienelis, 200ml - MalinaShop.lt J\u016bs\u0173 sveikatai ir gro\u017eiui.\" \/>\n<meta property=\"og:description\" content=\"AGIVA MILK PROTEIN plauk\u0173 pienelis \u2013 lengvos tekst\u016bros nei\u0161skalaujama priemon\u0117 sausiems, pa\u017eeistiems plaukams, suteikianti dr\u0117gm\u0117s, \u0161velnumo ir \u017evilgesio.\" \/>\n<meta property=\"og:url\" content=\"https:\/\/www.malinashop.lt\/en\/shop\/agiva-milk-protein-plauku-pienelis-200ml\/\" \/>\n<meta property=\"og:site_name\" content=\"MalinaShop.lt J\u016bs\u0173 sveikatai ir gro\u017eiui.\" \/>\n<meta property=\"article:modified_time\" content=\"2026-04-14T17:00:20+00:00\" \/>\n<meta property=\"og:image\" content=\"https:\/\/www.malinashop.lt\/wp-content\/uploads\/2025\/12\/AGIVA-MILK-PROTEIN-plauku-pienelis-200ml.webp\" \/>\n\t<meta property=\"og:image:width\" content=\"768\" \/>\n\t<meta property=\"og:image:height\" content=\"768\" \/>\n\t<meta property=\"og:image:type\" content=\"image\/webp\" \/>\n<meta name=\"twitter:card\" content=\"summary_large_image\" \/>\n<script type=\"application\/ld+json\" class=\"yoast-schema-graph\">{\"@context\":\"https:\\\/\\\/schema.org\",\"@graph\":[{\"@type\":\"WebPage\",\"@id\":\"https:\\\/\\\/www.malinashop.lt\\\/lt_lt\\\/shop\\\/agiva-milk-protein-plauku-pienelis-200ml\\\/\",\"url\":\"https:\\\/\\\/www.malinashop.lt\\\/lt_lt\\\/shop\\\/agiva-milk-protein-plauku-pienelis-200ml\\\/\",\"name\":\"AGIVA MILK PROTEIN plauk\u0173 pienelis, 200ml - MalinaShop.lt J\u016bs\u0173 sveikatai ir gro\u017eiui.\",\"isPartOf\":{\"@id\":\"https:\\\/\\\/www.malinashop.lt\\\/en\\\/#website\"},\"primaryImageOfPage\":{\"@id\":\"https:\\\/\\\/www.malinashop.lt\\\/lt_lt\\\/shop\\\/agiva-milk-protein-plauku-pienelis-200ml\\\/#primaryimage\"},\"image\":{\"@id\":\"https:\\\/\\\/www.malinashop.lt\\\/lt_lt\\\/shop\\\/agiva-milk-protein-plauku-pienelis-200ml\\\/#primaryimage\"},\"thumbnailUrl\":\"https:\\\/\\\/www.malinashop.lt\\\/wp-content\\\/uploads\\\/2025\\\/12\\\/AGIVA-MILK-PROTEIN-plauku-pienelis-200ml.webp\",\"datePublished\":\"2025-12-06T07:36:09+00:00\",\"dateModified\":\"2026-04-14T17:00:20+00:00\",\"description\":\"AGIVA MILK PROTEIN plauk\u0173 pienelis \u2013 lengvos tekst\u016bros nei\u0161skalaujama priemon\u0117 sausiems, pa\u017eeistiems plaukams, suteikianti dr\u0117gm\u0117s, \u0161velnumo ir \u017evilgesio.\",\"breadcrumb\":{\"@id\":\"https:\\\/\\\/www.malinashop.lt\\\/lt_lt\\\/shop\\\/agiva-milk-protein-plauku-pienelis-200ml\\\/#breadcrumb\"},\"inLanguage\":\"en-GB\",\"potentialAction\":[{\"@type\":\"ReadAction\",\"target\":[\"https:\\\/\\\/www.malinashop.lt\\\/lt_lt\\\/shop\\\/agiva-milk-protein-plauku-pienelis-200ml\\\/\"]}]},{\"@type\":\"ImageObject\",\"inLanguage\":\"en-GB\",\"@id\":\"https:\\\/\\\/www.malinashop.lt\\\/lt_lt\\\/shop\\\/agiva-milk-protein-plauku-pienelis-200ml\\\/#primaryimage\",\"url\":\"https:\\\/\\\/www.malinashop.lt\\\/wp-content\\\/uploads\\\/2025\\\/12\\\/AGIVA-MILK-PROTEIN-plauku-pienelis-200ml.webp\",\"contentUrl\":\"https:\\\/\\\/www.malinashop.lt\\\/wp-content\\\/uploads\\\/2025\\\/12\\\/AGIVA-MILK-PROTEIN-plauku-pienelis-200ml.webp\",\"width\":768,\"height\":768},{\"@type\":\"BreadcrumbList\",\"@id\":\"https:\\\/\\\/www.malinashop.lt\\\/lt_lt\\\/shop\\\/agiva-milk-protein-plauku-pienelis-200ml\\\/#breadcrumb\",\"itemListElement\":[{\"@type\":\"ListItem\",\"position\":1,\"name\":\"Home\",\"item\":\"https:\\\/\\\/www.malinashop.lt\\\/en\\\/\"},{\"@type\":\"ListItem\",\"position\":2,\"name\":\"Parduotuv\u0117\",\"item\":\"https:\\\/\\\/www.malinashop.lt\\\/en\\\/parduotuve\\\/\"},{\"@type\":\"ListItem\",\"position\":3,\"name\":\"AGIVA MILK PROTEIN plauk\u0173 pienelis, 200ml\"}]},{\"@type\":\"WebSite\",\"@id\":\"https:\\\/\\\/www.malinashop.lt\\\/en\\\/#website\",\"url\":\"https:\\\/\\\/www.malinashop.lt\\\/en\\\/\",\"name\":\"COM Group Ecommerce\",\"description\":\"MalinaShop.lt - Gro\u017eio ir sveikatos produktai i\u0161 patikim\u0173 preki\u0173 \u017eenkl\u0173. Atraskite auk\u0161tos kokyb\u0117s kosmetik\u0105 u\u017e puiki\u0105 kain\u0105.\",\"publisher\":{\"@id\":\"https:\\\/\\\/www.malinashop.lt\\\/en\\\/#organization\"},\"potentialAction\":[{\"@type\":\"SearchAction\",\"target\":{\"@type\":\"EntryPoint\",\"urlTemplate\":\"https:\\\/\\\/www.malinashop.lt\\\/en\\\/?s={search_term_string}\"},\"query-input\":{\"@type\":\"PropertyValueSpecification\",\"valueRequired\":true,\"valueName\":\"search_term_string\"}}],\"inLanguage\":\"en-GB\"},{\"@type\":\"Organization\",\"@id\":\"https:\\\/\\\/www.malinashop.lt\\\/en\\\/#organization\",\"name\":\"COM Group Ecommerce\",\"url\":\"https:\\\/\\\/www.malinashop.lt\\\/en\\\/\",\"logo\":{\"@type\":\"ImageObject\",\"inLanguage\":\"en-GB\",\"@id\":\"https:\\\/\\\/www.malinashop.lt\\\/en\\\/#\\\/schema\\\/logo\\\/image\\\/\",\"url\":\"https:\\\/\\\/www.malinashop.lt\\\/wp-content\\\/uploads\\\/2024\\\/08\\\/462559670_3787732518133670_9795632669273463_n-e1731525914575.png\",\"contentUrl\":\"https:\\\/\\\/www.malinashop.lt\\\/wp-content\\\/uploads\\\/2024\\\/08\\\/462559670_3787732518133670_9795632669273463_n-e1731525914575.png\",\"width\":180,\"height\":60,\"caption\":\"COM Group Ecommerce\"},\"image\":{\"@id\":\"https:\\\/\\\/www.malinashop.lt\\\/en\\\/#\\\/schema\\\/logo\\\/image\\\/\"}}]}<\/script>\n<!-- \/ Yoast SEO plugin. -->","yoast_head_json":{"title":"AGIVA MILK PROTEIN plauk\u0173 pienelis, 200ml - MalinaShop.lt J\u016bs\u0173 sveikatai ir gro\u017eiui.","description":"AGIVA MILK PROTEIN plauk\u0173 pienelis \u2013 lengvos tekst\u016bros nei\u0161skalaujama priemon\u0117 sausiems, pa\u017eeistiems plaukams, suteikianti dr\u0117gm\u0117s, \u0161velnumo ir \u017evilgesio.","robots":{"index":"index","follow":"follow","max-snippet":"max-snippet:-1","max-image-preview":"max-image-preview:large","max-video-preview":"max-video-preview:-1"},"canonical":"https:\/\/www.malinashop.lt\/en\/shop\/agiva-milk-protein-plauku-pienelis-200ml\/","og_locale":"en_GB","og_type":"article","og_title":"AGIVA MILK PROTEIN plauk\u0173 pienelis, 200ml - MalinaShop.lt J\u016bs\u0173 sveikatai ir gro\u017eiui.","og_description":"AGIVA MILK PROTEIN plauk\u0173 pienelis \u2013 lengvos tekst\u016bros nei\u0161skalaujama priemon\u0117 sausiems, pa\u017eeistiems plaukams, suteikianti dr\u0117gm\u0117s, \u0161velnumo ir \u017evilgesio.","og_url":"https:\/\/www.malinashop.lt\/en\/shop\/agiva-milk-protein-plauku-pienelis-200ml\/","og_site_name":"MalinaShop.lt J\u016bs\u0173 sveikatai ir gro\u017eiui.","article_modified_time":"2026-04-14T17:00:20+00:00","og_image":[{"width":768,"height":768,"url":"https:\/\/www.malinashop.lt\/wp-content\/uploads\/2025\/12\/AGIVA-MILK-PROTEIN-plauku-pienelis-200ml.webp","type":"image\/webp"}],"twitter_card":"summary_large_image","schema":{"@context":"https:\/\/schema.org","@graph":[{"@type":"WebPage","@id":"https:\/\/www.malinashop.lt\/lt_lt\/shop\/agiva-milk-protein-plauku-pienelis-200ml\/","url":"https:\/\/www.malinashop.lt\/lt_lt\/shop\/agiva-milk-protein-plauku-pienelis-200ml\/","name":"AGIVA MILK PROTEIN plauk\u0173 pienelis, 200ml - MalinaShop.lt J\u016bs\u0173 sveikatai ir gro\u017eiui.","isPartOf":{"@id":"https:\/\/www.malinashop.lt\/en\/#website"},"primaryImageOfPage":{"@id":"https:\/\/www.malinashop.lt\/lt_lt\/shop\/agiva-milk-protein-plauku-pienelis-200ml\/#primaryimage"},"image":{"@id":"https:\/\/www.malinashop.lt\/lt_lt\/shop\/agiva-milk-protein-plauku-pienelis-200ml\/#primaryimage"},"thumbnailUrl":"https:\/\/www.malinashop.lt\/wp-content\/uploads\/2025\/12\/AGIVA-MILK-PROTEIN-plauku-pienelis-200ml.webp","datePublished":"2025-12-06T07:36:09+00:00","dateModified":"2026-04-14T17:00:20+00:00","description":"AGIVA MILK PROTEIN plauk\u0173 pienelis \u2013 lengvos tekst\u016bros nei\u0161skalaujama priemon\u0117 sausiems, pa\u017eeistiems plaukams, suteikianti dr\u0117gm\u0117s, \u0161velnumo ir \u017evilgesio.","breadcrumb":{"@id":"https:\/\/www.malinashop.lt\/lt_lt\/shop\/agiva-milk-protein-plauku-pienelis-200ml\/#breadcrumb"},"inLanguage":"en-GB","potentialAction":[{"@type":"ReadAction","target":["https:\/\/www.malinashop.lt\/lt_lt\/shop\/agiva-milk-protein-plauku-pienelis-200ml\/"]}]},{"@type":"ImageObject","inLanguage":"en-GB","@id":"https:\/\/www.malinashop.lt\/lt_lt\/shop\/agiva-milk-protein-plauku-pienelis-200ml\/#primaryimage","url":"https:\/\/www.malinashop.lt\/wp-content\/uploads\/2025\/12\/AGIVA-MILK-PROTEIN-plauku-pienelis-200ml.webp","contentUrl":"https:\/\/www.malinashop.lt\/wp-content\/uploads\/2025\/12\/AGIVA-MILK-PROTEIN-plauku-pienelis-200ml.webp","width":768,"height":768},{"@type":"BreadcrumbList","@id":"https:\/\/www.malinashop.lt\/lt_lt\/shop\/agiva-milk-protein-plauku-pienelis-200ml\/#breadcrumb","itemListElement":[{"@type":"ListItem","position":1,"name":"Home","item":"https:\/\/www.malinashop.lt\/en\/"},{"@type":"ListItem","position":2,"name":"Parduotuv\u0117","item":"https:\/\/www.malinashop.lt\/en\/parduotuve\/"},{"@type":"ListItem","position":3,"name":"AGIVA MILK PROTEIN plauk\u0173 pienelis, 200ml"}]},{"@type":"WebSite","@id":"https:\/\/www.malinashop.lt\/en\/#website","url":"https:\/\/www.malinashop.lt\/en\/","name":"COM Group Ecommerce","description":"MalinaShop.lt - Gro\u017eio ir sveikatos produktai i\u0161 patikim\u0173 preki\u0173 \u017eenkl\u0173. Atraskite auk\u0161tos kokyb\u0117s kosmetik\u0105 u\u017e puiki\u0105 kain\u0105.","publisher":{"@id":"https:\/\/www.malinashop.lt\/en\/#organization"},"potentialAction":[{"@type":"SearchAction","target":{"@type":"EntryPoint","urlTemplate":"https:\/\/www.malinashop.lt\/en\/?s={search_term_string}"},"query-input":{"@type":"PropertyValueSpecification","valueRequired":true,"valueName":"search_term_string"}}],"inLanguage":"en-GB"},{"@type":"Organization","@id":"https:\/\/www.malinashop.lt\/en\/#organization","name":"COM Group Ecommerce","url":"https:\/\/www.malinashop.lt\/en\/","logo":{"@type":"ImageObject","inLanguage":"en-GB","@id":"https:\/\/www.malinashop.lt\/en\/#\/schema\/logo\/image\/","url":"https:\/\/www.malinashop.lt\/wp-content\/uploads\/2024\/08\/462559670_3787732518133670_9795632669273463_n-e1731525914575.png","contentUrl":"https:\/\/www.malinashop.lt\/wp-content\/uploads\/2024\/08\/462559670_3787732518133670_9795632669273463_n-e1731525914575.png","width":180,"height":60,"caption":"COM Group Ecommerce"},"image":{"@id":"https:\/\/www.malinashop.lt\/en\/#\/schema\/logo\/image\/"}}]}},"jetpack_sharing_enabled":true,"_links":{"self":[{"href":"https:\/\/www.malinashop.lt\/en\/wp-json\/wp\/v2\/product\/71903","targetHints":{"allow":["GET"]}}],"collection":[{"href":"https:\/\/www.malinashop.lt\/en\/wp-json\/wp\/v2\/product"}],"about":[{"href":"https:\/\/www.malinashop.lt\/en\/wp-json\/wp\/v2\/types\/product"}],"version-history":[{"count":1,"href":"https:\/\/www.malinashop.lt\/en\/wp-json\/wp\/v2\/product\/71903\/revisions"}],"predecessor-version":[{"id":71905,"href":"https:\/\/www.malinashop.lt\/en\/wp-json\/wp\/v2\/product\/71903\/revisions\/71905"}],"wp:featuredmedia":[{"embeddable":true,"href":"https:\/\/www.malinashop.lt\/en\/wp-json\/wp\/v2\/media\/71904"}],"wp:attachment":[{"href":"https:\/\/www.malinashop.lt\/en\/wp-json\/wp\/v2\/media?parent=71903"}],"wp:term":[{"taxonomy":"product_brand","embeddable":true,"href":"https:\/\/www.malinashop.lt\/en\/wp-json\/wp\/v2\/product_brand?post=71903"},{"taxonomy":"product_cat","embeddable":true,"href":"https:\/\/www.malinashop.lt\/en\/wp-json\/wp\/v2\/product_cat?post=71903"},{"taxonomy":"product_tag","embeddable":true,"href":"https:\/\/www.malinashop.lt\/en\/wp-json\/wp\/v2\/product_tag?post=71903"}],"curies":[{"name":"wp","href":"https:\/\/api.w.org\/{rel}","templated":true}]}}