{"id":71825,"date":"2025-12-03T00:35:59","date_gmt":"2025-12-02T21:35:59","guid":{"rendered":"https:\/\/malinashop.lt\/?post_type=product&#038;p=71825"},"modified":"2026-04-07T22:18:50","modified_gmt":"2026-04-07T19:18:50","slug":"sla-paris-makiazo-baze-ever-glow-pearly-pink-01","status":"publish","type":"product","link":"https:\/\/www.malinashop.lt\/en\/shop\/sla-paris-makiazo-baze-ever-glow-pearly-pink-01\/","title":{"rendered":"SLA PARIS makia\u017eo baz\u0117 EVER GLOW (Pearly Pink 01)"},"content":{"rendered":"<p data-start=\"300\" data-end=\"659\">SLA PARIS makia\u017eo baz\u0117 EVER GLOW (Pearly Pink 01) \u2013 tai lengvos tekst\u016bros, \u0161ilko \u0161velnumo iluminacin\u0117 baz\u0117, skirta suteikti odai \u0161vyt\u0117jimo, komforto ir aksominio glotnumo prie\u0161 makia\u017eo pagrind\u0105. Pearly Pink atspalvis praturtintas \u0161velnios ro\u017ein\u0117s spalvos \u0161vytin\u010diomis mikrodalel\u0117mis, kurios odai suteikia gaivaus skaistumo ir \u0161viesos.<\/p>\n<p data-start=\"661\" data-end=\"914\">Baz\u0117 padeda <strong data-start=\"673\" data-end=\"696\">saugoti odos dr\u0117gm\u0119<\/strong>, tod\u0117l oda atrodo elastingesn\u0117, gyvybingesn\u0117 ir lygesn\u0117. Ji i\u0161lygina smulkius odos nelygumus, pagerina makia\u017eo pagrindo sukibim\u0105 ir prailgina jo i\u0161silaikym\u0105. Veidas atrodo gaivesnis, lygesnis ir vizualiai pails\u0117j\u0119s.<\/p>\n<p data-start=\"916\" data-end=\"941\">EVER GLOW makia\u017eo baz\u0117:<\/p>\n<ul data-start=\"942\" data-end=\"1161\">\n<li data-start=\"942\" data-end=\"991\">\n<p data-start=\"944\" data-end=\"991\">suteikia <strong data-start=\"953\" data-end=\"988\">nat\u016bral\u0173 \u0161vyt\u0117jim\u0105 ir skaistum\u0105<\/strong>,<\/p>\n<\/li>\n<li data-start=\"992\" data-end=\"1045\">\n<p data-start=\"994\" data-end=\"1045\">padeda <strong data-start=\"1001\" data-end=\"1042\">tolygiai paskirstyti makia\u017eo pagrind\u0105<\/strong>,<\/p>\n<\/li>\n<li data-start=\"1046\" data-end=\"1094\">\n<p data-start=\"1048\" data-end=\"1094\">sukuria <strong data-start=\"1056\" data-end=\"1091\">aksomi\u0161kai \u0161veln\u0173 odos pavir\u0161i\u0173<\/strong>,<\/p>\n<\/li>\n<li data-start=\"1095\" data-end=\"1161\">\n<p data-start=\"1097\" data-end=\"1161\">suteikia <strong data-start=\"1106\" data-end=\"1139\">apsaug\u0105 nuo aplinkos poveikio<\/strong> ir tempimo poj\u016b\u010dio.<\/p>\n<\/li>\n<\/ul>\n<p data-start=\"1163\" data-end=\"1415\">Formul\u0117 praturtinta augaliniais aliejais ir dr\u0117kinan\u010diais komponentais, kurie padeda palaikyti odos komfort\u0105 visos dienos metu. Baz\u0117 ypa\u010d tinka tiems, kurie nori sveikai \u0161vytin\u010dios, neperkrautos odos efekto \u2013 tiek kasdieniam, tiek proginiam makia\u017eui.<\/p>\n<p data-start=\"1417\" data-end=\"1446\"><strong data-start=\"1417\" data-end=\"1444\">Pagrindiniai privalumai<\/strong><\/p>\n<ul data-start=\"1447\" data-end=\"1759\">\n<li data-start=\"1447\" data-end=\"1499\">\n<p data-start=\"1449\" data-end=\"1499\">\u0160vytinti, dr\u0117kinanti ir glotninanti makia\u017eo baz\u0117<\/p>\n<\/li>\n<li data-start=\"1500\" data-end=\"1566\">\n<p data-start=\"1502\" data-end=\"1566\">Pearly Pink atspalvis su ro\u017ein\u0117mis \u0161vytin\u010diomis mikrodalel\u0117mis<\/p>\n<\/li>\n<li data-start=\"1567\" data-end=\"1615\">\n<p data-start=\"1569\" data-end=\"1615\">Suteikia nat\u016bral\u0173 \u201eglow\u201c efekt\u0105 ir skaistum\u0105<\/p>\n<\/li>\n<li data-start=\"1616\" data-end=\"1664\">\n<p data-start=\"1618\" data-end=\"1664\">Padeda tolygiai paskirstyti makia\u017eo pagrind\u0105<\/p>\n<\/li>\n<li data-start=\"1665\" data-end=\"1723\">\n<p data-start=\"1667\" data-end=\"1723\">I\u0161lygina odos pavir\u0161i\u0173 ir pailgina makia\u017eo i\u0161silaikym\u0105<\/p>\n<\/li>\n<li data-start=\"1724\" data-end=\"1759\">\n<p data-start=\"1726\" data-end=\"1759\">Lengva, neapsunkinanti tekst\u016bra<\/p>\n<\/li>\n<\/ul>\n<p data-start=\"1761\" data-end=\"2043\"><strong data-start=\"1761\" data-end=\"1775\">Naudojimas<\/strong><br data-start=\"1775\" data-end=\"1778\" \/>Tepti ant \u0161varios veido odos prie\u0161 makia\u017eo pagrind\u0105. Tolygiai paskirstyti pir\u0161tais, makia\u017eo \u0161epet\u0117liu ar dr\u0117gna kempin\u0117le. Galima naudoti ant viso veido arba tik ant sri\u010di\u0173, kur norisi daugiau \u0161vyt\u0117jimo (skruost\u0173 vir\u0161utin\u0117 dalis, nosies nugar\u0117l\u0117, kakta, smakras).<\/p>\n<p data-start=\"2045\" data-end=\"2119\"><strong data-start=\"2045\" data-end=\"2117\">N\u0116RA PARABEN\u0172, N\u0116RA FENOKSITENOLIO, N\u0116RA PEG, NETESTUOTA SU GYV\u016aNAIS<\/strong><\/p>\n<p data-start=\"2121\" data-end=\"2718\"><strong data-start=\"2121\" data-end=\"2147\">Sud\u0117tis (INCI) \u2013 41501<\/strong><br data-start=\"2147\" data-end=\"2150\" \/>AQUA (WATER), SIMMONDSIA CHINENSIS (JOJOBA) SEED OIL*, BUTYROSPERMUM PARKII (SHEA) BUTTER*, CAPRYLIC\/CAPRIC TRIGLYCERIDE, MICA, GLYCERIN, ISOCETYL STEAROYL STEARATE, ARACHIDYL ALCOHOL, CI 77891 (TITANIUM DIOXIDE), BEHENYL ALCOHOL, COCO-CAPRYLATE\/CAPRATE, ADANSONIA DIGITATA (BAOBAB) SEED OIL, ARACHIDYL GLUCOSIDE, BENZYL ALCOHOL, CETEARYL ALCOHOL, CETEARYL GLUCOSIDE, CI 77491 (IRON OXIDES), DEHYDROACETIC ACID, FAGUS SYLVATICA BUD EXTRACT*, HELIANTHUS ANNUUS (SUNFLOWER) SEED OIL, PARFUM (FRAGRANCE), TOCOPHEROL, XANTHAN GUM, BENZYL ALCOHOL.<br data-start=\"2692\" data-end=\"2695\" \/>*i\u0161 ekologi\u0161k\u0173 \u016bki\u0173.<\/p>\n","protected":false},"excerpt":{"rendered":"<p>SLA PARIS EVER GLOW Pearly Pink \u2013 \u0161vyt\u0117jimo suteikianti, dr\u0117kinanti makia\u017eo baz\u0117 su \u0161velniomis ro\u017ein\u0117mis \u0161vytin\u010diomis mikrodalel\u0117mis. I\u0161lygina odos tekst\u016br\u0105, paruo\u0161ia makia\u017eui ir suteikia subtil\u0173, nat\u016bral\u0173 spindes\u012f.<\/p>\n","protected":false},"featured_media":71827,"template":"","meta":[],"product_brand":[1527],"product_cat":[102,527],"product_tag":[1623],"class_list":{"0":"post-71825","1":"product","2":"type-product","3":"status-publish","4":"has-post-thumbnail","6":"product_brand-sla-paris","7":"product_cat-dekoratyvine-kosmetika","8":"product_cat-makiazo-bazes","9":"product_tag-sla-paris","11":"first","12":"instock","13":"purchasable","14":"product-type-simple"},"yoast_head":"<!-- This site is optimized with the Yoast SEO plugin v27.4 - https:\/\/yoast.com\/product\/yoast-seo-wordpress\/ -->\n<title>SLA PARIS makia\u017eo baz\u0117 EVER GLOW (Pearly Pink 01) - MalinaShop.lt J\u016bs\u0173 sveikatai ir gro\u017eiui.<\/title>\n<meta name=\"description\" content=\"SLA PARIS EVER GLOW Pearly Pink \u2013 \u0161vytinti, dr\u0117kinanti makia\u017eo baz\u0117 su ro\u017ein\u0117mis \u0161vytin\u010diomis mikrodalel\u0117mis, i\u0161lyginanti od\u0105 ir prailginanti makia\u017eo i\u0161silaikym\u0105.\" \/>\n<meta name=\"robots\" content=\"index, follow, max-snippet:-1, max-image-preview:large, max-video-preview:-1\" \/>\n<link rel=\"canonical\" href=\"https:\/\/www.malinashop.lt\/en\/shop\/sla-paris-makiazo-baze-ever-glow-pearly-pink-01\/\" \/>\n<meta property=\"og:locale\" content=\"en_GB\" \/>\n<meta property=\"og:type\" content=\"article\" \/>\n<meta property=\"og:title\" content=\"SLA PARIS makia\u017eo baz\u0117 EVER GLOW (Pearly Pink 01) - MalinaShop.lt J\u016bs\u0173 sveikatai ir gro\u017eiui.\" \/>\n<meta property=\"og:description\" content=\"SLA PARIS EVER GLOW Pearly Pink \u2013 \u0161vytinti, dr\u0117kinanti makia\u017eo baz\u0117 su ro\u017ein\u0117mis \u0161vytin\u010diomis mikrodalel\u0117mis, i\u0161lyginanti od\u0105 ir prailginanti makia\u017eo i\u0161silaikym\u0105.\" \/>\n<meta property=\"og:url\" content=\"https:\/\/www.malinashop.lt\/en\/shop\/sla-paris-makiazo-baze-ever-glow-pearly-pink-01\/\" \/>\n<meta property=\"og:site_name\" content=\"MalinaShop.lt J\u016bs\u0173 sveikatai ir gro\u017eiui.\" \/>\n<meta property=\"article:modified_time\" content=\"2026-04-07T19:18:50+00:00\" \/>\n<meta property=\"og:image\" content=\"https:\/\/www.malinashop.lt\/wp-content\/uploads\/2025\/12\/SLA-PARIS-makiazo-baze-EVER-GLOW-Pearly-Pink-01.webp\" \/>\n\t<meta property=\"og:image:width\" content=\"800\" \/>\n\t<meta property=\"og:image:height\" content=\"800\" \/>\n\t<meta property=\"og:image:type\" content=\"image\/webp\" \/>\n<meta name=\"twitter:card\" content=\"summary_large_image\" \/>\n<script type=\"application\/ld+json\" class=\"yoast-schema-graph\">{\"@context\":\"https:\\\/\\\/schema.org\",\"@graph\":[{\"@type\":\"WebPage\",\"@id\":\"https:\\\/\\\/www.malinashop.lt\\\/en\\\/shop\\\/sla-paris-makiazo-baze-ever-glow-pearly-pink-01\\\/\",\"url\":\"https:\\\/\\\/www.malinashop.lt\\\/en\\\/shop\\\/sla-paris-makiazo-baze-ever-glow-pearly-pink-01\\\/\",\"name\":\"SLA PARIS makia\u017eo baz\u0117 EVER GLOW (Pearly Pink 01) - MalinaShop.lt J\u016bs\u0173 sveikatai ir gro\u017eiui.\",\"isPartOf\":{\"@id\":\"https:\\\/\\\/www.malinashop.lt\\\/en\\\/#website\"},\"primaryImageOfPage\":{\"@id\":\"https:\\\/\\\/www.malinashop.lt\\\/en\\\/shop\\\/sla-paris-makiazo-baze-ever-glow-pearly-pink-01\\\/#primaryimage\"},\"image\":{\"@id\":\"https:\\\/\\\/www.malinashop.lt\\\/en\\\/shop\\\/sla-paris-makiazo-baze-ever-glow-pearly-pink-01\\\/#primaryimage\"},\"thumbnailUrl\":\"https:\\\/\\\/www.malinashop.lt\\\/wp-content\\\/uploads\\\/2025\\\/12\\\/SLA-PARIS-makiazo-baze-EVER-GLOW-Pearly-Pink-01.webp\",\"datePublished\":\"2025-12-02T21:35:59+00:00\",\"dateModified\":\"2026-04-07T19:18:50+00:00\",\"description\":\"SLA PARIS EVER GLOW Pearly Pink \u2013 \u0161vytinti, dr\u0117kinanti makia\u017eo baz\u0117 su ro\u017ein\u0117mis \u0161vytin\u010diomis mikrodalel\u0117mis, i\u0161lyginanti od\u0105 ir prailginanti makia\u017eo i\u0161silaikym\u0105.\",\"breadcrumb\":{\"@id\":\"https:\\\/\\\/www.malinashop.lt\\\/en\\\/shop\\\/sla-paris-makiazo-baze-ever-glow-pearly-pink-01\\\/#breadcrumb\"},\"inLanguage\":\"en-GB\",\"potentialAction\":[{\"@type\":\"ReadAction\",\"target\":[\"https:\\\/\\\/www.malinashop.lt\\\/en\\\/shop\\\/sla-paris-makiazo-baze-ever-glow-pearly-pink-01\\\/\"]}]},{\"@type\":\"ImageObject\",\"inLanguage\":\"en-GB\",\"@id\":\"https:\\\/\\\/www.malinashop.lt\\\/en\\\/shop\\\/sla-paris-makiazo-baze-ever-glow-pearly-pink-01\\\/#primaryimage\",\"url\":\"https:\\\/\\\/www.malinashop.lt\\\/wp-content\\\/uploads\\\/2025\\\/12\\\/SLA-PARIS-makiazo-baze-EVER-GLOW-Pearly-Pink-01.webp\",\"contentUrl\":\"https:\\\/\\\/www.malinashop.lt\\\/wp-content\\\/uploads\\\/2025\\\/12\\\/SLA-PARIS-makiazo-baze-EVER-GLOW-Pearly-Pink-01.webp\",\"width\":800,\"height\":800},{\"@type\":\"BreadcrumbList\",\"@id\":\"https:\\\/\\\/www.malinashop.lt\\\/en\\\/shop\\\/sla-paris-makiazo-baze-ever-glow-pearly-pink-01\\\/#breadcrumb\",\"itemListElement\":[{\"@type\":\"ListItem\",\"position\":1,\"name\":\"Home\",\"item\":\"https:\\\/\\\/www.malinashop.lt\\\/en\\\/\"},{\"@type\":\"ListItem\",\"position\":2,\"name\":\"Parduotuv\u0117\",\"item\":\"https:\\\/\\\/www.malinashop.lt\\\/en\\\/parduotuve\\\/\"},{\"@type\":\"ListItem\",\"position\":3,\"name\":\"SLA PARIS makia\u017eo baz\u0117 EVER GLOW (Pearly Pink 01)\"}]},{\"@type\":\"WebSite\",\"@id\":\"https:\\\/\\\/www.malinashop.lt\\\/en\\\/#website\",\"url\":\"https:\\\/\\\/www.malinashop.lt\\\/en\\\/\",\"name\":\"COM Group Ecommerce\",\"description\":\"MalinaShop.lt - Gro\u017eio ir sveikatos produktai i\u0161 patikim\u0173 preki\u0173 \u017eenkl\u0173. Atraskite auk\u0161tos kokyb\u0117s kosmetik\u0105 u\u017e puiki\u0105 kain\u0105.\",\"publisher\":{\"@id\":\"https:\\\/\\\/www.malinashop.lt\\\/en\\\/#organization\"},\"potentialAction\":[{\"@type\":\"SearchAction\",\"target\":{\"@type\":\"EntryPoint\",\"urlTemplate\":\"https:\\\/\\\/www.malinashop.lt\\\/en\\\/?s={search_term_string}\"},\"query-input\":{\"@type\":\"PropertyValueSpecification\",\"valueRequired\":true,\"valueName\":\"search_term_string\"}}],\"inLanguage\":\"en-GB\"},{\"@type\":\"Organization\",\"@id\":\"https:\\\/\\\/www.malinashop.lt\\\/en\\\/#organization\",\"name\":\"COM Group Ecommerce\",\"url\":\"https:\\\/\\\/www.malinashop.lt\\\/en\\\/\",\"logo\":{\"@type\":\"ImageObject\",\"inLanguage\":\"en-GB\",\"@id\":\"https:\\\/\\\/www.malinashop.lt\\\/en\\\/#\\\/schema\\\/logo\\\/image\\\/\",\"url\":\"https:\\\/\\\/www.malinashop.lt\\\/wp-content\\\/uploads\\\/2024\\\/08\\\/462559670_3787732518133670_9795632669273463_n-e1731525914575.png\",\"contentUrl\":\"https:\\\/\\\/www.malinashop.lt\\\/wp-content\\\/uploads\\\/2024\\\/08\\\/462559670_3787732518133670_9795632669273463_n-e1731525914575.png\",\"width\":180,\"height\":60,\"caption\":\"COM Group Ecommerce\"},\"image\":{\"@id\":\"https:\\\/\\\/www.malinashop.lt\\\/en\\\/#\\\/schema\\\/logo\\\/image\\\/\"}}]}<\/script>\n<!-- \/ Yoast SEO plugin. -->","yoast_head_json":{"title":"SLA PARIS makia\u017eo baz\u0117 EVER GLOW (Pearly Pink 01) - MalinaShop.lt J\u016bs\u0173 sveikatai ir gro\u017eiui.","description":"SLA PARIS EVER GLOW Pearly Pink \u2013 \u0161vytinti, dr\u0117kinanti makia\u017eo baz\u0117 su ro\u017ein\u0117mis \u0161vytin\u010diomis mikrodalel\u0117mis, i\u0161lyginanti od\u0105 ir prailginanti makia\u017eo i\u0161silaikym\u0105.","robots":{"index":"index","follow":"follow","max-snippet":"max-snippet:-1","max-image-preview":"max-image-preview:large","max-video-preview":"max-video-preview:-1"},"canonical":"https:\/\/www.malinashop.lt\/en\/shop\/sla-paris-makiazo-baze-ever-glow-pearly-pink-01\/","og_locale":"en_GB","og_type":"article","og_title":"SLA PARIS makia\u017eo baz\u0117 EVER GLOW (Pearly Pink 01) - MalinaShop.lt J\u016bs\u0173 sveikatai ir gro\u017eiui.","og_description":"SLA PARIS EVER GLOW Pearly Pink \u2013 \u0161vytinti, dr\u0117kinanti makia\u017eo baz\u0117 su ro\u017ein\u0117mis \u0161vytin\u010diomis mikrodalel\u0117mis, i\u0161lyginanti od\u0105 ir prailginanti makia\u017eo i\u0161silaikym\u0105.","og_url":"https:\/\/www.malinashop.lt\/en\/shop\/sla-paris-makiazo-baze-ever-glow-pearly-pink-01\/","og_site_name":"MalinaShop.lt J\u016bs\u0173 sveikatai ir gro\u017eiui.","article_modified_time":"2026-04-07T19:18:50+00:00","og_image":[{"width":800,"height":800,"url":"https:\/\/www.malinashop.lt\/wp-content\/uploads\/2025\/12\/SLA-PARIS-makiazo-baze-EVER-GLOW-Pearly-Pink-01.webp","type":"image\/webp"}],"twitter_card":"summary_large_image","schema":{"@context":"https:\/\/schema.org","@graph":[{"@type":"WebPage","@id":"https:\/\/www.malinashop.lt\/en\/shop\/sla-paris-makiazo-baze-ever-glow-pearly-pink-01\/","url":"https:\/\/www.malinashop.lt\/en\/shop\/sla-paris-makiazo-baze-ever-glow-pearly-pink-01\/","name":"SLA PARIS makia\u017eo baz\u0117 EVER GLOW (Pearly Pink 01) - MalinaShop.lt J\u016bs\u0173 sveikatai ir gro\u017eiui.","isPartOf":{"@id":"https:\/\/www.malinashop.lt\/en\/#website"},"primaryImageOfPage":{"@id":"https:\/\/www.malinashop.lt\/en\/shop\/sla-paris-makiazo-baze-ever-glow-pearly-pink-01\/#primaryimage"},"image":{"@id":"https:\/\/www.malinashop.lt\/en\/shop\/sla-paris-makiazo-baze-ever-glow-pearly-pink-01\/#primaryimage"},"thumbnailUrl":"https:\/\/www.malinashop.lt\/wp-content\/uploads\/2025\/12\/SLA-PARIS-makiazo-baze-EVER-GLOW-Pearly-Pink-01.webp","datePublished":"2025-12-02T21:35:59+00:00","dateModified":"2026-04-07T19:18:50+00:00","description":"SLA PARIS EVER GLOW Pearly Pink \u2013 \u0161vytinti, dr\u0117kinanti makia\u017eo baz\u0117 su ro\u017ein\u0117mis \u0161vytin\u010diomis mikrodalel\u0117mis, i\u0161lyginanti od\u0105 ir prailginanti makia\u017eo i\u0161silaikym\u0105.","breadcrumb":{"@id":"https:\/\/www.malinashop.lt\/en\/shop\/sla-paris-makiazo-baze-ever-glow-pearly-pink-01\/#breadcrumb"},"inLanguage":"en-GB","potentialAction":[{"@type":"ReadAction","target":["https:\/\/www.malinashop.lt\/en\/shop\/sla-paris-makiazo-baze-ever-glow-pearly-pink-01\/"]}]},{"@type":"ImageObject","inLanguage":"en-GB","@id":"https:\/\/www.malinashop.lt\/en\/shop\/sla-paris-makiazo-baze-ever-glow-pearly-pink-01\/#primaryimage","url":"https:\/\/www.malinashop.lt\/wp-content\/uploads\/2025\/12\/SLA-PARIS-makiazo-baze-EVER-GLOW-Pearly-Pink-01.webp","contentUrl":"https:\/\/www.malinashop.lt\/wp-content\/uploads\/2025\/12\/SLA-PARIS-makiazo-baze-EVER-GLOW-Pearly-Pink-01.webp","width":800,"height":800},{"@type":"BreadcrumbList","@id":"https:\/\/www.malinashop.lt\/en\/shop\/sla-paris-makiazo-baze-ever-glow-pearly-pink-01\/#breadcrumb","itemListElement":[{"@type":"ListItem","position":1,"name":"Home","item":"https:\/\/www.malinashop.lt\/en\/"},{"@type":"ListItem","position":2,"name":"Parduotuv\u0117","item":"https:\/\/www.malinashop.lt\/en\/parduotuve\/"},{"@type":"ListItem","position":3,"name":"SLA PARIS makia\u017eo baz\u0117 EVER GLOW (Pearly Pink 01)"}]},{"@type":"WebSite","@id":"https:\/\/www.malinashop.lt\/en\/#website","url":"https:\/\/www.malinashop.lt\/en\/","name":"COM Group Ecommerce","description":"MalinaShop.lt - Gro\u017eio ir sveikatos produktai i\u0161 patikim\u0173 preki\u0173 \u017eenkl\u0173. Atraskite auk\u0161tos kokyb\u0117s kosmetik\u0105 u\u017e puiki\u0105 kain\u0105.","publisher":{"@id":"https:\/\/www.malinashop.lt\/en\/#organization"},"potentialAction":[{"@type":"SearchAction","target":{"@type":"EntryPoint","urlTemplate":"https:\/\/www.malinashop.lt\/en\/?s={search_term_string}"},"query-input":{"@type":"PropertyValueSpecification","valueRequired":true,"valueName":"search_term_string"}}],"inLanguage":"en-GB"},{"@type":"Organization","@id":"https:\/\/www.malinashop.lt\/en\/#organization","name":"COM Group Ecommerce","url":"https:\/\/www.malinashop.lt\/en\/","logo":{"@type":"ImageObject","inLanguage":"en-GB","@id":"https:\/\/www.malinashop.lt\/en\/#\/schema\/logo\/image\/","url":"https:\/\/www.malinashop.lt\/wp-content\/uploads\/2024\/08\/462559670_3787732518133670_9795632669273463_n-e1731525914575.png","contentUrl":"https:\/\/www.malinashop.lt\/wp-content\/uploads\/2024\/08\/462559670_3787732518133670_9795632669273463_n-e1731525914575.png","width":180,"height":60,"caption":"COM Group Ecommerce"},"image":{"@id":"https:\/\/www.malinashop.lt\/en\/#\/schema\/logo\/image\/"}}]}},"jetpack_sharing_enabled":true,"_links":{"self":[{"href":"https:\/\/www.malinashop.lt\/en\/wp-json\/wp\/v2\/product\/71825","targetHints":{"allow":["GET"]}}],"collection":[{"href":"https:\/\/www.malinashop.lt\/en\/wp-json\/wp\/v2\/product"}],"about":[{"href":"https:\/\/www.malinashop.lt\/en\/wp-json\/wp\/v2\/types\/product"}],"version-history":[{"count":2,"href":"https:\/\/www.malinashop.lt\/en\/wp-json\/wp\/v2\/product\/71825\/revisions"}],"predecessor-version":[{"id":71882,"href":"https:\/\/www.malinashop.lt\/en\/wp-json\/wp\/v2\/product\/71825\/revisions\/71882"}],"wp:featuredmedia":[{"embeddable":true,"href":"https:\/\/www.malinashop.lt\/en\/wp-json\/wp\/v2\/media\/71827"}],"wp:attachment":[{"href":"https:\/\/www.malinashop.lt\/en\/wp-json\/wp\/v2\/media?parent=71825"}],"wp:term":[{"taxonomy":"product_brand","embeddable":true,"href":"https:\/\/www.malinashop.lt\/en\/wp-json\/wp\/v2\/product_brand?post=71825"},{"taxonomy":"product_cat","embeddable":true,"href":"https:\/\/www.malinashop.lt\/en\/wp-json\/wp\/v2\/product_cat?post=71825"},{"taxonomy":"product_tag","embeddable":true,"href":"https:\/\/www.malinashop.lt\/en\/wp-json\/wp\/v2\/product_tag?post=71825"}],"curies":[{"name":"wp","href":"https:\/\/api.w.org\/{rel}","templated":true}]}}