{"id":71822,"date":"2025-12-03T00:22:23","date_gmt":"2025-12-02T21:22:23","guid":{"rendered":"https:\/\/malinashop.lt\/?post_type=product&#038;p=71822"},"modified":"2026-04-07T22:18:51","modified_gmt":"2026-04-07T19:18:51","slug":"sla-paris-naturali-makiazo-baze-white-30-ml","status":"publish","type":"product","link":"https:\/\/www.malinashop.lt\/en\/shop\/sla-paris-naturali-makiazo-baze-white-30-ml\/","title":{"rendered":"SLA PARIS nat\u016brali makia\u017eo baz\u0117 WHITE, 30 ml"},"content":{"rendered":"<p data-start=\"256\" data-end=\"581\">SLA PARIS nat\u016brali makia\u017eo baz\u0117 WHITE \u2013 tai lengvos tekst\u016bros makia\u017eo pagrindas, sukurtas odai, kuriai reikia daugiau dr\u0117gm\u0117s, skaistumo ir glotnumo prie\u0161 makia\u017e\u0105. Ji suteikia subtil\u0173 \u0161vyt\u0117jim\u0105, padeda makia\u017eui tolygiai pasiskirstyti ir ilgiau i\u0161likti, neapsunkindama odos ir nesukurdama kauk\u0117s efekto.<\/p>\n<p data-start=\"583\" data-end=\"684\">\u0160i baz\u0117 <strong data-start=\"591\" data-end=\"620\">tinka visiems odos tipams<\/strong> \u2013 tiek normaliai, tiek sausai, mi\u0161riai ar brand\u017eiai odai. Ji:<\/p>\n<ul data-start=\"685\" data-end=\"878\">\n<li data-start=\"685\" data-end=\"714\">\n<p data-start=\"687\" data-end=\"714\">dr\u0117kina ir mink\u0161tina od\u0105;<\/p>\n<\/li>\n<li data-start=\"715\" data-end=\"753\">\n<p data-start=\"717\" data-end=\"753\">suteikia elastingumo ir stangrumo;<\/p>\n<\/li>\n<li data-start=\"754\" data-end=\"800\">\n<p data-start=\"756\" data-end=\"800\">suteikia nat\u016bralaus skaistumo ir \u0161vie\u017eumo;<\/p>\n<\/li>\n<li data-start=\"801\" data-end=\"878\">\n<p data-start=\"803\" data-end=\"878\">vizualiai glotnina odos pavir\u0161i\u0173, paruo\u0161dama j\u0105 lygesniam makia\u017eo dengimui.<\/p>\n<\/li>\n<\/ul>\n<p data-start=\"880\" data-end=\"961\">Formul\u0117 praturtinta vertingais augaliniais aliejais ir aktyviais ingredientais:<\/p>\n<ul data-start=\"962\" data-end=\"1531\">\n<li data-start=\"962\" data-end=\"1043\">\n<p data-start=\"964\" data-end=\"1043\"><strong data-start=\"964\" data-end=\"995\">Simondsij\u0173 aliejus (jojoba)<\/strong> \u2013 mink\u0161tina, ramina ir palaiko odos komfort\u0105;<\/p>\n<\/li>\n<li data-start=\"1044\" data-end=\"1138\">\n<p data-start=\"1046\" data-end=\"1138\"><strong data-start=\"1046\" data-end=\"1075\">Sald\u017ei\u0173j\u0173 migdol\u0173 aliejus<\/strong> \u2013 maitina, suteikia \u0161velnumo ir padeda atkurti odos barjer\u0105;<\/p>\n<\/li>\n<li data-start=\"1139\" data-end=\"1276\">\n<p data-start=\"1141\" data-end=\"1276\"><strong data-start=\"1141\" data-end=\"1155\">Vitamino E<\/strong> kompleksas \u2013 pasi\u017eymi jauninan\u010diomis ir antioksidacin\u0117mis savyb\u0117mis, padeda saugoti od\u0105 nuo \u017ealingo aplinkos poveikio;<\/p>\n<\/li>\n<li data-start=\"1277\" data-end=\"1380\">\n<p data-start=\"1279\" data-end=\"1380\"><strong data-start=\"1279\" data-end=\"1309\">Taukmed\u017eio sviestas (shea)<\/strong> ir <strong data-start=\"1313\" data-end=\"1332\">baobabo aliejus<\/strong> \u2013 maitina ir dr\u0117kina, suteikia odai \u0161velnumo;<\/p>\n<\/li>\n<li data-start=\"1381\" data-end=\"1531\">\n<p data-start=\"1383\" data-end=\"1531\">Smulkios \u0161vytin\u010dios dalel\u0117s suteikia odai skaistumo, gaivos ir lengvo \u201eglow\u201c efekto, kuris ypa\u010d gra\u017eiai atrodo nuotraukose ir po pro\u017eektori\u0173 \u0161viesa.<\/p>\n<\/li>\n<\/ul>\n<p data-start=\"1533\" data-end=\"1767\">D\u0117l komforti\u0161kos, neapsunkinan\u010dios tekst\u016bros \u0161i baz\u0117 puikiai tinka tiek kasdieniam, tiek proginiam makia\u017eui. Ypa\u010d rekomenduojama <strong data-start=\"1662\" data-end=\"1680\">brand\u017eiai odai<\/strong>, kuriai svarbus dr\u0117kinimas, stangrumas ir vizualiai skaistesn\u0117, gyvybingesn\u0117 i\u0161vaizda.<\/p>\n<p data-start=\"1769\" data-end=\"1839\">Net <strong data-start=\"1773\" data-end=\"1823\">98 % sudedam\u0173j\u0173 med\u017eiag\u0173 yra nat\u016bralios kilm\u0117s<\/strong>.<br data-start=\"1824\" data-end=\"1827\" \/>Formul\u0117je:<\/p>\n<ul data-start=\"1840\" data-end=\"1931\">\n<li data-start=\"1840\" data-end=\"1857\">\n<p data-start=\"1842\" data-end=\"1857\">N\u0116RA PARABEN\u0172<\/p>\n<\/li>\n<li data-start=\"1858\" data-end=\"1882\">\n<p data-start=\"1860\" data-end=\"1882\">N\u0116RA FENOKSIETANOLIO<\/p>\n<\/li>\n<li data-start=\"1883\" data-end=\"1895\">\n<p data-start=\"1885\" data-end=\"1895\">N\u0116RA PEG<\/p>\n<\/li>\n<li data-start=\"1896\" data-end=\"1931\">\n<p data-start=\"1898\" data-end=\"1931\">PRODUKTAS NETESTUOTAS SU GYV\u016aNAIS<\/p>\n<\/li>\n<\/ul>\n<p data-start=\"1933\" data-end=\"2026\"><strong data-start=\"1933\" data-end=\"1947\">Naudojimas<\/strong><br data-start=\"1947\" data-end=\"1950\" \/>Tepti ant \u0161varios veido odos prie\u0161 makia\u017eo pagrind\u0105. Tolygiai paskirstyti:<\/p>\n<ul data-start=\"2027\" data-end=\"2189\">\n<li data-start=\"2027\" data-end=\"2069\">\n<p data-start=\"2029\" data-end=\"2069\">naudojant SLA \u0161epet\u0117l\u012f Nr. 89419, arba<\/p>\n<\/li>\n<li data-start=\"2070\" data-end=\"2189\">\n<p data-start=\"2072\" data-end=\"2189\">padr\u0117kint\u0105 makia\u017eo kempin\u0117l\u0119.<br data-start=\"2101\" data-end=\"2104\" \/>Galima naudoti ant viso veido arba tik ten, kur norisi daugiau \u0161vyt\u0117jimo ir glotnumo.<\/p>\n<\/li>\n<\/ul>\n<p data-start=\"2191\" data-end=\"2727\"><strong data-start=\"2191\" data-end=\"2209\">Sud\u0117tis (INCI)<\/strong><br data-start=\"2209\" data-end=\"2212\" \/>AQUA (WATER), SIMMONDSIA CHINENSIS (JOJOBA) SEED OIL*, BUTYROSPERMUM PARKII (SHEA) BUTTER*, CAPRYLIC\/CAPRIC TRIGLYCERIDE, CETEARYL ALCOHOL, GLYCERIN, ISOCETYL STEAROYL STEARATE, COCO-CAPRYLATE\/CAPRATE, ADANSONIA DIGITATA (BAOBAB) SEED OIL, BENZYL ALCOHOL, CETEARYL GLUCOSIDE, CI 77891 (TITANIUM DIOXIDE), DEHYDROACETIC ACID, FAGUS SYLVATICA BUD EXTRACT*, HELIANTHUS ANNUUS (SUNFLOWER) SEED OIL, MICA, PARFUM (FRAGRANCE), TOCOPHEROL, XANTHAN GUM, D-LIMONENE, LINALOOL, CITRAL, BENZYL ALCOHOL.<br data-start=\"2703\" data-end=\"2706\" \/>*i\u0161 ekologi\u0161k\u0173 \u016bki\u0173.<\/p>\n","protected":false},"excerpt":{"rendered":"<p>SLA PARIS WHITE \u2013 lengva, nat\u016brali makia\u017eo baz\u0117 su simondsij\u0173 ir sald\u017ei\u0173j\u0173 migdol\u0173 aliejais bei vitaminu E. Dr\u0117kina, suteikia \u0161vyt\u0117jimo ir paruo\u0161ia od\u0105 ilgai i\u0161liekan\u010diam makia\u017eui.<\/p>\n","protected":false},"featured_media":71823,"template":"","meta":[],"product_brand":[1527],"product_cat":[102,527],"product_tag":[1623],"class_list":{"0":"post-71822","1":"product","2":"type-product","3":"status-publish","4":"has-post-thumbnail","6":"product_brand-sla-paris","7":"product_cat-dekoratyvine-kosmetika","8":"product_cat-makiazo-bazes","9":"product_tag-sla-paris","11":"first","12":"instock","13":"purchasable","14":"product-type-simple"},"yoast_head":"<!-- This site is optimized with the Yoast SEO plugin v27.4 - https:\/\/yoast.com\/product\/yoast-seo-wordpress\/ -->\n<title>SLA PARIS nat\u016brali makia\u017eo baz\u0117 WHITE, 30 ml - MalinaShop.lt J\u016bs\u0173 sveikatai ir gro\u017eiui.<\/title>\n<meta name=\"description\" content=\"SLA PARIS WHITE nat\u016brali makia\u017eo baz\u0117 su simondsij\u0173 ir sald\u017ei\u0173j\u0173 migdol\u0173 aliejais bei vitaminu E dr\u0117kina, \u0161viesina ir paruo\u0161ia od\u0105 ilgai i\u0161liekan\u010diam makia\u017eui.\" \/>\n<meta name=\"robots\" content=\"index, follow, max-snippet:-1, max-image-preview:large, max-video-preview:-1\" \/>\n<link rel=\"canonical\" href=\"https:\/\/www.malinashop.lt\/en\/shop\/sla-paris-naturali-makiazo-baze-white-30-ml\/\" \/>\n<meta property=\"og:locale\" content=\"en_GB\" \/>\n<meta property=\"og:type\" content=\"article\" \/>\n<meta property=\"og:title\" content=\"SLA PARIS nat\u016brali makia\u017eo baz\u0117 WHITE, 30 ml - MalinaShop.lt J\u016bs\u0173 sveikatai ir gro\u017eiui.\" \/>\n<meta property=\"og:description\" content=\"SLA PARIS WHITE nat\u016brali makia\u017eo baz\u0117 su simondsij\u0173 ir sald\u017ei\u0173j\u0173 migdol\u0173 aliejais bei vitaminu E dr\u0117kina, \u0161viesina ir paruo\u0161ia od\u0105 ilgai i\u0161liekan\u010diam makia\u017eui.\" \/>\n<meta property=\"og:url\" content=\"https:\/\/www.malinashop.lt\/en\/shop\/sla-paris-naturali-makiazo-baze-white-30-ml\/\" \/>\n<meta property=\"og:site_name\" content=\"MalinaShop.lt J\u016bs\u0173 sveikatai ir gro\u017eiui.\" \/>\n<meta property=\"article:modified_time\" content=\"2026-04-07T19:18:51+00:00\" \/>\n<meta property=\"og:image\" content=\"https:\/\/www.malinashop.lt\/wp-content\/uploads\/2025\/12\/SLA-PARIS-naturali-makiazo-baze-WHITE-30-ml.webp\" \/>\n\t<meta property=\"og:image:width\" content=\"800\" \/>\n\t<meta property=\"og:image:height\" content=\"800\" \/>\n\t<meta property=\"og:image:type\" content=\"image\/webp\" \/>\n<meta name=\"twitter:card\" content=\"summary_large_image\" \/>\n<script type=\"application\/ld+json\" class=\"yoast-schema-graph\">{\"@context\":\"https:\\\/\\\/schema.org\",\"@graph\":[{\"@type\":\"WebPage\",\"@id\":\"https:\\\/\\\/www.malinashop.lt\\\/en\\\/shop\\\/sla-paris-naturali-makiazo-baze-white-30-ml\\\/\",\"url\":\"https:\\\/\\\/www.malinashop.lt\\\/en\\\/shop\\\/sla-paris-naturali-makiazo-baze-white-30-ml\\\/\",\"name\":\"SLA PARIS nat\u016brali makia\u017eo baz\u0117 WHITE, 30 ml - MalinaShop.lt J\u016bs\u0173 sveikatai ir gro\u017eiui.\",\"isPartOf\":{\"@id\":\"https:\\\/\\\/www.malinashop.lt\\\/en\\\/#website\"},\"primaryImageOfPage\":{\"@id\":\"https:\\\/\\\/www.malinashop.lt\\\/en\\\/shop\\\/sla-paris-naturali-makiazo-baze-white-30-ml\\\/#primaryimage\"},\"image\":{\"@id\":\"https:\\\/\\\/www.malinashop.lt\\\/en\\\/shop\\\/sla-paris-naturali-makiazo-baze-white-30-ml\\\/#primaryimage\"},\"thumbnailUrl\":\"https:\\\/\\\/www.malinashop.lt\\\/wp-content\\\/uploads\\\/2025\\\/12\\\/SLA-PARIS-naturali-makiazo-baze-WHITE-30-ml.webp\",\"datePublished\":\"2025-12-02T21:22:23+00:00\",\"dateModified\":\"2026-04-07T19:18:51+00:00\",\"description\":\"SLA PARIS WHITE nat\u016brali makia\u017eo baz\u0117 su simondsij\u0173 ir sald\u017ei\u0173j\u0173 migdol\u0173 aliejais bei vitaminu E dr\u0117kina, \u0161viesina ir paruo\u0161ia od\u0105 ilgai i\u0161liekan\u010diam makia\u017eui.\",\"breadcrumb\":{\"@id\":\"https:\\\/\\\/www.malinashop.lt\\\/en\\\/shop\\\/sla-paris-naturali-makiazo-baze-white-30-ml\\\/#breadcrumb\"},\"inLanguage\":\"en-GB\",\"potentialAction\":[{\"@type\":\"ReadAction\",\"target\":[\"https:\\\/\\\/www.malinashop.lt\\\/en\\\/shop\\\/sla-paris-naturali-makiazo-baze-white-30-ml\\\/\"]}]},{\"@type\":\"ImageObject\",\"inLanguage\":\"en-GB\",\"@id\":\"https:\\\/\\\/www.malinashop.lt\\\/en\\\/shop\\\/sla-paris-naturali-makiazo-baze-white-30-ml\\\/#primaryimage\",\"url\":\"https:\\\/\\\/www.malinashop.lt\\\/wp-content\\\/uploads\\\/2025\\\/12\\\/SLA-PARIS-naturali-makiazo-baze-WHITE-30-ml.webp\",\"contentUrl\":\"https:\\\/\\\/www.malinashop.lt\\\/wp-content\\\/uploads\\\/2025\\\/12\\\/SLA-PARIS-naturali-makiazo-baze-WHITE-30-ml.webp\",\"width\":800,\"height\":800},{\"@type\":\"BreadcrumbList\",\"@id\":\"https:\\\/\\\/www.malinashop.lt\\\/en\\\/shop\\\/sla-paris-naturali-makiazo-baze-white-30-ml\\\/#breadcrumb\",\"itemListElement\":[{\"@type\":\"ListItem\",\"position\":1,\"name\":\"Home\",\"item\":\"https:\\\/\\\/www.malinashop.lt\\\/en\\\/\"},{\"@type\":\"ListItem\",\"position\":2,\"name\":\"Parduotuv\u0117\",\"item\":\"https:\\\/\\\/www.malinashop.lt\\\/en\\\/parduotuve\\\/\"},{\"@type\":\"ListItem\",\"position\":3,\"name\":\"SLA PARIS nat\u016brali makia\u017eo baz\u0117 WHITE, 30 ml\"}]},{\"@type\":\"WebSite\",\"@id\":\"https:\\\/\\\/www.malinashop.lt\\\/en\\\/#website\",\"url\":\"https:\\\/\\\/www.malinashop.lt\\\/en\\\/\",\"name\":\"COM Group Ecommerce\",\"description\":\"MalinaShop.lt - Gro\u017eio ir sveikatos produktai i\u0161 patikim\u0173 preki\u0173 \u017eenkl\u0173. Atraskite auk\u0161tos kokyb\u0117s kosmetik\u0105 u\u017e puiki\u0105 kain\u0105.\",\"publisher\":{\"@id\":\"https:\\\/\\\/www.malinashop.lt\\\/en\\\/#organization\"},\"potentialAction\":[{\"@type\":\"SearchAction\",\"target\":{\"@type\":\"EntryPoint\",\"urlTemplate\":\"https:\\\/\\\/www.malinashop.lt\\\/en\\\/?s={search_term_string}\"},\"query-input\":{\"@type\":\"PropertyValueSpecification\",\"valueRequired\":true,\"valueName\":\"search_term_string\"}}],\"inLanguage\":\"en-GB\"},{\"@type\":\"Organization\",\"@id\":\"https:\\\/\\\/www.malinashop.lt\\\/en\\\/#organization\",\"name\":\"COM Group Ecommerce\",\"url\":\"https:\\\/\\\/www.malinashop.lt\\\/en\\\/\",\"logo\":{\"@type\":\"ImageObject\",\"inLanguage\":\"en-GB\",\"@id\":\"https:\\\/\\\/www.malinashop.lt\\\/en\\\/#\\\/schema\\\/logo\\\/image\\\/\",\"url\":\"https:\\\/\\\/www.malinashop.lt\\\/wp-content\\\/uploads\\\/2024\\\/08\\\/462559670_3787732518133670_9795632669273463_n-e1731525914575.png\",\"contentUrl\":\"https:\\\/\\\/www.malinashop.lt\\\/wp-content\\\/uploads\\\/2024\\\/08\\\/462559670_3787732518133670_9795632669273463_n-e1731525914575.png\",\"width\":180,\"height\":60,\"caption\":\"COM Group Ecommerce\"},\"image\":{\"@id\":\"https:\\\/\\\/www.malinashop.lt\\\/en\\\/#\\\/schema\\\/logo\\\/image\\\/\"}}]}<\/script>\n<!-- \/ Yoast SEO plugin. -->","yoast_head_json":{"title":"SLA PARIS nat\u016brali makia\u017eo baz\u0117 WHITE, 30 ml - MalinaShop.lt J\u016bs\u0173 sveikatai ir gro\u017eiui.","description":"SLA PARIS WHITE nat\u016brali makia\u017eo baz\u0117 su simondsij\u0173 ir sald\u017ei\u0173j\u0173 migdol\u0173 aliejais bei vitaminu E dr\u0117kina, \u0161viesina ir paruo\u0161ia od\u0105 ilgai i\u0161liekan\u010diam makia\u017eui.","robots":{"index":"index","follow":"follow","max-snippet":"max-snippet:-1","max-image-preview":"max-image-preview:large","max-video-preview":"max-video-preview:-1"},"canonical":"https:\/\/www.malinashop.lt\/en\/shop\/sla-paris-naturali-makiazo-baze-white-30-ml\/","og_locale":"en_GB","og_type":"article","og_title":"SLA PARIS nat\u016brali makia\u017eo baz\u0117 WHITE, 30 ml - MalinaShop.lt J\u016bs\u0173 sveikatai ir gro\u017eiui.","og_description":"SLA PARIS WHITE nat\u016brali makia\u017eo baz\u0117 su simondsij\u0173 ir sald\u017ei\u0173j\u0173 migdol\u0173 aliejais bei vitaminu E dr\u0117kina, \u0161viesina ir paruo\u0161ia od\u0105 ilgai i\u0161liekan\u010diam makia\u017eui.","og_url":"https:\/\/www.malinashop.lt\/en\/shop\/sla-paris-naturali-makiazo-baze-white-30-ml\/","og_site_name":"MalinaShop.lt J\u016bs\u0173 sveikatai ir gro\u017eiui.","article_modified_time":"2026-04-07T19:18:51+00:00","og_image":[{"width":800,"height":800,"url":"https:\/\/www.malinashop.lt\/wp-content\/uploads\/2025\/12\/SLA-PARIS-naturali-makiazo-baze-WHITE-30-ml.webp","type":"image\/webp"}],"twitter_card":"summary_large_image","schema":{"@context":"https:\/\/schema.org","@graph":[{"@type":"WebPage","@id":"https:\/\/www.malinashop.lt\/en\/shop\/sla-paris-naturali-makiazo-baze-white-30-ml\/","url":"https:\/\/www.malinashop.lt\/en\/shop\/sla-paris-naturali-makiazo-baze-white-30-ml\/","name":"SLA PARIS nat\u016brali makia\u017eo baz\u0117 WHITE, 30 ml - MalinaShop.lt J\u016bs\u0173 sveikatai ir gro\u017eiui.","isPartOf":{"@id":"https:\/\/www.malinashop.lt\/en\/#website"},"primaryImageOfPage":{"@id":"https:\/\/www.malinashop.lt\/en\/shop\/sla-paris-naturali-makiazo-baze-white-30-ml\/#primaryimage"},"image":{"@id":"https:\/\/www.malinashop.lt\/en\/shop\/sla-paris-naturali-makiazo-baze-white-30-ml\/#primaryimage"},"thumbnailUrl":"https:\/\/www.malinashop.lt\/wp-content\/uploads\/2025\/12\/SLA-PARIS-naturali-makiazo-baze-WHITE-30-ml.webp","datePublished":"2025-12-02T21:22:23+00:00","dateModified":"2026-04-07T19:18:51+00:00","description":"SLA PARIS WHITE nat\u016brali makia\u017eo baz\u0117 su simondsij\u0173 ir sald\u017ei\u0173j\u0173 migdol\u0173 aliejais bei vitaminu E dr\u0117kina, \u0161viesina ir paruo\u0161ia od\u0105 ilgai i\u0161liekan\u010diam makia\u017eui.","breadcrumb":{"@id":"https:\/\/www.malinashop.lt\/en\/shop\/sla-paris-naturali-makiazo-baze-white-30-ml\/#breadcrumb"},"inLanguage":"en-GB","potentialAction":[{"@type":"ReadAction","target":["https:\/\/www.malinashop.lt\/en\/shop\/sla-paris-naturali-makiazo-baze-white-30-ml\/"]}]},{"@type":"ImageObject","inLanguage":"en-GB","@id":"https:\/\/www.malinashop.lt\/en\/shop\/sla-paris-naturali-makiazo-baze-white-30-ml\/#primaryimage","url":"https:\/\/www.malinashop.lt\/wp-content\/uploads\/2025\/12\/SLA-PARIS-naturali-makiazo-baze-WHITE-30-ml.webp","contentUrl":"https:\/\/www.malinashop.lt\/wp-content\/uploads\/2025\/12\/SLA-PARIS-naturali-makiazo-baze-WHITE-30-ml.webp","width":800,"height":800},{"@type":"BreadcrumbList","@id":"https:\/\/www.malinashop.lt\/en\/shop\/sla-paris-naturali-makiazo-baze-white-30-ml\/#breadcrumb","itemListElement":[{"@type":"ListItem","position":1,"name":"Home","item":"https:\/\/www.malinashop.lt\/en\/"},{"@type":"ListItem","position":2,"name":"Parduotuv\u0117","item":"https:\/\/www.malinashop.lt\/en\/parduotuve\/"},{"@type":"ListItem","position":3,"name":"SLA PARIS nat\u016brali makia\u017eo baz\u0117 WHITE, 30 ml"}]},{"@type":"WebSite","@id":"https:\/\/www.malinashop.lt\/en\/#website","url":"https:\/\/www.malinashop.lt\/en\/","name":"COM Group Ecommerce","description":"MalinaShop.lt - Gro\u017eio ir sveikatos produktai i\u0161 patikim\u0173 preki\u0173 \u017eenkl\u0173. Atraskite auk\u0161tos kokyb\u0117s kosmetik\u0105 u\u017e puiki\u0105 kain\u0105.","publisher":{"@id":"https:\/\/www.malinashop.lt\/en\/#organization"},"potentialAction":[{"@type":"SearchAction","target":{"@type":"EntryPoint","urlTemplate":"https:\/\/www.malinashop.lt\/en\/?s={search_term_string}"},"query-input":{"@type":"PropertyValueSpecification","valueRequired":true,"valueName":"search_term_string"}}],"inLanguage":"en-GB"},{"@type":"Organization","@id":"https:\/\/www.malinashop.lt\/en\/#organization","name":"COM Group Ecommerce","url":"https:\/\/www.malinashop.lt\/en\/","logo":{"@type":"ImageObject","inLanguage":"en-GB","@id":"https:\/\/www.malinashop.lt\/en\/#\/schema\/logo\/image\/","url":"https:\/\/www.malinashop.lt\/wp-content\/uploads\/2024\/08\/462559670_3787732518133670_9795632669273463_n-e1731525914575.png","contentUrl":"https:\/\/www.malinashop.lt\/wp-content\/uploads\/2024\/08\/462559670_3787732518133670_9795632669273463_n-e1731525914575.png","width":180,"height":60,"caption":"COM Group Ecommerce"},"image":{"@id":"https:\/\/www.malinashop.lt\/en\/#\/schema\/logo\/image\/"}}]}},"jetpack_sharing_enabled":true,"_links":{"self":[{"href":"https:\/\/www.malinashop.lt\/en\/wp-json\/wp\/v2\/product\/71822","targetHints":{"allow":["GET"]}}],"collection":[{"href":"https:\/\/www.malinashop.lt\/en\/wp-json\/wp\/v2\/product"}],"about":[{"href":"https:\/\/www.malinashop.lt\/en\/wp-json\/wp\/v2\/types\/product"}],"version-history":[{"count":1,"href":"https:\/\/www.malinashop.lt\/en\/wp-json\/wp\/v2\/product\/71822\/revisions"}],"predecessor-version":[{"id":71824,"href":"https:\/\/www.malinashop.lt\/en\/wp-json\/wp\/v2\/product\/71822\/revisions\/71824"}],"wp:featuredmedia":[{"embeddable":true,"href":"https:\/\/www.malinashop.lt\/en\/wp-json\/wp\/v2\/media\/71823"}],"wp:attachment":[{"href":"https:\/\/www.malinashop.lt\/en\/wp-json\/wp\/v2\/media?parent=71822"}],"wp:term":[{"taxonomy":"product_brand","embeddable":true,"href":"https:\/\/www.malinashop.lt\/en\/wp-json\/wp\/v2\/product_brand?post=71822"},{"taxonomy":"product_cat","embeddable":true,"href":"https:\/\/www.malinashop.lt\/en\/wp-json\/wp\/v2\/product_cat?post=71822"},{"taxonomy":"product_tag","embeddable":true,"href":"https:\/\/www.malinashop.lt\/en\/wp-json\/wp\/v2\/product_tag?post=71822"}],"curies":[{"name":"wp","href":"https:\/\/api.w.org\/{rel}","templated":true}]}}