{"id":71808,"date":"2025-12-02T23:41:15","date_gmt":"2025-12-02T20:41:15","guid":{"rendered":"https:\/\/malinashop.lt\/?post_type=product&#038;p=71808"},"modified":"2026-04-07T22:18:51","modified_gmt":"2026-04-07T19:18:51","slug":"laiseven-rutulinis-dezodorantas-deo-roll-on-kiwi-aloe-50-ml","status":"publish","type":"product","link":"https:\/\/www.malinashop.lt\/en\/shop\/laiseven-rutulinis-dezodorantas-deo-roll-on-kiwi-aloe-50-ml\/","title":{"rendered":"LAISEVEN rutulinis dezodorantas DEO ROLL-ON KIWI &#038; ALOE, 50 ml"},"content":{"rendered":"<p data-start=\"282\" data-end=\"587\">LAISEVEN rutulinis dezodorantas DEO ROLL-ON KIWI &amp; ALOE sukurtas kasdienei pa\u017east\u0173 odos prie\u017ei\u016brai, derinant veiksming\u0105 apsaug\u0105 nuo nemalonaus kvapo ir \u0161velni\u0105, od\u0105 puosel\u0117jan\u010di\u0105 formul\u0119. Tai dezodorantas moterims, kurios ie\u0161ko patikimo, bet \u0161velnaus produkto kasdieniam naudojimui.<\/p>\n<p data-start=\"589\" data-end=\"646\">Formul\u0117je derinami <strong data-start=\"608\" data-end=\"619\">alavijo<\/strong> ir <strong data-start=\"623\" data-end=\"643\">kivi\u0173 ekstraktai<\/strong>:<\/p>\n<ul data-start=\"647\" data-end=\"873\">\n<li data-start=\"647\" data-end=\"755\">\n<p data-start=\"649\" data-end=\"755\"><strong data-start=\"649\" data-end=\"661\">Alavijas<\/strong> ramina, dr\u0117kina od\u0105 ir padeda suma\u017einti sudirgimo bei tempimo poj\u016bt\u012f, ypa\u010d po depiliacijos.<\/p>\n<\/li>\n<li data-start=\"756\" data-end=\"873\">\n<p data-start=\"758\" data-end=\"873\"><strong data-start=\"758\" data-end=\"778\">Kivi\u0173 ekstraktas<\/strong> tonizuoja, maitina ir suteikia odai gaivumo poj\u016bt\u012f, pad\u0117damas i\u0161laikyti komfort\u0105 vis\u0105 dien\u0105.<\/p>\n<\/li>\n<\/ul>\n<p data-start=\"875\" data-end=\"1097\">Dezodorantas u\u017etikrina <strong data-start=\"898\" data-end=\"939\">ilgalaik\u0119 apsaug\u0105 nuo nemaloni\u0173 kvap\u0173<\/strong>, palikdamas od\u0105 gaivi\u0105 ir \u0161vari\u0105.<br data-start=\"973\" data-end=\"976\" \/>Sud\u0117tyje <strong data-start=\"985\" data-end=\"1003\">n\u0117ra alkoholio<\/strong>, tod\u0117l produktas tinka jautriai ir lengvai sudirginamai pa\u017east\u0173 odai \u2013 neerzina ir nesausina.<\/p>\n<p data-start=\"1099\" data-end=\"1358\">Specialiai sukurta formul\u0117 padeda <strong data-start=\"1133\" data-end=\"1180\">ma\u017einti balt\u0173 d\u0117mi\u0173 atsiradim\u0105 ant drabu\u017ei\u0173<\/strong>, tod\u0117l dezodorant\u0105 patogu naudoti su \u012fvairiais drabu\u017ei\u0173 audiniais ir spalvomis. Priemon\u0117 yra <strong data-start=\"1274\" data-end=\"1304\">dermatologi\u0161kai patikrinta<\/strong>, u\u017etikrinant saugum\u0105 ir efektyvum\u0105 kasdien naudojant.<\/p>\n<p data-start=\"1360\" data-end=\"1480\">Tai puikus pasirinkimas moterims, kurios vertina \u0161velni\u0105 prie\u017ei\u016br\u0105, gaiv\u0173 poj\u016bt\u012f ir patikim\u0105, bet odai draugi\u0161k\u0105 sud\u0117t\u012f.<\/p>\n<p data-start=\"1482\" data-end=\"1498\"><strong data-start=\"1482\" data-end=\"1496\">Naudojimas<\/strong><\/p>\n<ul data-start=\"1499\" data-end=\"1952\">\n<li data-start=\"1499\" data-end=\"1568\">\n<p data-start=\"1501\" data-end=\"1568\">Naudokite ant \u0161varios ir sausos pa\u017east\u0173 odos \u2013 geriausia po du\u0161o.<\/p>\n<\/li>\n<li data-start=\"1569\" data-end=\"1635\">\n<p data-start=\"1571\" data-end=\"1635\">Jei reikia, lengvai suplakite (jei tai nurodyta ant pakuot\u0117s).<\/p>\n<\/li>\n<li data-start=\"1636\" data-end=\"1717\">\n<p data-start=\"1638\" data-end=\"1717\">Braukite rutuliuku 1\u20132 kartus, kad plonu sluoksniu padengtum\u0117te norim\u0105 plot\u0105.<\/p>\n<\/li>\n<li data-start=\"1718\" data-end=\"1836\">\n<p data-start=\"1720\" data-end=\"1836\">Leiskite dezodorantui trumpai nud\u017ei\u016bti prie\u0161 apsirengiant, kad suma\u017eintum\u0117te d\u0117mi\u0173 atsiradimo rizik\u0105 ant drabu\u017ei\u0173.<\/p>\n<\/li>\n<li data-start=\"1837\" data-end=\"1952\">\n<p data-start=\"1839\" data-end=\"1952\">Nenaudokite ant sudirgusios ar pa\u017eeistos odos.<br data-start=\"1885\" data-end=\"1888\" \/>Tinka kasdieniam naudojimui \u2013 ryte ir pagal poreik\u012f dienos metu.<\/p>\n<\/li>\n<\/ul>\n<p data-start=\"1954\" data-end=\"1971\"><strong data-start=\"1954\" data-end=\"1964\">Talpa:<\/strong> 50 ml.<\/p>\n","protected":false},"excerpt":{"rendered":"<p>LAISEVEN DEO ROLL-ON KIWI &amp; ALOE \u2013 \u0161velnus rutulinis dezodorantas moterims su alavijo ir kivi\u0173 ekstraktais, be alkoholio, tinkamas net jautriai odai, suteikiantis ilgalaik\u012f gaivumo poj\u016bt\u012f.<\/p>\n","protected":false},"featured_media":71809,"template":"","meta":[],"product_brand":[539],"product_cat":[543,731],"product_tag":[1631],"class_list":{"0":"post-71808","1":"product","2":"type-product","3":"status-publish","4":"has-post-thumbnail","6":"product_brand-laiseven","7":"product_cat-dezodorantai","8":"product_cat-kunui","9":"product_tag-laiseven","11":"first","12":"instock","13":"sale","14":"taxable","15":"shipping-taxable","16":"purchasable","17":"product-type-simple"},"yoast_head":"<!-- This site is optimized with the Yoast SEO plugin v27.4 - https:\/\/yoast.com\/product\/yoast-seo-wordpress\/ -->\n<title>LAISEVEN rutulinis dezodorantas DEO ROLL-ON KIWI &amp; ALOE, 50 ml - MalinaShop.lt J\u016bs\u0173 sveikatai ir gro\u017eiui.<\/title>\n<meta name=\"description\" content=\"LAISEVEN DEO ROLL-ON KIWI &amp; ALOE \u2013 \u0161velnus rutulinis dezodorantas be alkoholio su alaviju ir kivi\u0173 ekstraktu, jautriai odai ir ilgai i\u0161liekan\u010diam gaivumui.\" \/>\n<meta name=\"robots\" content=\"index, follow, max-snippet:-1, max-image-preview:large, max-video-preview:-1\" \/>\n<link rel=\"canonical\" href=\"https:\/\/www.malinashop.lt\/en\/shop\/laiseven-rutulinis-dezodorantas-deo-roll-on-kiwi-aloe-50-ml\/\" \/>\n<meta property=\"og:locale\" content=\"en_GB\" \/>\n<meta property=\"og:type\" content=\"article\" \/>\n<meta property=\"og:title\" content=\"LAISEVEN rutulinis dezodorantas DEO ROLL-ON KIWI &amp; ALOE, 50 ml - MalinaShop.lt J\u016bs\u0173 sveikatai ir gro\u017eiui.\" \/>\n<meta property=\"og:description\" content=\"LAISEVEN DEO ROLL-ON KIWI &amp; ALOE \u2013 \u0161velnus rutulinis dezodorantas be alkoholio su alaviju ir kivi\u0173 ekstraktu, jautriai odai ir ilgai i\u0161liekan\u010diam gaivumui.\" \/>\n<meta property=\"og:url\" content=\"https:\/\/www.malinashop.lt\/en\/shop\/laiseven-rutulinis-dezodorantas-deo-roll-on-kiwi-aloe-50-ml\/\" \/>\n<meta property=\"og:site_name\" content=\"MalinaShop.lt J\u016bs\u0173 sveikatai ir gro\u017eiui.\" \/>\n<meta property=\"article:modified_time\" content=\"2026-04-07T19:18:51+00:00\" \/>\n<meta property=\"og:image\" content=\"https:\/\/www.malinashop.lt\/wp-content\/uploads\/2025\/12\/LAISEVEN-rutulinis-dezodorantas-DEO-ROLL-ON-KIWI-ALOE-50-ml.webp\" \/>\n\t<meta property=\"og:image:width\" content=\"580\" \/>\n\t<meta property=\"og:image:height\" content=\"580\" \/>\n\t<meta property=\"og:image:type\" content=\"image\/webp\" \/>\n<meta name=\"twitter:card\" content=\"summary_large_image\" \/>\n<script type=\"application\/ld+json\" class=\"yoast-schema-graph\">{\"@context\":\"https:\\\/\\\/schema.org\",\"@graph\":[{\"@type\":\"WebPage\",\"@id\":\"https:\\\/\\\/www.malinashop.lt\\\/en\\\/shop\\\/laiseven-rutulinis-dezodorantas-deo-roll-on-kiwi-aloe-50-ml\\\/\",\"url\":\"https:\\\/\\\/www.malinashop.lt\\\/en\\\/shop\\\/laiseven-rutulinis-dezodorantas-deo-roll-on-kiwi-aloe-50-ml\\\/\",\"name\":\"LAISEVEN rutulinis dezodorantas DEO ROLL-ON KIWI & ALOE, 50 ml - MalinaShop.lt J\u016bs\u0173 sveikatai ir gro\u017eiui.\",\"isPartOf\":{\"@id\":\"https:\\\/\\\/www.malinashop.lt\\\/#website\"},\"primaryImageOfPage\":{\"@id\":\"https:\\\/\\\/www.malinashop.lt\\\/en\\\/shop\\\/laiseven-rutulinis-dezodorantas-deo-roll-on-kiwi-aloe-50-ml\\\/#primaryimage\"},\"image\":{\"@id\":\"https:\\\/\\\/www.malinashop.lt\\\/en\\\/shop\\\/laiseven-rutulinis-dezodorantas-deo-roll-on-kiwi-aloe-50-ml\\\/#primaryimage\"},\"thumbnailUrl\":\"https:\\\/\\\/www.malinashop.lt\\\/wp-content\\\/uploads\\\/2025\\\/12\\\/LAISEVEN-rutulinis-dezodorantas-DEO-ROLL-ON-KIWI-ALOE-50-ml.webp\",\"datePublished\":\"2025-12-02T20:41:15+00:00\",\"dateModified\":\"2026-04-07T19:18:51+00:00\",\"description\":\"LAISEVEN DEO ROLL-ON KIWI & ALOE \u2013 \u0161velnus rutulinis dezodorantas be alkoholio su alaviju ir kivi\u0173 ekstraktu, jautriai odai ir ilgai i\u0161liekan\u010diam gaivumui.\",\"breadcrumb\":{\"@id\":\"https:\\\/\\\/www.malinashop.lt\\\/en\\\/shop\\\/laiseven-rutulinis-dezodorantas-deo-roll-on-kiwi-aloe-50-ml\\\/#breadcrumb\"},\"inLanguage\":\"en-GB\",\"potentialAction\":[{\"@type\":\"ReadAction\",\"target\":[\"https:\\\/\\\/www.malinashop.lt\\\/en\\\/shop\\\/laiseven-rutulinis-dezodorantas-deo-roll-on-kiwi-aloe-50-ml\\\/\"]}]},{\"@type\":\"ImageObject\",\"inLanguage\":\"en-GB\",\"@id\":\"https:\\\/\\\/www.malinashop.lt\\\/en\\\/shop\\\/laiseven-rutulinis-dezodorantas-deo-roll-on-kiwi-aloe-50-ml\\\/#primaryimage\",\"url\":\"https:\\\/\\\/www.malinashop.lt\\\/wp-content\\\/uploads\\\/2025\\\/12\\\/LAISEVEN-rutulinis-dezodorantas-DEO-ROLL-ON-KIWI-ALOE-50-ml.webp\",\"contentUrl\":\"https:\\\/\\\/www.malinashop.lt\\\/wp-content\\\/uploads\\\/2025\\\/12\\\/LAISEVEN-rutulinis-dezodorantas-DEO-ROLL-ON-KIWI-ALOE-50-ml.webp\",\"width\":580,\"height\":580},{\"@type\":\"BreadcrumbList\",\"@id\":\"https:\\\/\\\/www.malinashop.lt\\\/en\\\/shop\\\/laiseven-rutulinis-dezodorantas-deo-roll-on-kiwi-aloe-50-ml\\\/#breadcrumb\",\"itemListElement\":[{\"@type\":\"ListItem\",\"position\":1,\"name\":\"Pagrindinis\",\"item\":\"https:\\\/\\\/www.malinashop.lt\\\/\"},{\"@type\":\"ListItem\",\"position\":2,\"name\":\"Parduotuv\u0117\",\"item\":\"https:\\\/\\\/www.malinashop.lt\\\/en\\\/parduotuve\\\/\"},{\"@type\":\"ListItem\",\"position\":3,\"name\":\"LAISEVEN rutulinis dezodorantas DEO ROLL-ON KIWI &#038; ALOE, 50 ml\"}]},{\"@type\":\"WebSite\",\"@id\":\"https:\\\/\\\/www.malinashop.lt\\\/#website\",\"url\":\"https:\\\/\\\/www.malinashop.lt\\\/\",\"name\":\"COM Group Ecommerce\",\"description\":\"MalinaShop.lt - Gro\u017eio ir sveikatos produktai i\u0161 patikim\u0173 preki\u0173 \u017eenkl\u0173. Atraskite auk\u0161tos kokyb\u0117s kosmetik\u0105 u\u017e puiki\u0105 kain\u0105.\",\"publisher\":{\"@id\":\"https:\\\/\\\/www.malinashop.lt\\\/#organization\"},\"potentialAction\":[{\"@type\":\"SearchAction\",\"target\":{\"@type\":\"EntryPoint\",\"urlTemplate\":\"https:\\\/\\\/www.malinashop.lt\\\/?s={search_term_string}\"},\"query-input\":{\"@type\":\"PropertyValueSpecification\",\"valueRequired\":true,\"valueName\":\"search_term_string\"}}],\"inLanguage\":\"en-GB\"},{\"@type\":\"Organization\",\"@id\":\"https:\\\/\\\/www.malinashop.lt\\\/#organization\",\"name\":\"COM Group Ecommerce\",\"url\":\"https:\\\/\\\/www.malinashop.lt\\\/\",\"logo\":{\"@type\":\"ImageObject\",\"inLanguage\":\"en-GB\",\"@id\":\"https:\\\/\\\/www.malinashop.lt\\\/#\\\/schema\\\/logo\\\/image\\\/\",\"url\":\"https:\\\/\\\/www.malinashop.lt\\\/wp-content\\\/uploads\\\/2024\\\/08\\\/462559670_3787732518133670_9795632669273463_n-e1731525914575.png\",\"contentUrl\":\"https:\\\/\\\/www.malinashop.lt\\\/wp-content\\\/uploads\\\/2024\\\/08\\\/462559670_3787732518133670_9795632669273463_n-e1731525914575.png\",\"width\":180,\"height\":60,\"caption\":\"COM Group Ecommerce\"},\"image\":{\"@id\":\"https:\\\/\\\/www.malinashop.lt\\\/#\\\/schema\\\/logo\\\/image\\\/\"}}]}<\/script>\n<!-- \/ Yoast SEO plugin. -->","yoast_head_json":{"title":"LAISEVEN rutulinis dezodorantas DEO ROLL-ON KIWI & ALOE, 50 ml - MalinaShop.lt J\u016bs\u0173 sveikatai ir gro\u017eiui.","description":"LAISEVEN DEO ROLL-ON KIWI & ALOE \u2013 \u0161velnus rutulinis dezodorantas be alkoholio su alaviju ir kivi\u0173 ekstraktu, jautriai odai ir ilgai i\u0161liekan\u010diam gaivumui.","robots":{"index":"index","follow":"follow","max-snippet":"max-snippet:-1","max-image-preview":"max-image-preview:large","max-video-preview":"max-video-preview:-1"},"canonical":"https:\/\/www.malinashop.lt\/en\/shop\/laiseven-rutulinis-dezodorantas-deo-roll-on-kiwi-aloe-50-ml\/","og_locale":"en_GB","og_type":"article","og_title":"LAISEVEN rutulinis dezodorantas DEO ROLL-ON KIWI & ALOE, 50 ml - MalinaShop.lt J\u016bs\u0173 sveikatai ir gro\u017eiui.","og_description":"LAISEVEN DEO ROLL-ON KIWI & ALOE \u2013 \u0161velnus rutulinis dezodorantas be alkoholio su alaviju ir kivi\u0173 ekstraktu, jautriai odai ir ilgai i\u0161liekan\u010diam gaivumui.","og_url":"https:\/\/www.malinashop.lt\/en\/shop\/laiseven-rutulinis-dezodorantas-deo-roll-on-kiwi-aloe-50-ml\/","og_site_name":"MalinaShop.lt J\u016bs\u0173 sveikatai ir gro\u017eiui.","article_modified_time":"2026-04-07T19:18:51+00:00","og_image":[{"width":580,"height":580,"url":"https:\/\/www.malinashop.lt\/wp-content\/uploads\/2025\/12\/LAISEVEN-rutulinis-dezodorantas-DEO-ROLL-ON-KIWI-ALOE-50-ml.webp","type":"image\/webp"}],"twitter_card":"summary_large_image","schema":{"@context":"https:\/\/schema.org","@graph":[{"@type":"WebPage","@id":"https:\/\/www.malinashop.lt\/en\/shop\/laiseven-rutulinis-dezodorantas-deo-roll-on-kiwi-aloe-50-ml\/","url":"https:\/\/www.malinashop.lt\/en\/shop\/laiseven-rutulinis-dezodorantas-deo-roll-on-kiwi-aloe-50-ml\/","name":"LAISEVEN rutulinis dezodorantas DEO ROLL-ON KIWI & ALOE, 50 ml - MalinaShop.lt J\u016bs\u0173 sveikatai ir gro\u017eiui.","isPartOf":{"@id":"https:\/\/www.malinashop.lt\/#website"},"primaryImageOfPage":{"@id":"https:\/\/www.malinashop.lt\/en\/shop\/laiseven-rutulinis-dezodorantas-deo-roll-on-kiwi-aloe-50-ml\/#primaryimage"},"image":{"@id":"https:\/\/www.malinashop.lt\/en\/shop\/laiseven-rutulinis-dezodorantas-deo-roll-on-kiwi-aloe-50-ml\/#primaryimage"},"thumbnailUrl":"https:\/\/www.malinashop.lt\/wp-content\/uploads\/2025\/12\/LAISEVEN-rutulinis-dezodorantas-DEO-ROLL-ON-KIWI-ALOE-50-ml.webp","datePublished":"2025-12-02T20:41:15+00:00","dateModified":"2026-04-07T19:18:51+00:00","description":"LAISEVEN DEO ROLL-ON KIWI & ALOE \u2013 \u0161velnus rutulinis dezodorantas be alkoholio su alaviju ir kivi\u0173 ekstraktu, jautriai odai ir ilgai i\u0161liekan\u010diam gaivumui.","breadcrumb":{"@id":"https:\/\/www.malinashop.lt\/en\/shop\/laiseven-rutulinis-dezodorantas-deo-roll-on-kiwi-aloe-50-ml\/#breadcrumb"},"inLanguage":"en-GB","potentialAction":[{"@type":"ReadAction","target":["https:\/\/www.malinashop.lt\/en\/shop\/laiseven-rutulinis-dezodorantas-deo-roll-on-kiwi-aloe-50-ml\/"]}]},{"@type":"ImageObject","inLanguage":"en-GB","@id":"https:\/\/www.malinashop.lt\/en\/shop\/laiseven-rutulinis-dezodorantas-deo-roll-on-kiwi-aloe-50-ml\/#primaryimage","url":"https:\/\/www.malinashop.lt\/wp-content\/uploads\/2025\/12\/LAISEVEN-rutulinis-dezodorantas-DEO-ROLL-ON-KIWI-ALOE-50-ml.webp","contentUrl":"https:\/\/www.malinashop.lt\/wp-content\/uploads\/2025\/12\/LAISEVEN-rutulinis-dezodorantas-DEO-ROLL-ON-KIWI-ALOE-50-ml.webp","width":580,"height":580},{"@type":"BreadcrumbList","@id":"https:\/\/www.malinashop.lt\/en\/shop\/laiseven-rutulinis-dezodorantas-deo-roll-on-kiwi-aloe-50-ml\/#breadcrumb","itemListElement":[{"@type":"ListItem","position":1,"name":"Pagrindinis","item":"https:\/\/www.malinashop.lt\/"},{"@type":"ListItem","position":2,"name":"Parduotuv\u0117","item":"https:\/\/www.malinashop.lt\/en\/parduotuve\/"},{"@type":"ListItem","position":3,"name":"LAISEVEN rutulinis dezodorantas DEO ROLL-ON KIWI &#038; ALOE, 50 ml"}]},{"@type":"WebSite","@id":"https:\/\/www.malinashop.lt\/#website","url":"https:\/\/www.malinashop.lt\/","name":"COM Group Ecommerce","description":"MalinaShop.lt - Gro\u017eio ir sveikatos produktai i\u0161 patikim\u0173 preki\u0173 \u017eenkl\u0173. Atraskite auk\u0161tos kokyb\u0117s kosmetik\u0105 u\u017e puiki\u0105 kain\u0105.","publisher":{"@id":"https:\/\/www.malinashop.lt\/#organization"},"potentialAction":[{"@type":"SearchAction","target":{"@type":"EntryPoint","urlTemplate":"https:\/\/www.malinashop.lt\/?s={search_term_string}"},"query-input":{"@type":"PropertyValueSpecification","valueRequired":true,"valueName":"search_term_string"}}],"inLanguage":"en-GB"},{"@type":"Organization","@id":"https:\/\/www.malinashop.lt\/#organization","name":"COM Group Ecommerce","url":"https:\/\/www.malinashop.lt\/","logo":{"@type":"ImageObject","inLanguage":"en-GB","@id":"https:\/\/www.malinashop.lt\/#\/schema\/logo\/image\/","url":"https:\/\/www.malinashop.lt\/wp-content\/uploads\/2024\/08\/462559670_3787732518133670_9795632669273463_n-e1731525914575.png","contentUrl":"https:\/\/www.malinashop.lt\/wp-content\/uploads\/2024\/08\/462559670_3787732518133670_9795632669273463_n-e1731525914575.png","width":180,"height":60,"caption":"COM Group Ecommerce"},"image":{"@id":"https:\/\/www.malinashop.lt\/#\/schema\/logo\/image\/"}}]}},"jetpack_sharing_enabled":true,"_links":{"self":[{"href":"https:\/\/www.malinashop.lt\/en\/wp-json\/wp\/v2\/product\/71808","targetHints":{"allow":["GET"]}}],"collection":[{"href":"https:\/\/www.malinashop.lt\/en\/wp-json\/wp\/v2\/product"}],"about":[{"href":"https:\/\/www.malinashop.lt\/en\/wp-json\/wp\/v2\/types\/product"}],"version-history":[{"count":1,"href":"https:\/\/www.malinashop.lt\/en\/wp-json\/wp\/v2\/product\/71808\/revisions"}],"predecessor-version":[{"id":71810,"href":"https:\/\/www.malinashop.lt\/en\/wp-json\/wp\/v2\/product\/71808\/revisions\/71810"}],"wp:featuredmedia":[{"embeddable":true,"href":"https:\/\/www.malinashop.lt\/en\/wp-json\/wp\/v2\/media\/71809"}],"wp:attachment":[{"href":"https:\/\/www.malinashop.lt\/en\/wp-json\/wp\/v2\/media?parent=71808"}],"wp:term":[{"taxonomy":"product_brand","embeddable":true,"href":"https:\/\/www.malinashop.lt\/en\/wp-json\/wp\/v2\/product_brand?post=71808"},{"taxonomy":"product_cat","embeddable":true,"href":"https:\/\/www.malinashop.lt\/en\/wp-json\/wp\/v2\/product_cat?post=71808"},{"taxonomy":"product_tag","embeddable":true,"href":"https:\/\/www.malinashop.lt\/en\/wp-json\/wp\/v2\/product_tag?post=71808"}],"curies":[{"name":"wp","href":"https:\/\/api.w.org\/{rel}","templated":true}]}}