{"id":71801,"date":"2025-12-02T23:36:10","date_gmt":"2025-12-02T20:36:10","guid":{"rendered":"https:\/\/malinashop.lt\/?post_type=product&#038;p=71801"},"modified":"2026-02-19T23:09:37","modified_gmt":"2026-02-19T20:09:37","slug":"laiseven-purskiamas-dezodorantas-deo-spray-kiwi-aloe-200ml","status":"publish","type":"product","link":"https:\/\/www.malinashop.lt\/en\/shop\/laiseven-purskiamas-dezodorantas-deo-spray-kiwi-aloe-200ml\/","title":{"rendered":"LAISEVEN pur\u0161kiamas dezodorantas DEO SPRAY KIWI &#038; ALOE, 200ml"},"content":{"rendered":"<p data-start=\"433\" data-end=\"676\">LAISEVEN DEO KIWI &amp; ALOE \u2013 tai kasdienei prie\u017ei\u016brai sukurtas pur\u0161kiamas dezodorantas, kuris derina gaiv\u0173 kvap\u0105 ir \u0161velni\u0105 odos prie\u017ei\u016br\u0105. Lengva formul\u0117 neerzina, nesausina ir palieka malon\u0173 \u0161varos poj\u016bt\u012f visai dienai.<\/p>\n<p data-start=\"678\" data-end=\"806\">Kvapas \u2013 <strong data-start=\"687\" data-end=\"723\">gaivus kivi\u0173 ir alavijo aromatas<\/strong>, suteikiantis \u0161varos, lengvumo ir energijos poj\u016bt\u012f, be sunkumo ar a\u0161traus kvapo.<\/p>\n<p data-start=\"808\" data-end=\"898\">Sud\u0117tis praturtinta <strong data-start=\"828\" data-end=\"895\">nat\u016braliais ingredientais \u2013 kivi\u0173 ekstraktu ir alavijo sultimis<\/strong>:<\/p>\n<ul data-start=\"899\" data-end=\"1084\">\n<li data-start=\"899\" data-end=\"974\">\n<p data-start=\"901\" data-end=\"974\"><strong data-start=\"901\" data-end=\"921\">Kivi\u0173 ekstraktas<\/strong> atgaivina, tonizuoja ir suteikia odai gyvybingumo.<\/p>\n<\/li>\n<li data-start=\"975\" data-end=\"1084\">\n<p data-start=\"977\" data-end=\"1084\"><strong data-start=\"977\" data-end=\"995\">Alavijo sultys<\/strong> ramina ir dr\u0117kina, ma\u017eina sausumo ir tempimo poj\u016bt\u012f, padeda saugoti od\u0105 nuo sudirgimo.<\/p>\n<\/li>\n<\/ul>\n<p data-start=\"1086\" data-end=\"1173\">Dezodorantas tinka <strong data-start=\"1105\" data-end=\"1128\">visiems odos tipams<\/strong>, taip pat ir jautresnei pa\u017east\u0173 odai, nes:<\/p>\n<ul data-start=\"1174\" data-end=\"1304\">\n<li data-start=\"1174\" data-end=\"1229\">\n<p data-start=\"1176\" data-end=\"1229\">padeda i\u0161laikyti komforto poj\u016bt\u012f visos dienos metu,<\/p>\n<\/li>\n<li data-start=\"1230\" data-end=\"1263\">\n<p data-start=\"1232\" data-end=\"1263\">neerzina ir neapsunkina odos,<\/p>\n<\/li>\n<li data-start=\"1264\" data-end=\"1304\">\n<p data-start=\"1266\" data-end=\"1304\">nesukuria lipnumo ar sunkumo jausmo.<\/p>\n<\/li>\n<\/ul>\n<p data-start=\"1306\" data-end=\"1329\">Tvarumas ir vertyb\u0117s:<\/p>\n<ul data-start=\"1330\" data-end=\"1584\">\n<li data-start=\"1330\" data-end=\"1393\"><strong data-start=\"1428\" data-end=\"1464\">Pakuot\u0117 perdirbama ir ekologi\u0161ka<\/strong>, pagaminta laikantis atsakingo po\u017ei\u016brio \u012f aplink\u0105,<\/li>\n<li data-start=\"1518\" data-end=\"1584\">\n<p data-start=\"1520\" data-end=\"1584\">Pagamintas <strong data-start=\"1531\" data-end=\"1545\">Ispanijoje<\/strong>, laikantis auk\u0161t\u0173 kokyb\u0117s standart\u0173.<\/p>\n<\/li>\n<\/ul>\n<p data-start=\"1586\" data-end=\"1723\">Tai puikus pasirinkimas tiems, kurie ie\u0161ko gaivaus, \u0161varaus, lengvo, ta\u010diau veiksmingo dezodoranto su \u0161velnia, od\u0105 puosel\u0117jan\u010dia formule.<\/p>\n<p data-start=\"1725\" data-end=\"1923\"><strong data-start=\"1725\" data-end=\"1750\">Naudojimo instrukcija<\/strong><br data-start=\"1750\" data-end=\"1753\" \/>Pur\u0161kite dezodorant\u0105 ant \u0161varios ir sausos odos i\u0161 ma\u017edaug 15\u201330 cm atstumo. Leiskite visi\u0161kai nud\u017ei\u016bti prie\u0161 apsirengiant. Nenaudokite ant sudirgusios ar pa\u017eeistos odos.<\/p>\n","protected":false},"excerpt":{"rendered":"<p>LAISEVEN DEO SPRAY KIWI &amp; ALOE \u2013 gaivus, lengvas, vegani\u0161kas pur\u0161kiamas dezodorantas su kivi\u0173 ekstraktu ir alavijo sultimis, dr\u0117kinantis ir raminantis od\u0105 bei suteikiantis ilgai i\u0161liekant\u012f gaivumo poj\u016bt\u012f.<\/p>\n","protected":false},"featured_media":71802,"template":"","meta":[],"product_brand":[539],"product_cat":[543,731],"product_tag":[1631],"class_list":{"0":"post-71801","1":"product","2":"type-product","3":"status-publish","4":"has-post-thumbnail","6":"product_brand-laiseven","7":"product_cat-dezodorantai","8":"product_cat-kunui","9":"product_tag-laiseven","11":"first","12":"instock","13":"sale","14":"taxable","15":"shipping-taxable","16":"purchasable","17":"product-type-simple"},"yoast_head":"<!-- This site is optimized with the Yoast SEO plugin v27.4 - https:\/\/yoast.com\/product\/yoast-seo-wordpress\/ -->\n<title>LAISEVEN pur\u0161kiamas dezodorantas DEO SPRAY KIWI &amp; ALOE, 200ml - MalinaShop.lt J\u016bs\u0173 sveikatai ir gro\u017eiui.<\/title>\n<meta name=\"description\" content=\"LAISEVEN DEO SPRAY KIWI &amp; ALOE \u2013 gaivus vegani\u0161kas dezodorantas su kivi\u0173 ekstraktu ir alaviju, dr\u0117kina, ramina od\u0105 ir suteikia ilgai i\u0161liekant\u012f gaivum\u0105.\" \/>\n<meta name=\"robots\" content=\"index, follow, max-snippet:-1, max-image-preview:large, max-video-preview:-1\" \/>\n<link rel=\"canonical\" href=\"https:\/\/www.malinashop.lt\/en\/shop\/laiseven-purskiamas-dezodorantas-deo-spray-kiwi-aloe-200ml\/\" \/>\n<meta property=\"og:locale\" content=\"en_GB\" \/>\n<meta property=\"og:type\" content=\"article\" \/>\n<meta property=\"og:title\" content=\"LAISEVEN pur\u0161kiamas dezodorantas DEO SPRAY KIWI &amp; ALOE, 200ml - MalinaShop.lt J\u016bs\u0173 sveikatai ir gro\u017eiui.\" \/>\n<meta property=\"og:description\" content=\"LAISEVEN DEO SPRAY KIWI &amp; ALOE \u2013 gaivus vegani\u0161kas dezodorantas su kivi\u0173 ekstraktu ir alaviju, dr\u0117kina, ramina od\u0105 ir suteikia ilgai i\u0161liekant\u012f gaivum\u0105.\" \/>\n<meta property=\"og:url\" content=\"https:\/\/www.malinashop.lt\/en\/shop\/laiseven-purskiamas-dezodorantas-deo-spray-kiwi-aloe-200ml\/\" \/>\n<meta property=\"og:site_name\" content=\"MalinaShop.lt J\u016bs\u0173 sveikatai ir gro\u017eiui.\" \/>\n<meta property=\"article:modified_time\" content=\"2026-02-19T20:09:37+00:00\" \/>\n<meta property=\"og:image\" content=\"https:\/\/www.malinashop.lt\/wp-content\/uploads\/2025\/12\/LAISEVEN-purskiamas-dezodorantas-DEO-SPRAY-KIWI-ALOE-200ml.webp\" \/>\n\t<meta property=\"og:image:width\" content=\"580\" \/>\n\t<meta property=\"og:image:height\" content=\"580\" \/>\n\t<meta property=\"og:image:type\" content=\"image\/webp\" \/>\n<meta name=\"twitter:card\" content=\"summary_large_image\" \/>\n<script type=\"application\/ld+json\" class=\"yoast-schema-graph\">{\"@context\":\"https:\\\/\\\/schema.org\",\"@graph\":[{\"@type\":\"WebPage\",\"@id\":\"https:\\\/\\\/www.malinashop.lt\\\/en\\\/shop\\\/laiseven-purskiamas-dezodorantas-deo-spray-kiwi-aloe-200ml\\\/\",\"url\":\"https:\\\/\\\/www.malinashop.lt\\\/en\\\/shop\\\/laiseven-purskiamas-dezodorantas-deo-spray-kiwi-aloe-200ml\\\/\",\"name\":\"LAISEVEN pur\u0161kiamas dezodorantas DEO SPRAY KIWI & ALOE, 200ml - MalinaShop.lt J\u016bs\u0173 sveikatai ir gro\u017eiui.\",\"isPartOf\":{\"@id\":\"https:\\\/\\\/www.malinashop.lt\\\/en\\\/#website\"},\"primaryImageOfPage\":{\"@id\":\"https:\\\/\\\/www.malinashop.lt\\\/en\\\/shop\\\/laiseven-purskiamas-dezodorantas-deo-spray-kiwi-aloe-200ml\\\/#primaryimage\"},\"image\":{\"@id\":\"https:\\\/\\\/www.malinashop.lt\\\/en\\\/shop\\\/laiseven-purskiamas-dezodorantas-deo-spray-kiwi-aloe-200ml\\\/#primaryimage\"},\"thumbnailUrl\":\"https:\\\/\\\/www.malinashop.lt\\\/wp-content\\\/uploads\\\/2025\\\/12\\\/LAISEVEN-purskiamas-dezodorantas-DEO-SPRAY-KIWI-ALOE-200ml.webp\",\"datePublished\":\"2025-12-02T20:36:10+00:00\",\"dateModified\":\"2026-02-19T20:09:37+00:00\",\"description\":\"LAISEVEN DEO SPRAY KIWI & ALOE \u2013 gaivus vegani\u0161kas dezodorantas su kivi\u0173 ekstraktu ir alaviju, dr\u0117kina, ramina od\u0105 ir suteikia ilgai i\u0161liekant\u012f gaivum\u0105.\",\"breadcrumb\":{\"@id\":\"https:\\\/\\\/www.malinashop.lt\\\/en\\\/shop\\\/laiseven-purskiamas-dezodorantas-deo-spray-kiwi-aloe-200ml\\\/#breadcrumb\"},\"inLanguage\":\"en-GB\",\"potentialAction\":[{\"@type\":\"ReadAction\",\"target\":[\"https:\\\/\\\/www.malinashop.lt\\\/en\\\/shop\\\/laiseven-purskiamas-dezodorantas-deo-spray-kiwi-aloe-200ml\\\/\"]}]},{\"@type\":\"ImageObject\",\"inLanguage\":\"en-GB\",\"@id\":\"https:\\\/\\\/www.malinashop.lt\\\/en\\\/shop\\\/laiseven-purskiamas-dezodorantas-deo-spray-kiwi-aloe-200ml\\\/#primaryimage\",\"url\":\"https:\\\/\\\/www.malinashop.lt\\\/wp-content\\\/uploads\\\/2025\\\/12\\\/LAISEVEN-purskiamas-dezodorantas-DEO-SPRAY-KIWI-ALOE-200ml.webp\",\"contentUrl\":\"https:\\\/\\\/www.malinashop.lt\\\/wp-content\\\/uploads\\\/2025\\\/12\\\/LAISEVEN-purskiamas-dezodorantas-DEO-SPRAY-KIWI-ALOE-200ml.webp\",\"width\":580,\"height\":580},{\"@type\":\"BreadcrumbList\",\"@id\":\"https:\\\/\\\/www.malinashop.lt\\\/en\\\/shop\\\/laiseven-purskiamas-dezodorantas-deo-spray-kiwi-aloe-200ml\\\/#breadcrumb\",\"itemListElement\":[{\"@type\":\"ListItem\",\"position\":1,\"name\":\"Home\",\"item\":\"https:\\\/\\\/www.malinashop.lt\\\/en\\\/\"},{\"@type\":\"ListItem\",\"position\":2,\"name\":\"Parduotuv\u0117\",\"item\":\"https:\\\/\\\/www.malinashop.lt\\\/en\\\/parduotuve\\\/\"},{\"@type\":\"ListItem\",\"position\":3,\"name\":\"LAISEVEN pur\u0161kiamas dezodorantas DEO SPRAY KIWI &#038; ALOE, 200ml\"}]},{\"@type\":\"WebSite\",\"@id\":\"https:\\\/\\\/www.malinashop.lt\\\/en\\\/#website\",\"url\":\"https:\\\/\\\/www.malinashop.lt\\\/en\\\/\",\"name\":\"COM Group Ecommerce\",\"description\":\"MalinaShop.lt - Gro\u017eio ir sveikatos produktai i\u0161 patikim\u0173 preki\u0173 \u017eenkl\u0173. Atraskite auk\u0161tos kokyb\u0117s kosmetik\u0105 u\u017e puiki\u0105 kain\u0105.\",\"publisher\":{\"@id\":\"https:\\\/\\\/www.malinashop.lt\\\/en\\\/#organization\"},\"potentialAction\":[{\"@type\":\"SearchAction\",\"target\":{\"@type\":\"EntryPoint\",\"urlTemplate\":\"https:\\\/\\\/www.malinashop.lt\\\/en\\\/?s={search_term_string}\"},\"query-input\":{\"@type\":\"PropertyValueSpecification\",\"valueRequired\":true,\"valueName\":\"search_term_string\"}}],\"inLanguage\":\"en-GB\"},{\"@type\":\"Organization\",\"@id\":\"https:\\\/\\\/www.malinashop.lt\\\/en\\\/#organization\",\"name\":\"COM Group Ecommerce\",\"url\":\"https:\\\/\\\/www.malinashop.lt\\\/en\\\/\",\"logo\":{\"@type\":\"ImageObject\",\"inLanguage\":\"en-GB\",\"@id\":\"https:\\\/\\\/www.malinashop.lt\\\/en\\\/#\\\/schema\\\/logo\\\/image\\\/\",\"url\":\"https:\\\/\\\/www.malinashop.lt\\\/wp-content\\\/uploads\\\/2024\\\/08\\\/462559670_3787732518133670_9795632669273463_n-e1731525914575.png\",\"contentUrl\":\"https:\\\/\\\/www.malinashop.lt\\\/wp-content\\\/uploads\\\/2024\\\/08\\\/462559670_3787732518133670_9795632669273463_n-e1731525914575.png\",\"width\":180,\"height\":60,\"caption\":\"COM Group Ecommerce\"},\"image\":{\"@id\":\"https:\\\/\\\/www.malinashop.lt\\\/en\\\/#\\\/schema\\\/logo\\\/image\\\/\"}}]}<\/script>\n<!-- \/ Yoast SEO plugin. -->","yoast_head_json":{"title":"LAISEVEN pur\u0161kiamas dezodorantas DEO SPRAY KIWI & ALOE, 200ml - MalinaShop.lt J\u016bs\u0173 sveikatai ir gro\u017eiui.","description":"LAISEVEN DEO SPRAY KIWI & ALOE \u2013 gaivus vegani\u0161kas dezodorantas su kivi\u0173 ekstraktu ir alaviju, dr\u0117kina, ramina od\u0105 ir suteikia ilgai i\u0161liekant\u012f gaivum\u0105.","robots":{"index":"index","follow":"follow","max-snippet":"max-snippet:-1","max-image-preview":"max-image-preview:large","max-video-preview":"max-video-preview:-1"},"canonical":"https:\/\/www.malinashop.lt\/en\/shop\/laiseven-purskiamas-dezodorantas-deo-spray-kiwi-aloe-200ml\/","og_locale":"en_GB","og_type":"article","og_title":"LAISEVEN pur\u0161kiamas dezodorantas DEO SPRAY KIWI & ALOE, 200ml - MalinaShop.lt J\u016bs\u0173 sveikatai ir gro\u017eiui.","og_description":"LAISEVEN DEO SPRAY KIWI & ALOE \u2013 gaivus vegani\u0161kas dezodorantas su kivi\u0173 ekstraktu ir alaviju, dr\u0117kina, ramina od\u0105 ir suteikia ilgai i\u0161liekant\u012f gaivum\u0105.","og_url":"https:\/\/www.malinashop.lt\/en\/shop\/laiseven-purskiamas-dezodorantas-deo-spray-kiwi-aloe-200ml\/","og_site_name":"MalinaShop.lt J\u016bs\u0173 sveikatai ir gro\u017eiui.","article_modified_time":"2026-02-19T20:09:37+00:00","og_image":[{"width":580,"height":580,"url":"https:\/\/www.malinashop.lt\/wp-content\/uploads\/2025\/12\/LAISEVEN-purskiamas-dezodorantas-DEO-SPRAY-KIWI-ALOE-200ml.webp","type":"image\/webp"}],"twitter_card":"summary_large_image","schema":{"@context":"https:\/\/schema.org","@graph":[{"@type":"WebPage","@id":"https:\/\/www.malinashop.lt\/en\/shop\/laiseven-purskiamas-dezodorantas-deo-spray-kiwi-aloe-200ml\/","url":"https:\/\/www.malinashop.lt\/en\/shop\/laiseven-purskiamas-dezodorantas-deo-spray-kiwi-aloe-200ml\/","name":"LAISEVEN pur\u0161kiamas dezodorantas DEO SPRAY KIWI & ALOE, 200ml - MalinaShop.lt J\u016bs\u0173 sveikatai ir gro\u017eiui.","isPartOf":{"@id":"https:\/\/www.malinashop.lt\/en\/#website"},"primaryImageOfPage":{"@id":"https:\/\/www.malinashop.lt\/en\/shop\/laiseven-purskiamas-dezodorantas-deo-spray-kiwi-aloe-200ml\/#primaryimage"},"image":{"@id":"https:\/\/www.malinashop.lt\/en\/shop\/laiseven-purskiamas-dezodorantas-deo-spray-kiwi-aloe-200ml\/#primaryimage"},"thumbnailUrl":"https:\/\/www.malinashop.lt\/wp-content\/uploads\/2025\/12\/LAISEVEN-purskiamas-dezodorantas-DEO-SPRAY-KIWI-ALOE-200ml.webp","datePublished":"2025-12-02T20:36:10+00:00","dateModified":"2026-02-19T20:09:37+00:00","description":"LAISEVEN DEO SPRAY KIWI & ALOE \u2013 gaivus vegani\u0161kas dezodorantas su kivi\u0173 ekstraktu ir alaviju, dr\u0117kina, ramina od\u0105 ir suteikia ilgai i\u0161liekant\u012f gaivum\u0105.","breadcrumb":{"@id":"https:\/\/www.malinashop.lt\/en\/shop\/laiseven-purskiamas-dezodorantas-deo-spray-kiwi-aloe-200ml\/#breadcrumb"},"inLanguage":"en-GB","potentialAction":[{"@type":"ReadAction","target":["https:\/\/www.malinashop.lt\/en\/shop\/laiseven-purskiamas-dezodorantas-deo-spray-kiwi-aloe-200ml\/"]}]},{"@type":"ImageObject","inLanguage":"en-GB","@id":"https:\/\/www.malinashop.lt\/en\/shop\/laiseven-purskiamas-dezodorantas-deo-spray-kiwi-aloe-200ml\/#primaryimage","url":"https:\/\/www.malinashop.lt\/wp-content\/uploads\/2025\/12\/LAISEVEN-purskiamas-dezodorantas-DEO-SPRAY-KIWI-ALOE-200ml.webp","contentUrl":"https:\/\/www.malinashop.lt\/wp-content\/uploads\/2025\/12\/LAISEVEN-purskiamas-dezodorantas-DEO-SPRAY-KIWI-ALOE-200ml.webp","width":580,"height":580},{"@type":"BreadcrumbList","@id":"https:\/\/www.malinashop.lt\/en\/shop\/laiseven-purskiamas-dezodorantas-deo-spray-kiwi-aloe-200ml\/#breadcrumb","itemListElement":[{"@type":"ListItem","position":1,"name":"Home","item":"https:\/\/www.malinashop.lt\/en\/"},{"@type":"ListItem","position":2,"name":"Parduotuv\u0117","item":"https:\/\/www.malinashop.lt\/en\/parduotuve\/"},{"@type":"ListItem","position":3,"name":"LAISEVEN pur\u0161kiamas dezodorantas DEO SPRAY KIWI &#038; ALOE, 200ml"}]},{"@type":"WebSite","@id":"https:\/\/www.malinashop.lt\/en\/#website","url":"https:\/\/www.malinashop.lt\/en\/","name":"COM Group Ecommerce","description":"MalinaShop.lt - Gro\u017eio ir sveikatos produktai i\u0161 patikim\u0173 preki\u0173 \u017eenkl\u0173. Atraskite auk\u0161tos kokyb\u0117s kosmetik\u0105 u\u017e puiki\u0105 kain\u0105.","publisher":{"@id":"https:\/\/www.malinashop.lt\/en\/#organization"},"potentialAction":[{"@type":"SearchAction","target":{"@type":"EntryPoint","urlTemplate":"https:\/\/www.malinashop.lt\/en\/?s={search_term_string}"},"query-input":{"@type":"PropertyValueSpecification","valueRequired":true,"valueName":"search_term_string"}}],"inLanguage":"en-GB"},{"@type":"Organization","@id":"https:\/\/www.malinashop.lt\/en\/#organization","name":"COM Group Ecommerce","url":"https:\/\/www.malinashop.lt\/en\/","logo":{"@type":"ImageObject","inLanguage":"en-GB","@id":"https:\/\/www.malinashop.lt\/en\/#\/schema\/logo\/image\/","url":"https:\/\/www.malinashop.lt\/wp-content\/uploads\/2024\/08\/462559670_3787732518133670_9795632669273463_n-e1731525914575.png","contentUrl":"https:\/\/www.malinashop.lt\/wp-content\/uploads\/2024\/08\/462559670_3787732518133670_9795632669273463_n-e1731525914575.png","width":180,"height":60,"caption":"COM Group Ecommerce"},"image":{"@id":"https:\/\/www.malinashop.lt\/en\/#\/schema\/logo\/image\/"}}]}},"jetpack_sharing_enabled":true,"_links":{"self":[{"href":"https:\/\/www.malinashop.lt\/en\/wp-json\/wp\/v2\/product\/71801","targetHints":{"allow":["GET"]}}],"collection":[{"href":"https:\/\/www.malinashop.lt\/en\/wp-json\/wp\/v2\/product"}],"about":[{"href":"https:\/\/www.malinashop.lt\/en\/wp-json\/wp\/v2\/types\/product"}],"version-history":[{"count":2,"href":"https:\/\/www.malinashop.lt\/en\/wp-json\/wp\/v2\/product\/71801\/revisions"}],"predecessor-version":[{"id":71804,"href":"https:\/\/www.malinashop.lt\/en\/wp-json\/wp\/v2\/product\/71801\/revisions\/71804"}],"wp:featuredmedia":[{"embeddable":true,"href":"https:\/\/www.malinashop.lt\/en\/wp-json\/wp\/v2\/media\/71802"}],"wp:attachment":[{"href":"https:\/\/www.malinashop.lt\/en\/wp-json\/wp\/v2\/media?parent=71801"}],"wp:term":[{"taxonomy":"product_brand","embeddable":true,"href":"https:\/\/www.malinashop.lt\/en\/wp-json\/wp\/v2\/product_brand?post=71801"},{"taxonomy":"product_cat","embeddable":true,"href":"https:\/\/www.malinashop.lt\/en\/wp-json\/wp\/v2\/product_cat?post=71801"},{"taxonomy":"product_tag","embeddable":true,"href":"https:\/\/www.malinashop.lt\/en\/wp-json\/wp\/v2\/product_tag?post=71801"}],"curies":[{"name":"wp","href":"https:\/\/api.w.org\/{rel}","templated":true}]}}