{"id":71582,"date":"2025-11-25T18:33:41","date_gmt":"2025-11-25T15:33:41","guid":{"rendered":"https:\/\/malinashop.lt\/?post_type=product&#038;p=71582"},"modified":"2026-02-19T23:11:19","modified_gmt":"2026-02-19T20:11:19","slug":"you-oil-balancing-cream-balansuojantis-kremas-su-fitosomomis-50-ml","status":"publish","type":"product","link":"https:\/\/www.malinashop.lt\/en\/shop\/you-oil-balancing-cream-balansuojantis-kremas-su-fitosomomis-50-ml\/","title":{"rendered":"YOU &#038; OIL BALANCING CREAM balansuojantis kremas su fitosomomis, 50 ml"},"content":{"rendered":"<p data-start=\"235\" data-end=\"522\"><strong data-start=\"235\" data-end=\"309\">YOU &amp; OIL BALANCING CREAM \u2013 balansuojantis veido kremas su fitosomomis<\/strong>, sukurtas kasdienei mi\u0161rios ir riebios, linkusios \u012f u\u017edegimus odos prie\u017ei\u016brai. Tai daugiafunkcis dr\u0117kinamasis kremas, kuris padeda atkurti odos pusiausvyr\u0105, stiprina apsaugin\u012f barjer\u0105 ir gerina bendr\u0105 odos b\u016bkl\u0119.<\/p>\n<p data-start=\"524\" data-end=\"810\">\u0160velni, elastinga kremo tekst\u016bra greitai \u012fsigeria, intensyviai dr\u0117kina ir skatina odos regeneracij\u0105. Formul\u0117 praturtinta migdol\u0173, jojobos ir levand\u0173 aliej\u0173 kompleksu bei tikrojo margainio botaniniais ekstraktais, kurie padeda skatinti kolageno gamyb\u0105, gerina odos elastingum\u0105 ir lygum\u0105.<\/p>\n<p data-start=\"812\" data-end=\"1091\">Kreme esantys antioksidantai ir antimikrobin\u0117s med\u017eiagos saugo od\u0105 nuo neigiamo aplinkos poveikio, padeda ma\u017einti u\u017edegimus ir l\u0117tina prie\u0161laikinio sen\u0117jimo po\u017eymi\u0173 atsiradim\u0105. Reguliariai naudojant oda tampa lygesn\u0117, stangresn\u0117, \u012fgauna sveik\u0105 \u0161vyt\u0117jim\u0105 ir subalansuot\u0105 i\u0161vaizd\u0105.<\/p>\n<p data-start=\"1093\" data-end=\"1121\"><strong data-start=\"1093\" data-end=\"1121\">Pagrindiniai privalumai:<\/strong><\/p>\n<ul data-start=\"1122\" data-end=\"1358\">\n<li data-start=\"1122\" data-end=\"1160\">\n<p data-start=\"1124\" data-end=\"1160\">Intensyviai dr\u0117kina ir maitina od\u0105<\/p>\n<\/li>\n<li data-start=\"1161\" data-end=\"1212\">\n<p data-start=\"1163\" data-end=\"1212\">Padeda balansuoti riebios ir mi\u0161rios odos b\u016bkl\u0119<\/p>\n<\/li>\n<li data-start=\"1213\" data-end=\"1262\">\n<p data-start=\"1215\" data-end=\"1262\">Skatina odos regeneracij\u0105 ir kolageno sintez\u0119<\/p>\n<\/li>\n<li data-start=\"1263\" data-end=\"1307\">\n<p data-start=\"1265\" data-end=\"1307\">Saugo nuo u\u017edegim\u0173 ir aplinkos agresori\u0173<\/p>\n<\/li>\n<li data-start=\"1308\" data-end=\"1358\">\n<p data-start=\"1310\" data-end=\"1358\">Gerina odos elastingum\u0105, stangrum\u0105 ir spindes\u012f<\/p>\n<\/li>\n<\/ul>\n<p data-start=\"1360\" data-end=\"1432\"><strong data-start=\"1360\" data-end=\"1375\">Naudojimas:<\/strong><br data-start=\"1375\" data-end=\"1378\" \/>Tepkite ryte ir vakare ant \u0161varios, sausos veido odos.<\/p>\n<p data-start=\"1434\" data-end=\"1520\"><strong data-start=\"1434\" data-end=\"1453\">Rekomenduojama:<\/strong><br data-start=\"1453\" data-end=\"1456\" \/>Mi\u0161riai ir riebiai, probleminiai bei \u012f u\u017edegimus linkusiai odai.<\/p>\n<p data-start=\"1522\" data-end=\"1577\">Pagaminta i\u0161 organini\u0173 ir (arba) nat\u016brali\u0173 ingredient\u0173.<\/p>\n","protected":false},"excerpt":{"rendered":"<p data-start=\"1615\" data-end=\"1806\">Balansuojantis ir dr\u0117kinantis veido kremas su fitosomomis, skirtas mi\u0161riai ir riebiai odai. Padeda atkurti odos pusiausvyr\u0105, ma\u017eina u\u017edegimus, gerina elastingum\u0105 ir suteikia sveik\u0105 \u0161vyt\u0117jim\u0105.<\/p>\n","protected":false},"featured_media":68831,"template":"","meta":[],"product_brand":[1551],"product_cat":[1569],"product_tag":[1630],"class_list":{"0":"post-71582","1":"product","2":"type-product","3":"status-publish","4":"has-post-thumbnail","6":"product_brand-you-and-oil","7":"product_cat-burnos-higiena","8":"product_tag-you-oil","10":"first","11":"instock","12":"purchasable","13":"product-type-simple"},"yoast_head":"<!-- This site is optimized with the Yoast SEO plugin v27.4 - https:\/\/yoast.com\/product\/yoast-seo-wordpress\/ -->\n<title>YOU &amp; OIL BALANCING CREAM balansuojantis kremas su fitosomomis, 50 ml - MalinaShop.lt J\u016bs\u0173 sveikatai ir gro\u017eiui.<\/title>\n<meta name=\"description\" content=\"YOU &amp; OIL BALANCING CREAM \u2013 balansuojantis veido kremas su fitosomomis mi\u0161riai ir riebiai odai. Dr\u0117kina, maitina, padeda ma\u017einti u\u017edegimus.\" \/>\n<meta name=\"robots\" content=\"index, follow, max-snippet:-1, max-image-preview:large, max-video-preview:-1\" \/>\n<link rel=\"canonical\" href=\"https:\/\/www.malinashop.lt\/en\/shop\/you-oil-balancing-cream-balansuojantis-kremas-su-fitosomomis-50-ml\/\" \/>\n<meta property=\"og:locale\" content=\"en_GB\" \/>\n<meta property=\"og:type\" content=\"article\" \/>\n<meta property=\"og:title\" content=\"YOU &amp; OIL BALANCING CREAM balansuojantis kremas su fitosomomis, 50 ml - MalinaShop.lt J\u016bs\u0173 sveikatai ir gro\u017eiui.\" \/>\n<meta property=\"og:description\" content=\"YOU &amp; OIL BALANCING CREAM \u2013 balansuojantis veido kremas su fitosomomis mi\u0161riai ir riebiai odai. Dr\u0117kina, maitina, padeda ma\u017einti u\u017edegimus.\" \/>\n<meta property=\"og:url\" content=\"https:\/\/www.malinashop.lt\/en\/shop\/you-oil-balancing-cream-balansuojantis-kremas-su-fitosomomis-50-ml\/\" \/>\n<meta property=\"og:site_name\" content=\"MalinaShop.lt J\u016bs\u0173 sveikatai ir gro\u017eiui.\" \/>\n<meta property=\"article:modified_time\" content=\"2026-02-19T20:11:19+00:00\" \/>\n<meta property=\"og:image\" content=\"https:\/\/www.malinashop.lt\/wp-content\/uploads\/2025\/11\/4779059700211.png\" \/>\n\t<meta property=\"og:image:width\" content=\"1000\" \/>\n\t<meta property=\"og:image:height\" content=\"1000\" \/>\n\t<meta property=\"og:image:type\" content=\"image\/png\" \/>\n<meta name=\"twitter:card\" content=\"summary_large_image\" \/>\n<script type=\"application\/ld+json\" class=\"yoast-schema-graph\">{\"@context\":\"https:\\\/\\\/schema.org\",\"@graph\":[{\"@type\":\"WebPage\",\"@id\":\"https:\\\/\\\/www.malinashop.lt\\\/shop\\\/you-oil-balancing-cream-balansuojantis-kremas-su-fitosomomis-50-ml\\\/\",\"url\":\"https:\\\/\\\/www.malinashop.lt\\\/shop\\\/you-oil-balancing-cream-balansuojantis-kremas-su-fitosomomis-50-ml\\\/\",\"name\":\"YOU & OIL BALANCING CREAM balansuojantis kremas su fitosomomis, 50 ml - MalinaShop.lt J\u016bs\u0173 sveikatai ir gro\u017eiui.\",\"isPartOf\":{\"@id\":\"https:\\\/\\\/www.malinashop.lt\\\/#website\"},\"primaryImageOfPage\":{\"@id\":\"https:\\\/\\\/www.malinashop.lt\\\/shop\\\/you-oil-balancing-cream-balansuojantis-kremas-su-fitosomomis-50-ml\\\/#primaryimage\"},\"image\":{\"@id\":\"https:\\\/\\\/www.malinashop.lt\\\/shop\\\/you-oil-balancing-cream-balansuojantis-kremas-su-fitosomomis-50-ml\\\/#primaryimage\"},\"thumbnailUrl\":\"https:\\\/\\\/www.malinashop.lt\\\/wp-content\\\/uploads\\\/2025\\\/11\\\/4779059700211.png\",\"datePublished\":\"2025-11-25T15:33:41+00:00\",\"dateModified\":\"2026-02-19T20:11:19+00:00\",\"description\":\"YOU & OIL BALANCING CREAM \u2013 balansuojantis veido kremas su fitosomomis mi\u0161riai ir riebiai odai. Dr\u0117kina, maitina, padeda ma\u017einti u\u017edegimus.\",\"breadcrumb\":{\"@id\":\"https:\\\/\\\/www.malinashop.lt\\\/shop\\\/you-oil-balancing-cream-balansuojantis-kremas-su-fitosomomis-50-ml\\\/#breadcrumb\"},\"inLanguage\":\"en-GB\",\"potentialAction\":[{\"@type\":\"ReadAction\",\"target\":[\"https:\\\/\\\/www.malinashop.lt\\\/shop\\\/you-oil-balancing-cream-balansuojantis-kremas-su-fitosomomis-50-ml\\\/\"]}]},{\"@type\":\"ImageObject\",\"inLanguage\":\"en-GB\",\"@id\":\"https:\\\/\\\/www.malinashop.lt\\\/shop\\\/you-oil-balancing-cream-balansuojantis-kremas-su-fitosomomis-50-ml\\\/#primaryimage\",\"url\":\"https:\\\/\\\/www.malinashop.lt\\\/wp-content\\\/uploads\\\/2025\\\/11\\\/4779059700211.png\",\"contentUrl\":\"https:\\\/\\\/www.malinashop.lt\\\/wp-content\\\/uploads\\\/2025\\\/11\\\/4779059700211.png\",\"width\":1000,\"height\":1000},{\"@type\":\"BreadcrumbList\",\"@id\":\"https:\\\/\\\/www.malinashop.lt\\\/shop\\\/you-oil-balancing-cream-balansuojantis-kremas-su-fitosomomis-50-ml\\\/#breadcrumb\",\"itemListElement\":[{\"@type\":\"ListItem\",\"position\":1,\"name\":\"Pagrindinis\",\"item\":\"https:\\\/\\\/www.malinashop.lt\\\/\"},{\"@type\":\"ListItem\",\"position\":2,\"name\":\"Parduotuv\u0117\",\"item\":\"https:\\\/\\\/www.malinashop.lt\\\/en\\\/parduotuve\\\/\"},{\"@type\":\"ListItem\",\"position\":3,\"name\":\"YOU &#038; OIL BALANCING CREAM balansuojantis kremas su fitosomomis, 50 ml\"}]},{\"@type\":\"WebSite\",\"@id\":\"https:\\\/\\\/www.malinashop.lt\\\/#website\",\"url\":\"https:\\\/\\\/www.malinashop.lt\\\/\",\"name\":\"COM Group Ecommerce\",\"description\":\"MalinaShop.lt - Gro\u017eio ir sveikatos produktai i\u0161 patikim\u0173 preki\u0173 \u017eenkl\u0173. Atraskite auk\u0161tos kokyb\u0117s kosmetik\u0105 u\u017e puiki\u0105 kain\u0105.\",\"publisher\":{\"@id\":\"https:\\\/\\\/www.malinashop.lt\\\/#organization\"},\"potentialAction\":[{\"@type\":\"SearchAction\",\"target\":{\"@type\":\"EntryPoint\",\"urlTemplate\":\"https:\\\/\\\/www.malinashop.lt\\\/?s={search_term_string}\"},\"query-input\":{\"@type\":\"PropertyValueSpecification\",\"valueRequired\":true,\"valueName\":\"search_term_string\"}}],\"inLanguage\":\"en-GB\"},{\"@type\":\"Organization\",\"@id\":\"https:\\\/\\\/www.malinashop.lt\\\/#organization\",\"name\":\"COM Group Ecommerce\",\"url\":\"https:\\\/\\\/www.malinashop.lt\\\/\",\"logo\":{\"@type\":\"ImageObject\",\"inLanguage\":\"en-GB\",\"@id\":\"https:\\\/\\\/www.malinashop.lt\\\/#\\\/schema\\\/logo\\\/image\\\/\",\"url\":\"https:\\\/\\\/www.malinashop.lt\\\/wp-content\\\/uploads\\\/2024\\\/08\\\/462559670_3787732518133670_9795632669273463_n-e1731525914575.png\",\"contentUrl\":\"https:\\\/\\\/www.malinashop.lt\\\/wp-content\\\/uploads\\\/2024\\\/08\\\/462559670_3787732518133670_9795632669273463_n-e1731525914575.png\",\"width\":180,\"height\":60,\"caption\":\"COM Group Ecommerce\"},\"image\":{\"@id\":\"https:\\\/\\\/www.malinashop.lt\\\/#\\\/schema\\\/logo\\\/image\\\/\"}}]}<\/script>\n<!-- \/ Yoast SEO plugin. -->","yoast_head_json":{"title":"YOU & OIL BALANCING CREAM balansuojantis kremas su fitosomomis, 50 ml - MalinaShop.lt J\u016bs\u0173 sveikatai ir gro\u017eiui.","description":"YOU & OIL BALANCING CREAM \u2013 balansuojantis veido kremas su fitosomomis mi\u0161riai ir riebiai odai. Dr\u0117kina, maitina, padeda ma\u017einti u\u017edegimus.","robots":{"index":"index","follow":"follow","max-snippet":"max-snippet:-1","max-image-preview":"max-image-preview:large","max-video-preview":"max-video-preview:-1"},"canonical":"https:\/\/www.malinashop.lt\/en\/shop\/you-oil-balancing-cream-balansuojantis-kremas-su-fitosomomis-50-ml\/","og_locale":"en_GB","og_type":"article","og_title":"YOU & OIL BALANCING CREAM balansuojantis kremas su fitosomomis, 50 ml - MalinaShop.lt J\u016bs\u0173 sveikatai ir gro\u017eiui.","og_description":"YOU & OIL BALANCING CREAM \u2013 balansuojantis veido kremas su fitosomomis mi\u0161riai ir riebiai odai. Dr\u0117kina, maitina, padeda ma\u017einti u\u017edegimus.","og_url":"https:\/\/www.malinashop.lt\/en\/shop\/you-oil-balancing-cream-balansuojantis-kremas-su-fitosomomis-50-ml\/","og_site_name":"MalinaShop.lt J\u016bs\u0173 sveikatai ir gro\u017eiui.","article_modified_time":"2026-02-19T20:11:19+00:00","og_image":[{"width":1000,"height":1000,"url":"https:\/\/www.malinashop.lt\/wp-content\/uploads\/2025\/11\/4779059700211.png","type":"image\/png"}],"twitter_card":"summary_large_image","schema":{"@context":"https:\/\/schema.org","@graph":[{"@type":"WebPage","@id":"https:\/\/www.malinashop.lt\/shop\/you-oil-balancing-cream-balansuojantis-kremas-su-fitosomomis-50-ml\/","url":"https:\/\/www.malinashop.lt\/shop\/you-oil-balancing-cream-balansuojantis-kremas-su-fitosomomis-50-ml\/","name":"YOU & OIL BALANCING CREAM balansuojantis kremas su fitosomomis, 50 ml - MalinaShop.lt J\u016bs\u0173 sveikatai ir gro\u017eiui.","isPartOf":{"@id":"https:\/\/www.malinashop.lt\/#website"},"primaryImageOfPage":{"@id":"https:\/\/www.malinashop.lt\/shop\/you-oil-balancing-cream-balansuojantis-kremas-su-fitosomomis-50-ml\/#primaryimage"},"image":{"@id":"https:\/\/www.malinashop.lt\/shop\/you-oil-balancing-cream-balansuojantis-kremas-su-fitosomomis-50-ml\/#primaryimage"},"thumbnailUrl":"https:\/\/www.malinashop.lt\/wp-content\/uploads\/2025\/11\/4779059700211.png","datePublished":"2025-11-25T15:33:41+00:00","dateModified":"2026-02-19T20:11:19+00:00","description":"YOU & OIL BALANCING CREAM \u2013 balansuojantis veido kremas su fitosomomis mi\u0161riai ir riebiai odai. Dr\u0117kina, maitina, padeda ma\u017einti u\u017edegimus.","breadcrumb":{"@id":"https:\/\/www.malinashop.lt\/shop\/you-oil-balancing-cream-balansuojantis-kremas-su-fitosomomis-50-ml\/#breadcrumb"},"inLanguage":"en-GB","potentialAction":[{"@type":"ReadAction","target":["https:\/\/www.malinashop.lt\/shop\/you-oil-balancing-cream-balansuojantis-kremas-su-fitosomomis-50-ml\/"]}]},{"@type":"ImageObject","inLanguage":"en-GB","@id":"https:\/\/www.malinashop.lt\/shop\/you-oil-balancing-cream-balansuojantis-kremas-su-fitosomomis-50-ml\/#primaryimage","url":"https:\/\/www.malinashop.lt\/wp-content\/uploads\/2025\/11\/4779059700211.png","contentUrl":"https:\/\/www.malinashop.lt\/wp-content\/uploads\/2025\/11\/4779059700211.png","width":1000,"height":1000},{"@type":"BreadcrumbList","@id":"https:\/\/www.malinashop.lt\/shop\/you-oil-balancing-cream-balansuojantis-kremas-su-fitosomomis-50-ml\/#breadcrumb","itemListElement":[{"@type":"ListItem","position":1,"name":"Pagrindinis","item":"https:\/\/www.malinashop.lt\/"},{"@type":"ListItem","position":2,"name":"Parduotuv\u0117","item":"https:\/\/www.malinashop.lt\/en\/parduotuve\/"},{"@type":"ListItem","position":3,"name":"YOU &#038; OIL BALANCING CREAM balansuojantis kremas su fitosomomis, 50 ml"}]},{"@type":"WebSite","@id":"https:\/\/www.malinashop.lt\/#website","url":"https:\/\/www.malinashop.lt\/","name":"COM Group Ecommerce","description":"MalinaShop.lt - Gro\u017eio ir sveikatos produktai i\u0161 patikim\u0173 preki\u0173 \u017eenkl\u0173. Atraskite auk\u0161tos kokyb\u0117s kosmetik\u0105 u\u017e puiki\u0105 kain\u0105.","publisher":{"@id":"https:\/\/www.malinashop.lt\/#organization"},"potentialAction":[{"@type":"SearchAction","target":{"@type":"EntryPoint","urlTemplate":"https:\/\/www.malinashop.lt\/?s={search_term_string}"},"query-input":{"@type":"PropertyValueSpecification","valueRequired":true,"valueName":"search_term_string"}}],"inLanguage":"en-GB"},{"@type":"Organization","@id":"https:\/\/www.malinashop.lt\/#organization","name":"COM Group Ecommerce","url":"https:\/\/www.malinashop.lt\/","logo":{"@type":"ImageObject","inLanguage":"en-GB","@id":"https:\/\/www.malinashop.lt\/#\/schema\/logo\/image\/","url":"https:\/\/www.malinashop.lt\/wp-content\/uploads\/2024\/08\/462559670_3787732518133670_9795632669273463_n-e1731525914575.png","contentUrl":"https:\/\/www.malinashop.lt\/wp-content\/uploads\/2024\/08\/462559670_3787732518133670_9795632669273463_n-e1731525914575.png","width":180,"height":60,"caption":"COM Group Ecommerce"},"image":{"@id":"https:\/\/www.malinashop.lt\/#\/schema\/logo\/image\/"}}]}},"jetpack_sharing_enabled":true,"_links":{"self":[{"href":"https:\/\/www.malinashop.lt\/en\/wp-json\/wp\/v2\/product\/71582","targetHints":{"allow":["GET"]}}],"collection":[{"href":"https:\/\/www.malinashop.lt\/en\/wp-json\/wp\/v2\/product"}],"about":[{"href":"https:\/\/www.malinashop.lt\/en\/wp-json\/wp\/v2\/types\/product"}],"version-history":[{"count":2,"href":"https:\/\/www.malinashop.lt\/en\/wp-json\/wp\/v2\/product\/71582\/revisions"}],"predecessor-version":[{"id":73171,"href":"https:\/\/www.malinashop.lt\/en\/wp-json\/wp\/v2\/product\/71582\/revisions\/73171"}],"wp:featuredmedia":[{"embeddable":true,"href":"https:\/\/www.malinashop.lt\/en\/wp-json\/wp\/v2\/media\/68831"}],"wp:attachment":[{"href":"https:\/\/www.malinashop.lt\/en\/wp-json\/wp\/v2\/media?parent=71582"}],"wp:term":[{"taxonomy":"product_brand","embeddable":true,"href":"https:\/\/www.malinashop.lt\/en\/wp-json\/wp\/v2\/product_brand?post=71582"},{"taxonomy":"product_cat","embeddable":true,"href":"https:\/\/www.malinashop.lt\/en\/wp-json\/wp\/v2\/product_cat?post=71582"},{"taxonomy":"product_tag","embeddable":true,"href":"https:\/\/www.malinashop.lt\/en\/wp-json\/wp\/v2\/product_tag?post=71582"}],"curies":[{"name":"wp","href":"https:\/\/api.w.org\/{rel}","templated":true}]}}