{"id":70750,"date":"2026-01-28T18:31:05","date_gmt":"2026-01-28T15:31:05","guid":{"rendered":"https:\/\/malinashop.lt\/?post_type=product&#038;p=70750"},"modified":"2026-04-07T22:18:29","modified_gmt":"2026-04-07T19:18:29","slug":"anaplasis-multi-vitamin-kuno-sviestas-su-arbuzu-200ml","status":"publish","type":"product","link":"https:\/\/www.malinashop.lt\/en\/shop\/anaplasis-multi-vitamin-kuno-sviestas-su-arbuzu-200ml\/","title":{"rendered":"ANAPLASIS Multi-Vitamin k\u016bno sviestas su arb\u016bzu, 200ml"},"content":{"rendered":"<div class=\"ewa-rteLine\">\n<p data-start=\"78\" data-end=\"662\">ANAPLASIS k\u016bno sviestas su arb\u016bzo aromatu \u2013 intensyviai maitinanti ir od\u0105 atkurianti priemon\u0117, skirta sausai ar komforto stokojan\u010diai odai. <strong data-start=\"218\" data-end=\"238\">Kakavos sviestas<\/strong> ir <strong data-start=\"242\" data-end=\"266\">traukmed\u017eio sviestas<\/strong> padeda ilgiau i\u0161laikyti dr\u0117gm\u0119, mink\u0161tina ir suteikia elastingumo, o <strong data-start=\"336\" data-end=\"354\">pieno baltymai<\/strong> puosel\u0117ja od\u0105 ir prisideda prie jos \u0161velnumo. <strong data-start=\"401\" data-end=\"419\">Tamanu aliejus<\/strong> palaiko odos atsinaujinimo procesus, <strong data-start=\"457\" data-end=\"478\">agurko ekstraktas<\/strong> suteikia gaivumo ir ramina, o <strong data-start=\"509\" data-end=\"527\">\u017ealioji arbata<\/strong> padeda apsaugoti od\u0105 antioksidantais ir i\u0161laikyti sveik\u0105 i\u0161vaizd\u0105. Po naudojimo oda tampa glotnesn\u0117, pamaitinta ir maloniai kvepianti.<\/p>\n<p data-start=\"664\" data-end=\"691\"><strong data-start=\"664\" data-end=\"691\">K\u016bno sviesto privalumai<\/strong><\/p>\n<ul data-start=\"692\" data-end=\"917\">\n<li data-start=\"692\" data-end=\"761\">\n<p data-start=\"694\" data-end=\"761\">Intensyviai dr\u0117kina ir maitina, padeda i\u0161laikyti odos elastingum\u0105<\/p>\n<\/li>\n<li data-start=\"762\" data-end=\"817\">\n<p data-start=\"764\" data-end=\"817\">Padeda odai atsinaujinti ir atkurti komforto poj\u016bt\u012f<\/p>\n<\/li>\n<li data-start=\"818\" data-end=\"865\">\n<p data-start=\"820\" data-end=\"865\">Ramina ir gaivina, ypa\u010d kai oda i\u0161saus\u0117jusi<\/p>\n<\/li>\n<li data-start=\"866\" data-end=\"917\">\n<p data-start=\"868\" data-end=\"917\">Antioksidant\u0173 apsauga kasdienei odos prie\u017ei\u016brai<\/p>\n<\/li>\n<\/ul>\n<p data-start=\"919\" data-end=\"1015\"><strong data-start=\"919\" data-end=\"933\">Naudojimas<\/strong><br \/>\nSukamaisiais judesiais \u012fmasa\u017euokite nedidel\u012f kiek\u012f sviesto ant \u0161varios k\u016bno odos.<\/p>\n<\/div>\n","protected":false},"excerpt":{"rendered":"<p>Maitinantis k\u016bno sviestas su arb\u016bzo aromatu, kakavos ir traukmed\u017eio sviestais, pieno baltymais bei tamanu aliejumi. Mink\u0161tina, dr\u0117kina ir glotnina.<\/p>\n","protected":false},"featured_media":67467,"template":"","meta":[],"product_brand":[1580],"product_cat":[1312,731],"product_tag":[1587],"class_list":{"0":"post-70750","1":"product","2":"type-product","3":"status-publish","4":"has-post-thumbnail","6":"product_brand-anaplasis","7":"product_cat-kuno-sviestas","8":"product_cat-kunui","9":"product_tag-anaplasis","11":"first","12":"instock","13":"sale","14":"purchasable","15":"product-type-simple"},"yoast_head":"<!-- This site is optimized with the Yoast SEO plugin v27.4 - https:\/\/yoast.com\/product\/yoast-seo-wordpress\/ -->\n<title>ANAPLASIS Multi-Vitamin k\u016bno sviestas su arb\u016bzu, 200ml - MalinaShop.lt J\u016bs\u0173 sveikatai ir gro\u017eiui.<\/title>\n<meta name=\"description\" content=\"ANAPLASIS Multi-Vitamin k\u016bno sviestas su arb\u016bzu 200 ml intensyviai maitina ir dr\u0117kina, padeda odai atsinaujinti ir suteikia gaiv\u0173 komforto poj\u016bt\u012f.\" \/>\n<meta name=\"robots\" content=\"index, follow, max-snippet:-1, max-image-preview:large, max-video-preview:-1\" \/>\n<link rel=\"canonical\" href=\"https:\/\/www.malinashop.lt\/en\/shop\/anaplasis-multi-vitamin-kuno-sviestas-su-arbuzu-200ml\/\" \/>\n<meta property=\"og:locale\" content=\"en_GB\" \/>\n<meta property=\"og:type\" content=\"article\" \/>\n<meta property=\"og:title\" content=\"ANAPLASIS Multi-Vitamin k\u016bno sviestas su arb\u016bzu, 200ml - MalinaShop.lt J\u016bs\u0173 sveikatai ir gro\u017eiui.\" \/>\n<meta property=\"og:description\" content=\"ANAPLASIS Multi-Vitamin k\u016bno sviestas su arb\u016bzu 200 ml intensyviai maitina ir dr\u0117kina, padeda odai atsinaujinti ir suteikia gaiv\u0173 komforto poj\u016bt\u012f.\" \/>\n<meta property=\"og:url\" content=\"https:\/\/www.malinashop.lt\/en\/shop\/anaplasis-multi-vitamin-kuno-sviestas-su-arbuzu-200ml\/\" \/>\n<meta property=\"og:site_name\" content=\"MalinaShop.lt J\u016bs\u0173 sveikatai ir gro\u017eiui.\" \/>\n<meta property=\"article:modified_time\" content=\"2026-04-07T19:18:29+00:00\" \/>\n<meta property=\"og:image\" content=\"https:\/\/www.malinashop.lt\/wp-content\/uploads\/2025\/11\/5200137594198.jpg\" \/>\n\t<meta property=\"og:image:width\" content=\"1000\" \/>\n\t<meta property=\"og:image:height\" content=\"1000\" \/>\n\t<meta property=\"og:image:type\" content=\"image\/jpeg\" \/>\n<meta name=\"twitter:card\" content=\"summary_large_image\" \/>\n<script type=\"application\/ld+json\" class=\"yoast-schema-graph\">{\"@context\":\"https:\\\/\\\/schema.org\",\"@graph\":[{\"@type\":\"WebPage\",\"@id\":\"https:\\\/\\\/www.malinashop.lt\\\/en\\\/shop\\\/anaplasis-multi-vitamin-kuno-sviestas-su-arbuzu-200ml\\\/\",\"url\":\"https:\\\/\\\/www.malinashop.lt\\\/en\\\/shop\\\/anaplasis-multi-vitamin-kuno-sviestas-su-arbuzu-200ml\\\/\",\"name\":\"ANAPLASIS Multi-Vitamin k\u016bno sviestas su arb\u016bzu, 200ml - MalinaShop.lt J\u016bs\u0173 sveikatai ir gro\u017eiui.\",\"isPartOf\":{\"@id\":\"https:\\\/\\\/www.malinashop.lt\\\/en\\\/#website\"},\"primaryImageOfPage\":{\"@id\":\"https:\\\/\\\/www.malinashop.lt\\\/en\\\/shop\\\/anaplasis-multi-vitamin-kuno-sviestas-su-arbuzu-200ml\\\/#primaryimage\"},\"image\":{\"@id\":\"https:\\\/\\\/www.malinashop.lt\\\/en\\\/shop\\\/anaplasis-multi-vitamin-kuno-sviestas-su-arbuzu-200ml\\\/#primaryimage\"},\"thumbnailUrl\":\"https:\\\/\\\/www.malinashop.lt\\\/wp-content\\\/uploads\\\/2025\\\/11\\\/5200137594198.jpg\",\"datePublished\":\"2026-01-28T15:31:05+00:00\",\"dateModified\":\"2026-04-07T19:18:29+00:00\",\"description\":\"ANAPLASIS Multi-Vitamin k\u016bno sviestas su arb\u016bzu 200 ml intensyviai maitina ir dr\u0117kina, padeda odai atsinaujinti ir suteikia gaiv\u0173 komforto poj\u016bt\u012f.\",\"breadcrumb\":{\"@id\":\"https:\\\/\\\/www.malinashop.lt\\\/en\\\/shop\\\/anaplasis-multi-vitamin-kuno-sviestas-su-arbuzu-200ml\\\/#breadcrumb\"},\"inLanguage\":\"en-GB\",\"potentialAction\":[{\"@type\":\"ReadAction\",\"target\":[\"https:\\\/\\\/www.malinashop.lt\\\/en\\\/shop\\\/anaplasis-multi-vitamin-kuno-sviestas-su-arbuzu-200ml\\\/\"]}]},{\"@type\":\"ImageObject\",\"inLanguage\":\"en-GB\",\"@id\":\"https:\\\/\\\/www.malinashop.lt\\\/en\\\/shop\\\/anaplasis-multi-vitamin-kuno-sviestas-su-arbuzu-200ml\\\/#primaryimage\",\"url\":\"https:\\\/\\\/www.malinashop.lt\\\/wp-content\\\/uploads\\\/2025\\\/11\\\/5200137594198.jpg\",\"contentUrl\":\"https:\\\/\\\/www.malinashop.lt\\\/wp-content\\\/uploads\\\/2025\\\/11\\\/5200137594198.jpg\",\"width\":1000,\"height\":1000},{\"@type\":\"BreadcrumbList\",\"@id\":\"https:\\\/\\\/www.malinashop.lt\\\/en\\\/shop\\\/anaplasis-multi-vitamin-kuno-sviestas-su-arbuzu-200ml\\\/#breadcrumb\",\"itemListElement\":[{\"@type\":\"ListItem\",\"position\":1,\"name\":\"Home\",\"item\":\"https:\\\/\\\/www.malinashop.lt\\\/en\\\/\"},{\"@type\":\"ListItem\",\"position\":2,\"name\":\"Parduotuv\u0117\",\"item\":\"https:\\\/\\\/www.malinashop.lt\\\/en\\\/parduotuve\\\/\"},{\"@type\":\"ListItem\",\"position\":3,\"name\":\"ANAPLASIS Multi-Vitamin k\u016bno sviestas su arb\u016bzu, 200ml\"}]},{\"@type\":\"WebSite\",\"@id\":\"https:\\\/\\\/www.malinashop.lt\\\/en\\\/#website\",\"url\":\"https:\\\/\\\/www.malinashop.lt\\\/en\\\/\",\"name\":\"COM Group Ecommerce\",\"description\":\"MalinaShop.lt - Gro\u017eio ir sveikatos produktai i\u0161 patikim\u0173 preki\u0173 \u017eenkl\u0173. Atraskite auk\u0161tos kokyb\u0117s kosmetik\u0105 u\u017e puiki\u0105 kain\u0105.\",\"publisher\":{\"@id\":\"https:\\\/\\\/www.malinashop.lt\\\/en\\\/#organization\"},\"potentialAction\":[{\"@type\":\"SearchAction\",\"target\":{\"@type\":\"EntryPoint\",\"urlTemplate\":\"https:\\\/\\\/www.malinashop.lt\\\/en\\\/?s={search_term_string}\"},\"query-input\":{\"@type\":\"PropertyValueSpecification\",\"valueRequired\":true,\"valueName\":\"search_term_string\"}}],\"inLanguage\":\"en-GB\"},{\"@type\":\"Organization\",\"@id\":\"https:\\\/\\\/www.malinashop.lt\\\/en\\\/#organization\",\"name\":\"COM Group Ecommerce\",\"url\":\"https:\\\/\\\/www.malinashop.lt\\\/en\\\/\",\"logo\":{\"@type\":\"ImageObject\",\"inLanguage\":\"en-GB\",\"@id\":\"https:\\\/\\\/www.malinashop.lt\\\/en\\\/#\\\/schema\\\/logo\\\/image\\\/\",\"url\":\"https:\\\/\\\/www.malinashop.lt\\\/wp-content\\\/uploads\\\/2024\\\/08\\\/462559670_3787732518133670_9795632669273463_n-e1731525914575.png\",\"contentUrl\":\"https:\\\/\\\/www.malinashop.lt\\\/wp-content\\\/uploads\\\/2024\\\/08\\\/462559670_3787732518133670_9795632669273463_n-e1731525914575.png\",\"width\":180,\"height\":60,\"caption\":\"COM Group Ecommerce\"},\"image\":{\"@id\":\"https:\\\/\\\/www.malinashop.lt\\\/en\\\/#\\\/schema\\\/logo\\\/image\\\/\"}}]}<\/script>\n<!-- \/ Yoast SEO plugin. -->","yoast_head_json":{"title":"ANAPLASIS Multi-Vitamin k\u016bno sviestas su arb\u016bzu, 200ml - MalinaShop.lt J\u016bs\u0173 sveikatai ir gro\u017eiui.","description":"ANAPLASIS Multi-Vitamin k\u016bno sviestas su arb\u016bzu 200 ml intensyviai maitina ir dr\u0117kina, padeda odai atsinaujinti ir suteikia gaiv\u0173 komforto poj\u016bt\u012f.","robots":{"index":"index","follow":"follow","max-snippet":"max-snippet:-1","max-image-preview":"max-image-preview:large","max-video-preview":"max-video-preview:-1"},"canonical":"https:\/\/www.malinashop.lt\/en\/shop\/anaplasis-multi-vitamin-kuno-sviestas-su-arbuzu-200ml\/","og_locale":"en_GB","og_type":"article","og_title":"ANAPLASIS Multi-Vitamin k\u016bno sviestas su arb\u016bzu, 200ml - MalinaShop.lt J\u016bs\u0173 sveikatai ir gro\u017eiui.","og_description":"ANAPLASIS Multi-Vitamin k\u016bno sviestas su arb\u016bzu 200 ml intensyviai maitina ir dr\u0117kina, padeda odai atsinaujinti ir suteikia gaiv\u0173 komforto poj\u016bt\u012f.","og_url":"https:\/\/www.malinashop.lt\/en\/shop\/anaplasis-multi-vitamin-kuno-sviestas-su-arbuzu-200ml\/","og_site_name":"MalinaShop.lt J\u016bs\u0173 sveikatai ir gro\u017eiui.","article_modified_time":"2026-04-07T19:18:29+00:00","og_image":[{"width":1000,"height":1000,"url":"https:\/\/www.malinashop.lt\/wp-content\/uploads\/2025\/11\/5200137594198.jpg","type":"image\/jpeg"}],"twitter_card":"summary_large_image","schema":{"@context":"https:\/\/schema.org","@graph":[{"@type":"WebPage","@id":"https:\/\/www.malinashop.lt\/en\/shop\/anaplasis-multi-vitamin-kuno-sviestas-su-arbuzu-200ml\/","url":"https:\/\/www.malinashop.lt\/en\/shop\/anaplasis-multi-vitamin-kuno-sviestas-su-arbuzu-200ml\/","name":"ANAPLASIS Multi-Vitamin k\u016bno sviestas su arb\u016bzu, 200ml - MalinaShop.lt J\u016bs\u0173 sveikatai ir gro\u017eiui.","isPartOf":{"@id":"https:\/\/www.malinashop.lt\/en\/#website"},"primaryImageOfPage":{"@id":"https:\/\/www.malinashop.lt\/en\/shop\/anaplasis-multi-vitamin-kuno-sviestas-su-arbuzu-200ml\/#primaryimage"},"image":{"@id":"https:\/\/www.malinashop.lt\/en\/shop\/anaplasis-multi-vitamin-kuno-sviestas-su-arbuzu-200ml\/#primaryimage"},"thumbnailUrl":"https:\/\/www.malinashop.lt\/wp-content\/uploads\/2025\/11\/5200137594198.jpg","datePublished":"2026-01-28T15:31:05+00:00","dateModified":"2026-04-07T19:18:29+00:00","description":"ANAPLASIS Multi-Vitamin k\u016bno sviestas su arb\u016bzu 200 ml intensyviai maitina ir dr\u0117kina, padeda odai atsinaujinti ir suteikia gaiv\u0173 komforto poj\u016bt\u012f.","breadcrumb":{"@id":"https:\/\/www.malinashop.lt\/en\/shop\/anaplasis-multi-vitamin-kuno-sviestas-su-arbuzu-200ml\/#breadcrumb"},"inLanguage":"en-GB","potentialAction":[{"@type":"ReadAction","target":["https:\/\/www.malinashop.lt\/en\/shop\/anaplasis-multi-vitamin-kuno-sviestas-su-arbuzu-200ml\/"]}]},{"@type":"ImageObject","inLanguage":"en-GB","@id":"https:\/\/www.malinashop.lt\/en\/shop\/anaplasis-multi-vitamin-kuno-sviestas-su-arbuzu-200ml\/#primaryimage","url":"https:\/\/www.malinashop.lt\/wp-content\/uploads\/2025\/11\/5200137594198.jpg","contentUrl":"https:\/\/www.malinashop.lt\/wp-content\/uploads\/2025\/11\/5200137594198.jpg","width":1000,"height":1000},{"@type":"BreadcrumbList","@id":"https:\/\/www.malinashop.lt\/en\/shop\/anaplasis-multi-vitamin-kuno-sviestas-su-arbuzu-200ml\/#breadcrumb","itemListElement":[{"@type":"ListItem","position":1,"name":"Home","item":"https:\/\/www.malinashop.lt\/en\/"},{"@type":"ListItem","position":2,"name":"Parduotuv\u0117","item":"https:\/\/www.malinashop.lt\/en\/parduotuve\/"},{"@type":"ListItem","position":3,"name":"ANAPLASIS Multi-Vitamin k\u016bno sviestas su arb\u016bzu, 200ml"}]},{"@type":"WebSite","@id":"https:\/\/www.malinashop.lt\/en\/#website","url":"https:\/\/www.malinashop.lt\/en\/","name":"COM Group Ecommerce","description":"MalinaShop.lt - Gro\u017eio ir sveikatos produktai i\u0161 patikim\u0173 preki\u0173 \u017eenkl\u0173. Atraskite auk\u0161tos kokyb\u0117s kosmetik\u0105 u\u017e puiki\u0105 kain\u0105.","publisher":{"@id":"https:\/\/www.malinashop.lt\/en\/#organization"},"potentialAction":[{"@type":"SearchAction","target":{"@type":"EntryPoint","urlTemplate":"https:\/\/www.malinashop.lt\/en\/?s={search_term_string}"},"query-input":{"@type":"PropertyValueSpecification","valueRequired":true,"valueName":"search_term_string"}}],"inLanguage":"en-GB"},{"@type":"Organization","@id":"https:\/\/www.malinashop.lt\/en\/#organization","name":"COM Group Ecommerce","url":"https:\/\/www.malinashop.lt\/en\/","logo":{"@type":"ImageObject","inLanguage":"en-GB","@id":"https:\/\/www.malinashop.lt\/en\/#\/schema\/logo\/image\/","url":"https:\/\/www.malinashop.lt\/wp-content\/uploads\/2024\/08\/462559670_3787732518133670_9795632669273463_n-e1731525914575.png","contentUrl":"https:\/\/www.malinashop.lt\/wp-content\/uploads\/2024\/08\/462559670_3787732518133670_9795632669273463_n-e1731525914575.png","width":180,"height":60,"caption":"COM Group Ecommerce"},"image":{"@id":"https:\/\/www.malinashop.lt\/en\/#\/schema\/logo\/image\/"}}]}},"jetpack_sharing_enabled":true,"_links":{"self":[{"href":"https:\/\/www.malinashop.lt\/en\/wp-json\/wp\/v2\/product\/70750","targetHints":{"allow":["GET"]}}],"collection":[{"href":"https:\/\/www.malinashop.lt\/en\/wp-json\/wp\/v2\/product"}],"about":[{"href":"https:\/\/www.malinashop.lt\/en\/wp-json\/wp\/v2\/types\/product"}],"version-history":[{"count":2,"href":"https:\/\/www.malinashop.lt\/en\/wp-json\/wp\/v2\/product\/70750\/revisions"}],"predecessor-version":[{"id":73540,"href":"https:\/\/www.malinashop.lt\/en\/wp-json\/wp\/v2\/product\/70750\/revisions\/73540"}],"wp:featuredmedia":[{"embeddable":true,"href":"https:\/\/www.malinashop.lt\/en\/wp-json\/wp\/v2\/media\/67467"}],"wp:attachment":[{"href":"https:\/\/www.malinashop.lt\/en\/wp-json\/wp\/v2\/media?parent=70750"}],"wp:term":[{"taxonomy":"product_brand","embeddable":true,"href":"https:\/\/www.malinashop.lt\/en\/wp-json\/wp\/v2\/product_brand?post=70750"},{"taxonomy":"product_cat","embeddable":true,"href":"https:\/\/www.malinashop.lt\/en\/wp-json\/wp\/v2\/product_cat?post=70750"},{"taxonomy":"product_tag","embeddable":true,"href":"https:\/\/www.malinashop.lt\/en\/wp-json\/wp\/v2\/product_tag?post=70750"}],"curies":[{"name":"wp","href":"https:\/\/api.w.org\/{rel}","templated":true}]}}