{"id":70738,"date":"2026-01-29T18:31:05","date_gmt":"2026-01-29T15:31:05","guid":{"rendered":"https:\/\/malinashop.lt\/?post_type=product&#038;p=70738"},"modified":"2026-04-07T22:18:27","modified_gmt":"2026-04-07T19:18:27","slug":"anaplasis-sweet-vanilla-body-scrub-vaniles-kvapo-kuno-sveitiklis-380ml","status":"publish","type":"product","link":"https:\/\/www.malinashop.lt\/en\/shop\/anaplasis-sweet-vanilla-body-scrub-vaniles-kvapo-kuno-sveitiklis-380ml\/","title":{"rendered":"ANAPLASIS Sweet Vanilla BODY SCRUB vanil\u0117s kvapo k\u016bno \u0161veitiklis, 380ml"},"content":{"rendered":"<div class=\"ewa-rteLine\">\n<p data-start=\"191\" data-end=\"461\"><strong data-start=\"191\" data-end=\"218\">ANAPLASIS Sweet Vanilla<\/strong> \u2013 vanil\u0117s kvapo k\u016bno \u0161veitiklis su <strong data-start=\"254\" data-end=\"285\">provitaminu B5 (pantenoliu)<\/strong>, skirtas \u0161velniai, bet efektyviai odos eksfoliacijai ir komfortui po \u0161veitimo. Formul\u0117 padeda pa\u0161alinti negyvas odos l\u0105steles, o oda tampa <strong data-start=\"425\" data-end=\"460\">lygesn\u0117, mink\u0161tesn\u0117 ir \u0161vytinti<\/strong>.<\/p>\n<p data-start=\"463\" data-end=\"806\">\u0160veitiklyje derinamas <strong data-start=\"485\" data-end=\"522\">j\u016bros druskos ir cukraus kristal\u0173<\/strong> abrazyvinis poveikis \u2013 jis \u0161velniai nu\u0161vei\u010dia od\u0105, padeda i\u0161lyginti jos tekst\u016br\u0105 ir paruo\u0161ia j\u0105 tolimesnei prie\u017ei\u016brai. <strong data-start=\"642\" data-end=\"661\">Provitaminas B5<\/strong> \u017einomas d\u0117l od\u0105 raminan\u010di\u0173 ir dr\u0117gm\u0119 padedan\u010di\u0173 i\u0161laikyti savybi\u0173 \u2013 jis prisideda prie odos barjero stiprinimo, elastingumo ir \u0161velnumo poj\u016b\u010dio.<\/p>\n<p data-start=\"808\" data-end=\"971\"><strong data-start=\"808\" data-end=\"823\">Rezultatas:<\/strong> reguliariai naudojant oda tampa pastebimai glotnesn\u0117, \u0161velnesn\u0117 ir pri\u017ei\u016br\u0117ta, o malonus <strong data-start=\"913\" data-end=\"933\">sald\u017eios vanil\u0117s<\/strong> aromatas suteikia SPA poj\u016bt\u012f namuose.<\/p>\n<hr data-start=\"973\" data-end=\"976\" \/>\n<h3 data-start=\"978\" data-end=\"992\">Naudojimas<\/h3>\n<ul data-start=\"993\" data-end=\"1265\">\n<li data-start=\"993\" data-end=\"1027\">\n<p data-start=\"995\" data-end=\"1027\">Prie\u0161 naudojim\u0105 <strong data-start=\"1011\" data-end=\"1024\">suplakite<\/strong>.<\/p>\n<\/li>\n<li data-start=\"1028\" data-end=\"1113\">\n<p data-start=\"1030\" data-end=\"1113\">Paskirstykite \u0161veitikl\u012f ant k\u016bno odos ir \u012fmasa\u017euokite <strong data-start=\"1084\" data-end=\"1110\">sukamaisiais judesiais<\/strong>.<\/p>\n<\/li>\n<li data-start=\"1114\" data-end=\"1150\">\n<p data-start=\"1116\" data-end=\"1150\">Nuplaukite <strong data-start=\"1127\" data-end=\"1147\">drungnu vandeniu<\/strong>.<\/p>\n<\/li>\n<li data-start=\"1151\" data-end=\"1192\">\n<p data-start=\"1153\" data-end=\"1192\">Naudokite <strong data-start=\"1163\" data-end=\"1189\">2\u20133 kartus per savait\u0119<\/strong>.<\/p>\n<\/li>\n<li data-start=\"1193\" data-end=\"1265\">\n<p data-start=\"1195\" data-end=\"1265\">Esant poreikiui po \u0161veitimo naudokite <strong data-start=\"1233\" data-end=\"1264\">dr\u0117kinan\u010dias k\u016bno priemones<\/strong>.<\/p>\n<\/li>\n<\/ul>\n<hr data-start=\"1267\" data-end=\"1270\" \/>\n<h3 data-start=\"1272\" data-end=\"1285\">\u012esp\u0117jimai<\/h3>\n<p data-start=\"1286\" data-end=\"1457\">Tik i\u0161oriniam naudojimui. Laikyti vaikams nepasiekiamoje vietoje. Nenaudoti ant sudirgusios odos. Laikyti atokiai nuo tiesiogini\u0173 saul\u0117s spinduli\u0173. Vengti patekimo \u012f akis.<\/p>\n<hr data-start=\"1459\" data-end=\"1462\" \/>\n<h3 data-start=\"1464\" data-end=\"1482\">Sud\u0117tis (INCI)<\/h3>\n<p data-start=\"1483\" data-end=\"2048\">SUCROSE, SODIUM CHLORIDE, GLYCERIN, COCAMIDOPROPYL BETAINE, CETEARYL ALCOHOL, CAPRYLIC\/CAPRIC TRIGLYCERIDE, BUTYROSPERMUM PARKII (SHEA) BUTTER, CETEARYL CLUCOSIDE, PERSEA GRATISSIMA (AVOCADO) OIL, HELIANTHUS ANNUS (SUNFLOWER) SEED OIL, ASCORBYL PALMITATE, ALOE BARBADENSIS LEAF, PANTHENOL AND WATER, SIMMONDSIA CHINENSIS (JOJOBA) SEED OIL, SORBITAN OILVATE, CETEARYL ALCOHOL, THEOBROMA CACAO SEED BUTTER, HYDROGENATED VEGETABLE OIL, FRAGRANCE, WHITE COMPOUND CHOCOLATE (sucrose, hydrogenated palm oil, nonfat dry milk, lactose, lecithin, shellac, flavor), COUMARIN.<\/p>\n<\/div>\n","protected":false},"excerpt":{"rendered":"<p>Vanil\u0117s kvapo k\u016bno \u0161veitiklis su provitaminu B5 (pantenoliu), j\u016bros druska ir cukraus kristalais \u2013 \u0161velniai nu\u0161vei\u010dia, mink\u0161tina ir padeda odai i\u0161likti glotniai bei \u0161vytin\u010diai.<\/p>\n","protected":false},"featured_media":67449,"template":"","meta":[],"product_brand":[1580],"product_cat":[557,731],"product_tag":[1587],"class_list":{"0":"post-70738","1":"product","2":"type-product","3":"status-publish","4":"has-post-thumbnail","6":"product_brand-anaplasis","7":"product_cat-kuno-sveitikliai","8":"product_cat-kunui","9":"product_tag-anaplasis","11":"first","12":"instock","13":"sale","14":"purchasable","15":"product-type-simple"},"yoast_head":"<!-- This site is optimized with the Yoast SEO plugin v27.4 - https:\/\/yoast.com\/product\/yoast-seo-wordpress\/ -->\n<title>ANAPLASIS Sweet Vanilla BODY SCRUB vanil\u0117s kvapo k\u016bno \u0161veitiklis, 380ml - MalinaShop.lt J\u016bs\u0173 sveikatai ir gro\u017eiui.<\/title>\n<meta name=\"description\" content=\"ANAPLASIS Sweet Vanilla vanil\u0117s kvapo k\u016bno \u0161veitiklis su provitaminu B5, j\u016bros druska ir cukraus kristalais \u0161velniai \u0161vei\u010dia ir mink\u0161tina od\u0105\" \/>\n<meta name=\"robots\" content=\"index, follow, max-snippet:-1, max-image-preview:large, max-video-preview:-1\" \/>\n<link rel=\"canonical\" href=\"https:\/\/www.malinashop.lt\/en\/shop\/anaplasis-sweet-vanilla-body-scrub-vaniles-kvapo-kuno-sveitiklis-380ml\/\" \/>\n<meta property=\"og:locale\" content=\"en_GB\" \/>\n<meta property=\"og:type\" content=\"article\" \/>\n<meta property=\"og:title\" content=\"ANAPLASIS Sweet Vanilla BODY SCRUB vanil\u0117s kvapo k\u016bno \u0161veitiklis, 380ml - MalinaShop.lt J\u016bs\u0173 sveikatai ir gro\u017eiui.\" \/>\n<meta property=\"og:description\" content=\"ANAPLASIS Sweet Vanilla vanil\u0117s kvapo k\u016bno \u0161veitiklis su provitaminu B5, j\u016bros druska ir cukraus kristalais \u0161velniai \u0161vei\u010dia ir mink\u0161tina od\u0105\" \/>\n<meta property=\"og:url\" content=\"https:\/\/www.malinashop.lt\/en\/shop\/anaplasis-sweet-vanilla-body-scrub-vaniles-kvapo-kuno-sveitiklis-380ml\/\" \/>\n<meta property=\"og:site_name\" content=\"MalinaShop.lt J\u016bs\u0173 sveikatai ir gro\u017eiui.\" \/>\n<meta property=\"article:modified_time\" content=\"2026-04-07T19:18:27+00:00\" \/>\n<meta property=\"og:image\" content=\"https:\/\/www.malinashop.lt\/wp-content\/uploads\/2025\/11\/5200137593740.jpg\" \/>\n\t<meta property=\"og:image:width\" content=\"1000\" \/>\n\t<meta property=\"og:image:height\" content=\"1000\" \/>\n\t<meta property=\"og:image:type\" content=\"image\/jpeg\" \/>\n<meta name=\"twitter:card\" content=\"summary_large_image\" \/>\n<script type=\"application\/ld+json\" class=\"yoast-schema-graph\">{\"@context\":\"https:\\\/\\\/schema.org\",\"@graph\":[{\"@type\":\"WebPage\",\"@id\":\"https:\\\/\\\/www.malinashop.lt\\\/en\\\/shop\\\/anaplasis-sweet-vanilla-body-scrub-vaniles-kvapo-kuno-sveitiklis-380ml\\\/\",\"url\":\"https:\\\/\\\/www.malinashop.lt\\\/en\\\/shop\\\/anaplasis-sweet-vanilla-body-scrub-vaniles-kvapo-kuno-sveitiklis-380ml\\\/\",\"name\":\"ANAPLASIS Sweet Vanilla BODY SCRUB vanil\u0117s kvapo k\u016bno \u0161veitiklis, 380ml - MalinaShop.lt J\u016bs\u0173 sveikatai ir gro\u017eiui.\",\"isPartOf\":{\"@id\":\"https:\\\/\\\/www.malinashop.lt\\\/en\\\/#website\"},\"primaryImageOfPage\":{\"@id\":\"https:\\\/\\\/www.malinashop.lt\\\/en\\\/shop\\\/anaplasis-sweet-vanilla-body-scrub-vaniles-kvapo-kuno-sveitiklis-380ml\\\/#primaryimage\"},\"image\":{\"@id\":\"https:\\\/\\\/www.malinashop.lt\\\/en\\\/shop\\\/anaplasis-sweet-vanilla-body-scrub-vaniles-kvapo-kuno-sveitiklis-380ml\\\/#primaryimage\"},\"thumbnailUrl\":\"https:\\\/\\\/www.malinashop.lt\\\/wp-content\\\/uploads\\\/2025\\\/11\\\/5200137593740.jpg\",\"datePublished\":\"2026-01-29T15:31:05+00:00\",\"dateModified\":\"2026-04-07T19:18:27+00:00\",\"description\":\"ANAPLASIS Sweet Vanilla vanil\u0117s kvapo k\u016bno \u0161veitiklis su provitaminu B5, j\u016bros druska ir cukraus kristalais \u0161velniai \u0161vei\u010dia ir mink\u0161tina od\u0105\",\"breadcrumb\":{\"@id\":\"https:\\\/\\\/www.malinashop.lt\\\/en\\\/shop\\\/anaplasis-sweet-vanilla-body-scrub-vaniles-kvapo-kuno-sveitiklis-380ml\\\/#breadcrumb\"},\"inLanguage\":\"en-GB\",\"potentialAction\":[{\"@type\":\"ReadAction\",\"target\":[\"https:\\\/\\\/www.malinashop.lt\\\/en\\\/shop\\\/anaplasis-sweet-vanilla-body-scrub-vaniles-kvapo-kuno-sveitiklis-380ml\\\/\"]}]},{\"@type\":\"ImageObject\",\"inLanguage\":\"en-GB\",\"@id\":\"https:\\\/\\\/www.malinashop.lt\\\/en\\\/shop\\\/anaplasis-sweet-vanilla-body-scrub-vaniles-kvapo-kuno-sveitiklis-380ml\\\/#primaryimage\",\"url\":\"https:\\\/\\\/www.malinashop.lt\\\/wp-content\\\/uploads\\\/2025\\\/11\\\/5200137593740.jpg\",\"contentUrl\":\"https:\\\/\\\/www.malinashop.lt\\\/wp-content\\\/uploads\\\/2025\\\/11\\\/5200137593740.jpg\",\"width\":1000,\"height\":1000},{\"@type\":\"BreadcrumbList\",\"@id\":\"https:\\\/\\\/www.malinashop.lt\\\/en\\\/shop\\\/anaplasis-sweet-vanilla-body-scrub-vaniles-kvapo-kuno-sveitiklis-380ml\\\/#breadcrumb\",\"itemListElement\":[{\"@type\":\"ListItem\",\"position\":1,\"name\":\"Home\",\"item\":\"https:\\\/\\\/www.malinashop.lt\\\/en\\\/\"},{\"@type\":\"ListItem\",\"position\":2,\"name\":\"Parduotuv\u0117\",\"item\":\"https:\\\/\\\/www.malinashop.lt\\\/en\\\/parduotuve\\\/\"},{\"@type\":\"ListItem\",\"position\":3,\"name\":\"ANAPLASIS Sweet Vanilla BODY SCRUB vanil\u0117s kvapo k\u016bno \u0161veitiklis, 380ml\"}]},{\"@type\":\"WebSite\",\"@id\":\"https:\\\/\\\/www.malinashop.lt\\\/en\\\/#website\",\"url\":\"https:\\\/\\\/www.malinashop.lt\\\/en\\\/\",\"name\":\"COM Group Ecommerce\",\"description\":\"MalinaShop.lt - Gro\u017eio ir sveikatos produktai i\u0161 patikim\u0173 preki\u0173 \u017eenkl\u0173. Atraskite auk\u0161tos kokyb\u0117s kosmetik\u0105 u\u017e puiki\u0105 kain\u0105.\",\"publisher\":{\"@id\":\"https:\\\/\\\/www.malinashop.lt\\\/en\\\/#organization\"},\"potentialAction\":[{\"@type\":\"SearchAction\",\"target\":{\"@type\":\"EntryPoint\",\"urlTemplate\":\"https:\\\/\\\/www.malinashop.lt\\\/en\\\/?s={search_term_string}\"},\"query-input\":{\"@type\":\"PropertyValueSpecification\",\"valueRequired\":true,\"valueName\":\"search_term_string\"}}],\"inLanguage\":\"en-GB\"},{\"@type\":\"Organization\",\"@id\":\"https:\\\/\\\/www.malinashop.lt\\\/en\\\/#organization\",\"name\":\"COM Group Ecommerce\",\"url\":\"https:\\\/\\\/www.malinashop.lt\\\/en\\\/\",\"logo\":{\"@type\":\"ImageObject\",\"inLanguage\":\"en-GB\",\"@id\":\"https:\\\/\\\/www.malinashop.lt\\\/en\\\/#\\\/schema\\\/logo\\\/image\\\/\",\"url\":\"https:\\\/\\\/www.malinashop.lt\\\/wp-content\\\/uploads\\\/2024\\\/08\\\/462559670_3787732518133670_9795632669273463_n-e1731525914575.png\",\"contentUrl\":\"https:\\\/\\\/www.malinashop.lt\\\/wp-content\\\/uploads\\\/2024\\\/08\\\/462559670_3787732518133670_9795632669273463_n-e1731525914575.png\",\"width\":180,\"height\":60,\"caption\":\"COM Group Ecommerce\"},\"image\":{\"@id\":\"https:\\\/\\\/www.malinashop.lt\\\/en\\\/#\\\/schema\\\/logo\\\/image\\\/\"}}]}<\/script>\n<!-- \/ Yoast SEO plugin. -->","yoast_head_json":{"title":"ANAPLASIS Sweet Vanilla BODY SCRUB vanil\u0117s kvapo k\u016bno \u0161veitiklis, 380ml - MalinaShop.lt J\u016bs\u0173 sveikatai ir gro\u017eiui.","description":"ANAPLASIS Sweet Vanilla vanil\u0117s kvapo k\u016bno \u0161veitiklis su provitaminu B5, j\u016bros druska ir cukraus kristalais \u0161velniai \u0161vei\u010dia ir mink\u0161tina od\u0105","robots":{"index":"index","follow":"follow","max-snippet":"max-snippet:-1","max-image-preview":"max-image-preview:large","max-video-preview":"max-video-preview:-1"},"canonical":"https:\/\/www.malinashop.lt\/en\/shop\/anaplasis-sweet-vanilla-body-scrub-vaniles-kvapo-kuno-sveitiklis-380ml\/","og_locale":"en_GB","og_type":"article","og_title":"ANAPLASIS Sweet Vanilla BODY SCRUB vanil\u0117s kvapo k\u016bno \u0161veitiklis, 380ml - MalinaShop.lt J\u016bs\u0173 sveikatai ir gro\u017eiui.","og_description":"ANAPLASIS Sweet Vanilla vanil\u0117s kvapo k\u016bno \u0161veitiklis su provitaminu B5, j\u016bros druska ir cukraus kristalais \u0161velniai \u0161vei\u010dia ir mink\u0161tina od\u0105","og_url":"https:\/\/www.malinashop.lt\/en\/shop\/anaplasis-sweet-vanilla-body-scrub-vaniles-kvapo-kuno-sveitiklis-380ml\/","og_site_name":"MalinaShop.lt J\u016bs\u0173 sveikatai ir gro\u017eiui.","article_modified_time":"2026-04-07T19:18:27+00:00","og_image":[{"width":1000,"height":1000,"url":"https:\/\/www.malinashop.lt\/wp-content\/uploads\/2025\/11\/5200137593740.jpg","type":"image\/jpeg"}],"twitter_card":"summary_large_image","schema":{"@context":"https:\/\/schema.org","@graph":[{"@type":"WebPage","@id":"https:\/\/www.malinashop.lt\/en\/shop\/anaplasis-sweet-vanilla-body-scrub-vaniles-kvapo-kuno-sveitiklis-380ml\/","url":"https:\/\/www.malinashop.lt\/en\/shop\/anaplasis-sweet-vanilla-body-scrub-vaniles-kvapo-kuno-sveitiklis-380ml\/","name":"ANAPLASIS Sweet Vanilla BODY SCRUB vanil\u0117s kvapo k\u016bno \u0161veitiklis, 380ml - MalinaShop.lt J\u016bs\u0173 sveikatai ir gro\u017eiui.","isPartOf":{"@id":"https:\/\/www.malinashop.lt\/en\/#website"},"primaryImageOfPage":{"@id":"https:\/\/www.malinashop.lt\/en\/shop\/anaplasis-sweet-vanilla-body-scrub-vaniles-kvapo-kuno-sveitiklis-380ml\/#primaryimage"},"image":{"@id":"https:\/\/www.malinashop.lt\/en\/shop\/anaplasis-sweet-vanilla-body-scrub-vaniles-kvapo-kuno-sveitiklis-380ml\/#primaryimage"},"thumbnailUrl":"https:\/\/www.malinashop.lt\/wp-content\/uploads\/2025\/11\/5200137593740.jpg","datePublished":"2026-01-29T15:31:05+00:00","dateModified":"2026-04-07T19:18:27+00:00","description":"ANAPLASIS Sweet Vanilla vanil\u0117s kvapo k\u016bno \u0161veitiklis su provitaminu B5, j\u016bros druska ir cukraus kristalais \u0161velniai \u0161vei\u010dia ir mink\u0161tina od\u0105","breadcrumb":{"@id":"https:\/\/www.malinashop.lt\/en\/shop\/anaplasis-sweet-vanilla-body-scrub-vaniles-kvapo-kuno-sveitiklis-380ml\/#breadcrumb"},"inLanguage":"en-GB","potentialAction":[{"@type":"ReadAction","target":["https:\/\/www.malinashop.lt\/en\/shop\/anaplasis-sweet-vanilla-body-scrub-vaniles-kvapo-kuno-sveitiklis-380ml\/"]}]},{"@type":"ImageObject","inLanguage":"en-GB","@id":"https:\/\/www.malinashop.lt\/en\/shop\/anaplasis-sweet-vanilla-body-scrub-vaniles-kvapo-kuno-sveitiklis-380ml\/#primaryimage","url":"https:\/\/www.malinashop.lt\/wp-content\/uploads\/2025\/11\/5200137593740.jpg","contentUrl":"https:\/\/www.malinashop.lt\/wp-content\/uploads\/2025\/11\/5200137593740.jpg","width":1000,"height":1000},{"@type":"BreadcrumbList","@id":"https:\/\/www.malinashop.lt\/en\/shop\/anaplasis-sweet-vanilla-body-scrub-vaniles-kvapo-kuno-sveitiklis-380ml\/#breadcrumb","itemListElement":[{"@type":"ListItem","position":1,"name":"Home","item":"https:\/\/www.malinashop.lt\/en\/"},{"@type":"ListItem","position":2,"name":"Parduotuv\u0117","item":"https:\/\/www.malinashop.lt\/en\/parduotuve\/"},{"@type":"ListItem","position":3,"name":"ANAPLASIS Sweet Vanilla BODY SCRUB vanil\u0117s kvapo k\u016bno \u0161veitiklis, 380ml"}]},{"@type":"WebSite","@id":"https:\/\/www.malinashop.lt\/en\/#website","url":"https:\/\/www.malinashop.lt\/en\/","name":"COM Group Ecommerce","description":"MalinaShop.lt - Gro\u017eio ir sveikatos produktai i\u0161 patikim\u0173 preki\u0173 \u017eenkl\u0173. Atraskite auk\u0161tos kokyb\u0117s kosmetik\u0105 u\u017e puiki\u0105 kain\u0105.","publisher":{"@id":"https:\/\/www.malinashop.lt\/en\/#organization"},"potentialAction":[{"@type":"SearchAction","target":{"@type":"EntryPoint","urlTemplate":"https:\/\/www.malinashop.lt\/en\/?s={search_term_string}"},"query-input":{"@type":"PropertyValueSpecification","valueRequired":true,"valueName":"search_term_string"}}],"inLanguage":"en-GB"},{"@type":"Organization","@id":"https:\/\/www.malinashop.lt\/en\/#organization","name":"COM Group Ecommerce","url":"https:\/\/www.malinashop.lt\/en\/","logo":{"@type":"ImageObject","inLanguage":"en-GB","@id":"https:\/\/www.malinashop.lt\/en\/#\/schema\/logo\/image\/","url":"https:\/\/www.malinashop.lt\/wp-content\/uploads\/2024\/08\/462559670_3787732518133670_9795632669273463_n-e1731525914575.png","contentUrl":"https:\/\/www.malinashop.lt\/wp-content\/uploads\/2024\/08\/462559670_3787732518133670_9795632669273463_n-e1731525914575.png","width":180,"height":60,"caption":"COM Group Ecommerce"},"image":{"@id":"https:\/\/www.malinashop.lt\/en\/#\/schema\/logo\/image\/"}}]}},"jetpack_sharing_enabled":true,"_links":{"self":[{"href":"https:\/\/www.malinashop.lt\/en\/wp-json\/wp\/v2\/product\/70738","targetHints":{"allow":["GET"]}}],"collection":[{"href":"https:\/\/www.malinashop.lt\/en\/wp-json\/wp\/v2\/product"}],"about":[{"href":"https:\/\/www.malinashop.lt\/en\/wp-json\/wp\/v2\/types\/product"}],"version-history":[{"count":2,"href":"https:\/\/www.malinashop.lt\/en\/wp-json\/wp\/v2\/product\/70738\/revisions"}],"predecessor-version":[{"id":73550,"href":"https:\/\/www.malinashop.lt\/en\/wp-json\/wp\/v2\/product\/70738\/revisions\/73550"}],"wp:featuredmedia":[{"embeddable":true,"href":"https:\/\/www.malinashop.lt\/en\/wp-json\/wp\/v2\/media\/67449"}],"wp:attachment":[{"href":"https:\/\/www.malinashop.lt\/en\/wp-json\/wp\/v2\/media?parent=70738"}],"wp:term":[{"taxonomy":"product_brand","embeddable":true,"href":"https:\/\/www.malinashop.lt\/en\/wp-json\/wp\/v2\/product_brand?post=70738"},{"taxonomy":"product_cat","embeddable":true,"href":"https:\/\/www.malinashop.lt\/en\/wp-json\/wp\/v2\/product_cat?post=70738"},{"taxonomy":"product_tag","embeddable":true,"href":"https:\/\/www.malinashop.lt\/en\/wp-json\/wp\/v2\/product_tag?post=70738"}],"curies":[{"name":"wp","href":"https:\/\/api.w.org\/{rel}","templated":true}]}}