{"id":70734,"date":"2026-01-29T18:42:05","date_gmt":"2026-01-29T15:42:05","guid":{"rendered":"https:\/\/malinashop.lt\/?post_type=product&#038;p=70734"},"modified":"2026-04-07T22:18:27","modified_gmt":"2026-04-07T19:18:27","slug":"anaplasis-watermelon-body-scrub-arbuzu-kvapo-kuno-sveitiklis-380ml","status":"publish","type":"product","link":"https:\/\/www.malinashop.lt\/en\/shop\/anaplasis-watermelon-body-scrub-arbuzu-kvapo-kuno-sveitiklis-380ml\/","title":{"rendered":"ANAPLASIS Watermelon BODY SCRUB arb\u016bz\u0173 kvapo k\u016bno \u0161veitiklis, 380ml"},"content":{"rendered":"<p data-start=\"187\" data-end=\"508\"><strong data-start=\"187\" data-end=\"211\">ANAPLASIS Watermelon<\/strong> \u2013 gaivaus arb\u016bz\u0173 kvapo k\u016bno \u0161veitiklis su <strong data-start=\"254\" data-end=\"281\">alavijo (aloe) aliejumi<\/strong>, skirtas efektyviai odos eksfoliacijai ir maloniam dr\u0117kinimo poj\u016b\u010diui po \u0161veitimo. Alavijo aliejus \u017einomas d\u0117l <strong data-start=\"393\" data-end=\"422\">raminamojo ir dr\u0117kinamojo<\/strong> poveikio, tod\u0117l oda po proced\u016bros jau\u010diasi komforti\u0161kai, atrodo \u0161velnesn\u0117 ir lygesn\u0117.<\/p>\n<p data-start=\"510\" data-end=\"800\">Formul\u0117je derinami <strong data-start=\"529\" data-end=\"567\">j\u016bros druskos ir cukraus kristalai<\/strong>, kurie \u0161velniai pa\u0161alina negyvas odos l\u0105steles, padeda i\u0161lyginti odos tekst\u016br\u0105 ir suteikia odai daugiau glotnumo. Reguliariai naudojant, oda tampa <strong data-start=\"715\" data-end=\"744\">mink\u0161ta, lygi ir \u0161vytinti<\/strong>, o gaivus aromatas sustiprina \u0161varos bei gaivos poj\u016bt\u012f.<\/p>\n<hr data-start=\"802\" data-end=\"805\" \/>\n<h3 data-start=\"807\" data-end=\"821\">Naudojimas<\/h3>\n<ul data-start=\"822\" data-end=\"1094\">\n<li data-start=\"822\" data-end=\"856\">\n<p data-start=\"824\" data-end=\"856\">Prie\u0161 naudojim\u0105 <strong data-start=\"840\" data-end=\"853\">suplakite<\/strong>.<\/p>\n<\/li>\n<li data-start=\"857\" data-end=\"942\">\n<p data-start=\"859\" data-end=\"942\">Paskirstykite \u0161veitikl\u012f ant k\u016bno odos ir \u012fmasa\u017euokite <strong data-start=\"913\" data-end=\"939\">sukamaisiais judesiais<\/strong>.<\/p>\n<\/li>\n<li data-start=\"943\" data-end=\"979\">\n<p data-start=\"945\" data-end=\"979\">Nuplaukite <strong data-start=\"956\" data-end=\"976\">drungnu vandeniu<\/strong>.<\/p>\n<\/li>\n<li data-start=\"980\" data-end=\"1021\">\n<p data-start=\"982\" data-end=\"1021\">Naudokite <strong data-start=\"992\" data-end=\"1018\">2\u20133 kartus per savait\u0119<\/strong>.<\/p>\n<\/li>\n<li data-start=\"1022\" data-end=\"1094\">\n<p data-start=\"1024\" data-end=\"1094\">Esant poreikiui po \u0161veitimo naudokite <strong data-start=\"1062\" data-end=\"1093\">dr\u0117kinan\u010dias k\u016bno priemones<\/strong>.<\/p>\n<\/li>\n<\/ul>\n<hr data-start=\"1096\" data-end=\"1099\" \/>\n<h3 data-start=\"1101\" data-end=\"1114\">\u012esp\u0117jimai<\/h3>\n<p data-start=\"1115\" data-end=\"1299\">Tik i\u0161oriniam naudojimui. Laikyti vaikams nepasiekiamoje vietoje. Nenaudokite ant sudirgusios odos. Priemon\u0119 laikykite atokiai nuo tiesiogini\u0173 saul\u0117s spinduli\u0173. Vengti patekimo \u012f akis.<\/p>\n","protected":false},"excerpt":{"rendered":"<p>Arb\u016bz\u0173 kvapo k\u016bno \u0161veitiklis su alavijo aliejumi, j\u016bros druska ir cukraus kristalais \u2013 \u0161velniai nu\u0161vei\u010dia, dr\u0117kina ir glotnina od\u0105.<\/p>\n","protected":false},"featured_media":67443,"template":"","meta":[],"product_brand":[1580],"product_cat":[557,731],"product_tag":[1587],"class_list":{"0":"post-70734","1":"product","2":"type-product","3":"status-publish","4":"has-post-thumbnail","6":"product_brand-anaplasis","7":"product_cat-kuno-sveitikliai","8":"product_cat-kunui","9":"product_tag-anaplasis","11":"first","12":"instock","13":"sale","14":"purchasable","15":"product-type-simple"},"yoast_head":"<!-- This site is optimized with the Yoast SEO plugin v27.4 - https:\/\/yoast.com\/product\/yoast-seo-wordpress\/ -->\n<title>ANAPLASIS Watermelon BODY SCRUB arb\u016bz\u0173 kvapo k\u016bno \u0161veitiklis, 380ml - MalinaShop.lt J\u016bs\u0173 sveikatai ir gro\u017eiui.<\/title>\n<meta name=\"description\" content=\"ANAPLASIS Watermelon arb\u016bz\u0173 kvapo k\u016bno \u0161veitiklis su alavijo aliejumi, j\u016bros druska ir cukraus kristalais \u0161velniai nu\u0161vei\u010dia, dr\u0117kina ir suteikia gaiv\u0105.\" \/>\n<meta name=\"robots\" content=\"index, follow, max-snippet:-1, max-image-preview:large, max-video-preview:-1\" \/>\n<link rel=\"canonical\" href=\"https:\/\/www.malinashop.lt\/en\/shop\/anaplasis-watermelon-body-scrub-arbuzu-kvapo-kuno-sveitiklis-380ml\/\" \/>\n<meta property=\"og:locale\" content=\"en_GB\" \/>\n<meta property=\"og:type\" content=\"article\" \/>\n<meta property=\"og:title\" content=\"ANAPLASIS Watermelon BODY SCRUB arb\u016bz\u0173 kvapo k\u016bno \u0161veitiklis, 380ml - MalinaShop.lt J\u016bs\u0173 sveikatai ir gro\u017eiui.\" \/>\n<meta property=\"og:description\" content=\"ANAPLASIS Watermelon arb\u016bz\u0173 kvapo k\u016bno \u0161veitiklis su alavijo aliejumi, j\u016bros druska ir cukraus kristalais \u0161velniai nu\u0161vei\u010dia, dr\u0117kina ir suteikia gaiv\u0105.\" \/>\n<meta property=\"og:url\" content=\"https:\/\/www.malinashop.lt\/en\/shop\/anaplasis-watermelon-body-scrub-arbuzu-kvapo-kuno-sveitiklis-380ml\/\" \/>\n<meta property=\"og:site_name\" content=\"MalinaShop.lt J\u016bs\u0173 sveikatai ir gro\u017eiui.\" \/>\n<meta property=\"article:modified_time\" content=\"2026-04-07T19:18:27+00:00\" \/>\n<meta property=\"og:image\" content=\"https:\/\/www.malinashop.lt\/wp-content\/uploads\/2025\/11\/5200137593733.jpg\" \/>\n\t<meta property=\"og:image:width\" content=\"1000\" \/>\n\t<meta property=\"og:image:height\" content=\"1000\" \/>\n\t<meta property=\"og:image:type\" content=\"image\/jpeg\" \/>\n<meta name=\"twitter:card\" content=\"summary_large_image\" \/>\n<script type=\"application\/ld+json\" class=\"yoast-schema-graph\">{\"@context\":\"https:\\\/\\\/schema.org\",\"@graph\":[{\"@type\":\"WebPage\",\"@id\":\"https:\\\/\\\/www.malinashop.lt\\\/shop\\\/anaplasis-watermelon-body-scrub-arbuzu-kvapo-kuno-sveitiklis-380ml\\\/\",\"url\":\"https:\\\/\\\/www.malinashop.lt\\\/shop\\\/anaplasis-watermelon-body-scrub-arbuzu-kvapo-kuno-sveitiklis-380ml\\\/\",\"name\":\"ANAPLASIS Watermelon BODY SCRUB arb\u016bz\u0173 kvapo k\u016bno \u0161veitiklis, 380ml - MalinaShop.lt J\u016bs\u0173 sveikatai ir gro\u017eiui.\",\"isPartOf\":{\"@id\":\"https:\\\/\\\/www.malinashop.lt\\\/#website\"},\"primaryImageOfPage\":{\"@id\":\"https:\\\/\\\/www.malinashop.lt\\\/shop\\\/anaplasis-watermelon-body-scrub-arbuzu-kvapo-kuno-sveitiklis-380ml\\\/#primaryimage\"},\"image\":{\"@id\":\"https:\\\/\\\/www.malinashop.lt\\\/shop\\\/anaplasis-watermelon-body-scrub-arbuzu-kvapo-kuno-sveitiklis-380ml\\\/#primaryimage\"},\"thumbnailUrl\":\"https:\\\/\\\/www.malinashop.lt\\\/wp-content\\\/uploads\\\/2025\\\/11\\\/5200137593733.jpg\",\"datePublished\":\"2026-01-29T15:42:05+00:00\",\"dateModified\":\"2026-04-07T19:18:27+00:00\",\"description\":\"ANAPLASIS Watermelon arb\u016bz\u0173 kvapo k\u016bno \u0161veitiklis su alavijo aliejumi, j\u016bros druska ir cukraus kristalais \u0161velniai nu\u0161vei\u010dia, dr\u0117kina ir suteikia gaiv\u0105.\",\"breadcrumb\":{\"@id\":\"https:\\\/\\\/www.malinashop.lt\\\/shop\\\/anaplasis-watermelon-body-scrub-arbuzu-kvapo-kuno-sveitiklis-380ml\\\/#breadcrumb\"},\"inLanguage\":\"en-GB\",\"potentialAction\":[{\"@type\":\"ReadAction\",\"target\":[\"https:\\\/\\\/www.malinashop.lt\\\/shop\\\/anaplasis-watermelon-body-scrub-arbuzu-kvapo-kuno-sveitiklis-380ml\\\/\"]}]},{\"@type\":\"ImageObject\",\"inLanguage\":\"en-GB\",\"@id\":\"https:\\\/\\\/www.malinashop.lt\\\/shop\\\/anaplasis-watermelon-body-scrub-arbuzu-kvapo-kuno-sveitiklis-380ml\\\/#primaryimage\",\"url\":\"https:\\\/\\\/www.malinashop.lt\\\/wp-content\\\/uploads\\\/2025\\\/11\\\/5200137593733.jpg\",\"contentUrl\":\"https:\\\/\\\/www.malinashop.lt\\\/wp-content\\\/uploads\\\/2025\\\/11\\\/5200137593733.jpg\",\"width\":1000,\"height\":1000},{\"@type\":\"BreadcrumbList\",\"@id\":\"https:\\\/\\\/www.malinashop.lt\\\/shop\\\/anaplasis-watermelon-body-scrub-arbuzu-kvapo-kuno-sveitiklis-380ml\\\/#breadcrumb\",\"itemListElement\":[{\"@type\":\"ListItem\",\"position\":1,\"name\":\"Pagrindinis\",\"item\":\"https:\\\/\\\/www.malinashop.lt\\\/\"},{\"@type\":\"ListItem\",\"position\":2,\"name\":\"Parduotuv\u0117\",\"item\":\"https:\\\/\\\/www.malinashop.lt\\\/en\\\/parduotuve\\\/\"},{\"@type\":\"ListItem\",\"position\":3,\"name\":\"ANAPLASIS Watermelon BODY SCRUB arb\u016bz\u0173 kvapo k\u016bno \u0161veitiklis, 380ml\"}]},{\"@type\":\"WebSite\",\"@id\":\"https:\\\/\\\/www.malinashop.lt\\\/#website\",\"url\":\"https:\\\/\\\/www.malinashop.lt\\\/\",\"name\":\"COM Group Ecommerce\",\"description\":\"MalinaShop.lt - Gro\u017eio ir sveikatos produktai i\u0161 patikim\u0173 preki\u0173 \u017eenkl\u0173. Atraskite auk\u0161tos kokyb\u0117s kosmetik\u0105 u\u017e puiki\u0105 kain\u0105.\",\"publisher\":{\"@id\":\"https:\\\/\\\/www.malinashop.lt\\\/#organization\"},\"potentialAction\":[{\"@type\":\"SearchAction\",\"target\":{\"@type\":\"EntryPoint\",\"urlTemplate\":\"https:\\\/\\\/www.malinashop.lt\\\/?s={search_term_string}\"},\"query-input\":{\"@type\":\"PropertyValueSpecification\",\"valueRequired\":true,\"valueName\":\"search_term_string\"}}],\"inLanguage\":\"en-GB\"},{\"@type\":\"Organization\",\"@id\":\"https:\\\/\\\/www.malinashop.lt\\\/#organization\",\"name\":\"COM Group Ecommerce\",\"url\":\"https:\\\/\\\/www.malinashop.lt\\\/\",\"logo\":{\"@type\":\"ImageObject\",\"inLanguage\":\"en-GB\",\"@id\":\"https:\\\/\\\/www.malinashop.lt\\\/#\\\/schema\\\/logo\\\/image\\\/\",\"url\":\"https:\\\/\\\/www.malinashop.lt\\\/wp-content\\\/uploads\\\/2024\\\/08\\\/462559670_3787732518133670_9795632669273463_n-e1731525914575.png\",\"contentUrl\":\"https:\\\/\\\/www.malinashop.lt\\\/wp-content\\\/uploads\\\/2024\\\/08\\\/462559670_3787732518133670_9795632669273463_n-e1731525914575.png\",\"width\":180,\"height\":60,\"caption\":\"COM Group Ecommerce\"},\"image\":{\"@id\":\"https:\\\/\\\/www.malinashop.lt\\\/#\\\/schema\\\/logo\\\/image\\\/\"}}]}<\/script>\n<!-- \/ Yoast SEO plugin. -->","yoast_head_json":{"title":"ANAPLASIS Watermelon BODY SCRUB arb\u016bz\u0173 kvapo k\u016bno \u0161veitiklis, 380ml - MalinaShop.lt J\u016bs\u0173 sveikatai ir gro\u017eiui.","description":"ANAPLASIS Watermelon arb\u016bz\u0173 kvapo k\u016bno \u0161veitiklis su alavijo aliejumi, j\u016bros druska ir cukraus kristalais \u0161velniai nu\u0161vei\u010dia, dr\u0117kina ir suteikia gaiv\u0105.","robots":{"index":"index","follow":"follow","max-snippet":"max-snippet:-1","max-image-preview":"max-image-preview:large","max-video-preview":"max-video-preview:-1"},"canonical":"https:\/\/www.malinashop.lt\/en\/shop\/anaplasis-watermelon-body-scrub-arbuzu-kvapo-kuno-sveitiklis-380ml\/","og_locale":"en_GB","og_type":"article","og_title":"ANAPLASIS Watermelon BODY SCRUB arb\u016bz\u0173 kvapo k\u016bno \u0161veitiklis, 380ml - MalinaShop.lt J\u016bs\u0173 sveikatai ir gro\u017eiui.","og_description":"ANAPLASIS Watermelon arb\u016bz\u0173 kvapo k\u016bno \u0161veitiklis su alavijo aliejumi, j\u016bros druska ir cukraus kristalais \u0161velniai nu\u0161vei\u010dia, dr\u0117kina ir suteikia gaiv\u0105.","og_url":"https:\/\/www.malinashop.lt\/en\/shop\/anaplasis-watermelon-body-scrub-arbuzu-kvapo-kuno-sveitiklis-380ml\/","og_site_name":"MalinaShop.lt J\u016bs\u0173 sveikatai ir gro\u017eiui.","article_modified_time":"2026-04-07T19:18:27+00:00","og_image":[{"width":1000,"height":1000,"url":"https:\/\/www.malinashop.lt\/wp-content\/uploads\/2025\/11\/5200137593733.jpg","type":"image\/jpeg"}],"twitter_card":"summary_large_image","schema":{"@context":"https:\/\/schema.org","@graph":[{"@type":"WebPage","@id":"https:\/\/www.malinashop.lt\/shop\/anaplasis-watermelon-body-scrub-arbuzu-kvapo-kuno-sveitiklis-380ml\/","url":"https:\/\/www.malinashop.lt\/shop\/anaplasis-watermelon-body-scrub-arbuzu-kvapo-kuno-sveitiklis-380ml\/","name":"ANAPLASIS Watermelon BODY SCRUB arb\u016bz\u0173 kvapo k\u016bno \u0161veitiklis, 380ml - MalinaShop.lt J\u016bs\u0173 sveikatai ir gro\u017eiui.","isPartOf":{"@id":"https:\/\/www.malinashop.lt\/#website"},"primaryImageOfPage":{"@id":"https:\/\/www.malinashop.lt\/shop\/anaplasis-watermelon-body-scrub-arbuzu-kvapo-kuno-sveitiklis-380ml\/#primaryimage"},"image":{"@id":"https:\/\/www.malinashop.lt\/shop\/anaplasis-watermelon-body-scrub-arbuzu-kvapo-kuno-sveitiklis-380ml\/#primaryimage"},"thumbnailUrl":"https:\/\/www.malinashop.lt\/wp-content\/uploads\/2025\/11\/5200137593733.jpg","datePublished":"2026-01-29T15:42:05+00:00","dateModified":"2026-04-07T19:18:27+00:00","description":"ANAPLASIS Watermelon arb\u016bz\u0173 kvapo k\u016bno \u0161veitiklis su alavijo aliejumi, j\u016bros druska ir cukraus kristalais \u0161velniai nu\u0161vei\u010dia, dr\u0117kina ir suteikia gaiv\u0105.","breadcrumb":{"@id":"https:\/\/www.malinashop.lt\/shop\/anaplasis-watermelon-body-scrub-arbuzu-kvapo-kuno-sveitiklis-380ml\/#breadcrumb"},"inLanguage":"en-GB","potentialAction":[{"@type":"ReadAction","target":["https:\/\/www.malinashop.lt\/shop\/anaplasis-watermelon-body-scrub-arbuzu-kvapo-kuno-sveitiklis-380ml\/"]}]},{"@type":"ImageObject","inLanguage":"en-GB","@id":"https:\/\/www.malinashop.lt\/shop\/anaplasis-watermelon-body-scrub-arbuzu-kvapo-kuno-sveitiklis-380ml\/#primaryimage","url":"https:\/\/www.malinashop.lt\/wp-content\/uploads\/2025\/11\/5200137593733.jpg","contentUrl":"https:\/\/www.malinashop.lt\/wp-content\/uploads\/2025\/11\/5200137593733.jpg","width":1000,"height":1000},{"@type":"BreadcrumbList","@id":"https:\/\/www.malinashop.lt\/shop\/anaplasis-watermelon-body-scrub-arbuzu-kvapo-kuno-sveitiklis-380ml\/#breadcrumb","itemListElement":[{"@type":"ListItem","position":1,"name":"Pagrindinis","item":"https:\/\/www.malinashop.lt\/"},{"@type":"ListItem","position":2,"name":"Parduotuv\u0117","item":"https:\/\/www.malinashop.lt\/en\/parduotuve\/"},{"@type":"ListItem","position":3,"name":"ANAPLASIS Watermelon BODY SCRUB arb\u016bz\u0173 kvapo k\u016bno \u0161veitiklis, 380ml"}]},{"@type":"WebSite","@id":"https:\/\/www.malinashop.lt\/#website","url":"https:\/\/www.malinashop.lt\/","name":"COM Group Ecommerce","description":"MalinaShop.lt - Gro\u017eio ir sveikatos produktai i\u0161 patikim\u0173 preki\u0173 \u017eenkl\u0173. Atraskite auk\u0161tos kokyb\u0117s kosmetik\u0105 u\u017e puiki\u0105 kain\u0105.","publisher":{"@id":"https:\/\/www.malinashop.lt\/#organization"},"potentialAction":[{"@type":"SearchAction","target":{"@type":"EntryPoint","urlTemplate":"https:\/\/www.malinashop.lt\/?s={search_term_string}"},"query-input":{"@type":"PropertyValueSpecification","valueRequired":true,"valueName":"search_term_string"}}],"inLanguage":"en-GB"},{"@type":"Organization","@id":"https:\/\/www.malinashop.lt\/#organization","name":"COM Group Ecommerce","url":"https:\/\/www.malinashop.lt\/","logo":{"@type":"ImageObject","inLanguage":"en-GB","@id":"https:\/\/www.malinashop.lt\/#\/schema\/logo\/image\/","url":"https:\/\/www.malinashop.lt\/wp-content\/uploads\/2024\/08\/462559670_3787732518133670_9795632669273463_n-e1731525914575.png","contentUrl":"https:\/\/www.malinashop.lt\/wp-content\/uploads\/2024\/08\/462559670_3787732518133670_9795632669273463_n-e1731525914575.png","width":180,"height":60,"caption":"COM Group Ecommerce"},"image":{"@id":"https:\/\/www.malinashop.lt\/#\/schema\/logo\/image\/"}}]}},"jetpack_sharing_enabled":true,"_links":{"self":[{"href":"https:\/\/www.malinashop.lt\/en\/wp-json\/wp\/v2\/product\/70734","targetHints":{"allow":["GET"]}}],"collection":[{"href":"https:\/\/www.malinashop.lt\/en\/wp-json\/wp\/v2\/product"}],"about":[{"href":"https:\/\/www.malinashop.lt\/en\/wp-json\/wp\/v2\/types\/product"}],"version-history":[{"count":2,"href":"https:\/\/www.malinashop.lt\/en\/wp-json\/wp\/v2\/product\/70734\/revisions"}],"predecessor-version":[{"id":73552,"href":"https:\/\/www.malinashop.lt\/en\/wp-json\/wp\/v2\/product\/70734\/revisions\/73552"}],"wp:featuredmedia":[{"embeddable":true,"href":"https:\/\/www.malinashop.lt\/en\/wp-json\/wp\/v2\/media\/67443"}],"wp:attachment":[{"href":"https:\/\/www.malinashop.lt\/en\/wp-json\/wp\/v2\/media?parent=70734"}],"wp:term":[{"taxonomy":"product_brand","embeddable":true,"href":"https:\/\/www.malinashop.lt\/en\/wp-json\/wp\/v2\/product_brand?post=70734"},{"taxonomy":"product_cat","embeddable":true,"href":"https:\/\/www.malinashop.lt\/en\/wp-json\/wp\/v2\/product_cat?post=70734"},{"taxonomy":"product_tag","embeddable":true,"href":"https:\/\/www.malinashop.lt\/en\/wp-json\/wp\/v2\/product_tag?post=70734"}],"curies":[{"name":"wp","href":"https:\/\/api.w.org\/{rel}","templated":true}]}}