{"id":70732,"date":"2026-01-29T19:31:05","date_gmt":"2026-01-29T16:31:05","guid":{"rendered":"https:\/\/malinashop.lt\/?post_type=product&#038;p=70732"},"modified":"2026-04-07T22:18:26","modified_gmt":"2026-04-07T19:18:26","slug":"anaplasis-big-bubble-body-scrub-kuno-sveitiklis-380ml","status":"publish","type":"product","link":"https:\/\/www.malinashop.lt\/en\/shop\/anaplasis-big-bubble-body-scrub-kuno-sveitiklis-380ml\/","title":{"rendered":"ANAPLASIS BIG BUBBLE BODY SCRUB k\u016bno \u0161veitiklis, 380ml"},"content":{"rendered":"<p data-start=\"174\" data-end=\"429\"><strong data-start=\"174\" data-end=\"198\">ANAPLASIS Big Bubble<\/strong> \u2013 k\u016bno \u0161veitiklis su <strong data-start=\"220\" data-end=\"243\">traukmed\u017eio sviestu<\/strong>, skirtas efektyviai odos eksfoliacijai ir komforti\u0161kam odos poj\u016b\u010diui po \u0161veitimo. Priemon\u0117 padeda pa\u0161alinti negyvas odos l\u0105steles, kartu palikdama od\u0105 <strong data-start=\"395\" data-end=\"428\">\u0161velni\u0105, glotni\u0105 ir elasting\u0105<\/strong>.<\/p>\n<p data-start=\"431\" data-end=\"744\">Formul\u0117je naudojama <strong data-start=\"451\" data-end=\"485\">j\u016bros druska i\u0161 Graikijos j\u016br\u0173<\/strong> ir <strong data-start=\"489\" data-end=\"506\">grynas cukrus<\/strong> \u2013 \u0161ie kristalai \u0161velniai, bet veiksmingai nu\u0161vei\u010dia od\u0105, padeda i\u0161lyginti jos tekst\u016br\u0105 ir suteikia daugiau mink\u0161tumo. <strong data-start=\"625\" data-end=\"649\">Traukmed\u017eio sviestas<\/strong> maitina ir dr\u0117kina, tod\u0117l po \u0161veitimo oda jau\u010diasi pri\u017ei\u016br\u0117ta, komforti\u0161ka ir maloniai glotni.<\/p>\n<p data-start=\"746\" data-end=\"836\"><strong data-start=\"746\" data-end=\"761\">Rezultatas:<\/strong> reguliariai naudojant oda tampa lygesn\u0117, mink\u0161tesn\u0117 ir vizualiai \u0161vytinti.<\/p>\n<hr data-start=\"838\" data-end=\"841\" \/>\n<h3 data-start=\"843\" data-end=\"857\">Naudojimas<\/h3>\n<ul data-start=\"858\" data-end=\"1130\">\n<li data-start=\"858\" data-end=\"892\">\n<p data-start=\"860\" data-end=\"892\">Prie\u0161 naudojim\u0105 <strong data-start=\"876\" data-end=\"889\">suplakite<\/strong>.<\/p>\n<\/li>\n<li data-start=\"893\" data-end=\"978\">\n<p data-start=\"895\" data-end=\"978\">Paskirstykite \u0161veitikl\u012f ant k\u016bno odos ir \u012fmasa\u017euokite <strong data-start=\"949\" data-end=\"975\">sukamaisiais judesiais<\/strong>.<\/p>\n<\/li>\n<li data-start=\"979\" data-end=\"1015\">\n<p data-start=\"981\" data-end=\"1015\">Nuplaukite <strong data-start=\"992\" data-end=\"1012\">drungnu vandeniu<\/strong>.<\/p>\n<\/li>\n<li data-start=\"1016\" data-end=\"1057\">\n<p data-start=\"1018\" data-end=\"1057\">Naudokite <strong data-start=\"1028\" data-end=\"1054\">2\u20133 kartus per savait\u0119<\/strong>.<\/p>\n<\/li>\n<li data-start=\"1058\" data-end=\"1130\">\n<p data-start=\"1060\" data-end=\"1130\">Esant poreikiui po \u0161veitimo naudokite <strong data-start=\"1098\" data-end=\"1129\">dr\u0117kinan\u010dias k\u016bno priemones<\/strong>.<\/p>\n<\/li>\n<\/ul>\n<hr data-start=\"1132\" data-end=\"1135\" \/>\n<h3 data-start=\"1137\" data-end=\"1150\">\u012esp\u0117jimai<\/h3>\n<p data-start=\"1151\" data-end=\"1335\">Tik i\u0161oriniam naudojimui. Laikyti vaikams nepasiekiamoje vietoje. Nenaudokite ant sudirgusios odos. Priemon\u0119 laikykite atokiai nuo tiesiogini\u0173 saul\u0117s spinduli\u0173. Vengti patekimo \u012f akis.<\/p>\n","protected":false},"excerpt":{"rendered":"<p>K\u016bno \u0161veitiklis su traukmed\u017eio sviestu, Graikijos j\u016bros druska ir cukraus kristalais \u2013 \u0161velniai nu\u0161vei\u010dia, dr\u0117kina ir glotnina od\u0105.<\/p>\n","protected":false},"featured_media":67440,"template":"","meta":[],"product_brand":[1580],"product_cat":[557,731],"product_tag":[1587],"class_list":{"0":"post-70732","1":"product","2":"type-product","3":"status-publish","4":"has-post-thumbnail","6":"product_brand-anaplasis","7":"product_cat-kuno-sveitikliai","8":"product_cat-kunui","9":"product_tag-anaplasis","11":"first","12":"instock","13":"sale","14":"purchasable","15":"product-type-simple"},"yoast_head":"<!-- This site is optimized with the Yoast SEO plugin v27.4 - https:\/\/yoast.com\/product\/yoast-seo-wordpress\/ -->\n<title>ANAPLASIS BIG BUBBLE BODY SCRUB k\u016bno \u0161veitiklis, 380ml - MalinaShop.lt J\u016bs\u0173 sveikatai ir gro\u017eiui.<\/title>\n<meta name=\"description\" content=\"ANAPLASIS Big Bubble k\u016bno \u0161veitiklis su traukmed\u017eio sviestu, Graikijos j\u016bros druska ir cukraus kristalais \u0161velniai nu\u0161vei\u010dia, maitina ir suteikia odai glotnumo.\" \/>\n<meta name=\"robots\" content=\"index, follow, max-snippet:-1, max-image-preview:large, max-video-preview:-1\" \/>\n<link rel=\"canonical\" href=\"https:\/\/www.malinashop.lt\/en\/shop\/anaplasis-big-bubble-body-scrub-kuno-sveitiklis-380ml\/\" \/>\n<meta property=\"og:locale\" content=\"en_GB\" \/>\n<meta property=\"og:type\" content=\"article\" \/>\n<meta property=\"og:title\" content=\"ANAPLASIS BIG BUBBLE BODY SCRUB k\u016bno \u0161veitiklis, 380ml - MalinaShop.lt J\u016bs\u0173 sveikatai ir gro\u017eiui.\" \/>\n<meta property=\"og:description\" content=\"ANAPLASIS Big Bubble k\u016bno \u0161veitiklis su traukmed\u017eio sviestu, Graikijos j\u016bros druska ir cukraus kristalais \u0161velniai nu\u0161vei\u010dia, maitina ir suteikia odai glotnumo.\" \/>\n<meta property=\"og:url\" content=\"https:\/\/www.malinashop.lt\/en\/shop\/anaplasis-big-bubble-body-scrub-kuno-sveitiklis-380ml\/\" \/>\n<meta property=\"og:site_name\" content=\"MalinaShop.lt J\u016bs\u0173 sveikatai ir gro\u017eiui.\" \/>\n<meta property=\"article:modified_time\" content=\"2026-04-07T19:18:26+00:00\" \/>\n<meta property=\"og:image\" content=\"https:\/\/www.malinashop.lt\/wp-content\/uploads\/2025\/11\/5200137593696.jpg\" \/>\n\t<meta property=\"og:image:width\" content=\"1000\" \/>\n\t<meta property=\"og:image:height\" content=\"1000\" \/>\n\t<meta property=\"og:image:type\" content=\"image\/jpeg\" \/>\n<meta name=\"twitter:card\" content=\"summary_large_image\" \/>\n<script type=\"application\/ld+json\" class=\"yoast-schema-graph\">{\"@context\":\"https:\\\/\\\/schema.org\",\"@graph\":[{\"@type\":\"WebPage\",\"@id\":\"https:\\\/\\\/www.malinashop.lt\\\/shop\\\/anaplasis-big-bubble-body-scrub-kuno-sveitiklis-380ml\\\/\",\"url\":\"https:\\\/\\\/www.malinashop.lt\\\/shop\\\/anaplasis-big-bubble-body-scrub-kuno-sveitiklis-380ml\\\/\",\"name\":\"ANAPLASIS BIG BUBBLE BODY SCRUB k\u016bno \u0161veitiklis, 380ml - MalinaShop.lt J\u016bs\u0173 sveikatai ir gro\u017eiui.\",\"isPartOf\":{\"@id\":\"https:\\\/\\\/www.malinashop.lt\\\/#website\"},\"primaryImageOfPage\":{\"@id\":\"https:\\\/\\\/www.malinashop.lt\\\/shop\\\/anaplasis-big-bubble-body-scrub-kuno-sveitiklis-380ml\\\/#primaryimage\"},\"image\":{\"@id\":\"https:\\\/\\\/www.malinashop.lt\\\/shop\\\/anaplasis-big-bubble-body-scrub-kuno-sveitiklis-380ml\\\/#primaryimage\"},\"thumbnailUrl\":\"https:\\\/\\\/www.malinashop.lt\\\/wp-content\\\/uploads\\\/2025\\\/11\\\/5200137593696.jpg\",\"datePublished\":\"2026-01-29T16:31:05+00:00\",\"dateModified\":\"2026-04-07T19:18:26+00:00\",\"description\":\"ANAPLASIS Big Bubble k\u016bno \u0161veitiklis su traukmed\u017eio sviestu, Graikijos j\u016bros druska ir cukraus kristalais \u0161velniai nu\u0161vei\u010dia, maitina ir suteikia odai glotnumo.\",\"breadcrumb\":{\"@id\":\"https:\\\/\\\/www.malinashop.lt\\\/shop\\\/anaplasis-big-bubble-body-scrub-kuno-sveitiklis-380ml\\\/#breadcrumb\"},\"inLanguage\":\"en-GB\",\"potentialAction\":[{\"@type\":\"ReadAction\",\"target\":[\"https:\\\/\\\/www.malinashop.lt\\\/shop\\\/anaplasis-big-bubble-body-scrub-kuno-sveitiklis-380ml\\\/\"]}]},{\"@type\":\"ImageObject\",\"inLanguage\":\"en-GB\",\"@id\":\"https:\\\/\\\/www.malinashop.lt\\\/shop\\\/anaplasis-big-bubble-body-scrub-kuno-sveitiklis-380ml\\\/#primaryimage\",\"url\":\"https:\\\/\\\/www.malinashop.lt\\\/wp-content\\\/uploads\\\/2025\\\/11\\\/5200137593696.jpg\",\"contentUrl\":\"https:\\\/\\\/www.malinashop.lt\\\/wp-content\\\/uploads\\\/2025\\\/11\\\/5200137593696.jpg\",\"width\":1000,\"height\":1000},{\"@type\":\"BreadcrumbList\",\"@id\":\"https:\\\/\\\/www.malinashop.lt\\\/shop\\\/anaplasis-big-bubble-body-scrub-kuno-sveitiklis-380ml\\\/#breadcrumb\",\"itemListElement\":[{\"@type\":\"ListItem\",\"position\":1,\"name\":\"Pagrindinis\",\"item\":\"https:\\\/\\\/www.malinashop.lt\\\/\"},{\"@type\":\"ListItem\",\"position\":2,\"name\":\"Parduotuv\u0117\",\"item\":\"https:\\\/\\\/www.malinashop.lt\\\/en\\\/parduotuve\\\/\"},{\"@type\":\"ListItem\",\"position\":3,\"name\":\"ANAPLASIS BIG BUBBLE BODY SCRUB k\u016bno \u0161veitiklis, 380ml\"}]},{\"@type\":\"WebSite\",\"@id\":\"https:\\\/\\\/www.malinashop.lt\\\/#website\",\"url\":\"https:\\\/\\\/www.malinashop.lt\\\/\",\"name\":\"COM Group Ecommerce\",\"description\":\"MalinaShop.lt - Gro\u017eio ir sveikatos produktai i\u0161 patikim\u0173 preki\u0173 \u017eenkl\u0173. Atraskite auk\u0161tos kokyb\u0117s kosmetik\u0105 u\u017e puiki\u0105 kain\u0105.\",\"publisher\":{\"@id\":\"https:\\\/\\\/www.malinashop.lt\\\/#organization\"},\"potentialAction\":[{\"@type\":\"SearchAction\",\"target\":{\"@type\":\"EntryPoint\",\"urlTemplate\":\"https:\\\/\\\/www.malinashop.lt\\\/?s={search_term_string}\"},\"query-input\":{\"@type\":\"PropertyValueSpecification\",\"valueRequired\":true,\"valueName\":\"search_term_string\"}}],\"inLanguage\":\"en-GB\"},{\"@type\":\"Organization\",\"@id\":\"https:\\\/\\\/www.malinashop.lt\\\/#organization\",\"name\":\"COM Group Ecommerce\",\"url\":\"https:\\\/\\\/www.malinashop.lt\\\/\",\"logo\":{\"@type\":\"ImageObject\",\"inLanguage\":\"en-GB\",\"@id\":\"https:\\\/\\\/www.malinashop.lt\\\/#\\\/schema\\\/logo\\\/image\\\/\",\"url\":\"https:\\\/\\\/www.malinashop.lt\\\/wp-content\\\/uploads\\\/2024\\\/08\\\/462559670_3787732518133670_9795632669273463_n-e1731525914575.png\",\"contentUrl\":\"https:\\\/\\\/www.malinashop.lt\\\/wp-content\\\/uploads\\\/2024\\\/08\\\/462559670_3787732518133670_9795632669273463_n-e1731525914575.png\",\"width\":180,\"height\":60,\"caption\":\"COM Group Ecommerce\"},\"image\":{\"@id\":\"https:\\\/\\\/www.malinashop.lt\\\/#\\\/schema\\\/logo\\\/image\\\/\"}}]}<\/script>\n<!-- \/ Yoast SEO plugin. -->","yoast_head_json":{"title":"ANAPLASIS BIG BUBBLE BODY SCRUB k\u016bno \u0161veitiklis, 380ml - MalinaShop.lt J\u016bs\u0173 sveikatai ir gro\u017eiui.","description":"ANAPLASIS Big Bubble k\u016bno \u0161veitiklis su traukmed\u017eio sviestu, Graikijos j\u016bros druska ir cukraus kristalais \u0161velniai nu\u0161vei\u010dia, maitina ir suteikia odai glotnumo.","robots":{"index":"index","follow":"follow","max-snippet":"max-snippet:-1","max-image-preview":"max-image-preview:large","max-video-preview":"max-video-preview:-1"},"canonical":"https:\/\/www.malinashop.lt\/en\/shop\/anaplasis-big-bubble-body-scrub-kuno-sveitiklis-380ml\/","og_locale":"en_GB","og_type":"article","og_title":"ANAPLASIS BIG BUBBLE BODY SCRUB k\u016bno \u0161veitiklis, 380ml - MalinaShop.lt J\u016bs\u0173 sveikatai ir gro\u017eiui.","og_description":"ANAPLASIS Big Bubble k\u016bno \u0161veitiklis su traukmed\u017eio sviestu, Graikijos j\u016bros druska ir cukraus kristalais \u0161velniai nu\u0161vei\u010dia, maitina ir suteikia odai glotnumo.","og_url":"https:\/\/www.malinashop.lt\/en\/shop\/anaplasis-big-bubble-body-scrub-kuno-sveitiklis-380ml\/","og_site_name":"MalinaShop.lt J\u016bs\u0173 sveikatai ir gro\u017eiui.","article_modified_time":"2026-04-07T19:18:26+00:00","og_image":[{"width":1000,"height":1000,"url":"https:\/\/www.malinashop.lt\/wp-content\/uploads\/2025\/11\/5200137593696.jpg","type":"image\/jpeg"}],"twitter_card":"summary_large_image","schema":{"@context":"https:\/\/schema.org","@graph":[{"@type":"WebPage","@id":"https:\/\/www.malinashop.lt\/shop\/anaplasis-big-bubble-body-scrub-kuno-sveitiklis-380ml\/","url":"https:\/\/www.malinashop.lt\/shop\/anaplasis-big-bubble-body-scrub-kuno-sveitiklis-380ml\/","name":"ANAPLASIS BIG BUBBLE BODY SCRUB k\u016bno \u0161veitiklis, 380ml - MalinaShop.lt J\u016bs\u0173 sveikatai ir gro\u017eiui.","isPartOf":{"@id":"https:\/\/www.malinashop.lt\/#website"},"primaryImageOfPage":{"@id":"https:\/\/www.malinashop.lt\/shop\/anaplasis-big-bubble-body-scrub-kuno-sveitiklis-380ml\/#primaryimage"},"image":{"@id":"https:\/\/www.malinashop.lt\/shop\/anaplasis-big-bubble-body-scrub-kuno-sveitiklis-380ml\/#primaryimage"},"thumbnailUrl":"https:\/\/www.malinashop.lt\/wp-content\/uploads\/2025\/11\/5200137593696.jpg","datePublished":"2026-01-29T16:31:05+00:00","dateModified":"2026-04-07T19:18:26+00:00","description":"ANAPLASIS Big Bubble k\u016bno \u0161veitiklis su traukmed\u017eio sviestu, Graikijos j\u016bros druska ir cukraus kristalais \u0161velniai nu\u0161vei\u010dia, maitina ir suteikia odai glotnumo.","breadcrumb":{"@id":"https:\/\/www.malinashop.lt\/shop\/anaplasis-big-bubble-body-scrub-kuno-sveitiklis-380ml\/#breadcrumb"},"inLanguage":"en-GB","potentialAction":[{"@type":"ReadAction","target":["https:\/\/www.malinashop.lt\/shop\/anaplasis-big-bubble-body-scrub-kuno-sveitiklis-380ml\/"]}]},{"@type":"ImageObject","inLanguage":"en-GB","@id":"https:\/\/www.malinashop.lt\/shop\/anaplasis-big-bubble-body-scrub-kuno-sveitiklis-380ml\/#primaryimage","url":"https:\/\/www.malinashop.lt\/wp-content\/uploads\/2025\/11\/5200137593696.jpg","contentUrl":"https:\/\/www.malinashop.lt\/wp-content\/uploads\/2025\/11\/5200137593696.jpg","width":1000,"height":1000},{"@type":"BreadcrumbList","@id":"https:\/\/www.malinashop.lt\/shop\/anaplasis-big-bubble-body-scrub-kuno-sveitiklis-380ml\/#breadcrumb","itemListElement":[{"@type":"ListItem","position":1,"name":"Pagrindinis","item":"https:\/\/www.malinashop.lt\/"},{"@type":"ListItem","position":2,"name":"Parduotuv\u0117","item":"https:\/\/www.malinashop.lt\/en\/parduotuve\/"},{"@type":"ListItem","position":3,"name":"ANAPLASIS BIG BUBBLE BODY SCRUB k\u016bno \u0161veitiklis, 380ml"}]},{"@type":"WebSite","@id":"https:\/\/www.malinashop.lt\/#website","url":"https:\/\/www.malinashop.lt\/","name":"COM Group Ecommerce","description":"MalinaShop.lt - Gro\u017eio ir sveikatos produktai i\u0161 patikim\u0173 preki\u0173 \u017eenkl\u0173. Atraskite auk\u0161tos kokyb\u0117s kosmetik\u0105 u\u017e puiki\u0105 kain\u0105.","publisher":{"@id":"https:\/\/www.malinashop.lt\/#organization"},"potentialAction":[{"@type":"SearchAction","target":{"@type":"EntryPoint","urlTemplate":"https:\/\/www.malinashop.lt\/?s={search_term_string}"},"query-input":{"@type":"PropertyValueSpecification","valueRequired":true,"valueName":"search_term_string"}}],"inLanguage":"en-GB"},{"@type":"Organization","@id":"https:\/\/www.malinashop.lt\/#organization","name":"COM Group Ecommerce","url":"https:\/\/www.malinashop.lt\/","logo":{"@type":"ImageObject","inLanguage":"en-GB","@id":"https:\/\/www.malinashop.lt\/#\/schema\/logo\/image\/","url":"https:\/\/www.malinashop.lt\/wp-content\/uploads\/2024\/08\/462559670_3787732518133670_9795632669273463_n-e1731525914575.png","contentUrl":"https:\/\/www.malinashop.lt\/wp-content\/uploads\/2024\/08\/462559670_3787732518133670_9795632669273463_n-e1731525914575.png","width":180,"height":60,"caption":"COM Group Ecommerce"},"image":{"@id":"https:\/\/www.malinashop.lt\/#\/schema\/logo\/image\/"}}]}},"jetpack_sharing_enabled":true,"_links":{"self":[{"href":"https:\/\/www.malinashop.lt\/en\/wp-json\/wp\/v2\/product\/70732","targetHints":{"allow":["GET"]}}],"collection":[{"href":"https:\/\/www.malinashop.lt\/en\/wp-json\/wp\/v2\/product"}],"about":[{"href":"https:\/\/www.malinashop.lt\/en\/wp-json\/wp\/v2\/types\/product"}],"version-history":[{"count":2,"href":"https:\/\/www.malinashop.lt\/en\/wp-json\/wp\/v2\/product\/70732\/revisions"}],"predecessor-version":[{"id":73553,"href":"https:\/\/www.malinashop.lt\/en\/wp-json\/wp\/v2\/product\/70732\/revisions\/73553"}],"wp:featuredmedia":[{"embeddable":true,"href":"https:\/\/www.malinashop.lt\/en\/wp-json\/wp\/v2\/media\/67440"}],"wp:attachment":[{"href":"https:\/\/www.malinashop.lt\/en\/wp-json\/wp\/v2\/media?parent=70732"}],"wp:term":[{"taxonomy":"product_brand","embeddable":true,"href":"https:\/\/www.malinashop.lt\/en\/wp-json\/wp\/v2\/product_brand?post=70732"},{"taxonomy":"product_cat","embeddable":true,"href":"https:\/\/www.malinashop.lt\/en\/wp-json\/wp\/v2\/product_cat?post=70732"},{"taxonomy":"product_tag","embeddable":true,"href":"https:\/\/www.malinashop.lt\/en\/wp-json\/wp\/v2\/product_tag?post=70732"}],"curies":[{"name":"wp","href":"https:\/\/api.w.org\/{rel}","templated":true}]}}