{"id":70728,"date":"2025-01-29T18:10:05","date_gmt":"2025-01-29T15:10:05","guid":{"rendered":"https:\/\/malinashop.lt\/?post_type=product&#038;p=70728"},"modified":"2026-02-10T11:42:32","modified_gmt":"2026-02-10T08:42:32","slug":"anaplasis-beachy-glow-glowing-oil-spindesio-suteikiantis-idegio-aliejus-200ml","status":"publish","type":"product","link":"https:\/\/www.malinashop.lt\/en\/shop\/anaplasis-beachy-glow-glowing-oil-spindesio-suteikiantis-idegio-aliejus-200ml\/","title":{"rendered":"ANAPLASIS BEACHY GLOW Glowing Oil spindesio suteikiantis \u012fdegio aliejus, 200ml"},"content":{"rendered":"<div class=\"ewa-rteLine\">\n<p data-start=\"198\" data-end=\"573\"><strong data-start=\"198\" data-end=\"235\">ANAPLASIS Beachy Glow Glowing Oil<\/strong> \u2013 spindesio suteikiantis \u012fdegio aliejus, sukurtas tiems, kurie nori <strong data-start=\"304\" data-end=\"353\">tolygiai \u012fdegusios, \u0161vytin\u010dios ir sudr\u0117kintos<\/strong> odos. Formul\u0117 praturtinta <strong data-start=\"380\" data-end=\"405\">nat\u016braliu bi\u010di\u0173 va\u0161ku<\/strong> bei vertingais aliejais: <strong data-start=\"431\" data-end=\"455\">ekologi\u0161ku alyvuogi\u0173<\/strong>, <strong data-start=\"457\" data-end=\"476\">Monoi De Tahiti<\/strong>, <strong data-start=\"478\" data-end=\"487\">mork\u0173<\/strong> ir kitais maitinamaisiais aliejais, kurie padeda puosel\u0117ti od\u0105 saul\u0117s metu ir po jos.<\/p>\n<p data-start=\"575\" data-end=\"956\">Aliejus padeda odai grei\u010diau \u012fgauti <strong data-start=\"611\" data-end=\"645\">nat\u016braliai gra\u017e\u0173, tolyg\u0173 \u012fdeg\u012f<\/strong>, o \u0161vytin\u010dios dalel\u0117s subtiliai pary\u0161kina odos spindes\u012f. <strong data-start=\"703\" data-end=\"724\">Alyvuogi\u0173 aliejus<\/strong> ir <strong data-start=\"728\" data-end=\"744\">bi\u010di\u0173 va\u0161kas<\/strong> padeda sulaikyti dr\u0117gm\u0119, ma\u017eina i\u0161saus\u0117jimo poj\u016bt\u012f ir suteikia odai mink\u0161tumo. Bi\u010di\u0173 va\u0161kas taip pat sukuria lengv\u0105 apsaugin\u012f sluoksn\u012f, kuris padeda apsaugoti od\u0105 nuo i\u0161orini\u0173 veiksni\u0173, kartu i\u0161laikant komfort\u0105.<\/p>\n<p data-start=\"958\" data-end=\"1049\"><strong data-start=\"958\" data-end=\"973\">Rezultatas:<\/strong> oda atrodo glotni, elastinga, \u0161vytinti, o \u012fdegis \u2013 tolygesnis ir dailesnis.<\/p>\n<blockquote data-start=\"1051\" data-end=\"1165\">\n<p data-start=\"1053\" data-end=\"1165\">Pastaba: tai \u012fdegio aliejus, o ne SPF apsauga. Jei reikalinga apsauga nuo UV, papildomai naudokite SPF priemon\u0119.<\/p>\n<\/blockquote>\n<hr data-start=\"1167\" data-end=\"1170\" \/>\n<h3 data-start=\"1172\" data-end=\"1195\">Aliejaus privalumai<\/h3>\n<ul data-start=\"1196\" data-end=\"1565\">\n<li data-start=\"1196\" data-end=\"1306\">\n<p data-start=\"1198\" data-end=\"1306\"><strong data-start=\"1198\" data-end=\"1222\">Skatina tolyg\u0173 \u012fdeg\u012f<\/strong> \u2013 mork\u0173 ekstraktas ir Monoi De Tahiti padeda odai grei\u010diau \u012fgauti gra\u017e\u0173 atspalv\u012f.<\/p>\n<\/li>\n<li data-start=\"1307\" data-end=\"1399\">\n<p data-start=\"1309\" data-end=\"1399\"><strong data-start=\"1309\" data-end=\"1331\">Dr\u0117kina ir maitina<\/strong> \u2013 alyvuogi\u0173 aliejus ir bi\u010di\u0173 va\u0161kas padeda i\u0161laikyti odos dr\u0117gm\u0119.<\/p>\n<\/li>\n<li data-start=\"1400\" data-end=\"1477\">\n<p data-start=\"1402\" data-end=\"1477\"><strong data-start=\"1402\" data-end=\"1431\">Suteikia spindesio efekt\u0105<\/strong> \u2013 oda atrodo \u0161vytinti ir vizualiai lygesn\u0117.<\/p>\n<\/li>\n<li data-start=\"1478\" data-end=\"1565\">\n<p data-start=\"1480\" data-end=\"1565\"><strong data-start=\"1480\" data-end=\"1516\">Padeda apsaugoti nuo i\u0161saus\u0117jimo<\/strong> \u2013 bi\u010di\u0173 va\u0161kas sukuria lengv\u0105 apsaugin\u0119 pl\u0117vel\u0119.<\/p>\n<\/li>\n<\/ul>\n<hr data-start=\"1567\" data-end=\"1570\" \/>\n<h3 data-start=\"1572\" data-end=\"1586\">Naudojimas<\/h3>\n<p data-start=\"1587\" data-end=\"1673\">Tolygiai u\u017epurk\u0161kite ir paskirstykite aliej\u0173 <strong data-start=\"1632\" data-end=\"1658\">sukamaisiais judesiais<\/strong> per vis\u0105 k\u016bn\u0105.<\/p>\n<hr data-start=\"1675\" data-end=\"1678\" \/>\n<h3 data-start=\"1680\" data-end=\"1698\">Sud\u0117tis (INCI)<\/h3>\n<p data-start=\"1699\" data-end=\"2493\">Prunus Amydalus Dulcis (Sweet Almond) Oil, Cocos Nucifera (Coconut) Oil, Sesanum Indicum (Sesame) Seed Oil, Persea Gratissima (Avocado) Oil, Triticum Vulgera (Wheat) Germ Oil, Zea Mays (Corn) Oil, Olea Europaea (Olive) Fruit Oil*, Caprylic\/Capric Triglyceride, Cera Alba (Beeswax), Daucus Carota Sativa (Carrot) Extract, Gardenia Taitensis Flower, Calendula Officinalis (Calendula) Flower Extract, Squalane, Tocopherol, Lecithin, Ascorbyl Palmitate, Helianthus Annuus (Sunflower) Seed Oil, Hydrogenated Coco \u2013 Glycerides, Sclareolide, Plukentia Volubilis Seed Oil, 7-Dehydrocholesterol, Propyl Gallate, Tocopheryl Acetate, C13-15 Alkane, Polyethylene Teraphthalate, Isobutylphenoxy Epoxy Resin, Parfum (Fragrance), Coumarin, Limonene, CI77000, CI16035, CI19140, CI77491. *Organically Cultivated<\/p>\n<\/div>\n","protected":false},"excerpt":{"rendered":"<p>Spindesio suteikiantis \u012fdegio aliejus su bi\u010di\u0173 va\u0161ku, ekologi\u0161ku alyvuogi\u0173, Monoi De Tahiti ir mork\u0173 aliejais \u2013 dr\u0117kina, maitina ir pary\u0161kina \u012fdeg\u012f.<\/p>\n","protected":false},"featured_media":67434,"template":"","meta":[],"product_brand":[1580],"product_cat":[1350,731],"product_tag":[1587],"class_list":{"0":"post-70728","1":"product","2":"type-product","3":"status-publish","4":"has-post-thumbnail","6":"product_brand-anaplasis","7":"product_cat-idegio-priemones","8":"product_cat-kunui","9":"product_tag-anaplasis","11":"first","12":"instock","13":"sale","14":"purchasable","15":"product-type-simple"},"yoast_head":"<!-- This site is optimized with the Yoast SEO plugin v27.4 - https:\/\/yoast.com\/product\/yoast-seo-wordpress\/ -->\n<title>ANAPLASIS BEACHY GLOW Glowing Oil spindesio suteikiantis \u012fdegio aliejus, 200ml - MalinaShop.lt J\u016bs\u0173 sveikatai ir gro\u017eiui.<\/title>\n<meta name=\"description\" content=\"ANAPLASIS Beachy Glow Glowing Oil \u2013 spindesio suteikiantis \u012fdegio aliejus su bi\u010di\u0173 va\u0161ku, ekologi\u0161ku alyvuogi\u0173, Monoi De Tahiti ir mork\u0173 aliejais.\" \/>\n<meta name=\"robots\" content=\"index, follow, max-snippet:-1, max-image-preview:large, max-video-preview:-1\" \/>\n<link rel=\"canonical\" href=\"https:\/\/www.malinashop.lt\/en\/shop\/anaplasis-beachy-glow-glowing-oil-spindesio-suteikiantis-idegio-aliejus-200ml\/\" \/>\n<meta property=\"og:locale\" content=\"en_GB\" \/>\n<meta property=\"og:type\" content=\"article\" \/>\n<meta property=\"og:title\" content=\"ANAPLASIS BEACHY GLOW Glowing Oil spindesio suteikiantis \u012fdegio aliejus, 200ml - MalinaShop.lt J\u016bs\u0173 sveikatai ir gro\u017eiui.\" \/>\n<meta property=\"og:description\" content=\"ANAPLASIS Beachy Glow Glowing Oil \u2013 spindesio suteikiantis \u012fdegio aliejus su bi\u010di\u0173 va\u0161ku, ekologi\u0161ku alyvuogi\u0173, Monoi De Tahiti ir mork\u0173 aliejais.\" \/>\n<meta property=\"og:url\" content=\"https:\/\/www.malinashop.lt\/en\/shop\/anaplasis-beachy-glow-glowing-oil-spindesio-suteikiantis-idegio-aliejus-200ml\/\" \/>\n<meta property=\"og:site_name\" content=\"MalinaShop.lt J\u016bs\u0173 sveikatai ir gro\u017eiui.\" \/>\n<meta property=\"article:modified_time\" content=\"2026-02-10T08:42:32+00:00\" \/>\n<meta property=\"og:image\" content=\"https:\/\/www.malinashop.lt\/wp-content\/uploads\/2025\/11\/5200137590657.jpg\" \/>\n\t<meta property=\"og:image:width\" content=\"1000\" \/>\n\t<meta property=\"og:image:height\" content=\"1000\" \/>\n\t<meta property=\"og:image:type\" content=\"image\/jpeg\" \/>\n<meta name=\"twitter:card\" content=\"summary_large_image\" \/>\n<script type=\"application\/ld+json\" class=\"yoast-schema-graph\">{\"@context\":\"https:\\\/\\\/schema.org\",\"@graph\":[{\"@type\":\"WebPage\",\"@id\":\"https:\\\/\\\/www.malinashop.lt\\\/en\\\/shop\\\/anaplasis-beachy-glow-glowing-oil-spindesio-suteikiantis-idegio-aliejus-200ml\\\/\",\"url\":\"https:\\\/\\\/www.malinashop.lt\\\/en\\\/shop\\\/anaplasis-beachy-glow-glowing-oil-spindesio-suteikiantis-idegio-aliejus-200ml\\\/\",\"name\":\"ANAPLASIS BEACHY GLOW Glowing Oil spindesio suteikiantis \u012fdegio aliejus, 200ml - MalinaShop.lt J\u016bs\u0173 sveikatai ir gro\u017eiui.\",\"isPartOf\":{\"@id\":\"https:\\\/\\\/www.malinashop.lt\\\/#website\"},\"primaryImageOfPage\":{\"@id\":\"https:\\\/\\\/www.malinashop.lt\\\/en\\\/shop\\\/anaplasis-beachy-glow-glowing-oil-spindesio-suteikiantis-idegio-aliejus-200ml\\\/#primaryimage\"},\"image\":{\"@id\":\"https:\\\/\\\/www.malinashop.lt\\\/en\\\/shop\\\/anaplasis-beachy-glow-glowing-oil-spindesio-suteikiantis-idegio-aliejus-200ml\\\/#primaryimage\"},\"thumbnailUrl\":\"https:\\\/\\\/www.malinashop.lt\\\/wp-content\\\/uploads\\\/2025\\\/11\\\/5200137590657.jpg\",\"datePublished\":\"2025-01-29T15:10:05+00:00\",\"dateModified\":\"2026-02-10T08:42:32+00:00\",\"description\":\"ANAPLASIS Beachy Glow Glowing Oil \u2013 spindesio suteikiantis \u012fdegio aliejus su bi\u010di\u0173 va\u0161ku, ekologi\u0161ku alyvuogi\u0173, Monoi De Tahiti ir mork\u0173 aliejais.\",\"breadcrumb\":{\"@id\":\"https:\\\/\\\/www.malinashop.lt\\\/en\\\/shop\\\/anaplasis-beachy-glow-glowing-oil-spindesio-suteikiantis-idegio-aliejus-200ml\\\/#breadcrumb\"},\"inLanguage\":\"en-GB\",\"potentialAction\":[{\"@type\":\"ReadAction\",\"target\":[\"https:\\\/\\\/www.malinashop.lt\\\/en\\\/shop\\\/anaplasis-beachy-glow-glowing-oil-spindesio-suteikiantis-idegio-aliejus-200ml\\\/\"]}]},{\"@type\":\"ImageObject\",\"inLanguage\":\"en-GB\",\"@id\":\"https:\\\/\\\/www.malinashop.lt\\\/en\\\/shop\\\/anaplasis-beachy-glow-glowing-oil-spindesio-suteikiantis-idegio-aliejus-200ml\\\/#primaryimage\",\"url\":\"https:\\\/\\\/www.malinashop.lt\\\/wp-content\\\/uploads\\\/2025\\\/11\\\/5200137590657.jpg\",\"contentUrl\":\"https:\\\/\\\/www.malinashop.lt\\\/wp-content\\\/uploads\\\/2025\\\/11\\\/5200137590657.jpg\",\"width\":1000,\"height\":1000},{\"@type\":\"BreadcrumbList\",\"@id\":\"https:\\\/\\\/www.malinashop.lt\\\/en\\\/shop\\\/anaplasis-beachy-glow-glowing-oil-spindesio-suteikiantis-idegio-aliejus-200ml\\\/#breadcrumb\",\"itemListElement\":[{\"@type\":\"ListItem\",\"position\":1,\"name\":\"Pagrindinis\",\"item\":\"https:\\\/\\\/www.malinashop.lt\\\/\"},{\"@type\":\"ListItem\",\"position\":2,\"name\":\"Parduotuv\u0117\",\"item\":\"https:\\\/\\\/www.malinashop.lt\\\/en\\\/parduotuve\\\/\"},{\"@type\":\"ListItem\",\"position\":3,\"name\":\"ANAPLASIS BEACHY GLOW Glowing Oil spindesio suteikiantis \u012fdegio aliejus, 200ml\"}]},{\"@type\":\"WebSite\",\"@id\":\"https:\\\/\\\/www.malinashop.lt\\\/#website\",\"url\":\"https:\\\/\\\/www.malinashop.lt\\\/\",\"name\":\"COM Group Ecommerce\",\"description\":\"MalinaShop.lt - Gro\u017eio ir sveikatos produktai i\u0161 patikim\u0173 preki\u0173 \u017eenkl\u0173. Atraskite auk\u0161tos kokyb\u0117s kosmetik\u0105 u\u017e puiki\u0105 kain\u0105.\",\"publisher\":{\"@id\":\"https:\\\/\\\/www.malinashop.lt\\\/#organization\"},\"potentialAction\":[{\"@type\":\"SearchAction\",\"target\":{\"@type\":\"EntryPoint\",\"urlTemplate\":\"https:\\\/\\\/www.malinashop.lt\\\/?s={search_term_string}\"},\"query-input\":{\"@type\":\"PropertyValueSpecification\",\"valueRequired\":true,\"valueName\":\"search_term_string\"}}],\"inLanguage\":\"en-GB\"},{\"@type\":\"Organization\",\"@id\":\"https:\\\/\\\/www.malinashop.lt\\\/#organization\",\"name\":\"COM Group Ecommerce\",\"url\":\"https:\\\/\\\/www.malinashop.lt\\\/\",\"logo\":{\"@type\":\"ImageObject\",\"inLanguage\":\"en-GB\",\"@id\":\"https:\\\/\\\/www.malinashop.lt\\\/#\\\/schema\\\/logo\\\/image\\\/\",\"url\":\"https:\\\/\\\/www.malinashop.lt\\\/wp-content\\\/uploads\\\/2024\\\/08\\\/462559670_3787732518133670_9795632669273463_n-e1731525914575.png\",\"contentUrl\":\"https:\\\/\\\/www.malinashop.lt\\\/wp-content\\\/uploads\\\/2024\\\/08\\\/462559670_3787732518133670_9795632669273463_n-e1731525914575.png\",\"width\":180,\"height\":60,\"caption\":\"COM Group Ecommerce\"},\"image\":{\"@id\":\"https:\\\/\\\/www.malinashop.lt\\\/#\\\/schema\\\/logo\\\/image\\\/\"}}]}<\/script>\n<!-- \/ Yoast SEO plugin. -->","yoast_head_json":{"title":"ANAPLASIS BEACHY GLOW Glowing Oil spindesio suteikiantis \u012fdegio aliejus, 200ml - MalinaShop.lt J\u016bs\u0173 sveikatai ir gro\u017eiui.","description":"ANAPLASIS Beachy Glow Glowing Oil \u2013 spindesio suteikiantis \u012fdegio aliejus su bi\u010di\u0173 va\u0161ku, ekologi\u0161ku alyvuogi\u0173, Monoi De Tahiti ir mork\u0173 aliejais.","robots":{"index":"index","follow":"follow","max-snippet":"max-snippet:-1","max-image-preview":"max-image-preview:large","max-video-preview":"max-video-preview:-1"},"canonical":"https:\/\/www.malinashop.lt\/en\/shop\/anaplasis-beachy-glow-glowing-oil-spindesio-suteikiantis-idegio-aliejus-200ml\/","og_locale":"en_GB","og_type":"article","og_title":"ANAPLASIS BEACHY GLOW Glowing Oil spindesio suteikiantis \u012fdegio aliejus, 200ml - MalinaShop.lt J\u016bs\u0173 sveikatai ir gro\u017eiui.","og_description":"ANAPLASIS Beachy Glow Glowing Oil \u2013 spindesio suteikiantis \u012fdegio aliejus su bi\u010di\u0173 va\u0161ku, ekologi\u0161ku alyvuogi\u0173, Monoi De Tahiti ir mork\u0173 aliejais.","og_url":"https:\/\/www.malinashop.lt\/en\/shop\/anaplasis-beachy-glow-glowing-oil-spindesio-suteikiantis-idegio-aliejus-200ml\/","og_site_name":"MalinaShop.lt J\u016bs\u0173 sveikatai ir gro\u017eiui.","article_modified_time":"2026-02-10T08:42:32+00:00","og_image":[{"width":1000,"height":1000,"url":"https:\/\/www.malinashop.lt\/wp-content\/uploads\/2025\/11\/5200137590657.jpg","type":"image\/jpeg"}],"twitter_card":"summary_large_image","schema":{"@context":"https:\/\/schema.org","@graph":[{"@type":"WebPage","@id":"https:\/\/www.malinashop.lt\/en\/shop\/anaplasis-beachy-glow-glowing-oil-spindesio-suteikiantis-idegio-aliejus-200ml\/","url":"https:\/\/www.malinashop.lt\/en\/shop\/anaplasis-beachy-glow-glowing-oil-spindesio-suteikiantis-idegio-aliejus-200ml\/","name":"ANAPLASIS BEACHY GLOW Glowing Oil spindesio suteikiantis \u012fdegio aliejus, 200ml - MalinaShop.lt J\u016bs\u0173 sveikatai ir gro\u017eiui.","isPartOf":{"@id":"https:\/\/www.malinashop.lt\/#website"},"primaryImageOfPage":{"@id":"https:\/\/www.malinashop.lt\/en\/shop\/anaplasis-beachy-glow-glowing-oil-spindesio-suteikiantis-idegio-aliejus-200ml\/#primaryimage"},"image":{"@id":"https:\/\/www.malinashop.lt\/en\/shop\/anaplasis-beachy-glow-glowing-oil-spindesio-suteikiantis-idegio-aliejus-200ml\/#primaryimage"},"thumbnailUrl":"https:\/\/www.malinashop.lt\/wp-content\/uploads\/2025\/11\/5200137590657.jpg","datePublished":"2025-01-29T15:10:05+00:00","dateModified":"2026-02-10T08:42:32+00:00","description":"ANAPLASIS Beachy Glow Glowing Oil \u2013 spindesio suteikiantis \u012fdegio aliejus su bi\u010di\u0173 va\u0161ku, ekologi\u0161ku alyvuogi\u0173, Monoi De Tahiti ir mork\u0173 aliejais.","breadcrumb":{"@id":"https:\/\/www.malinashop.lt\/en\/shop\/anaplasis-beachy-glow-glowing-oil-spindesio-suteikiantis-idegio-aliejus-200ml\/#breadcrumb"},"inLanguage":"en-GB","potentialAction":[{"@type":"ReadAction","target":["https:\/\/www.malinashop.lt\/en\/shop\/anaplasis-beachy-glow-glowing-oil-spindesio-suteikiantis-idegio-aliejus-200ml\/"]}]},{"@type":"ImageObject","inLanguage":"en-GB","@id":"https:\/\/www.malinashop.lt\/en\/shop\/anaplasis-beachy-glow-glowing-oil-spindesio-suteikiantis-idegio-aliejus-200ml\/#primaryimage","url":"https:\/\/www.malinashop.lt\/wp-content\/uploads\/2025\/11\/5200137590657.jpg","contentUrl":"https:\/\/www.malinashop.lt\/wp-content\/uploads\/2025\/11\/5200137590657.jpg","width":1000,"height":1000},{"@type":"BreadcrumbList","@id":"https:\/\/www.malinashop.lt\/en\/shop\/anaplasis-beachy-glow-glowing-oil-spindesio-suteikiantis-idegio-aliejus-200ml\/#breadcrumb","itemListElement":[{"@type":"ListItem","position":1,"name":"Pagrindinis","item":"https:\/\/www.malinashop.lt\/"},{"@type":"ListItem","position":2,"name":"Parduotuv\u0117","item":"https:\/\/www.malinashop.lt\/en\/parduotuve\/"},{"@type":"ListItem","position":3,"name":"ANAPLASIS BEACHY GLOW Glowing Oil spindesio suteikiantis \u012fdegio aliejus, 200ml"}]},{"@type":"WebSite","@id":"https:\/\/www.malinashop.lt\/#website","url":"https:\/\/www.malinashop.lt\/","name":"COM Group Ecommerce","description":"MalinaShop.lt - Gro\u017eio ir sveikatos produktai i\u0161 patikim\u0173 preki\u0173 \u017eenkl\u0173. Atraskite auk\u0161tos kokyb\u0117s kosmetik\u0105 u\u017e puiki\u0105 kain\u0105.","publisher":{"@id":"https:\/\/www.malinashop.lt\/#organization"},"potentialAction":[{"@type":"SearchAction","target":{"@type":"EntryPoint","urlTemplate":"https:\/\/www.malinashop.lt\/?s={search_term_string}"},"query-input":{"@type":"PropertyValueSpecification","valueRequired":true,"valueName":"search_term_string"}}],"inLanguage":"en-GB"},{"@type":"Organization","@id":"https:\/\/www.malinashop.lt\/#organization","name":"COM Group Ecommerce","url":"https:\/\/www.malinashop.lt\/","logo":{"@type":"ImageObject","inLanguage":"en-GB","@id":"https:\/\/www.malinashop.lt\/#\/schema\/logo\/image\/","url":"https:\/\/www.malinashop.lt\/wp-content\/uploads\/2024\/08\/462559670_3787732518133670_9795632669273463_n-e1731525914575.png","contentUrl":"https:\/\/www.malinashop.lt\/wp-content\/uploads\/2024\/08\/462559670_3787732518133670_9795632669273463_n-e1731525914575.png","width":180,"height":60,"caption":"COM Group Ecommerce"},"image":{"@id":"https:\/\/www.malinashop.lt\/#\/schema\/logo\/image\/"}}]}},"jetpack_sharing_enabled":true,"_links":{"self":[{"href":"https:\/\/www.malinashop.lt\/en\/wp-json\/wp\/v2\/product\/70728","targetHints":{"allow":["GET"]}}],"collection":[{"href":"https:\/\/www.malinashop.lt\/en\/wp-json\/wp\/v2\/product"}],"about":[{"href":"https:\/\/www.malinashop.lt\/en\/wp-json\/wp\/v2\/types\/product"}],"version-history":[{"count":2,"href":"https:\/\/www.malinashop.lt\/en\/wp-json\/wp\/v2\/product\/70728\/revisions"}],"predecessor-version":[{"id":73555,"href":"https:\/\/www.malinashop.lt\/en\/wp-json\/wp\/v2\/product\/70728\/revisions\/73555"}],"wp:featuredmedia":[{"embeddable":true,"href":"https:\/\/www.malinashop.lt\/en\/wp-json\/wp\/v2\/media\/67434"}],"wp:attachment":[{"href":"https:\/\/www.malinashop.lt\/en\/wp-json\/wp\/v2\/media?parent=70728"}],"wp:term":[{"taxonomy":"product_brand","embeddable":true,"href":"https:\/\/www.malinashop.lt\/en\/wp-json\/wp\/v2\/product_brand?post=70728"},{"taxonomy":"product_cat","embeddable":true,"href":"https:\/\/www.malinashop.lt\/en\/wp-json\/wp\/v2\/product_cat?post=70728"},{"taxonomy":"product_tag","embeddable":true,"href":"https:\/\/www.malinashop.lt\/en\/wp-json\/wp\/v2\/product_tag?post=70728"}],"curies":[{"name":"wp","href":"https:\/\/api.w.org\/{rel}","templated":true}]}}