{"id":70722,"date":"2025-11-25T18:31:05","date_gmt":"2025-11-25T15:31:05","guid":{"rendered":"https:\/\/malinashop.lt\/?post_type=product&#038;p=70722"},"modified":"2026-02-10T11:42:31","modified_gmt":"2026-02-10T08:42:31","slug":"anaplasis-beachy-tan-tanning-oil-idegi-skatinantis-aliejus-100ml","status":"publish","type":"product","link":"https:\/\/www.malinashop.lt\/en\/shop\/anaplasis-beachy-tan-tanning-oil-idegi-skatinantis-aliejus-100ml\/","title":{"rendered":"ANAPLASIS BEACHY TAN Tanning Oil \u012fdeg\u012f skatinantis aliejus, 100ml"},"content":{"rendered":"<p data-start=\"185\" data-end=\"553\"><strong data-start=\"185\" data-end=\"221\">ANAPLASIS Beachy Tan Tanning Oil<\/strong> \u2013 \u012fdeg\u012f skatinantis aliejus, skirtas norintiems pasiekti <strong data-start=\"279\" data-end=\"314\">gra\u017e\u0173, tolyg\u0173 ir nat\u016bral\u0173 \u012fdeg\u012f<\/strong>, kartu intensyviau puosel\u0117jant od\u0105 saul\u0117s metu. Formul\u0117 praturtinta <strong data-start=\"383\" data-end=\"408\">nat\u016braliu bi\u010di\u0173 va\u0161ku<\/strong> bei vertingais aliejais: <strong data-start=\"434\" data-end=\"458\">ekologi\u0161ku alyvuogi\u0173<\/strong>, <strong data-start=\"460\" data-end=\"479\">Monoi De Tahiti<\/strong> ir <strong data-start=\"483\" data-end=\"492\">mork\u0173<\/strong> aliejumi, kurie padeda i\u0161laikyti odos komfort\u0105 ir mink\u0161tum\u0105.<\/p>\n<p data-start=\"555\" data-end=\"885\">Mork\u0173 ekstraktas ir Monoi De Tahiti aliejus prisideda prie dailesnio \u012fdegio i\u0161ry\u0161kinimo, o <strong data-start=\"646\" data-end=\"667\">alyvuogi\u0173 aliejus<\/strong> kartu su <strong data-start=\"677\" data-end=\"692\">bi\u010di\u0173 va\u0161ku<\/strong> padeda i\u0161laikyti dr\u0117gm\u0119, maitina ir ma\u017eina i\u0161saus\u0117jimo poj\u016bt\u012f. Bi\u010di\u0173 va\u0161kas sukuria lengv\u0105 apsaugin\u012f sluoksn\u012f, kuris padeda apsaugoti od\u0105 nuo i\u0161orini\u0173 veiksni\u0173 ir i\u0161laikyti malon\u0173 odos poj\u016bt\u012f.<\/p>\n<p data-start=\"887\" data-end=\"988\"><strong data-start=\"887\" data-end=\"902\">Rezultatas:<\/strong> oda atrodo glotni, elastinga, pamaitinta, o \u012fdegis \u2013 vizualiai lygesnis ir gra\u017eesnis.<\/p>\n<blockquote data-start=\"990\" data-end=\"1100\">\n<p data-start=\"992\" data-end=\"1100\">Pastaba: tai \u012fdegio aliejus, o ne SPF apsauga. Jei reikalinga UV apsauga, papildomai naudokite SPF priemon\u0119.<\/p>\n<\/blockquote>\n<hr data-start=\"1102\" data-end=\"1105\" \/>\n<h3 data-start=\"1107\" data-end=\"1130\">Aliejaus privalumai<\/h3>\n<ul data-start=\"1131\" data-end=\"1453\">\n<li data-start=\"1131\" data-end=\"1246\">\n<p data-start=\"1133\" data-end=\"1246\"><strong data-start=\"1133\" data-end=\"1169\">Skatina tolyg\u0173 ir nat\u016bral\u0173 \u012fdeg\u012f<\/strong> \u2013 mork\u0173 ir Monoi De Tahiti aliejai padeda grei\u010diau i\u0161gauti gra\u017e\u0173 atspalv\u012f.<\/p>\n<\/li>\n<li data-start=\"1247\" data-end=\"1338\">\n<p data-start=\"1249\" data-end=\"1338\"><strong data-start=\"1249\" data-end=\"1275\">Dr\u0117kina ir maitina od\u0105<\/strong> \u2013 alyvuogi\u0173 aliejus ir bi\u010di\u0173 va\u0161kas padeda sulaikyti dr\u0117gm\u0119.<\/p>\n<\/li>\n<li data-start=\"1339\" data-end=\"1453\">\n<p data-start=\"1341\" data-end=\"1453\"><strong data-start=\"1341\" data-end=\"1377\">Padeda apsaugoti nuo i\u0161saus\u0117jimo<\/strong> \u2013 bi\u010di\u0173 va\u0161kas sukuria lengv\u0105 apsaugin\u0119 pl\u0117vel\u0119 ir didina komfort\u0105 saul\u0117je.<\/p>\n<\/li>\n<\/ul>\n<hr data-start=\"1455\" data-end=\"1458\" \/>\n<h3 data-start=\"1460\" data-end=\"1474\">Naudojimas<\/h3>\n<p data-start=\"1475\" data-end=\"1561\">Tolygiai u\u017epurk\u0161kite ir paskirstykite aliej\u0173 <strong data-start=\"1520\" data-end=\"1546\">sukamaisiais judesiais<\/strong> per vis\u0105 k\u016bn\u0105.<\/p>\n<hr data-start=\"1563\" data-end=\"1566\" \/>\n<h3 data-start=\"1568\" data-end=\"1586\">Sud\u0117tis (INCI)<\/h3>\n<p data-start=\"1587\" data-end=\"2288\">Prunus Amydalus Dulcis (Sweet Almond) Oil, Cocos Nucifera (Coconut) Oil, Sesanum Indicum (Sesame) Seed Oil, Persea Gratissima (Avocado) Oil, Triticum Vulgera (Wheat) Germ Oil, Zea Mays (Corn) Oil, Olea Europaea (Olive) Fruit Oil*, Caprylic\/Capric Triglyceride, Cera Alba (Beeswax), Daucus Carota Sativa (Carrot) Extract, Gardenia Taitensis Flower, Calendula Officinalis (Calendula) Flower Extract, Squalane, Tocopherol, Lecithin, Ascorbyl Palmitate, Helianthus Annuus (Sunflower) Seed Oil, Hydrogenated Coco \u2013 Glycerides, Sclareolide, Plukentia Volubilis Seed Oil, 7-Dehydrocholesterol, Propyl Gallate, Tocopheryl Acetate, C13-15 Alkane, Parfum (Fragrance), Coumarin, Limonene. *Organically Cultivated<\/p>\n","protected":false},"excerpt":{"rendered":"<p data-start=\"2316\" data-end=\"2463\">\u012edeg\u012f skatinantis aliejus su bi\u010di\u0173 va\u0161ku, ekologi\u0161ku alyvuogi\u0173, Monoi De Tahiti ir mork\u0173 aliejais \u2013 padeda tolygiai \u012fdegti, dr\u0117kina ir maitina od\u0105.<\/p>\n","protected":false},"featured_media":67425,"template":"","meta":[],"product_brand":[1580],"product_cat":[1350,731],"product_tag":[1587],"class_list":{"0":"post-70722","1":"product","2":"type-product","3":"status-publish","4":"has-post-thumbnail","6":"product_brand-anaplasis","7":"product_cat-idegio-priemones","8":"product_cat-kunui","9":"product_tag-anaplasis","11":"first","12":"instock","13":"sale","14":"purchasable","15":"product-type-simple"},"yoast_head":"<!-- This site is optimized with the Yoast SEO plugin v27.4 - https:\/\/yoast.com\/product\/yoast-seo-wordpress\/ -->\n<title>ANAPLASIS BEACHY TAN Tanning Oil \u012fdeg\u012f skatinantis aliejus, 100ml - MalinaShop.lt J\u016bs\u0173 sveikatai ir gro\u017eiui.<\/title>\n<meta name=\"description\" content=\"ANAPLASIS Beachy Tan Tanning Oil \u2013 \u012fdeg\u012f skatinantis aliejus su bi\u010di\u0173 va\u0161ku, ekologi\u0161ku alyvuogi\u0173, Monoi De Tahiti ir mork\u0173 aliejais.\" \/>\n<meta name=\"robots\" content=\"index, follow, max-snippet:-1, max-image-preview:large, max-video-preview:-1\" \/>\n<link rel=\"canonical\" href=\"https:\/\/www.malinashop.lt\/en\/shop\/anaplasis-beachy-tan-tanning-oil-idegi-skatinantis-aliejus-100ml\/\" \/>\n<meta property=\"og:locale\" content=\"en_GB\" \/>\n<meta property=\"og:type\" content=\"article\" \/>\n<meta property=\"og:title\" content=\"ANAPLASIS BEACHY TAN Tanning Oil \u012fdeg\u012f skatinantis aliejus, 100ml - MalinaShop.lt J\u016bs\u0173 sveikatai ir gro\u017eiui.\" \/>\n<meta property=\"og:description\" content=\"ANAPLASIS Beachy Tan Tanning Oil \u2013 \u012fdeg\u012f skatinantis aliejus su bi\u010di\u0173 va\u0161ku, ekologi\u0161ku alyvuogi\u0173, Monoi De Tahiti ir mork\u0173 aliejais.\" \/>\n<meta property=\"og:url\" content=\"https:\/\/www.malinashop.lt\/en\/shop\/anaplasis-beachy-tan-tanning-oil-idegi-skatinantis-aliejus-100ml\/\" \/>\n<meta property=\"og:site_name\" content=\"MalinaShop.lt J\u016bs\u0173 sveikatai ir gro\u017eiui.\" \/>\n<meta property=\"article:modified_time\" content=\"2026-02-10T08:42:31+00:00\" \/>\n<meta property=\"og:image\" content=\"https:\/\/www.malinashop.lt\/wp-content\/uploads\/2025\/11\/5200137590084.jpg\" \/>\n\t<meta property=\"og:image:width\" content=\"1000\" \/>\n\t<meta property=\"og:image:height\" content=\"1000\" \/>\n\t<meta property=\"og:image:type\" content=\"image\/jpeg\" \/>\n<meta name=\"twitter:card\" content=\"summary_large_image\" \/>\n<script type=\"application\/ld+json\" class=\"yoast-schema-graph\">{\"@context\":\"https:\\\/\\\/schema.org\",\"@graph\":[{\"@type\":\"WebPage\",\"@id\":\"https:\\\/\\\/www.malinashop.lt\\\/en\\\/shop\\\/anaplasis-beachy-tan-tanning-oil-idegi-skatinantis-aliejus-100ml\\\/\",\"url\":\"https:\\\/\\\/www.malinashop.lt\\\/en\\\/shop\\\/anaplasis-beachy-tan-tanning-oil-idegi-skatinantis-aliejus-100ml\\\/\",\"name\":\"ANAPLASIS BEACHY TAN Tanning Oil \u012fdeg\u012f skatinantis aliejus, 100ml - MalinaShop.lt J\u016bs\u0173 sveikatai ir gro\u017eiui.\",\"isPartOf\":{\"@id\":\"https:\\\/\\\/www.malinashop.lt\\\/en\\\/#website\"},\"primaryImageOfPage\":{\"@id\":\"https:\\\/\\\/www.malinashop.lt\\\/en\\\/shop\\\/anaplasis-beachy-tan-tanning-oil-idegi-skatinantis-aliejus-100ml\\\/#primaryimage\"},\"image\":{\"@id\":\"https:\\\/\\\/www.malinashop.lt\\\/en\\\/shop\\\/anaplasis-beachy-tan-tanning-oil-idegi-skatinantis-aliejus-100ml\\\/#primaryimage\"},\"thumbnailUrl\":\"https:\\\/\\\/www.malinashop.lt\\\/wp-content\\\/uploads\\\/2025\\\/11\\\/5200137590084.jpg\",\"datePublished\":\"2025-11-25T15:31:05+00:00\",\"dateModified\":\"2026-02-10T08:42:31+00:00\",\"description\":\"ANAPLASIS Beachy Tan Tanning Oil \u2013 \u012fdeg\u012f skatinantis aliejus su bi\u010di\u0173 va\u0161ku, ekologi\u0161ku alyvuogi\u0173, Monoi De Tahiti ir mork\u0173 aliejais.\",\"breadcrumb\":{\"@id\":\"https:\\\/\\\/www.malinashop.lt\\\/en\\\/shop\\\/anaplasis-beachy-tan-tanning-oil-idegi-skatinantis-aliejus-100ml\\\/#breadcrumb\"},\"inLanguage\":\"en-GB\",\"potentialAction\":[{\"@type\":\"ReadAction\",\"target\":[\"https:\\\/\\\/www.malinashop.lt\\\/en\\\/shop\\\/anaplasis-beachy-tan-tanning-oil-idegi-skatinantis-aliejus-100ml\\\/\"]}]},{\"@type\":\"ImageObject\",\"inLanguage\":\"en-GB\",\"@id\":\"https:\\\/\\\/www.malinashop.lt\\\/en\\\/shop\\\/anaplasis-beachy-tan-tanning-oil-idegi-skatinantis-aliejus-100ml\\\/#primaryimage\",\"url\":\"https:\\\/\\\/www.malinashop.lt\\\/wp-content\\\/uploads\\\/2025\\\/11\\\/5200137590084.jpg\",\"contentUrl\":\"https:\\\/\\\/www.malinashop.lt\\\/wp-content\\\/uploads\\\/2025\\\/11\\\/5200137590084.jpg\",\"width\":1000,\"height\":1000},{\"@type\":\"BreadcrumbList\",\"@id\":\"https:\\\/\\\/www.malinashop.lt\\\/en\\\/shop\\\/anaplasis-beachy-tan-tanning-oil-idegi-skatinantis-aliejus-100ml\\\/#breadcrumb\",\"itemListElement\":[{\"@type\":\"ListItem\",\"position\":1,\"name\":\"Home\",\"item\":\"https:\\\/\\\/www.malinashop.lt\\\/en\\\/\"},{\"@type\":\"ListItem\",\"position\":2,\"name\":\"Parduotuv\u0117\",\"item\":\"https:\\\/\\\/www.malinashop.lt\\\/en\\\/parduotuve\\\/\"},{\"@type\":\"ListItem\",\"position\":3,\"name\":\"ANAPLASIS BEACHY TAN Tanning Oil \u012fdeg\u012f skatinantis aliejus, 100ml\"}]},{\"@type\":\"WebSite\",\"@id\":\"https:\\\/\\\/www.malinashop.lt\\\/en\\\/#website\",\"url\":\"https:\\\/\\\/www.malinashop.lt\\\/en\\\/\",\"name\":\"COM Group Ecommerce\",\"description\":\"MalinaShop.lt - Gro\u017eio ir sveikatos produktai i\u0161 patikim\u0173 preki\u0173 \u017eenkl\u0173. Atraskite auk\u0161tos kokyb\u0117s kosmetik\u0105 u\u017e puiki\u0105 kain\u0105.\",\"publisher\":{\"@id\":\"https:\\\/\\\/www.malinashop.lt\\\/en\\\/#organization\"},\"potentialAction\":[{\"@type\":\"SearchAction\",\"target\":{\"@type\":\"EntryPoint\",\"urlTemplate\":\"https:\\\/\\\/www.malinashop.lt\\\/en\\\/?s={search_term_string}\"},\"query-input\":{\"@type\":\"PropertyValueSpecification\",\"valueRequired\":true,\"valueName\":\"search_term_string\"}}],\"inLanguage\":\"en-GB\"},{\"@type\":\"Organization\",\"@id\":\"https:\\\/\\\/www.malinashop.lt\\\/en\\\/#organization\",\"name\":\"COM Group Ecommerce\",\"url\":\"https:\\\/\\\/www.malinashop.lt\\\/en\\\/\",\"logo\":{\"@type\":\"ImageObject\",\"inLanguage\":\"en-GB\",\"@id\":\"https:\\\/\\\/www.malinashop.lt\\\/en\\\/#\\\/schema\\\/logo\\\/image\\\/\",\"url\":\"https:\\\/\\\/www.malinashop.lt\\\/wp-content\\\/uploads\\\/2024\\\/08\\\/462559670_3787732518133670_9795632669273463_n-e1731525914575.png\",\"contentUrl\":\"https:\\\/\\\/www.malinashop.lt\\\/wp-content\\\/uploads\\\/2024\\\/08\\\/462559670_3787732518133670_9795632669273463_n-e1731525914575.png\",\"width\":180,\"height\":60,\"caption\":\"COM Group Ecommerce\"},\"image\":{\"@id\":\"https:\\\/\\\/www.malinashop.lt\\\/en\\\/#\\\/schema\\\/logo\\\/image\\\/\"}}]}<\/script>\n<!-- \/ Yoast SEO plugin. -->","yoast_head_json":{"title":"ANAPLASIS BEACHY TAN Tanning Oil \u012fdeg\u012f skatinantis aliejus, 100ml - MalinaShop.lt J\u016bs\u0173 sveikatai ir gro\u017eiui.","description":"ANAPLASIS Beachy Tan Tanning Oil \u2013 \u012fdeg\u012f skatinantis aliejus su bi\u010di\u0173 va\u0161ku, ekologi\u0161ku alyvuogi\u0173, Monoi De Tahiti ir mork\u0173 aliejais.","robots":{"index":"index","follow":"follow","max-snippet":"max-snippet:-1","max-image-preview":"max-image-preview:large","max-video-preview":"max-video-preview:-1"},"canonical":"https:\/\/www.malinashop.lt\/en\/shop\/anaplasis-beachy-tan-tanning-oil-idegi-skatinantis-aliejus-100ml\/","og_locale":"en_GB","og_type":"article","og_title":"ANAPLASIS BEACHY TAN Tanning Oil \u012fdeg\u012f skatinantis aliejus, 100ml - MalinaShop.lt J\u016bs\u0173 sveikatai ir gro\u017eiui.","og_description":"ANAPLASIS Beachy Tan Tanning Oil \u2013 \u012fdeg\u012f skatinantis aliejus su bi\u010di\u0173 va\u0161ku, ekologi\u0161ku alyvuogi\u0173, Monoi De Tahiti ir mork\u0173 aliejais.","og_url":"https:\/\/www.malinashop.lt\/en\/shop\/anaplasis-beachy-tan-tanning-oil-idegi-skatinantis-aliejus-100ml\/","og_site_name":"MalinaShop.lt J\u016bs\u0173 sveikatai ir gro\u017eiui.","article_modified_time":"2026-02-10T08:42:31+00:00","og_image":[{"width":1000,"height":1000,"url":"https:\/\/www.malinashop.lt\/wp-content\/uploads\/2025\/11\/5200137590084.jpg","type":"image\/jpeg"}],"twitter_card":"summary_large_image","schema":{"@context":"https:\/\/schema.org","@graph":[{"@type":"WebPage","@id":"https:\/\/www.malinashop.lt\/en\/shop\/anaplasis-beachy-tan-tanning-oil-idegi-skatinantis-aliejus-100ml\/","url":"https:\/\/www.malinashop.lt\/en\/shop\/anaplasis-beachy-tan-tanning-oil-idegi-skatinantis-aliejus-100ml\/","name":"ANAPLASIS BEACHY TAN Tanning Oil \u012fdeg\u012f skatinantis aliejus, 100ml - MalinaShop.lt J\u016bs\u0173 sveikatai ir gro\u017eiui.","isPartOf":{"@id":"https:\/\/www.malinashop.lt\/en\/#website"},"primaryImageOfPage":{"@id":"https:\/\/www.malinashop.lt\/en\/shop\/anaplasis-beachy-tan-tanning-oil-idegi-skatinantis-aliejus-100ml\/#primaryimage"},"image":{"@id":"https:\/\/www.malinashop.lt\/en\/shop\/anaplasis-beachy-tan-tanning-oil-idegi-skatinantis-aliejus-100ml\/#primaryimage"},"thumbnailUrl":"https:\/\/www.malinashop.lt\/wp-content\/uploads\/2025\/11\/5200137590084.jpg","datePublished":"2025-11-25T15:31:05+00:00","dateModified":"2026-02-10T08:42:31+00:00","description":"ANAPLASIS Beachy Tan Tanning Oil \u2013 \u012fdeg\u012f skatinantis aliejus su bi\u010di\u0173 va\u0161ku, ekologi\u0161ku alyvuogi\u0173, Monoi De Tahiti ir mork\u0173 aliejais.","breadcrumb":{"@id":"https:\/\/www.malinashop.lt\/en\/shop\/anaplasis-beachy-tan-tanning-oil-idegi-skatinantis-aliejus-100ml\/#breadcrumb"},"inLanguage":"en-GB","potentialAction":[{"@type":"ReadAction","target":["https:\/\/www.malinashop.lt\/en\/shop\/anaplasis-beachy-tan-tanning-oil-idegi-skatinantis-aliejus-100ml\/"]}]},{"@type":"ImageObject","inLanguage":"en-GB","@id":"https:\/\/www.malinashop.lt\/en\/shop\/anaplasis-beachy-tan-tanning-oil-idegi-skatinantis-aliejus-100ml\/#primaryimage","url":"https:\/\/www.malinashop.lt\/wp-content\/uploads\/2025\/11\/5200137590084.jpg","contentUrl":"https:\/\/www.malinashop.lt\/wp-content\/uploads\/2025\/11\/5200137590084.jpg","width":1000,"height":1000},{"@type":"BreadcrumbList","@id":"https:\/\/www.malinashop.lt\/en\/shop\/anaplasis-beachy-tan-tanning-oil-idegi-skatinantis-aliejus-100ml\/#breadcrumb","itemListElement":[{"@type":"ListItem","position":1,"name":"Home","item":"https:\/\/www.malinashop.lt\/en\/"},{"@type":"ListItem","position":2,"name":"Parduotuv\u0117","item":"https:\/\/www.malinashop.lt\/en\/parduotuve\/"},{"@type":"ListItem","position":3,"name":"ANAPLASIS BEACHY TAN Tanning Oil \u012fdeg\u012f skatinantis aliejus, 100ml"}]},{"@type":"WebSite","@id":"https:\/\/www.malinashop.lt\/en\/#website","url":"https:\/\/www.malinashop.lt\/en\/","name":"COM Group Ecommerce","description":"MalinaShop.lt - Gro\u017eio ir sveikatos produktai i\u0161 patikim\u0173 preki\u0173 \u017eenkl\u0173. Atraskite auk\u0161tos kokyb\u0117s kosmetik\u0105 u\u017e puiki\u0105 kain\u0105.","publisher":{"@id":"https:\/\/www.malinashop.lt\/en\/#organization"},"potentialAction":[{"@type":"SearchAction","target":{"@type":"EntryPoint","urlTemplate":"https:\/\/www.malinashop.lt\/en\/?s={search_term_string}"},"query-input":{"@type":"PropertyValueSpecification","valueRequired":true,"valueName":"search_term_string"}}],"inLanguage":"en-GB"},{"@type":"Organization","@id":"https:\/\/www.malinashop.lt\/en\/#organization","name":"COM Group Ecommerce","url":"https:\/\/www.malinashop.lt\/en\/","logo":{"@type":"ImageObject","inLanguage":"en-GB","@id":"https:\/\/www.malinashop.lt\/en\/#\/schema\/logo\/image\/","url":"https:\/\/www.malinashop.lt\/wp-content\/uploads\/2024\/08\/462559670_3787732518133670_9795632669273463_n-e1731525914575.png","contentUrl":"https:\/\/www.malinashop.lt\/wp-content\/uploads\/2024\/08\/462559670_3787732518133670_9795632669273463_n-e1731525914575.png","width":180,"height":60,"caption":"COM Group Ecommerce"},"image":{"@id":"https:\/\/www.malinashop.lt\/en\/#\/schema\/logo\/image\/"}}]}},"jetpack_sharing_enabled":true,"_links":{"self":[{"href":"https:\/\/www.malinashop.lt\/en\/wp-json\/wp\/v2\/product\/70722","targetHints":{"allow":["GET"]}}],"collection":[{"href":"https:\/\/www.malinashop.lt\/en\/wp-json\/wp\/v2\/product"}],"about":[{"href":"https:\/\/www.malinashop.lt\/en\/wp-json\/wp\/v2\/types\/product"}],"version-history":[{"count":2,"href":"https:\/\/www.malinashop.lt\/en\/wp-json\/wp\/v2\/product\/70722\/revisions"}],"predecessor-version":[{"id":73558,"href":"https:\/\/www.malinashop.lt\/en\/wp-json\/wp\/v2\/product\/70722\/revisions\/73558"}],"wp:featuredmedia":[{"embeddable":true,"href":"https:\/\/www.malinashop.lt\/en\/wp-json\/wp\/v2\/media\/67425"}],"wp:attachment":[{"href":"https:\/\/www.malinashop.lt\/en\/wp-json\/wp\/v2\/media?parent=70722"}],"wp:term":[{"taxonomy":"product_brand","embeddable":true,"href":"https:\/\/www.malinashop.lt\/en\/wp-json\/wp\/v2\/product_brand?post=70722"},{"taxonomy":"product_cat","embeddable":true,"href":"https:\/\/www.malinashop.lt\/en\/wp-json\/wp\/v2\/product_cat?post=70722"},{"taxonomy":"product_tag","embeddable":true,"href":"https:\/\/www.malinashop.lt\/en\/wp-json\/wp\/v2\/product_tag?post=70722"}],"curies":[{"name":"wp","href":"https:\/\/api.w.org\/{rel}","templated":true}]}}