{"id":70614,"date":"2025-11-25T18:30:42","date_gmt":"2025-11-25T15:30:42","guid":{"rendered":"https:\/\/malinashop.lt\/?post_type=product&#038;p=70614"},"modified":"2026-02-10T12:11:35","modified_gmt":"2026-02-10T09:11:35","slug":"frsh-scents-indigo-ice-pakabinamas-kvapas-1-vnt","status":"publish","type":"product","link":"https:\/\/www.malinashop.lt\/en\/shop\/frsh-scents-indigo-ice-pakabinamas-kvapas-1-vnt\/","title":{"rendered":"FRSH SCENTS INDIGO ICE pakabinamas kvapas, 1 vnt"},"content":{"rendered":"<p data-start=\"119\" data-end=\"411\"><strong data-start=\"119\" data-end=\"164\">FRSH SCENTS pakabinamas kvapas INDIGO ICE<\/strong> \u2013 tai gaivus, poj\u016b\u010dius \u017eadinantis aromatas, kuriame susilieja \u0161varos, v\u0117saus oro ir subtili\u0173 vyri\u0161k\u0173 kvepal\u0173 natos. Kvapas primena \u0161alt\u0105, skaidri\u0105 dien\u0105 ir gryname ore d\u017eiovintus skalbinius, suteikdamas aplinkai gaivos, ai\u0161kumo ir ramyb\u0117s poj\u016bt\u012f.<\/p>\n<p data-start=\"413\" data-end=\"638\">\u0160is pakabinamas kvapas puikiai tinka automobiliui, spintai ar kitoms nedidel\u0117ms erdv\u0117ms, kuriose norisi ilgai i\u0161liekan\u010dio, neperkraunan\u010dio aromato. Modernus dizainas leid\u017eia kvap\u0105 naudoti ne tik prakti\u0161kai, bet ir esteti\u0161kai.<\/p>\n<p data-start=\"640\" data-end=\"710\">Kvapas skleid\u017eiasi palaipsniui, tod\u0117l maloni gaiva i\u0161lieka ilg\u0105 laik\u0105.<\/p>\n","protected":false},"excerpt":{"rendered":"<p data-start=\"750\" data-end=\"885\">Gaivus pakabinamas kvapas su \u0161varos ir v\u0117saus oro natomis. Idealiai tinka automobiliui ar ma\u017eoms erdv\u0117ms, kur norisi ilgalaik\u0117s gaivos.<\/p>\n","protected":false},"featured_media":67256,"template":"","meta":[],"product_brand":[1557],"product_cat":[1568,573],"product_tag":[1601],"class_list":{"0":"post-70614","1":"product","2":"type-product","3":"status-publish","4":"has-post-thumbnail","6":"product_brand-frsh-scents","7":"product_cat-automobilio-kvapai","8":"product_cat-namu-kvapai-2","9":"product_tag-frsh-scents","11":"first","12":"instock","13":"sale","14":"purchasable","15":"product-type-simple"},"yoast_head":"<!-- This site is optimized with the Yoast SEO plugin v27.4 - https:\/\/yoast.com\/product\/yoast-seo-wordpress\/ -->\n<title>FRSH SCENTS INDIGO ICE pakabinamas kvapas, 1 vnt - MalinaShop.lt J\u016bs\u0173 sveikatai ir gro\u017eiui.<\/title>\n<meta name=\"description\" content=\"FRSH SCENTS INDIGO ICE pakabinamas kvapas \u2013 gaivus, \u0161varus aromatas su vyri\u0161k\u0173 kvepal\u0173 natomis. Puikus pasirinkimas automobiliui ar namams.\" \/>\n<meta name=\"robots\" content=\"index, follow, max-snippet:-1, max-image-preview:large, max-video-preview:-1\" \/>\n<link rel=\"canonical\" href=\"https:\/\/www.malinashop.lt\/en\/shop\/frsh-scents-indigo-ice-pakabinamas-kvapas-1-vnt\/\" \/>\n<meta property=\"og:locale\" content=\"en_GB\" \/>\n<meta property=\"og:type\" content=\"article\" \/>\n<meta property=\"og:title\" content=\"FRSH SCENTS INDIGO ICE pakabinamas kvapas, 1 vnt - MalinaShop.lt J\u016bs\u0173 sveikatai ir gro\u017eiui.\" \/>\n<meta property=\"og:description\" content=\"FRSH SCENTS INDIGO ICE pakabinamas kvapas \u2013 gaivus, \u0161varus aromatas su vyri\u0161k\u0173 kvepal\u0173 natomis. Puikus pasirinkimas automobiliui ar namams.\" \/>\n<meta property=\"og:url\" content=\"https:\/\/www.malinashop.lt\/en\/shop\/frsh-scents-indigo-ice-pakabinamas-kvapas-1-vnt\/\" \/>\n<meta property=\"og:site_name\" content=\"MalinaShop.lt J\u016bs\u0173 sveikatai ir gro\u017eiui.\" \/>\n<meta property=\"article:modified_time\" content=\"2026-02-10T09:11:35+00:00\" \/>\n<meta property=\"og:image\" content=\"https:\/\/www.malinashop.lt\/wp-content\/uploads\/2025\/11\/5037409099477.png\" \/>\n\t<meta property=\"og:image:width\" content=\"1000\" \/>\n\t<meta property=\"og:image:height\" content=\"1000\" \/>\n\t<meta property=\"og:image:type\" content=\"image\/png\" \/>\n<meta name=\"twitter:card\" content=\"summary_large_image\" \/>\n<script type=\"application\/ld+json\" class=\"yoast-schema-graph\">{\"@context\":\"https:\\\/\\\/schema.org\",\"@graph\":[{\"@type\":\"WebPage\",\"@id\":\"https:\\\/\\\/www.malinashop.lt\\\/en\\\/shop\\\/frsh-scents-indigo-ice-pakabinamas-kvapas-1-vnt\\\/\",\"url\":\"https:\\\/\\\/www.malinashop.lt\\\/en\\\/shop\\\/frsh-scents-indigo-ice-pakabinamas-kvapas-1-vnt\\\/\",\"name\":\"FRSH SCENTS INDIGO ICE pakabinamas kvapas, 1 vnt - MalinaShop.lt J\u016bs\u0173 sveikatai ir gro\u017eiui.\",\"isPartOf\":{\"@id\":\"https:\\\/\\\/www.malinashop.lt\\\/#website\"},\"primaryImageOfPage\":{\"@id\":\"https:\\\/\\\/www.malinashop.lt\\\/en\\\/shop\\\/frsh-scents-indigo-ice-pakabinamas-kvapas-1-vnt\\\/#primaryimage\"},\"image\":{\"@id\":\"https:\\\/\\\/www.malinashop.lt\\\/en\\\/shop\\\/frsh-scents-indigo-ice-pakabinamas-kvapas-1-vnt\\\/#primaryimage\"},\"thumbnailUrl\":\"https:\\\/\\\/www.malinashop.lt\\\/wp-content\\\/uploads\\\/2025\\\/11\\\/5037409099477.png\",\"datePublished\":\"2025-11-25T15:30:42+00:00\",\"dateModified\":\"2026-02-10T09:11:35+00:00\",\"description\":\"FRSH SCENTS INDIGO ICE pakabinamas kvapas \u2013 gaivus, \u0161varus aromatas su vyri\u0161k\u0173 kvepal\u0173 natomis. Puikus pasirinkimas automobiliui ar namams.\",\"breadcrumb\":{\"@id\":\"https:\\\/\\\/www.malinashop.lt\\\/en\\\/shop\\\/frsh-scents-indigo-ice-pakabinamas-kvapas-1-vnt\\\/#breadcrumb\"},\"inLanguage\":\"en-GB\",\"potentialAction\":[{\"@type\":\"ReadAction\",\"target\":[\"https:\\\/\\\/www.malinashop.lt\\\/en\\\/shop\\\/frsh-scents-indigo-ice-pakabinamas-kvapas-1-vnt\\\/\"]}]},{\"@type\":\"ImageObject\",\"inLanguage\":\"en-GB\",\"@id\":\"https:\\\/\\\/www.malinashop.lt\\\/en\\\/shop\\\/frsh-scents-indigo-ice-pakabinamas-kvapas-1-vnt\\\/#primaryimage\",\"url\":\"https:\\\/\\\/www.malinashop.lt\\\/wp-content\\\/uploads\\\/2025\\\/11\\\/5037409099477.png\",\"contentUrl\":\"https:\\\/\\\/www.malinashop.lt\\\/wp-content\\\/uploads\\\/2025\\\/11\\\/5037409099477.png\",\"width\":1000,\"height\":1000},{\"@type\":\"BreadcrumbList\",\"@id\":\"https:\\\/\\\/www.malinashop.lt\\\/en\\\/shop\\\/frsh-scents-indigo-ice-pakabinamas-kvapas-1-vnt\\\/#breadcrumb\",\"itemListElement\":[{\"@type\":\"ListItem\",\"position\":1,\"name\":\"Pagrindinis\",\"item\":\"https:\\\/\\\/www.malinashop.lt\\\/\"},{\"@type\":\"ListItem\",\"position\":2,\"name\":\"Parduotuv\u0117\",\"item\":\"https:\\\/\\\/www.malinashop.lt\\\/en\\\/parduotuve\\\/\"},{\"@type\":\"ListItem\",\"position\":3,\"name\":\"FRSH SCENTS INDIGO ICE pakabinamas kvapas, 1 vnt\"}]},{\"@type\":\"WebSite\",\"@id\":\"https:\\\/\\\/www.malinashop.lt\\\/#website\",\"url\":\"https:\\\/\\\/www.malinashop.lt\\\/\",\"name\":\"COM Group Ecommerce\",\"description\":\"MalinaShop.lt - Gro\u017eio ir sveikatos produktai i\u0161 patikim\u0173 preki\u0173 \u017eenkl\u0173. Atraskite auk\u0161tos kokyb\u0117s kosmetik\u0105 u\u017e puiki\u0105 kain\u0105.\",\"publisher\":{\"@id\":\"https:\\\/\\\/www.malinashop.lt\\\/#organization\"},\"potentialAction\":[{\"@type\":\"SearchAction\",\"target\":{\"@type\":\"EntryPoint\",\"urlTemplate\":\"https:\\\/\\\/www.malinashop.lt\\\/?s={search_term_string}\"},\"query-input\":{\"@type\":\"PropertyValueSpecification\",\"valueRequired\":true,\"valueName\":\"search_term_string\"}}],\"inLanguage\":\"en-GB\"},{\"@type\":\"Organization\",\"@id\":\"https:\\\/\\\/www.malinashop.lt\\\/#organization\",\"name\":\"COM Group Ecommerce\",\"url\":\"https:\\\/\\\/www.malinashop.lt\\\/\",\"logo\":{\"@type\":\"ImageObject\",\"inLanguage\":\"en-GB\",\"@id\":\"https:\\\/\\\/www.malinashop.lt\\\/#\\\/schema\\\/logo\\\/image\\\/\",\"url\":\"https:\\\/\\\/www.malinashop.lt\\\/wp-content\\\/uploads\\\/2024\\\/08\\\/462559670_3787732518133670_9795632669273463_n-e1731525914575.png\",\"contentUrl\":\"https:\\\/\\\/www.malinashop.lt\\\/wp-content\\\/uploads\\\/2024\\\/08\\\/462559670_3787732518133670_9795632669273463_n-e1731525914575.png\",\"width\":180,\"height\":60,\"caption\":\"COM Group Ecommerce\"},\"image\":{\"@id\":\"https:\\\/\\\/www.malinashop.lt\\\/#\\\/schema\\\/logo\\\/image\\\/\"}}]}<\/script>\n<!-- \/ Yoast SEO plugin. -->","yoast_head_json":{"title":"FRSH SCENTS INDIGO ICE pakabinamas kvapas, 1 vnt - MalinaShop.lt J\u016bs\u0173 sveikatai ir gro\u017eiui.","description":"FRSH SCENTS INDIGO ICE pakabinamas kvapas \u2013 gaivus, \u0161varus aromatas su vyri\u0161k\u0173 kvepal\u0173 natomis. Puikus pasirinkimas automobiliui ar namams.","robots":{"index":"index","follow":"follow","max-snippet":"max-snippet:-1","max-image-preview":"max-image-preview:large","max-video-preview":"max-video-preview:-1"},"canonical":"https:\/\/www.malinashop.lt\/en\/shop\/frsh-scents-indigo-ice-pakabinamas-kvapas-1-vnt\/","og_locale":"en_GB","og_type":"article","og_title":"FRSH SCENTS INDIGO ICE pakabinamas kvapas, 1 vnt - MalinaShop.lt J\u016bs\u0173 sveikatai ir gro\u017eiui.","og_description":"FRSH SCENTS INDIGO ICE pakabinamas kvapas \u2013 gaivus, \u0161varus aromatas su vyri\u0161k\u0173 kvepal\u0173 natomis. Puikus pasirinkimas automobiliui ar namams.","og_url":"https:\/\/www.malinashop.lt\/en\/shop\/frsh-scents-indigo-ice-pakabinamas-kvapas-1-vnt\/","og_site_name":"MalinaShop.lt J\u016bs\u0173 sveikatai ir gro\u017eiui.","article_modified_time":"2026-02-10T09:11:35+00:00","og_image":[{"width":1000,"height":1000,"url":"https:\/\/www.malinashop.lt\/wp-content\/uploads\/2025\/11\/5037409099477.png","type":"image\/png"}],"twitter_card":"summary_large_image","schema":{"@context":"https:\/\/schema.org","@graph":[{"@type":"WebPage","@id":"https:\/\/www.malinashop.lt\/en\/shop\/frsh-scents-indigo-ice-pakabinamas-kvapas-1-vnt\/","url":"https:\/\/www.malinashop.lt\/en\/shop\/frsh-scents-indigo-ice-pakabinamas-kvapas-1-vnt\/","name":"FRSH SCENTS INDIGO ICE pakabinamas kvapas, 1 vnt - MalinaShop.lt J\u016bs\u0173 sveikatai ir gro\u017eiui.","isPartOf":{"@id":"https:\/\/www.malinashop.lt\/#website"},"primaryImageOfPage":{"@id":"https:\/\/www.malinashop.lt\/en\/shop\/frsh-scents-indigo-ice-pakabinamas-kvapas-1-vnt\/#primaryimage"},"image":{"@id":"https:\/\/www.malinashop.lt\/en\/shop\/frsh-scents-indigo-ice-pakabinamas-kvapas-1-vnt\/#primaryimage"},"thumbnailUrl":"https:\/\/www.malinashop.lt\/wp-content\/uploads\/2025\/11\/5037409099477.png","datePublished":"2025-11-25T15:30:42+00:00","dateModified":"2026-02-10T09:11:35+00:00","description":"FRSH SCENTS INDIGO ICE pakabinamas kvapas \u2013 gaivus, \u0161varus aromatas su vyri\u0161k\u0173 kvepal\u0173 natomis. Puikus pasirinkimas automobiliui ar namams.","breadcrumb":{"@id":"https:\/\/www.malinashop.lt\/en\/shop\/frsh-scents-indigo-ice-pakabinamas-kvapas-1-vnt\/#breadcrumb"},"inLanguage":"en-GB","potentialAction":[{"@type":"ReadAction","target":["https:\/\/www.malinashop.lt\/en\/shop\/frsh-scents-indigo-ice-pakabinamas-kvapas-1-vnt\/"]}]},{"@type":"ImageObject","inLanguage":"en-GB","@id":"https:\/\/www.malinashop.lt\/en\/shop\/frsh-scents-indigo-ice-pakabinamas-kvapas-1-vnt\/#primaryimage","url":"https:\/\/www.malinashop.lt\/wp-content\/uploads\/2025\/11\/5037409099477.png","contentUrl":"https:\/\/www.malinashop.lt\/wp-content\/uploads\/2025\/11\/5037409099477.png","width":1000,"height":1000},{"@type":"BreadcrumbList","@id":"https:\/\/www.malinashop.lt\/en\/shop\/frsh-scents-indigo-ice-pakabinamas-kvapas-1-vnt\/#breadcrumb","itemListElement":[{"@type":"ListItem","position":1,"name":"Pagrindinis","item":"https:\/\/www.malinashop.lt\/"},{"@type":"ListItem","position":2,"name":"Parduotuv\u0117","item":"https:\/\/www.malinashop.lt\/en\/parduotuve\/"},{"@type":"ListItem","position":3,"name":"FRSH SCENTS INDIGO ICE pakabinamas kvapas, 1 vnt"}]},{"@type":"WebSite","@id":"https:\/\/www.malinashop.lt\/#website","url":"https:\/\/www.malinashop.lt\/","name":"COM Group Ecommerce","description":"MalinaShop.lt - Gro\u017eio ir sveikatos produktai i\u0161 patikim\u0173 preki\u0173 \u017eenkl\u0173. Atraskite auk\u0161tos kokyb\u0117s kosmetik\u0105 u\u017e puiki\u0105 kain\u0105.","publisher":{"@id":"https:\/\/www.malinashop.lt\/#organization"},"potentialAction":[{"@type":"SearchAction","target":{"@type":"EntryPoint","urlTemplate":"https:\/\/www.malinashop.lt\/?s={search_term_string}"},"query-input":{"@type":"PropertyValueSpecification","valueRequired":true,"valueName":"search_term_string"}}],"inLanguage":"en-GB"},{"@type":"Organization","@id":"https:\/\/www.malinashop.lt\/#organization","name":"COM Group Ecommerce","url":"https:\/\/www.malinashop.lt\/","logo":{"@type":"ImageObject","inLanguage":"en-GB","@id":"https:\/\/www.malinashop.lt\/#\/schema\/logo\/image\/","url":"https:\/\/www.malinashop.lt\/wp-content\/uploads\/2024\/08\/462559670_3787732518133670_9795632669273463_n-e1731525914575.png","contentUrl":"https:\/\/www.malinashop.lt\/wp-content\/uploads\/2024\/08\/462559670_3787732518133670_9795632669273463_n-e1731525914575.png","width":180,"height":60,"caption":"COM Group Ecommerce"},"image":{"@id":"https:\/\/www.malinashop.lt\/#\/schema\/logo\/image\/"}}]}},"jetpack_sharing_enabled":true,"_links":{"self":[{"href":"https:\/\/www.malinashop.lt\/en\/wp-json\/wp\/v2\/product\/70614","targetHints":{"allow":["GET"]}}],"collection":[{"href":"https:\/\/www.malinashop.lt\/en\/wp-json\/wp\/v2\/product"}],"about":[{"href":"https:\/\/www.malinashop.lt\/en\/wp-json\/wp\/v2\/types\/product"}],"version-history":[{"count":2,"href":"https:\/\/www.malinashop.lt\/en\/wp-json\/wp\/v2\/product\/70614\/revisions"}],"predecessor-version":[{"id":72517,"href":"https:\/\/www.malinashop.lt\/en\/wp-json\/wp\/v2\/product\/70614\/revisions\/72517"}],"wp:featuredmedia":[{"embeddable":true,"href":"https:\/\/www.malinashop.lt\/en\/wp-json\/wp\/v2\/media\/67256"}],"wp:attachment":[{"href":"https:\/\/www.malinashop.lt\/en\/wp-json\/wp\/v2\/media?parent=70614"}],"wp:term":[{"taxonomy":"product_brand","embeddable":true,"href":"https:\/\/www.malinashop.lt\/en\/wp-json\/wp\/v2\/product_brand?post=70614"},{"taxonomy":"product_cat","embeddable":true,"href":"https:\/\/www.malinashop.lt\/en\/wp-json\/wp\/v2\/product_cat?post=70614"},{"taxonomy":"product_tag","embeddable":true,"href":"https:\/\/www.malinashop.lt\/en\/wp-json\/wp\/v2\/product_tag?post=70614"}],"curies":[{"name":"wp","href":"https:\/\/api.w.org\/{rel}","templated":true}]}}