{"id":70018,"date":"2025-11-25T18:28:45","date_gmt":"2025-11-25T15:28:45","guid":{"rendered":"https:\/\/malinashop.lt\/?post_type=product&#038;p=70018"},"modified":"2026-03-09T17:06:05","modified_gmt":"2026-03-09T14:06:05","slug":"hayejin-cuddle-of-jeju-oxygen-water-energizuojanti-lakstine-kauke-25ml-5-lakstai","status":"publish","type":"product","link":"https:\/\/www.malinashop.lt\/en\/shop\/hayejin-cuddle-of-jeju-oxygen-water-energizuojanti-lakstine-kauke-25ml-5-lakstai\/","title":{"rendered":"HAYEJIN CUDDLE OF JEJU OXYGEN WATER energizuojanti lak\u0161tin\u0117 kauk\u0117, 25ml \/ 5 lak\u0161tai"},"content":{"rendered":"<p data-start=\"354\" data-end=\"668\"><strong data-start=\"354\" data-end=\"393\">HAYEJIN CUDDLE OF JEJU OXYGEN WATER<\/strong> \u2013 tai intensyviai dr\u0117kinanti ir energizuojanti lak\u0161tin\u0117 veido kauk\u0117, skirta pavargusiai, gyvybingum\u0105 praradusiai odai. Kauk\u0117 prisotinta mineralinio vandens, kuriame gausu deguonies, tod\u0117l padeda atgaivinti od\u0105, sustiprinti jos apsaugines funkcijas ir pagerinti bendr\u0105 b\u016bkl\u0119.<\/p>\n<p data-start=\"670\" data-end=\"944\">Sud\u0117tyje esantis <strong data-start=\"687\" data-end=\"715\">j\u016bros dumbli\u0173 ekstraktas<\/strong> intensyviai maitina, padeda i\u0161lyginti odos tekst\u016br\u0105 ir vizualiai ma\u017einti smulkias rauk\u0161les. Kauk\u0117 suteikia odai stangrumo, elastingumo ir sveiko \u0161vyt\u0117jimo, o stipriai dr\u0117kinanti formul\u0117 padeda palaikyti optimal\u0173 dr\u0117gm\u0117s balans\u0105.<\/p>\n<p data-start=\"946\" data-end=\"1146\">Itin plonas, prie odos gerai priglundantis lak\u0161tas u\u017etikrina veikli\u0173j\u0173 med\u017eiag\u0173 efektyv\u0173 \u012fsisavinim\u0105. Produktas <strong data-start=\"1058\" data-end=\"1089\">dermatologi\u0161kai patikrintas<\/strong>, tinkamas reguliariai intensyviai veido odos prie\u017ei\u016brai.<\/p>\n<p data-start=\"1153\" data-end=\"1181\"><strong>Pagrindiniai privalumai:<\/strong><\/p>\n<ul data-start=\"1183\" data-end=\"1463\">\n<li data-start=\"1183\" data-end=\"1221\">\n<p data-start=\"1185\" data-end=\"1221\">Intensyviai dr\u0117kina ir maitina od\u0105<\/p>\n<\/li>\n<li data-start=\"1222\" data-end=\"1276\">\n<p data-start=\"1224\" data-end=\"1276\">Prisotinta deguonies turtingu mineraliniu vandeniu<\/p>\n<\/li>\n<li data-start=\"1277\" data-end=\"1307\">\n<p data-start=\"1279\" data-end=\"1307\">Su j\u016bros dumbli\u0173 ekstraktu<\/p>\n<\/li>\n<li data-start=\"1308\" data-end=\"1344\">\n<p data-start=\"1310\" data-end=\"1344\">Padeda stangrinti ir lyginti od\u0105<\/p>\n<\/li>\n<li data-start=\"1345\" data-end=\"1379\">\n<p data-start=\"1347\" data-end=\"1379\">Suteikia odai sveik\u0105 \u0161vyt\u0117jim\u0105<\/p>\n<\/li>\n<li data-start=\"1380\" data-end=\"1432\">\n<p data-start=\"1382\" data-end=\"1432\">Itin gerai prie odos priglundanti lak\u0161tin\u0117 kauk\u0117<\/p>\n<\/li>\n<li data-start=\"1380\" data-end=\"1432\">\n<p data-start=\"1382\" data-end=\"1432\">Dermatologi\u0161kai patikrinta<\/p>\n<p data-start=\"1382\" data-end=\"1432\"><strong>Naudojimas:<\/strong><\/p>\n<p data-start=\"1488\" data-end=\"1692\">Nuvalykite ir nusausinkite veido od\u0105. U\u017ed\u0117kite kauk\u0119, pritaikydami j\u0105 aki\u0173, nosies ir burnos sri\u010di\u0173 kont\u016brams. Palikite veikti <strong data-start=\"1615\" data-end=\"1632\">10\u201320 minu\u010di\u0173<\/strong>. Nu\u0117mus kauk\u0119, likusi\u0105 esencij\u0105 \u0161velniai \u012ftap\u0161nokite \u012f od\u0105.<\/p>\n<p data-start=\"1699\" data-end=\"1714\"><strong>\u012esp\u0117jimai<\/strong><\/p>\n<p data-start=\"1716\" data-end=\"1893\">Tik i\u0161oriniam naudojimui. Vengti patekimo \u012f akis. Nenaudoti ant sudirgusios ar pa\u017eeistos odos. Saugoti nuo vaik\u0173 ir tiesiogini\u0173 saul\u0117s spinduli\u0173. Atidarius sunaudoti nedelsiant.<\/p>\n<\/li>\n<\/ul>\n","protected":false},"excerpt":{"rendered":"<p data-start=\"1934\" data-end=\"2122\">Energizuojanti <strong data-start=\"1949\" data-end=\"1981\">HAYEJIN lak\u0161tin\u0117 veido kauk\u0117<\/strong> su deguonies prisotintu mineraliniu vandeniu ir j\u016bros dumbliais intensyviai dr\u0117kina, maitina ir padeda atkurti odos stangrum\u0105 bei \u0161vyt\u0117jim\u0105.<\/p>\n","protected":false},"featured_media":66261,"template":"","meta":[],"product_brand":[1566],"product_cat":[553,728],"product_tag":[],"class_list":{"0":"post-70018","1":"product","2":"type-product","3":"status-publish","4":"has-post-thumbnail","6":"product_brand-perziura","7":"product_cat-veido-kaukes","8":"product_cat-veidui","10":"first","11":"instock","12":"purchasable","13":"product-type-simple"},"yoast_head":"<!-- This site is optimized with the Yoast SEO plugin v27.4 - https:\/\/yoast.com\/product\/yoast-seo-wordpress\/ -->\n<title>HAYEJIN CUDDLE OF JEJU OXYGEN WATER energizuojanti lak\u0161tin\u0117 kauk\u0117, 25ml \/ 5 lak\u0161tai - MalinaShop.lt J\u016bs\u0173 sveikatai ir gro\u017eiui.<\/title>\n<meta name=\"description\" content=\"HAYEJIN energizuojanti lak\u0161tin\u0117 veido kauk\u0117 su deguonies prisotintu mineraliniu vandeniu ir j\u016bros dumbliais. Intensyvus dr\u0117kinimas ir odos atgaivinimas.\" \/>\n<meta name=\"robots\" content=\"index, follow, max-snippet:-1, max-image-preview:large, max-video-preview:-1\" \/>\n<link rel=\"canonical\" href=\"https:\/\/www.malinashop.lt\/en\/shop\/hayejin-cuddle-of-jeju-oxygen-water-energizuojanti-lakstine-kauke-25ml-5-lakstai\/\" \/>\n<meta property=\"og:locale\" content=\"en_GB\" \/>\n<meta property=\"og:type\" content=\"article\" \/>\n<meta property=\"og:title\" content=\"HAYEJIN CUDDLE OF JEJU OXYGEN WATER energizuojanti lak\u0161tin\u0117 kauk\u0117, 25ml \/ 5 lak\u0161tai - MalinaShop.lt J\u016bs\u0173 sveikatai ir gro\u017eiui.\" \/>\n<meta property=\"og:description\" content=\"HAYEJIN energizuojanti lak\u0161tin\u0117 veido kauk\u0117 su deguonies prisotintu mineraliniu vandeniu ir j\u016bros dumbliais. Intensyvus dr\u0117kinimas ir odos atgaivinimas.\" \/>\n<meta property=\"og:url\" content=\"https:\/\/www.malinashop.lt\/en\/shop\/hayejin-cuddle-of-jeju-oxygen-water-energizuojanti-lakstine-kauke-25ml-5-lakstai\/\" \/>\n<meta property=\"og:site_name\" content=\"MalinaShop.lt J\u016bs\u0173 sveikatai ir gro\u017eiui.\" \/>\n<meta property=\"article:modified_time\" content=\"2026-03-09T14:06:05+00:00\" \/>\n<meta property=\"og:image\" content=\"https:\/\/www.malinashop.lt\/wp-content\/uploads\/2025\/11\/8809625870065.jpg\" \/>\n\t<meta property=\"og:image:width\" content=\"800\" \/>\n\t<meta property=\"og:image:height\" content=\"800\" \/>\n\t<meta property=\"og:image:type\" content=\"image\/jpeg\" \/>\n<meta name=\"twitter:card\" content=\"summary_large_image\" \/>\n<script type=\"application\/ld+json\" class=\"yoast-schema-graph\">{\"@context\":\"https:\\\/\\\/schema.org\",\"@graph\":[{\"@type\":\"WebPage\",\"@id\":\"https:\\\/\\\/www.malinashop.lt\\\/shop\\\/hayejin-cuddle-of-jeju-oxygen-water-energizuojanti-lakstine-kauke-25ml-5-lakstai\\\/\",\"url\":\"https:\\\/\\\/www.malinashop.lt\\\/shop\\\/hayejin-cuddle-of-jeju-oxygen-water-energizuojanti-lakstine-kauke-25ml-5-lakstai\\\/\",\"name\":\"HAYEJIN CUDDLE OF JEJU OXYGEN WATER energizuojanti lak\u0161tin\u0117 kauk\u0117, 25ml \\\/ 5 lak\u0161tai - MalinaShop.lt J\u016bs\u0173 sveikatai ir gro\u017eiui.\",\"isPartOf\":{\"@id\":\"https:\\\/\\\/www.malinashop.lt\\\/#website\"},\"primaryImageOfPage\":{\"@id\":\"https:\\\/\\\/www.malinashop.lt\\\/shop\\\/hayejin-cuddle-of-jeju-oxygen-water-energizuojanti-lakstine-kauke-25ml-5-lakstai\\\/#primaryimage\"},\"image\":{\"@id\":\"https:\\\/\\\/www.malinashop.lt\\\/shop\\\/hayejin-cuddle-of-jeju-oxygen-water-energizuojanti-lakstine-kauke-25ml-5-lakstai\\\/#primaryimage\"},\"thumbnailUrl\":\"https:\\\/\\\/www.malinashop.lt\\\/wp-content\\\/uploads\\\/2025\\\/11\\\/8809625870065.jpg\",\"datePublished\":\"2025-11-25T15:28:45+00:00\",\"dateModified\":\"2026-03-09T14:06:05+00:00\",\"description\":\"HAYEJIN energizuojanti lak\u0161tin\u0117 veido kauk\u0117 su deguonies prisotintu mineraliniu vandeniu ir j\u016bros dumbliais. Intensyvus dr\u0117kinimas ir odos atgaivinimas.\",\"breadcrumb\":{\"@id\":\"https:\\\/\\\/www.malinashop.lt\\\/shop\\\/hayejin-cuddle-of-jeju-oxygen-water-energizuojanti-lakstine-kauke-25ml-5-lakstai\\\/#breadcrumb\"},\"inLanguage\":\"en-GB\",\"potentialAction\":[{\"@type\":\"ReadAction\",\"target\":[\"https:\\\/\\\/www.malinashop.lt\\\/shop\\\/hayejin-cuddle-of-jeju-oxygen-water-energizuojanti-lakstine-kauke-25ml-5-lakstai\\\/\"]}]},{\"@type\":\"ImageObject\",\"inLanguage\":\"en-GB\",\"@id\":\"https:\\\/\\\/www.malinashop.lt\\\/shop\\\/hayejin-cuddle-of-jeju-oxygen-water-energizuojanti-lakstine-kauke-25ml-5-lakstai\\\/#primaryimage\",\"url\":\"https:\\\/\\\/www.malinashop.lt\\\/wp-content\\\/uploads\\\/2025\\\/11\\\/8809625870065.jpg\",\"contentUrl\":\"https:\\\/\\\/www.malinashop.lt\\\/wp-content\\\/uploads\\\/2025\\\/11\\\/8809625870065.jpg\",\"width\":800,\"height\":800},{\"@type\":\"BreadcrumbList\",\"@id\":\"https:\\\/\\\/www.malinashop.lt\\\/shop\\\/hayejin-cuddle-of-jeju-oxygen-water-energizuojanti-lakstine-kauke-25ml-5-lakstai\\\/#breadcrumb\",\"itemListElement\":[{\"@type\":\"ListItem\",\"position\":1,\"name\":\"Pagrindinis\",\"item\":\"https:\\\/\\\/www.malinashop.lt\\\/\"},{\"@type\":\"ListItem\",\"position\":2,\"name\":\"Parduotuv\u0117\",\"item\":\"https:\\\/\\\/www.malinashop.lt\\\/en\\\/parduotuve\\\/\"},{\"@type\":\"ListItem\",\"position\":3,\"name\":\"HAYEJIN CUDDLE OF JEJU OXYGEN WATER energizuojanti lak\u0161tin\u0117 kauk\u0117, 25ml \\\/ 5 lak\u0161tai\"}]},{\"@type\":\"WebSite\",\"@id\":\"https:\\\/\\\/www.malinashop.lt\\\/#website\",\"url\":\"https:\\\/\\\/www.malinashop.lt\\\/\",\"name\":\"COM Group Ecommerce\",\"description\":\"MalinaShop.lt - Gro\u017eio ir sveikatos produktai i\u0161 patikim\u0173 preki\u0173 \u017eenkl\u0173. Atraskite auk\u0161tos kokyb\u0117s kosmetik\u0105 u\u017e puiki\u0105 kain\u0105.\",\"publisher\":{\"@id\":\"https:\\\/\\\/www.malinashop.lt\\\/#organization\"},\"potentialAction\":[{\"@type\":\"SearchAction\",\"target\":{\"@type\":\"EntryPoint\",\"urlTemplate\":\"https:\\\/\\\/www.malinashop.lt\\\/?s={search_term_string}\"},\"query-input\":{\"@type\":\"PropertyValueSpecification\",\"valueRequired\":true,\"valueName\":\"search_term_string\"}}],\"inLanguage\":\"en-GB\"},{\"@type\":\"Organization\",\"@id\":\"https:\\\/\\\/www.malinashop.lt\\\/#organization\",\"name\":\"COM Group Ecommerce\",\"url\":\"https:\\\/\\\/www.malinashop.lt\\\/\",\"logo\":{\"@type\":\"ImageObject\",\"inLanguage\":\"en-GB\",\"@id\":\"https:\\\/\\\/www.malinashop.lt\\\/#\\\/schema\\\/logo\\\/image\\\/\",\"url\":\"https:\\\/\\\/www.malinashop.lt\\\/wp-content\\\/uploads\\\/2024\\\/08\\\/462559670_3787732518133670_9795632669273463_n-e1731525914575.png\",\"contentUrl\":\"https:\\\/\\\/www.malinashop.lt\\\/wp-content\\\/uploads\\\/2024\\\/08\\\/462559670_3787732518133670_9795632669273463_n-e1731525914575.png\",\"width\":180,\"height\":60,\"caption\":\"COM Group Ecommerce\"},\"image\":{\"@id\":\"https:\\\/\\\/www.malinashop.lt\\\/#\\\/schema\\\/logo\\\/image\\\/\"}}]}<\/script>\n<!-- \/ Yoast SEO plugin. -->","yoast_head_json":{"title":"HAYEJIN CUDDLE OF JEJU OXYGEN WATER energizuojanti lak\u0161tin\u0117 kauk\u0117, 25ml \/ 5 lak\u0161tai - MalinaShop.lt J\u016bs\u0173 sveikatai ir gro\u017eiui.","description":"HAYEJIN energizuojanti lak\u0161tin\u0117 veido kauk\u0117 su deguonies prisotintu mineraliniu vandeniu ir j\u016bros dumbliais. Intensyvus dr\u0117kinimas ir odos atgaivinimas.","robots":{"index":"index","follow":"follow","max-snippet":"max-snippet:-1","max-image-preview":"max-image-preview:large","max-video-preview":"max-video-preview:-1"},"canonical":"https:\/\/www.malinashop.lt\/en\/shop\/hayejin-cuddle-of-jeju-oxygen-water-energizuojanti-lakstine-kauke-25ml-5-lakstai\/","og_locale":"en_GB","og_type":"article","og_title":"HAYEJIN CUDDLE OF JEJU OXYGEN WATER energizuojanti lak\u0161tin\u0117 kauk\u0117, 25ml \/ 5 lak\u0161tai - MalinaShop.lt J\u016bs\u0173 sveikatai ir gro\u017eiui.","og_description":"HAYEJIN energizuojanti lak\u0161tin\u0117 veido kauk\u0117 su deguonies prisotintu mineraliniu vandeniu ir j\u016bros dumbliais. Intensyvus dr\u0117kinimas ir odos atgaivinimas.","og_url":"https:\/\/www.malinashop.lt\/en\/shop\/hayejin-cuddle-of-jeju-oxygen-water-energizuojanti-lakstine-kauke-25ml-5-lakstai\/","og_site_name":"MalinaShop.lt J\u016bs\u0173 sveikatai ir gro\u017eiui.","article_modified_time":"2026-03-09T14:06:05+00:00","og_image":[{"width":800,"height":800,"url":"https:\/\/www.malinashop.lt\/wp-content\/uploads\/2025\/11\/8809625870065.jpg","type":"image\/jpeg"}],"twitter_card":"summary_large_image","schema":{"@context":"https:\/\/schema.org","@graph":[{"@type":"WebPage","@id":"https:\/\/www.malinashop.lt\/shop\/hayejin-cuddle-of-jeju-oxygen-water-energizuojanti-lakstine-kauke-25ml-5-lakstai\/","url":"https:\/\/www.malinashop.lt\/shop\/hayejin-cuddle-of-jeju-oxygen-water-energizuojanti-lakstine-kauke-25ml-5-lakstai\/","name":"HAYEJIN CUDDLE OF JEJU OXYGEN WATER energizuojanti lak\u0161tin\u0117 kauk\u0117, 25ml \/ 5 lak\u0161tai - MalinaShop.lt J\u016bs\u0173 sveikatai ir gro\u017eiui.","isPartOf":{"@id":"https:\/\/www.malinashop.lt\/#website"},"primaryImageOfPage":{"@id":"https:\/\/www.malinashop.lt\/shop\/hayejin-cuddle-of-jeju-oxygen-water-energizuojanti-lakstine-kauke-25ml-5-lakstai\/#primaryimage"},"image":{"@id":"https:\/\/www.malinashop.lt\/shop\/hayejin-cuddle-of-jeju-oxygen-water-energizuojanti-lakstine-kauke-25ml-5-lakstai\/#primaryimage"},"thumbnailUrl":"https:\/\/www.malinashop.lt\/wp-content\/uploads\/2025\/11\/8809625870065.jpg","datePublished":"2025-11-25T15:28:45+00:00","dateModified":"2026-03-09T14:06:05+00:00","description":"HAYEJIN energizuojanti lak\u0161tin\u0117 veido kauk\u0117 su deguonies prisotintu mineraliniu vandeniu ir j\u016bros dumbliais. Intensyvus dr\u0117kinimas ir odos atgaivinimas.","breadcrumb":{"@id":"https:\/\/www.malinashop.lt\/shop\/hayejin-cuddle-of-jeju-oxygen-water-energizuojanti-lakstine-kauke-25ml-5-lakstai\/#breadcrumb"},"inLanguage":"en-GB","potentialAction":[{"@type":"ReadAction","target":["https:\/\/www.malinashop.lt\/shop\/hayejin-cuddle-of-jeju-oxygen-water-energizuojanti-lakstine-kauke-25ml-5-lakstai\/"]}]},{"@type":"ImageObject","inLanguage":"en-GB","@id":"https:\/\/www.malinashop.lt\/shop\/hayejin-cuddle-of-jeju-oxygen-water-energizuojanti-lakstine-kauke-25ml-5-lakstai\/#primaryimage","url":"https:\/\/www.malinashop.lt\/wp-content\/uploads\/2025\/11\/8809625870065.jpg","contentUrl":"https:\/\/www.malinashop.lt\/wp-content\/uploads\/2025\/11\/8809625870065.jpg","width":800,"height":800},{"@type":"BreadcrumbList","@id":"https:\/\/www.malinashop.lt\/shop\/hayejin-cuddle-of-jeju-oxygen-water-energizuojanti-lakstine-kauke-25ml-5-lakstai\/#breadcrumb","itemListElement":[{"@type":"ListItem","position":1,"name":"Pagrindinis","item":"https:\/\/www.malinashop.lt\/"},{"@type":"ListItem","position":2,"name":"Parduotuv\u0117","item":"https:\/\/www.malinashop.lt\/en\/parduotuve\/"},{"@type":"ListItem","position":3,"name":"HAYEJIN CUDDLE OF JEJU OXYGEN WATER energizuojanti lak\u0161tin\u0117 kauk\u0117, 25ml \/ 5 lak\u0161tai"}]},{"@type":"WebSite","@id":"https:\/\/www.malinashop.lt\/#website","url":"https:\/\/www.malinashop.lt\/","name":"COM Group Ecommerce","description":"MalinaShop.lt - Gro\u017eio ir sveikatos produktai i\u0161 patikim\u0173 preki\u0173 \u017eenkl\u0173. Atraskite auk\u0161tos kokyb\u0117s kosmetik\u0105 u\u017e puiki\u0105 kain\u0105.","publisher":{"@id":"https:\/\/www.malinashop.lt\/#organization"},"potentialAction":[{"@type":"SearchAction","target":{"@type":"EntryPoint","urlTemplate":"https:\/\/www.malinashop.lt\/?s={search_term_string}"},"query-input":{"@type":"PropertyValueSpecification","valueRequired":true,"valueName":"search_term_string"}}],"inLanguage":"en-GB"},{"@type":"Organization","@id":"https:\/\/www.malinashop.lt\/#organization","name":"COM Group Ecommerce","url":"https:\/\/www.malinashop.lt\/","logo":{"@type":"ImageObject","inLanguage":"en-GB","@id":"https:\/\/www.malinashop.lt\/#\/schema\/logo\/image\/","url":"https:\/\/www.malinashop.lt\/wp-content\/uploads\/2024\/08\/462559670_3787732518133670_9795632669273463_n-e1731525914575.png","contentUrl":"https:\/\/www.malinashop.lt\/wp-content\/uploads\/2024\/08\/462559670_3787732518133670_9795632669273463_n-e1731525914575.png","width":180,"height":60,"caption":"COM Group Ecommerce"},"image":{"@id":"https:\/\/www.malinashop.lt\/#\/schema\/logo\/image\/"}}]}},"jetpack_sharing_enabled":true,"_links":{"self":[{"href":"https:\/\/www.malinashop.lt\/en\/wp-json\/wp\/v2\/product\/70018","targetHints":{"allow":["GET"]}}],"collection":[{"href":"https:\/\/www.malinashop.lt\/en\/wp-json\/wp\/v2\/product"}],"about":[{"href":"https:\/\/www.malinashop.lt\/en\/wp-json\/wp\/v2\/types\/product"}],"version-history":[{"count":2,"href":"https:\/\/www.malinashop.lt\/en\/wp-json\/wp\/v2\/product\/70018\/revisions"}],"predecessor-version":[{"id":72568,"href":"https:\/\/www.malinashop.lt\/en\/wp-json\/wp\/v2\/product\/70018\/revisions\/72568"}],"wp:featuredmedia":[{"embeddable":true,"href":"https:\/\/www.malinashop.lt\/en\/wp-json\/wp\/v2\/media\/66261"}],"wp:attachment":[{"href":"https:\/\/www.malinashop.lt\/en\/wp-json\/wp\/v2\/media?parent=70018"}],"wp:term":[{"taxonomy":"product_brand","embeddable":true,"href":"https:\/\/www.malinashop.lt\/en\/wp-json\/wp\/v2\/product_brand?post=70018"},{"taxonomy":"product_cat","embeddable":true,"href":"https:\/\/www.malinashop.lt\/en\/wp-json\/wp\/v2\/product_cat?post=70018"},{"taxonomy":"product_tag","embeddable":true,"href":"https:\/\/www.malinashop.lt\/en\/wp-json\/wp\/v2\/product_tag?post=70018"}],"curies":[{"name":"wp","href":"https:\/\/api.w.org\/{rel}","templated":true}]}}