{"id":69675,"date":"2025-11-25T18:05:58","date_gmt":"2025-11-25T15:05:58","guid":{"rendered":"https:\/\/malinashop.lt\/?post_type=product&#038;p=69675"},"modified":"2026-02-10T13:12:36","modified_gmt":"2026-02-10T10:12:36","slug":"sla-paris-biri-pudra-vision-7-70212-banana","status":"publish","type":"product","link":"https:\/\/www.malinashop.lt\/en\/shop\/sla-paris-biri-pudra-vision-7-70212-banana\/","title":{"rendered":"SLA PARIS biri pudra VISION 7, 70212 banana"},"content":{"rendered":"<p data-start=\"35\" data-end=\"351\"><strong data-start=\"35\" data-end=\"83\">SLA PARIS biri pudra VISION 7 Banana (70212)<\/strong> \u2013 itin lengvos, mikronizuotos tekst\u016bros biri pudra, kuri tobulai u\u017efiksuoja makia\u017e\u0105 ir suteikia odai \u0161ilkin\u012f, matin\u012f efekt\u0105. D\u0117l itin smulki\u0173 daleli\u0173 \u0161i pudra neapsunkina odos, padeda i\u0161lyginti poras, smulkias rauk\u0161leles ir sukuria tobulai glotn\u0173 makia\u017eo rezultat\u0105.<\/p>\n<p data-start=\"353\" data-end=\"554\">Banana atspalvis suteikia \u0161viesinant\u012f efekt\u0105, puikiai tinka paakiams, T zonai ir makia\u017eo fiksavimui visai dienai. Pudra praturtinta vitaminu E, kuris mink\u0161tina, dr\u0117kina ir veikia kaip antioksidantas.<\/p>\n<p data-start=\"556\" data-end=\"783\">VISION 7 pudra dera su vis\u0173 tip\u0173 oda, padeda ilgiau i\u0161laikyti makia\u017e\u0105 bei sukuria matin\u0119, gaivi\u0105 ir tolygi\u0105 veido i\u0161vaizd\u0105. Pagaminta pagal auk\u0161tus kokyb\u0117s standartus, be paraben\u0173, fenoksitenolio, PEG ir netestuota su gyv\u016bnais.<\/p>\n","protected":false},"excerpt":{"rendered":"<p data-start=\"848\" data-end=\"1099\">Lengvos tekst\u016bros biri pudra su Banana atspalviu puikiai fiksuoja makia\u017e\u0105, suteikia matin\u012f efekt\u0105 ir i\u0161lygina odos pavir\u0161i\u0173. Praturtinta vitaminu E, neapsunkina odos ir suteikia \u0161ilkin\u012f poj\u016bt\u012f. Be paraben\u0173, fenoksitenolio, PEG. Netestuota su gyv\u016bnais.<\/p>\n","protected":false},"featured_media":69677,"template":"","meta":[],"product_brand":[1527],"product_cat":[102,792],"product_tag":[1623],"class_list":{"0":"post-69675","1":"product","2":"type-product","3":"status-publish","4":"has-post-thumbnail","6":"product_brand-sla-paris","7":"product_cat-dekoratyvine-kosmetika","8":"product_cat-veido-pudros","9":"product_tag-sla-paris","11":"first","12":"instock","13":"purchasable","14":"product-type-simple"},"yoast_head":"<!-- This site is optimized with the Yoast SEO plugin v27.4 - https:\/\/yoast.com\/product\/yoast-seo-wordpress\/ -->\n<title>SLA PARIS biri pudra VISION 7, 70212 banana - MalinaShop.lt J\u016bs\u0173 sveikatai ir gro\u017eiui.<\/title>\n<meta name=\"description\" content=\"SLA PARIS biri pudra VISION 7 Banana \u2013 lengva, ilgai i\u0161liekanti pudra su vitaminu E. Fiksuoja makia\u017e\u0105, suteikia matin\u012f, \u0161ilkin\u012f efekt\u0105. Be paraben\u0173.\" \/>\n<meta name=\"robots\" content=\"index, follow, max-snippet:-1, max-image-preview:large, max-video-preview:-1\" \/>\n<link rel=\"canonical\" href=\"https:\/\/www.malinashop.lt\/en\/shop\/sla-paris-biri-pudra-vision-7-70212-banana\/\" \/>\n<meta property=\"og:locale\" content=\"en_GB\" \/>\n<meta property=\"og:type\" content=\"article\" \/>\n<meta property=\"og:title\" content=\"SLA PARIS biri pudra VISION 7, 70212 banana - MalinaShop.lt J\u016bs\u0173 sveikatai ir gro\u017eiui.\" \/>\n<meta property=\"og:description\" content=\"SLA PARIS biri pudra VISION 7 Banana \u2013 lengva, ilgai i\u0161liekanti pudra su vitaminu E. Fiksuoja makia\u017e\u0105, suteikia matin\u012f, \u0161ilkin\u012f efekt\u0105. Be paraben\u0173.\" \/>\n<meta property=\"og:url\" content=\"https:\/\/www.malinashop.lt\/en\/shop\/sla-paris-biri-pudra-vision-7-70212-banana\/\" \/>\n<meta property=\"og:site_name\" content=\"MalinaShop.lt J\u016bs\u0173 sveikatai ir gro\u017eiui.\" \/>\n<meta property=\"article:modified_time\" content=\"2026-02-10T10:12:36+00:00\" \/>\n<meta property=\"og:image\" content=\"https:\/\/www.malinashop.lt\/wp-content\/uploads\/2025\/11\/70212.webp\" \/>\n\t<meta property=\"og:image:width\" content=\"800\" \/>\n\t<meta property=\"og:image:height\" content=\"800\" \/>\n\t<meta property=\"og:image:type\" content=\"image\/webp\" \/>\n<meta name=\"twitter:card\" content=\"summary_large_image\" \/>\n<script type=\"application\/ld+json\" class=\"yoast-schema-graph\">{\"@context\":\"https:\\\/\\\/schema.org\",\"@graph\":[{\"@type\":\"WebPage\",\"@id\":\"https:\\\/\\\/www.malinashop.lt\\\/lt_lt\\\/shop\\\/sla-paris-biri-pudra-vision-7-70212-banana\\\/\",\"url\":\"https:\\\/\\\/www.malinashop.lt\\\/lt_lt\\\/shop\\\/sla-paris-biri-pudra-vision-7-70212-banana\\\/\",\"name\":\"SLA PARIS biri pudra VISION 7, 70212 banana - MalinaShop.lt J\u016bs\u0173 sveikatai ir gro\u017eiui.\",\"isPartOf\":{\"@id\":\"https:\\\/\\\/www.malinashop.lt\\\/#website\"},\"primaryImageOfPage\":{\"@id\":\"https:\\\/\\\/www.malinashop.lt\\\/lt_lt\\\/shop\\\/sla-paris-biri-pudra-vision-7-70212-banana\\\/#primaryimage\"},\"image\":{\"@id\":\"https:\\\/\\\/www.malinashop.lt\\\/lt_lt\\\/shop\\\/sla-paris-biri-pudra-vision-7-70212-banana\\\/#primaryimage\"},\"thumbnailUrl\":\"https:\\\/\\\/www.malinashop.lt\\\/wp-content\\\/uploads\\\/2025\\\/11\\\/70212.webp\",\"datePublished\":\"2025-11-25T15:05:58+00:00\",\"dateModified\":\"2026-02-10T10:12:36+00:00\",\"description\":\"SLA PARIS biri pudra VISION 7 Banana \u2013 lengva, ilgai i\u0161liekanti pudra su vitaminu E. Fiksuoja makia\u017e\u0105, suteikia matin\u012f, \u0161ilkin\u012f efekt\u0105. Be paraben\u0173.\",\"breadcrumb\":{\"@id\":\"https:\\\/\\\/www.malinashop.lt\\\/lt_lt\\\/shop\\\/sla-paris-biri-pudra-vision-7-70212-banana\\\/#breadcrumb\"},\"inLanguage\":\"en-GB\",\"potentialAction\":[{\"@type\":\"ReadAction\",\"target\":[\"https:\\\/\\\/www.malinashop.lt\\\/lt_lt\\\/shop\\\/sla-paris-biri-pudra-vision-7-70212-banana\\\/\"]}]},{\"@type\":\"ImageObject\",\"inLanguage\":\"en-GB\",\"@id\":\"https:\\\/\\\/www.malinashop.lt\\\/lt_lt\\\/shop\\\/sla-paris-biri-pudra-vision-7-70212-banana\\\/#primaryimage\",\"url\":\"https:\\\/\\\/www.malinashop.lt\\\/wp-content\\\/uploads\\\/2025\\\/11\\\/70212.webp\",\"contentUrl\":\"https:\\\/\\\/www.malinashop.lt\\\/wp-content\\\/uploads\\\/2025\\\/11\\\/70212.webp\",\"width\":800,\"height\":800},{\"@type\":\"BreadcrumbList\",\"@id\":\"https:\\\/\\\/www.malinashop.lt\\\/lt_lt\\\/shop\\\/sla-paris-biri-pudra-vision-7-70212-banana\\\/#breadcrumb\",\"itemListElement\":[{\"@type\":\"ListItem\",\"position\":1,\"name\":\"Pagrindinis\",\"item\":\"https:\\\/\\\/www.malinashop.lt\\\/\"},{\"@type\":\"ListItem\",\"position\":2,\"name\":\"Parduotuv\u0117\",\"item\":\"https:\\\/\\\/www.malinashop.lt\\\/en\\\/parduotuve\\\/\"},{\"@type\":\"ListItem\",\"position\":3,\"name\":\"SLA PARIS biri pudra VISION 7, 70212 banana\"}]},{\"@type\":\"WebSite\",\"@id\":\"https:\\\/\\\/www.malinashop.lt\\\/#website\",\"url\":\"https:\\\/\\\/www.malinashop.lt\\\/\",\"name\":\"COM Group Ecommerce\",\"description\":\"MalinaShop.lt - Gro\u017eio ir sveikatos produktai i\u0161 patikim\u0173 preki\u0173 \u017eenkl\u0173. Atraskite auk\u0161tos kokyb\u0117s kosmetik\u0105 u\u017e puiki\u0105 kain\u0105.\",\"publisher\":{\"@id\":\"https:\\\/\\\/www.malinashop.lt\\\/#organization\"},\"potentialAction\":[{\"@type\":\"SearchAction\",\"target\":{\"@type\":\"EntryPoint\",\"urlTemplate\":\"https:\\\/\\\/www.malinashop.lt\\\/?s={search_term_string}\"},\"query-input\":{\"@type\":\"PropertyValueSpecification\",\"valueRequired\":true,\"valueName\":\"search_term_string\"}}],\"inLanguage\":\"en-GB\"},{\"@type\":\"Organization\",\"@id\":\"https:\\\/\\\/www.malinashop.lt\\\/#organization\",\"name\":\"COM Group Ecommerce\",\"url\":\"https:\\\/\\\/www.malinashop.lt\\\/\",\"logo\":{\"@type\":\"ImageObject\",\"inLanguage\":\"en-GB\",\"@id\":\"https:\\\/\\\/www.malinashop.lt\\\/#\\\/schema\\\/logo\\\/image\\\/\",\"url\":\"https:\\\/\\\/www.malinashop.lt\\\/wp-content\\\/uploads\\\/2024\\\/08\\\/462559670_3787732518133670_9795632669273463_n-e1731525914575.png\",\"contentUrl\":\"https:\\\/\\\/www.malinashop.lt\\\/wp-content\\\/uploads\\\/2024\\\/08\\\/462559670_3787732518133670_9795632669273463_n-e1731525914575.png\",\"width\":180,\"height\":60,\"caption\":\"COM Group Ecommerce\"},\"image\":{\"@id\":\"https:\\\/\\\/www.malinashop.lt\\\/#\\\/schema\\\/logo\\\/image\\\/\"}}]}<\/script>\n<!-- \/ Yoast SEO plugin. -->","yoast_head_json":{"title":"SLA PARIS biri pudra VISION 7, 70212 banana - MalinaShop.lt J\u016bs\u0173 sveikatai ir gro\u017eiui.","description":"SLA PARIS biri pudra VISION 7 Banana \u2013 lengva, ilgai i\u0161liekanti pudra su vitaminu E. Fiksuoja makia\u017e\u0105, suteikia matin\u012f, \u0161ilkin\u012f efekt\u0105. Be paraben\u0173.","robots":{"index":"index","follow":"follow","max-snippet":"max-snippet:-1","max-image-preview":"max-image-preview:large","max-video-preview":"max-video-preview:-1"},"canonical":"https:\/\/www.malinashop.lt\/en\/shop\/sla-paris-biri-pudra-vision-7-70212-banana\/","og_locale":"en_GB","og_type":"article","og_title":"SLA PARIS biri pudra VISION 7, 70212 banana - MalinaShop.lt J\u016bs\u0173 sveikatai ir gro\u017eiui.","og_description":"SLA PARIS biri pudra VISION 7 Banana \u2013 lengva, ilgai i\u0161liekanti pudra su vitaminu E. Fiksuoja makia\u017e\u0105, suteikia matin\u012f, \u0161ilkin\u012f efekt\u0105. Be paraben\u0173.","og_url":"https:\/\/www.malinashop.lt\/en\/shop\/sla-paris-biri-pudra-vision-7-70212-banana\/","og_site_name":"MalinaShop.lt J\u016bs\u0173 sveikatai ir gro\u017eiui.","article_modified_time":"2026-02-10T10:12:36+00:00","og_image":[{"width":800,"height":800,"url":"https:\/\/www.malinashop.lt\/wp-content\/uploads\/2025\/11\/70212.webp","type":"image\/webp"}],"twitter_card":"summary_large_image","schema":{"@context":"https:\/\/schema.org","@graph":[{"@type":"WebPage","@id":"https:\/\/www.malinashop.lt\/lt_lt\/shop\/sla-paris-biri-pudra-vision-7-70212-banana\/","url":"https:\/\/www.malinashop.lt\/lt_lt\/shop\/sla-paris-biri-pudra-vision-7-70212-banana\/","name":"SLA PARIS biri pudra VISION 7, 70212 banana - MalinaShop.lt J\u016bs\u0173 sveikatai ir gro\u017eiui.","isPartOf":{"@id":"https:\/\/www.malinashop.lt\/#website"},"primaryImageOfPage":{"@id":"https:\/\/www.malinashop.lt\/lt_lt\/shop\/sla-paris-biri-pudra-vision-7-70212-banana\/#primaryimage"},"image":{"@id":"https:\/\/www.malinashop.lt\/lt_lt\/shop\/sla-paris-biri-pudra-vision-7-70212-banana\/#primaryimage"},"thumbnailUrl":"https:\/\/www.malinashop.lt\/wp-content\/uploads\/2025\/11\/70212.webp","datePublished":"2025-11-25T15:05:58+00:00","dateModified":"2026-02-10T10:12:36+00:00","description":"SLA PARIS biri pudra VISION 7 Banana \u2013 lengva, ilgai i\u0161liekanti pudra su vitaminu E. Fiksuoja makia\u017e\u0105, suteikia matin\u012f, \u0161ilkin\u012f efekt\u0105. Be paraben\u0173.","breadcrumb":{"@id":"https:\/\/www.malinashop.lt\/lt_lt\/shop\/sla-paris-biri-pudra-vision-7-70212-banana\/#breadcrumb"},"inLanguage":"en-GB","potentialAction":[{"@type":"ReadAction","target":["https:\/\/www.malinashop.lt\/lt_lt\/shop\/sla-paris-biri-pudra-vision-7-70212-banana\/"]}]},{"@type":"ImageObject","inLanguage":"en-GB","@id":"https:\/\/www.malinashop.lt\/lt_lt\/shop\/sla-paris-biri-pudra-vision-7-70212-banana\/#primaryimage","url":"https:\/\/www.malinashop.lt\/wp-content\/uploads\/2025\/11\/70212.webp","contentUrl":"https:\/\/www.malinashop.lt\/wp-content\/uploads\/2025\/11\/70212.webp","width":800,"height":800},{"@type":"BreadcrumbList","@id":"https:\/\/www.malinashop.lt\/lt_lt\/shop\/sla-paris-biri-pudra-vision-7-70212-banana\/#breadcrumb","itemListElement":[{"@type":"ListItem","position":1,"name":"Pagrindinis","item":"https:\/\/www.malinashop.lt\/"},{"@type":"ListItem","position":2,"name":"Parduotuv\u0117","item":"https:\/\/www.malinashop.lt\/en\/parduotuve\/"},{"@type":"ListItem","position":3,"name":"SLA PARIS biri pudra VISION 7, 70212 banana"}]},{"@type":"WebSite","@id":"https:\/\/www.malinashop.lt\/#website","url":"https:\/\/www.malinashop.lt\/","name":"COM Group Ecommerce","description":"MalinaShop.lt - Gro\u017eio ir sveikatos produktai i\u0161 patikim\u0173 preki\u0173 \u017eenkl\u0173. Atraskite auk\u0161tos kokyb\u0117s kosmetik\u0105 u\u017e puiki\u0105 kain\u0105.","publisher":{"@id":"https:\/\/www.malinashop.lt\/#organization"},"potentialAction":[{"@type":"SearchAction","target":{"@type":"EntryPoint","urlTemplate":"https:\/\/www.malinashop.lt\/?s={search_term_string}"},"query-input":{"@type":"PropertyValueSpecification","valueRequired":true,"valueName":"search_term_string"}}],"inLanguage":"en-GB"},{"@type":"Organization","@id":"https:\/\/www.malinashop.lt\/#organization","name":"COM Group Ecommerce","url":"https:\/\/www.malinashop.lt\/","logo":{"@type":"ImageObject","inLanguage":"en-GB","@id":"https:\/\/www.malinashop.lt\/#\/schema\/logo\/image\/","url":"https:\/\/www.malinashop.lt\/wp-content\/uploads\/2024\/08\/462559670_3787732518133670_9795632669273463_n-e1731525914575.png","contentUrl":"https:\/\/www.malinashop.lt\/wp-content\/uploads\/2024\/08\/462559670_3787732518133670_9795632669273463_n-e1731525914575.png","width":180,"height":60,"caption":"COM Group Ecommerce"},"image":{"@id":"https:\/\/www.malinashop.lt\/#\/schema\/logo\/image\/"}}]}},"jetpack_sharing_enabled":true,"_links":{"self":[{"href":"https:\/\/www.malinashop.lt\/en\/wp-json\/wp\/v2\/product\/69675","targetHints":{"allow":["GET"]}}],"collection":[{"href":"https:\/\/www.malinashop.lt\/en\/wp-json\/wp\/v2\/product"}],"about":[{"href":"https:\/\/www.malinashop.lt\/en\/wp-json\/wp\/v2\/types\/product"}],"version-history":[{"count":2,"href":"https:\/\/www.malinashop.lt\/en\/wp-json\/wp\/v2\/product\/69675\/revisions"}],"predecessor-version":[{"id":71981,"href":"https:\/\/www.malinashop.lt\/en\/wp-json\/wp\/v2\/product\/69675\/revisions\/71981"}],"wp:featuredmedia":[{"embeddable":true,"href":"https:\/\/www.malinashop.lt\/en\/wp-json\/wp\/v2\/media\/69677"}],"wp:attachment":[{"href":"https:\/\/www.malinashop.lt\/en\/wp-json\/wp\/v2\/media?parent=69675"}],"wp:term":[{"taxonomy":"product_brand","embeddable":true,"href":"https:\/\/www.malinashop.lt\/en\/wp-json\/wp\/v2\/product_brand?post=69675"},{"taxonomy":"product_cat","embeddable":true,"href":"https:\/\/www.malinashop.lt\/en\/wp-json\/wp\/v2\/product_cat?post=69675"},{"taxonomy":"product_tag","embeddable":true,"href":"https:\/\/www.malinashop.lt\/en\/wp-json\/wp\/v2\/product_tag?post=69675"}],"curies":[{"name":"wp","href":"https:\/\/api.w.org\/{rel}","templated":true}]}}