{"id":69517,"date":"2025-11-25T18:04:08","date_gmt":"2025-11-25T15:04:08","guid":{"rendered":"https:\/\/malinashop.lt\/?post_type=product&#038;p=69517"},"modified":"2026-03-22T20:02:05","modified_gmt":"2026-03-22T17:02:05","slug":"salimbeni-figue-automobilio-kvapo-papildymas-1-vnt","status":"publish","type":"product","link":"https:\/\/www.malinashop.lt\/en\/shop\/salimbeni-figue-automobilio-kvapo-papildymas-1-vnt\/","title":{"rendered":"SALIMBENI FIGUE automobilio kvapo papildymas, 1 vnt"},"content":{"rendered":"<p data-start=\"154\" data-end=\"427\"><strong data-start=\"154\" data-end=\"202\">SALIMBENI Figue automobilio kvapo papildymas<\/strong> \u2013 tai intensyviai vaisi\u0161ka ir subtiliai saldi kompozicija, sukurta atgaivinti automobilio salon\u0105 nat\u016braliu, vasara dvelkian\u010diu aromatu. Kvapas \u012fkv\u0117ptas sulting\u0173 Elbos fig\u0173, kurios gars\u0117ja savo \u0161velniu, kvie\u010dian\u010diu saldumu.<\/p>\n<p data-start=\"429\" data-end=\"712\">Vir\u0161utin\u0117se natose atsiskleid\u017eia prinokusios figos ir vaisi\u0173 \u0161velnumas, o bra\u0161ki\u0173 lapai suteikia gaivaus \u017ealumo poj\u016bt\u012f. Kompozicij\u0105 stabilizuoja tonkos pupeli\u0173 \u0161iluma, kedro medienos tvirtumas ir lengvai plevenantis baltasis muskusas, sukuriantis i\u0161liekant\u012f, rafinuot\u0105 kvapo p\u0117dsak\u0105.<\/p>\n<p data-start=\"714\" data-end=\"848\">Tai puikus pasirinkimas ie\u0161kantiems eleganti\u0161ko, ilgai i\u0161liekan\u010dio kvapo papildymo Salimbeni daugkartiniam automobili\u0173 oro gaivikliui.<\/p>\n","protected":false},"excerpt":{"rendered":"<p data-start=\"890\" data-end=\"1104\">SALIMBENI Figue automobilio kvapo papildymas \u2013 vaisi\u0161kai saldus ir gaivus fig\u0173 aromatas su \u017eali\u0173 bra\u0161ki\u0173 lap\u0173 akcentais. Tonkos pupel\u0117s, kedras ir baltasis muskusas u\u017etikrina ilgai i\u0161liekant\u012f ir subalansuot\u0105 kvap\u0105.<\/p>\n","protected":false},"featured_media":69519,"template":"","meta":[],"product_brand":[1532],"product_cat":[1568,573],"product_tag":[1616],"class_list":{"0":"post-69517","1":"product","2":"type-product","3":"status-publish","4":"has-post-thumbnail","6":"product_brand-salimbeni","7":"product_cat-automobilio-kvapai","8":"product_cat-namu-kvapai-2","9":"product_tag-salimbeni","11":"first","12":"outofstock","13":"purchasable","14":"product-type-simple"},"yoast_head":"<!-- This site is optimized with the Yoast SEO plugin v27.4 - https:\/\/yoast.com\/product\/yoast-seo-wordpress\/ -->\n<title>SALIMBENI FIGUE automobilio kvapo papildymas, 1 vnt - MalinaShop.lt J\u016bs\u0173 sveikatai ir gro\u017eiui.<\/title>\n<meta name=\"description\" content=\"SALIMBENI Figue automobilio kvapo papildymas \u2013 saldus fig\u0173, bra\u0161ki\u0173 lap\u0173, tonkos pupeli\u0173 ir kedro aromatas. Eleganti\u0161kas automobilio kvapas.\" \/>\n<meta name=\"robots\" content=\"index, follow, max-snippet:-1, max-image-preview:large, max-video-preview:-1\" \/>\n<link rel=\"canonical\" href=\"https:\/\/www.malinashop.lt\/en\/shop\/salimbeni-figue-automobilio-kvapo-papildymas-1-vnt\/\" \/>\n<meta property=\"og:locale\" content=\"en_GB\" \/>\n<meta property=\"og:type\" content=\"article\" \/>\n<meta property=\"og:title\" content=\"SALIMBENI FIGUE automobilio kvapo papildymas, 1 vnt - MalinaShop.lt J\u016bs\u0173 sveikatai ir gro\u017eiui.\" \/>\n<meta property=\"og:description\" content=\"SALIMBENI Figue automobilio kvapo papildymas \u2013 saldus fig\u0173, bra\u0161ki\u0173 lap\u0173, tonkos pupeli\u0173 ir kedro aromatas. Eleganti\u0161kas automobilio kvapas.\" \/>\n<meta property=\"og:url\" content=\"https:\/\/www.malinashop.lt\/en\/shop\/salimbeni-figue-automobilio-kvapo-papildymas-1-vnt\/\" \/>\n<meta property=\"og:site_name\" content=\"MalinaShop.lt J\u016bs\u0173 sveikatai ir gro\u017eiui.\" \/>\n<meta property=\"article:modified_time\" content=\"2026-03-22T17:02:05+00:00\" \/>\n<meta property=\"og:image\" content=\"https:\/\/www.malinashop.lt\/wp-content\/uploads\/2025\/11\/8059015060464.webp\" \/>\n\t<meta property=\"og:image:width\" content=\"1200\" \/>\n\t<meta property=\"og:image:height\" content=\"1200\" \/>\n\t<meta property=\"og:image:type\" content=\"image\/webp\" \/>\n<meta name=\"twitter:card\" content=\"summary_large_image\" \/>\n<script type=\"application\/ld+json\" class=\"yoast-schema-graph\">{\"@context\":\"https:\\\/\\\/schema.org\",\"@graph\":[{\"@type\":\"WebPage\",\"@id\":\"https:\\\/\\\/www.malinashop.lt\\\/en\\\/shop\\\/salimbeni-figue-automobilio-kvapo-papildymas-1-vnt\\\/\",\"url\":\"https:\\\/\\\/www.malinashop.lt\\\/en\\\/shop\\\/salimbeni-figue-automobilio-kvapo-papildymas-1-vnt\\\/\",\"name\":\"SALIMBENI FIGUE automobilio kvapo papildymas, 1 vnt - MalinaShop.lt J\u016bs\u0173 sveikatai ir gro\u017eiui.\",\"isPartOf\":{\"@id\":\"https:\\\/\\\/www.malinashop.lt\\\/en\\\/#website\"},\"primaryImageOfPage\":{\"@id\":\"https:\\\/\\\/www.malinashop.lt\\\/en\\\/shop\\\/salimbeni-figue-automobilio-kvapo-papildymas-1-vnt\\\/#primaryimage\"},\"image\":{\"@id\":\"https:\\\/\\\/www.malinashop.lt\\\/en\\\/shop\\\/salimbeni-figue-automobilio-kvapo-papildymas-1-vnt\\\/#primaryimage\"},\"thumbnailUrl\":\"https:\\\/\\\/www.malinashop.lt\\\/wp-content\\\/uploads\\\/2025\\\/11\\\/8059015060464.webp\",\"datePublished\":\"2025-11-25T15:04:08+00:00\",\"dateModified\":\"2026-03-22T17:02:05+00:00\",\"description\":\"SALIMBENI Figue automobilio kvapo papildymas \u2013 saldus fig\u0173, bra\u0161ki\u0173 lap\u0173, tonkos pupeli\u0173 ir kedro aromatas. Eleganti\u0161kas automobilio kvapas.\",\"breadcrumb\":{\"@id\":\"https:\\\/\\\/www.malinashop.lt\\\/en\\\/shop\\\/salimbeni-figue-automobilio-kvapo-papildymas-1-vnt\\\/#breadcrumb\"},\"inLanguage\":\"en-GB\",\"potentialAction\":[{\"@type\":\"ReadAction\",\"target\":[\"https:\\\/\\\/www.malinashop.lt\\\/en\\\/shop\\\/salimbeni-figue-automobilio-kvapo-papildymas-1-vnt\\\/\"]}]},{\"@type\":\"ImageObject\",\"inLanguage\":\"en-GB\",\"@id\":\"https:\\\/\\\/www.malinashop.lt\\\/en\\\/shop\\\/salimbeni-figue-automobilio-kvapo-papildymas-1-vnt\\\/#primaryimage\",\"url\":\"https:\\\/\\\/www.malinashop.lt\\\/wp-content\\\/uploads\\\/2025\\\/11\\\/8059015060464.webp\",\"contentUrl\":\"https:\\\/\\\/www.malinashop.lt\\\/wp-content\\\/uploads\\\/2025\\\/11\\\/8059015060464.webp\",\"width\":1200,\"height\":1200},{\"@type\":\"BreadcrumbList\",\"@id\":\"https:\\\/\\\/www.malinashop.lt\\\/en\\\/shop\\\/salimbeni-figue-automobilio-kvapo-papildymas-1-vnt\\\/#breadcrumb\",\"itemListElement\":[{\"@type\":\"ListItem\",\"position\":1,\"name\":\"Home\",\"item\":\"https:\\\/\\\/www.malinashop.lt\\\/en\\\/\"},{\"@type\":\"ListItem\",\"position\":2,\"name\":\"Parduotuv\u0117\",\"item\":\"https:\\\/\\\/www.malinashop.lt\\\/en\\\/parduotuve\\\/\"},{\"@type\":\"ListItem\",\"position\":3,\"name\":\"SALIMBENI FIGUE automobilio kvapo papildymas, 1 vnt\"}]},{\"@type\":\"WebSite\",\"@id\":\"https:\\\/\\\/www.malinashop.lt\\\/en\\\/#website\",\"url\":\"https:\\\/\\\/www.malinashop.lt\\\/en\\\/\",\"name\":\"COM Group Ecommerce\",\"description\":\"MalinaShop.lt - Gro\u017eio ir sveikatos produktai i\u0161 patikim\u0173 preki\u0173 \u017eenkl\u0173. Atraskite auk\u0161tos kokyb\u0117s kosmetik\u0105 u\u017e puiki\u0105 kain\u0105.\",\"publisher\":{\"@id\":\"https:\\\/\\\/www.malinashop.lt\\\/en\\\/#organization\"},\"potentialAction\":[{\"@type\":\"SearchAction\",\"target\":{\"@type\":\"EntryPoint\",\"urlTemplate\":\"https:\\\/\\\/www.malinashop.lt\\\/en\\\/?s={search_term_string}\"},\"query-input\":{\"@type\":\"PropertyValueSpecification\",\"valueRequired\":true,\"valueName\":\"search_term_string\"}}],\"inLanguage\":\"en-GB\"},{\"@type\":\"Organization\",\"@id\":\"https:\\\/\\\/www.malinashop.lt\\\/en\\\/#organization\",\"name\":\"COM Group Ecommerce\",\"url\":\"https:\\\/\\\/www.malinashop.lt\\\/en\\\/\",\"logo\":{\"@type\":\"ImageObject\",\"inLanguage\":\"en-GB\",\"@id\":\"https:\\\/\\\/www.malinashop.lt\\\/en\\\/#\\\/schema\\\/logo\\\/image\\\/\",\"url\":\"https:\\\/\\\/www.malinashop.lt\\\/wp-content\\\/uploads\\\/2024\\\/08\\\/462559670_3787732518133670_9795632669273463_n-e1731525914575.png\",\"contentUrl\":\"https:\\\/\\\/www.malinashop.lt\\\/wp-content\\\/uploads\\\/2024\\\/08\\\/462559670_3787732518133670_9795632669273463_n-e1731525914575.png\",\"width\":180,\"height\":60,\"caption\":\"COM Group Ecommerce\"},\"image\":{\"@id\":\"https:\\\/\\\/www.malinashop.lt\\\/en\\\/#\\\/schema\\\/logo\\\/image\\\/\"}}]}<\/script>\n<!-- \/ Yoast SEO plugin. -->","yoast_head_json":{"title":"SALIMBENI FIGUE automobilio kvapo papildymas, 1 vnt - MalinaShop.lt J\u016bs\u0173 sveikatai ir gro\u017eiui.","description":"SALIMBENI Figue automobilio kvapo papildymas \u2013 saldus fig\u0173, bra\u0161ki\u0173 lap\u0173, tonkos pupeli\u0173 ir kedro aromatas. Eleganti\u0161kas automobilio kvapas.","robots":{"index":"index","follow":"follow","max-snippet":"max-snippet:-1","max-image-preview":"max-image-preview:large","max-video-preview":"max-video-preview:-1"},"canonical":"https:\/\/www.malinashop.lt\/en\/shop\/salimbeni-figue-automobilio-kvapo-papildymas-1-vnt\/","og_locale":"en_GB","og_type":"article","og_title":"SALIMBENI FIGUE automobilio kvapo papildymas, 1 vnt - MalinaShop.lt J\u016bs\u0173 sveikatai ir gro\u017eiui.","og_description":"SALIMBENI Figue automobilio kvapo papildymas \u2013 saldus fig\u0173, bra\u0161ki\u0173 lap\u0173, tonkos pupeli\u0173 ir kedro aromatas. Eleganti\u0161kas automobilio kvapas.","og_url":"https:\/\/www.malinashop.lt\/en\/shop\/salimbeni-figue-automobilio-kvapo-papildymas-1-vnt\/","og_site_name":"MalinaShop.lt J\u016bs\u0173 sveikatai ir gro\u017eiui.","article_modified_time":"2026-03-22T17:02:05+00:00","og_image":[{"width":1200,"height":1200,"url":"https:\/\/www.malinashop.lt\/wp-content\/uploads\/2025\/11\/8059015060464.webp","type":"image\/webp"}],"twitter_card":"summary_large_image","schema":{"@context":"https:\/\/schema.org","@graph":[{"@type":"WebPage","@id":"https:\/\/www.malinashop.lt\/en\/shop\/salimbeni-figue-automobilio-kvapo-papildymas-1-vnt\/","url":"https:\/\/www.malinashop.lt\/en\/shop\/salimbeni-figue-automobilio-kvapo-papildymas-1-vnt\/","name":"SALIMBENI FIGUE automobilio kvapo papildymas, 1 vnt - MalinaShop.lt J\u016bs\u0173 sveikatai ir gro\u017eiui.","isPartOf":{"@id":"https:\/\/www.malinashop.lt\/en\/#website"},"primaryImageOfPage":{"@id":"https:\/\/www.malinashop.lt\/en\/shop\/salimbeni-figue-automobilio-kvapo-papildymas-1-vnt\/#primaryimage"},"image":{"@id":"https:\/\/www.malinashop.lt\/en\/shop\/salimbeni-figue-automobilio-kvapo-papildymas-1-vnt\/#primaryimage"},"thumbnailUrl":"https:\/\/www.malinashop.lt\/wp-content\/uploads\/2025\/11\/8059015060464.webp","datePublished":"2025-11-25T15:04:08+00:00","dateModified":"2026-03-22T17:02:05+00:00","description":"SALIMBENI Figue automobilio kvapo papildymas \u2013 saldus fig\u0173, bra\u0161ki\u0173 lap\u0173, tonkos pupeli\u0173 ir kedro aromatas. Eleganti\u0161kas automobilio kvapas.","breadcrumb":{"@id":"https:\/\/www.malinashop.lt\/en\/shop\/salimbeni-figue-automobilio-kvapo-papildymas-1-vnt\/#breadcrumb"},"inLanguage":"en-GB","potentialAction":[{"@type":"ReadAction","target":["https:\/\/www.malinashop.lt\/en\/shop\/salimbeni-figue-automobilio-kvapo-papildymas-1-vnt\/"]}]},{"@type":"ImageObject","inLanguage":"en-GB","@id":"https:\/\/www.malinashop.lt\/en\/shop\/salimbeni-figue-automobilio-kvapo-papildymas-1-vnt\/#primaryimage","url":"https:\/\/www.malinashop.lt\/wp-content\/uploads\/2025\/11\/8059015060464.webp","contentUrl":"https:\/\/www.malinashop.lt\/wp-content\/uploads\/2025\/11\/8059015060464.webp","width":1200,"height":1200},{"@type":"BreadcrumbList","@id":"https:\/\/www.malinashop.lt\/en\/shop\/salimbeni-figue-automobilio-kvapo-papildymas-1-vnt\/#breadcrumb","itemListElement":[{"@type":"ListItem","position":1,"name":"Home","item":"https:\/\/www.malinashop.lt\/en\/"},{"@type":"ListItem","position":2,"name":"Parduotuv\u0117","item":"https:\/\/www.malinashop.lt\/en\/parduotuve\/"},{"@type":"ListItem","position":3,"name":"SALIMBENI FIGUE automobilio kvapo papildymas, 1 vnt"}]},{"@type":"WebSite","@id":"https:\/\/www.malinashop.lt\/en\/#website","url":"https:\/\/www.malinashop.lt\/en\/","name":"COM Group Ecommerce","description":"MalinaShop.lt - Gro\u017eio ir sveikatos produktai i\u0161 patikim\u0173 preki\u0173 \u017eenkl\u0173. Atraskite auk\u0161tos kokyb\u0117s kosmetik\u0105 u\u017e puiki\u0105 kain\u0105.","publisher":{"@id":"https:\/\/www.malinashop.lt\/en\/#organization"},"potentialAction":[{"@type":"SearchAction","target":{"@type":"EntryPoint","urlTemplate":"https:\/\/www.malinashop.lt\/en\/?s={search_term_string}"},"query-input":{"@type":"PropertyValueSpecification","valueRequired":true,"valueName":"search_term_string"}}],"inLanguage":"en-GB"},{"@type":"Organization","@id":"https:\/\/www.malinashop.lt\/en\/#organization","name":"COM Group Ecommerce","url":"https:\/\/www.malinashop.lt\/en\/","logo":{"@type":"ImageObject","inLanguage":"en-GB","@id":"https:\/\/www.malinashop.lt\/en\/#\/schema\/logo\/image\/","url":"https:\/\/www.malinashop.lt\/wp-content\/uploads\/2024\/08\/462559670_3787732518133670_9795632669273463_n-e1731525914575.png","contentUrl":"https:\/\/www.malinashop.lt\/wp-content\/uploads\/2024\/08\/462559670_3787732518133670_9795632669273463_n-e1731525914575.png","width":180,"height":60,"caption":"COM Group Ecommerce"},"image":{"@id":"https:\/\/www.malinashop.lt\/en\/#\/schema\/logo\/image\/"}}]}},"jetpack_sharing_enabled":true,"_links":{"self":[{"href":"https:\/\/www.malinashop.lt\/en\/wp-json\/wp\/v2\/product\/69517","targetHints":{"allow":["GET"]}}],"collection":[{"href":"https:\/\/www.malinashop.lt\/en\/wp-json\/wp\/v2\/product"}],"about":[{"href":"https:\/\/www.malinashop.lt\/en\/wp-json\/wp\/v2\/types\/product"}],"version-history":[{"count":2,"href":"https:\/\/www.malinashop.lt\/en\/wp-json\/wp\/v2\/product\/69517\/revisions"}],"predecessor-version":[{"id":72055,"href":"https:\/\/www.malinashop.lt\/en\/wp-json\/wp\/v2\/product\/69517\/revisions\/72055"}],"wp:featuredmedia":[{"embeddable":true,"href":"https:\/\/www.malinashop.lt\/en\/wp-json\/wp\/v2\/media\/69519"}],"wp:attachment":[{"href":"https:\/\/www.malinashop.lt\/en\/wp-json\/wp\/v2\/media?parent=69517"}],"wp:term":[{"taxonomy":"product_brand","embeddable":true,"href":"https:\/\/www.malinashop.lt\/en\/wp-json\/wp\/v2\/product_brand?post=69517"},{"taxonomy":"product_cat","embeddable":true,"href":"https:\/\/www.malinashop.lt\/en\/wp-json\/wp\/v2\/product_cat?post=69517"},{"taxonomy":"product_tag","embeddable":true,"href":"https:\/\/www.malinashop.lt\/en\/wp-json\/wp\/v2\/product_tag?post=69517"}],"curies":[{"name":"wp","href":"https:\/\/api.w.org\/{rel}","templated":true}]}}