{"id":69484,"date":"2025-11-25T18:03:49","date_gmt":"2025-11-25T15:03:49","guid":{"rendered":"https:\/\/malinashop.lt\/?post_type=product&#038;p=69484"},"modified":"2026-03-22T20:02:08","modified_gmt":"2026-03-22T17:02:08","slug":"salimbeni-matt-blue-anciet-wood-automobilio-kvapas-1-vnt","status":"publish","type":"product","link":"https:\/\/www.malinashop.lt\/en\/shop\/salimbeni-matt-blue-anciet-wood-automobilio-kvapas-1-vnt\/","title":{"rendered":"SALIMBENI MATT BLUE &#8211; ANCIET WOOD automobilio kvapas, 1 vnt"},"content":{"rendered":"<div class=\"ewa-rteLine\">\n<p data-start=\"167\" data-end=\"516\"><strong data-start=\"167\" data-end=\"224\">SALIMBENI automobilio kvapas MATT BLUE \u2013 ANCIENT WOOD<\/strong> \u2013 tai prabangus, eleganti\u0161kas automobilio aromatas, sukurtas tiems, kurie vertina i\u0161skirtin\u0119 kokyb\u0119 ir rafinuotus kvapus. Matinis m\u0117lynas laikiklis i\u0161 karto patraukia ak\u012f, o viduje slypintis <strong data-start=\"416\" data-end=\"432\">Ancient Wood<\/strong> aromatas sukuria jauki\u0105, subtilia prabanga alsuojan\u010di\u0105 atmosfer\u0105 J\u016bs\u0173 automobilyje.<\/p>\n<p data-start=\"518\" data-end=\"794\">Aromat\u0105 formuoja sodr\u016bs <strong data-start=\"542\" data-end=\"560\">Precious Woods<\/strong> akordai, papildyti \u0161velniais gintaro, rytieti\u0161kos vanil\u0117s ir tonka pupeli\u0173 atspalviais. I\u0161rai\u0161kingas nerolio ir vaisini\u0173 nat\u0173 derinys \u012fsilieja \u012f jazmin\u0173 bei citrin\u0173 \u017eied\u0173 \u0161ird\u012f, sukuriant harmoning\u0105, ilgai i\u0161liekant\u012f kvap\u0173 balans\u0105.<\/p>\n<p data-start=\"796\" data-end=\"969\"><strong data-start=\"796\" data-end=\"817\">Vir\u0161utin\u0117s natos:<\/strong> nerolis, vaisin\u0117s natos<br data-start=\"841\" data-end=\"844\" \/><strong data-start=\"844\" data-end=\"862\">\u0160irdies natos:<\/strong> jazminas, citrin\u0173 \u017eiedai<br data-start=\"887\" data-end=\"890\" \/><strong data-start=\"890\" data-end=\"906\">Baz\u0117s natos:<\/strong> precious wood, sandalmedis, vanil\u0117, tonka pupel\u0117s, ambroksanas<\/p>\n<p data-start=\"971\" data-end=\"1220\">Stilingas ir subtilus laikiklis sukurtas \u017einomo dizainerio <strong data-start=\"1030\" data-end=\"1049\">Michele Venisti<\/strong>, tod\u0117l puikiai dera bet kuriame automobilio salone. Kvapas lengvai tvirtinamas prie oro ventiliacijos groteli\u0173, o intensyvum\u0105 galite reguliuoti oro srautu ir temperat\u016bra.<\/p>\n<p data-start=\"1222\" data-end=\"1428\">Produktas pateikiamas eleganti\u0161koje d\u0117\u017eut\u0117je, tod\u0117l puikiai tinka dovanai.<br data-start=\"1296\" data-end=\"1299\" \/>Kvapas jau\u010diamas apie <strong data-start=\"1321\" data-end=\"1333\">30 dien\u0173<\/strong>. Laikiklis yra daugkartinio naudojimo \u2013 tereikia pakeisti papildym\u0105 ir m\u0117gautis nauju aromatu.<\/p>\n<\/div>\n","protected":false},"excerpt":{"rendered":"<p data-start=\"1469\" data-end=\"1704\">Prabangus SALIMBENI automobilio kvapas <strong data-start=\"1508\" data-end=\"1536\">MATT BLUE \u2013 ANCIENT WOOD<\/strong> su sodriais medienos, vanil\u0117s ir gintaro akordais. Eleganti\u0161kas daugkartinis laikiklis lengvai tvirtinamas prie oro ventiliacijos ang\u0173. Kvapas jau\u010diamas apie 30 dien\u0173.<\/p>\n","protected":false},"featured_media":69486,"template":"","meta":[],"product_brand":[1532],"product_cat":[1568,573],"product_tag":[1616],"class_list":{"0":"post-69484","1":"product","2":"type-product","3":"status-publish","4":"has-post-thumbnail","6":"product_brand-salimbeni","7":"product_cat-automobilio-kvapai","8":"product_cat-namu-kvapai-2","9":"product_tag-salimbeni","11":"first","12":"outofstock","13":"purchasable","14":"product-type-simple"},"yoast_head":"<!-- This site is optimized with the Yoast SEO plugin v27.4 - https:\/\/yoast.com\/product\/yoast-seo-wordpress\/ -->\n<title>SALIMBENI MATT BLUE - ANCIET WOOD automobilio kvapas, 1 vnt - MalinaShop.lt J\u016bs\u0173 sveikatai ir gro\u017eiui.<\/title>\n<meta name=\"description\" content=\"SALIMBENI MATT BLUE \u2013 ANCIENT WOOD automobilio kvapas su prabangiais medienos, vanil\u0117s ir gintaro akordais. Daugkartinis laikiklis, kvapas ~30 dien\u0173.\" \/>\n<meta name=\"robots\" content=\"index, follow, max-snippet:-1, max-image-preview:large, max-video-preview:-1\" \/>\n<link rel=\"canonical\" href=\"https:\/\/www.malinashop.lt\/en\/shop\/salimbeni-matt-blue-anciet-wood-automobilio-kvapas-1-vnt\/\" \/>\n<meta property=\"og:locale\" content=\"en_GB\" \/>\n<meta property=\"og:type\" content=\"article\" \/>\n<meta property=\"og:title\" content=\"SALIMBENI MATT BLUE - ANCIET WOOD automobilio kvapas, 1 vnt - MalinaShop.lt J\u016bs\u0173 sveikatai ir gro\u017eiui.\" \/>\n<meta property=\"og:description\" content=\"SALIMBENI MATT BLUE \u2013 ANCIENT WOOD automobilio kvapas su prabangiais medienos, vanil\u0117s ir gintaro akordais. Daugkartinis laikiklis, kvapas ~30 dien\u0173.\" \/>\n<meta property=\"og:url\" content=\"https:\/\/www.malinashop.lt\/en\/shop\/salimbeni-matt-blue-anciet-wood-automobilio-kvapas-1-vnt\/\" \/>\n<meta property=\"og:site_name\" content=\"MalinaShop.lt J\u016bs\u0173 sveikatai ir gro\u017eiui.\" \/>\n<meta property=\"article:modified_time\" content=\"2026-03-22T17:02:08+00:00\" \/>\n<meta property=\"og:image\" content=\"https:\/\/www.malinashop.lt\/wp-content\/uploads\/2025\/11\/8059015060556.jpg\" \/>\n\t<meta property=\"og:image:width\" content=\"800\" \/>\n\t<meta property=\"og:image:height\" content=\"800\" \/>\n\t<meta property=\"og:image:type\" content=\"image\/jpeg\" \/>\n<meta name=\"twitter:card\" content=\"summary_large_image\" \/>\n<script type=\"application\/ld+json\" class=\"yoast-schema-graph\">{\"@context\":\"https:\\\/\\\/schema.org\",\"@graph\":[{\"@type\":\"WebPage\",\"@id\":\"https:\\\/\\\/www.malinashop.lt\\\/en\\\/shop\\\/salimbeni-matt-blue-anciet-wood-automobilio-kvapas-1-vnt\\\/\",\"url\":\"https:\\\/\\\/www.malinashop.lt\\\/en\\\/shop\\\/salimbeni-matt-blue-anciet-wood-automobilio-kvapas-1-vnt\\\/\",\"name\":\"SALIMBENI MATT BLUE - ANCIET WOOD automobilio kvapas, 1 vnt - MalinaShop.lt J\u016bs\u0173 sveikatai ir gro\u017eiui.\",\"isPartOf\":{\"@id\":\"https:\\\/\\\/www.malinashop.lt\\\/#website\"},\"primaryImageOfPage\":{\"@id\":\"https:\\\/\\\/www.malinashop.lt\\\/en\\\/shop\\\/salimbeni-matt-blue-anciet-wood-automobilio-kvapas-1-vnt\\\/#primaryimage\"},\"image\":{\"@id\":\"https:\\\/\\\/www.malinashop.lt\\\/en\\\/shop\\\/salimbeni-matt-blue-anciet-wood-automobilio-kvapas-1-vnt\\\/#primaryimage\"},\"thumbnailUrl\":\"https:\\\/\\\/www.malinashop.lt\\\/wp-content\\\/uploads\\\/2025\\\/11\\\/8059015060556.jpg\",\"datePublished\":\"2025-11-25T15:03:49+00:00\",\"dateModified\":\"2026-03-22T17:02:08+00:00\",\"description\":\"SALIMBENI MATT BLUE \u2013 ANCIENT WOOD automobilio kvapas su prabangiais medienos, vanil\u0117s ir gintaro akordais. Daugkartinis laikiklis, kvapas ~30 dien\u0173.\",\"breadcrumb\":{\"@id\":\"https:\\\/\\\/www.malinashop.lt\\\/en\\\/shop\\\/salimbeni-matt-blue-anciet-wood-automobilio-kvapas-1-vnt\\\/#breadcrumb\"},\"inLanguage\":\"en-GB\",\"potentialAction\":[{\"@type\":\"ReadAction\",\"target\":[\"https:\\\/\\\/www.malinashop.lt\\\/en\\\/shop\\\/salimbeni-matt-blue-anciet-wood-automobilio-kvapas-1-vnt\\\/\"]}]},{\"@type\":\"ImageObject\",\"inLanguage\":\"en-GB\",\"@id\":\"https:\\\/\\\/www.malinashop.lt\\\/en\\\/shop\\\/salimbeni-matt-blue-anciet-wood-automobilio-kvapas-1-vnt\\\/#primaryimage\",\"url\":\"https:\\\/\\\/www.malinashop.lt\\\/wp-content\\\/uploads\\\/2025\\\/11\\\/8059015060556.jpg\",\"contentUrl\":\"https:\\\/\\\/www.malinashop.lt\\\/wp-content\\\/uploads\\\/2025\\\/11\\\/8059015060556.jpg\",\"width\":800,\"height\":800},{\"@type\":\"BreadcrumbList\",\"@id\":\"https:\\\/\\\/www.malinashop.lt\\\/en\\\/shop\\\/salimbeni-matt-blue-anciet-wood-automobilio-kvapas-1-vnt\\\/#breadcrumb\",\"itemListElement\":[{\"@type\":\"ListItem\",\"position\":1,\"name\":\"Pagrindinis\",\"item\":\"https:\\\/\\\/www.malinashop.lt\\\/\"},{\"@type\":\"ListItem\",\"position\":2,\"name\":\"Parduotuv\u0117\",\"item\":\"https:\\\/\\\/www.malinashop.lt\\\/en\\\/parduotuve\\\/\"},{\"@type\":\"ListItem\",\"position\":3,\"name\":\"SALIMBENI MATT BLUE &#8211; ANCIET WOOD automobilio kvapas, 1 vnt\"}]},{\"@type\":\"WebSite\",\"@id\":\"https:\\\/\\\/www.malinashop.lt\\\/#website\",\"url\":\"https:\\\/\\\/www.malinashop.lt\\\/\",\"name\":\"COM Group Ecommerce\",\"description\":\"MalinaShop.lt - Gro\u017eio ir sveikatos produktai i\u0161 patikim\u0173 preki\u0173 \u017eenkl\u0173. Atraskite auk\u0161tos kokyb\u0117s kosmetik\u0105 u\u017e puiki\u0105 kain\u0105.\",\"publisher\":{\"@id\":\"https:\\\/\\\/www.malinashop.lt\\\/#organization\"},\"potentialAction\":[{\"@type\":\"SearchAction\",\"target\":{\"@type\":\"EntryPoint\",\"urlTemplate\":\"https:\\\/\\\/www.malinashop.lt\\\/?s={search_term_string}\"},\"query-input\":{\"@type\":\"PropertyValueSpecification\",\"valueRequired\":true,\"valueName\":\"search_term_string\"}}],\"inLanguage\":\"en-GB\"},{\"@type\":\"Organization\",\"@id\":\"https:\\\/\\\/www.malinashop.lt\\\/#organization\",\"name\":\"COM Group Ecommerce\",\"url\":\"https:\\\/\\\/www.malinashop.lt\\\/\",\"logo\":{\"@type\":\"ImageObject\",\"inLanguage\":\"en-GB\",\"@id\":\"https:\\\/\\\/www.malinashop.lt\\\/#\\\/schema\\\/logo\\\/image\\\/\",\"url\":\"https:\\\/\\\/www.malinashop.lt\\\/wp-content\\\/uploads\\\/2024\\\/08\\\/462559670_3787732518133670_9795632669273463_n-e1731525914575.png\",\"contentUrl\":\"https:\\\/\\\/www.malinashop.lt\\\/wp-content\\\/uploads\\\/2024\\\/08\\\/462559670_3787732518133670_9795632669273463_n-e1731525914575.png\",\"width\":180,\"height\":60,\"caption\":\"COM Group Ecommerce\"},\"image\":{\"@id\":\"https:\\\/\\\/www.malinashop.lt\\\/#\\\/schema\\\/logo\\\/image\\\/\"}}]}<\/script>\n<!-- \/ Yoast SEO plugin. -->","yoast_head_json":{"title":"SALIMBENI MATT BLUE - ANCIET WOOD automobilio kvapas, 1 vnt - MalinaShop.lt J\u016bs\u0173 sveikatai ir gro\u017eiui.","description":"SALIMBENI MATT BLUE \u2013 ANCIENT WOOD automobilio kvapas su prabangiais medienos, vanil\u0117s ir gintaro akordais. Daugkartinis laikiklis, kvapas ~30 dien\u0173.","robots":{"index":"index","follow":"follow","max-snippet":"max-snippet:-1","max-image-preview":"max-image-preview:large","max-video-preview":"max-video-preview:-1"},"canonical":"https:\/\/www.malinashop.lt\/en\/shop\/salimbeni-matt-blue-anciet-wood-automobilio-kvapas-1-vnt\/","og_locale":"en_GB","og_type":"article","og_title":"SALIMBENI MATT BLUE - ANCIET WOOD automobilio kvapas, 1 vnt - MalinaShop.lt J\u016bs\u0173 sveikatai ir gro\u017eiui.","og_description":"SALIMBENI MATT BLUE \u2013 ANCIENT WOOD automobilio kvapas su prabangiais medienos, vanil\u0117s ir gintaro akordais. Daugkartinis laikiklis, kvapas ~30 dien\u0173.","og_url":"https:\/\/www.malinashop.lt\/en\/shop\/salimbeni-matt-blue-anciet-wood-automobilio-kvapas-1-vnt\/","og_site_name":"MalinaShop.lt J\u016bs\u0173 sveikatai ir gro\u017eiui.","article_modified_time":"2026-03-22T17:02:08+00:00","og_image":[{"width":800,"height":800,"url":"https:\/\/www.malinashop.lt\/wp-content\/uploads\/2025\/11\/8059015060556.jpg","type":"image\/jpeg"}],"twitter_card":"summary_large_image","schema":{"@context":"https:\/\/schema.org","@graph":[{"@type":"WebPage","@id":"https:\/\/www.malinashop.lt\/en\/shop\/salimbeni-matt-blue-anciet-wood-automobilio-kvapas-1-vnt\/","url":"https:\/\/www.malinashop.lt\/en\/shop\/salimbeni-matt-blue-anciet-wood-automobilio-kvapas-1-vnt\/","name":"SALIMBENI MATT BLUE - ANCIET WOOD automobilio kvapas, 1 vnt - MalinaShop.lt J\u016bs\u0173 sveikatai ir gro\u017eiui.","isPartOf":{"@id":"https:\/\/www.malinashop.lt\/#website"},"primaryImageOfPage":{"@id":"https:\/\/www.malinashop.lt\/en\/shop\/salimbeni-matt-blue-anciet-wood-automobilio-kvapas-1-vnt\/#primaryimage"},"image":{"@id":"https:\/\/www.malinashop.lt\/en\/shop\/salimbeni-matt-blue-anciet-wood-automobilio-kvapas-1-vnt\/#primaryimage"},"thumbnailUrl":"https:\/\/www.malinashop.lt\/wp-content\/uploads\/2025\/11\/8059015060556.jpg","datePublished":"2025-11-25T15:03:49+00:00","dateModified":"2026-03-22T17:02:08+00:00","description":"SALIMBENI MATT BLUE \u2013 ANCIENT WOOD automobilio kvapas su prabangiais medienos, vanil\u0117s ir gintaro akordais. Daugkartinis laikiklis, kvapas ~30 dien\u0173.","breadcrumb":{"@id":"https:\/\/www.malinashop.lt\/en\/shop\/salimbeni-matt-blue-anciet-wood-automobilio-kvapas-1-vnt\/#breadcrumb"},"inLanguage":"en-GB","potentialAction":[{"@type":"ReadAction","target":["https:\/\/www.malinashop.lt\/en\/shop\/salimbeni-matt-blue-anciet-wood-automobilio-kvapas-1-vnt\/"]}]},{"@type":"ImageObject","inLanguage":"en-GB","@id":"https:\/\/www.malinashop.lt\/en\/shop\/salimbeni-matt-blue-anciet-wood-automobilio-kvapas-1-vnt\/#primaryimage","url":"https:\/\/www.malinashop.lt\/wp-content\/uploads\/2025\/11\/8059015060556.jpg","contentUrl":"https:\/\/www.malinashop.lt\/wp-content\/uploads\/2025\/11\/8059015060556.jpg","width":800,"height":800},{"@type":"BreadcrumbList","@id":"https:\/\/www.malinashop.lt\/en\/shop\/salimbeni-matt-blue-anciet-wood-automobilio-kvapas-1-vnt\/#breadcrumb","itemListElement":[{"@type":"ListItem","position":1,"name":"Pagrindinis","item":"https:\/\/www.malinashop.lt\/"},{"@type":"ListItem","position":2,"name":"Parduotuv\u0117","item":"https:\/\/www.malinashop.lt\/en\/parduotuve\/"},{"@type":"ListItem","position":3,"name":"SALIMBENI MATT BLUE &#8211; ANCIET WOOD automobilio kvapas, 1 vnt"}]},{"@type":"WebSite","@id":"https:\/\/www.malinashop.lt\/#website","url":"https:\/\/www.malinashop.lt\/","name":"COM Group Ecommerce","description":"MalinaShop.lt - Gro\u017eio ir sveikatos produktai i\u0161 patikim\u0173 preki\u0173 \u017eenkl\u0173. Atraskite auk\u0161tos kokyb\u0117s kosmetik\u0105 u\u017e puiki\u0105 kain\u0105.","publisher":{"@id":"https:\/\/www.malinashop.lt\/#organization"},"potentialAction":[{"@type":"SearchAction","target":{"@type":"EntryPoint","urlTemplate":"https:\/\/www.malinashop.lt\/?s={search_term_string}"},"query-input":{"@type":"PropertyValueSpecification","valueRequired":true,"valueName":"search_term_string"}}],"inLanguage":"en-GB"},{"@type":"Organization","@id":"https:\/\/www.malinashop.lt\/#organization","name":"COM Group Ecommerce","url":"https:\/\/www.malinashop.lt\/","logo":{"@type":"ImageObject","inLanguage":"en-GB","@id":"https:\/\/www.malinashop.lt\/#\/schema\/logo\/image\/","url":"https:\/\/www.malinashop.lt\/wp-content\/uploads\/2024\/08\/462559670_3787732518133670_9795632669273463_n-e1731525914575.png","contentUrl":"https:\/\/www.malinashop.lt\/wp-content\/uploads\/2024\/08\/462559670_3787732518133670_9795632669273463_n-e1731525914575.png","width":180,"height":60,"caption":"COM Group Ecommerce"},"image":{"@id":"https:\/\/www.malinashop.lt\/#\/schema\/logo\/image\/"}}]}},"jetpack_sharing_enabled":true,"_links":{"self":[{"href":"https:\/\/www.malinashop.lt\/en\/wp-json\/wp\/v2\/product\/69484","targetHints":{"allow":["GET"]}}],"collection":[{"href":"https:\/\/www.malinashop.lt\/en\/wp-json\/wp\/v2\/product"}],"about":[{"href":"https:\/\/www.malinashop.lt\/en\/wp-json\/wp\/v2\/types\/product"}],"version-history":[{"count":2,"href":"https:\/\/www.malinashop.lt\/en\/wp-json\/wp\/v2\/product\/69484\/revisions"}],"predecessor-version":[{"id":72043,"href":"https:\/\/www.malinashop.lt\/en\/wp-json\/wp\/v2\/product\/69484\/revisions\/72043"}],"wp:featuredmedia":[{"embeddable":true,"href":"https:\/\/www.malinashop.lt\/en\/wp-json\/wp\/v2\/media\/69486"}],"wp:attachment":[{"href":"https:\/\/www.malinashop.lt\/en\/wp-json\/wp\/v2\/media?parent=69484"}],"wp:term":[{"taxonomy":"product_brand","embeddable":true,"href":"https:\/\/www.malinashop.lt\/en\/wp-json\/wp\/v2\/product_brand?post=69484"},{"taxonomy":"product_cat","embeddable":true,"href":"https:\/\/www.malinashop.lt\/en\/wp-json\/wp\/v2\/product_cat?post=69484"},{"taxonomy":"product_tag","embeddable":true,"href":"https:\/\/www.malinashop.lt\/en\/wp-json\/wp\/v2\/product_tag?post=69484"}],"curies":[{"name":"wp","href":"https:\/\/api.w.org\/{rel}","templated":true}]}}