{"id":69454,"date":"2025-11-25T18:03:32","date_gmt":"2025-11-25T15:03:32","guid":{"rendered":"https:\/\/malinashop.lt\/?post_type=product&#038;p=69454"},"modified":"2026-03-15T20:59:37","modified_gmt":"2026-03-15T17:59:37","slug":"sla-paris-blakstienu-tusas-su-keratinu-juodas-8ml","status":"publish","type":"product","link":"https:\/\/www.malinashop.lt\/en\/shop\/sla-paris-blakstienu-tusas-su-keratinu-juodas-8ml\/","title":{"rendered":"SLA PARIS blakstien\u0173 tu\u0161as su keratinu, juodas, 8ml"},"content":{"rendered":"<p data-start=\"161\" data-end=\"483\"><strong data-start=\"161\" data-end=\"203\">SLA PARIS blakstien\u0173 tu\u0161as su keratinu<\/strong> \u2013 tai intensyviai juodas tu\u0161as, skirtas suteikti blakstienoms maksimal\u0173 tankum\u0105 ir apimt\u012f. Formul\u0117 praturtinta augaliniu keratinu, kuris padeda stiprinti ir apsaugoti nualintas blakstienas, tod\u0117l \u0161is tu\u0161as puikiai tinka kasdieniam naudojimui net po priauginimo ar kit\u0173 proced\u016br\u0173.<\/p>\n<p data-start=\"485\" data-end=\"720\">D\u0117l <strong data-start=\"489\" data-end=\"524\">apvalaus, storinan\u010dio \u0161epet\u0117lio<\/strong> tu\u0161as tolygiai dengiasi, pakelia blakstienas nuo \u0161akn\u0173 ir vizualiai suteikia joms daugiau pilnumo. Lengvai sluoksniuojama tekst\u016bra leid\u017eia i\u0161gauti tiek nat\u016bral\u0173, tiek ry\u0161kesn\u012f efekt\u0105 be sulipimo.<\/p>\n<p data-start=\"722\" data-end=\"773\">Be fenoksietanolio, be PEG, netestuota su gyv\u016bnais.<\/p>\n","protected":false},"excerpt":{"rendered":"<p data-start=\"815\" data-end=\"999\">Intensyviai juodas SLA PARIS blakstien\u0173 tu\u0161as su keratinu stiprina nualintas blakstienas, suteikia tankumo ir apimties. Apvalus \u0161epet\u0117lis u\u017etikrina tolyg\u0173 padengim\u0105 ir ry\u0161k\u0173 rezultat\u0105.<\/p>\n","protected":false},"featured_media":69456,"template":"","meta":[],"product_brand":[1527],"product_cat":[521,102],"product_tag":[1623],"class_list":{"0":"post-69454","1":"product","2":"type-product","3":"status-publish","4":"has-post-thumbnail","6":"product_brand-sla-paris","7":"product_cat-blakstienu-tusai","8":"product_cat-dekoratyvine-kosmetika","9":"product_tag-sla-paris","11":"first","12":"outofstock","13":"purchasable","14":"product-type-simple"},"yoast_head":"<!-- This site is optimized with the Yoast SEO plugin v27.4 - https:\/\/yoast.com\/product\/yoast-seo-wordpress\/ -->\n<title>SLA PARIS blakstien\u0173 tu\u0161as su keratinu, juodas, 8ml - MalinaShop.lt J\u016bs\u0173 sveikatai ir gro\u017eiui.<\/title>\n<meta name=\"description\" content=\"SLA PARIS juodas blakstien\u0173 tu\u0161as su keratinu stiprina blakstienas ir suteikia \u012fsp\u016bding\u0105 apimt\u012f. Stiprinanti formul\u0117 ir storinantis \u0161epet\u0117lis.\" \/>\n<meta name=\"robots\" content=\"index, follow, max-snippet:-1, max-image-preview:large, max-video-preview:-1\" \/>\n<link rel=\"canonical\" href=\"https:\/\/www.malinashop.lt\/en\/shop\/sla-paris-blakstienu-tusas-su-keratinu-juodas-8ml\/\" \/>\n<meta property=\"og:locale\" content=\"en_GB\" \/>\n<meta property=\"og:type\" content=\"article\" \/>\n<meta property=\"og:title\" content=\"SLA PARIS blakstien\u0173 tu\u0161as su keratinu, juodas, 8ml - MalinaShop.lt J\u016bs\u0173 sveikatai ir gro\u017eiui.\" \/>\n<meta property=\"og:description\" content=\"SLA PARIS juodas blakstien\u0173 tu\u0161as su keratinu stiprina blakstienas ir suteikia \u012fsp\u016bding\u0105 apimt\u012f. Stiprinanti formul\u0117 ir storinantis \u0161epet\u0117lis.\" \/>\n<meta property=\"og:url\" content=\"https:\/\/www.malinashop.lt\/en\/shop\/sla-paris-blakstienu-tusas-su-keratinu-juodas-8ml\/\" \/>\n<meta property=\"og:site_name\" content=\"MalinaShop.lt J\u016bs\u0173 sveikatai ir gro\u017eiui.\" \/>\n<meta property=\"article:modified_time\" content=\"2026-03-15T17:59:37+00:00\" \/>\n<meta property=\"og:image\" content=\"https:\/\/www.malinashop.lt\/wp-content\/uploads\/2025\/11\/blasktienu-tusas1.jpg\" \/>\n\t<meta property=\"og:image:width\" content=\"1000\" \/>\n\t<meta property=\"og:image:height\" content=\"1000\" \/>\n\t<meta property=\"og:image:type\" content=\"image\/jpeg\" \/>\n<meta name=\"twitter:card\" content=\"summary_large_image\" \/>\n<script type=\"application\/ld+json\" class=\"yoast-schema-graph\">{\"@context\":\"https:\\\/\\\/schema.org\",\"@graph\":[{\"@type\":\"WebPage\",\"@id\":\"https:\\\/\\\/www.malinashop.lt\\\/lt_lt\\\/shop\\\/sla-paris-blakstienu-tusas-su-keratinu-juodas-8ml\\\/\",\"url\":\"https:\\\/\\\/www.malinashop.lt\\\/lt_lt\\\/shop\\\/sla-paris-blakstienu-tusas-su-keratinu-juodas-8ml\\\/\",\"name\":\"SLA PARIS blakstien\u0173 tu\u0161as su keratinu, juodas, 8ml - MalinaShop.lt J\u016bs\u0173 sveikatai ir gro\u017eiui.\",\"isPartOf\":{\"@id\":\"https:\\\/\\\/www.malinashop.lt\\\/#website\"},\"primaryImageOfPage\":{\"@id\":\"https:\\\/\\\/www.malinashop.lt\\\/lt_lt\\\/shop\\\/sla-paris-blakstienu-tusas-su-keratinu-juodas-8ml\\\/#primaryimage\"},\"image\":{\"@id\":\"https:\\\/\\\/www.malinashop.lt\\\/lt_lt\\\/shop\\\/sla-paris-blakstienu-tusas-su-keratinu-juodas-8ml\\\/#primaryimage\"},\"thumbnailUrl\":\"https:\\\/\\\/www.malinashop.lt\\\/wp-content\\\/uploads\\\/2025\\\/11\\\/blasktienu-tusas1.jpg\",\"datePublished\":\"2025-11-25T15:03:32+00:00\",\"dateModified\":\"2026-03-15T17:59:37+00:00\",\"description\":\"SLA PARIS juodas blakstien\u0173 tu\u0161as su keratinu stiprina blakstienas ir suteikia \u012fsp\u016bding\u0105 apimt\u012f. Stiprinanti formul\u0117 ir storinantis \u0161epet\u0117lis.\",\"breadcrumb\":{\"@id\":\"https:\\\/\\\/www.malinashop.lt\\\/lt_lt\\\/shop\\\/sla-paris-blakstienu-tusas-su-keratinu-juodas-8ml\\\/#breadcrumb\"},\"inLanguage\":\"en-GB\",\"potentialAction\":[{\"@type\":\"ReadAction\",\"target\":[\"https:\\\/\\\/www.malinashop.lt\\\/lt_lt\\\/shop\\\/sla-paris-blakstienu-tusas-su-keratinu-juodas-8ml\\\/\"]}]},{\"@type\":\"ImageObject\",\"inLanguage\":\"en-GB\",\"@id\":\"https:\\\/\\\/www.malinashop.lt\\\/lt_lt\\\/shop\\\/sla-paris-blakstienu-tusas-su-keratinu-juodas-8ml\\\/#primaryimage\",\"url\":\"https:\\\/\\\/www.malinashop.lt\\\/wp-content\\\/uploads\\\/2025\\\/11\\\/blasktienu-tusas1.jpg\",\"contentUrl\":\"https:\\\/\\\/www.malinashop.lt\\\/wp-content\\\/uploads\\\/2025\\\/11\\\/blasktienu-tusas1.jpg\",\"width\":1000,\"height\":1000},{\"@type\":\"BreadcrumbList\",\"@id\":\"https:\\\/\\\/www.malinashop.lt\\\/lt_lt\\\/shop\\\/sla-paris-blakstienu-tusas-su-keratinu-juodas-8ml\\\/#breadcrumb\",\"itemListElement\":[{\"@type\":\"ListItem\",\"position\":1,\"name\":\"Pagrindinis\",\"item\":\"https:\\\/\\\/www.malinashop.lt\\\/\"},{\"@type\":\"ListItem\",\"position\":2,\"name\":\"Parduotuv\u0117\",\"item\":\"https:\\\/\\\/www.malinashop.lt\\\/en\\\/parduotuve\\\/\"},{\"@type\":\"ListItem\",\"position\":3,\"name\":\"SLA PARIS blakstien\u0173 tu\u0161as su keratinu, juodas, 8ml\"}]},{\"@type\":\"WebSite\",\"@id\":\"https:\\\/\\\/www.malinashop.lt\\\/#website\",\"url\":\"https:\\\/\\\/www.malinashop.lt\\\/\",\"name\":\"COM Group Ecommerce\",\"description\":\"MalinaShop.lt - Gro\u017eio ir sveikatos produktai i\u0161 patikim\u0173 preki\u0173 \u017eenkl\u0173. Atraskite auk\u0161tos kokyb\u0117s kosmetik\u0105 u\u017e puiki\u0105 kain\u0105.\",\"publisher\":{\"@id\":\"https:\\\/\\\/www.malinashop.lt\\\/#organization\"},\"potentialAction\":[{\"@type\":\"SearchAction\",\"target\":{\"@type\":\"EntryPoint\",\"urlTemplate\":\"https:\\\/\\\/www.malinashop.lt\\\/?s={search_term_string}\"},\"query-input\":{\"@type\":\"PropertyValueSpecification\",\"valueRequired\":true,\"valueName\":\"search_term_string\"}}],\"inLanguage\":\"en-GB\"},{\"@type\":\"Organization\",\"@id\":\"https:\\\/\\\/www.malinashop.lt\\\/#organization\",\"name\":\"COM Group Ecommerce\",\"url\":\"https:\\\/\\\/www.malinashop.lt\\\/\",\"logo\":{\"@type\":\"ImageObject\",\"inLanguage\":\"en-GB\",\"@id\":\"https:\\\/\\\/www.malinashop.lt\\\/#\\\/schema\\\/logo\\\/image\\\/\",\"url\":\"https:\\\/\\\/www.malinashop.lt\\\/wp-content\\\/uploads\\\/2024\\\/08\\\/462559670_3787732518133670_9795632669273463_n-e1731525914575.png\",\"contentUrl\":\"https:\\\/\\\/www.malinashop.lt\\\/wp-content\\\/uploads\\\/2024\\\/08\\\/462559670_3787732518133670_9795632669273463_n-e1731525914575.png\",\"width\":180,\"height\":60,\"caption\":\"COM Group Ecommerce\"},\"image\":{\"@id\":\"https:\\\/\\\/www.malinashop.lt\\\/#\\\/schema\\\/logo\\\/image\\\/\"}}]}<\/script>\n<!-- \/ Yoast SEO plugin. -->","yoast_head_json":{"title":"SLA PARIS blakstien\u0173 tu\u0161as su keratinu, juodas, 8ml - MalinaShop.lt J\u016bs\u0173 sveikatai ir gro\u017eiui.","description":"SLA PARIS juodas blakstien\u0173 tu\u0161as su keratinu stiprina blakstienas ir suteikia \u012fsp\u016bding\u0105 apimt\u012f. Stiprinanti formul\u0117 ir storinantis \u0161epet\u0117lis.","robots":{"index":"index","follow":"follow","max-snippet":"max-snippet:-1","max-image-preview":"max-image-preview:large","max-video-preview":"max-video-preview:-1"},"canonical":"https:\/\/www.malinashop.lt\/en\/shop\/sla-paris-blakstienu-tusas-su-keratinu-juodas-8ml\/","og_locale":"en_GB","og_type":"article","og_title":"SLA PARIS blakstien\u0173 tu\u0161as su keratinu, juodas, 8ml - MalinaShop.lt J\u016bs\u0173 sveikatai ir gro\u017eiui.","og_description":"SLA PARIS juodas blakstien\u0173 tu\u0161as su keratinu stiprina blakstienas ir suteikia \u012fsp\u016bding\u0105 apimt\u012f. Stiprinanti formul\u0117 ir storinantis \u0161epet\u0117lis.","og_url":"https:\/\/www.malinashop.lt\/en\/shop\/sla-paris-blakstienu-tusas-su-keratinu-juodas-8ml\/","og_site_name":"MalinaShop.lt J\u016bs\u0173 sveikatai ir gro\u017eiui.","article_modified_time":"2026-03-15T17:59:37+00:00","og_image":[{"width":1000,"height":1000,"url":"https:\/\/www.malinashop.lt\/wp-content\/uploads\/2025\/11\/blasktienu-tusas1.jpg","type":"image\/jpeg"}],"twitter_card":"summary_large_image","schema":{"@context":"https:\/\/schema.org","@graph":[{"@type":"WebPage","@id":"https:\/\/www.malinashop.lt\/lt_lt\/shop\/sla-paris-blakstienu-tusas-su-keratinu-juodas-8ml\/","url":"https:\/\/www.malinashop.lt\/lt_lt\/shop\/sla-paris-blakstienu-tusas-su-keratinu-juodas-8ml\/","name":"SLA PARIS blakstien\u0173 tu\u0161as su keratinu, juodas, 8ml - MalinaShop.lt J\u016bs\u0173 sveikatai ir gro\u017eiui.","isPartOf":{"@id":"https:\/\/www.malinashop.lt\/#website"},"primaryImageOfPage":{"@id":"https:\/\/www.malinashop.lt\/lt_lt\/shop\/sla-paris-blakstienu-tusas-su-keratinu-juodas-8ml\/#primaryimage"},"image":{"@id":"https:\/\/www.malinashop.lt\/lt_lt\/shop\/sla-paris-blakstienu-tusas-su-keratinu-juodas-8ml\/#primaryimage"},"thumbnailUrl":"https:\/\/www.malinashop.lt\/wp-content\/uploads\/2025\/11\/blasktienu-tusas1.jpg","datePublished":"2025-11-25T15:03:32+00:00","dateModified":"2026-03-15T17:59:37+00:00","description":"SLA PARIS juodas blakstien\u0173 tu\u0161as su keratinu stiprina blakstienas ir suteikia \u012fsp\u016bding\u0105 apimt\u012f. Stiprinanti formul\u0117 ir storinantis \u0161epet\u0117lis.","breadcrumb":{"@id":"https:\/\/www.malinashop.lt\/lt_lt\/shop\/sla-paris-blakstienu-tusas-su-keratinu-juodas-8ml\/#breadcrumb"},"inLanguage":"en-GB","potentialAction":[{"@type":"ReadAction","target":["https:\/\/www.malinashop.lt\/lt_lt\/shop\/sla-paris-blakstienu-tusas-su-keratinu-juodas-8ml\/"]}]},{"@type":"ImageObject","inLanguage":"en-GB","@id":"https:\/\/www.malinashop.lt\/lt_lt\/shop\/sla-paris-blakstienu-tusas-su-keratinu-juodas-8ml\/#primaryimage","url":"https:\/\/www.malinashop.lt\/wp-content\/uploads\/2025\/11\/blasktienu-tusas1.jpg","contentUrl":"https:\/\/www.malinashop.lt\/wp-content\/uploads\/2025\/11\/blasktienu-tusas1.jpg","width":1000,"height":1000},{"@type":"BreadcrumbList","@id":"https:\/\/www.malinashop.lt\/lt_lt\/shop\/sla-paris-blakstienu-tusas-su-keratinu-juodas-8ml\/#breadcrumb","itemListElement":[{"@type":"ListItem","position":1,"name":"Pagrindinis","item":"https:\/\/www.malinashop.lt\/"},{"@type":"ListItem","position":2,"name":"Parduotuv\u0117","item":"https:\/\/www.malinashop.lt\/en\/parduotuve\/"},{"@type":"ListItem","position":3,"name":"SLA PARIS blakstien\u0173 tu\u0161as su keratinu, juodas, 8ml"}]},{"@type":"WebSite","@id":"https:\/\/www.malinashop.lt\/#website","url":"https:\/\/www.malinashop.lt\/","name":"COM Group Ecommerce","description":"MalinaShop.lt - Gro\u017eio ir sveikatos produktai i\u0161 patikim\u0173 preki\u0173 \u017eenkl\u0173. Atraskite auk\u0161tos kokyb\u0117s kosmetik\u0105 u\u017e puiki\u0105 kain\u0105.","publisher":{"@id":"https:\/\/www.malinashop.lt\/#organization"},"potentialAction":[{"@type":"SearchAction","target":{"@type":"EntryPoint","urlTemplate":"https:\/\/www.malinashop.lt\/?s={search_term_string}"},"query-input":{"@type":"PropertyValueSpecification","valueRequired":true,"valueName":"search_term_string"}}],"inLanguage":"en-GB"},{"@type":"Organization","@id":"https:\/\/www.malinashop.lt\/#organization","name":"COM Group Ecommerce","url":"https:\/\/www.malinashop.lt\/","logo":{"@type":"ImageObject","inLanguage":"en-GB","@id":"https:\/\/www.malinashop.lt\/#\/schema\/logo\/image\/","url":"https:\/\/www.malinashop.lt\/wp-content\/uploads\/2024\/08\/462559670_3787732518133670_9795632669273463_n-e1731525914575.png","contentUrl":"https:\/\/www.malinashop.lt\/wp-content\/uploads\/2024\/08\/462559670_3787732518133670_9795632669273463_n-e1731525914575.png","width":180,"height":60,"caption":"COM Group Ecommerce"},"image":{"@id":"https:\/\/www.malinashop.lt\/#\/schema\/logo\/image\/"}}]}},"jetpack_sharing_enabled":true,"_links":{"self":[{"href":"https:\/\/www.malinashop.lt\/en\/wp-json\/wp\/v2\/product\/69454","targetHints":{"allow":["GET"]}}],"collection":[{"href":"https:\/\/www.malinashop.lt\/en\/wp-json\/wp\/v2\/product"}],"about":[{"href":"https:\/\/www.malinashop.lt\/en\/wp-json\/wp\/v2\/types\/product"}],"version-history":[{"count":2,"href":"https:\/\/www.malinashop.lt\/en\/wp-json\/wp\/v2\/product\/69454\/revisions"}],"predecessor-version":[{"id":71858,"href":"https:\/\/www.malinashop.lt\/en\/wp-json\/wp\/v2\/product\/69454\/revisions\/71858"}],"wp:featuredmedia":[{"embeddable":true,"href":"https:\/\/www.malinashop.lt\/en\/wp-json\/wp\/v2\/media\/69456"}],"wp:attachment":[{"href":"https:\/\/www.malinashop.lt\/en\/wp-json\/wp\/v2\/media?parent=69454"}],"wp:term":[{"taxonomy":"product_brand","embeddable":true,"href":"https:\/\/www.malinashop.lt\/en\/wp-json\/wp\/v2\/product_brand?post=69454"},{"taxonomy":"product_cat","embeddable":true,"href":"https:\/\/www.malinashop.lt\/en\/wp-json\/wp\/v2\/product_cat?post=69454"},{"taxonomy":"product_tag","embeddable":true,"href":"https:\/\/www.malinashop.lt\/en\/wp-json\/wp\/v2\/product_tag?post=69454"}],"curies":[{"name":"wp","href":"https:\/\/api.w.org\/{rel}","templated":true}]}}