{"id":69447,"date":"2025-11-25T18:03:32","date_gmt":"2025-11-25T15:03:32","guid":{"rendered":"https:\/\/malinashop.lt\/?post_type=product&#038;p=69447"},"modified":"2026-02-10T13:12:37","modified_gmt":"2026-02-10T10:12:37","slug":"sla-paris-rose-nude-lupdazis-35g","status":"publish","type":"product","link":"https:\/\/www.malinashop.lt\/en\/shop\/sla-paris-rose-nude-lupdazis-35g\/","title":{"rendered":"SLA PARIS ROSE NUDE l\u016bpda\u017eis, 3,5g"},"content":{"rendered":"<p data-start=\"32\" data-end=\"335\"><strong data-start=\"32\" data-end=\"64\">SLA PARIS l\u016bpda\u017eis ROSE NUDE<\/strong> \u2013 tai kremin\u0117s, patogiai slystan\u010dios tekst\u016bros matiniai l\u016bp\u0173 da\u017eai, sukurti i\u0161ry\u0161kinti nat\u016bral\u0173 l\u016bp\u0173 gro\u017e\u012f ir suteikti joms sodresn\u0117s spalvos. Formul\u0117 praturtinta nat\u016braliais augaliniais aliejais, kurie intensyviai dr\u0117kina, maitina ir apsaugo l\u016bp\u0173 od\u0105 nuo i\u0161saus\u0117jimo.<\/p>\n<p data-start=\"337\" data-end=\"637\">D\u0117l stipriai pigmentuotos tekst\u016bros vos vienas pot\u0117pis suteikia ilgalaik\u0119 spalv\u0105, pilnumo \u012fsp\u016bd\u012f ir eleganti\u0161kai matin\u012f efekt\u0105. L\u016bpda\u017eis dermatologi\u0161kai patikrintas, be paraben\u0173, fenoksietanolio, PEG, nebandytas su gyv\u016bnais. Tai auk\u0161tos kokyb\u0117s pasirinkimas tiek kasdieniam, tiek vakariniam makia\u017eui.<\/p>\n","protected":false},"excerpt":{"rendered":"<p data-start=\"680\" data-end=\"910\">Matinis SLA PARIS ROSE NUDE l\u016bpda\u017eis su nat\u016braliais augaliniais aliejais dr\u0117kina, maitina ir apsaugo l\u016bpas, suteikdamas intensyvi\u0105 spalv\u0105 bei pilnumo efekt\u0105. Auk\u0161tos kokyb\u0117s ilgai i\u0161liekanti formul\u0117 be paraben\u0173 ir fenoksietanolio.<\/p>\n","protected":false},"featured_media":69449,"template":"","meta":[],"product_brand":[1527],"product_cat":[102,708,533],"product_tag":[1623],"class_list":{"0":"post-69447","1":"product","2":"type-product","3":"status-publish","4":"has-post-thumbnail","6":"product_brand-sla-paris","7":"product_cat-dekoratyvine-kosmetika","8":"product_cat-lupoms","9":"product_cat-lupu-dazai","10":"product_tag-sla-paris","12":"first","13":"instock","14":"purchasable","15":"product-type-simple"},"yoast_head":"<!-- This site is optimized with the Yoast SEO plugin v27.4 - https:\/\/yoast.com\/product\/yoast-seo-wordpress\/ -->\n<title>SLA PARIS ROSE NUDE l\u016bpda\u017eis, 3,5g - MalinaShop.lt J\u016bs\u0173 sveikatai ir gro\u017eiui.<\/title>\n<meta name=\"description\" content=\"Matinis SLA PARIS ROSE NUDE l\u016bpda\u017eis su nat\u016braliais aliejais dr\u0117kina ir suteikia intensyvi\u0105 spalv\u0105. Auk\u0161ta kokyb\u0117, ilgai i\u0161liekantis efektas, be paraben\u0173.\" \/>\n<meta name=\"robots\" content=\"index, follow, max-snippet:-1, max-image-preview:large, max-video-preview:-1\" \/>\n<link rel=\"canonical\" href=\"https:\/\/www.malinashop.lt\/en\/shop\/sla-paris-rose-nude-lupdazis-35g\/\" \/>\n<meta property=\"og:locale\" content=\"en_GB\" \/>\n<meta property=\"og:type\" content=\"article\" \/>\n<meta property=\"og:title\" content=\"SLA PARIS ROSE NUDE l\u016bpda\u017eis, 3,5g - MalinaShop.lt J\u016bs\u0173 sveikatai ir gro\u017eiui.\" \/>\n<meta property=\"og:description\" content=\"Matinis SLA PARIS ROSE NUDE l\u016bpda\u017eis su nat\u016braliais aliejais dr\u0117kina ir suteikia intensyvi\u0105 spalv\u0105. Auk\u0161ta kokyb\u0117, ilgai i\u0161liekantis efektas, be paraben\u0173.\" \/>\n<meta property=\"og:url\" content=\"https:\/\/www.malinashop.lt\/en\/shop\/sla-paris-rose-nude-lupdazis-35g\/\" \/>\n<meta property=\"og:site_name\" content=\"MalinaShop.lt J\u016bs\u0173 sveikatai ir gro\u017eiui.\" \/>\n<meta property=\"article:modified_time\" content=\"2026-02-10T10:12:37+00:00\" \/>\n<meta property=\"og:image\" content=\"https:\/\/www.malinashop.lt\/wp-content\/uploads\/2025\/11\/sla-paris-lipstick1.jpg\" \/>\n\t<meta property=\"og:image:width\" content=\"1000\" \/>\n\t<meta property=\"og:image:height\" content=\"1000\" \/>\n\t<meta property=\"og:image:type\" content=\"image\/jpeg\" \/>\n<meta name=\"twitter:card\" content=\"summary_large_image\" \/>\n<script type=\"application\/ld+json\" class=\"yoast-schema-graph\">{\"@context\":\"https:\\\/\\\/schema.org\",\"@graph\":[{\"@type\":\"WebPage\",\"@id\":\"https:\\\/\\\/www.malinashop.lt\\\/lt_lt\\\/shop\\\/sla-paris-rose-nude-lupdazis-35g\\\/\",\"url\":\"https:\\\/\\\/www.malinashop.lt\\\/lt_lt\\\/shop\\\/sla-paris-rose-nude-lupdazis-35g\\\/\",\"name\":\"SLA PARIS ROSE NUDE l\u016bpda\u017eis, 3,5g - MalinaShop.lt J\u016bs\u0173 sveikatai ir gro\u017eiui.\",\"isPartOf\":{\"@id\":\"https:\\\/\\\/www.malinashop.lt\\\/#website\"},\"primaryImageOfPage\":{\"@id\":\"https:\\\/\\\/www.malinashop.lt\\\/lt_lt\\\/shop\\\/sla-paris-rose-nude-lupdazis-35g\\\/#primaryimage\"},\"image\":{\"@id\":\"https:\\\/\\\/www.malinashop.lt\\\/lt_lt\\\/shop\\\/sla-paris-rose-nude-lupdazis-35g\\\/#primaryimage\"},\"thumbnailUrl\":\"https:\\\/\\\/www.malinashop.lt\\\/wp-content\\\/uploads\\\/2025\\\/11\\\/sla-paris-lipstick1.jpg\",\"datePublished\":\"2025-11-25T15:03:32+00:00\",\"dateModified\":\"2026-02-10T10:12:37+00:00\",\"description\":\"Matinis SLA PARIS ROSE NUDE l\u016bpda\u017eis su nat\u016braliais aliejais dr\u0117kina ir suteikia intensyvi\u0105 spalv\u0105. Auk\u0161ta kokyb\u0117, ilgai i\u0161liekantis efektas, be paraben\u0173.\",\"breadcrumb\":{\"@id\":\"https:\\\/\\\/www.malinashop.lt\\\/lt_lt\\\/shop\\\/sla-paris-rose-nude-lupdazis-35g\\\/#breadcrumb\"},\"inLanguage\":\"en-GB\",\"potentialAction\":[{\"@type\":\"ReadAction\",\"target\":[\"https:\\\/\\\/www.malinashop.lt\\\/lt_lt\\\/shop\\\/sla-paris-rose-nude-lupdazis-35g\\\/\"]}]},{\"@type\":\"ImageObject\",\"inLanguage\":\"en-GB\",\"@id\":\"https:\\\/\\\/www.malinashop.lt\\\/lt_lt\\\/shop\\\/sla-paris-rose-nude-lupdazis-35g\\\/#primaryimage\",\"url\":\"https:\\\/\\\/www.malinashop.lt\\\/wp-content\\\/uploads\\\/2025\\\/11\\\/sla-paris-lipstick1.jpg\",\"contentUrl\":\"https:\\\/\\\/www.malinashop.lt\\\/wp-content\\\/uploads\\\/2025\\\/11\\\/sla-paris-lipstick1.jpg\",\"width\":1000,\"height\":1000},{\"@type\":\"BreadcrumbList\",\"@id\":\"https:\\\/\\\/www.malinashop.lt\\\/lt_lt\\\/shop\\\/sla-paris-rose-nude-lupdazis-35g\\\/#breadcrumb\",\"itemListElement\":[{\"@type\":\"ListItem\",\"position\":1,\"name\":\"Pagrindinis\",\"item\":\"https:\\\/\\\/www.malinashop.lt\\\/\"},{\"@type\":\"ListItem\",\"position\":2,\"name\":\"Parduotuv\u0117\",\"item\":\"https:\\\/\\\/www.malinashop.lt\\\/en\\\/parduotuve\\\/\"},{\"@type\":\"ListItem\",\"position\":3,\"name\":\"SLA PARIS ROSE NUDE l\u016bpda\u017eis, 3,5g\"}]},{\"@type\":\"WebSite\",\"@id\":\"https:\\\/\\\/www.malinashop.lt\\\/#website\",\"url\":\"https:\\\/\\\/www.malinashop.lt\\\/\",\"name\":\"COM Group Ecommerce\",\"description\":\"MalinaShop.lt - Gro\u017eio ir sveikatos produktai i\u0161 patikim\u0173 preki\u0173 \u017eenkl\u0173. Atraskite auk\u0161tos kokyb\u0117s kosmetik\u0105 u\u017e puiki\u0105 kain\u0105.\",\"publisher\":{\"@id\":\"https:\\\/\\\/www.malinashop.lt\\\/#organization\"},\"potentialAction\":[{\"@type\":\"SearchAction\",\"target\":{\"@type\":\"EntryPoint\",\"urlTemplate\":\"https:\\\/\\\/www.malinashop.lt\\\/?s={search_term_string}\"},\"query-input\":{\"@type\":\"PropertyValueSpecification\",\"valueRequired\":true,\"valueName\":\"search_term_string\"}}],\"inLanguage\":\"en-GB\"},{\"@type\":\"Organization\",\"@id\":\"https:\\\/\\\/www.malinashop.lt\\\/#organization\",\"name\":\"COM Group Ecommerce\",\"url\":\"https:\\\/\\\/www.malinashop.lt\\\/\",\"logo\":{\"@type\":\"ImageObject\",\"inLanguage\":\"en-GB\",\"@id\":\"https:\\\/\\\/www.malinashop.lt\\\/#\\\/schema\\\/logo\\\/image\\\/\",\"url\":\"https:\\\/\\\/www.malinashop.lt\\\/wp-content\\\/uploads\\\/2024\\\/08\\\/462559670_3787732518133670_9795632669273463_n-e1731525914575.png\",\"contentUrl\":\"https:\\\/\\\/www.malinashop.lt\\\/wp-content\\\/uploads\\\/2024\\\/08\\\/462559670_3787732518133670_9795632669273463_n-e1731525914575.png\",\"width\":180,\"height\":60,\"caption\":\"COM Group Ecommerce\"},\"image\":{\"@id\":\"https:\\\/\\\/www.malinashop.lt\\\/#\\\/schema\\\/logo\\\/image\\\/\"}}]}<\/script>\n<!-- \/ Yoast SEO plugin. -->","yoast_head_json":{"title":"SLA PARIS ROSE NUDE l\u016bpda\u017eis, 3,5g - MalinaShop.lt J\u016bs\u0173 sveikatai ir gro\u017eiui.","description":"Matinis SLA PARIS ROSE NUDE l\u016bpda\u017eis su nat\u016braliais aliejais dr\u0117kina ir suteikia intensyvi\u0105 spalv\u0105. Auk\u0161ta kokyb\u0117, ilgai i\u0161liekantis efektas, be paraben\u0173.","robots":{"index":"index","follow":"follow","max-snippet":"max-snippet:-1","max-image-preview":"max-image-preview:large","max-video-preview":"max-video-preview:-1"},"canonical":"https:\/\/www.malinashop.lt\/en\/shop\/sla-paris-rose-nude-lupdazis-35g\/","og_locale":"en_GB","og_type":"article","og_title":"SLA PARIS ROSE NUDE l\u016bpda\u017eis, 3,5g - MalinaShop.lt J\u016bs\u0173 sveikatai ir gro\u017eiui.","og_description":"Matinis SLA PARIS ROSE NUDE l\u016bpda\u017eis su nat\u016braliais aliejais dr\u0117kina ir suteikia intensyvi\u0105 spalv\u0105. Auk\u0161ta kokyb\u0117, ilgai i\u0161liekantis efektas, be paraben\u0173.","og_url":"https:\/\/www.malinashop.lt\/en\/shop\/sla-paris-rose-nude-lupdazis-35g\/","og_site_name":"MalinaShop.lt J\u016bs\u0173 sveikatai ir gro\u017eiui.","article_modified_time":"2026-02-10T10:12:37+00:00","og_image":[{"width":1000,"height":1000,"url":"https:\/\/www.malinashop.lt\/wp-content\/uploads\/2025\/11\/sla-paris-lipstick1.jpg","type":"image\/jpeg"}],"twitter_card":"summary_large_image","schema":{"@context":"https:\/\/schema.org","@graph":[{"@type":"WebPage","@id":"https:\/\/www.malinashop.lt\/lt_lt\/shop\/sla-paris-rose-nude-lupdazis-35g\/","url":"https:\/\/www.malinashop.lt\/lt_lt\/shop\/sla-paris-rose-nude-lupdazis-35g\/","name":"SLA PARIS ROSE NUDE l\u016bpda\u017eis, 3,5g - MalinaShop.lt J\u016bs\u0173 sveikatai ir gro\u017eiui.","isPartOf":{"@id":"https:\/\/www.malinashop.lt\/#website"},"primaryImageOfPage":{"@id":"https:\/\/www.malinashop.lt\/lt_lt\/shop\/sla-paris-rose-nude-lupdazis-35g\/#primaryimage"},"image":{"@id":"https:\/\/www.malinashop.lt\/lt_lt\/shop\/sla-paris-rose-nude-lupdazis-35g\/#primaryimage"},"thumbnailUrl":"https:\/\/www.malinashop.lt\/wp-content\/uploads\/2025\/11\/sla-paris-lipstick1.jpg","datePublished":"2025-11-25T15:03:32+00:00","dateModified":"2026-02-10T10:12:37+00:00","description":"Matinis SLA PARIS ROSE NUDE l\u016bpda\u017eis su nat\u016braliais aliejais dr\u0117kina ir suteikia intensyvi\u0105 spalv\u0105. Auk\u0161ta kokyb\u0117, ilgai i\u0161liekantis efektas, be paraben\u0173.","breadcrumb":{"@id":"https:\/\/www.malinashop.lt\/lt_lt\/shop\/sla-paris-rose-nude-lupdazis-35g\/#breadcrumb"},"inLanguage":"en-GB","potentialAction":[{"@type":"ReadAction","target":["https:\/\/www.malinashop.lt\/lt_lt\/shop\/sla-paris-rose-nude-lupdazis-35g\/"]}]},{"@type":"ImageObject","inLanguage":"en-GB","@id":"https:\/\/www.malinashop.lt\/lt_lt\/shop\/sla-paris-rose-nude-lupdazis-35g\/#primaryimage","url":"https:\/\/www.malinashop.lt\/wp-content\/uploads\/2025\/11\/sla-paris-lipstick1.jpg","contentUrl":"https:\/\/www.malinashop.lt\/wp-content\/uploads\/2025\/11\/sla-paris-lipstick1.jpg","width":1000,"height":1000},{"@type":"BreadcrumbList","@id":"https:\/\/www.malinashop.lt\/lt_lt\/shop\/sla-paris-rose-nude-lupdazis-35g\/#breadcrumb","itemListElement":[{"@type":"ListItem","position":1,"name":"Pagrindinis","item":"https:\/\/www.malinashop.lt\/"},{"@type":"ListItem","position":2,"name":"Parduotuv\u0117","item":"https:\/\/www.malinashop.lt\/en\/parduotuve\/"},{"@type":"ListItem","position":3,"name":"SLA PARIS ROSE NUDE l\u016bpda\u017eis, 3,5g"}]},{"@type":"WebSite","@id":"https:\/\/www.malinashop.lt\/#website","url":"https:\/\/www.malinashop.lt\/","name":"COM Group Ecommerce","description":"MalinaShop.lt - Gro\u017eio ir sveikatos produktai i\u0161 patikim\u0173 preki\u0173 \u017eenkl\u0173. Atraskite auk\u0161tos kokyb\u0117s kosmetik\u0105 u\u017e puiki\u0105 kain\u0105.","publisher":{"@id":"https:\/\/www.malinashop.lt\/#organization"},"potentialAction":[{"@type":"SearchAction","target":{"@type":"EntryPoint","urlTemplate":"https:\/\/www.malinashop.lt\/?s={search_term_string}"},"query-input":{"@type":"PropertyValueSpecification","valueRequired":true,"valueName":"search_term_string"}}],"inLanguage":"en-GB"},{"@type":"Organization","@id":"https:\/\/www.malinashop.lt\/#organization","name":"COM Group Ecommerce","url":"https:\/\/www.malinashop.lt\/","logo":{"@type":"ImageObject","inLanguage":"en-GB","@id":"https:\/\/www.malinashop.lt\/#\/schema\/logo\/image\/","url":"https:\/\/www.malinashop.lt\/wp-content\/uploads\/2024\/08\/462559670_3787732518133670_9795632669273463_n-e1731525914575.png","contentUrl":"https:\/\/www.malinashop.lt\/wp-content\/uploads\/2024\/08\/462559670_3787732518133670_9795632669273463_n-e1731525914575.png","width":180,"height":60,"caption":"COM Group Ecommerce"},"image":{"@id":"https:\/\/www.malinashop.lt\/#\/schema\/logo\/image\/"}}]}},"jetpack_sharing_enabled":true,"_links":{"self":[{"href":"https:\/\/www.malinashop.lt\/en\/wp-json\/wp\/v2\/product\/69447","targetHints":{"allow":["GET"]}}],"collection":[{"href":"https:\/\/www.malinashop.lt\/en\/wp-json\/wp\/v2\/product"}],"about":[{"href":"https:\/\/www.malinashop.lt\/en\/wp-json\/wp\/v2\/types\/product"}],"version-history":[{"count":3,"href":"https:\/\/www.malinashop.lt\/en\/wp-json\/wp\/v2\/product\/69447\/revisions"}],"predecessor-version":[{"id":71856,"href":"https:\/\/www.malinashop.lt\/en\/wp-json\/wp\/v2\/product\/69447\/revisions\/71856"}],"wp:featuredmedia":[{"embeddable":true,"href":"https:\/\/www.malinashop.lt\/en\/wp-json\/wp\/v2\/media\/69449"}],"wp:attachment":[{"href":"https:\/\/www.malinashop.lt\/en\/wp-json\/wp\/v2\/media?parent=69447"}],"wp:term":[{"taxonomy":"product_brand","embeddable":true,"href":"https:\/\/www.malinashop.lt\/en\/wp-json\/wp\/v2\/product_brand?post=69447"},{"taxonomy":"product_cat","embeddable":true,"href":"https:\/\/www.malinashop.lt\/en\/wp-json\/wp\/v2\/product_cat?post=69447"},{"taxonomy":"product_tag","embeddable":true,"href":"https:\/\/www.malinashop.lt\/en\/wp-json\/wp\/v2\/product_tag?post=69447"}],"curies":[{"name":"wp","href":"https:\/\/api.w.org\/{rel}","templated":true}]}}