{"id":69438,"date":"2025-11-25T18:03:32","date_gmt":"2025-11-25T15:03:32","guid":{"rendered":"https:\/\/malinashop.lt\/?post_type=product&#038;p=69438"},"modified":"2026-02-10T13:12:37","modified_gmt":"2026-02-10T10:12:37","slug":"sla-paris-shiny-lupu-blizgesys","status":"publish","type":"product","link":"https:\/\/www.malinashop.lt\/en\/shop\/sla-paris-shiny-lupu-blizgesys\/","title":{"rendered":"SLA PARIS SHINY l\u016bp\u0173 blizgesys"},"content":{"rendered":"<p data-start=\"41\" data-end=\"452\"><strong data-start=\"41\" data-end=\"75\">SLA PARIS l\u016bp\u0173 blizgesys SHINY<\/strong> \u2013 tai ilgai i\u0161liekantis, intensyviai pigmentuotas l\u016bp\u0173 blizgesys, sukurtas suteikti nepriekai\u0161ting\u0105 spindes\u012f ir komfort\u0105 visai dienai. Mink\u0161ta, \u0161velni tekst\u016bra praturtinta hialurono r\u016bg\u0161timi, kuri giliai dr\u0117kina, maitina ir vizualiai putlina l\u016bpas, nepalikdama lipnumo poj\u016b\u010dio. D\u0117l didel\u0117s pigment\u0173 koncentracijos spalva i\u0161lieka itin ilgai, o l\u016bpos atrodo glotnios ir ry\u0161kios.<\/p>\n<p data-start=\"454\" data-end=\"684\">Kiekvienam SHINY blizgesiui sukurtas atitinkamos spalvos l\u016bp\u0173 pie\u0161tukas, padedantis dar tiksliau suformuoti kont\u016br\u0105 ir u\u017etikrinti dar ilgesn\u012f i\u0161liekamum\u0105. Formul\u0117je n\u0117ra fenoksietanolio, PEG, o produktas netestuojamas su gyv\u016bnais.<\/p>\n","protected":false},"excerpt":{"rendered":"<p data-start=\"727\" data-end=\"965\">Ilgai i\u0161liekantis ir intensyviai pigmentuotas SLA PARIS SHINY l\u016bp\u0173 blizgesys su hialurono r\u016bg\u0161timi dr\u0117kina, putlina ir suteikia ry\u0161k\u0173 spindes\u012f be lipnumo. Kiekvienai spalvai priderintas pie\u0161tukas u\u017etikrina dar ilgesn\u012f makia\u017eo i\u0161silaikym\u0105.<\/p>\n","protected":false},"featured_media":69440,"template":"","meta":[],"product_brand":[1527],"product_cat":[102,708,523],"product_tag":[1623],"class_list":{"0":"post-69438","1":"product","2":"type-product","3":"status-publish","4":"has-post-thumbnail","6":"product_brand-sla-paris","7":"product_cat-dekoratyvine-kosmetika","8":"product_cat-lupoms","9":"product_cat-lupu-blizgiai","10":"product_tag-sla-paris","12":"first","13":"instock","14":"purchasable","15":"product-type-simple"},"yoast_head":"<!-- This site is optimized with the Yoast SEO plugin v27.4 - https:\/\/yoast.com\/product\/yoast-seo-wordpress\/ -->\n<title>SLA PARIS SHINY l\u016bp\u0173 blizgesys - MalinaShop.lt J\u016bs\u0173 sveikatai ir gro\u017eiui.<\/title>\n<meta name=\"description\" content=\"SLA PARIS SHINY l\u016bp\u0173 blizgesys su hialurono r\u016bg\u0161timi: ilgai i\u0161liekantis, dr\u0117kinantis ir intensyviai pigmentuotas blizgesys be lipnumo.\" \/>\n<meta name=\"robots\" content=\"index, follow, max-snippet:-1, max-image-preview:large, max-video-preview:-1\" \/>\n<link rel=\"canonical\" href=\"https:\/\/www.malinashop.lt\/en\/shop\/sla-paris-shiny-lupu-blizgesys\/\" \/>\n<meta property=\"og:locale\" content=\"en_GB\" \/>\n<meta property=\"og:type\" content=\"article\" \/>\n<meta property=\"og:title\" content=\"SLA PARIS SHINY l\u016bp\u0173 blizgesys - MalinaShop.lt J\u016bs\u0173 sveikatai ir gro\u017eiui.\" \/>\n<meta property=\"og:description\" content=\"SLA PARIS SHINY l\u016bp\u0173 blizgesys su hialurono r\u016bg\u0161timi: ilgai i\u0161liekantis, dr\u0117kinantis ir intensyviai pigmentuotas blizgesys be lipnumo.\" \/>\n<meta property=\"og:url\" content=\"https:\/\/www.malinashop.lt\/en\/shop\/sla-paris-shiny-lupu-blizgesys\/\" \/>\n<meta property=\"og:site_name\" content=\"MalinaShop.lt J\u016bs\u0173 sveikatai ir gro\u017eiui.\" \/>\n<meta property=\"article:modified_time\" content=\"2026-02-10T10:12:37+00:00\" \/>\n<meta property=\"og:image\" content=\"https:\/\/www.malinashop.lt\/wp-content\/uploads\/2025\/11\/SLA-PARIS1.jpg\" \/>\n\t<meta property=\"og:image:width\" content=\"1000\" \/>\n\t<meta property=\"og:image:height\" content=\"1000\" \/>\n\t<meta property=\"og:image:type\" content=\"image\/jpeg\" \/>\n<meta name=\"twitter:card\" content=\"summary_large_image\" \/>\n<script type=\"application\/ld+json\" class=\"yoast-schema-graph\">{\"@context\":\"https:\\\/\\\/schema.org\",\"@graph\":[{\"@type\":\"WebPage\",\"@id\":\"https:\\\/\\\/www.malinashop.lt\\\/shop\\\/sla-paris-shiny-lupu-blizgesys\\\/\",\"url\":\"https:\\\/\\\/www.malinashop.lt\\\/shop\\\/sla-paris-shiny-lupu-blizgesys\\\/\",\"name\":\"SLA PARIS SHINY l\u016bp\u0173 blizgesys - MalinaShop.lt J\u016bs\u0173 sveikatai ir gro\u017eiui.\",\"isPartOf\":{\"@id\":\"https:\\\/\\\/www.malinashop.lt\\\/#website\"},\"primaryImageOfPage\":{\"@id\":\"https:\\\/\\\/www.malinashop.lt\\\/shop\\\/sla-paris-shiny-lupu-blizgesys\\\/#primaryimage\"},\"image\":{\"@id\":\"https:\\\/\\\/www.malinashop.lt\\\/shop\\\/sla-paris-shiny-lupu-blizgesys\\\/#primaryimage\"},\"thumbnailUrl\":\"https:\\\/\\\/www.malinashop.lt\\\/wp-content\\\/uploads\\\/2025\\\/11\\\/SLA-PARIS1.jpg\",\"datePublished\":\"2025-11-25T15:03:32+00:00\",\"dateModified\":\"2026-02-10T10:12:37+00:00\",\"description\":\"SLA PARIS SHINY l\u016bp\u0173 blizgesys su hialurono r\u016bg\u0161timi: ilgai i\u0161liekantis, dr\u0117kinantis ir intensyviai pigmentuotas blizgesys be lipnumo.\",\"breadcrumb\":{\"@id\":\"https:\\\/\\\/www.malinashop.lt\\\/shop\\\/sla-paris-shiny-lupu-blizgesys\\\/#breadcrumb\"},\"inLanguage\":\"en-GB\",\"potentialAction\":[{\"@type\":\"ReadAction\",\"target\":[\"https:\\\/\\\/www.malinashop.lt\\\/shop\\\/sla-paris-shiny-lupu-blizgesys\\\/\"]}]},{\"@type\":\"ImageObject\",\"inLanguage\":\"en-GB\",\"@id\":\"https:\\\/\\\/www.malinashop.lt\\\/shop\\\/sla-paris-shiny-lupu-blizgesys\\\/#primaryimage\",\"url\":\"https:\\\/\\\/www.malinashop.lt\\\/wp-content\\\/uploads\\\/2025\\\/11\\\/SLA-PARIS1.jpg\",\"contentUrl\":\"https:\\\/\\\/www.malinashop.lt\\\/wp-content\\\/uploads\\\/2025\\\/11\\\/SLA-PARIS1.jpg\",\"width\":1000,\"height\":1000},{\"@type\":\"BreadcrumbList\",\"@id\":\"https:\\\/\\\/www.malinashop.lt\\\/shop\\\/sla-paris-shiny-lupu-blizgesys\\\/#breadcrumb\",\"itemListElement\":[{\"@type\":\"ListItem\",\"position\":1,\"name\":\"Pagrindinis\",\"item\":\"https:\\\/\\\/www.malinashop.lt\\\/\"},{\"@type\":\"ListItem\",\"position\":2,\"name\":\"Parduotuv\u0117\",\"item\":\"https:\\\/\\\/www.malinashop.lt\\\/en\\\/parduotuve\\\/\"},{\"@type\":\"ListItem\",\"position\":3,\"name\":\"SLA PARIS SHINY l\u016bp\u0173 blizgesys\"}]},{\"@type\":\"WebSite\",\"@id\":\"https:\\\/\\\/www.malinashop.lt\\\/#website\",\"url\":\"https:\\\/\\\/www.malinashop.lt\\\/\",\"name\":\"COM Group Ecommerce\",\"description\":\"MalinaShop.lt - Gro\u017eio ir sveikatos produktai i\u0161 patikim\u0173 preki\u0173 \u017eenkl\u0173. Atraskite auk\u0161tos kokyb\u0117s kosmetik\u0105 u\u017e puiki\u0105 kain\u0105.\",\"publisher\":{\"@id\":\"https:\\\/\\\/www.malinashop.lt\\\/#organization\"},\"potentialAction\":[{\"@type\":\"SearchAction\",\"target\":{\"@type\":\"EntryPoint\",\"urlTemplate\":\"https:\\\/\\\/www.malinashop.lt\\\/?s={search_term_string}\"},\"query-input\":{\"@type\":\"PropertyValueSpecification\",\"valueRequired\":true,\"valueName\":\"search_term_string\"}}],\"inLanguage\":\"en-GB\"},{\"@type\":\"Organization\",\"@id\":\"https:\\\/\\\/www.malinashop.lt\\\/#organization\",\"name\":\"COM Group Ecommerce\",\"url\":\"https:\\\/\\\/www.malinashop.lt\\\/\",\"logo\":{\"@type\":\"ImageObject\",\"inLanguage\":\"en-GB\",\"@id\":\"https:\\\/\\\/www.malinashop.lt\\\/#\\\/schema\\\/logo\\\/image\\\/\",\"url\":\"https:\\\/\\\/www.malinashop.lt\\\/wp-content\\\/uploads\\\/2024\\\/08\\\/462559670_3787732518133670_9795632669273463_n-e1731525914575.png\",\"contentUrl\":\"https:\\\/\\\/www.malinashop.lt\\\/wp-content\\\/uploads\\\/2024\\\/08\\\/462559670_3787732518133670_9795632669273463_n-e1731525914575.png\",\"width\":180,\"height\":60,\"caption\":\"COM Group Ecommerce\"},\"image\":{\"@id\":\"https:\\\/\\\/www.malinashop.lt\\\/#\\\/schema\\\/logo\\\/image\\\/\"}}]}<\/script>\n<!-- \/ Yoast SEO plugin. -->","yoast_head_json":{"title":"SLA PARIS SHINY l\u016bp\u0173 blizgesys - MalinaShop.lt J\u016bs\u0173 sveikatai ir gro\u017eiui.","description":"SLA PARIS SHINY l\u016bp\u0173 blizgesys su hialurono r\u016bg\u0161timi: ilgai i\u0161liekantis, dr\u0117kinantis ir intensyviai pigmentuotas blizgesys be lipnumo.","robots":{"index":"index","follow":"follow","max-snippet":"max-snippet:-1","max-image-preview":"max-image-preview:large","max-video-preview":"max-video-preview:-1"},"canonical":"https:\/\/www.malinashop.lt\/en\/shop\/sla-paris-shiny-lupu-blizgesys\/","og_locale":"en_GB","og_type":"article","og_title":"SLA PARIS SHINY l\u016bp\u0173 blizgesys - MalinaShop.lt J\u016bs\u0173 sveikatai ir gro\u017eiui.","og_description":"SLA PARIS SHINY l\u016bp\u0173 blizgesys su hialurono r\u016bg\u0161timi: ilgai i\u0161liekantis, dr\u0117kinantis ir intensyviai pigmentuotas blizgesys be lipnumo.","og_url":"https:\/\/www.malinashop.lt\/en\/shop\/sla-paris-shiny-lupu-blizgesys\/","og_site_name":"MalinaShop.lt J\u016bs\u0173 sveikatai ir gro\u017eiui.","article_modified_time":"2026-02-10T10:12:37+00:00","og_image":[{"width":1000,"height":1000,"url":"https:\/\/www.malinashop.lt\/wp-content\/uploads\/2025\/11\/SLA-PARIS1.jpg","type":"image\/jpeg"}],"twitter_card":"summary_large_image","schema":{"@context":"https:\/\/schema.org","@graph":[{"@type":"WebPage","@id":"https:\/\/www.malinashop.lt\/shop\/sla-paris-shiny-lupu-blizgesys\/","url":"https:\/\/www.malinashop.lt\/shop\/sla-paris-shiny-lupu-blizgesys\/","name":"SLA PARIS SHINY l\u016bp\u0173 blizgesys - MalinaShop.lt J\u016bs\u0173 sveikatai ir gro\u017eiui.","isPartOf":{"@id":"https:\/\/www.malinashop.lt\/#website"},"primaryImageOfPage":{"@id":"https:\/\/www.malinashop.lt\/shop\/sla-paris-shiny-lupu-blizgesys\/#primaryimage"},"image":{"@id":"https:\/\/www.malinashop.lt\/shop\/sla-paris-shiny-lupu-blizgesys\/#primaryimage"},"thumbnailUrl":"https:\/\/www.malinashop.lt\/wp-content\/uploads\/2025\/11\/SLA-PARIS1.jpg","datePublished":"2025-11-25T15:03:32+00:00","dateModified":"2026-02-10T10:12:37+00:00","description":"SLA PARIS SHINY l\u016bp\u0173 blizgesys su hialurono r\u016bg\u0161timi: ilgai i\u0161liekantis, dr\u0117kinantis ir intensyviai pigmentuotas blizgesys be lipnumo.","breadcrumb":{"@id":"https:\/\/www.malinashop.lt\/shop\/sla-paris-shiny-lupu-blizgesys\/#breadcrumb"},"inLanguage":"en-GB","potentialAction":[{"@type":"ReadAction","target":["https:\/\/www.malinashop.lt\/shop\/sla-paris-shiny-lupu-blizgesys\/"]}]},{"@type":"ImageObject","inLanguage":"en-GB","@id":"https:\/\/www.malinashop.lt\/shop\/sla-paris-shiny-lupu-blizgesys\/#primaryimage","url":"https:\/\/www.malinashop.lt\/wp-content\/uploads\/2025\/11\/SLA-PARIS1.jpg","contentUrl":"https:\/\/www.malinashop.lt\/wp-content\/uploads\/2025\/11\/SLA-PARIS1.jpg","width":1000,"height":1000},{"@type":"BreadcrumbList","@id":"https:\/\/www.malinashop.lt\/shop\/sla-paris-shiny-lupu-blizgesys\/#breadcrumb","itemListElement":[{"@type":"ListItem","position":1,"name":"Pagrindinis","item":"https:\/\/www.malinashop.lt\/"},{"@type":"ListItem","position":2,"name":"Parduotuv\u0117","item":"https:\/\/www.malinashop.lt\/en\/parduotuve\/"},{"@type":"ListItem","position":3,"name":"SLA PARIS SHINY l\u016bp\u0173 blizgesys"}]},{"@type":"WebSite","@id":"https:\/\/www.malinashop.lt\/#website","url":"https:\/\/www.malinashop.lt\/","name":"COM Group Ecommerce","description":"MalinaShop.lt - Gro\u017eio ir sveikatos produktai i\u0161 patikim\u0173 preki\u0173 \u017eenkl\u0173. Atraskite auk\u0161tos kokyb\u0117s kosmetik\u0105 u\u017e puiki\u0105 kain\u0105.","publisher":{"@id":"https:\/\/www.malinashop.lt\/#organization"},"potentialAction":[{"@type":"SearchAction","target":{"@type":"EntryPoint","urlTemplate":"https:\/\/www.malinashop.lt\/?s={search_term_string}"},"query-input":{"@type":"PropertyValueSpecification","valueRequired":true,"valueName":"search_term_string"}}],"inLanguage":"en-GB"},{"@type":"Organization","@id":"https:\/\/www.malinashop.lt\/#organization","name":"COM Group Ecommerce","url":"https:\/\/www.malinashop.lt\/","logo":{"@type":"ImageObject","inLanguage":"en-GB","@id":"https:\/\/www.malinashop.lt\/#\/schema\/logo\/image\/","url":"https:\/\/www.malinashop.lt\/wp-content\/uploads\/2024\/08\/462559670_3787732518133670_9795632669273463_n-e1731525914575.png","contentUrl":"https:\/\/www.malinashop.lt\/wp-content\/uploads\/2024\/08\/462559670_3787732518133670_9795632669273463_n-e1731525914575.png","width":180,"height":60,"caption":"COM Group Ecommerce"},"image":{"@id":"https:\/\/www.malinashop.lt\/#\/schema\/logo\/image\/"}}]}},"jetpack_sharing_enabled":true,"_links":{"self":[{"href":"https:\/\/www.malinashop.lt\/en\/wp-json\/wp\/v2\/product\/69438","targetHints":{"allow":["GET"]}}],"collection":[{"href":"https:\/\/www.malinashop.lt\/en\/wp-json\/wp\/v2\/product"}],"about":[{"href":"https:\/\/www.malinashop.lt\/en\/wp-json\/wp\/v2\/types\/product"}],"version-history":[{"count":2,"href":"https:\/\/www.malinashop.lt\/en\/wp-json\/wp\/v2\/product\/69438\/revisions"}],"predecessor-version":[{"id":71871,"href":"https:\/\/www.malinashop.lt\/en\/wp-json\/wp\/v2\/product\/69438\/revisions\/71871"}],"wp:featuredmedia":[{"embeddable":true,"href":"https:\/\/www.malinashop.lt\/en\/wp-json\/wp\/v2\/media\/69440"}],"wp:attachment":[{"href":"https:\/\/www.malinashop.lt\/en\/wp-json\/wp\/v2\/media?parent=69438"}],"wp:term":[{"taxonomy":"product_brand","embeddable":true,"href":"https:\/\/www.malinashop.lt\/en\/wp-json\/wp\/v2\/product_brand?post=69438"},{"taxonomy":"product_cat","embeddable":true,"href":"https:\/\/www.malinashop.lt\/en\/wp-json\/wp\/v2\/product_cat?post=69438"},{"taxonomy":"product_tag","embeddable":true,"href":"https:\/\/www.malinashop.lt\/en\/wp-json\/wp\/v2\/product_tag?post=69438"}],"curies":[{"name":"wp","href":"https:\/\/api.w.org\/{rel}","templated":true}]}}