{"id":69284,"date":"2025-12-06T14:06:39","date_gmt":"2025-12-06T11:06:39","guid":{"rendered":"https:\/\/malinashop.lt\/?post_type=product&#038;p=69284"},"modified":"2026-04-07T22:18:48","modified_gmt":"2026-04-07T19:18:48","slug":"skinlovers-profesionalus-veido-padengimo-sepetelis","status":"publish","type":"product","link":"https:\/\/www.malinashop.lt\/en\/shop\/skinlovers-profesionalus-veido-padengimo-sepetelis\/","title":{"rendered":"SKINLOVERS profesionalus veido padengimo \u0161epet\u0117lis"},"content":{"rendered":"<p data-start=\"246\" data-end=\"570\">SKINLOVERS profesionalus \u0161epet\u0117lis veido padengimui sukurtas tam, kad veido odos prie\u017ei\u016bros ir makia\u017eo ritualai b\u016bt\u0173 ne tik efektyv\u016bs, bet ir malon\u016bs. \u0160is \u0161epet\u0117lis i\u0161siskiria ypatingu \u0161velnumu, ergonomi\u0161ka forma ir funkcionalumu, tod\u0117l puikiai tinka tiek kasdieniniam, tiek profesionaliam naudojimui.<\/p>\n<p data-start=\"572\" data-end=\"850\">I\u0161skirtini\u0173 form\u0173 \u0161epet\u0117lis <strong data-start=\"600\" data-end=\"624\">pagamintas Italijoje<\/strong>, konsultuojantis su specialistais ir testuojant realiomis darbo s\u0105lygomis. Jo tank\u016bs, ta\u010diau \u0161veln\u016bs <strong data-start=\"726\" data-end=\"756\">sintetinio plauko \u0161ereliai<\/strong> \u0161velniai slysta odos pavir\u0161iumi, nebrai\u017eo ir neerzina, tod\u0117l tinka net jautresnei veido odai.<\/p>\n<p data-start=\"852\" data-end=\"919\">\u0160epet\u0117lis skirtas <strong data-start=\"870\" data-end=\"912\">tolygiam ir \u0161velniam produkt\u0173 dengimui<\/strong> ant:<\/p>\n<ul data-start=\"920\" data-end=\"960\">\n<li data-start=\"920\" data-end=\"930\">\n<p data-start=\"922\" data-end=\"930\">veido,<\/p>\n<\/li>\n<li data-start=\"931\" data-end=\"941\">\n<p data-start=\"933\" data-end=\"941\">kaklo,<\/p>\n<\/li>\n<li data-start=\"942\" data-end=\"960\">\n<p data-start=\"944\" data-end=\"960\">dekolt\u0117 zonos.<\/p>\n<\/li>\n<\/ul>\n<p data-start=\"962\" data-end=\"987\">Juo patogu paskirstyti:<\/p>\n<ul data-start=\"988\" data-end=\"1101\">\n<li data-start=\"988\" data-end=\"1032\">\n<p data-start=\"990\" data-end=\"1032\">dr\u0117kinamuosius ir atkuriamuosius kremus,<\/p>\n<\/li>\n<li data-start=\"1033\" data-end=\"1053\">\n<p data-start=\"1035\" data-end=\"1053\">serumus, kaukes,<\/p>\n<\/li>\n<li data-start=\"1054\" data-end=\"1101\">\n<p data-start=\"1056\" data-end=\"1101\">makia\u017eo bazes ar lengvus skystus pagrindus.<\/p>\n<\/li>\n<\/ul>\n<p data-start=\"1103\" data-end=\"1414\">D\u0117l profesionalios konstrukcijos \u0161epet\u0117lis padeda tolygiai paskirstyti priemones, nepalieka dry\u017ei\u0173, leid\u017eia naudoti ma\u017eesn\u012f produkto kiek\u012f ir i\u0161gauti esteti\u0161k\u0105, tvarking\u0105 rezultat\u0105. Tai <strong data-start=\"1289\" data-end=\"1331\">ilgaam\u017eis, i\u0161skirtin\u0117s kokyb\u0117s \u012frankis<\/strong>, kuris i\u0161laiko savo form\u0105 ir \u0161velnum\u0105 net da\u017enai naudojant ir tinkamai pri\u017ei\u016brint.<\/p>\n<p data-start=\"1416\" data-end=\"1577\">SKINLOVERS \u0161epet\u0117lis \u2013 puikus pasirinkimas tiek profesionaliam kosmetologui ar viza\u017eistui, tiek \u017emogui, kuris nori auk\u0161tesn\u0117s kokyb\u0117s \u012franki\u0173 savo nam\u0173 rutinoje.<\/p>\n<p data-start=\"1579\" data-end=\"1608\"><strong data-start=\"1579\" data-end=\"1606\">Pagrindiniai privalumai<\/strong><\/p>\n<ul data-start=\"1609\" data-end=\"1837\">\n<li data-start=\"1609\" data-end=\"1644\">\n<p data-start=\"1611\" data-end=\"1644\">Itin \u0161velnus sintetinis plaukas<\/p>\n<\/li>\n<li data-start=\"1645\" data-end=\"1704\">\n<p data-start=\"1647\" data-end=\"1704\">Tolygiam priemoni\u0173 dengimui ant veido, kaklo ir dekolt\u0117<\/p>\n<\/li>\n<li data-start=\"1705\" data-end=\"1734\">\n<p data-start=\"1707\" data-end=\"1734\">Ergonomi\u0161ka, patogi forma<\/p>\n<\/li>\n<li data-start=\"1735\" data-end=\"1776\">\n<p data-start=\"1737\" data-end=\"1776\">Profesionalus, ilgaam\u017eis ir patikimas<\/p>\n<\/li>\n<li data-start=\"1777\" data-end=\"1837\">\n<p data-start=\"1779\" data-end=\"1837\">Pagamintas Italijoje, bendradarbiaujant su specialistais<\/p>\n<\/li>\n<\/ul>\n<p data-start=\"1839\" data-end=\"2079\"><strong data-start=\"1839\" data-end=\"1853\">Naudojimas<\/strong><br data-start=\"1853\" data-end=\"1856\" \/>U\u017etepkite norim\u0105 produkto kiek\u012f ant \u0161epet\u0117lio arba odos ir \u0161velniais, glostomaisiais judesiais paskirstykite ant veido, kaklo ar dekolt\u0117. Po naudojimo \u0161epet\u0117l\u012f reguliariai plaukite \u0161velniu prausikliu ir gerai i\u0161d\u017eiovinkite.<\/p>\n","protected":false},"excerpt":{"rendered":"<p class=\"p1\">SKINLOVERS profesionalus veido padengimo \u0161epet\u0117lis \u2013 itin \u0161velnus, sintetinio plauko \u012frankis, sukurtas tolygiam priemoni\u0173 dengimui ant veido, kaklo ir dekolt\u0117 odos.<\/p>\n","protected":false},"featured_media":69286,"template":"","meta":[],"product_brand":[1528],"product_cat":[102,795],"product_tag":[1622],"class_list":{"0":"post-69284","1":"product","2":"type-product","3":"status-publish","4":"has-post-thumbnail","6":"product_brand-skinlovers","7":"product_cat-dekoratyvine-kosmetika","8":"product_cat-makiazo-sepeteliai","9":"product_tag-skinlovers","11":"first","12":"instock","13":"purchasable","14":"product-type-simple"},"yoast_head":"<!-- This site is optimized with the Yoast SEO plugin v27.4 - https:\/\/yoast.com\/product\/yoast-seo-wordpress\/ -->\n<title>SKINLOVERS profesionalus veido padengimo \u0161epet\u0117lis - MalinaShop.lt J\u016bs\u0173 sveikatai ir gro\u017eiui.<\/title>\n<meta name=\"description\" content=\"SKINLOVERS profesionalus veido padengimo \u0161epet\u0117lis \u2013 \u0161velnus sintetinio plauko \u012frankis, pagamintas Italijoje, tolygiam krem\u0173, serum\u0173 ir bazi\u0173 dengimui.\" \/>\n<meta name=\"robots\" content=\"index, follow, max-snippet:-1, max-image-preview:large, max-video-preview:-1\" \/>\n<link rel=\"canonical\" href=\"https:\/\/www.malinashop.lt\/en\/shop\/skinlovers-profesionalus-veido-padengimo-sepetelis\/\" \/>\n<meta property=\"og:locale\" content=\"en_GB\" \/>\n<meta property=\"og:type\" content=\"article\" \/>\n<meta property=\"og:title\" content=\"SKINLOVERS profesionalus veido padengimo \u0161epet\u0117lis - MalinaShop.lt J\u016bs\u0173 sveikatai ir gro\u017eiui.\" \/>\n<meta property=\"og:description\" content=\"SKINLOVERS profesionalus veido padengimo \u0161epet\u0117lis \u2013 \u0161velnus sintetinio plauko \u012frankis, pagamintas Italijoje, tolygiam krem\u0173, serum\u0173 ir bazi\u0173 dengimui.\" \/>\n<meta property=\"og:url\" content=\"https:\/\/www.malinashop.lt\/en\/shop\/skinlovers-profesionalus-veido-padengimo-sepetelis\/\" \/>\n<meta property=\"og:site_name\" content=\"MalinaShop.lt J\u016bs\u0173 sveikatai ir gro\u017eiui.\" \/>\n<meta property=\"article:modified_time\" content=\"2026-04-07T19:18:48+00:00\" \/>\n<meta property=\"og:image\" content=\"https:\/\/www.malinashop.lt\/wp-content\/uploads\/2025\/11\/4779090770000.jpg\" \/>\n\t<meta property=\"og:image:width\" content=\"1000\" \/>\n\t<meta property=\"og:image:height\" content=\"1000\" \/>\n\t<meta property=\"og:image:type\" content=\"image\/jpeg\" \/>\n<meta name=\"twitter:card\" content=\"summary_large_image\" \/>\n<script type=\"application\/ld+json\" class=\"yoast-schema-graph\">{\"@context\":\"https:\\\/\\\/schema.org\",\"@graph\":[{\"@type\":\"WebPage\",\"@id\":\"https:\\\/\\\/www.malinashop.lt\\\/shop\\\/skinlovers-profesionalus-veido-padengimo-sepetelis\\\/\",\"url\":\"https:\\\/\\\/www.malinashop.lt\\\/shop\\\/skinlovers-profesionalus-veido-padengimo-sepetelis\\\/\",\"name\":\"SKINLOVERS profesionalus veido padengimo \u0161epet\u0117lis - MalinaShop.lt J\u016bs\u0173 sveikatai ir gro\u017eiui.\",\"isPartOf\":{\"@id\":\"https:\\\/\\\/www.malinashop.lt\\\/#website\"},\"primaryImageOfPage\":{\"@id\":\"https:\\\/\\\/www.malinashop.lt\\\/shop\\\/skinlovers-profesionalus-veido-padengimo-sepetelis\\\/#primaryimage\"},\"image\":{\"@id\":\"https:\\\/\\\/www.malinashop.lt\\\/shop\\\/skinlovers-profesionalus-veido-padengimo-sepetelis\\\/#primaryimage\"},\"thumbnailUrl\":\"https:\\\/\\\/www.malinashop.lt\\\/wp-content\\\/uploads\\\/2025\\\/11\\\/4779090770000.jpg\",\"datePublished\":\"2025-12-06T11:06:39+00:00\",\"dateModified\":\"2026-04-07T19:18:48+00:00\",\"description\":\"SKINLOVERS profesionalus veido padengimo \u0161epet\u0117lis \u2013 \u0161velnus sintetinio plauko \u012frankis, pagamintas Italijoje, tolygiam krem\u0173, serum\u0173 ir bazi\u0173 dengimui.\",\"breadcrumb\":{\"@id\":\"https:\\\/\\\/www.malinashop.lt\\\/shop\\\/skinlovers-profesionalus-veido-padengimo-sepetelis\\\/#breadcrumb\"},\"inLanguage\":\"en-GB\",\"potentialAction\":[{\"@type\":\"ReadAction\",\"target\":[\"https:\\\/\\\/www.malinashop.lt\\\/shop\\\/skinlovers-profesionalus-veido-padengimo-sepetelis\\\/\"]}]},{\"@type\":\"ImageObject\",\"inLanguage\":\"en-GB\",\"@id\":\"https:\\\/\\\/www.malinashop.lt\\\/shop\\\/skinlovers-profesionalus-veido-padengimo-sepetelis\\\/#primaryimage\",\"url\":\"https:\\\/\\\/www.malinashop.lt\\\/wp-content\\\/uploads\\\/2025\\\/11\\\/4779090770000.jpg\",\"contentUrl\":\"https:\\\/\\\/www.malinashop.lt\\\/wp-content\\\/uploads\\\/2025\\\/11\\\/4779090770000.jpg\",\"width\":1000,\"height\":1000},{\"@type\":\"BreadcrumbList\",\"@id\":\"https:\\\/\\\/www.malinashop.lt\\\/shop\\\/skinlovers-profesionalus-veido-padengimo-sepetelis\\\/#breadcrumb\",\"itemListElement\":[{\"@type\":\"ListItem\",\"position\":1,\"name\":\"Pagrindinis\",\"item\":\"https:\\\/\\\/www.malinashop.lt\\\/\"},{\"@type\":\"ListItem\",\"position\":2,\"name\":\"Parduotuv\u0117\",\"item\":\"https:\\\/\\\/www.malinashop.lt\\\/en\\\/parduotuve\\\/\"},{\"@type\":\"ListItem\",\"position\":3,\"name\":\"SKINLOVERS profesionalus veido padengimo \u0161epet\u0117lis\"}]},{\"@type\":\"WebSite\",\"@id\":\"https:\\\/\\\/www.malinashop.lt\\\/#website\",\"url\":\"https:\\\/\\\/www.malinashop.lt\\\/\",\"name\":\"COM Group Ecommerce\",\"description\":\"MalinaShop.lt - Gro\u017eio ir sveikatos produktai i\u0161 patikim\u0173 preki\u0173 \u017eenkl\u0173. Atraskite auk\u0161tos kokyb\u0117s kosmetik\u0105 u\u017e puiki\u0105 kain\u0105.\",\"publisher\":{\"@id\":\"https:\\\/\\\/www.malinashop.lt\\\/#organization\"},\"potentialAction\":[{\"@type\":\"SearchAction\",\"target\":{\"@type\":\"EntryPoint\",\"urlTemplate\":\"https:\\\/\\\/www.malinashop.lt\\\/?s={search_term_string}\"},\"query-input\":{\"@type\":\"PropertyValueSpecification\",\"valueRequired\":true,\"valueName\":\"search_term_string\"}}],\"inLanguage\":\"en-GB\"},{\"@type\":\"Organization\",\"@id\":\"https:\\\/\\\/www.malinashop.lt\\\/#organization\",\"name\":\"COM Group Ecommerce\",\"url\":\"https:\\\/\\\/www.malinashop.lt\\\/\",\"logo\":{\"@type\":\"ImageObject\",\"inLanguage\":\"en-GB\",\"@id\":\"https:\\\/\\\/www.malinashop.lt\\\/#\\\/schema\\\/logo\\\/image\\\/\",\"url\":\"https:\\\/\\\/www.malinashop.lt\\\/wp-content\\\/uploads\\\/2024\\\/08\\\/462559670_3787732518133670_9795632669273463_n-e1731525914575.png\",\"contentUrl\":\"https:\\\/\\\/www.malinashop.lt\\\/wp-content\\\/uploads\\\/2024\\\/08\\\/462559670_3787732518133670_9795632669273463_n-e1731525914575.png\",\"width\":180,\"height\":60,\"caption\":\"COM Group Ecommerce\"},\"image\":{\"@id\":\"https:\\\/\\\/www.malinashop.lt\\\/#\\\/schema\\\/logo\\\/image\\\/\"}}]}<\/script>\n<!-- \/ Yoast SEO plugin. -->","yoast_head_json":{"title":"SKINLOVERS profesionalus veido padengimo \u0161epet\u0117lis - MalinaShop.lt J\u016bs\u0173 sveikatai ir gro\u017eiui.","description":"SKINLOVERS profesionalus veido padengimo \u0161epet\u0117lis \u2013 \u0161velnus sintetinio plauko \u012frankis, pagamintas Italijoje, tolygiam krem\u0173, serum\u0173 ir bazi\u0173 dengimui.","robots":{"index":"index","follow":"follow","max-snippet":"max-snippet:-1","max-image-preview":"max-image-preview:large","max-video-preview":"max-video-preview:-1"},"canonical":"https:\/\/www.malinashop.lt\/en\/shop\/skinlovers-profesionalus-veido-padengimo-sepetelis\/","og_locale":"en_GB","og_type":"article","og_title":"SKINLOVERS profesionalus veido padengimo \u0161epet\u0117lis - MalinaShop.lt J\u016bs\u0173 sveikatai ir gro\u017eiui.","og_description":"SKINLOVERS profesionalus veido padengimo \u0161epet\u0117lis \u2013 \u0161velnus sintetinio plauko \u012frankis, pagamintas Italijoje, tolygiam krem\u0173, serum\u0173 ir bazi\u0173 dengimui.","og_url":"https:\/\/www.malinashop.lt\/en\/shop\/skinlovers-profesionalus-veido-padengimo-sepetelis\/","og_site_name":"MalinaShop.lt J\u016bs\u0173 sveikatai ir gro\u017eiui.","article_modified_time":"2026-04-07T19:18:48+00:00","og_image":[{"width":1000,"height":1000,"url":"https:\/\/www.malinashop.lt\/wp-content\/uploads\/2025\/11\/4779090770000.jpg","type":"image\/jpeg"}],"twitter_card":"summary_large_image","schema":{"@context":"https:\/\/schema.org","@graph":[{"@type":"WebPage","@id":"https:\/\/www.malinashop.lt\/shop\/skinlovers-profesionalus-veido-padengimo-sepetelis\/","url":"https:\/\/www.malinashop.lt\/shop\/skinlovers-profesionalus-veido-padengimo-sepetelis\/","name":"SKINLOVERS profesionalus veido padengimo \u0161epet\u0117lis - MalinaShop.lt J\u016bs\u0173 sveikatai ir gro\u017eiui.","isPartOf":{"@id":"https:\/\/www.malinashop.lt\/#website"},"primaryImageOfPage":{"@id":"https:\/\/www.malinashop.lt\/shop\/skinlovers-profesionalus-veido-padengimo-sepetelis\/#primaryimage"},"image":{"@id":"https:\/\/www.malinashop.lt\/shop\/skinlovers-profesionalus-veido-padengimo-sepetelis\/#primaryimage"},"thumbnailUrl":"https:\/\/www.malinashop.lt\/wp-content\/uploads\/2025\/11\/4779090770000.jpg","datePublished":"2025-12-06T11:06:39+00:00","dateModified":"2026-04-07T19:18:48+00:00","description":"SKINLOVERS profesionalus veido padengimo \u0161epet\u0117lis \u2013 \u0161velnus sintetinio plauko \u012frankis, pagamintas Italijoje, tolygiam krem\u0173, serum\u0173 ir bazi\u0173 dengimui.","breadcrumb":{"@id":"https:\/\/www.malinashop.lt\/shop\/skinlovers-profesionalus-veido-padengimo-sepetelis\/#breadcrumb"},"inLanguage":"en-GB","potentialAction":[{"@type":"ReadAction","target":["https:\/\/www.malinashop.lt\/shop\/skinlovers-profesionalus-veido-padengimo-sepetelis\/"]}]},{"@type":"ImageObject","inLanguage":"en-GB","@id":"https:\/\/www.malinashop.lt\/shop\/skinlovers-profesionalus-veido-padengimo-sepetelis\/#primaryimage","url":"https:\/\/www.malinashop.lt\/wp-content\/uploads\/2025\/11\/4779090770000.jpg","contentUrl":"https:\/\/www.malinashop.lt\/wp-content\/uploads\/2025\/11\/4779090770000.jpg","width":1000,"height":1000},{"@type":"BreadcrumbList","@id":"https:\/\/www.malinashop.lt\/shop\/skinlovers-profesionalus-veido-padengimo-sepetelis\/#breadcrumb","itemListElement":[{"@type":"ListItem","position":1,"name":"Pagrindinis","item":"https:\/\/www.malinashop.lt\/"},{"@type":"ListItem","position":2,"name":"Parduotuv\u0117","item":"https:\/\/www.malinashop.lt\/en\/parduotuve\/"},{"@type":"ListItem","position":3,"name":"SKINLOVERS profesionalus veido padengimo \u0161epet\u0117lis"}]},{"@type":"WebSite","@id":"https:\/\/www.malinashop.lt\/#website","url":"https:\/\/www.malinashop.lt\/","name":"COM Group Ecommerce","description":"MalinaShop.lt - Gro\u017eio ir sveikatos produktai i\u0161 patikim\u0173 preki\u0173 \u017eenkl\u0173. Atraskite auk\u0161tos kokyb\u0117s kosmetik\u0105 u\u017e puiki\u0105 kain\u0105.","publisher":{"@id":"https:\/\/www.malinashop.lt\/#organization"},"potentialAction":[{"@type":"SearchAction","target":{"@type":"EntryPoint","urlTemplate":"https:\/\/www.malinashop.lt\/?s={search_term_string}"},"query-input":{"@type":"PropertyValueSpecification","valueRequired":true,"valueName":"search_term_string"}}],"inLanguage":"en-GB"},{"@type":"Organization","@id":"https:\/\/www.malinashop.lt\/#organization","name":"COM Group Ecommerce","url":"https:\/\/www.malinashop.lt\/","logo":{"@type":"ImageObject","inLanguage":"en-GB","@id":"https:\/\/www.malinashop.lt\/#\/schema\/logo\/image\/","url":"https:\/\/www.malinashop.lt\/wp-content\/uploads\/2024\/08\/462559670_3787732518133670_9795632669273463_n-e1731525914575.png","contentUrl":"https:\/\/www.malinashop.lt\/wp-content\/uploads\/2024\/08\/462559670_3787732518133670_9795632669273463_n-e1731525914575.png","width":180,"height":60,"caption":"COM Group Ecommerce"},"image":{"@id":"https:\/\/www.malinashop.lt\/#\/schema\/logo\/image\/"}}]}},"jetpack_sharing_enabled":true,"_links":{"self":[{"href":"https:\/\/www.malinashop.lt\/en\/wp-json\/wp\/v2\/product\/69284","targetHints":{"allow":["GET"]}}],"collection":[{"href":"https:\/\/www.malinashop.lt\/en\/wp-json\/wp\/v2\/product"}],"about":[{"href":"https:\/\/www.malinashop.lt\/en\/wp-json\/wp\/v2\/types\/product"}],"version-history":[{"count":2,"href":"https:\/\/www.malinashop.lt\/en\/wp-json\/wp\/v2\/product\/69284\/revisions"}],"predecessor-version":[{"id":71912,"href":"https:\/\/www.malinashop.lt\/en\/wp-json\/wp\/v2\/product\/69284\/revisions\/71912"}],"wp:featuredmedia":[{"embeddable":true,"href":"https:\/\/www.malinashop.lt\/en\/wp-json\/wp\/v2\/media\/69286"}],"wp:attachment":[{"href":"https:\/\/www.malinashop.lt\/en\/wp-json\/wp\/v2\/media?parent=69284"}],"wp:term":[{"taxonomy":"product_brand","embeddable":true,"href":"https:\/\/www.malinashop.lt\/en\/wp-json\/wp\/v2\/product_brand?post=69284"},{"taxonomy":"product_cat","embeddable":true,"href":"https:\/\/www.malinashop.lt\/en\/wp-json\/wp\/v2\/product_cat?post=69284"},{"taxonomy":"product_tag","embeddable":true,"href":"https:\/\/www.malinashop.lt\/en\/wp-json\/wp\/v2\/product_tag?post=69284"}],"curies":[{"name":"wp","href":"https:\/\/api.w.org\/{rel}","templated":true}]}}