{"id":69275,"date":"2025-12-06T14:00:39","date_gmt":"2025-12-06T11:00:39","guid":{"rendered":"https:\/\/malinashop.lt\/?post_type=product&#038;p=69275"},"modified":"2026-04-07T22:18:48","modified_gmt":"2026-04-07T19:18:48","slug":"skinlovers-veido-kremas-4c-su-azelaino-rugstimi","status":"publish","type":"product","link":"https:\/\/www.malinashop.lt\/en\/shop\/skinlovers-veido-kremas-4c-su-azelaino-rugstimi\/","title":{"rendered":"SKINLOVERS veido kremas #4\u2019C su azelaino r\u016bg\u0161timi"},"content":{"rendered":"<p data-start=\"281\" data-end=\"629\">SKINLOVERS #4\u2019C veido kremas su azelaino r\u016bg\u0161timi \u2013 tai \u0161varios sud\u0117ties, kasdienei prie\u017ei\u016brai skirtas kremas, suteikiantis riebiai ir mi\u0161riai odai visapusi\u0161k\u0105, subalansuot\u0105 poveik\u012f. Formul\u0117 sukurta taip, kad <strong data-start=\"513\" data-end=\"559\">ne i\u0161sausint\u0173 ir nepadidint\u0173 odos jautrumo<\/strong>, o prie\u0161ingai \u2013 pad\u0117t\u0173 atkurti apsaugin\u012f barjer\u0105 ir i\u0161laikyti dr\u0117gm\u0119.<\/p>\n<p data-start=\"631\" data-end=\"686\">Kreme esanti <strong data-start=\"644\" data-end=\"683\">5 % azelaino r\u016bg\u0161ties koncentracija<\/strong>:<\/p>\n<ul data-start=\"687\" data-end=\"1015\">\n<li data-start=\"687\" data-end=\"753\">\n<p data-start=\"689\" data-end=\"753\">padeda <strong data-start=\"696\" data-end=\"718\">ma\u017einti bakterijas<\/strong>, susijusias su akne ir rozac\u0117ja;<\/p>\n<\/li>\n<li data-start=\"754\" data-end=\"811\">\n<p data-start=\"756\" data-end=\"811\">gerina <strong data-start=\"763\" data-end=\"808\">riebal\u0173 ir ne\u0161varum\u0173 pasi\u0161alinim\u0105 i\u0161 por\u0173<\/strong>;<\/p>\n<\/li>\n<li data-start=\"812\" data-end=\"871\">\n<p data-start=\"814\" data-end=\"871\">ma\u017eina <strong data-start=\"821\" data-end=\"845\">u\u017edegiminius b\u0117rimus<\/strong>, spuogelius, ink\u0161tirus;<\/p>\n<\/li>\n<li data-start=\"872\" data-end=\"951\">\n<p data-start=\"874\" data-end=\"951\">padeda <strong data-start=\"881\" data-end=\"916\">\u0161viesinti d\u0117meles ir paraudimus<\/strong>, likusius po u\u017edegimini\u0173 spuog\u0173;<\/p>\n<\/li>\n<li data-start=\"952\" data-end=\"1015\">\n<p data-start=\"954\" data-end=\"1015\">prisideda prie <strong data-start=\"969\" data-end=\"1014\">odos tekst\u016bros ir atspalvio suvienodinimo<\/strong>.<\/p>\n<\/li>\n<\/ul>\n<p data-start=\"1017\" data-end=\"1072\">\u0160io kremo sudedamosios med\u017eiagos atrinktos taip, kad:<\/p>\n<ul data-start=\"1073\" data-end=\"1237\">\n<li data-start=\"1073\" data-end=\"1114\">\n<p data-start=\"1075\" data-end=\"1114\"><strong data-start=\"1075\" data-end=\"1106\">neerzint\u0173 ir neperd\u017eiovint\u0173<\/strong> odos;<\/p>\n<\/li>\n<li data-start=\"1115\" data-end=\"1157\">\n<p data-start=\"1117\" data-end=\"1157\"><strong data-start=\"1117\" data-end=\"1154\">palaikyt\u0173 ir atkurt\u0173 odos barjer\u0105<\/strong>;<\/p>\n<\/li>\n<li data-start=\"1158\" data-end=\"1237\">\n<p data-start=\"1160\" data-end=\"1237\">pad\u0117t\u0173 i\u0161laikyti <strong data-start=\"1177\" data-end=\"1196\">dr\u0117gm\u0117s balans\u0105<\/strong>, kad oda nejaust\u0173 tempimo ir \u0161iurk\u0161tumo.<\/p>\n<\/li>\n<\/ul>\n<p data-start=\"1239\" data-end=\"1501\">Tai puiki priemon\u0117 tiems, kurie ie\u0161ko <strong data-start=\"1277\" data-end=\"1342\">veiksmingos, bet \u0161velnios alternatyvos agresyvioms priemon\u0117ms<\/strong> nuo akn\u0117s, raudonio ir spuog\u0173 palikt\u0173 \u017eymi\u0173. Kremas tinkamas naudoti ilgalaik\u0117je rutinoje, derinant su kitomis dr\u0117kinamosiomis ar atkuriamosiomis priemon\u0117mis.<\/p>\n<p data-start=\"1503\" data-end=\"1518\"><strong data-start=\"1503\" data-end=\"1516\">Kam tinka<\/strong><\/p>\n<ul data-start=\"1519\" data-end=\"1755\">\n<li data-start=\"1519\" data-end=\"1573\">\n<p data-start=\"1521\" data-end=\"1573\">Riebiai ir mi\u0161riai, \u012f riebum\u0105 linkusiai veido odai<\/p>\n<\/li>\n<li data-start=\"1574\" data-end=\"1623\">\n<p data-start=\"1576\" data-end=\"1623\">Akn\u0117s paveiktai, spuoguotai, probleminei odai<\/p>\n<\/li>\n<li data-start=\"1624\" data-end=\"1670\">\n<p data-start=\"1626\" data-end=\"1670\">Odai su <strong data-start=\"1634\" data-end=\"1646\">rozac\u0117ja<\/strong> (ypa\u010d riebesnio tipo)<\/p>\n<\/li>\n<li data-start=\"1671\" data-end=\"1755\">\n<p data-start=\"1673\" data-end=\"1755\">Odai, kuriai b\u016bdingas <strong data-start=\"1695\" data-end=\"1755\">por\u0173 u\u017esikim\u0161imas, ink\u0161tirai, raudonos d\u0117mel\u0117s po spuog\u0173<\/strong><\/p>\n<\/li>\n<\/ul>\n<p data-start=\"1757\" data-end=\"1782\"><strong data-start=\"1757\" data-end=\"1780\">Pagrindin\u0117s savyb\u0117s<\/strong><\/p>\n<ul data-start=\"1783\" data-end=\"2132\">\n<li data-start=\"1783\" data-end=\"1860\">\n<p data-start=\"1785\" data-end=\"1860\">5 % azelaino r\u016bg\u0161tis padeda ma\u017einti akn\u0117s ir rozac\u0117jos sukeltas problemas<\/p>\n<\/li>\n<li data-start=\"1861\" data-end=\"1909\">\n<p data-start=\"1863\" data-end=\"1909\">Gerina riebal\u0173 ir ne\u0161varum\u0173 \u0161alinim\u0105 i\u0161 por\u0173<\/p>\n<\/li>\n<li data-start=\"1910\" data-end=\"1962\">\n<p data-start=\"1912\" data-end=\"1962\">Ma\u017eina raudon\u012f, d\u0117meles ir spuog\u0173 paliktas \u017eymes<\/p>\n<\/li>\n<li data-start=\"1963\" data-end=\"2008\">\n<p data-start=\"1965\" data-end=\"2008\">Palaiko ir atkuria odos apsaugin\u012f barjer\u0105<\/p>\n<\/li>\n<li data-start=\"2009\" data-end=\"2065\">\n<p data-start=\"2011\" data-end=\"2065\">Padeda i\u0161laikyti dr\u0117gm\u0117s balans\u0105, neperd\u017eiovina odos<\/p>\n<\/li>\n<li data-start=\"2066\" data-end=\"2132\">\n<p data-start=\"2068\" data-end=\"2132\">Tinka kasdieniam naudojimui riebiai, mi\u0161riai ir probleminei odai<\/p>\n<\/li>\n<\/ul>\n<p data-start=\"2134\" data-end=\"2482\"><strong data-start=\"2134\" data-end=\"2148\">Naudojimas<\/strong><br data-start=\"2148\" data-end=\"2151\" \/>Tepkite ant \u0161varios, sausos veido odos, vengdami aki\u0173 srities.<br data-start=\"2213\" data-end=\"2216\" \/>Naudokite 1\u20132 kartus per dien\u0105 \u2013 ryte ir \/ arba vakare, pagal odos tolerancij\u0105.<br data-start=\"2295\" data-end=\"2298\" \/>Ryte, naudojant priemones su r\u016bg\u0161timis, rekomenduojama u\u017etepti <strong data-start=\"2361\" data-end=\"2387\">apsaugin\u012f krem\u0105 su SPF<\/strong>.<br data-start=\"2388\" data-end=\"2391\" \/>Galima derinti su dr\u0117kinan\u010diais serumais ar kremas naudoti kaip paskutin\u012f \u017eingsn\u012f rutinoje.<\/p>\n","protected":false},"excerpt":{"rendered":"<p>SKINLOVERS #4\u2019C \u2013 veido kremas su 5 % azelaino r\u016bg\u0161timi, sukurtas riebiai, mi\u0161riai ir akn\u0117s paveiktai odai. Padeda ma\u017einti b\u0117rimus, paraudimus, spuog\u0173 paliktas d\u0117meles ir palaiko odos dr\u0117gm\u0117s balans\u0105.<\/p>\n","protected":false},"featured_media":69277,"template":"","meta":[],"product_brand":[1528],"product_cat":[187,728],"product_tag":[1622],"class_list":{"0":"post-69275","1":"product","2":"type-product","3":"status-publish","4":"has-post-thumbnail","6":"product_brand-skinlovers","7":"product_cat-veido-kremai","8":"product_cat-veidui","9":"product_tag-skinlovers","11":"first","12":"instock","13":"purchasable","14":"product-type-simple"},"yoast_head":"<!-- This site is optimized with the Yoast SEO plugin v27.4 - https:\/\/yoast.com\/product\/yoast-seo-wordpress\/ -->\n<title>SKINLOVERS veido kremas #4\u2019C su azelaino r\u016bg\u0161timi - MalinaShop.lt J\u016bs\u0173 sveikatai ir gro\u017eiui.<\/title>\n<meta name=\"description\" content=\"SKINLOVERS #4\u2019C kremas su 5 % azelaino r\u016bg\u0161timi riebiai, mi\u0161riai ir akn\u0117s odai \u2013 ma\u017eina b\u0117rimus, paraudimus, d\u0117meles ir palaiko odos dr\u0117gm\u0117s balans\u0105.\" \/>\n<meta name=\"robots\" content=\"index, follow, max-snippet:-1, max-image-preview:large, max-video-preview:-1\" \/>\n<link rel=\"canonical\" href=\"https:\/\/www.malinashop.lt\/en\/shop\/skinlovers-veido-kremas-4c-su-azelaino-rugstimi\/\" \/>\n<meta property=\"og:locale\" content=\"en_GB\" \/>\n<meta property=\"og:type\" content=\"article\" \/>\n<meta property=\"og:title\" content=\"SKINLOVERS veido kremas #4\u2019C su azelaino r\u016bg\u0161timi - MalinaShop.lt J\u016bs\u0173 sveikatai ir gro\u017eiui.\" \/>\n<meta property=\"og:description\" content=\"SKINLOVERS #4\u2019C kremas su 5 % azelaino r\u016bg\u0161timi riebiai, mi\u0161riai ir akn\u0117s odai \u2013 ma\u017eina b\u0117rimus, paraudimus, d\u0117meles ir palaiko odos dr\u0117gm\u0117s balans\u0105.\" \/>\n<meta property=\"og:url\" content=\"https:\/\/www.malinashop.lt\/en\/shop\/skinlovers-veido-kremas-4c-su-azelaino-rugstimi\/\" \/>\n<meta property=\"og:site_name\" content=\"MalinaShop.lt J\u016bs\u0173 sveikatai ir gro\u017eiui.\" \/>\n<meta property=\"article:modified_time\" content=\"2026-04-07T19:18:48+00:00\" \/>\n<meta property=\"og:image\" content=\"https:\/\/www.malinashop.lt\/wp-content\/uploads\/2025\/11\/4779054250261.jpg\" \/>\n\t<meta property=\"og:image:width\" content=\"1000\" \/>\n\t<meta property=\"og:image:height\" content=\"1000\" \/>\n\t<meta property=\"og:image:type\" content=\"image\/jpeg\" \/>\n<meta name=\"twitter:card\" content=\"summary_large_image\" \/>\n<script type=\"application\/ld+json\" class=\"yoast-schema-graph\">{\"@context\":\"https:\\\/\\\/schema.org\",\"@graph\":[{\"@type\":\"WebPage\",\"@id\":\"https:\\\/\\\/www.malinashop.lt\\\/en\\\/shop\\\/skinlovers-veido-kremas-4c-su-azelaino-rugstimi\\\/\",\"url\":\"https:\\\/\\\/www.malinashop.lt\\\/en\\\/shop\\\/skinlovers-veido-kremas-4c-su-azelaino-rugstimi\\\/\",\"name\":\"SKINLOVERS veido kremas #4\u2019C su azelaino r\u016bg\u0161timi - MalinaShop.lt J\u016bs\u0173 sveikatai ir gro\u017eiui.\",\"isPartOf\":{\"@id\":\"https:\\\/\\\/www.malinashop.lt\\\/#website\"},\"primaryImageOfPage\":{\"@id\":\"https:\\\/\\\/www.malinashop.lt\\\/en\\\/shop\\\/skinlovers-veido-kremas-4c-su-azelaino-rugstimi\\\/#primaryimage\"},\"image\":{\"@id\":\"https:\\\/\\\/www.malinashop.lt\\\/en\\\/shop\\\/skinlovers-veido-kremas-4c-su-azelaino-rugstimi\\\/#primaryimage\"},\"thumbnailUrl\":\"https:\\\/\\\/www.malinashop.lt\\\/wp-content\\\/uploads\\\/2025\\\/11\\\/4779054250261.jpg\",\"datePublished\":\"2025-12-06T11:00:39+00:00\",\"dateModified\":\"2026-04-07T19:18:48+00:00\",\"description\":\"SKINLOVERS #4\u2019C kremas su 5 % azelaino r\u016bg\u0161timi riebiai, mi\u0161riai ir akn\u0117s odai \u2013 ma\u017eina b\u0117rimus, paraudimus, d\u0117meles ir palaiko odos dr\u0117gm\u0117s balans\u0105.\",\"breadcrumb\":{\"@id\":\"https:\\\/\\\/www.malinashop.lt\\\/en\\\/shop\\\/skinlovers-veido-kremas-4c-su-azelaino-rugstimi\\\/#breadcrumb\"},\"inLanguage\":\"en-GB\",\"potentialAction\":[{\"@type\":\"ReadAction\",\"target\":[\"https:\\\/\\\/www.malinashop.lt\\\/en\\\/shop\\\/skinlovers-veido-kremas-4c-su-azelaino-rugstimi\\\/\"]}]},{\"@type\":\"ImageObject\",\"inLanguage\":\"en-GB\",\"@id\":\"https:\\\/\\\/www.malinashop.lt\\\/en\\\/shop\\\/skinlovers-veido-kremas-4c-su-azelaino-rugstimi\\\/#primaryimage\",\"url\":\"https:\\\/\\\/www.malinashop.lt\\\/wp-content\\\/uploads\\\/2025\\\/11\\\/4779054250261.jpg\",\"contentUrl\":\"https:\\\/\\\/www.malinashop.lt\\\/wp-content\\\/uploads\\\/2025\\\/11\\\/4779054250261.jpg\",\"width\":1000,\"height\":1000},{\"@type\":\"BreadcrumbList\",\"@id\":\"https:\\\/\\\/www.malinashop.lt\\\/en\\\/shop\\\/skinlovers-veido-kremas-4c-su-azelaino-rugstimi\\\/#breadcrumb\",\"itemListElement\":[{\"@type\":\"ListItem\",\"position\":1,\"name\":\"Pagrindinis\",\"item\":\"https:\\\/\\\/www.malinashop.lt\\\/\"},{\"@type\":\"ListItem\",\"position\":2,\"name\":\"Parduotuv\u0117\",\"item\":\"https:\\\/\\\/www.malinashop.lt\\\/en\\\/parduotuve\\\/\"},{\"@type\":\"ListItem\",\"position\":3,\"name\":\"SKINLOVERS veido kremas #4\u2019C su azelaino r\u016bg\u0161timi\"}]},{\"@type\":\"WebSite\",\"@id\":\"https:\\\/\\\/www.malinashop.lt\\\/#website\",\"url\":\"https:\\\/\\\/www.malinashop.lt\\\/\",\"name\":\"COM Group Ecommerce\",\"description\":\"MalinaShop.lt - Gro\u017eio ir sveikatos produktai i\u0161 patikim\u0173 preki\u0173 \u017eenkl\u0173. Atraskite auk\u0161tos kokyb\u0117s kosmetik\u0105 u\u017e puiki\u0105 kain\u0105.\",\"publisher\":{\"@id\":\"https:\\\/\\\/www.malinashop.lt\\\/#organization\"},\"potentialAction\":[{\"@type\":\"SearchAction\",\"target\":{\"@type\":\"EntryPoint\",\"urlTemplate\":\"https:\\\/\\\/www.malinashop.lt\\\/?s={search_term_string}\"},\"query-input\":{\"@type\":\"PropertyValueSpecification\",\"valueRequired\":true,\"valueName\":\"search_term_string\"}}],\"inLanguage\":\"en-GB\"},{\"@type\":\"Organization\",\"@id\":\"https:\\\/\\\/www.malinashop.lt\\\/#organization\",\"name\":\"COM Group Ecommerce\",\"url\":\"https:\\\/\\\/www.malinashop.lt\\\/\",\"logo\":{\"@type\":\"ImageObject\",\"inLanguage\":\"en-GB\",\"@id\":\"https:\\\/\\\/www.malinashop.lt\\\/#\\\/schema\\\/logo\\\/image\\\/\",\"url\":\"https:\\\/\\\/www.malinashop.lt\\\/wp-content\\\/uploads\\\/2024\\\/08\\\/462559670_3787732518133670_9795632669273463_n-e1731525914575.png\",\"contentUrl\":\"https:\\\/\\\/www.malinashop.lt\\\/wp-content\\\/uploads\\\/2024\\\/08\\\/462559670_3787732518133670_9795632669273463_n-e1731525914575.png\",\"width\":180,\"height\":60,\"caption\":\"COM Group Ecommerce\"},\"image\":{\"@id\":\"https:\\\/\\\/www.malinashop.lt\\\/#\\\/schema\\\/logo\\\/image\\\/\"}}]}<\/script>\n<!-- \/ Yoast SEO plugin. -->","yoast_head_json":{"title":"SKINLOVERS veido kremas #4\u2019C su azelaino r\u016bg\u0161timi - MalinaShop.lt J\u016bs\u0173 sveikatai ir gro\u017eiui.","description":"SKINLOVERS #4\u2019C kremas su 5 % azelaino r\u016bg\u0161timi riebiai, mi\u0161riai ir akn\u0117s odai \u2013 ma\u017eina b\u0117rimus, paraudimus, d\u0117meles ir palaiko odos dr\u0117gm\u0117s balans\u0105.","robots":{"index":"index","follow":"follow","max-snippet":"max-snippet:-1","max-image-preview":"max-image-preview:large","max-video-preview":"max-video-preview:-1"},"canonical":"https:\/\/www.malinashop.lt\/en\/shop\/skinlovers-veido-kremas-4c-su-azelaino-rugstimi\/","og_locale":"en_GB","og_type":"article","og_title":"SKINLOVERS veido kremas #4\u2019C su azelaino r\u016bg\u0161timi - MalinaShop.lt J\u016bs\u0173 sveikatai ir gro\u017eiui.","og_description":"SKINLOVERS #4\u2019C kremas su 5 % azelaino r\u016bg\u0161timi riebiai, mi\u0161riai ir akn\u0117s odai \u2013 ma\u017eina b\u0117rimus, paraudimus, d\u0117meles ir palaiko odos dr\u0117gm\u0117s balans\u0105.","og_url":"https:\/\/www.malinashop.lt\/en\/shop\/skinlovers-veido-kremas-4c-su-azelaino-rugstimi\/","og_site_name":"MalinaShop.lt J\u016bs\u0173 sveikatai ir gro\u017eiui.","article_modified_time":"2026-04-07T19:18:48+00:00","og_image":[{"width":1000,"height":1000,"url":"https:\/\/www.malinashop.lt\/wp-content\/uploads\/2025\/11\/4779054250261.jpg","type":"image\/jpeg"}],"twitter_card":"summary_large_image","schema":{"@context":"https:\/\/schema.org","@graph":[{"@type":"WebPage","@id":"https:\/\/www.malinashop.lt\/en\/shop\/skinlovers-veido-kremas-4c-su-azelaino-rugstimi\/","url":"https:\/\/www.malinashop.lt\/en\/shop\/skinlovers-veido-kremas-4c-su-azelaino-rugstimi\/","name":"SKINLOVERS veido kremas #4\u2019C su azelaino r\u016bg\u0161timi - MalinaShop.lt J\u016bs\u0173 sveikatai ir gro\u017eiui.","isPartOf":{"@id":"https:\/\/www.malinashop.lt\/#website"},"primaryImageOfPage":{"@id":"https:\/\/www.malinashop.lt\/en\/shop\/skinlovers-veido-kremas-4c-su-azelaino-rugstimi\/#primaryimage"},"image":{"@id":"https:\/\/www.malinashop.lt\/en\/shop\/skinlovers-veido-kremas-4c-su-azelaino-rugstimi\/#primaryimage"},"thumbnailUrl":"https:\/\/www.malinashop.lt\/wp-content\/uploads\/2025\/11\/4779054250261.jpg","datePublished":"2025-12-06T11:00:39+00:00","dateModified":"2026-04-07T19:18:48+00:00","description":"SKINLOVERS #4\u2019C kremas su 5 % azelaino r\u016bg\u0161timi riebiai, mi\u0161riai ir akn\u0117s odai \u2013 ma\u017eina b\u0117rimus, paraudimus, d\u0117meles ir palaiko odos dr\u0117gm\u0117s balans\u0105.","breadcrumb":{"@id":"https:\/\/www.malinashop.lt\/en\/shop\/skinlovers-veido-kremas-4c-su-azelaino-rugstimi\/#breadcrumb"},"inLanguage":"en-GB","potentialAction":[{"@type":"ReadAction","target":["https:\/\/www.malinashop.lt\/en\/shop\/skinlovers-veido-kremas-4c-su-azelaino-rugstimi\/"]}]},{"@type":"ImageObject","inLanguage":"en-GB","@id":"https:\/\/www.malinashop.lt\/en\/shop\/skinlovers-veido-kremas-4c-su-azelaino-rugstimi\/#primaryimage","url":"https:\/\/www.malinashop.lt\/wp-content\/uploads\/2025\/11\/4779054250261.jpg","contentUrl":"https:\/\/www.malinashop.lt\/wp-content\/uploads\/2025\/11\/4779054250261.jpg","width":1000,"height":1000},{"@type":"BreadcrumbList","@id":"https:\/\/www.malinashop.lt\/en\/shop\/skinlovers-veido-kremas-4c-su-azelaino-rugstimi\/#breadcrumb","itemListElement":[{"@type":"ListItem","position":1,"name":"Pagrindinis","item":"https:\/\/www.malinashop.lt\/"},{"@type":"ListItem","position":2,"name":"Parduotuv\u0117","item":"https:\/\/www.malinashop.lt\/en\/parduotuve\/"},{"@type":"ListItem","position":3,"name":"SKINLOVERS veido kremas #4\u2019C su azelaino r\u016bg\u0161timi"}]},{"@type":"WebSite","@id":"https:\/\/www.malinashop.lt\/#website","url":"https:\/\/www.malinashop.lt\/","name":"COM Group Ecommerce","description":"MalinaShop.lt - Gro\u017eio ir sveikatos produktai i\u0161 patikim\u0173 preki\u0173 \u017eenkl\u0173. Atraskite auk\u0161tos kokyb\u0117s kosmetik\u0105 u\u017e puiki\u0105 kain\u0105.","publisher":{"@id":"https:\/\/www.malinashop.lt\/#organization"},"potentialAction":[{"@type":"SearchAction","target":{"@type":"EntryPoint","urlTemplate":"https:\/\/www.malinashop.lt\/?s={search_term_string}"},"query-input":{"@type":"PropertyValueSpecification","valueRequired":true,"valueName":"search_term_string"}}],"inLanguage":"en-GB"},{"@type":"Organization","@id":"https:\/\/www.malinashop.lt\/#organization","name":"COM Group Ecommerce","url":"https:\/\/www.malinashop.lt\/","logo":{"@type":"ImageObject","inLanguage":"en-GB","@id":"https:\/\/www.malinashop.lt\/#\/schema\/logo\/image\/","url":"https:\/\/www.malinashop.lt\/wp-content\/uploads\/2024\/08\/462559670_3787732518133670_9795632669273463_n-e1731525914575.png","contentUrl":"https:\/\/www.malinashop.lt\/wp-content\/uploads\/2024\/08\/462559670_3787732518133670_9795632669273463_n-e1731525914575.png","width":180,"height":60,"caption":"COM Group Ecommerce"},"image":{"@id":"https:\/\/www.malinashop.lt\/#\/schema\/logo\/image\/"}}]}},"jetpack_sharing_enabled":true,"_links":{"self":[{"href":"https:\/\/www.malinashop.lt\/en\/wp-json\/wp\/v2\/product\/69275","targetHints":{"allow":["GET"]}}],"collection":[{"href":"https:\/\/www.malinashop.lt\/en\/wp-json\/wp\/v2\/product"}],"about":[{"href":"https:\/\/www.malinashop.lt\/en\/wp-json\/wp\/v2\/types\/product"}],"version-history":[{"count":2,"href":"https:\/\/www.malinashop.lt\/en\/wp-json\/wp\/v2\/product\/69275\/revisions"}],"predecessor-version":[{"id":71910,"href":"https:\/\/www.malinashop.lt\/en\/wp-json\/wp\/v2\/product\/69275\/revisions\/71910"}],"wp:featuredmedia":[{"embeddable":true,"href":"https:\/\/www.malinashop.lt\/en\/wp-json\/wp\/v2\/media\/69277"}],"wp:attachment":[{"href":"https:\/\/www.malinashop.lt\/en\/wp-json\/wp\/v2\/media?parent=69275"}],"wp:term":[{"taxonomy":"product_brand","embeddable":true,"href":"https:\/\/www.malinashop.lt\/en\/wp-json\/wp\/v2\/product_brand?post=69275"},{"taxonomy":"product_cat","embeddable":true,"href":"https:\/\/www.malinashop.lt\/en\/wp-json\/wp\/v2\/product_cat?post=69275"},{"taxonomy":"product_tag","embeddable":true,"href":"https:\/\/www.malinashop.lt\/en\/wp-json\/wp\/v2\/product_tag?post=69275"}],"curies":[{"name":"wp","href":"https:\/\/api.w.org\/{rel}","templated":true}]}}