{"id":69253,"date":"2025-11-25T18:00:21","date_gmt":"2025-11-25T15:00:21","guid":{"rendered":"https:\/\/malinashop.lt\/?post_type=product&#038;p=69253"},"modified":"2026-02-10T13:15:25","modified_gmt":"2026-02-10T10:15:25","slug":"vita-liberata-dvipuse-sveiciamoji-pirstine","status":"publish","type":"product","link":"https:\/\/www.malinashop.lt\/en\/shop\/vita-liberata-dvipuse-sveiciamoji-pirstine\/","title":{"rendered":"VITA LIBERATA dvipus\u0117 \u0161vei\u010diamoji pir\u0161tin\u0117"},"content":{"rendered":"<p data-start=\"133\" data-end=\"489\"><strong data-start=\"133\" data-end=\"179\">VITA LIBERATA dvipus\u0117 \u0161vei\u010diamoji pir\u0161tin\u0117<\/strong> \u2013 tai b\u016btina priemon\u0117 skland\u017eiai ir tolygiai savaiminio \u012fdegio aplikacijai. \u0160i pir\u0161tin\u0117 padeda nu\u0161veisti negyvas odos l\u0105steles, i\u0161lygina odos tekst\u016br\u0105 ir u\u017etikrina, kad \u012fdegio priemon\u0117s pasiskirstyt\u0173 itin tolygiai. Ji puikiai tinka naudoti du\u0161e, vonioje ar pirtyje kaip paruo\u0161iamasis odos prie\u017ei\u016bros \u017eingsnis.<\/p>\n<p data-start=\"491\" data-end=\"842\">Dvipus\u0117s strukt\u016bros \u0161veitiklis leid\u017eia pasirinkti intensyvum\u0105: tamsesn\u0117 pus\u0117 skirta gilesniam \u0161veitimui, o \u0161viesesn\u0117 \u2013 \u0161velniam odos glotninimui. Pir\u0161tin\u0117 taip pat padeda pa\u0161alinti ankstesnio \u012fdegio liku\u010dius, tod\u0117l idealiai tinka prie\u0161 nauj\u0105 \u012fdegio aplikacij\u0105. Tinka visiems odos tipams ir gali b\u016bti naudojama daug kart\u0173, jei pri\u017ei\u016brima rankiniu b\u016bdu.<\/p>\n<p data-start=\"844\" data-end=\"1105\"><strong data-start=\"844\" data-end=\"859\">Naudojimas:<\/strong> su\u0161lapinkite pir\u0161tin\u0119, u\u017etepkite du\u0161o \u017eel\u0117s ar muilo, \u0161veiskite pasirinkdami norim\u0105 intensyvum\u0105. Baigiant proced\u016br\u0105 od\u0105 perbraukite \u0161viesesne pir\u0161tin\u0117s puse, kad odos pavir\u0161ius b\u016bt\u0173 tolygus ir glotnus. Nenaudoti ant jautrios ar sudirgusios odos.<\/p>\n","protected":false},"excerpt":{"rendered":"<p data-start=\"1146\" data-end=\"1338\">Dvipus\u0117 \u0161vei\u010diamoji pir\u0161tin\u0117 VITA LIBERATA padeda paruo\u0161ti od\u0105 tolygiam savaiminio \u012fdegio padengimui. Intensyvi ir \u0161velni \u0161veitimo pus\u0117s, tinkama visiems odos tipams ir daugkartinio naudojimo.<\/p>\n","protected":false},"featured_media":69255,"template":"","meta":[],"product_brand":[1407],"product_cat":[1350,731],"product_tag":[1627],"class_list":{"0":"post-69253","1":"product","2":"type-product","3":"status-publish","4":"has-post-thumbnail","6":"product_brand-vita-liberata","7":"product_cat-idegio-priemones","8":"product_cat-kunui","9":"product_tag-vita-liberata","11":"first","12":"outofstock","13":"purchasable","14":"product-type-simple"},"yoast_head":"<!-- This site is optimized with the Yoast SEO plugin v27.4 - https:\/\/yoast.com\/product\/yoast-seo-wordpress\/ -->\n<title>VITA LIBERATA dvipus\u0117 \u0161vei\u010diamoji pir\u0161tin\u0117 - MalinaShop.lt J\u016bs\u0173 sveikatai ir gro\u017eiui.<\/title>\n<meta name=\"description\" content=\"VITA LIBERATA dvipus\u0117 \u0161vei\u010diamoji pir\u0161tin\u0117 \u2013 odos paruo\u0161imui prie\u0161 \u012fdeg\u012f. Intensyvus ir \u0161velnus \u0161veitimas, tinka visiems odos tipams.\" \/>\n<meta name=\"robots\" content=\"index, follow, max-snippet:-1, max-image-preview:large, max-video-preview:-1\" \/>\n<link rel=\"canonical\" href=\"https:\/\/www.malinashop.lt\/en\/shop\/vita-liberata-dvipuse-sveiciamoji-pirstine\/\" \/>\n<meta property=\"og:locale\" content=\"en_GB\" \/>\n<meta property=\"og:type\" content=\"article\" \/>\n<meta property=\"og:title\" content=\"VITA LIBERATA dvipus\u0117 \u0161vei\u010diamoji pir\u0161tin\u0117 - MalinaShop.lt J\u016bs\u0173 sveikatai ir gro\u017eiui.\" \/>\n<meta property=\"og:description\" content=\"VITA LIBERATA dvipus\u0117 \u0161vei\u010diamoji pir\u0161tin\u0117 \u2013 odos paruo\u0161imui prie\u0161 \u012fdeg\u012f. Intensyvus ir \u0161velnus \u0161veitimas, tinka visiems odos tipams.\" \/>\n<meta property=\"og:url\" content=\"https:\/\/www.malinashop.lt\/en\/shop\/vita-liberata-dvipuse-sveiciamoji-pirstine\/\" \/>\n<meta property=\"og:site_name\" content=\"MalinaShop.lt J\u016bs\u0173 sveikatai ir gro\u017eiui.\" \/>\n<meta property=\"article:modified_time\" content=\"2026-02-10T10:15:25+00:00\" \/>\n<meta property=\"og:image\" content=\"https:\/\/www.malinashop.lt\/wp-content\/uploads\/2025\/11\/5060850671251-4.webp\" \/>\n\t<meta property=\"og:image:width\" content=\"1344\" \/>\n\t<meta property=\"og:image:height\" content=\"1344\" \/>\n\t<meta property=\"og:image:type\" content=\"image\/webp\" \/>\n<meta name=\"twitter:card\" content=\"summary_large_image\" \/>\n<script type=\"application\/ld+json\" class=\"yoast-schema-graph\">{\"@context\":\"https:\\\/\\\/schema.org\",\"@graph\":[{\"@type\":\"WebPage\",\"@id\":\"https:\\\/\\\/www.malinashop.lt\\\/shop\\\/vita-liberata-dvipuse-sveiciamoji-pirstine\\\/\",\"url\":\"https:\\\/\\\/www.malinashop.lt\\\/shop\\\/vita-liberata-dvipuse-sveiciamoji-pirstine\\\/\",\"name\":\"VITA LIBERATA dvipus\u0117 \u0161vei\u010diamoji pir\u0161tin\u0117 - MalinaShop.lt J\u016bs\u0173 sveikatai ir gro\u017eiui.\",\"isPartOf\":{\"@id\":\"https:\\\/\\\/www.malinashop.lt\\\/#website\"},\"primaryImageOfPage\":{\"@id\":\"https:\\\/\\\/www.malinashop.lt\\\/shop\\\/vita-liberata-dvipuse-sveiciamoji-pirstine\\\/#primaryimage\"},\"image\":{\"@id\":\"https:\\\/\\\/www.malinashop.lt\\\/shop\\\/vita-liberata-dvipuse-sveiciamoji-pirstine\\\/#primaryimage\"},\"thumbnailUrl\":\"https:\\\/\\\/www.malinashop.lt\\\/wp-content\\\/uploads\\\/2025\\\/11\\\/5060850671251-4.webp\",\"datePublished\":\"2025-11-25T15:00:21+00:00\",\"dateModified\":\"2026-02-10T10:15:25+00:00\",\"description\":\"VITA LIBERATA dvipus\u0117 \u0161vei\u010diamoji pir\u0161tin\u0117 \u2013 odos paruo\u0161imui prie\u0161 \u012fdeg\u012f. Intensyvus ir \u0161velnus \u0161veitimas, tinka visiems odos tipams.\",\"breadcrumb\":{\"@id\":\"https:\\\/\\\/www.malinashop.lt\\\/shop\\\/vita-liberata-dvipuse-sveiciamoji-pirstine\\\/#breadcrumb\"},\"inLanguage\":\"en-GB\",\"potentialAction\":[{\"@type\":\"ReadAction\",\"target\":[\"https:\\\/\\\/www.malinashop.lt\\\/shop\\\/vita-liberata-dvipuse-sveiciamoji-pirstine\\\/\"]}]},{\"@type\":\"ImageObject\",\"inLanguage\":\"en-GB\",\"@id\":\"https:\\\/\\\/www.malinashop.lt\\\/shop\\\/vita-liberata-dvipuse-sveiciamoji-pirstine\\\/#primaryimage\",\"url\":\"https:\\\/\\\/www.malinashop.lt\\\/wp-content\\\/uploads\\\/2025\\\/11\\\/5060850671251-4.webp\",\"contentUrl\":\"https:\\\/\\\/www.malinashop.lt\\\/wp-content\\\/uploads\\\/2025\\\/11\\\/5060850671251-4.webp\",\"width\":1344,\"height\":1344},{\"@type\":\"BreadcrumbList\",\"@id\":\"https:\\\/\\\/www.malinashop.lt\\\/shop\\\/vita-liberata-dvipuse-sveiciamoji-pirstine\\\/#breadcrumb\",\"itemListElement\":[{\"@type\":\"ListItem\",\"position\":1,\"name\":\"Pagrindinis\",\"item\":\"https:\\\/\\\/www.malinashop.lt\\\/\"},{\"@type\":\"ListItem\",\"position\":2,\"name\":\"Parduotuv\u0117\",\"item\":\"https:\\\/\\\/www.malinashop.lt\\\/en\\\/parduotuve\\\/\"},{\"@type\":\"ListItem\",\"position\":3,\"name\":\"VITA LIBERATA dvipus\u0117 \u0161vei\u010diamoji pir\u0161tin\u0117\"}]},{\"@type\":\"WebSite\",\"@id\":\"https:\\\/\\\/www.malinashop.lt\\\/#website\",\"url\":\"https:\\\/\\\/www.malinashop.lt\\\/\",\"name\":\"COM Group Ecommerce\",\"description\":\"MalinaShop.lt - Gro\u017eio ir sveikatos produktai i\u0161 patikim\u0173 preki\u0173 \u017eenkl\u0173. Atraskite auk\u0161tos kokyb\u0117s kosmetik\u0105 u\u017e puiki\u0105 kain\u0105.\",\"publisher\":{\"@id\":\"https:\\\/\\\/www.malinashop.lt\\\/#organization\"},\"potentialAction\":[{\"@type\":\"SearchAction\",\"target\":{\"@type\":\"EntryPoint\",\"urlTemplate\":\"https:\\\/\\\/www.malinashop.lt\\\/?s={search_term_string}\"},\"query-input\":{\"@type\":\"PropertyValueSpecification\",\"valueRequired\":true,\"valueName\":\"search_term_string\"}}],\"inLanguage\":\"en-GB\"},{\"@type\":\"Organization\",\"@id\":\"https:\\\/\\\/www.malinashop.lt\\\/#organization\",\"name\":\"COM Group Ecommerce\",\"url\":\"https:\\\/\\\/www.malinashop.lt\\\/\",\"logo\":{\"@type\":\"ImageObject\",\"inLanguage\":\"en-GB\",\"@id\":\"https:\\\/\\\/www.malinashop.lt\\\/#\\\/schema\\\/logo\\\/image\\\/\",\"url\":\"https:\\\/\\\/www.malinashop.lt\\\/wp-content\\\/uploads\\\/2024\\\/08\\\/462559670_3787732518133670_9795632669273463_n-e1731525914575.png\",\"contentUrl\":\"https:\\\/\\\/www.malinashop.lt\\\/wp-content\\\/uploads\\\/2024\\\/08\\\/462559670_3787732518133670_9795632669273463_n-e1731525914575.png\",\"width\":180,\"height\":60,\"caption\":\"COM Group Ecommerce\"},\"image\":{\"@id\":\"https:\\\/\\\/www.malinashop.lt\\\/#\\\/schema\\\/logo\\\/image\\\/\"}}]}<\/script>\n<!-- \/ Yoast SEO plugin. -->","yoast_head_json":{"title":"VITA LIBERATA dvipus\u0117 \u0161vei\u010diamoji pir\u0161tin\u0117 - MalinaShop.lt J\u016bs\u0173 sveikatai ir gro\u017eiui.","description":"VITA LIBERATA dvipus\u0117 \u0161vei\u010diamoji pir\u0161tin\u0117 \u2013 odos paruo\u0161imui prie\u0161 \u012fdeg\u012f. Intensyvus ir \u0161velnus \u0161veitimas, tinka visiems odos tipams.","robots":{"index":"index","follow":"follow","max-snippet":"max-snippet:-1","max-image-preview":"max-image-preview:large","max-video-preview":"max-video-preview:-1"},"canonical":"https:\/\/www.malinashop.lt\/en\/shop\/vita-liberata-dvipuse-sveiciamoji-pirstine\/","og_locale":"en_GB","og_type":"article","og_title":"VITA LIBERATA dvipus\u0117 \u0161vei\u010diamoji pir\u0161tin\u0117 - MalinaShop.lt J\u016bs\u0173 sveikatai ir gro\u017eiui.","og_description":"VITA LIBERATA dvipus\u0117 \u0161vei\u010diamoji pir\u0161tin\u0117 \u2013 odos paruo\u0161imui prie\u0161 \u012fdeg\u012f. Intensyvus ir \u0161velnus \u0161veitimas, tinka visiems odos tipams.","og_url":"https:\/\/www.malinashop.lt\/en\/shop\/vita-liberata-dvipuse-sveiciamoji-pirstine\/","og_site_name":"MalinaShop.lt J\u016bs\u0173 sveikatai ir gro\u017eiui.","article_modified_time":"2026-02-10T10:15:25+00:00","og_image":[{"width":1344,"height":1344,"url":"https:\/\/www.malinashop.lt\/wp-content\/uploads\/2025\/11\/5060850671251-4.webp","type":"image\/webp"}],"twitter_card":"summary_large_image","schema":{"@context":"https:\/\/schema.org","@graph":[{"@type":"WebPage","@id":"https:\/\/www.malinashop.lt\/shop\/vita-liberata-dvipuse-sveiciamoji-pirstine\/","url":"https:\/\/www.malinashop.lt\/shop\/vita-liberata-dvipuse-sveiciamoji-pirstine\/","name":"VITA LIBERATA dvipus\u0117 \u0161vei\u010diamoji pir\u0161tin\u0117 - MalinaShop.lt J\u016bs\u0173 sveikatai ir gro\u017eiui.","isPartOf":{"@id":"https:\/\/www.malinashop.lt\/#website"},"primaryImageOfPage":{"@id":"https:\/\/www.malinashop.lt\/shop\/vita-liberata-dvipuse-sveiciamoji-pirstine\/#primaryimage"},"image":{"@id":"https:\/\/www.malinashop.lt\/shop\/vita-liberata-dvipuse-sveiciamoji-pirstine\/#primaryimage"},"thumbnailUrl":"https:\/\/www.malinashop.lt\/wp-content\/uploads\/2025\/11\/5060850671251-4.webp","datePublished":"2025-11-25T15:00:21+00:00","dateModified":"2026-02-10T10:15:25+00:00","description":"VITA LIBERATA dvipus\u0117 \u0161vei\u010diamoji pir\u0161tin\u0117 \u2013 odos paruo\u0161imui prie\u0161 \u012fdeg\u012f. Intensyvus ir \u0161velnus \u0161veitimas, tinka visiems odos tipams.","breadcrumb":{"@id":"https:\/\/www.malinashop.lt\/shop\/vita-liberata-dvipuse-sveiciamoji-pirstine\/#breadcrumb"},"inLanguage":"en-GB","potentialAction":[{"@type":"ReadAction","target":["https:\/\/www.malinashop.lt\/shop\/vita-liberata-dvipuse-sveiciamoji-pirstine\/"]}]},{"@type":"ImageObject","inLanguage":"en-GB","@id":"https:\/\/www.malinashop.lt\/shop\/vita-liberata-dvipuse-sveiciamoji-pirstine\/#primaryimage","url":"https:\/\/www.malinashop.lt\/wp-content\/uploads\/2025\/11\/5060850671251-4.webp","contentUrl":"https:\/\/www.malinashop.lt\/wp-content\/uploads\/2025\/11\/5060850671251-4.webp","width":1344,"height":1344},{"@type":"BreadcrumbList","@id":"https:\/\/www.malinashop.lt\/shop\/vita-liberata-dvipuse-sveiciamoji-pirstine\/#breadcrumb","itemListElement":[{"@type":"ListItem","position":1,"name":"Pagrindinis","item":"https:\/\/www.malinashop.lt\/"},{"@type":"ListItem","position":2,"name":"Parduotuv\u0117","item":"https:\/\/www.malinashop.lt\/en\/parduotuve\/"},{"@type":"ListItem","position":3,"name":"VITA LIBERATA dvipus\u0117 \u0161vei\u010diamoji pir\u0161tin\u0117"}]},{"@type":"WebSite","@id":"https:\/\/www.malinashop.lt\/#website","url":"https:\/\/www.malinashop.lt\/","name":"COM Group Ecommerce","description":"MalinaShop.lt - Gro\u017eio ir sveikatos produktai i\u0161 patikim\u0173 preki\u0173 \u017eenkl\u0173. Atraskite auk\u0161tos kokyb\u0117s kosmetik\u0105 u\u017e puiki\u0105 kain\u0105.","publisher":{"@id":"https:\/\/www.malinashop.lt\/#organization"},"potentialAction":[{"@type":"SearchAction","target":{"@type":"EntryPoint","urlTemplate":"https:\/\/www.malinashop.lt\/?s={search_term_string}"},"query-input":{"@type":"PropertyValueSpecification","valueRequired":true,"valueName":"search_term_string"}}],"inLanguage":"en-GB"},{"@type":"Organization","@id":"https:\/\/www.malinashop.lt\/#organization","name":"COM Group Ecommerce","url":"https:\/\/www.malinashop.lt\/","logo":{"@type":"ImageObject","inLanguage":"en-GB","@id":"https:\/\/www.malinashop.lt\/#\/schema\/logo\/image\/","url":"https:\/\/www.malinashop.lt\/wp-content\/uploads\/2024\/08\/462559670_3787732518133670_9795632669273463_n-e1731525914575.png","contentUrl":"https:\/\/www.malinashop.lt\/wp-content\/uploads\/2024\/08\/462559670_3787732518133670_9795632669273463_n-e1731525914575.png","width":180,"height":60,"caption":"COM Group Ecommerce"},"image":{"@id":"https:\/\/www.malinashop.lt\/#\/schema\/logo\/image\/"}}]}},"jetpack_sharing_enabled":true,"_links":{"self":[{"href":"https:\/\/www.malinashop.lt\/en\/wp-json\/wp\/v2\/product\/69253","targetHints":{"allow":["GET"]}}],"collection":[{"href":"https:\/\/www.malinashop.lt\/en\/wp-json\/wp\/v2\/product"}],"about":[{"href":"https:\/\/www.malinashop.lt\/en\/wp-json\/wp\/v2\/types\/product"}],"version-history":[{"count":2,"href":"https:\/\/www.malinashop.lt\/en\/wp-json\/wp\/v2\/product\/69253\/revisions"}],"predecessor-version":[{"id":72006,"href":"https:\/\/www.malinashop.lt\/en\/wp-json\/wp\/v2\/product\/69253\/revisions\/72006"}],"wp:featuredmedia":[{"embeddable":true,"href":"https:\/\/www.malinashop.lt\/en\/wp-json\/wp\/v2\/media\/69255"}],"wp:attachment":[{"href":"https:\/\/www.malinashop.lt\/en\/wp-json\/wp\/v2\/media?parent=69253"}],"wp:term":[{"taxonomy":"product_brand","embeddable":true,"href":"https:\/\/www.malinashop.lt\/en\/wp-json\/wp\/v2\/product_brand?post=69253"},{"taxonomy":"product_cat","embeddable":true,"href":"https:\/\/www.malinashop.lt\/en\/wp-json\/wp\/v2\/product_cat?post=69253"},{"taxonomy":"product_tag","embeddable":true,"href":"https:\/\/www.malinashop.lt\/en\/wp-json\/wp\/v2\/product_tag?post=69253"}],"curies":[{"name":"wp","href":"https:\/\/api.w.org\/{rel}","templated":true}]}}