{"id":69250,"date":"2025-11-25T18:00:21","date_gmt":"2025-11-25T15:00:21","guid":{"rendered":"https:\/\/malinashop.lt\/?post_type=product&#038;p=69250"},"modified":"2026-02-10T13:15:25","modified_gmt":"2026-02-10T10:15:25","slug":"vita-liberata-drekinantis-savaiminio-idegio-losjonas-su-isoriniu-bronzantu-200ml","status":"publish","type":"product","link":"https:\/\/www.malinashop.lt\/en\/shop\/vita-liberata-drekinantis-savaiminio-idegio-losjonas-su-isoriniu-bronzantu-200ml\/","title":{"rendered":"VITA LIBERATA dr\u0117kinantis savaiminio \u012fdegio losjonas su i\u0161oriniu bronzantu, 200ml"},"content":{"rendered":"<p data-start=\"627\" data-end=\"948\"><strong data-start=\"627\" data-end=\"705\">VITA LIBERATA dr\u0117kinantis savaiminio \u012fdegio losjonas su i\u0161oriniu bronzantu<\/strong> \u2013 tai itin dr\u0117kinanti, greitai d\u017ei\u016bstanti priemon\u0117, sukurta suteikti odai nat\u016bral\u0173, vidutinio intensyvumo auksin\u012f \u012fdeg\u012f. I\u0161orinis bronzantas leid\u017eia i\u0161kart matyti, kur produktas padengtas, tod\u0117l \u012fdegis visada i\u0161gaunamas tolygiai ir be dry\u017ei\u0173.<\/p>\n<p data-start=\"950\" data-end=\"1358\">Losjono sud\u0117tyje gausu nat\u016brali\u0173 ir ekologi\u0161k\u0173 ingredient\u0173, kurie maitina, saugo ir \u0161velnina od\u0105. Hialurono r\u016bg\u0161tis ir alavij\u0173 ekstraktas intensyviai dr\u0117kina, marulos s\u0117kl\u0173 aliejus atkuria skaistum\u0105, o saldymed\u017eio ir ginkmed\u017eio ekstraktai veikia kaip stipr\u016bs antioksidantai. \u0160i priemon\u0117 tinka tiek k\u016bnui, tiek veidui, o jos vegani\u0161ka formul\u0117 neturi paraben\u0173, silikon\u0173, sulfat\u0173, alkoholio ar sintetini\u0173 kvap\u0173.<\/p>\n<h4 data-start=\"1360\" data-end=\"1376\"><strong data-start=\"1364\" data-end=\"1376\">Savyb\u0117s:<\/strong><\/h4>\n<ul data-start=\"1377\" data-end=\"1625\">\n<li data-start=\"1377\" data-end=\"1416\">\n<p data-start=\"1379\" data-end=\"1416\">Greitai d\u017ei\u016bstanti, nelipni formul\u0117<\/p>\n<\/li>\n<li data-start=\"1417\" data-end=\"1458\">\n<p data-start=\"1419\" data-end=\"1458\">Nat\u016braliai atrodantis auksinis \u012fdegis<\/p>\n<\/li>\n<li data-start=\"1459\" data-end=\"1484\">\n<p data-start=\"1461\" data-end=\"1484\">Tinka k\u016bnui ir veidui<\/p>\n<\/li>\n<li data-start=\"1485\" data-end=\"1537\">\n<p data-start=\"1487\" data-end=\"1537\">Sud\u0117tyje gausu ekologi\u0161k\u0173 ir nat\u016brali\u0173 ekstrakt\u0173<\/p>\n<\/li>\n<li data-start=\"1538\" data-end=\"1557\">\n<p data-start=\"1540\" data-end=\"1557\">Blunka tolygiai<\/p>\n<\/li>\n<li data-start=\"1558\" data-end=\"1603\">\n<p data-start=\"1560\" data-end=\"1603\">Be paraben\u0173, alkoholio, silikon\u0173, sulfat\u0173<\/p>\n<\/li>\n<li data-start=\"1604\" data-end=\"1625\">\n<p data-start=\"1606\" data-end=\"1625\">Vegani\u0161ka formul\u0117<\/p>\n<\/li>\n<\/ul>\n<h4 data-start=\"1627\" data-end=\"1656\"><strong data-start=\"1631\" data-end=\"1656\">Aktyv\u016bs ingredientai:<\/strong><\/h4>\n<ul data-start=\"1657\" data-end=\"2146\">\n<li data-start=\"1657\" data-end=\"1703\">\n<p data-start=\"1659\" data-end=\"1703\"><strong data-start=\"1659\" data-end=\"1681\">Alavij\u0173 ekstraktas<\/strong> \u2013 dr\u0117kina ir ramina<\/p>\n<\/li>\n<li data-start=\"1704\" data-end=\"1757\">\n<p data-start=\"1706\" data-end=\"1757\"><strong data-start=\"1706\" data-end=\"1727\">Hialurono r\u016bg\u0161tis<\/strong> \u2013 intensyvus odos dr\u0117kiklis<\/p>\n<\/li>\n<li data-start=\"1758\" data-end=\"1808\">\n<p data-start=\"1760\" data-end=\"1808\"><strong data-start=\"1760\" data-end=\"1783\">Taukmed\u017eio sviestas<\/strong> \u2013 maitina ir mink\u0161tina<\/p>\n<\/li>\n<li data-start=\"1809\" data-end=\"1861\">\n<p data-start=\"1811\" data-end=\"1861\"><strong data-start=\"1811\" data-end=\"1834\">Vynuogi\u0173 ekstraktas<\/strong> \u2013 antioksidacin\u0117 apsauga<\/p>\n<\/li>\n<li data-start=\"1862\" data-end=\"1918\">\n<p data-start=\"1864\" data-end=\"1918\"><strong data-start=\"1864\" data-end=\"1889\">Marulos s\u0117kl\u0173 aliejus<\/strong> \u2013 skaistina ir atstato od\u0105<\/p>\n<\/li>\n<li data-start=\"1919\" data-end=\"1989\">\n<p data-start=\"1921\" data-end=\"1989\"><strong data-start=\"1921\" data-end=\"1947\">Saldymed\u017eio ekstraktas<\/strong> \u2013 lyginamosios, antioksidacin\u0117s savyb\u0117s<\/p>\n<\/li>\n<li data-start=\"1990\" data-end=\"2041\">\n<p data-start=\"1992\" data-end=\"2041\"><strong data-start=\"1992\" data-end=\"2014\">Melion\u0173 ekstraktas<\/strong> \u2013 suteikia antioksidant\u0173<\/p>\n<\/li>\n<li data-start=\"2042\" data-end=\"2093\">\n<p data-start=\"2044\" data-end=\"2093\"><strong data-start=\"2044\" data-end=\"2066\">Avie\u010di\u0173 ekstraktas<\/strong> \u2013 dr\u0117kina ir regeneruoja<\/p>\n<\/li>\n<li data-start=\"2094\" data-end=\"2146\">\n<p data-start=\"2096\" data-end=\"2146\"><strong data-start=\"2096\" data-end=\"2121\">Ginkmed\u017eio ekstraktas<\/strong> \u2013 stangrina ir jaunina<\/p>\n<\/li>\n<\/ul>\n<h4 data-start=\"2148\" data-end=\"2169\"><strong data-start=\"2152\" data-end=\"2167\">Naudojimas:<\/strong><\/h4>\n<p data-start=\"2170\" data-end=\"2497\">Tepkite ant \u0161varios, pilingu nu\u0161veistos odos. Prie\u0161 naudojim\u0105 nenaudokite dr\u0117kinan\u010di\u0173 ar aliejini\u0173 priemoni\u0173. Aplikacijai naudojama speciali pir\u0161tin\u0117 \u2013 losjon\u0105 \u012fmasa\u017euokite sukamaisiais judesiais, o s\u0105nari\u0173 zonose tepkite minimaliai ir galiausiai nuvalykite dr\u0117gna servet\u0117le. Palikite 8 valandoms, tuomet nusiprauskite po du\u0161u.<\/p>\n","protected":false},"excerpt":{"rendered":"<p data-start=\"294\" data-end=\"580\">Intensyviai dr\u0117kinantis savaiminio \u012fdegio losjonas su i\u0161oriniu bronzantu, suteikiantis nat\u016braliai auksin\u012f atspalv\u012f. Greitai d\u017ei\u016bstanti vegani\u0161ka formul\u0117 su hialurono r\u016bg\u0161timi, alavijais ir marulos aliejumi lengvai dengiasi ant odos, tolygiai pasi\u0161alina ir tinka tiek k\u016bnui, tiek veidui.<\/p>\n","protected":false},"featured_media":69252,"template":"","meta":[],"product_brand":[1407],"product_cat":[555,731],"product_tag":[1627],"class_list":{"0":"post-69250","1":"product","2":"type-product","3":"status-publish","4":"has-post-thumbnail","6":"product_brand-vita-liberata","7":"product_cat-kuno-aliejai-losjonai","8":"product_cat-kunui","9":"product_tag-vita-liberata","11":"first","12":"outofstock","13":"purchasable","14":"product-type-simple"},"yoast_head":"<!-- This site is optimized with the Yoast SEO plugin v27.4 - https:\/\/yoast.com\/product\/yoast-seo-wordpress\/ -->\n<title>VITA LIBERATA dr\u0117kinantis savaiminio \u012fdegio losjonas su i\u0161oriniu bronzantu, 200ml - MalinaShop.lt J\u016bs\u0173 sveikatai ir gro\u017eiui.<\/title>\n<meta name=\"description\" content=\"Dr\u0117kinantis VITA LIBERATA savaiminio \u012fdegio losjonas su i\u0161oriniu bronzantu \u2013 nat\u016braliai auksinis \u012fdegis, greita aplikacija ir vegani\u0161ka formul\u0117.\" \/>\n<meta name=\"robots\" content=\"index, follow, max-snippet:-1, max-image-preview:large, max-video-preview:-1\" \/>\n<link rel=\"canonical\" href=\"https:\/\/www.malinashop.lt\/en\/shop\/vita-liberata-drekinantis-savaiminio-idegio-losjonas-su-isoriniu-bronzantu-200ml\/\" \/>\n<meta property=\"og:locale\" content=\"en_GB\" \/>\n<meta property=\"og:type\" content=\"article\" \/>\n<meta property=\"og:title\" content=\"VITA LIBERATA dr\u0117kinantis savaiminio \u012fdegio losjonas su i\u0161oriniu bronzantu, 200ml - MalinaShop.lt J\u016bs\u0173 sveikatai ir gro\u017eiui.\" \/>\n<meta property=\"og:description\" content=\"Dr\u0117kinantis VITA LIBERATA savaiminio \u012fdegio losjonas su i\u0161oriniu bronzantu \u2013 nat\u016braliai auksinis \u012fdegis, greita aplikacija ir vegani\u0161ka formul\u0117.\" \/>\n<meta property=\"og:url\" content=\"https:\/\/www.malinashop.lt\/en\/shop\/vita-liberata-drekinantis-savaiminio-idegio-losjonas-su-isoriniu-bronzantu-200ml\/\" \/>\n<meta property=\"og:site_name\" content=\"MalinaShop.lt J\u016bs\u0173 sveikatai ir gro\u017eiui.\" \/>\n<meta property=\"article:modified_time\" content=\"2026-02-10T10:15:25+00:00\" \/>\n<meta property=\"og:image\" content=\"https:\/\/www.malinashop.lt\/wp-content\/uploads\/2025\/11\/5060850671602.webp\" \/>\n\t<meta property=\"og:image:width\" content=\"1920\" \/>\n\t<meta property=\"og:image:height\" content=\"1920\" \/>\n\t<meta property=\"og:image:type\" content=\"image\/webp\" \/>\n<meta name=\"twitter:card\" content=\"summary_large_image\" \/>\n<script type=\"application\/ld+json\" class=\"yoast-schema-graph\">{\"@context\":\"https:\\\/\\\/schema.org\",\"@graph\":[{\"@type\":\"WebPage\",\"@id\":\"https:\\\/\\\/www.malinashop.lt\\\/en\\\/shop\\\/vita-liberata-drekinantis-savaiminio-idegio-losjonas-su-isoriniu-bronzantu-200ml\\\/\",\"url\":\"https:\\\/\\\/www.malinashop.lt\\\/en\\\/shop\\\/vita-liberata-drekinantis-savaiminio-idegio-losjonas-su-isoriniu-bronzantu-200ml\\\/\",\"name\":\"VITA LIBERATA dr\u0117kinantis savaiminio \u012fdegio losjonas su i\u0161oriniu bronzantu, 200ml - MalinaShop.lt J\u016bs\u0173 sveikatai ir gro\u017eiui.\",\"isPartOf\":{\"@id\":\"https:\\\/\\\/www.malinashop.lt\\\/en\\\/#website\"},\"primaryImageOfPage\":{\"@id\":\"https:\\\/\\\/www.malinashop.lt\\\/en\\\/shop\\\/vita-liberata-drekinantis-savaiminio-idegio-losjonas-su-isoriniu-bronzantu-200ml\\\/#primaryimage\"},\"image\":{\"@id\":\"https:\\\/\\\/www.malinashop.lt\\\/en\\\/shop\\\/vita-liberata-drekinantis-savaiminio-idegio-losjonas-su-isoriniu-bronzantu-200ml\\\/#primaryimage\"},\"thumbnailUrl\":\"https:\\\/\\\/www.malinashop.lt\\\/wp-content\\\/uploads\\\/2025\\\/11\\\/5060850671602.webp\",\"datePublished\":\"2025-11-25T15:00:21+00:00\",\"dateModified\":\"2026-02-10T10:15:25+00:00\",\"description\":\"Dr\u0117kinantis VITA LIBERATA savaiminio \u012fdegio losjonas su i\u0161oriniu bronzantu \u2013 nat\u016braliai auksinis \u012fdegis, greita aplikacija ir vegani\u0161ka formul\u0117.\",\"breadcrumb\":{\"@id\":\"https:\\\/\\\/www.malinashop.lt\\\/en\\\/shop\\\/vita-liberata-drekinantis-savaiminio-idegio-losjonas-su-isoriniu-bronzantu-200ml\\\/#breadcrumb\"},\"inLanguage\":\"en-GB\",\"potentialAction\":[{\"@type\":\"ReadAction\",\"target\":[\"https:\\\/\\\/www.malinashop.lt\\\/en\\\/shop\\\/vita-liberata-drekinantis-savaiminio-idegio-losjonas-su-isoriniu-bronzantu-200ml\\\/\"]}]},{\"@type\":\"ImageObject\",\"inLanguage\":\"en-GB\",\"@id\":\"https:\\\/\\\/www.malinashop.lt\\\/en\\\/shop\\\/vita-liberata-drekinantis-savaiminio-idegio-losjonas-su-isoriniu-bronzantu-200ml\\\/#primaryimage\",\"url\":\"https:\\\/\\\/www.malinashop.lt\\\/wp-content\\\/uploads\\\/2025\\\/11\\\/5060850671602.webp\",\"contentUrl\":\"https:\\\/\\\/www.malinashop.lt\\\/wp-content\\\/uploads\\\/2025\\\/11\\\/5060850671602.webp\",\"width\":1920,\"height\":1920},{\"@type\":\"BreadcrumbList\",\"@id\":\"https:\\\/\\\/www.malinashop.lt\\\/en\\\/shop\\\/vita-liberata-drekinantis-savaiminio-idegio-losjonas-su-isoriniu-bronzantu-200ml\\\/#breadcrumb\",\"itemListElement\":[{\"@type\":\"ListItem\",\"position\":1,\"name\":\"Home\",\"item\":\"https:\\\/\\\/www.malinashop.lt\\\/en\\\/\"},{\"@type\":\"ListItem\",\"position\":2,\"name\":\"Parduotuv\u0117\",\"item\":\"https:\\\/\\\/www.malinashop.lt\\\/en\\\/parduotuve\\\/\"},{\"@type\":\"ListItem\",\"position\":3,\"name\":\"VITA LIBERATA dr\u0117kinantis savaiminio \u012fdegio losjonas su i\u0161oriniu bronzantu, 200ml\"}]},{\"@type\":\"WebSite\",\"@id\":\"https:\\\/\\\/www.malinashop.lt\\\/en\\\/#website\",\"url\":\"https:\\\/\\\/www.malinashop.lt\\\/en\\\/\",\"name\":\"COM Group Ecommerce\",\"description\":\"MalinaShop.lt - Gro\u017eio ir sveikatos produktai i\u0161 patikim\u0173 preki\u0173 \u017eenkl\u0173. Atraskite auk\u0161tos kokyb\u0117s kosmetik\u0105 u\u017e puiki\u0105 kain\u0105.\",\"publisher\":{\"@id\":\"https:\\\/\\\/www.malinashop.lt\\\/en\\\/#organization\"},\"potentialAction\":[{\"@type\":\"SearchAction\",\"target\":{\"@type\":\"EntryPoint\",\"urlTemplate\":\"https:\\\/\\\/www.malinashop.lt\\\/en\\\/?s={search_term_string}\"},\"query-input\":{\"@type\":\"PropertyValueSpecification\",\"valueRequired\":true,\"valueName\":\"search_term_string\"}}],\"inLanguage\":\"en-GB\"},{\"@type\":\"Organization\",\"@id\":\"https:\\\/\\\/www.malinashop.lt\\\/en\\\/#organization\",\"name\":\"COM Group Ecommerce\",\"url\":\"https:\\\/\\\/www.malinashop.lt\\\/en\\\/\",\"logo\":{\"@type\":\"ImageObject\",\"inLanguage\":\"en-GB\",\"@id\":\"https:\\\/\\\/www.malinashop.lt\\\/en\\\/#\\\/schema\\\/logo\\\/image\\\/\",\"url\":\"https:\\\/\\\/www.malinashop.lt\\\/wp-content\\\/uploads\\\/2024\\\/08\\\/462559670_3787732518133670_9795632669273463_n-e1731525914575.png\",\"contentUrl\":\"https:\\\/\\\/www.malinashop.lt\\\/wp-content\\\/uploads\\\/2024\\\/08\\\/462559670_3787732518133670_9795632669273463_n-e1731525914575.png\",\"width\":180,\"height\":60,\"caption\":\"COM Group Ecommerce\"},\"image\":{\"@id\":\"https:\\\/\\\/www.malinashop.lt\\\/en\\\/#\\\/schema\\\/logo\\\/image\\\/\"}}]}<\/script>\n<!-- \/ Yoast SEO plugin. -->","yoast_head_json":{"title":"VITA LIBERATA dr\u0117kinantis savaiminio \u012fdegio losjonas su i\u0161oriniu bronzantu, 200ml - MalinaShop.lt J\u016bs\u0173 sveikatai ir gro\u017eiui.","description":"Dr\u0117kinantis VITA LIBERATA savaiminio \u012fdegio losjonas su i\u0161oriniu bronzantu \u2013 nat\u016braliai auksinis \u012fdegis, greita aplikacija ir vegani\u0161ka formul\u0117.","robots":{"index":"index","follow":"follow","max-snippet":"max-snippet:-1","max-image-preview":"max-image-preview:large","max-video-preview":"max-video-preview:-1"},"canonical":"https:\/\/www.malinashop.lt\/en\/shop\/vita-liberata-drekinantis-savaiminio-idegio-losjonas-su-isoriniu-bronzantu-200ml\/","og_locale":"en_GB","og_type":"article","og_title":"VITA LIBERATA dr\u0117kinantis savaiminio \u012fdegio losjonas su i\u0161oriniu bronzantu, 200ml - MalinaShop.lt J\u016bs\u0173 sveikatai ir gro\u017eiui.","og_description":"Dr\u0117kinantis VITA LIBERATA savaiminio \u012fdegio losjonas su i\u0161oriniu bronzantu \u2013 nat\u016braliai auksinis \u012fdegis, greita aplikacija ir vegani\u0161ka formul\u0117.","og_url":"https:\/\/www.malinashop.lt\/en\/shop\/vita-liberata-drekinantis-savaiminio-idegio-losjonas-su-isoriniu-bronzantu-200ml\/","og_site_name":"MalinaShop.lt J\u016bs\u0173 sveikatai ir gro\u017eiui.","article_modified_time":"2026-02-10T10:15:25+00:00","og_image":[{"width":1920,"height":1920,"url":"https:\/\/www.malinashop.lt\/wp-content\/uploads\/2025\/11\/5060850671602.webp","type":"image\/webp"}],"twitter_card":"summary_large_image","schema":{"@context":"https:\/\/schema.org","@graph":[{"@type":"WebPage","@id":"https:\/\/www.malinashop.lt\/en\/shop\/vita-liberata-drekinantis-savaiminio-idegio-losjonas-su-isoriniu-bronzantu-200ml\/","url":"https:\/\/www.malinashop.lt\/en\/shop\/vita-liberata-drekinantis-savaiminio-idegio-losjonas-su-isoriniu-bronzantu-200ml\/","name":"VITA LIBERATA dr\u0117kinantis savaiminio \u012fdegio losjonas su i\u0161oriniu bronzantu, 200ml - MalinaShop.lt J\u016bs\u0173 sveikatai ir gro\u017eiui.","isPartOf":{"@id":"https:\/\/www.malinashop.lt\/en\/#website"},"primaryImageOfPage":{"@id":"https:\/\/www.malinashop.lt\/en\/shop\/vita-liberata-drekinantis-savaiminio-idegio-losjonas-su-isoriniu-bronzantu-200ml\/#primaryimage"},"image":{"@id":"https:\/\/www.malinashop.lt\/en\/shop\/vita-liberata-drekinantis-savaiminio-idegio-losjonas-su-isoriniu-bronzantu-200ml\/#primaryimage"},"thumbnailUrl":"https:\/\/www.malinashop.lt\/wp-content\/uploads\/2025\/11\/5060850671602.webp","datePublished":"2025-11-25T15:00:21+00:00","dateModified":"2026-02-10T10:15:25+00:00","description":"Dr\u0117kinantis VITA LIBERATA savaiminio \u012fdegio losjonas su i\u0161oriniu bronzantu \u2013 nat\u016braliai auksinis \u012fdegis, greita aplikacija ir vegani\u0161ka formul\u0117.","breadcrumb":{"@id":"https:\/\/www.malinashop.lt\/en\/shop\/vita-liberata-drekinantis-savaiminio-idegio-losjonas-su-isoriniu-bronzantu-200ml\/#breadcrumb"},"inLanguage":"en-GB","potentialAction":[{"@type":"ReadAction","target":["https:\/\/www.malinashop.lt\/en\/shop\/vita-liberata-drekinantis-savaiminio-idegio-losjonas-su-isoriniu-bronzantu-200ml\/"]}]},{"@type":"ImageObject","inLanguage":"en-GB","@id":"https:\/\/www.malinashop.lt\/en\/shop\/vita-liberata-drekinantis-savaiminio-idegio-losjonas-su-isoriniu-bronzantu-200ml\/#primaryimage","url":"https:\/\/www.malinashop.lt\/wp-content\/uploads\/2025\/11\/5060850671602.webp","contentUrl":"https:\/\/www.malinashop.lt\/wp-content\/uploads\/2025\/11\/5060850671602.webp","width":1920,"height":1920},{"@type":"BreadcrumbList","@id":"https:\/\/www.malinashop.lt\/en\/shop\/vita-liberata-drekinantis-savaiminio-idegio-losjonas-su-isoriniu-bronzantu-200ml\/#breadcrumb","itemListElement":[{"@type":"ListItem","position":1,"name":"Home","item":"https:\/\/www.malinashop.lt\/en\/"},{"@type":"ListItem","position":2,"name":"Parduotuv\u0117","item":"https:\/\/www.malinashop.lt\/en\/parduotuve\/"},{"@type":"ListItem","position":3,"name":"VITA LIBERATA dr\u0117kinantis savaiminio \u012fdegio losjonas su i\u0161oriniu bronzantu, 200ml"}]},{"@type":"WebSite","@id":"https:\/\/www.malinashop.lt\/en\/#website","url":"https:\/\/www.malinashop.lt\/en\/","name":"COM Group Ecommerce","description":"MalinaShop.lt - Gro\u017eio ir sveikatos produktai i\u0161 patikim\u0173 preki\u0173 \u017eenkl\u0173. Atraskite auk\u0161tos kokyb\u0117s kosmetik\u0105 u\u017e puiki\u0105 kain\u0105.","publisher":{"@id":"https:\/\/www.malinashop.lt\/en\/#organization"},"potentialAction":[{"@type":"SearchAction","target":{"@type":"EntryPoint","urlTemplate":"https:\/\/www.malinashop.lt\/en\/?s={search_term_string}"},"query-input":{"@type":"PropertyValueSpecification","valueRequired":true,"valueName":"search_term_string"}}],"inLanguage":"en-GB"},{"@type":"Organization","@id":"https:\/\/www.malinashop.lt\/en\/#organization","name":"COM Group Ecommerce","url":"https:\/\/www.malinashop.lt\/en\/","logo":{"@type":"ImageObject","inLanguage":"en-GB","@id":"https:\/\/www.malinashop.lt\/en\/#\/schema\/logo\/image\/","url":"https:\/\/www.malinashop.lt\/wp-content\/uploads\/2024\/08\/462559670_3787732518133670_9795632669273463_n-e1731525914575.png","contentUrl":"https:\/\/www.malinashop.lt\/wp-content\/uploads\/2024\/08\/462559670_3787732518133670_9795632669273463_n-e1731525914575.png","width":180,"height":60,"caption":"COM Group Ecommerce"},"image":{"@id":"https:\/\/www.malinashop.lt\/en\/#\/schema\/logo\/image\/"}}]}},"jetpack_sharing_enabled":true,"_links":{"self":[{"href":"https:\/\/www.malinashop.lt\/en\/wp-json\/wp\/v2\/product\/69250","targetHints":{"allow":["GET"]}}],"collection":[{"href":"https:\/\/www.malinashop.lt\/en\/wp-json\/wp\/v2\/product"}],"about":[{"href":"https:\/\/www.malinashop.lt\/en\/wp-json\/wp\/v2\/types\/product"}],"version-history":[{"count":2,"href":"https:\/\/www.malinashop.lt\/en\/wp-json\/wp\/v2\/product\/69250\/revisions"}],"predecessor-version":[{"id":71990,"href":"https:\/\/www.malinashop.lt\/en\/wp-json\/wp\/v2\/product\/69250\/revisions\/71990"}],"wp:featuredmedia":[{"embeddable":true,"href":"https:\/\/www.malinashop.lt\/en\/wp-json\/wp\/v2\/media\/69252"}],"wp:attachment":[{"href":"https:\/\/www.malinashop.lt\/en\/wp-json\/wp\/v2\/media?parent=69250"}],"wp:term":[{"taxonomy":"product_brand","embeddable":true,"href":"https:\/\/www.malinashop.lt\/en\/wp-json\/wp\/v2\/product_brand?post=69250"},{"taxonomy":"product_cat","embeddable":true,"href":"https:\/\/www.malinashop.lt\/en\/wp-json\/wp\/v2\/product_cat?post=69250"},{"taxonomy":"product_tag","embeddable":true,"href":"https:\/\/www.malinashop.lt\/en\/wp-json\/wp\/v2\/product_tag?post=69250"}],"curies":[{"name":"wp","href":"https:\/\/api.w.org\/{rel}","templated":true}]}}