{"id":69194,"date":"2025-11-25T17:45:54","date_gmt":"2025-11-25T14:45:54","guid":{"rendered":"https:\/\/malinashop.lt\/?post_type=product&#038;p=69194"},"modified":"2026-02-10T13:12:38","modified_gmt":"2026-02-10T10:12:38","slug":"sla-paris-kremas-su-spf20-bb-glow-45001","status":"publish","type":"product","link":"https:\/\/www.malinashop.lt\/en\/shop\/sla-paris-kremas-su-spf20-bb-glow-45001\/","title":{"rendered":"SLA PARIS kremas su SPF20 BB GLOW 45001"},"content":{"rendered":"<p data-start=\"32\" data-end=\"429\"><strong data-start=\"32\" data-end=\"77\">SLA PARIS BB GLOW kremas su SPF20 (45001)<\/strong> \u2013 tai skaistinantis BB kremas, suteikiantis nat\u016bral\u0173, sveikos odos \u0161vyt\u0117jim\u0105 ir lengv\u0105 makia\u017eo efekt\u0105. Inovatyvi LUMINA\u2013skin\u00ae formul\u0117 su vitaminu E padeda dr\u0117kinti vir\u0161utinius epidermio sluoksnius*, suteikia odai komforto ir apsaug\u0105 nuo saul\u0117s su SPF20.<br data-start=\"331\" data-end=\"334\" \/>Kremas puikiai prisitaiko prie odos atspalvio, i\u0161lygina jos ton\u0105 ir suteikia glotnumo \u012fsp\u016bd\u012f.<\/p>\n<p data-start=\"431\" data-end=\"645\">Produktas si\u016blomas <strong data-start=\"450\" data-end=\"482\">dviej\u0173 universali\u0173 atspalvi\u0173<\/strong> \u2013 \u0161viesaus ir auksinio tono, tinkantis visiems odos tipams. Lengvos konsistencijos BB kremas idealiai tinka kasdieniam naudojimui ir nat\u016bralaus gro\u017eio pabr\u0117\u017eimui.<\/p>\n<p data-start=\"647\" data-end=\"836\"><strong data-start=\"647\" data-end=\"662\">Naudojimas:<\/strong> u\u017etepkite krem\u0105 ant viso veido naudodami dr\u0117gn\u0105 makia\u017eo kempin\u0117l\u0119 arba \u0161epet\u0117l\u012f (pvz., MUA Vegan Brush Nr. 89419). Norint matinio efekto, u\u017efiksuokite biria SLA Paris pudra.<\/p>\n","protected":false},"excerpt":{"rendered":"<div class=\"woocommerce-product-details__short-description\">\n<p data-start=\"879\" data-end=\"1091\">SLA PARIS BB GLOW kremas su SPF20 suteikia \u0161vytint\u012f, nat\u016bral\u0173 makia\u017eo efekt\u0105, dr\u0117kina vir\u0161utinius epidermio sluoksnius* ir i\u0161lygina odos ton\u0105. Su LUMINA\u2013skin\u00ae formule bei vitaminu E, dviej\u0173 universali\u0173 atspalvi\u0173.<\/p>\n<\/div>\n","protected":false},"featured_media":69196,"template":"","meta":[],"product_brand":[1527],"product_cat":[187,728],"product_tag":[1623],"class_list":{"0":"post-69194","1":"product","2":"type-product","3":"status-publish","4":"has-post-thumbnail","6":"product_brand-sla-paris","7":"product_cat-veido-kremai","8":"product_cat-veidui","9":"product_tag-sla-paris","11":"first","12":"instock","13":"purchasable","14":"product-type-simple"},"yoast_head":"<!-- This site is optimized with the Yoast SEO plugin v27.4 - https:\/\/yoast.com\/product\/yoast-seo-wordpress\/ -->\n<title>SLA PARIS kremas su SPF20 BB GLOW 45001 - MalinaShop.lt J\u016bs\u0173 sveikatai ir gro\u017eiui.<\/title>\n<meta name=\"description\" content=\"SLA PARIS BB GLOW kremas su SPF20 \u2013 skaistinantis, dr\u0117kinantis BB kremas su LUMINA\u2013skin\u00ae ir vitaminu E. Nat\u016bralus \u0161vyt\u0117jimas, du universal\u016bs atspalviai.\" \/>\n<meta name=\"robots\" content=\"index, follow, max-snippet:-1, max-image-preview:large, max-video-preview:-1\" \/>\n<link rel=\"canonical\" href=\"https:\/\/www.malinashop.lt\/en\/shop\/sla-paris-kremas-su-spf20-bb-glow-45001\/\" \/>\n<meta property=\"og:locale\" content=\"en_GB\" \/>\n<meta property=\"og:type\" content=\"article\" \/>\n<meta property=\"og:title\" content=\"SLA PARIS kremas su SPF20 BB GLOW 45001 - MalinaShop.lt J\u016bs\u0173 sveikatai ir gro\u017eiui.\" \/>\n<meta property=\"og:description\" content=\"SLA PARIS BB GLOW kremas su SPF20 \u2013 skaistinantis, dr\u0117kinantis BB kremas su LUMINA\u2013skin\u00ae ir vitaminu E. Nat\u016bralus \u0161vyt\u0117jimas, du universal\u016bs atspalviai.\" \/>\n<meta property=\"og:url\" content=\"https:\/\/www.malinashop.lt\/en\/shop\/sla-paris-kremas-su-spf20-bb-glow-45001\/\" \/>\n<meta property=\"og:site_name\" content=\"MalinaShop.lt J\u016bs\u0173 sveikatai ir gro\u017eiui.\" \/>\n<meta property=\"article:modified_time\" content=\"2026-02-10T10:12:38+00:00\" \/>\n<meta property=\"og:image\" content=\"https:\/\/www.malinashop.lt\/wp-content\/uploads\/2025\/11\/Produktui2.jpg\" \/>\n\t<meta property=\"og:image:width\" content=\"1000\" \/>\n\t<meta property=\"og:image:height\" content=\"1000\" \/>\n\t<meta property=\"og:image:type\" content=\"image\/jpeg\" \/>\n<meta name=\"twitter:card\" content=\"summary_large_image\" \/>\n<script type=\"application\/ld+json\" class=\"yoast-schema-graph\">{\"@context\":\"https:\\\/\\\/schema.org\",\"@graph\":[{\"@type\":\"WebPage\",\"@id\":\"https:\\\/\\\/www.malinashop.lt\\\/lt_lt\\\/shop\\\/sla-paris-kremas-su-spf20-bb-glow-45001\\\/\",\"url\":\"https:\\\/\\\/www.malinashop.lt\\\/lt_lt\\\/shop\\\/sla-paris-kremas-su-spf20-bb-glow-45001\\\/\",\"name\":\"SLA PARIS kremas su SPF20 BB GLOW 45001 - MalinaShop.lt J\u016bs\u0173 sveikatai ir gro\u017eiui.\",\"isPartOf\":{\"@id\":\"https:\\\/\\\/www.malinashop.lt\\\/#website\"},\"primaryImageOfPage\":{\"@id\":\"https:\\\/\\\/www.malinashop.lt\\\/lt_lt\\\/shop\\\/sla-paris-kremas-su-spf20-bb-glow-45001\\\/#primaryimage\"},\"image\":{\"@id\":\"https:\\\/\\\/www.malinashop.lt\\\/lt_lt\\\/shop\\\/sla-paris-kremas-su-spf20-bb-glow-45001\\\/#primaryimage\"},\"thumbnailUrl\":\"https:\\\/\\\/www.malinashop.lt\\\/wp-content\\\/uploads\\\/2025\\\/11\\\/Produktui2.jpg\",\"datePublished\":\"2025-11-25T14:45:54+00:00\",\"dateModified\":\"2026-02-10T10:12:38+00:00\",\"description\":\"SLA PARIS BB GLOW kremas su SPF20 \u2013 skaistinantis, dr\u0117kinantis BB kremas su LUMINA\u2013skin\u00ae ir vitaminu E. Nat\u016bralus \u0161vyt\u0117jimas, du universal\u016bs atspalviai.\",\"breadcrumb\":{\"@id\":\"https:\\\/\\\/www.malinashop.lt\\\/lt_lt\\\/shop\\\/sla-paris-kremas-su-spf20-bb-glow-45001\\\/#breadcrumb\"},\"inLanguage\":\"en-GB\",\"potentialAction\":[{\"@type\":\"ReadAction\",\"target\":[\"https:\\\/\\\/www.malinashop.lt\\\/lt_lt\\\/shop\\\/sla-paris-kremas-su-spf20-bb-glow-45001\\\/\"]}]},{\"@type\":\"ImageObject\",\"inLanguage\":\"en-GB\",\"@id\":\"https:\\\/\\\/www.malinashop.lt\\\/lt_lt\\\/shop\\\/sla-paris-kremas-su-spf20-bb-glow-45001\\\/#primaryimage\",\"url\":\"https:\\\/\\\/www.malinashop.lt\\\/wp-content\\\/uploads\\\/2025\\\/11\\\/Produktui2.jpg\",\"contentUrl\":\"https:\\\/\\\/www.malinashop.lt\\\/wp-content\\\/uploads\\\/2025\\\/11\\\/Produktui2.jpg\",\"width\":1000,\"height\":1000},{\"@type\":\"BreadcrumbList\",\"@id\":\"https:\\\/\\\/www.malinashop.lt\\\/lt_lt\\\/shop\\\/sla-paris-kremas-su-spf20-bb-glow-45001\\\/#breadcrumb\",\"itemListElement\":[{\"@type\":\"ListItem\",\"position\":1,\"name\":\"Pagrindinis\",\"item\":\"https:\\\/\\\/www.malinashop.lt\\\/\"},{\"@type\":\"ListItem\",\"position\":2,\"name\":\"Parduotuv\u0117\",\"item\":\"https:\\\/\\\/www.malinashop.lt\\\/en\\\/parduotuve\\\/\"},{\"@type\":\"ListItem\",\"position\":3,\"name\":\"SLA PARIS kremas su SPF20 BB GLOW 45001\"}]},{\"@type\":\"WebSite\",\"@id\":\"https:\\\/\\\/www.malinashop.lt\\\/#website\",\"url\":\"https:\\\/\\\/www.malinashop.lt\\\/\",\"name\":\"COM Group Ecommerce\",\"description\":\"MalinaShop.lt - Gro\u017eio ir sveikatos produktai i\u0161 patikim\u0173 preki\u0173 \u017eenkl\u0173. Atraskite auk\u0161tos kokyb\u0117s kosmetik\u0105 u\u017e puiki\u0105 kain\u0105.\",\"publisher\":{\"@id\":\"https:\\\/\\\/www.malinashop.lt\\\/#organization\"},\"potentialAction\":[{\"@type\":\"SearchAction\",\"target\":{\"@type\":\"EntryPoint\",\"urlTemplate\":\"https:\\\/\\\/www.malinashop.lt\\\/?s={search_term_string}\"},\"query-input\":{\"@type\":\"PropertyValueSpecification\",\"valueRequired\":true,\"valueName\":\"search_term_string\"}}],\"inLanguage\":\"en-GB\"},{\"@type\":\"Organization\",\"@id\":\"https:\\\/\\\/www.malinashop.lt\\\/#organization\",\"name\":\"COM Group Ecommerce\",\"url\":\"https:\\\/\\\/www.malinashop.lt\\\/\",\"logo\":{\"@type\":\"ImageObject\",\"inLanguage\":\"en-GB\",\"@id\":\"https:\\\/\\\/www.malinashop.lt\\\/#\\\/schema\\\/logo\\\/image\\\/\",\"url\":\"https:\\\/\\\/www.malinashop.lt\\\/wp-content\\\/uploads\\\/2024\\\/08\\\/462559670_3787732518133670_9795632669273463_n-e1731525914575.png\",\"contentUrl\":\"https:\\\/\\\/www.malinashop.lt\\\/wp-content\\\/uploads\\\/2024\\\/08\\\/462559670_3787732518133670_9795632669273463_n-e1731525914575.png\",\"width\":180,\"height\":60,\"caption\":\"COM Group Ecommerce\"},\"image\":{\"@id\":\"https:\\\/\\\/www.malinashop.lt\\\/#\\\/schema\\\/logo\\\/image\\\/\"}}]}<\/script>\n<!-- \/ Yoast SEO plugin. -->","yoast_head_json":{"title":"SLA PARIS kremas su SPF20 BB GLOW 45001 - MalinaShop.lt J\u016bs\u0173 sveikatai ir gro\u017eiui.","description":"SLA PARIS BB GLOW kremas su SPF20 \u2013 skaistinantis, dr\u0117kinantis BB kremas su LUMINA\u2013skin\u00ae ir vitaminu E. Nat\u016bralus \u0161vyt\u0117jimas, du universal\u016bs atspalviai.","robots":{"index":"index","follow":"follow","max-snippet":"max-snippet:-1","max-image-preview":"max-image-preview:large","max-video-preview":"max-video-preview:-1"},"canonical":"https:\/\/www.malinashop.lt\/en\/shop\/sla-paris-kremas-su-spf20-bb-glow-45001\/","og_locale":"en_GB","og_type":"article","og_title":"SLA PARIS kremas su SPF20 BB GLOW 45001 - MalinaShop.lt J\u016bs\u0173 sveikatai ir gro\u017eiui.","og_description":"SLA PARIS BB GLOW kremas su SPF20 \u2013 skaistinantis, dr\u0117kinantis BB kremas su LUMINA\u2013skin\u00ae ir vitaminu E. Nat\u016bralus \u0161vyt\u0117jimas, du universal\u016bs atspalviai.","og_url":"https:\/\/www.malinashop.lt\/en\/shop\/sla-paris-kremas-su-spf20-bb-glow-45001\/","og_site_name":"MalinaShop.lt J\u016bs\u0173 sveikatai ir gro\u017eiui.","article_modified_time":"2026-02-10T10:12:38+00:00","og_image":[{"width":1000,"height":1000,"url":"https:\/\/www.malinashop.lt\/wp-content\/uploads\/2025\/11\/Produktui2.jpg","type":"image\/jpeg"}],"twitter_card":"summary_large_image","schema":{"@context":"https:\/\/schema.org","@graph":[{"@type":"WebPage","@id":"https:\/\/www.malinashop.lt\/lt_lt\/shop\/sla-paris-kremas-su-spf20-bb-glow-45001\/","url":"https:\/\/www.malinashop.lt\/lt_lt\/shop\/sla-paris-kremas-su-spf20-bb-glow-45001\/","name":"SLA PARIS kremas su SPF20 BB GLOW 45001 - MalinaShop.lt J\u016bs\u0173 sveikatai ir gro\u017eiui.","isPartOf":{"@id":"https:\/\/www.malinashop.lt\/#website"},"primaryImageOfPage":{"@id":"https:\/\/www.malinashop.lt\/lt_lt\/shop\/sla-paris-kremas-su-spf20-bb-glow-45001\/#primaryimage"},"image":{"@id":"https:\/\/www.malinashop.lt\/lt_lt\/shop\/sla-paris-kremas-su-spf20-bb-glow-45001\/#primaryimage"},"thumbnailUrl":"https:\/\/www.malinashop.lt\/wp-content\/uploads\/2025\/11\/Produktui2.jpg","datePublished":"2025-11-25T14:45:54+00:00","dateModified":"2026-02-10T10:12:38+00:00","description":"SLA PARIS BB GLOW kremas su SPF20 \u2013 skaistinantis, dr\u0117kinantis BB kremas su LUMINA\u2013skin\u00ae ir vitaminu E. Nat\u016bralus \u0161vyt\u0117jimas, du universal\u016bs atspalviai.","breadcrumb":{"@id":"https:\/\/www.malinashop.lt\/lt_lt\/shop\/sla-paris-kremas-su-spf20-bb-glow-45001\/#breadcrumb"},"inLanguage":"en-GB","potentialAction":[{"@type":"ReadAction","target":["https:\/\/www.malinashop.lt\/lt_lt\/shop\/sla-paris-kremas-su-spf20-bb-glow-45001\/"]}]},{"@type":"ImageObject","inLanguage":"en-GB","@id":"https:\/\/www.malinashop.lt\/lt_lt\/shop\/sla-paris-kremas-su-spf20-bb-glow-45001\/#primaryimage","url":"https:\/\/www.malinashop.lt\/wp-content\/uploads\/2025\/11\/Produktui2.jpg","contentUrl":"https:\/\/www.malinashop.lt\/wp-content\/uploads\/2025\/11\/Produktui2.jpg","width":1000,"height":1000},{"@type":"BreadcrumbList","@id":"https:\/\/www.malinashop.lt\/lt_lt\/shop\/sla-paris-kremas-su-spf20-bb-glow-45001\/#breadcrumb","itemListElement":[{"@type":"ListItem","position":1,"name":"Pagrindinis","item":"https:\/\/www.malinashop.lt\/"},{"@type":"ListItem","position":2,"name":"Parduotuv\u0117","item":"https:\/\/www.malinashop.lt\/en\/parduotuve\/"},{"@type":"ListItem","position":3,"name":"SLA PARIS kremas su SPF20 BB GLOW 45001"}]},{"@type":"WebSite","@id":"https:\/\/www.malinashop.lt\/#website","url":"https:\/\/www.malinashop.lt\/","name":"COM Group Ecommerce","description":"MalinaShop.lt - Gro\u017eio ir sveikatos produktai i\u0161 patikim\u0173 preki\u0173 \u017eenkl\u0173. Atraskite auk\u0161tos kokyb\u0117s kosmetik\u0105 u\u017e puiki\u0105 kain\u0105.","publisher":{"@id":"https:\/\/www.malinashop.lt\/#organization"},"potentialAction":[{"@type":"SearchAction","target":{"@type":"EntryPoint","urlTemplate":"https:\/\/www.malinashop.lt\/?s={search_term_string}"},"query-input":{"@type":"PropertyValueSpecification","valueRequired":true,"valueName":"search_term_string"}}],"inLanguage":"en-GB"},{"@type":"Organization","@id":"https:\/\/www.malinashop.lt\/#organization","name":"COM Group Ecommerce","url":"https:\/\/www.malinashop.lt\/","logo":{"@type":"ImageObject","inLanguage":"en-GB","@id":"https:\/\/www.malinashop.lt\/#\/schema\/logo\/image\/","url":"https:\/\/www.malinashop.lt\/wp-content\/uploads\/2024\/08\/462559670_3787732518133670_9795632669273463_n-e1731525914575.png","contentUrl":"https:\/\/www.malinashop.lt\/wp-content\/uploads\/2024\/08\/462559670_3787732518133670_9795632669273463_n-e1731525914575.png","width":180,"height":60,"caption":"COM Group Ecommerce"},"image":{"@id":"https:\/\/www.malinashop.lt\/#\/schema\/logo\/image\/"}}]}},"jetpack_sharing_enabled":true,"_links":{"self":[{"href":"https:\/\/www.malinashop.lt\/en\/wp-json\/wp\/v2\/product\/69194","targetHints":{"allow":["GET"]}}],"collection":[{"href":"https:\/\/www.malinashop.lt\/en\/wp-json\/wp\/v2\/product"}],"about":[{"href":"https:\/\/www.malinashop.lt\/en\/wp-json\/wp\/v2\/types\/product"}],"version-history":[{"count":2,"href":"https:\/\/www.malinashop.lt\/en\/wp-json\/wp\/v2\/product\/69194\/revisions"}],"predecessor-version":[{"id":71880,"href":"https:\/\/www.malinashop.lt\/en\/wp-json\/wp\/v2\/product\/69194\/revisions\/71880"}],"wp:featuredmedia":[{"embeddable":true,"href":"https:\/\/www.malinashop.lt\/en\/wp-json\/wp\/v2\/media\/69196"}],"wp:attachment":[{"href":"https:\/\/www.malinashop.lt\/en\/wp-json\/wp\/v2\/media?parent=69194"}],"wp:term":[{"taxonomy":"product_brand","embeddable":true,"href":"https:\/\/www.malinashop.lt\/en\/wp-json\/wp\/v2\/product_brand?post=69194"},{"taxonomy":"product_cat","embeddable":true,"href":"https:\/\/www.malinashop.lt\/en\/wp-json\/wp\/v2\/product_cat?post=69194"},{"taxonomy":"product_tag","embeddable":true,"href":"https:\/\/www.malinashop.lt\/en\/wp-json\/wp\/v2\/product_tag?post=69194"}],"curies":[{"name":"wp","href":"https:\/\/api.w.org\/{rel}","templated":true}]}}