{"id":69175,"date":"2025-12-06T14:12:28","date_gmt":"2025-12-06T11:12:28","guid":{"rendered":"https:\/\/malinashop.lt\/?post_type=product&#038;p=69175"},"modified":"2026-04-07T22:18:47","modified_gmt":"2026-04-07T19:18:47","slug":"skinlovers-4e-intensyvus-atstatomasis-kremas-paakiu-zonai-anti-puff-wrinkle-eye-cream-15-ml","status":"publish","type":"product","link":"https:\/\/www.malinashop.lt\/en\/shop\/skinlovers-4e-intensyvus-atstatomasis-kremas-paakiu-zonai-anti-puff-wrinkle-eye-cream-15-ml\/","title":{"rendered":"SKINLOVERS #4\u2019E intensyvus atstatomasis kremas paaki\u0173 zonai ANTI-PUFF &#038; WRINKLE EYE CREAM, 15 ml"},"content":{"rendered":"<p data-start=\"314\" data-end=\"640\">SKINLOVERS #4\u2019E intensyvus atstatomasis kremas paaki\u0173 zonai sukurtas taip, kad veiksmingai r\u016bpint\u0173si plonesne, jautresne oda aplink akis. \u0160i sritis da\u017enai pirmoji parodo nuovarg\u012f, dr\u0117gm\u0117s stok\u0105 ir sen\u0117jimo po\u017eymius, tod\u0117l kremo formul\u0117 orientuota \u012f gil\u0173 dr\u0117kinim\u0105, odos atstatym\u0105 ir rauk\u0161leli\u0173 ma\u017einim\u0105.<\/p>\n<p data-start=\"642\" data-end=\"975\">Kremas <strong data-start=\"649\" data-end=\"694\">pastebimai ma\u017eina rauk\u0161leles ir patinimus<\/strong> \u2013 paaki\u0173 zona atrodo lygesn\u0117, akys vizualiai \u201eatsiveria\u201c ir atrodo \u017evalesn\u0117s. Sud\u0117tyje esantys <strong data-start=\"790\" data-end=\"803\">proteinai<\/strong> padeda odai atsistatyti, stiprina jos strukt\u016br\u0105 ir palaiko stangrum\u0105. Kremas intensyviai dr\u0117kina, tod\u0117l suma\u017e\u0117ja tempimo jausmas, odos \u0161iurk\u0161tumas ir smulkus \u0161erpetojimas.<\/p>\n<p data-start=\"977\" data-end=\"1066\">Tyrimais \u012frodyta, kad formulei svarbus ingredientas <strong data-start=\"1029\" data-end=\"1046\">antrakticinas<\/strong> ilgainiui padeda:<\/p>\n<ul data-start=\"1067\" data-end=\"1172\">\n<li data-start=\"1067\" data-end=\"1093\">\n<p data-start=\"1069\" data-end=\"1093\">lyginti odos pavir\u0161i\u0173,<\/p>\n<\/li>\n<li data-start=\"1094\" data-end=\"1124\">\n<p data-start=\"1096\" data-end=\"1124\"><strong data-start=\"1096\" data-end=\"1121\">ma\u017einti rauk\u0161li\u0173 gyl\u012f<\/strong>,<\/p>\n<\/li>\n<li data-start=\"1125\" data-end=\"1172\">\n<p data-start=\"1127\" data-end=\"1172\">suteikti paaki\u0173 zonai glotnumo ir \u0161velnumo.<\/p>\n<\/li>\n<\/ul>\n<p data-start=\"1174\" data-end=\"1325\">Jau po pirm\u0173j\u0173 naudojim\u0173 paaki\u0173 sritis atrodo gaivesn\u0117, lygesn\u0117, o reguliariai naudojant krem\u0105, paaki\u0173 oda \u012fgauna daugiau elastingumo ir jaunatvi\u0161kumo.<\/p>\n<p data-start=\"1327\" data-end=\"1630\">\u0160i priemon\u0117 tinka <strong data-start=\"1345\" data-end=\"1387\">visiems odos tipams ir visais sezonais<\/strong>, taip pat ir <strong data-start=\"1401\" data-end=\"1426\">labai jautrioms akims<\/strong>. Lengva, bet maitinanti tekst\u016bra greitai susigeria, nepalieka lipnumo ar sunkaus sluoksnio, tod\u0117l krem\u0105 galima dr\u0105siai naudoti <strong data-start=\"1554\" data-end=\"1571\">prie\u0161 makia\u017e\u0105<\/strong> \u2013 jis neapsunkina korektoriaus ir neakcentuoja rauk\u0161leli\u0173.<\/p>\n<p data-start=\"1632\" data-end=\"1658\"><strong data-start=\"1632\" data-end=\"1656\">Paaki\u0173 kremo savyb\u0117s<\/strong><\/p>\n<ul data-start=\"1659\" data-end=\"1963\">\n<li data-start=\"1659\" data-end=\"1707\">\n<p data-start=\"1661\" data-end=\"1707\">Ma\u017eina rauk\u0161leles ir patinimus paaki\u0173 zonoje<\/p>\n<\/li>\n<li data-start=\"1708\" data-end=\"1745\">\n<p data-start=\"1710\" data-end=\"1745\">Ramina sudirgusi\u0105, pavargusi\u0105 od\u0105<\/p>\n<\/li>\n<li data-start=\"1746\" data-end=\"1809\">\n<p data-start=\"1748\" data-end=\"1809\">Aki\u0173 zona tampa lygesn\u0117, akys atrodo jaunesn\u0117s ir \u017evalesn\u0117s<\/p>\n<\/li>\n<li data-start=\"1810\" data-end=\"1848\">\n<p data-start=\"1812\" data-end=\"1848\">Suteikia odai glotnumo ir \u0161velnumo<\/p>\n<\/li>\n<li data-start=\"1849\" data-end=\"1909\">\n<p data-start=\"1851\" data-end=\"1909\">Dr\u0117kina ir apr\u016bpina od\u0105 proteinais, svarbiais atstatymui<\/p>\n<\/li>\n<li data-start=\"1910\" data-end=\"1963\">\n<p data-start=\"1912\" data-end=\"1963\">Tinka jautrioms akims ir naudojimui prie\u0161 makia\u017e\u0105<\/p>\n<\/li>\n<\/ul>\n<p data-start=\"1965\" data-end=\"2240\"><strong data-start=\"1965\" data-end=\"1979\">Naudojimas<\/strong><br data-start=\"1979\" data-end=\"1982\" \/>Nedidel\u012f kiek\u012f kremo u\u017etepkite ant \u0161varios paaki\u0173 srities ryte ir \/ arba vakare.<br data-start=\"2062\" data-end=\"2065\" \/>\u0160velniai \u012ftap\u0161nokite pir\u0161t\u0173 galiukais, kol visi\u0161kai susigers \u2013 netrinkite ir netempkite odos.<br data-start=\"2158\" data-end=\"2161\" \/>Tinka naudoti kasdien, ilgalaik\u0117je prie\u017ei\u016bros rutinoje, taip pat prie\u0161 makia\u017e\u0105.<\/p>\n","protected":false},"excerpt":{"rendered":"<p>SKINLOVERS #4\u2019E \u2013 intensyvus paaki\u0173 kremas, ma\u017einantis rauk\u0161leles ir patinimus, dr\u0117kinantis bei atstatantis paaki\u0173 zonos od\u0105. Tinka net labai jautrioms akims ir naudojimui prie\u0161 makia\u017e\u0105.<\/p>\n","protected":false},"featured_media":69177,"template":"","meta":[],"product_brand":[1528],"product_cat":[187,728],"product_tag":[1622],"class_list":{"0":"post-69175","1":"product","2":"type-product","3":"status-publish","4":"has-post-thumbnail","6":"product_brand-skinlovers","7":"product_cat-veido-kremai","8":"product_cat-veidui","9":"product_tag-skinlovers","11":"first","12":"instock","13":"purchasable","14":"product-type-simple"},"yoast_head":"<!-- This site is optimized with the Yoast SEO plugin v27.4 - https:\/\/yoast.com\/product\/yoast-seo-wordpress\/ -->\n<title>SKINLOVERS #4\u2019E intensyvus atstatomasis kremas paaki\u0173 zonai ANTI-PUFF &amp; WRINKLE EYE CREAM, 15 ml - MalinaShop.lt J\u016bs\u0173 sveikatai ir gro\u017eiui.<\/title>\n<meta name=\"description\" content=\"SKINLOVERS #4\u2019E paaki\u0173 kremas \u2013 intensyvus atstatomasis kremas, ma\u017einantis rauk\u0161leles ir patinimus, dr\u0117kinantis, \u0161velninantis ir tinka net labai jautrioms akims.\" \/>\n<meta name=\"robots\" content=\"index, follow, max-snippet:-1, max-image-preview:large, max-video-preview:-1\" \/>\n<link rel=\"canonical\" href=\"https:\/\/www.malinashop.lt\/en\/shop\/skinlovers-4e-intensyvus-atstatomasis-kremas-paakiu-zonai-anti-puff-wrinkle-eye-cream-15-ml\/\" \/>\n<meta property=\"og:locale\" content=\"en_GB\" \/>\n<meta property=\"og:type\" content=\"article\" \/>\n<meta property=\"og:title\" content=\"SKINLOVERS #4\u2019E intensyvus atstatomasis kremas paaki\u0173 zonai ANTI-PUFF &amp; WRINKLE EYE CREAM, 15 ml - MalinaShop.lt J\u016bs\u0173 sveikatai ir gro\u017eiui.\" \/>\n<meta property=\"og:description\" content=\"SKINLOVERS #4\u2019E paaki\u0173 kremas \u2013 intensyvus atstatomasis kremas, ma\u017einantis rauk\u0161leles ir patinimus, dr\u0117kinantis, \u0161velninantis ir tinka net labai jautrioms akims.\" \/>\n<meta property=\"og:url\" content=\"https:\/\/www.malinashop.lt\/en\/shop\/skinlovers-4e-intensyvus-atstatomasis-kremas-paakiu-zonai-anti-puff-wrinkle-eye-cream-15-ml\/\" \/>\n<meta property=\"og:site_name\" content=\"MalinaShop.lt J\u016bs\u0173 sveikatai ir gro\u017eiui.\" \/>\n<meta property=\"article:modified_time\" content=\"2026-04-07T19:18:47+00:00\" \/>\n<meta property=\"og:image\" content=\"https:\/\/www.malinashop.lt\/wp-content\/uploads\/2025\/11\/4779054250377.jpg\" \/>\n\t<meta property=\"og:image:width\" content=\"1000\" \/>\n\t<meta property=\"og:image:height\" content=\"1000\" \/>\n\t<meta property=\"og:image:type\" content=\"image\/jpeg\" \/>\n<meta name=\"twitter:card\" content=\"summary_large_image\" \/>\n<script type=\"application\/ld+json\" class=\"yoast-schema-graph\">{\"@context\":\"https:\\\/\\\/schema.org\",\"@graph\":[{\"@type\":\"WebPage\",\"@id\":\"https:\\\/\\\/www.malinashop.lt\\\/lt_lt\\\/shop\\\/skinlovers-4e-intensyvus-atstatomasis-kremas-paakiu-zonai-anti-puff-wrinkle-eye-cream-15-ml\\\/\",\"url\":\"https:\\\/\\\/www.malinashop.lt\\\/lt_lt\\\/shop\\\/skinlovers-4e-intensyvus-atstatomasis-kremas-paakiu-zonai-anti-puff-wrinkle-eye-cream-15-ml\\\/\",\"name\":\"SKINLOVERS #4\u2019E intensyvus atstatomasis kremas paaki\u0173 zonai ANTI-PUFF & WRINKLE EYE CREAM, 15 ml - MalinaShop.lt J\u016bs\u0173 sveikatai ir gro\u017eiui.\",\"isPartOf\":{\"@id\":\"https:\\\/\\\/www.malinashop.lt\\\/#website\"},\"primaryImageOfPage\":{\"@id\":\"https:\\\/\\\/www.malinashop.lt\\\/lt_lt\\\/shop\\\/skinlovers-4e-intensyvus-atstatomasis-kremas-paakiu-zonai-anti-puff-wrinkle-eye-cream-15-ml\\\/#primaryimage\"},\"image\":{\"@id\":\"https:\\\/\\\/www.malinashop.lt\\\/lt_lt\\\/shop\\\/skinlovers-4e-intensyvus-atstatomasis-kremas-paakiu-zonai-anti-puff-wrinkle-eye-cream-15-ml\\\/#primaryimage\"},\"thumbnailUrl\":\"https:\\\/\\\/www.malinashop.lt\\\/wp-content\\\/uploads\\\/2025\\\/11\\\/4779054250377.jpg\",\"datePublished\":\"2025-12-06T11:12:28+00:00\",\"dateModified\":\"2026-04-07T19:18:47+00:00\",\"description\":\"SKINLOVERS #4\u2019E paaki\u0173 kremas \u2013 intensyvus atstatomasis kremas, ma\u017einantis rauk\u0161leles ir patinimus, dr\u0117kinantis, \u0161velninantis ir tinka net labai jautrioms akims.\",\"breadcrumb\":{\"@id\":\"https:\\\/\\\/www.malinashop.lt\\\/lt_lt\\\/shop\\\/skinlovers-4e-intensyvus-atstatomasis-kremas-paakiu-zonai-anti-puff-wrinkle-eye-cream-15-ml\\\/#breadcrumb\"},\"inLanguage\":\"en-GB\",\"potentialAction\":[{\"@type\":\"ReadAction\",\"target\":[\"https:\\\/\\\/www.malinashop.lt\\\/lt_lt\\\/shop\\\/skinlovers-4e-intensyvus-atstatomasis-kremas-paakiu-zonai-anti-puff-wrinkle-eye-cream-15-ml\\\/\"]}]},{\"@type\":\"ImageObject\",\"inLanguage\":\"en-GB\",\"@id\":\"https:\\\/\\\/www.malinashop.lt\\\/lt_lt\\\/shop\\\/skinlovers-4e-intensyvus-atstatomasis-kremas-paakiu-zonai-anti-puff-wrinkle-eye-cream-15-ml\\\/#primaryimage\",\"url\":\"https:\\\/\\\/www.malinashop.lt\\\/wp-content\\\/uploads\\\/2025\\\/11\\\/4779054250377.jpg\",\"contentUrl\":\"https:\\\/\\\/www.malinashop.lt\\\/wp-content\\\/uploads\\\/2025\\\/11\\\/4779054250377.jpg\",\"width\":1000,\"height\":1000},{\"@type\":\"BreadcrumbList\",\"@id\":\"https:\\\/\\\/www.malinashop.lt\\\/lt_lt\\\/shop\\\/skinlovers-4e-intensyvus-atstatomasis-kremas-paakiu-zonai-anti-puff-wrinkle-eye-cream-15-ml\\\/#breadcrumb\",\"itemListElement\":[{\"@type\":\"ListItem\",\"position\":1,\"name\":\"Pagrindinis\",\"item\":\"https:\\\/\\\/www.malinashop.lt\\\/\"},{\"@type\":\"ListItem\",\"position\":2,\"name\":\"Parduotuv\u0117\",\"item\":\"https:\\\/\\\/www.malinashop.lt\\\/en\\\/parduotuve\\\/\"},{\"@type\":\"ListItem\",\"position\":3,\"name\":\"SKINLOVERS #4\u2019E intensyvus atstatomasis kremas paaki\u0173 zonai ANTI-PUFF &#038; WRINKLE EYE CREAM, 15 ml\"}]},{\"@type\":\"WebSite\",\"@id\":\"https:\\\/\\\/www.malinashop.lt\\\/#website\",\"url\":\"https:\\\/\\\/www.malinashop.lt\\\/\",\"name\":\"COM Group Ecommerce\",\"description\":\"MalinaShop.lt - Gro\u017eio ir sveikatos produktai i\u0161 patikim\u0173 preki\u0173 \u017eenkl\u0173. Atraskite auk\u0161tos kokyb\u0117s kosmetik\u0105 u\u017e puiki\u0105 kain\u0105.\",\"publisher\":{\"@id\":\"https:\\\/\\\/www.malinashop.lt\\\/#organization\"},\"potentialAction\":[{\"@type\":\"SearchAction\",\"target\":{\"@type\":\"EntryPoint\",\"urlTemplate\":\"https:\\\/\\\/www.malinashop.lt\\\/?s={search_term_string}\"},\"query-input\":{\"@type\":\"PropertyValueSpecification\",\"valueRequired\":true,\"valueName\":\"search_term_string\"}}],\"inLanguage\":\"en-GB\"},{\"@type\":\"Organization\",\"@id\":\"https:\\\/\\\/www.malinashop.lt\\\/#organization\",\"name\":\"COM Group Ecommerce\",\"url\":\"https:\\\/\\\/www.malinashop.lt\\\/\",\"logo\":{\"@type\":\"ImageObject\",\"inLanguage\":\"en-GB\",\"@id\":\"https:\\\/\\\/www.malinashop.lt\\\/#\\\/schema\\\/logo\\\/image\\\/\",\"url\":\"https:\\\/\\\/www.malinashop.lt\\\/wp-content\\\/uploads\\\/2024\\\/08\\\/462559670_3787732518133670_9795632669273463_n-e1731525914575.png\",\"contentUrl\":\"https:\\\/\\\/www.malinashop.lt\\\/wp-content\\\/uploads\\\/2024\\\/08\\\/462559670_3787732518133670_9795632669273463_n-e1731525914575.png\",\"width\":180,\"height\":60,\"caption\":\"COM Group Ecommerce\"},\"image\":{\"@id\":\"https:\\\/\\\/www.malinashop.lt\\\/#\\\/schema\\\/logo\\\/image\\\/\"}}]}<\/script>\n<!-- \/ Yoast SEO plugin. -->","yoast_head_json":{"title":"SKINLOVERS #4\u2019E intensyvus atstatomasis kremas paaki\u0173 zonai ANTI-PUFF & WRINKLE EYE CREAM, 15 ml - MalinaShop.lt J\u016bs\u0173 sveikatai ir gro\u017eiui.","description":"SKINLOVERS #4\u2019E paaki\u0173 kremas \u2013 intensyvus atstatomasis kremas, ma\u017einantis rauk\u0161leles ir patinimus, dr\u0117kinantis, \u0161velninantis ir tinka net labai jautrioms akims.","robots":{"index":"index","follow":"follow","max-snippet":"max-snippet:-1","max-image-preview":"max-image-preview:large","max-video-preview":"max-video-preview:-1"},"canonical":"https:\/\/www.malinashop.lt\/en\/shop\/skinlovers-4e-intensyvus-atstatomasis-kremas-paakiu-zonai-anti-puff-wrinkle-eye-cream-15-ml\/","og_locale":"en_GB","og_type":"article","og_title":"SKINLOVERS #4\u2019E intensyvus atstatomasis kremas paaki\u0173 zonai ANTI-PUFF & WRINKLE EYE CREAM, 15 ml - MalinaShop.lt J\u016bs\u0173 sveikatai ir gro\u017eiui.","og_description":"SKINLOVERS #4\u2019E paaki\u0173 kremas \u2013 intensyvus atstatomasis kremas, ma\u017einantis rauk\u0161leles ir patinimus, dr\u0117kinantis, \u0161velninantis ir tinka net labai jautrioms akims.","og_url":"https:\/\/www.malinashop.lt\/en\/shop\/skinlovers-4e-intensyvus-atstatomasis-kremas-paakiu-zonai-anti-puff-wrinkle-eye-cream-15-ml\/","og_site_name":"MalinaShop.lt J\u016bs\u0173 sveikatai ir gro\u017eiui.","article_modified_time":"2026-04-07T19:18:47+00:00","og_image":[{"width":1000,"height":1000,"url":"https:\/\/www.malinashop.lt\/wp-content\/uploads\/2025\/11\/4779054250377.jpg","type":"image\/jpeg"}],"twitter_card":"summary_large_image","schema":{"@context":"https:\/\/schema.org","@graph":[{"@type":"WebPage","@id":"https:\/\/www.malinashop.lt\/lt_lt\/shop\/skinlovers-4e-intensyvus-atstatomasis-kremas-paakiu-zonai-anti-puff-wrinkle-eye-cream-15-ml\/","url":"https:\/\/www.malinashop.lt\/lt_lt\/shop\/skinlovers-4e-intensyvus-atstatomasis-kremas-paakiu-zonai-anti-puff-wrinkle-eye-cream-15-ml\/","name":"SKINLOVERS #4\u2019E intensyvus atstatomasis kremas paaki\u0173 zonai ANTI-PUFF & WRINKLE EYE CREAM, 15 ml - MalinaShop.lt J\u016bs\u0173 sveikatai ir gro\u017eiui.","isPartOf":{"@id":"https:\/\/www.malinashop.lt\/#website"},"primaryImageOfPage":{"@id":"https:\/\/www.malinashop.lt\/lt_lt\/shop\/skinlovers-4e-intensyvus-atstatomasis-kremas-paakiu-zonai-anti-puff-wrinkle-eye-cream-15-ml\/#primaryimage"},"image":{"@id":"https:\/\/www.malinashop.lt\/lt_lt\/shop\/skinlovers-4e-intensyvus-atstatomasis-kremas-paakiu-zonai-anti-puff-wrinkle-eye-cream-15-ml\/#primaryimage"},"thumbnailUrl":"https:\/\/www.malinashop.lt\/wp-content\/uploads\/2025\/11\/4779054250377.jpg","datePublished":"2025-12-06T11:12:28+00:00","dateModified":"2026-04-07T19:18:47+00:00","description":"SKINLOVERS #4\u2019E paaki\u0173 kremas \u2013 intensyvus atstatomasis kremas, ma\u017einantis rauk\u0161leles ir patinimus, dr\u0117kinantis, \u0161velninantis ir tinka net labai jautrioms akims.","breadcrumb":{"@id":"https:\/\/www.malinashop.lt\/lt_lt\/shop\/skinlovers-4e-intensyvus-atstatomasis-kremas-paakiu-zonai-anti-puff-wrinkle-eye-cream-15-ml\/#breadcrumb"},"inLanguage":"en-GB","potentialAction":[{"@type":"ReadAction","target":["https:\/\/www.malinashop.lt\/lt_lt\/shop\/skinlovers-4e-intensyvus-atstatomasis-kremas-paakiu-zonai-anti-puff-wrinkle-eye-cream-15-ml\/"]}]},{"@type":"ImageObject","inLanguage":"en-GB","@id":"https:\/\/www.malinashop.lt\/lt_lt\/shop\/skinlovers-4e-intensyvus-atstatomasis-kremas-paakiu-zonai-anti-puff-wrinkle-eye-cream-15-ml\/#primaryimage","url":"https:\/\/www.malinashop.lt\/wp-content\/uploads\/2025\/11\/4779054250377.jpg","contentUrl":"https:\/\/www.malinashop.lt\/wp-content\/uploads\/2025\/11\/4779054250377.jpg","width":1000,"height":1000},{"@type":"BreadcrumbList","@id":"https:\/\/www.malinashop.lt\/lt_lt\/shop\/skinlovers-4e-intensyvus-atstatomasis-kremas-paakiu-zonai-anti-puff-wrinkle-eye-cream-15-ml\/#breadcrumb","itemListElement":[{"@type":"ListItem","position":1,"name":"Pagrindinis","item":"https:\/\/www.malinashop.lt\/"},{"@type":"ListItem","position":2,"name":"Parduotuv\u0117","item":"https:\/\/www.malinashop.lt\/en\/parduotuve\/"},{"@type":"ListItem","position":3,"name":"SKINLOVERS #4\u2019E intensyvus atstatomasis kremas paaki\u0173 zonai ANTI-PUFF &#038; WRINKLE EYE CREAM, 15 ml"}]},{"@type":"WebSite","@id":"https:\/\/www.malinashop.lt\/#website","url":"https:\/\/www.malinashop.lt\/","name":"COM Group Ecommerce","description":"MalinaShop.lt - Gro\u017eio ir sveikatos produktai i\u0161 patikim\u0173 preki\u0173 \u017eenkl\u0173. Atraskite auk\u0161tos kokyb\u0117s kosmetik\u0105 u\u017e puiki\u0105 kain\u0105.","publisher":{"@id":"https:\/\/www.malinashop.lt\/#organization"},"potentialAction":[{"@type":"SearchAction","target":{"@type":"EntryPoint","urlTemplate":"https:\/\/www.malinashop.lt\/?s={search_term_string}"},"query-input":{"@type":"PropertyValueSpecification","valueRequired":true,"valueName":"search_term_string"}}],"inLanguage":"en-GB"},{"@type":"Organization","@id":"https:\/\/www.malinashop.lt\/#organization","name":"COM Group Ecommerce","url":"https:\/\/www.malinashop.lt\/","logo":{"@type":"ImageObject","inLanguage":"en-GB","@id":"https:\/\/www.malinashop.lt\/#\/schema\/logo\/image\/","url":"https:\/\/www.malinashop.lt\/wp-content\/uploads\/2024\/08\/462559670_3787732518133670_9795632669273463_n-e1731525914575.png","contentUrl":"https:\/\/www.malinashop.lt\/wp-content\/uploads\/2024\/08\/462559670_3787732518133670_9795632669273463_n-e1731525914575.png","width":180,"height":60,"caption":"COM Group Ecommerce"},"image":{"@id":"https:\/\/www.malinashop.lt\/#\/schema\/logo\/image\/"}}]}},"jetpack_sharing_enabled":true,"_links":{"self":[{"href":"https:\/\/www.malinashop.lt\/en\/wp-json\/wp\/v2\/product\/69175","targetHints":{"allow":["GET"]}}],"collection":[{"href":"https:\/\/www.malinashop.lt\/en\/wp-json\/wp\/v2\/product"}],"about":[{"href":"https:\/\/www.malinashop.lt\/en\/wp-json\/wp\/v2\/types\/product"}],"version-history":[{"count":2,"href":"https:\/\/www.malinashop.lt\/en\/wp-json\/wp\/v2\/product\/69175\/revisions"}],"predecessor-version":[{"id":71915,"href":"https:\/\/www.malinashop.lt\/en\/wp-json\/wp\/v2\/product\/69175\/revisions\/71915"}],"wp:featuredmedia":[{"embeddable":true,"href":"https:\/\/www.malinashop.lt\/en\/wp-json\/wp\/v2\/media\/69177"}],"wp:attachment":[{"href":"https:\/\/www.malinashop.lt\/en\/wp-json\/wp\/v2\/media?parent=69175"}],"wp:term":[{"taxonomy":"product_brand","embeddable":true,"href":"https:\/\/www.malinashop.lt\/en\/wp-json\/wp\/v2\/product_brand?post=69175"},{"taxonomy":"product_cat","embeddable":true,"href":"https:\/\/www.malinashop.lt\/en\/wp-json\/wp\/v2\/product_cat?post=69175"},{"taxonomy":"product_tag","embeddable":true,"href":"https:\/\/www.malinashop.lt\/en\/wp-json\/wp\/v2\/product_tag?post=69175"}],"curies":[{"name":"wp","href":"https:\/\/api.w.org\/{rel}","templated":true}]}}