{"id":69169,"date":"2025-12-06T14:09:28","date_gmt":"2025-12-06T11:09:28","guid":{"rendered":"https:\/\/malinashop.lt\/?post_type=product&#038;p=69169"},"modified":"2026-04-07T22:18:48","modified_gmt":"2026-04-07T19:18:48","slug":"skinlovers-jauninantis-kremas-4a-su-peptidais-anti-aging-cream-with-peptides-30-ml","status":"publish","type":"product","link":"https:\/\/www.malinashop.lt\/en\/shop\/skinlovers-jauninantis-kremas-4a-su-peptidais-anti-aging-cream-with-peptides-30-ml\/","title":{"rendered":"SKINLOVERS jauninantis kremas #4\u2019A su peptidais ANTI-AGING CREAM WITH PEPTIDES, 30 ml"},"content":{"rendered":"<p data-start=\"291\" data-end=\"626\">SKINLOVERS #4\u2019A jauninantis kremas su peptidais \u2013 tai dienin\u0117 prie\u0161rauk\u0161lin\u0117 veido prie\u017ei\u016bros priemon\u0117, sukurta vis\u0173 tip\u0173 odai ir tinkama naudoti visais met\u0173 laikais. Unikali kremo formul\u0117 padeda kovoti su mimikos rauk\u0161lel\u0117mis, odos elastingumo suma\u017e\u0117jimu ir dr\u0117gm\u0117s stoka, kartu palaikydama sveik\u0105 odos barjer\u0105.<\/p>\n<p data-start=\"628\" data-end=\"730\">Pagrindinis veiklusis ingredientas \u2013 <strong data-start=\"665\" data-end=\"688\">peptidas ARGIRELINE<\/strong>, kuris taikosi \u012f mimikos rauk\u0161leles ir:<\/p>\n<ul data-start=\"731\" data-end=\"879\">\n<li data-start=\"731\" data-end=\"771\">\n<p data-start=\"733\" data-end=\"771\">vizualiai <strong data-start=\"743\" data-end=\"768\">ma\u017eina esamas linijas<\/strong>,<\/p>\n<\/li>\n<li data-start=\"772\" data-end=\"822\">\n<p data-start=\"774\" data-end=\"822\">padeda <strong data-start=\"781\" data-end=\"819\">l\u0117tinti nauj\u0173 rauk\u0161li\u0173 formavim\u0105si<\/strong>,<\/p>\n<\/li>\n<li data-start=\"823\" data-end=\"879\">\n<p data-start=\"825\" data-end=\"879\">suteikia odai lygesn\u0117s, tolygesn\u0117s tekst\u016bros \u012fsp\u016bd\u012f.<\/p>\n<\/li>\n<\/ul>\n<p data-start=\"881\" data-end=\"1014\">Kremas papildytas <strong data-start=\"899\" data-end=\"935\">prabangiais augaliniais aliejais<\/strong>, kuri\u0173 sud\u0117tyje yra <strong data-start=\"956\" data-end=\"983\">vitamino E ir omega 3\/6<\/strong> riebal\u0173 r\u016bg\u0161\u010di\u0173. Jie padeda:<\/p>\n<ul data-start=\"1015\" data-end=\"1210\">\n<li data-start=\"1015\" data-end=\"1068\">\n<p data-start=\"1017\" data-end=\"1068\"><strong data-start=\"1017\" data-end=\"1059\">subalansuoti lipid\u0173 ir dr\u0117gm\u0117s santyk\u012f<\/strong> odoje,<\/p>\n<\/li>\n<li data-start=\"1069\" data-end=\"1100\">\n<p data-start=\"1071\" data-end=\"1100\">maitinti ir mink\u0161tinti od\u0105,<\/p>\n<\/li>\n<li data-start=\"1101\" data-end=\"1155\">\n<p data-start=\"1103\" data-end=\"1155\">atkurti ir sustiprinti <strong data-start=\"1126\" data-end=\"1152\">apsaugin\u012f odos barjer\u0105<\/strong>,<\/p>\n<\/li>\n<li data-start=\"1156\" data-end=\"1210\">\n<p data-start=\"1158\" data-end=\"1210\">ma\u017einti \u0161erpetojim\u0105, i\u0161saus\u0117jimus ir tempimo jausm\u0105.<\/p>\n<\/li>\n<\/ul>\n<p data-start=\"1212\" data-end=\"1463\">Lengva, ta\u010diau maitinanti tekst\u016bra greitai susigeria, <strong data-start=\"1266\" data-end=\"1307\">nepalieka sunkumo ar riebios pl\u0117vel\u0117s<\/strong>, tod\u0117l kremas puikiai tinka naudoti po makia\u017eu ir kasdienei rytinei rutinai. Jau po pirmo panaudojimo oda atrodo lygesn\u0117, \u0161velnesn\u0117 ir vizualiai tolygesn\u0117.<\/p>\n<p data-start=\"1465\" data-end=\"1477\"><strong data-start=\"1465\" data-end=\"1474\">Tinka<\/strong>:<\/p>\n<ul data-start=\"1478\" data-end=\"1654\">\n<li data-start=\"1478\" data-end=\"1528\">\n<p data-start=\"1480\" data-end=\"1528\">vis\u0173 tip\u0173 odai (normali, sausa, mi\u0161ri, riebi),<\/p>\n<\/li>\n<li data-start=\"1529\" data-end=\"1602\">\n<p data-start=\"1531\" data-end=\"1602\">odai su pirmosiomis mimicini\u0173 rauk\u0161li\u0173 linijomis bei brandesnei odai,<\/p>\n<\/li>\n<li data-start=\"1603\" data-end=\"1654\">\n<p data-start=\"1605\" data-end=\"1654\">naudoti visus metus, kaip kasdien\u012f dienin\u012f krem\u0105.<\/p>\n<\/li>\n<\/ul>\n<p data-start=\"1656\" data-end=\"1678\"><strong data-start=\"1656\" data-end=\"1676\">Produkto savyb\u0117s<\/strong><\/p>\n<ul data-start=\"1679\" data-end=\"1971\">\n<li data-start=\"1679\" data-end=\"1734\">\n<p data-start=\"1681\" data-end=\"1734\">Ma\u017eina mimikos rauk\u0161leles ir suteikia odai tolygumo<\/p>\n<\/li>\n<li data-start=\"1735\" data-end=\"1788\">\n<p data-start=\"1737\" data-end=\"1788\">Padeda u\u017ekirsti keli\u0105 nauj\u0173 rauk\u0161li\u0173 formavimuisi<\/p>\n<\/li>\n<li data-start=\"1789\" data-end=\"1827\">\n<p data-start=\"1791\" data-end=\"1827\">Suteikia odai glotnumo ir \u0161velnumo<\/p>\n<\/li>\n<li data-start=\"1828\" data-end=\"1873\">\n<p data-start=\"1830\" data-end=\"1873\">Maitina ir atstato apsaugin\u012f odos barjer\u0105<\/p>\n<\/li>\n<li data-start=\"1874\" data-end=\"1917\">\n<p data-start=\"1876\" data-end=\"1917\">Dr\u0117kina giliau esan\u010dius odos sluoksnius<\/p>\n<\/li>\n<li data-start=\"1918\" data-end=\"1971\">\n<p data-start=\"1920\" data-end=\"1971\">Ma\u017eina \u0161erpetojim\u0105, i\u0161saus\u0117jim\u0105 ir tempimo poj\u016bt\u012f<\/p>\n<\/li>\n<\/ul>\n<p data-start=\"1973\" data-end=\"2220\"><strong data-start=\"1973\" data-end=\"1987\">Naudojimas<\/strong><br data-start=\"1987\" data-end=\"1990\" \/>Tepkite ant \u0161varios veido ir kaklo odos ryte. \u0160velniai \u012fmasa\u017euokite, kol visi\u0161kai susigers.<br data-start=\"2081\" data-end=\"2084\" \/>Galima naudoti vien\u0105 arba po serumo (pvz., dr\u0117kinamojo ar anti-age). Dienos metu rekomenduojama papildomai naudoti krem\u0105 su SPF apsauga.<\/p>\n","protected":false},"excerpt":{"rendered":"<p>SKINLOVERS #4\u2019A \u2013 dieninis jauninantis kremas su peptidu ARGIRELINE, vitaminu E ir omega 3\/6. Ma\u017eina mimikos rauk\u0161leles, dr\u0117kina, glotnina ir stiprina odos apsaugin\u012f barjer\u0105.<\/p>\n","protected":false},"featured_media":69171,"template":"","meta":[],"product_brand":[1528],"product_cat":[187,728],"product_tag":[1622],"class_list":{"0":"post-69169","1":"product","2":"type-product","3":"status-publish","4":"has-post-thumbnail","6":"product_brand-skinlovers","7":"product_cat-veido-kremai","8":"product_cat-veidui","9":"product_tag-skinlovers","11":"first","12":"instock","13":"purchasable","14":"product-type-simple"},"yoast_head":"<!-- This site is optimized with the Yoast SEO plugin v27.4 - https:\/\/yoast.com\/product\/yoast-seo-wordpress\/ -->\n<title>SKINLOVERS jauninantis kremas #4\u2019A su peptidais ANTI-AGING CREAM WITH PEPTIDES, 30 ml - MalinaShop.lt J\u016bs\u0173 sveikatai ir gro\u017eiui.<\/title>\n<meta name=\"description\" content=\"SKINLOVERS #4\u2019A jauninantis kremas su peptidu ARGIRELINE, vitaminu E ir omega 3\/6 \u2013 ma\u017eina mimikos rauk\u0161leles, dr\u0117kina, glotnina ir stiprina odos barjer\u0105.\" \/>\n<meta name=\"robots\" content=\"index, follow, max-snippet:-1, max-image-preview:large, max-video-preview:-1\" \/>\n<link rel=\"canonical\" href=\"https:\/\/www.malinashop.lt\/en\/shop\/skinlovers-jauninantis-kremas-4a-su-peptidais-anti-aging-cream-with-peptides-30-ml\/\" \/>\n<meta property=\"og:locale\" content=\"en_GB\" \/>\n<meta property=\"og:type\" content=\"article\" \/>\n<meta property=\"og:title\" content=\"SKINLOVERS jauninantis kremas #4\u2019A su peptidais ANTI-AGING CREAM WITH PEPTIDES, 30 ml - MalinaShop.lt J\u016bs\u0173 sveikatai ir gro\u017eiui.\" \/>\n<meta property=\"og:description\" content=\"SKINLOVERS #4\u2019A jauninantis kremas su peptidu ARGIRELINE, vitaminu E ir omega 3\/6 \u2013 ma\u017eina mimikos rauk\u0161leles, dr\u0117kina, glotnina ir stiprina odos barjer\u0105.\" \/>\n<meta property=\"og:url\" content=\"https:\/\/www.malinashop.lt\/en\/shop\/skinlovers-jauninantis-kremas-4a-su-peptidais-anti-aging-cream-with-peptides-30-ml\/\" \/>\n<meta property=\"og:site_name\" content=\"MalinaShop.lt J\u016bs\u0173 sveikatai ir gro\u017eiui.\" \/>\n<meta property=\"article:modified_time\" content=\"2026-04-07T19:18:48+00:00\" \/>\n<meta property=\"og:image\" content=\"https:\/\/www.malinashop.lt\/wp-content\/uploads\/2025\/11\/4779054250384.jpg\" \/>\n\t<meta property=\"og:image:width\" content=\"1000\" \/>\n\t<meta property=\"og:image:height\" content=\"1000\" \/>\n\t<meta property=\"og:image:type\" content=\"image\/jpeg\" \/>\n<meta name=\"twitter:card\" content=\"summary_large_image\" \/>\n<script type=\"application\/ld+json\" class=\"yoast-schema-graph\">{\"@context\":\"https:\\\/\\\/schema.org\",\"@graph\":[{\"@type\":\"WebPage\",\"@id\":\"https:\\\/\\\/www.malinashop.lt\\\/en\\\/shop\\\/skinlovers-jauninantis-kremas-4a-su-peptidais-anti-aging-cream-with-peptides-30-ml\\\/\",\"url\":\"https:\\\/\\\/www.malinashop.lt\\\/en\\\/shop\\\/skinlovers-jauninantis-kremas-4a-su-peptidais-anti-aging-cream-with-peptides-30-ml\\\/\",\"name\":\"SKINLOVERS jauninantis kremas #4\u2019A su peptidais ANTI-AGING CREAM WITH PEPTIDES, 30 ml - MalinaShop.lt J\u016bs\u0173 sveikatai ir gro\u017eiui.\",\"isPartOf\":{\"@id\":\"https:\\\/\\\/www.malinashop.lt\\\/#website\"},\"primaryImageOfPage\":{\"@id\":\"https:\\\/\\\/www.malinashop.lt\\\/en\\\/shop\\\/skinlovers-jauninantis-kremas-4a-su-peptidais-anti-aging-cream-with-peptides-30-ml\\\/#primaryimage\"},\"image\":{\"@id\":\"https:\\\/\\\/www.malinashop.lt\\\/en\\\/shop\\\/skinlovers-jauninantis-kremas-4a-su-peptidais-anti-aging-cream-with-peptides-30-ml\\\/#primaryimage\"},\"thumbnailUrl\":\"https:\\\/\\\/www.malinashop.lt\\\/wp-content\\\/uploads\\\/2025\\\/11\\\/4779054250384.jpg\",\"datePublished\":\"2025-12-06T11:09:28+00:00\",\"dateModified\":\"2026-04-07T19:18:48+00:00\",\"description\":\"SKINLOVERS #4\u2019A jauninantis kremas su peptidu ARGIRELINE, vitaminu E ir omega 3\\\/6 \u2013 ma\u017eina mimikos rauk\u0161leles, dr\u0117kina, glotnina ir stiprina odos barjer\u0105.\",\"breadcrumb\":{\"@id\":\"https:\\\/\\\/www.malinashop.lt\\\/en\\\/shop\\\/skinlovers-jauninantis-kremas-4a-su-peptidais-anti-aging-cream-with-peptides-30-ml\\\/#breadcrumb\"},\"inLanguage\":\"en-GB\",\"potentialAction\":[{\"@type\":\"ReadAction\",\"target\":[\"https:\\\/\\\/www.malinashop.lt\\\/en\\\/shop\\\/skinlovers-jauninantis-kremas-4a-su-peptidais-anti-aging-cream-with-peptides-30-ml\\\/\"]}]},{\"@type\":\"ImageObject\",\"inLanguage\":\"en-GB\",\"@id\":\"https:\\\/\\\/www.malinashop.lt\\\/en\\\/shop\\\/skinlovers-jauninantis-kremas-4a-su-peptidais-anti-aging-cream-with-peptides-30-ml\\\/#primaryimage\",\"url\":\"https:\\\/\\\/www.malinashop.lt\\\/wp-content\\\/uploads\\\/2025\\\/11\\\/4779054250384.jpg\",\"contentUrl\":\"https:\\\/\\\/www.malinashop.lt\\\/wp-content\\\/uploads\\\/2025\\\/11\\\/4779054250384.jpg\",\"width\":1000,\"height\":1000},{\"@type\":\"BreadcrumbList\",\"@id\":\"https:\\\/\\\/www.malinashop.lt\\\/en\\\/shop\\\/skinlovers-jauninantis-kremas-4a-su-peptidais-anti-aging-cream-with-peptides-30-ml\\\/#breadcrumb\",\"itemListElement\":[{\"@type\":\"ListItem\",\"position\":1,\"name\":\"Pagrindinis\",\"item\":\"https:\\\/\\\/www.malinashop.lt\\\/\"},{\"@type\":\"ListItem\",\"position\":2,\"name\":\"Parduotuv\u0117\",\"item\":\"https:\\\/\\\/www.malinashop.lt\\\/en\\\/parduotuve\\\/\"},{\"@type\":\"ListItem\",\"position\":3,\"name\":\"SKINLOVERS jauninantis kremas #4\u2019A su peptidais ANTI-AGING CREAM WITH PEPTIDES, 30 ml\"}]},{\"@type\":\"WebSite\",\"@id\":\"https:\\\/\\\/www.malinashop.lt\\\/#website\",\"url\":\"https:\\\/\\\/www.malinashop.lt\\\/\",\"name\":\"COM Group Ecommerce\",\"description\":\"MalinaShop.lt - Gro\u017eio ir sveikatos produktai i\u0161 patikim\u0173 preki\u0173 \u017eenkl\u0173. Atraskite auk\u0161tos kokyb\u0117s kosmetik\u0105 u\u017e puiki\u0105 kain\u0105.\",\"publisher\":{\"@id\":\"https:\\\/\\\/www.malinashop.lt\\\/#organization\"},\"potentialAction\":[{\"@type\":\"SearchAction\",\"target\":{\"@type\":\"EntryPoint\",\"urlTemplate\":\"https:\\\/\\\/www.malinashop.lt\\\/?s={search_term_string}\"},\"query-input\":{\"@type\":\"PropertyValueSpecification\",\"valueRequired\":true,\"valueName\":\"search_term_string\"}}],\"inLanguage\":\"en-GB\"},{\"@type\":\"Organization\",\"@id\":\"https:\\\/\\\/www.malinashop.lt\\\/#organization\",\"name\":\"COM Group Ecommerce\",\"url\":\"https:\\\/\\\/www.malinashop.lt\\\/\",\"logo\":{\"@type\":\"ImageObject\",\"inLanguage\":\"en-GB\",\"@id\":\"https:\\\/\\\/www.malinashop.lt\\\/#\\\/schema\\\/logo\\\/image\\\/\",\"url\":\"https:\\\/\\\/www.malinashop.lt\\\/wp-content\\\/uploads\\\/2024\\\/08\\\/462559670_3787732518133670_9795632669273463_n-e1731525914575.png\",\"contentUrl\":\"https:\\\/\\\/www.malinashop.lt\\\/wp-content\\\/uploads\\\/2024\\\/08\\\/462559670_3787732518133670_9795632669273463_n-e1731525914575.png\",\"width\":180,\"height\":60,\"caption\":\"COM Group Ecommerce\"},\"image\":{\"@id\":\"https:\\\/\\\/www.malinashop.lt\\\/#\\\/schema\\\/logo\\\/image\\\/\"}}]}<\/script>\n<!-- \/ Yoast SEO plugin. -->","yoast_head_json":{"title":"SKINLOVERS jauninantis kremas #4\u2019A su peptidais ANTI-AGING CREAM WITH PEPTIDES, 30 ml - MalinaShop.lt J\u016bs\u0173 sveikatai ir gro\u017eiui.","description":"SKINLOVERS #4\u2019A jauninantis kremas su peptidu ARGIRELINE, vitaminu E ir omega 3\/6 \u2013 ma\u017eina mimikos rauk\u0161leles, dr\u0117kina, glotnina ir stiprina odos barjer\u0105.","robots":{"index":"index","follow":"follow","max-snippet":"max-snippet:-1","max-image-preview":"max-image-preview:large","max-video-preview":"max-video-preview:-1"},"canonical":"https:\/\/www.malinashop.lt\/en\/shop\/skinlovers-jauninantis-kremas-4a-su-peptidais-anti-aging-cream-with-peptides-30-ml\/","og_locale":"en_GB","og_type":"article","og_title":"SKINLOVERS jauninantis kremas #4\u2019A su peptidais ANTI-AGING CREAM WITH PEPTIDES, 30 ml - MalinaShop.lt J\u016bs\u0173 sveikatai ir gro\u017eiui.","og_description":"SKINLOVERS #4\u2019A jauninantis kremas su peptidu ARGIRELINE, vitaminu E ir omega 3\/6 \u2013 ma\u017eina mimikos rauk\u0161leles, dr\u0117kina, glotnina ir stiprina odos barjer\u0105.","og_url":"https:\/\/www.malinashop.lt\/en\/shop\/skinlovers-jauninantis-kremas-4a-su-peptidais-anti-aging-cream-with-peptides-30-ml\/","og_site_name":"MalinaShop.lt J\u016bs\u0173 sveikatai ir gro\u017eiui.","article_modified_time":"2026-04-07T19:18:48+00:00","og_image":[{"width":1000,"height":1000,"url":"https:\/\/www.malinashop.lt\/wp-content\/uploads\/2025\/11\/4779054250384.jpg","type":"image\/jpeg"}],"twitter_card":"summary_large_image","schema":{"@context":"https:\/\/schema.org","@graph":[{"@type":"WebPage","@id":"https:\/\/www.malinashop.lt\/en\/shop\/skinlovers-jauninantis-kremas-4a-su-peptidais-anti-aging-cream-with-peptides-30-ml\/","url":"https:\/\/www.malinashop.lt\/en\/shop\/skinlovers-jauninantis-kremas-4a-su-peptidais-anti-aging-cream-with-peptides-30-ml\/","name":"SKINLOVERS jauninantis kremas #4\u2019A su peptidais ANTI-AGING CREAM WITH PEPTIDES, 30 ml - MalinaShop.lt J\u016bs\u0173 sveikatai ir gro\u017eiui.","isPartOf":{"@id":"https:\/\/www.malinashop.lt\/#website"},"primaryImageOfPage":{"@id":"https:\/\/www.malinashop.lt\/en\/shop\/skinlovers-jauninantis-kremas-4a-su-peptidais-anti-aging-cream-with-peptides-30-ml\/#primaryimage"},"image":{"@id":"https:\/\/www.malinashop.lt\/en\/shop\/skinlovers-jauninantis-kremas-4a-su-peptidais-anti-aging-cream-with-peptides-30-ml\/#primaryimage"},"thumbnailUrl":"https:\/\/www.malinashop.lt\/wp-content\/uploads\/2025\/11\/4779054250384.jpg","datePublished":"2025-12-06T11:09:28+00:00","dateModified":"2026-04-07T19:18:48+00:00","description":"SKINLOVERS #4\u2019A jauninantis kremas su peptidu ARGIRELINE, vitaminu E ir omega 3\/6 \u2013 ma\u017eina mimikos rauk\u0161leles, dr\u0117kina, glotnina ir stiprina odos barjer\u0105.","breadcrumb":{"@id":"https:\/\/www.malinashop.lt\/en\/shop\/skinlovers-jauninantis-kremas-4a-su-peptidais-anti-aging-cream-with-peptides-30-ml\/#breadcrumb"},"inLanguage":"en-GB","potentialAction":[{"@type":"ReadAction","target":["https:\/\/www.malinashop.lt\/en\/shop\/skinlovers-jauninantis-kremas-4a-su-peptidais-anti-aging-cream-with-peptides-30-ml\/"]}]},{"@type":"ImageObject","inLanguage":"en-GB","@id":"https:\/\/www.malinashop.lt\/en\/shop\/skinlovers-jauninantis-kremas-4a-su-peptidais-anti-aging-cream-with-peptides-30-ml\/#primaryimage","url":"https:\/\/www.malinashop.lt\/wp-content\/uploads\/2025\/11\/4779054250384.jpg","contentUrl":"https:\/\/www.malinashop.lt\/wp-content\/uploads\/2025\/11\/4779054250384.jpg","width":1000,"height":1000},{"@type":"BreadcrumbList","@id":"https:\/\/www.malinashop.lt\/en\/shop\/skinlovers-jauninantis-kremas-4a-su-peptidais-anti-aging-cream-with-peptides-30-ml\/#breadcrumb","itemListElement":[{"@type":"ListItem","position":1,"name":"Pagrindinis","item":"https:\/\/www.malinashop.lt\/"},{"@type":"ListItem","position":2,"name":"Parduotuv\u0117","item":"https:\/\/www.malinashop.lt\/en\/parduotuve\/"},{"@type":"ListItem","position":3,"name":"SKINLOVERS jauninantis kremas #4\u2019A su peptidais ANTI-AGING CREAM WITH PEPTIDES, 30 ml"}]},{"@type":"WebSite","@id":"https:\/\/www.malinashop.lt\/#website","url":"https:\/\/www.malinashop.lt\/","name":"COM Group Ecommerce","description":"MalinaShop.lt - Gro\u017eio ir sveikatos produktai i\u0161 patikim\u0173 preki\u0173 \u017eenkl\u0173. Atraskite auk\u0161tos kokyb\u0117s kosmetik\u0105 u\u017e puiki\u0105 kain\u0105.","publisher":{"@id":"https:\/\/www.malinashop.lt\/#organization"},"potentialAction":[{"@type":"SearchAction","target":{"@type":"EntryPoint","urlTemplate":"https:\/\/www.malinashop.lt\/?s={search_term_string}"},"query-input":{"@type":"PropertyValueSpecification","valueRequired":true,"valueName":"search_term_string"}}],"inLanguage":"en-GB"},{"@type":"Organization","@id":"https:\/\/www.malinashop.lt\/#organization","name":"COM Group Ecommerce","url":"https:\/\/www.malinashop.lt\/","logo":{"@type":"ImageObject","inLanguage":"en-GB","@id":"https:\/\/www.malinashop.lt\/#\/schema\/logo\/image\/","url":"https:\/\/www.malinashop.lt\/wp-content\/uploads\/2024\/08\/462559670_3787732518133670_9795632669273463_n-e1731525914575.png","contentUrl":"https:\/\/www.malinashop.lt\/wp-content\/uploads\/2024\/08\/462559670_3787732518133670_9795632669273463_n-e1731525914575.png","width":180,"height":60,"caption":"COM Group Ecommerce"},"image":{"@id":"https:\/\/www.malinashop.lt\/#\/schema\/logo\/image\/"}}]}},"jetpack_sharing_enabled":true,"_links":{"self":[{"href":"https:\/\/www.malinashop.lt\/en\/wp-json\/wp\/v2\/product\/69169","targetHints":{"allow":["GET"]}}],"collection":[{"href":"https:\/\/www.malinashop.lt\/en\/wp-json\/wp\/v2\/product"}],"about":[{"href":"https:\/\/www.malinashop.lt\/en\/wp-json\/wp\/v2\/types\/product"}],"version-history":[{"count":2,"href":"https:\/\/www.malinashop.lt\/en\/wp-json\/wp\/v2\/product\/69169\/revisions"}],"predecessor-version":[{"id":71914,"href":"https:\/\/www.malinashop.lt\/en\/wp-json\/wp\/v2\/product\/69169\/revisions\/71914"}],"wp:featuredmedia":[{"embeddable":true,"href":"https:\/\/www.malinashop.lt\/en\/wp-json\/wp\/v2\/media\/69171"}],"wp:attachment":[{"href":"https:\/\/www.malinashop.lt\/en\/wp-json\/wp\/v2\/media?parent=69169"}],"wp:term":[{"taxonomy":"product_brand","embeddable":true,"href":"https:\/\/www.malinashop.lt\/en\/wp-json\/wp\/v2\/product_brand?post=69169"},{"taxonomy":"product_cat","embeddable":true,"href":"https:\/\/www.malinashop.lt\/en\/wp-json\/wp\/v2\/product_cat?post=69169"},{"taxonomy":"product_tag","embeddable":true,"href":"https:\/\/www.malinashop.lt\/en\/wp-json\/wp\/v2\/product_tag?post=69169"}],"curies":[{"name":"wp","href":"https:\/\/api.w.org\/{rel}","templated":true}]}}