{"id":69090,"date":"2025-11-25T17:44:28","date_gmt":"2025-11-25T14:44:28","guid":{"rendered":"https:\/\/malinashop.lt\/?post_type=product&#038;p=69090"},"modified":"2026-02-10T13:12:39","modified_gmt":"2026-02-10T10:12:39","slug":"sla-paris-blakstienu-tusas-su-keratinu-juodas-8ml-2","status":"publish","type":"product","link":"https:\/\/www.malinashop.lt\/en\/shop\/sla-paris-blakstienu-tusas-su-keratinu-juodas-8ml-2\/","title":{"rendered":"SLA PARIS blakstien\u0173 tu\u0161as su keratinu Juodas, 8ml"},"content":{"rendered":"<p data-start=\"122\" data-end=\"525\"><strong data-start=\"122\" data-end=\"186\">SLA PARIS blakstien\u0173 tu\u0161as su keratinu Juodas (760-01), 8 ml<\/strong> \u2013 tai intensyviai juodas tu\u0161as, sukurtas stiprinti ir puosel\u0117ti blakstienas kiekvieno naudojimo metu. Formul\u0117je esantis augalinis keratino va\u0161kas suteikia blakstienoms tvirtumo, tankumo ir ry\u0161kesn\u012f spalvos i\u0161gavimo efekt\u0105. Tu\u0161as idealiai tinka susilpn\u0117jusioms ar proced\u016br\u0173 paveiktoms blakstienoms, nes padeda atkurti j\u0173 nat\u016bral\u0173 stiprum\u0105.<\/p>\n<p data-start=\"527\" data-end=\"792\">D\u0117l apsaugin\u0117s formul\u0117s ir apvalaus, tankinant\u012f efekt\u0105 suteikian\u010dio \u0161epet\u0117lio, blakstienos tampa pastebimai pilnesn\u0117s, tankesn\u0117s ir vizualiai ilgesn\u0117s. Tekst\u016bra lengvai slysta, nesulipina blakstien\u0173 ir leid\u017eia i\u0161gauti tiek nat\u016bral\u0173, tiek ry\u0161kesn\u012f makia\u017eo rezultat\u0105.<\/p>\n<p data-start=\"794\" data-end=\"887\"><strong data-start=\"794\" data-end=\"887\">SLA PARIS tu\u0161as be paraben\u0173, fenoksietanolio ir PEG. Produktas netestuojamas su gyv\u016bnais.<\/strong><\/p>\n","protected":false},"excerpt":{"rendered":"<p data-start=\"929\" data-end=\"1219\">Intensyviai juodas SLA PARIS blakstien\u0173 tu\u0161as su keratinu stiprina, tankina ir suteikia apimties net silpnoms blakstienoms. Augalinis keratino va\u0161kas puosel\u0117ja blakstienas, o apvalus \u0161epet\u0117lis u\u017etikrina i\u0161rai\u0161king\u0105 storinant\u012f efekt\u0105. Be paraben\u0173 ir fenoksietanolio, netestuotas su gyv\u016bnais.<\/p>\n","protected":false},"featured_media":69092,"template":"","meta":[],"product_brand":[1527],"product_cat":[521,102],"product_tag":[1623],"class_list":{"0":"post-69090","1":"product","2":"type-product","3":"status-publish","4":"has-post-thumbnail","6":"product_brand-sla-paris","7":"product_cat-blakstienu-tusai","8":"product_cat-dekoratyvine-kosmetika","9":"product_tag-sla-paris","11":"first","12":"instock","13":"purchasable","14":"product-type-simple"},"yoast_head":"<!-- This site is optimized with the Yoast SEO plugin v27.4 - https:\/\/yoast.com\/product\/yoast-seo-wordpress\/ -->\n<title>SLA PARIS blakstien\u0173 tu\u0161as su keratinu Juodas, 8ml - MalinaShop.lt J\u016bs\u0173 sveikatai ir gro\u017eiui.<\/title>\n<meta name=\"description\" content=\"SLA PARIS blakstien\u0173 tu\u0161as su keratinu \u2013 intensyvus juodas tu\u0161as, stiprinantis ir tankinantis blakstienas. Su augaliniu keratino va\u0161ku, be paraben\u0173.\" \/>\n<meta name=\"robots\" content=\"index, follow, max-snippet:-1, max-image-preview:large, max-video-preview:-1\" \/>\n<link rel=\"canonical\" href=\"https:\/\/www.malinashop.lt\/en\/shop\/sla-paris-blakstienu-tusas-su-keratinu-juodas-8ml-2\/\" \/>\n<meta property=\"og:locale\" content=\"en_GB\" \/>\n<meta property=\"og:type\" content=\"article\" \/>\n<meta property=\"og:title\" content=\"SLA PARIS blakstien\u0173 tu\u0161as su keratinu Juodas, 8ml - MalinaShop.lt J\u016bs\u0173 sveikatai ir gro\u017eiui.\" \/>\n<meta property=\"og:description\" content=\"SLA PARIS blakstien\u0173 tu\u0161as su keratinu \u2013 intensyvus juodas tu\u0161as, stiprinantis ir tankinantis blakstienas. Su augaliniu keratino va\u0161ku, be paraben\u0173.\" \/>\n<meta property=\"og:url\" content=\"https:\/\/www.malinashop.lt\/en\/shop\/sla-paris-blakstienu-tusas-su-keratinu-juodas-8ml-2\/\" \/>\n<meta property=\"og:site_name\" content=\"MalinaShop.lt J\u016bs\u0173 sveikatai ir gro\u017eiui.\" \/>\n<meta property=\"article:modified_time\" content=\"2026-02-10T10:12:39+00:00\" \/>\n<meta property=\"og:image\" content=\"https:\/\/www.malinashop.lt\/wp-content\/uploads\/2025\/11\/black.jpg\" \/>\n\t<meta property=\"og:image:width\" content=\"1000\" \/>\n\t<meta property=\"og:image:height\" content=\"1000\" \/>\n\t<meta property=\"og:image:type\" content=\"image\/jpeg\" \/>\n<meta name=\"twitter:card\" content=\"summary_large_image\" \/>\n<script type=\"application\/ld+json\" class=\"yoast-schema-graph\">{\"@context\":\"https:\\\/\\\/schema.org\",\"@graph\":[{\"@type\":\"WebPage\",\"@id\":\"https:\\\/\\\/www.malinashop.lt\\\/lt_lt\\\/shop\\\/sla-paris-blakstienu-tusas-su-keratinu-juodas-8ml-2\\\/\",\"url\":\"https:\\\/\\\/www.malinashop.lt\\\/lt_lt\\\/shop\\\/sla-paris-blakstienu-tusas-su-keratinu-juodas-8ml-2\\\/\",\"name\":\"SLA PARIS blakstien\u0173 tu\u0161as su keratinu Juodas, 8ml - MalinaShop.lt J\u016bs\u0173 sveikatai ir gro\u017eiui.\",\"isPartOf\":{\"@id\":\"https:\\\/\\\/www.malinashop.lt\\\/en\\\/#website\"},\"primaryImageOfPage\":{\"@id\":\"https:\\\/\\\/www.malinashop.lt\\\/lt_lt\\\/shop\\\/sla-paris-blakstienu-tusas-su-keratinu-juodas-8ml-2\\\/#primaryimage\"},\"image\":{\"@id\":\"https:\\\/\\\/www.malinashop.lt\\\/lt_lt\\\/shop\\\/sla-paris-blakstienu-tusas-su-keratinu-juodas-8ml-2\\\/#primaryimage\"},\"thumbnailUrl\":\"https:\\\/\\\/www.malinashop.lt\\\/wp-content\\\/uploads\\\/2025\\\/11\\\/black.jpg\",\"datePublished\":\"2025-11-25T14:44:28+00:00\",\"dateModified\":\"2026-02-10T10:12:39+00:00\",\"description\":\"SLA PARIS blakstien\u0173 tu\u0161as su keratinu \u2013 intensyvus juodas tu\u0161as, stiprinantis ir tankinantis blakstienas. Su augaliniu keratino va\u0161ku, be paraben\u0173.\",\"breadcrumb\":{\"@id\":\"https:\\\/\\\/www.malinashop.lt\\\/lt_lt\\\/shop\\\/sla-paris-blakstienu-tusas-su-keratinu-juodas-8ml-2\\\/#breadcrumb\"},\"inLanguage\":\"en-GB\",\"potentialAction\":[{\"@type\":\"ReadAction\",\"target\":[\"https:\\\/\\\/www.malinashop.lt\\\/lt_lt\\\/shop\\\/sla-paris-blakstienu-tusas-su-keratinu-juodas-8ml-2\\\/\"]}]},{\"@type\":\"ImageObject\",\"inLanguage\":\"en-GB\",\"@id\":\"https:\\\/\\\/www.malinashop.lt\\\/lt_lt\\\/shop\\\/sla-paris-blakstienu-tusas-su-keratinu-juodas-8ml-2\\\/#primaryimage\",\"url\":\"https:\\\/\\\/www.malinashop.lt\\\/wp-content\\\/uploads\\\/2025\\\/11\\\/black.jpg\",\"contentUrl\":\"https:\\\/\\\/www.malinashop.lt\\\/wp-content\\\/uploads\\\/2025\\\/11\\\/black.jpg\",\"width\":1000,\"height\":1000},{\"@type\":\"BreadcrumbList\",\"@id\":\"https:\\\/\\\/www.malinashop.lt\\\/lt_lt\\\/shop\\\/sla-paris-blakstienu-tusas-su-keratinu-juodas-8ml-2\\\/#breadcrumb\",\"itemListElement\":[{\"@type\":\"ListItem\",\"position\":1,\"name\":\"Home\",\"item\":\"https:\\\/\\\/www.malinashop.lt\\\/en\\\/\"},{\"@type\":\"ListItem\",\"position\":2,\"name\":\"Parduotuv\u0117\",\"item\":\"https:\\\/\\\/www.malinashop.lt\\\/en\\\/parduotuve\\\/\"},{\"@type\":\"ListItem\",\"position\":3,\"name\":\"SLA PARIS blakstien\u0173 tu\u0161as su keratinu Juodas, 8ml\"}]},{\"@type\":\"WebSite\",\"@id\":\"https:\\\/\\\/www.malinashop.lt\\\/en\\\/#website\",\"url\":\"https:\\\/\\\/www.malinashop.lt\\\/en\\\/\",\"name\":\"COM Group Ecommerce\",\"description\":\"MalinaShop.lt - Gro\u017eio ir sveikatos produktai i\u0161 patikim\u0173 preki\u0173 \u017eenkl\u0173. Atraskite auk\u0161tos kokyb\u0117s kosmetik\u0105 u\u017e puiki\u0105 kain\u0105.\",\"publisher\":{\"@id\":\"https:\\\/\\\/www.malinashop.lt\\\/en\\\/#organization\"},\"potentialAction\":[{\"@type\":\"SearchAction\",\"target\":{\"@type\":\"EntryPoint\",\"urlTemplate\":\"https:\\\/\\\/www.malinashop.lt\\\/en\\\/?s={search_term_string}\"},\"query-input\":{\"@type\":\"PropertyValueSpecification\",\"valueRequired\":true,\"valueName\":\"search_term_string\"}}],\"inLanguage\":\"en-GB\"},{\"@type\":\"Organization\",\"@id\":\"https:\\\/\\\/www.malinashop.lt\\\/en\\\/#organization\",\"name\":\"COM Group Ecommerce\",\"url\":\"https:\\\/\\\/www.malinashop.lt\\\/en\\\/\",\"logo\":{\"@type\":\"ImageObject\",\"inLanguage\":\"en-GB\",\"@id\":\"https:\\\/\\\/www.malinashop.lt\\\/en\\\/#\\\/schema\\\/logo\\\/image\\\/\",\"url\":\"https:\\\/\\\/www.malinashop.lt\\\/wp-content\\\/uploads\\\/2024\\\/08\\\/462559670_3787732518133670_9795632669273463_n-e1731525914575.png\",\"contentUrl\":\"https:\\\/\\\/www.malinashop.lt\\\/wp-content\\\/uploads\\\/2024\\\/08\\\/462559670_3787732518133670_9795632669273463_n-e1731525914575.png\",\"width\":180,\"height\":60,\"caption\":\"COM Group Ecommerce\"},\"image\":{\"@id\":\"https:\\\/\\\/www.malinashop.lt\\\/en\\\/#\\\/schema\\\/logo\\\/image\\\/\"}}]}<\/script>\n<!-- \/ Yoast SEO plugin. -->","yoast_head_json":{"title":"SLA PARIS blakstien\u0173 tu\u0161as su keratinu Juodas, 8ml - MalinaShop.lt J\u016bs\u0173 sveikatai ir gro\u017eiui.","description":"SLA PARIS blakstien\u0173 tu\u0161as su keratinu \u2013 intensyvus juodas tu\u0161as, stiprinantis ir tankinantis blakstienas. Su augaliniu keratino va\u0161ku, be paraben\u0173.","robots":{"index":"index","follow":"follow","max-snippet":"max-snippet:-1","max-image-preview":"max-image-preview:large","max-video-preview":"max-video-preview:-1"},"canonical":"https:\/\/www.malinashop.lt\/en\/shop\/sla-paris-blakstienu-tusas-su-keratinu-juodas-8ml-2\/","og_locale":"en_GB","og_type":"article","og_title":"SLA PARIS blakstien\u0173 tu\u0161as su keratinu Juodas, 8ml - MalinaShop.lt J\u016bs\u0173 sveikatai ir gro\u017eiui.","og_description":"SLA PARIS blakstien\u0173 tu\u0161as su keratinu \u2013 intensyvus juodas tu\u0161as, stiprinantis ir tankinantis blakstienas. Su augaliniu keratino va\u0161ku, be paraben\u0173.","og_url":"https:\/\/www.malinashop.lt\/en\/shop\/sla-paris-blakstienu-tusas-su-keratinu-juodas-8ml-2\/","og_site_name":"MalinaShop.lt J\u016bs\u0173 sveikatai ir gro\u017eiui.","article_modified_time":"2026-02-10T10:12:39+00:00","og_image":[{"width":1000,"height":1000,"url":"https:\/\/www.malinashop.lt\/wp-content\/uploads\/2025\/11\/black.jpg","type":"image\/jpeg"}],"twitter_card":"summary_large_image","schema":{"@context":"https:\/\/schema.org","@graph":[{"@type":"WebPage","@id":"https:\/\/www.malinashop.lt\/lt_lt\/shop\/sla-paris-blakstienu-tusas-su-keratinu-juodas-8ml-2\/","url":"https:\/\/www.malinashop.lt\/lt_lt\/shop\/sla-paris-blakstienu-tusas-su-keratinu-juodas-8ml-2\/","name":"SLA PARIS blakstien\u0173 tu\u0161as su keratinu Juodas, 8ml - MalinaShop.lt J\u016bs\u0173 sveikatai ir gro\u017eiui.","isPartOf":{"@id":"https:\/\/www.malinashop.lt\/en\/#website"},"primaryImageOfPage":{"@id":"https:\/\/www.malinashop.lt\/lt_lt\/shop\/sla-paris-blakstienu-tusas-su-keratinu-juodas-8ml-2\/#primaryimage"},"image":{"@id":"https:\/\/www.malinashop.lt\/lt_lt\/shop\/sla-paris-blakstienu-tusas-su-keratinu-juodas-8ml-2\/#primaryimage"},"thumbnailUrl":"https:\/\/www.malinashop.lt\/wp-content\/uploads\/2025\/11\/black.jpg","datePublished":"2025-11-25T14:44:28+00:00","dateModified":"2026-02-10T10:12:39+00:00","description":"SLA PARIS blakstien\u0173 tu\u0161as su keratinu \u2013 intensyvus juodas tu\u0161as, stiprinantis ir tankinantis blakstienas. Su augaliniu keratino va\u0161ku, be paraben\u0173.","breadcrumb":{"@id":"https:\/\/www.malinashop.lt\/lt_lt\/shop\/sla-paris-blakstienu-tusas-su-keratinu-juodas-8ml-2\/#breadcrumb"},"inLanguage":"en-GB","potentialAction":[{"@type":"ReadAction","target":["https:\/\/www.malinashop.lt\/lt_lt\/shop\/sla-paris-blakstienu-tusas-su-keratinu-juodas-8ml-2\/"]}]},{"@type":"ImageObject","inLanguage":"en-GB","@id":"https:\/\/www.malinashop.lt\/lt_lt\/shop\/sla-paris-blakstienu-tusas-su-keratinu-juodas-8ml-2\/#primaryimage","url":"https:\/\/www.malinashop.lt\/wp-content\/uploads\/2025\/11\/black.jpg","contentUrl":"https:\/\/www.malinashop.lt\/wp-content\/uploads\/2025\/11\/black.jpg","width":1000,"height":1000},{"@type":"BreadcrumbList","@id":"https:\/\/www.malinashop.lt\/lt_lt\/shop\/sla-paris-blakstienu-tusas-su-keratinu-juodas-8ml-2\/#breadcrumb","itemListElement":[{"@type":"ListItem","position":1,"name":"Home","item":"https:\/\/www.malinashop.lt\/en\/"},{"@type":"ListItem","position":2,"name":"Parduotuv\u0117","item":"https:\/\/www.malinashop.lt\/en\/parduotuve\/"},{"@type":"ListItem","position":3,"name":"SLA PARIS blakstien\u0173 tu\u0161as su keratinu Juodas, 8ml"}]},{"@type":"WebSite","@id":"https:\/\/www.malinashop.lt\/en\/#website","url":"https:\/\/www.malinashop.lt\/en\/","name":"COM Group Ecommerce","description":"MalinaShop.lt - Gro\u017eio ir sveikatos produktai i\u0161 patikim\u0173 preki\u0173 \u017eenkl\u0173. Atraskite auk\u0161tos kokyb\u0117s kosmetik\u0105 u\u017e puiki\u0105 kain\u0105.","publisher":{"@id":"https:\/\/www.malinashop.lt\/en\/#organization"},"potentialAction":[{"@type":"SearchAction","target":{"@type":"EntryPoint","urlTemplate":"https:\/\/www.malinashop.lt\/en\/?s={search_term_string}"},"query-input":{"@type":"PropertyValueSpecification","valueRequired":true,"valueName":"search_term_string"}}],"inLanguage":"en-GB"},{"@type":"Organization","@id":"https:\/\/www.malinashop.lt\/en\/#organization","name":"COM Group Ecommerce","url":"https:\/\/www.malinashop.lt\/en\/","logo":{"@type":"ImageObject","inLanguage":"en-GB","@id":"https:\/\/www.malinashop.lt\/en\/#\/schema\/logo\/image\/","url":"https:\/\/www.malinashop.lt\/wp-content\/uploads\/2024\/08\/462559670_3787732518133670_9795632669273463_n-e1731525914575.png","contentUrl":"https:\/\/www.malinashop.lt\/wp-content\/uploads\/2024\/08\/462559670_3787732518133670_9795632669273463_n-e1731525914575.png","width":180,"height":60,"caption":"COM Group Ecommerce"},"image":{"@id":"https:\/\/www.malinashop.lt\/en\/#\/schema\/logo\/image\/"}}]}},"jetpack_sharing_enabled":true,"_links":{"self":[{"href":"https:\/\/www.malinashop.lt\/en\/wp-json\/wp\/v2\/product\/69090","targetHints":{"allow":["GET"]}}],"collection":[{"href":"https:\/\/www.malinashop.lt\/en\/wp-json\/wp\/v2\/product"}],"about":[{"href":"https:\/\/www.malinashop.lt\/en\/wp-json\/wp\/v2\/types\/product"}],"version-history":[{"count":2,"href":"https:\/\/www.malinashop.lt\/en\/wp-json\/wp\/v2\/product\/69090\/revisions"}],"predecessor-version":[{"id":71870,"href":"https:\/\/www.malinashop.lt\/en\/wp-json\/wp\/v2\/product\/69090\/revisions\/71870"}],"wp:featuredmedia":[{"embeddable":true,"href":"https:\/\/www.malinashop.lt\/en\/wp-json\/wp\/v2\/media\/69092"}],"wp:attachment":[{"href":"https:\/\/www.malinashop.lt\/en\/wp-json\/wp\/v2\/media?parent=69090"}],"wp:term":[{"taxonomy":"product_brand","embeddable":true,"href":"https:\/\/www.malinashop.lt\/en\/wp-json\/wp\/v2\/product_brand?post=69090"},{"taxonomy":"product_cat","embeddable":true,"href":"https:\/\/www.malinashop.lt\/en\/wp-json\/wp\/v2\/product_cat?post=69090"},{"taxonomy":"product_tag","embeddable":true,"href":"https:\/\/www.malinashop.lt\/en\/wp-json\/wp\/v2\/product_tag?post=69090"}],"curies":[{"name":"wp","href":"https:\/\/api.w.org\/{rel}","templated":true}]}}