{"id":69065,"date":"2025-11-25T16:33:18","date_gmt":"2025-11-25T13:33:18","guid":{"rendered":"https:\/\/malinashop.lt\/?post_type=product&#038;p=69065"},"modified":"2026-02-10T13:11:10","modified_gmt":"2026-02-10T10:11:10","slug":"skinlovers-4-zingsniu-veido-prieziuros-rinkinys-dehidratuotai-odai","status":"publish","type":"product","link":"https:\/\/www.malinashop.lt\/en\/shop\/skinlovers-4-zingsniu-veido-prieziuros-rinkinys-dehidratuotai-odai\/","title":{"rendered":"SKINLOVERS 4 \u017eingsni\u0173 veido prie\u017ei\u016bros rinkinys dehidratuotai odai"},"content":{"rendered":"<p data-start=\"204\" data-end=\"559\"><strong data-start=\"204\" data-end=\"274\">SKINLOVERS 4 \u017eingsni\u0173 veido prie\u017ei\u016bros rinkinys dehidratuotai odai<\/strong> \u2013 tai subalansuota kasdien\u0117 rutina, sukurta greitam ir efektyviam odos b\u016bkl\u0117s atk\u016brimui. Rinkinyje esantys produktai intensyviai dr\u0117kina, ramina sudirgimus ir padeda suma\u017einti odos u\u017edegiminius procesus. Reguliariai naudojant, oda tampa lygesn\u0117, skaistesn\u0117 ir pastebimai elastingesn\u0117.<\/p>\n<p data-start=\"561\" data-end=\"890\">\u0160i 4 \u017eingsni\u0173 sistema apr\u016bpina od\u0105 dr\u0117kinan\u010diomis ir maitinamosiomis med\u017eiagomis, kurios atkuria sveik\u0105 odos barjer\u0105 ir gerina tonus\u0105. Po 28 dien\u0173 naudojimo pasteb\u0117site suma\u017e\u0117jusius papilk\u0117jimus, tolygesn\u0119 odos tekst\u016br\u0105 bei nat\u016bral\u0173 odos \u0161velnum\u0105. Tai idealus rinkinys moterims, norin\u010dioms greito, matomo ir ilgalaikio rezultato.<\/p>\n<p data-start=\"561\" data-end=\"890\"><strong>Rinkin\u012f sudaro:\u00a0<\/strong><br \/>\nSKINLOVERS #1 \u0161velnus veido odos prausiklis, 100ml<br \/>\nSKINLOVERS aktyviai dr\u0117kinantis veido odos tonikas su pantenoliu, 100ml<br \/>\nSKINLOVERS #3\u2019p od\u0105 intensyviai dr\u0117kinantis ir raminantis serumas<br \/>\nSKINLOVERS dr\u0117kinantis veido kremas su hialurono r\u016bg\u0161timi, 30ml<\/p>\n","protected":false},"excerpt":{"rendered":"<p data-start=\"968\" data-end=\"1190\">Efektyvi 4 \u017eingsni\u0173 SKINLOVERS rutina dehidratuotai ir i\u0161saus\u0117jusiai odai. Rinkinys intensyviai dr\u0117kina, ma\u017eina u\u017edegimus ir gerina bendr\u0105 odos tonus\u0105. Jau po 28 dien\u0173 oda tampa lygesn\u0117, skaistesn\u0117 ir pastebimai \u0161velnesn\u0117.<\/p>\n","protected":false},"featured_media":62364,"template":"","meta":[],"product_brand":[1528],"product_cat":[827,728],"product_tag":[1622],"class_list":{"0":"post-69065","1":"product","2":"type-product","3":"status-publish","4":"has-post-thumbnail","6":"product_brand-skinlovers","7":"product_cat-veido-prieziuros-priemoniu-rinkiniai","8":"product_cat-veidui","9":"product_tag-skinlovers","11":"first","12":"instock","13":"purchasable","14":"product-type-simple"},"yoast_head":"<!-- This site is optimized with the Yoast SEO plugin v27.4 - https:\/\/yoast.com\/product\/yoast-seo-wordpress\/ -->\n<title>SKINLOVERS 4 \u017eingsni\u0173 veido prie\u017ei\u016bros rinkinys dehidratuotai odai - MalinaShop.lt J\u016bs\u0173 sveikatai ir gro\u017eiui.<\/title>\n<meta name=\"description\" content=\"SKINLOVERS 4 \u017eingsni\u0173 veido prie\u017ei\u016bros rinkinys dehidratuotai odai \u2013 intensyviai dr\u0117kina, ramina ir gerina odos ton\u0105. Matomi rezultatai per 28 dienas.\" \/>\n<meta name=\"robots\" content=\"index, follow, max-snippet:-1, max-image-preview:large, max-video-preview:-1\" \/>\n<link rel=\"canonical\" href=\"https:\/\/www.malinashop.lt\/en\/shop\/skinlovers-4-zingsniu-veido-prieziuros-rinkinys-dehidratuotai-odai\/\" \/>\n<meta property=\"og:locale\" content=\"en_GB\" \/>\n<meta property=\"og:type\" content=\"article\" \/>\n<meta property=\"og:title\" content=\"SKINLOVERS 4 \u017eingsni\u0173 veido prie\u017ei\u016bros rinkinys dehidratuotai odai - MalinaShop.lt J\u016bs\u0173 sveikatai ir gro\u017eiui.\" \/>\n<meta property=\"og:description\" content=\"SKINLOVERS 4 \u017eingsni\u0173 veido prie\u017ei\u016bros rinkinys dehidratuotai odai \u2013 intensyviai dr\u0117kina, ramina ir gerina odos ton\u0105. Matomi rezultatai per 28 dienas.\" \/>\n<meta property=\"og:url\" content=\"https:\/\/www.malinashop.lt\/en\/shop\/skinlovers-4-zingsniu-veido-prieziuros-rinkinys-dehidratuotai-odai\/\" \/>\n<meta property=\"og:site_name\" content=\"MalinaShop.lt J\u016bs\u0173 sveikatai ir gro\u017eiui.\" \/>\n<meta property=\"article:modified_time\" content=\"2026-02-10T10:11:10+00:00\" \/>\n<meta property=\"og:image\" content=\"https:\/\/www.malinashop.lt\/wp-content\/uploads\/2025\/11\/naujas-rinkiniui-grey.png\" \/>\n\t<meta property=\"og:image:width\" content=\"2000\" \/>\n\t<meta property=\"og:image:height\" content=\"2000\" \/>\n\t<meta property=\"og:image:type\" content=\"image\/png\" \/>\n<meta name=\"twitter:card\" content=\"summary_large_image\" \/>\n<script type=\"application\/ld+json\" class=\"yoast-schema-graph\">{\"@context\":\"https:\\\/\\\/schema.org\",\"@graph\":[{\"@type\":\"WebPage\",\"@id\":\"https:\\\/\\\/www.malinashop.lt\\\/shop\\\/skinlovers-4-zingsniu-veido-prieziuros-rinkinys-dehidratuotai-odai\\\/\",\"url\":\"https:\\\/\\\/www.malinashop.lt\\\/shop\\\/skinlovers-4-zingsniu-veido-prieziuros-rinkinys-dehidratuotai-odai\\\/\",\"name\":\"SKINLOVERS 4 \u017eingsni\u0173 veido prie\u017ei\u016bros rinkinys dehidratuotai odai - MalinaShop.lt J\u016bs\u0173 sveikatai ir gro\u017eiui.\",\"isPartOf\":{\"@id\":\"https:\\\/\\\/www.malinashop.lt\\\/#website\"},\"primaryImageOfPage\":{\"@id\":\"https:\\\/\\\/www.malinashop.lt\\\/shop\\\/skinlovers-4-zingsniu-veido-prieziuros-rinkinys-dehidratuotai-odai\\\/#primaryimage\"},\"image\":{\"@id\":\"https:\\\/\\\/www.malinashop.lt\\\/shop\\\/skinlovers-4-zingsniu-veido-prieziuros-rinkinys-dehidratuotai-odai\\\/#primaryimage\"},\"thumbnailUrl\":\"https:\\\/\\\/www.malinashop.lt\\\/wp-content\\\/uploads\\\/2025\\\/11\\\/naujas-rinkiniui-grey.png\",\"datePublished\":\"2025-11-25T13:33:18+00:00\",\"dateModified\":\"2026-02-10T10:11:10+00:00\",\"description\":\"SKINLOVERS 4 \u017eingsni\u0173 veido prie\u017ei\u016bros rinkinys dehidratuotai odai \u2013 intensyviai dr\u0117kina, ramina ir gerina odos ton\u0105. Matomi rezultatai per 28 dienas.\",\"breadcrumb\":{\"@id\":\"https:\\\/\\\/www.malinashop.lt\\\/shop\\\/skinlovers-4-zingsniu-veido-prieziuros-rinkinys-dehidratuotai-odai\\\/#breadcrumb\"},\"inLanguage\":\"en-GB\",\"potentialAction\":[{\"@type\":\"ReadAction\",\"target\":[\"https:\\\/\\\/www.malinashop.lt\\\/shop\\\/skinlovers-4-zingsniu-veido-prieziuros-rinkinys-dehidratuotai-odai\\\/\"]}]},{\"@type\":\"ImageObject\",\"inLanguage\":\"en-GB\",\"@id\":\"https:\\\/\\\/www.malinashop.lt\\\/shop\\\/skinlovers-4-zingsniu-veido-prieziuros-rinkinys-dehidratuotai-odai\\\/#primaryimage\",\"url\":\"https:\\\/\\\/www.malinashop.lt\\\/wp-content\\\/uploads\\\/2025\\\/11\\\/naujas-rinkiniui-grey.png\",\"contentUrl\":\"https:\\\/\\\/www.malinashop.lt\\\/wp-content\\\/uploads\\\/2025\\\/11\\\/naujas-rinkiniui-grey.png\",\"width\":2000,\"height\":2000},{\"@type\":\"BreadcrumbList\",\"@id\":\"https:\\\/\\\/www.malinashop.lt\\\/shop\\\/skinlovers-4-zingsniu-veido-prieziuros-rinkinys-dehidratuotai-odai\\\/#breadcrumb\",\"itemListElement\":[{\"@type\":\"ListItem\",\"position\":1,\"name\":\"Pagrindinis\",\"item\":\"https:\\\/\\\/www.malinashop.lt\\\/\"},{\"@type\":\"ListItem\",\"position\":2,\"name\":\"Parduotuv\u0117\",\"item\":\"https:\\\/\\\/www.malinashop.lt\\\/en\\\/parduotuve\\\/\"},{\"@type\":\"ListItem\",\"position\":3,\"name\":\"SKINLOVERS 4 \u017eingsni\u0173 veido prie\u017ei\u016bros rinkinys dehidratuotai odai\"}]},{\"@type\":\"WebSite\",\"@id\":\"https:\\\/\\\/www.malinashop.lt\\\/#website\",\"url\":\"https:\\\/\\\/www.malinashop.lt\\\/\",\"name\":\"COM Group Ecommerce\",\"description\":\"MalinaShop.lt - Gro\u017eio ir sveikatos produktai i\u0161 patikim\u0173 preki\u0173 \u017eenkl\u0173. Atraskite auk\u0161tos kokyb\u0117s kosmetik\u0105 u\u017e puiki\u0105 kain\u0105.\",\"publisher\":{\"@id\":\"https:\\\/\\\/www.malinashop.lt\\\/#organization\"},\"potentialAction\":[{\"@type\":\"SearchAction\",\"target\":{\"@type\":\"EntryPoint\",\"urlTemplate\":\"https:\\\/\\\/www.malinashop.lt\\\/?s={search_term_string}\"},\"query-input\":{\"@type\":\"PropertyValueSpecification\",\"valueRequired\":true,\"valueName\":\"search_term_string\"}}],\"inLanguage\":\"en-GB\"},{\"@type\":\"Organization\",\"@id\":\"https:\\\/\\\/www.malinashop.lt\\\/#organization\",\"name\":\"COM Group Ecommerce\",\"url\":\"https:\\\/\\\/www.malinashop.lt\\\/\",\"logo\":{\"@type\":\"ImageObject\",\"inLanguage\":\"en-GB\",\"@id\":\"https:\\\/\\\/www.malinashop.lt\\\/#\\\/schema\\\/logo\\\/image\\\/\",\"url\":\"https:\\\/\\\/www.malinashop.lt\\\/wp-content\\\/uploads\\\/2024\\\/08\\\/462559670_3787732518133670_9795632669273463_n-e1731525914575.png\",\"contentUrl\":\"https:\\\/\\\/www.malinashop.lt\\\/wp-content\\\/uploads\\\/2024\\\/08\\\/462559670_3787732518133670_9795632669273463_n-e1731525914575.png\",\"width\":180,\"height\":60,\"caption\":\"COM Group Ecommerce\"},\"image\":{\"@id\":\"https:\\\/\\\/www.malinashop.lt\\\/#\\\/schema\\\/logo\\\/image\\\/\"}}]}<\/script>\n<!-- \/ Yoast SEO plugin. -->","yoast_head_json":{"title":"SKINLOVERS 4 \u017eingsni\u0173 veido prie\u017ei\u016bros rinkinys dehidratuotai odai - MalinaShop.lt J\u016bs\u0173 sveikatai ir gro\u017eiui.","description":"SKINLOVERS 4 \u017eingsni\u0173 veido prie\u017ei\u016bros rinkinys dehidratuotai odai \u2013 intensyviai dr\u0117kina, ramina ir gerina odos ton\u0105. Matomi rezultatai per 28 dienas.","robots":{"index":"index","follow":"follow","max-snippet":"max-snippet:-1","max-image-preview":"max-image-preview:large","max-video-preview":"max-video-preview:-1"},"canonical":"https:\/\/www.malinashop.lt\/en\/shop\/skinlovers-4-zingsniu-veido-prieziuros-rinkinys-dehidratuotai-odai\/","og_locale":"en_GB","og_type":"article","og_title":"SKINLOVERS 4 \u017eingsni\u0173 veido prie\u017ei\u016bros rinkinys dehidratuotai odai - MalinaShop.lt J\u016bs\u0173 sveikatai ir gro\u017eiui.","og_description":"SKINLOVERS 4 \u017eingsni\u0173 veido prie\u017ei\u016bros rinkinys dehidratuotai odai \u2013 intensyviai dr\u0117kina, ramina ir gerina odos ton\u0105. Matomi rezultatai per 28 dienas.","og_url":"https:\/\/www.malinashop.lt\/en\/shop\/skinlovers-4-zingsniu-veido-prieziuros-rinkinys-dehidratuotai-odai\/","og_site_name":"MalinaShop.lt J\u016bs\u0173 sveikatai ir gro\u017eiui.","article_modified_time":"2026-02-10T10:11:10+00:00","og_image":[{"width":2000,"height":2000,"url":"https:\/\/www.malinashop.lt\/wp-content\/uploads\/2025\/11\/naujas-rinkiniui-grey.png","type":"image\/png"}],"twitter_card":"summary_large_image","schema":{"@context":"https:\/\/schema.org","@graph":[{"@type":"WebPage","@id":"https:\/\/www.malinashop.lt\/shop\/skinlovers-4-zingsniu-veido-prieziuros-rinkinys-dehidratuotai-odai\/","url":"https:\/\/www.malinashop.lt\/shop\/skinlovers-4-zingsniu-veido-prieziuros-rinkinys-dehidratuotai-odai\/","name":"SKINLOVERS 4 \u017eingsni\u0173 veido prie\u017ei\u016bros rinkinys dehidratuotai odai - MalinaShop.lt J\u016bs\u0173 sveikatai ir gro\u017eiui.","isPartOf":{"@id":"https:\/\/www.malinashop.lt\/#website"},"primaryImageOfPage":{"@id":"https:\/\/www.malinashop.lt\/shop\/skinlovers-4-zingsniu-veido-prieziuros-rinkinys-dehidratuotai-odai\/#primaryimage"},"image":{"@id":"https:\/\/www.malinashop.lt\/shop\/skinlovers-4-zingsniu-veido-prieziuros-rinkinys-dehidratuotai-odai\/#primaryimage"},"thumbnailUrl":"https:\/\/www.malinashop.lt\/wp-content\/uploads\/2025\/11\/naujas-rinkiniui-grey.png","datePublished":"2025-11-25T13:33:18+00:00","dateModified":"2026-02-10T10:11:10+00:00","description":"SKINLOVERS 4 \u017eingsni\u0173 veido prie\u017ei\u016bros rinkinys dehidratuotai odai \u2013 intensyviai dr\u0117kina, ramina ir gerina odos ton\u0105. Matomi rezultatai per 28 dienas.","breadcrumb":{"@id":"https:\/\/www.malinashop.lt\/shop\/skinlovers-4-zingsniu-veido-prieziuros-rinkinys-dehidratuotai-odai\/#breadcrumb"},"inLanguage":"en-GB","potentialAction":[{"@type":"ReadAction","target":["https:\/\/www.malinashop.lt\/shop\/skinlovers-4-zingsniu-veido-prieziuros-rinkinys-dehidratuotai-odai\/"]}]},{"@type":"ImageObject","inLanguage":"en-GB","@id":"https:\/\/www.malinashop.lt\/shop\/skinlovers-4-zingsniu-veido-prieziuros-rinkinys-dehidratuotai-odai\/#primaryimage","url":"https:\/\/www.malinashop.lt\/wp-content\/uploads\/2025\/11\/naujas-rinkiniui-grey.png","contentUrl":"https:\/\/www.malinashop.lt\/wp-content\/uploads\/2025\/11\/naujas-rinkiniui-grey.png","width":2000,"height":2000},{"@type":"BreadcrumbList","@id":"https:\/\/www.malinashop.lt\/shop\/skinlovers-4-zingsniu-veido-prieziuros-rinkinys-dehidratuotai-odai\/#breadcrumb","itemListElement":[{"@type":"ListItem","position":1,"name":"Pagrindinis","item":"https:\/\/www.malinashop.lt\/"},{"@type":"ListItem","position":2,"name":"Parduotuv\u0117","item":"https:\/\/www.malinashop.lt\/en\/parduotuve\/"},{"@type":"ListItem","position":3,"name":"SKINLOVERS 4 \u017eingsni\u0173 veido prie\u017ei\u016bros rinkinys dehidratuotai odai"}]},{"@type":"WebSite","@id":"https:\/\/www.malinashop.lt\/#website","url":"https:\/\/www.malinashop.lt\/","name":"COM Group Ecommerce","description":"MalinaShop.lt - Gro\u017eio ir sveikatos produktai i\u0161 patikim\u0173 preki\u0173 \u017eenkl\u0173. Atraskite auk\u0161tos kokyb\u0117s kosmetik\u0105 u\u017e puiki\u0105 kain\u0105.","publisher":{"@id":"https:\/\/www.malinashop.lt\/#organization"},"potentialAction":[{"@type":"SearchAction","target":{"@type":"EntryPoint","urlTemplate":"https:\/\/www.malinashop.lt\/?s={search_term_string}"},"query-input":{"@type":"PropertyValueSpecification","valueRequired":true,"valueName":"search_term_string"}}],"inLanguage":"en-GB"},{"@type":"Organization","@id":"https:\/\/www.malinashop.lt\/#organization","name":"COM Group Ecommerce","url":"https:\/\/www.malinashop.lt\/","logo":{"@type":"ImageObject","inLanguage":"en-GB","@id":"https:\/\/www.malinashop.lt\/#\/schema\/logo\/image\/","url":"https:\/\/www.malinashop.lt\/wp-content\/uploads\/2024\/08\/462559670_3787732518133670_9795632669273463_n-e1731525914575.png","contentUrl":"https:\/\/www.malinashop.lt\/wp-content\/uploads\/2024\/08\/462559670_3787732518133670_9795632669273463_n-e1731525914575.png","width":180,"height":60,"caption":"COM Group Ecommerce"},"image":{"@id":"https:\/\/www.malinashop.lt\/#\/schema\/logo\/image\/"}}]}},"jetpack_sharing_enabled":true,"_links":{"self":[{"href":"https:\/\/www.malinashop.lt\/en\/wp-json\/wp\/v2\/product\/69065","targetHints":{"allow":["GET"]}}],"collection":[{"href":"https:\/\/www.malinashop.lt\/en\/wp-json\/wp\/v2\/product"}],"about":[{"href":"https:\/\/www.malinashop.lt\/en\/wp-json\/wp\/v2\/types\/product"}],"version-history":[{"count":2,"href":"https:\/\/www.malinashop.lt\/en\/wp-json\/wp\/v2\/product\/69065\/revisions"}],"predecessor-version":[{"id":72021,"href":"https:\/\/www.malinashop.lt\/en\/wp-json\/wp\/v2\/product\/69065\/revisions\/72021"}],"wp:featuredmedia":[{"embeddable":true,"href":"https:\/\/www.malinashop.lt\/en\/wp-json\/wp\/v2\/media\/62364"}],"wp:attachment":[{"href":"https:\/\/www.malinashop.lt\/en\/wp-json\/wp\/v2\/media?parent=69065"}],"wp:term":[{"taxonomy":"product_brand","embeddable":true,"href":"https:\/\/www.malinashop.lt\/en\/wp-json\/wp\/v2\/product_brand?post=69065"},{"taxonomy":"product_cat","embeddable":true,"href":"https:\/\/www.malinashop.lt\/en\/wp-json\/wp\/v2\/product_cat?post=69065"},{"taxonomy":"product_tag","embeddable":true,"href":"https:\/\/www.malinashop.lt\/en\/wp-json\/wp\/v2\/product_tag?post=69065"}],"curies":[{"name":"wp","href":"https:\/\/api.w.org\/{rel}","templated":true}]}}