{"id":69053,"date":"2025-11-25T16:33:10","date_gmt":"2025-11-25T13:33:10","guid":{"rendered":"https:\/\/malinashop.lt\/?post_type=product&#038;p=69053"},"modified":"2026-02-10T13:11:12","modified_gmt":"2026-02-10T10:11:12","slug":"skinlovers-svelnus-veido-odos-prausiklis-extra-rich-cleansing-milk-100ml","status":"publish","type":"product","link":"https:\/\/www.malinashop.lt\/en\/shop\/skinlovers-svelnus-veido-odos-prausiklis-extra-rich-cleansing-milk-100ml\/","title":{"rendered":"SKINLOVERS \u0161velnus veido odos prausiklis EXTRA RICH CLEANSING MILK, 100ml"},"content":{"rendered":"<p data-start=\"164\" data-end=\"531\"><strong data-start=\"164\" data-end=\"245\">SKINLOVERS #1 \u0161velnus veido odos prausiklis EXTRA RICH CLEANSING MILK, 100 ml<\/strong> \u2013 tai itin \u0161velnios, pienelio konsistencijos valiklis, sukurtas kasdieniam odos prausimui ir makia\u017eo \u0161alinimui. Formul\u0117 praturtinta veiksmingais, ta\u010diau draugi\u0161kais odai ingredientais, kurie padeda pa\u0161alinti ne\u0161varumus, suma\u017einti bakterij\u0173 dauginim\u0105si ir palaikyti sveik\u0105 odos balans\u0105.<\/p>\n<p data-start=\"533\" data-end=\"785\">Prausiklis efektyviai valo, bet tuo pa\u010diu saugo nat\u016bral\u0173 odos apsaugin\u012f barjer\u0105, tod\u0117l po naudojimo oda i\u0161lieka \u0161velni, komforti\u0161ka ir sudr\u0117kinta. Jis nekelia tempimo ar sausumo poj\u016b\u010dio, o \u0161velni tekst\u016bra maloniai slysta oda ir suteikia gaivumo jausm\u0105.<\/p>\n<p data-start=\"787\" data-end=\"886\">Tinka kasdieniam naudojimui visiems odos tipams, ypa\u010d jautriai, sausai ir \u012f tempim\u0105 linkusiai odai.<\/p>\n<h4 data-start=\"888\" data-end=\"920\"><strong data-start=\"892\" data-end=\"920\">Pagrindiniai privalumai:<\/strong><\/h4>\n<ul data-start=\"921\" data-end=\"1197\">\n<li data-start=\"921\" data-end=\"981\">\n<p data-start=\"923\" data-end=\"981\">\u0160velniai, bet veiksmingai pa\u0161alina ne\u0161varumus ir makia\u017e\u0105<\/p>\n<\/li>\n<li data-start=\"982\" data-end=\"1023\">\n<p data-start=\"984\" data-end=\"1023\">Nekenkia odos hidrolipidinei pl\u0117velei<\/p>\n<\/li>\n<li data-start=\"1024\" data-end=\"1079\">\n<p data-start=\"1026\" data-end=\"1079\">Padeda kovoti su bakterijomis ir palaiko \u0161vari\u0105 od\u0105<\/p>\n<\/li>\n<li data-start=\"1080\" data-end=\"1120\">\n<p data-start=\"1082\" data-end=\"1120\">Nesukelia tempimo ar sausumo poj\u016b\u010dio<\/p>\n<\/li>\n<li data-start=\"1121\" data-end=\"1167\">\n<p data-start=\"1123\" data-end=\"1167\">Palieka od\u0105 mink\u0161t\u0105, gaivi\u0105 ir komforti\u0161k\u0105<\/p>\n<\/li>\n<li data-start=\"1168\" data-end=\"1197\">\n<p data-start=\"1170\" data-end=\"1197\">Tinka kasdieniam naudojimui<\/p>\n<\/li>\n<\/ul>\n","protected":false},"excerpt":{"rendered":"<p data-start=\"1242\" data-end=\"1443\">\u0160velnios pienelio tekst\u016bros SKINLOVERS #1 veido prausiklis efektyviai pa\u0161alina ne\u0161varumus ir makia\u017eo liku\u010dius, nesausindamas odos. Saugo hidrolipidin\u0119 pl\u0117vel\u0119, ramina ir palieka od\u0105 mink\u0161t\u0105 bei gaivi\u0105.<\/p>\n","protected":false},"featured_media":62329,"template":"","meta":[],"product_brand":[1528],"product_cat":[537,728],"product_tag":[1622],"class_list":{"0":"post-69053","1":"product","2":"type-product","3":"status-publish","4":"has-post-thumbnail","6":"product_brand-skinlovers","7":"product_cat-veido-valymo-priemones","8":"product_cat-veidui","9":"product_tag-skinlovers","11":"first","12":"instock","13":"purchasable","14":"product-type-simple"},"yoast_head":"<!-- This site is optimized with the Yoast SEO plugin v27.4 - https:\/\/yoast.com\/product\/yoast-seo-wordpress\/ -->\n<title>SKINLOVERS \u0161velnus veido odos prausiklis EXTRA RICH CLEANSING MILK, 100ml - MalinaShop.lt J\u016bs\u0173 sveikatai ir gro\u017eiui.<\/title>\n<meta name=\"description\" content=\"\u0160velnus SKINLOVERS #1 veido prausiklis su pienelio tekst\u016bra \u0161velniai valo ir saugo od\u0105. Pa\u0161alina makia\u017e\u0105, nedirgina ir i\u0161laiko dr\u0117gm\u0117s balans\u0105.\" \/>\n<meta name=\"robots\" content=\"index, follow, max-snippet:-1, max-image-preview:large, max-video-preview:-1\" \/>\n<link rel=\"canonical\" href=\"https:\/\/www.malinashop.lt\/en\/shop\/skinlovers-svelnus-veido-odos-prausiklis-extra-rich-cleansing-milk-100ml\/\" \/>\n<meta property=\"og:locale\" content=\"en_GB\" \/>\n<meta property=\"og:type\" content=\"article\" \/>\n<meta property=\"og:title\" content=\"SKINLOVERS \u0161velnus veido odos prausiklis EXTRA RICH CLEANSING MILK, 100ml - MalinaShop.lt J\u016bs\u0173 sveikatai ir gro\u017eiui.\" \/>\n<meta property=\"og:description\" content=\"\u0160velnus SKINLOVERS #1 veido prausiklis su pienelio tekst\u016bra \u0161velniai valo ir saugo od\u0105. Pa\u0161alina makia\u017e\u0105, nedirgina ir i\u0161laiko dr\u0117gm\u0117s balans\u0105.\" \/>\n<meta property=\"og:url\" content=\"https:\/\/www.malinashop.lt\/en\/shop\/skinlovers-svelnus-veido-odos-prausiklis-extra-rich-cleansing-milk-100ml\/\" \/>\n<meta property=\"og:site_name\" content=\"MalinaShop.lt J\u016bs\u0173 sveikatai ir gro\u017eiui.\" \/>\n<meta property=\"article:modified_time\" content=\"2026-02-10T10:11:12+00:00\" \/>\n<meta property=\"og:image\" content=\"https:\/\/www.malinashop.lt\/wp-content\/uploads\/2025\/11\/praus1.png\" \/>\n\t<meta property=\"og:image:width\" content=\"2048\" \/>\n\t<meta property=\"og:image:height\" content=\"2048\" \/>\n\t<meta property=\"og:image:type\" content=\"image\/png\" \/>\n<meta name=\"twitter:card\" content=\"summary_large_image\" \/>\n<script type=\"application\/ld+json\" class=\"yoast-schema-graph\">{\"@context\":\"https:\\\/\\\/schema.org\",\"@graph\":[{\"@type\":\"WebPage\",\"@id\":\"https:\\\/\\\/www.malinashop.lt\\\/shop\\\/skinlovers-svelnus-veido-odos-prausiklis-extra-rich-cleansing-milk-100ml\\\/\",\"url\":\"https:\\\/\\\/www.malinashop.lt\\\/shop\\\/skinlovers-svelnus-veido-odos-prausiklis-extra-rich-cleansing-milk-100ml\\\/\",\"name\":\"SKINLOVERS \u0161velnus veido odos prausiklis EXTRA RICH CLEANSING MILK, 100ml - MalinaShop.lt J\u016bs\u0173 sveikatai ir gro\u017eiui.\",\"isPartOf\":{\"@id\":\"https:\\\/\\\/www.malinashop.lt\\\/#website\"},\"primaryImageOfPage\":{\"@id\":\"https:\\\/\\\/www.malinashop.lt\\\/shop\\\/skinlovers-svelnus-veido-odos-prausiklis-extra-rich-cleansing-milk-100ml\\\/#primaryimage\"},\"image\":{\"@id\":\"https:\\\/\\\/www.malinashop.lt\\\/shop\\\/skinlovers-svelnus-veido-odos-prausiklis-extra-rich-cleansing-milk-100ml\\\/#primaryimage\"},\"thumbnailUrl\":\"https:\\\/\\\/www.malinashop.lt\\\/wp-content\\\/uploads\\\/2025\\\/11\\\/praus1.png\",\"datePublished\":\"2025-11-25T13:33:10+00:00\",\"dateModified\":\"2026-02-10T10:11:12+00:00\",\"description\":\"\u0160velnus SKINLOVERS #1 veido prausiklis su pienelio tekst\u016bra \u0161velniai valo ir saugo od\u0105. Pa\u0161alina makia\u017e\u0105, nedirgina ir i\u0161laiko dr\u0117gm\u0117s balans\u0105.\",\"breadcrumb\":{\"@id\":\"https:\\\/\\\/www.malinashop.lt\\\/shop\\\/skinlovers-svelnus-veido-odos-prausiklis-extra-rich-cleansing-milk-100ml\\\/#breadcrumb\"},\"inLanguage\":\"en-GB\",\"potentialAction\":[{\"@type\":\"ReadAction\",\"target\":[\"https:\\\/\\\/www.malinashop.lt\\\/shop\\\/skinlovers-svelnus-veido-odos-prausiklis-extra-rich-cleansing-milk-100ml\\\/\"]}]},{\"@type\":\"ImageObject\",\"inLanguage\":\"en-GB\",\"@id\":\"https:\\\/\\\/www.malinashop.lt\\\/shop\\\/skinlovers-svelnus-veido-odos-prausiklis-extra-rich-cleansing-milk-100ml\\\/#primaryimage\",\"url\":\"https:\\\/\\\/www.malinashop.lt\\\/wp-content\\\/uploads\\\/2025\\\/11\\\/praus1.png\",\"contentUrl\":\"https:\\\/\\\/www.malinashop.lt\\\/wp-content\\\/uploads\\\/2025\\\/11\\\/praus1.png\",\"width\":2048,\"height\":2048},{\"@type\":\"BreadcrumbList\",\"@id\":\"https:\\\/\\\/www.malinashop.lt\\\/shop\\\/skinlovers-svelnus-veido-odos-prausiklis-extra-rich-cleansing-milk-100ml\\\/#breadcrumb\",\"itemListElement\":[{\"@type\":\"ListItem\",\"position\":1,\"name\":\"Pagrindinis\",\"item\":\"https:\\\/\\\/www.malinashop.lt\\\/\"},{\"@type\":\"ListItem\",\"position\":2,\"name\":\"Parduotuv\u0117\",\"item\":\"https:\\\/\\\/www.malinashop.lt\\\/en\\\/parduotuve\\\/\"},{\"@type\":\"ListItem\",\"position\":3,\"name\":\"SKINLOVERS \u0161velnus veido odos prausiklis EXTRA RICH CLEANSING MILK, 100ml\"}]},{\"@type\":\"WebSite\",\"@id\":\"https:\\\/\\\/www.malinashop.lt\\\/#website\",\"url\":\"https:\\\/\\\/www.malinashop.lt\\\/\",\"name\":\"COM Group Ecommerce\",\"description\":\"MalinaShop.lt - Gro\u017eio ir sveikatos produktai i\u0161 patikim\u0173 preki\u0173 \u017eenkl\u0173. Atraskite auk\u0161tos kokyb\u0117s kosmetik\u0105 u\u017e puiki\u0105 kain\u0105.\",\"publisher\":{\"@id\":\"https:\\\/\\\/www.malinashop.lt\\\/#organization\"},\"potentialAction\":[{\"@type\":\"SearchAction\",\"target\":{\"@type\":\"EntryPoint\",\"urlTemplate\":\"https:\\\/\\\/www.malinashop.lt\\\/?s={search_term_string}\"},\"query-input\":{\"@type\":\"PropertyValueSpecification\",\"valueRequired\":true,\"valueName\":\"search_term_string\"}}],\"inLanguage\":\"en-GB\"},{\"@type\":\"Organization\",\"@id\":\"https:\\\/\\\/www.malinashop.lt\\\/#organization\",\"name\":\"COM Group Ecommerce\",\"url\":\"https:\\\/\\\/www.malinashop.lt\\\/\",\"logo\":{\"@type\":\"ImageObject\",\"inLanguage\":\"en-GB\",\"@id\":\"https:\\\/\\\/www.malinashop.lt\\\/#\\\/schema\\\/logo\\\/image\\\/\",\"url\":\"https:\\\/\\\/www.malinashop.lt\\\/wp-content\\\/uploads\\\/2024\\\/08\\\/462559670_3787732518133670_9795632669273463_n-e1731525914575.png\",\"contentUrl\":\"https:\\\/\\\/www.malinashop.lt\\\/wp-content\\\/uploads\\\/2024\\\/08\\\/462559670_3787732518133670_9795632669273463_n-e1731525914575.png\",\"width\":180,\"height\":60,\"caption\":\"COM Group Ecommerce\"},\"image\":{\"@id\":\"https:\\\/\\\/www.malinashop.lt\\\/#\\\/schema\\\/logo\\\/image\\\/\"}}]}<\/script>\n<!-- \/ Yoast SEO plugin. -->","yoast_head_json":{"title":"SKINLOVERS \u0161velnus veido odos prausiklis EXTRA RICH CLEANSING MILK, 100ml - MalinaShop.lt J\u016bs\u0173 sveikatai ir gro\u017eiui.","description":"\u0160velnus SKINLOVERS #1 veido prausiklis su pienelio tekst\u016bra \u0161velniai valo ir saugo od\u0105. Pa\u0161alina makia\u017e\u0105, nedirgina ir i\u0161laiko dr\u0117gm\u0117s balans\u0105.","robots":{"index":"index","follow":"follow","max-snippet":"max-snippet:-1","max-image-preview":"max-image-preview:large","max-video-preview":"max-video-preview:-1"},"canonical":"https:\/\/www.malinashop.lt\/en\/shop\/skinlovers-svelnus-veido-odos-prausiklis-extra-rich-cleansing-milk-100ml\/","og_locale":"en_GB","og_type":"article","og_title":"SKINLOVERS \u0161velnus veido odos prausiklis EXTRA RICH CLEANSING MILK, 100ml - MalinaShop.lt J\u016bs\u0173 sveikatai ir gro\u017eiui.","og_description":"\u0160velnus SKINLOVERS #1 veido prausiklis su pienelio tekst\u016bra \u0161velniai valo ir saugo od\u0105. Pa\u0161alina makia\u017e\u0105, nedirgina ir i\u0161laiko dr\u0117gm\u0117s balans\u0105.","og_url":"https:\/\/www.malinashop.lt\/en\/shop\/skinlovers-svelnus-veido-odos-prausiklis-extra-rich-cleansing-milk-100ml\/","og_site_name":"MalinaShop.lt J\u016bs\u0173 sveikatai ir gro\u017eiui.","article_modified_time":"2026-02-10T10:11:12+00:00","og_image":[{"width":2048,"height":2048,"url":"https:\/\/www.malinashop.lt\/wp-content\/uploads\/2025\/11\/praus1.png","type":"image\/png"}],"twitter_card":"summary_large_image","schema":{"@context":"https:\/\/schema.org","@graph":[{"@type":"WebPage","@id":"https:\/\/www.malinashop.lt\/shop\/skinlovers-svelnus-veido-odos-prausiklis-extra-rich-cleansing-milk-100ml\/","url":"https:\/\/www.malinashop.lt\/shop\/skinlovers-svelnus-veido-odos-prausiklis-extra-rich-cleansing-milk-100ml\/","name":"SKINLOVERS \u0161velnus veido odos prausiklis EXTRA RICH CLEANSING MILK, 100ml - MalinaShop.lt J\u016bs\u0173 sveikatai ir gro\u017eiui.","isPartOf":{"@id":"https:\/\/www.malinashop.lt\/#website"},"primaryImageOfPage":{"@id":"https:\/\/www.malinashop.lt\/shop\/skinlovers-svelnus-veido-odos-prausiklis-extra-rich-cleansing-milk-100ml\/#primaryimage"},"image":{"@id":"https:\/\/www.malinashop.lt\/shop\/skinlovers-svelnus-veido-odos-prausiklis-extra-rich-cleansing-milk-100ml\/#primaryimage"},"thumbnailUrl":"https:\/\/www.malinashop.lt\/wp-content\/uploads\/2025\/11\/praus1.png","datePublished":"2025-11-25T13:33:10+00:00","dateModified":"2026-02-10T10:11:12+00:00","description":"\u0160velnus SKINLOVERS #1 veido prausiklis su pienelio tekst\u016bra \u0161velniai valo ir saugo od\u0105. Pa\u0161alina makia\u017e\u0105, nedirgina ir i\u0161laiko dr\u0117gm\u0117s balans\u0105.","breadcrumb":{"@id":"https:\/\/www.malinashop.lt\/shop\/skinlovers-svelnus-veido-odos-prausiklis-extra-rich-cleansing-milk-100ml\/#breadcrumb"},"inLanguage":"en-GB","potentialAction":[{"@type":"ReadAction","target":["https:\/\/www.malinashop.lt\/shop\/skinlovers-svelnus-veido-odos-prausiklis-extra-rich-cleansing-milk-100ml\/"]}]},{"@type":"ImageObject","inLanguage":"en-GB","@id":"https:\/\/www.malinashop.lt\/shop\/skinlovers-svelnus-veido-odos-prausiklis-extra-rich-cleansing-milk-100ml\/#primaryimage","url":"https:\/\/www.malinashop.lt\/wp-content\/uploads\/2025\/11\/praus1.png","contentUrl":"https:\/\/www.malinashop.lt\/wp-content\/uploads\/2025\/11\/praus1.png","width":2048,"height":2048},{"@type":"BreadcrumbList","@id":"https:\/\/www.malinashop.lt\/shop\/skinlovers-svelnus-veido-odos-prausiklis-extra-rich-cleansing-milk-100ml\/#breadcrumb","itemListElement":[{"@type":"ListItem","position":1,"name":"Pagrindinis","item":"https:\/\/www.malinashop.lt\/"},{"@type":"ListItem","position":2,"name":"Parduotuv\u0117","item":"https:\/\/www.malinashop.lt\/en\/parduotuve\/"},{"@type":"ListItem","position":3,"name":"SKINLOVERS \u0161velnus veido odos prausiklis EXTRA RICH CLEANSING MILK, 100ml"}]},{"@type":"WebSite","@id":"https:\/\/www.malinashop.lt\/#website","url":"https:\/\/www.malinashop.lt\/","name":"COM Group Ecommerce","description":"MalinaShop.lt - Gro\u017eio ir sveikatos produktai i\u0161 patikim\u0173 preki\u0173 \u017eenkl\u0173. Atraskite auk\u0161tos kokyb\u0117s kosmetik\u0105 u\u017e puiki\u0105 kain\u0105.","publisher":{"@id":"https:\/\/www.malinashop.lt\/#organization"},"potentialAction":[{"@type":"SearchAction","target":{"@type":"EntryPoint","urlTemplate":"https:\/\/www.malinashop.lt\/?s={search_term_string}"},"query-input":{"@type":"PropertyValueSpecification","valueRequired":true,"valueName":"search_term_string"}}],"inLanguage":"en-GB"},{"@type":"Organization","@id":"https:\/\/www.malinashop.lt\/#organization","name":"COM Group Ecommerce","url":"https:\/\/www.malinashop.lt\/","logo":{"@type":"ImageObject","inLanguage":"en-GB","@id":"https:\/\/www.malinashop.lt\/#\/schema\/logo\/image\/","url":"https:\/\/www.malinashop.lt\/wp-content\/uploads\/2024\/08\/462559670_3787732518133670_9795632669273463_n-e1731525914575.png","contentUrl":"https:\/\/www.malinashop.lt\/wp-content\/uploads\/2024\/08\/462559670_3787732518133670_9795632669273463_n-e1731525914575.png","width":180,"height":60,"caption":"COM Group Ecommerce"},"image":{"@id":"https:\/\/www.malinashop.lt\/#\/schema\/logo\/image\/"}}]}},"jetpack_sharing_enabled":true,"_links":{"self":[{"href":"https:\/\/www.malinashop.lt\/en\/wp-json\/wp\/v2\/product\/69053","targetHints":{"allow":["GET"]}}],"collection":[{"href":"https:\/\/www.malinashop.lt\/en\/wp-json\/wp\/v2\/product"}],"about":[{"href":"https:\/\/www.malinashop.lt\/en\/wp-json\/wp\/v2\/types\/product"}],"version-history":[{"count":2,"href":"https:\/\/www.malinashop.lt\/en\/wp-json\/wp\/v2\/product\/69053\/revisions"}],"predecessor-version":[{"id":72024,"href":"https:\/\/www.malinashop.lt\/en\/wp-json\/wp\/v2\/product\/69053\/revisions\/72024"}],"wp:featuredmedia":[{"embeddable":true,"href":"https:\/\/www.malinashop.lt\/en\/wp-json\/wp\/v2\/media\/62329"}],"wp:attachment":[{"href":"https:\/\/www.malinashop.lt\/en\/wp-json\/wp\/v2\/media?parent=69053"}],"wp:term":[{"taxonomy":"product_brand","embeddable":true,"href":"https:\/\/www.malinashop.lt\/en\/wp-json\/wp\/v2\/product_brand?post=69053"},{"taxonomy":"product_cat","embeddable":true,"href":"https:\/\/www.malinashop.lt\/en\/wp-json\/wp\/v2\/product_cat?post=69053"},{"taxonomy":"product_tag","embeddable":true,"href":"https:\/\/www.malinashop.lt\/en\/wp-json\/wp\/v2\/product_tag?post=69053"}],"curies":[{"name":"wp","href":"https:\/\/api.w.org\/{rel}","templated":true}]}}