{"id":69039,"date":"2025-11-25T16:33:10","date_gmt":"2025-11-25T13:33:10","guid":{"rendered":"https:\/\/malinashop.lt\/?post_type=product&#038;p=69039"},"modified":"2026-02-10T13:11:10","modified_gmt":"2026-02-10T10:11:10","slug":"skinlovers-lengvos-teksturos-kremas-su-beta-gliukanu-ir-pantenoliu-powerfully-hydrating-emulsion-30ml","status":"publish","type":"product","link":"https:\/\/www.malinashop.lt\/en\/shop\/skinlovers-lengvos-teksturos-kremas-su-beta-gliukanu-ir-pantenoliu-powerfully-hydrating-emulsion-30ml\/","title":{"rendered":"SKINLOVERS lengvos tekst\u016bros kremas su beta gliukanu ir pantenoliu POWERFULLY HYDRATING EMULSION, 30ml"},"content":{"rendered":"<p data-start=\"182\" data-end=\"684\"><strong data-start=\"182\" data-end=\"293\">SKINLOVERS #4 lengvos tekst\u016bros kremas su beta gliukanu ir pantenoliu POWERFULLY HYDRATING EMULSION (30 ml)<\/strong> \u2013 tai intensyviai dr\u0117kinanti veido emulsija, sukurta atkurti nat\u016brali\u0105 odos pusiausvyr\u0105 ir suteikti ilgalaik\u012f komforto jausm\u0105. Lengva konsistencija akimirksniu \u012fsigeria, nepalieka lipnumo ir suteikia gaivumo poj\u016bt\u012f visai dienai. Formul\u0117je esantys augalin\u0117s kilm\u0117s ingredientai, beta gliukanas ir pantenolis stiprina odos barjer\u0105, ramina sudirgimus ir padeda i\u0161laikyti sveik\u0105 odos strukt\u016br\u0105.<\/p>\n<p data-start=\"686\" data-end=\"1010\">Kremas puikiai tinka visiems odos tipams ir visais sezonais \u2013 nuo sausos iki mi\u0161rios. Jis neapsunkina odos, nekem\u0161a por\u0173 ir suteikia ilgalaik\u012f dr\u0117kinim\u0105, skverbdamasis \u012f giliuosius odos sluoksnius. Reguliariai naudojant, oda tampa lygesn\u0117, elastingesn\u0117, suma\u017e\u0117ja \u0161erpetojimas, tempimo poj\u016btis ir smulkios mimikos rauk\u0161lel\u0117s.<\/p>\n<p data-start=\"1012\" data-end=\"1038\"><strong data-start=\"1012\" data-end=\"1038\">Svarbiausi privalumai:<\/strong><\/p>\n<ul data-start=\"1040\" data-end=\"1287\">\n<li data-start=\"1040\" data-end=\"1078\">\n<p data-start=\"1042\" data-end=\"1078\">Intensyviai dr\u0117kina ir maitina od\u0105<\/p>\n<\/li>\n<li data-start=\"1079\" data-end=\"1113\">\n<p data-start=\"1081\" data-end=\"1113\">Atkuria apsaugin\u012f odos barjer\u0105<\/p>\n<\/li>\n<li data-start=\"1114\" data-end=\"1163\">\n<p data-start=\"1116\" data-end=\"1163\">Ma\u017eina sausum\u0105, \u0161erpetojim\u0105 ir tempimo poj\u016bt\u012f<\/p>\n<\/li>\n<li data-start=\"1164\" data-end=\"1203\">\n<p data-start=\"1166\" data-end=\"1203\">Padeda suma\u017einti mimikos rauk\u0161leles<\/p>\n<\/li>\n<li data-start=\"1204\" data-end=\"1243\">\n<p data-start=\"1206\" data-end=\"1243\">Lengva, greitai \u012fsigerianti formul\u0117<\/p>\n<\/li>\n<li data-start=\"1244\" data-end=\"1287\">\n<p data-start=\"1246\" data-end=\"1287\">Nekem\u0161a por\u0173, tinka visais met\u0173 laikais<\/p>\n<\/li>\n<\/ul>\n<p data-start=\"1289\" data-end=\"1407\">\u0160is kremas \u2013 puikus kasdien\u0117s odos prie\u017ei\u016bros pasirinkimas siekiant ilgalaikio dr\u0117kinimo ir sveikos, skaistesn\u0117s odos.<\/p>\n","protected":false},"excerpt":{"rendered":"<p data-start=\"1448\" data-end=\"1681\">Lengvos tekst\u016bros dr\u0117kinamoji emulsija su beta gliukanu ir pantenoliu intensyviai dr\u0117kina od\u0105, atstato jos apsaugin\u012f barjer\u0105 ir ma\u017eina sausumo po\u017eymius. Greitai \u012fsigeria, nekem\u0161a por\u0173 ir tinka visiems odos tipams visais met\u0173 laikais.<\/p>\n","protected":false},"featured_media":62292,"template":"","meta":[],"product_brand":[1528],"product_cat":[541,731],"product_tag":[1622],"class_list":{"0":"post-69039","1":"product","2":"type-product","3":"status-publish","4":"has-post-thumbnail","6":"product_brand-skinlovers","7":"product_cat-kuno-kremai","8":"product_cat-kunui","9":"product_tag-skinlovers","11":"first","12":"instock","13":"purchasable","14":"product-type-simple"},"yoast_head":"<!-- This site is optimized with the Yoast SEO plugin v27.4 - https:\/\/yoast.com\/product\/yoast-seo-wordpress\/ -->\n<title>SKINLOVERS lengvos tekst\u016bros kremas su beta gliukanu ir pantenoliu POWERFULLY HYDRATING EMULSION, 30ml - MalinaShop.lt J\u016bs\u0173 sveikatai ir gro\u017eiui.<\/title>\n<meta name=\"description\" content=\"Lengvos tekst\u016bros SKINLOVERS emulsija su beta gliukanu ir pantenoliu intensyviai dr\u0117kina, ramina ir atkuria odos barjer\u0105. Tinka visiems odos tipams.\" \/>\n<meta name=\"robots\" content=\"index, follow, max-snippet:-1, max-image-preview:large, max-video-preview:-1\" \/>\n<link rel=\"canonical\" href=\"https:\/\/www.malinashop.lt\/en\/shop\/skinlovers-lengvos-teksturos-kremas-su-beta-gliukanu-ir-pantenoliu-powerfully-hydrating-emulsion-30ml\/\" \/>\n<meta property=\"og:locale\" content=\"en_GB\" \/>\n<meta property=\"og:type\" content=\"article\" \/>\n<meta property=\"og:title\" content=\"SKINLOVERS lengvos tekst\u016bros kremas su beta gliukanu ir pantenoliu POWERFULLY HYDRATING EMULSION, 30ml - MalinaShop.lt J\u016bs\u0173 sveikatai ir gro\u017eiui.\" \/>\n<meta property=\"og:description\" content=\"Lengvos tekst\u016bros SKINLOVERS emulsija su beta gliukanu ir pantenoliu intensyviai dr\u0117kina, ramina ir atkuria odos barjer\u0105. Tinka visiems odos tipams.\" \/>\n<meta property=\"og:url\" content=\"https:\/\/www.malinashop.lt\/en\/shop\/skinlovers-lengvos-teksturos-kremas-su-beta-gliukanu-ir-pantenoliu-powerfully-hydrating-emulsion-30ml\/\" \/>\n<meta property=\"og:site_name\" content=\"MalinaShop.lt J\u016bs\u0173 sveikatai ir gro\u017eiui.\" \/>\n<meta property=\"article:modified_time\" content=\"2026-02-10T10:11:10+00:00\" \/>\n<meta property=\"og:image\" content=\"https:\/\/www.malinashop.lt\/wp-content\/uploads\/2025\/11\/emulsija1.png\" \/>\n\t<meta property=\"og:image:width\" content=\"2048\" \/>\n\t<meta property=\"og:image:height\" content=\"2048\" \/>\n\t<meta property=\"og:image:type\" content=\"image\/png\" \/>\n<meta name=\"twitter:card\" content=\"summary_large_image\" \/>\n<script type=\"application\/ld+json\" class=\"yoast-schema-graph\">{\"@context\":\"https:\\\/\\\/schema.org\",\"@graph\":[{\"@type\":\"WebPage\",\"@id\":\"https:\\\/\\\/www.malinashop.lt\\\/lt_lt\\\/shop\\\/skinlovers-lengvos-teksturos-kremas-su-beta-gliukanu-ir-pantenoliu-powerfully-hydrating-emulsion-30ml\\\/\",\"url\":\"https:\\\/\\\/www.malinashop.lt\\\/lt_lt\\\/shop\\\/skinlovers-lengvos-teksturos-kremas-su-beta-gliukanu-ir-pantenoliu-powerfully-hydrating-emulsion-30ml\\\/\",\"name\":\"SKINLOVERS lengvos tekst\u016bros kremas su beta gliukanu ir pantenoliu POWERFULLY HYDRATING EMULSION, 30ml - MalinaShop.lt J\u016bs\u0173 sveikatai ir gro\u017eiui.\",\"isPartOf\":{\"@id\":\"https:\\\/\\\/www.malinashop.lt\\\/#website\"},\"primaryImageOfPage\":{\"@id\":\"https:\\\/\\\/www.malinashop.lt\\\/lt_lt\\\/shop\\\/skinlovers-lengvos-teksturos-kremas-su-beta-gliukanu-ir-pantenoliu-powerfully-hydrating-emulsion-30ml\\\/#primaryimage\"},\"image\":{\"@id\":\"https:\\\/\\\/www.malinashop.lt\\\/lt_lt\\\/shop\\\/skinlovers-lengvos-teksturos-kremas-su-beta-gliukanu-ir-pantenoliu-powerfully-hydrating-emulsion-30ml\\\/#primaryimage\"},\"thumbnailUrl\":\"https:\\\/\\\/www.malinashop.lt\\\/wp-content\\\/uploads\\\/2025\\\/11\\\/emulsija1.png\",\"datePublished\":\"2025-11-25T13:33:10+00:00\",\"dateModified\":\"2026-02-10T10:11:10+00:00\",\"description\":\"Lengvos tekst\u016bros SKINLOVERS emulsija su beta gliukanu ir pantenoliu intensyviai dr\u0117kina, ramina ir atkuria odos barjer\u0105. Tinka visiems odos tipams.\",\"breadcrumb\":{\"@id\":\"https:\\\/\\\/www.malinashop.lt\\\/lt_lt\\\/shop\\\/skinlovers-lengvos-teksturos-kremas-su-beta-gliukanu-ir-pantenoliu-powerfully-hydrating-emulsion-30ml\\\/#breadcrumb\"},\"inLanguage\":\"en-GB\",\"potentialAction\":[{\"@type\":\"ReadAction\",\"target\":[\"https:\\\/\\\/www.malinashop.lt\\\/lt_lt\\\/shop\\\/skinlovers-lengvos-teksturos-kremas-su-beta-gliukanu-ir-pantenoliu-powerfully-hydrating-emulsion-30ml\\\/\"]}]},{\"@type\":\"ImageObject\",\"inLanguage\":\"en-GB\",\"@id\":\"https:\\\/\\\/www.malinashop.lt\\\/lt_lt\\\/shop\\\/skinlovers-lengvos-teksturos-kremas-su-beta-gliukanu-ir-pantenoliu-powerfully-hydrating-emulsion-30ml\\\/#primaryimage\",\"url\":\"https:\\\/\\\/www.malinashop.lt\\\/wp-content\\\/uploads\\\/2025\\\/11\\\/emulsija1.png\",\"contentUrl\":\"https:\\\/\\\/www.malinashop.lt\\\/wp-content\\\/uploads\\\/2025\\\/11\\\/emulsija1.png\",\"width\":2048,\"height\":2048},{\"@type\":\"BreadcrumbList\",\"@id\":\"https:\\\/\\\/www.malinashop.lt\\\/lt_lt\\\/shop\\\/skinlovers-lengvos-teksturos-kremas-su-beta-gliukanu-ir-pantenoliu-powerfully-hydrating-emulsion-30ml\\\/#breadcrumb\",\"itemListElement\":[{\"@type\":\"ListItem\",\"position\":1,\"name\":\"Pagrindinis\",\"item\":\"https:\\\/\\\/www.malinashop.lt\\\/\"},{\"@type\":\"ListItem\",\"position\":2,\"name\":\"Parduotuv\u0117\",\"item\":\"https:\\\/\\\/www.malinashop.lt\\\/en\\\/parduotuve\\\/\"},{\"@type\":\"ListItem\",\"position\":3,\"name\":\"SKINLOVERS lengvos tekst\u016bros kremas su beta gliukanu ir pantenoliu POWERFULLY HYDRATING EMULSION, 30ml\"}]},{\"@type\":\"WebSite\",\"@id\":\"https:\\\/\\\/www.malinashop.lt\\\/#website\",\"url\":\"https:\\\/\\\/www.malinashop.lt\\\/\",\"name\":\"COM Group Ecommerce\",\"description\":\"MalinaShop.lt - Gro\u017eio ir sveikatos produktai i\u0161 patikim\u0173 preki\u0173 \u017eenkl\u0173. Atraskite auk\u0161tos kokyb\u0117s kosmetik\u0105 u\u017e puiki\u0105 kain\u0105.\",\"publisher\":{\"@id\":\"https:\\\/\\\/www.malinashop.lt\\\/#organization\"},\"potentialAction\":[{\"@type\":\"SearchAction\",\"target\":{\"@type\":\"EntryPoint\",\"urlTemplate\":\"https:\\\/\\\/www.malinashop.lt\\\/?s={search_term_string}\"},\"query-input\":{\"@type\":\"PropertyValueSpecification\",\"valueRequired\":true,\"valueName\":\"search_term_string\"}}],\"inLanguage\":\"en-GB\"},{\"@type\":\"Organization\",\"@id\":\"https:\\\/\\\/www.malinashop.lt\\\/#organization\",\"name\":\"COM Group Ecommerce\",\"url\":\"https:\\\/\\\/www.malinashop.lt\\\/\",\"logo\":{\"@type\":\"ImageObject\",\"inLanguage\":\"en-GB\",\"@id\":\"https:\\\/\\\/www.malinashop.lt\\\/#\\\/schema\\\/logo\\\/image\\\/\",\"url\":\"https:\\\/\\\/www.malinashop.lt\\\/wp-content\\\/uploads\\\/2024\\\/08\\\/462559670_3787732518133670_9795632669273463_n-e1731525914575.png\",\"contentUrl\":\"https:\\\/\\\/www.malinashop.lt\\\/wp-content\\\/uploads\\\/2024\\\/08\\\/462559670_3787732518133670_9795632669273463_n-e1731525914575.png\",\"width\":180,\"height\":60,\"caption\":\"COM Group Ecommerce\"},\"image\":{\"@id\":\"https:\\\/\\\/www.malinashop.lt\\\/#\\\/schema\\\/logo\\\/image\\\/\"}}]}<\/script>\n<!-- \/ Yoast SEO plugin. -->","yoast_head_json":{"title":"SKINLOVERS lengvos tekst\u016bros kremas su beta gliukanu ir pantenoliu POWERFULLY HYDRATING EMULSION, 30ml - MalinaShop.lt J\u016bs\u0173 sveikatai ir gro\u017eiui.","description":"Lengvos tekst\u016bros SKINLOVERS emulsija su beta gliukanu ir pantenoliu intensyviai dr\u0117kina, ramina ir atkuria odos barjer\u0105. Tinka visiems odos tipams.","robots":{"index":"index","follow":"follow","max-snippet":"max-snippet:-1","max-image-preview":"max-image-preview:large","max-video-preview":"max-video-preview:-1"},"canonical":"https:\/\/www.malinashop.lt\/en\/shop\/skinlovers-lengvos-teksturos-kremas-su-beta-gliukanu-ir-pantenoliu-powerfully-hydrating-emulsion-30ml\/","og_locale":"en_GB","og_type":"article","og_title":"SKINLOVERS lengvos tekst\u016bros kremas su beta gliukanu ir pantenoliu POWERFULLY HYDRATING EMULSION, 30ml - MalinaShop.lt J\u016bs\u0173 sveikatai ir gro\u017eiui.","og_description":"Lengvos tekst\u016bros SKINLOVERS emulsija su beta gliukanu ir pantenoliu intensyviai dr\u0117kina, ramina ir atkuria odos barjer\u0105. Tinka visiems odos tipams.","og_url":"https:\/\/www.malinashop.lt\/en\/shop\/skinlovers-lengvos-teksturos-kremas-su-beta-gliukanu-ir-pantenoliu-powerfully-hydrating-emulsion-30ml\/","og_site_name":"MalinaShop.lt J\u016bs\u0173 sveikatai ir gro\u017eiui.","article_modified_time":"2026-02-10T10:11:10+00:00","og_image":[{"width":2048,"height":2048,"url":"https:\/\/www.malinashop.lt\/wp-content\/uploads\/2025\/11\/emulsija1.png","type":"image\/png"}],"twitter_card":"summary_large_image","schema":{"@context":"https:\/\/schema.org","@graph":[{"@type":"WebPage","@id":"https:\/\/www.malinashop.lt\/lt_lt\/shop\/skinlovers-lengvos-teksturos-kremas-su-beta-gliukanu-ir-pantenoliu-powerfully-hydrating-emulsion-30ml\/","url":"https:\/\/www.malinashop.lt\/lt_lt\/shop\/skinlovers-lengvos-teksturos-kremas-su-beta-gliukanu-ir-pantenoliu-powerfully-hydrating-emulsion-30ml\/","name":"SKINLOVERS lengvos tekst\u016bros kremas su beta gliukanu ir pantenoliu POWERFULLY HYDRATING EMULSION, 30ml - MalinaShop.lt J\u016bs\u0173 sveikatai ir gro\u017eiui.","isPartOf":{"@id":"https:\/\/www.malinashop.lt\/#website"},"primaryImageOfPage":{"@id":"https:\/\/www.malinashop.lt\/lt_lt\/shop\/skinlovers-lengvos-teksturos-kremas-su-beta-gliukanu-ir-pantenoliu-powerfully-hydrating-emulsion-30ml\/#primaryimage"},"image":{"@id":"https:\/\/www.malinashop.lt\/lt_lt\/shop\/skinlovers-lengvos-teksturos-kremas-su-beta-gliukanu-ir-pantenoliu-powerfully-hydrating-emulsion-30ml\/#primaryimage"},"thumbnailUrl":"https:\/\/www.malinashop.lt\/wp-content\/uploads\/2025\/11\/emulsija1.png","datePublished":"2025-11-25T13:33:10+00:00","dateModified":"2026-02-10T10:11:10+00:00","description":"Lengvos tekst\u016bros SKINLOVERS emulsija su beta gliukanu ir pantenoliu intensyviai dr\u0117kina, ramina ir atkuria odos barjer\u0105. Tinka visiems odos tipams.","breadcrumb":{"@id":"https:\/\/www.malinashop.lt\/lt_lt\/shop\/skinlovers-lengvos-teksturos-kremas-su-beta-gliukanu-ir-pantenoliu-powerfully-hydrating-emulsion-30ml\/#breadcrumb"},"inLanguage":"en-GB","potentialAction":[{"@type":"ReadAction","target":["https:\/\/www.malinashop.lt\/lt_lt\/shop\/skinlovers-lengvos-teksturos-kremas-su-beta-gliukanu-ir-pantenoliu-powerfully-hydrating-emulsion-30ml\/"]}]},{"@type":"ImageObject","inLanguage":"en-GB","@id":"https:\/\/www.malinashop.lt\/lt_lt\/shop\/skinlovers-lengvos-teksturos-kremas-su-beta-gliukanu-ir-pantenoliu-powerfully-hydrating-emulsion-30ml\/#primaryimage","url":"https:\/\/www.malinashop.lt\/wp-content\/uploads\/2025\/11\/emulsija1.png","contentUrl":"https:\/\/www.malinashop.lt\/wp-content\/uploads\/2025\/11\/emulsija1.png","width":2048,"height":2048},{"@type":"BreadcrumbList","@id":"https:\/\/www.malinashop.lt\/lt_lt\/shop\/skinlovers-lengvos-teksturos-kremas-su-beta-gliukanu-ir-pantenoliu-powerfully-hydrating-emulsion-30ml\/#breadcrumb","itemListElement":[{"@type":"ListItem","position":1,"name":"Pagrindinis","item":"https:\/\/www.malinashop.lt\/"},{"@type":"ListItem","position":2,"name":"Parduotuv\u0117","item":"https:\/\/www.malinashop.lt\/en\/parduotuve\/"},{"@type":"ListItem","position":3,"name":"SKINLOVERS lengvos tekst\u016bros kremas su beta gliukanu ir pantenoliu POWERFULLY HYDRATING EMULSION, 30ml"}]},{"@type":"WebSite","@id":"https:\/\/www.malinashop.lt\/#website","url":"https:\/\/www.malinashop.lt\/","name":"COM Group Ecommerce","description":"MalinaShop.lt - Gro\u017eio ir sveikatos produktai i\u0161 patikim\u0173 preki\u0173 \u017eenkl\u0173. Atraskite auk\u0161tos kokyb\u0117s kosmetik\u0105 u\u017e puiki\u0105 kain\u0105.","publisher":{"@id":"https:\/\/www.malinashop.lt\/#organization"},"potentialAction":[{"@type":"SearchAction","target":{"@type":"EntryPoint","urlTemplate":"https:\/\/www.malinashop.lt\/?s={search_term_string}"},"query-input":{"@type":"PropertyValueSpecification","valueRequired":true,"valueName":"search_term_string"}}],"inLanguage":"en-GB"},{"@type":"Organization","@id":"https:\/\/www.malinashop.lt\/#organization","name":"COM Group Ecommerce","url":"https:\/\/www.malinashop.lt\/","logo":{"@type":"ImageObject","inLanguage":"en-GB","@id":"https:\/\/www.malinashop.lt\/#\/schema\/logo\/image\/","url":"https:\/\/www.malinashop.lt\/wp-content\/uploads\/2024\/08\/462559670_3787732518133670_9795632669273463_n-e1731525914575.png","contentUrl":"https:\/\/www.malinashop.lt\/wp-content\/uploads\/2024\/08\/462559670_3787732518133670_9795632669273463_n-e1731525914575.png","width":180,"height":60,"caption":"COM Group Ecommerce"},"image":{"@id":"https:\/\/www.malinashop.lt\/#\/schema\/logo\/image\/"}}]}},"jetpack_sharing_enabled":true,"_links":{"self":[{"href":"https:\/\/www.malinashop.lt\/en\/wp-json\/wp\/v2\/product\/69039","targetHints":{"allow":["GET"]}}],"collection":[{"href":"https:\/\/www.malinashop.lt\/en\/wp-json\/wp\/v2\/product"}],"about":[{"href":"https:\/\/www.malinashop.lt\/en\/wp-json\/wp\/v2\/types\/product"}],"version-history":[{"count":2,"href":"https:\/\/www.malinashop.lt\/en\/wp-json\/wp\/v2\/product\/69039\/revisions"}],"predecessor-version":[{"id":72015,"href":"https:\/\/www.malinashop.lt\/en\/wp-json\/wp\/v2\/product\/69039\/revisions\/72015"}],"wp:featuredmedia":[{"embeddable":true,"href":"https:\/\/www.malinashop.lt\/en\/wp-json\/wp\/v2\/media\/62292"}],"wp:attachment":[{"href":"https:\/\/www.malinashop.lt\/en\/wp-json\/wp\/v2\/media?parent=69039"}],"wp:term":[{"taxonomy":"product_brand","embeddable":true,"href":"https:\/\/www.malinashop.lt\/en\/wp-json\/wp\/v2\/product_brand?post=69039"},{"taxonomy":"product_cat","embeddable":true,"href":"https:\/\/www.malinashop.lt\/en\/wp-json\/wp\/v2\/product_cat?post=69039"},{"taxonomy":"product_tag","embeddable":true,"href":"https:\/\/www.malinashop.lt\/en\/wp-json\/wp\/v2\/product_tag?post=69039"}],"curies":[{"name":"wp","href":"https:\/\/api.w.org\/{rel}","templated":true}]}}