{"id":69033,"date":"2025-12-09T16:33:10","date_gmt":"2025-12-09T13:33:10","guid":{"rendered":"https:\/\/malinashop.lt\/?post_type=product&#038;p=69033"},"modified":"2026-04-07T22:18:47","modified_gmt":"2026-04-07T19:18:47","slug":"sla-paris-modeliuojanciu-pudru-palete-light-skins","status":"publish","type":"product","link":"https:\/\/www.malinashop.lt\/en\/shop\/sla-paris-modeliuojanciu-pudru-palete-light-skins\/","title":{"rendered":"SLA PARIS modeliuojan\u010di\u0173 pudr\u0173 palet\u0117 LIGHT SKINS 805-20, 2x6g"},"content":{"rendered":"<p data-start=\"45\" data-end=\"342\"><strong data-start=\"45\" data-end=\"114\">SLA PARIS modeliuojan\u010di\u0173 pudr\u0173 palet\u0117 LIGHT SKINS (805-20), 2&#215;6 g<\/strong> \u2013 tai profesionali kont\u016bravimo palet\u0117, skirta veido formavimui ir nat\u016braliam \u0161e\u0161\u0117liavimui. Mikronizuotos tekst\u016bros pudros lengvai dengiasi, suteikia \u0161veln\u0173, aksomin\u012f poj\u016bt\u012f ir leid\u017eia i\u0161gauti precizi\u0161k\u0105 rezultat\u0105 be pastang\u0173.<\/p>\n<p data-start=\"344\" data-end=\"563\">Palet\u0117je esan\u010dios dvi spalvos suteikia galimyb\u0119 i\u0161ry\u0161kinti veido bruo\u017eus arba subtiliai juos vizualiai suma\u017einti. Tamsesnis atspalvis skirtas kont\u016bravimui, o \u0161viesesnis \u2013 zonomis, kurias norite pa\u0161viesinti ir i\u0161kelti.<\/p>\n<p data-start=\"565\" data-end=\"770\">Formul\u0117je esantis silikonas suteikia odai glotnumo, o talkas padeda sukurti matin\u012f efekt\u0105 ir i\u0161laikyti makia\u017e\u0105 vis\u0105 dien\u0105. Produktas draugi\u0161kas odai \u2013 be fenoksietanolio, be PEG, netestuotas su gyv\u016bnais.<\/p>\n<p data-start=\"772\" data-end=\"926\">SLA Paris \u2013 profesionalams kuriamas prek\u0117s \u017eenklas, gars\u0117jantis nat\u016braliomis formul\u0117mis, inovatyviomis tekst\u016bromis ir auk\u0161tos kokyb\u0117s makia\u017eo priemon\u0117mis.<\/p>\n","protected":false},"excerpt":{"rendered":"<p data-start=\"969\" data-end=\"1202\">Profesionali SLA PARIS kont\u016bravimo palet\u0117 LIGHT SKINS su dviem mikronizuotos tekst\u016bros pudromis. Lengvai sklaidosi, suteikia matin\u012f efekt\u0105 ir padeda tiksliai formuoti veido bruo\u017eus. Be fenoksietanolio, be PEG, netestuota su gyv\u016bnais.<\/p>\n","protected":false},"featured_media":62281,"template":"","meta":[],"product_brand":[1527],"product_cat":[102,528],"product_tag":[1623],"class_list":{"0":"post-69033","1":"product","2":"type-product","3":"status-publish","4":"has-post-thumbnail","6":"product_brand-sla-paris","7":"product_cat-dekoratyvine-kosmetika","8":"product_cat-modeliavimo-priemones","9":"product_tag-sla-paris","11":"first","12":"instock","13":"purchasable","14":"product-type-simple"},"yoast_head":"<!-- This site is optimized with the Yoast SEO plugin v27.4 - https:\/\/yoast.com\/product\/yoast-seo-wordpress\/ -->\n<title>SLA PARIS modeliuojan\u010di\u0173 pudr\u0173 palet\u0117 LIGHT SKINS 805-20, 2x6g - MalinaShop.lt J\u016bs\u0173 sveikatai ir gro\u017eiui.<\/title>\n<meta name=\"description\" content=\"SLA PARIS LIGHT SKINS kont\u016bravimo palet\u0117 \u2013 dvi matin\u0117s pudros veido modeliavimui. Lengva tekst\u016bra, nat\u016bralus efektas, be fenoksietanolio ir PEG.\" \/>\n<meta name=\"robots\" content=\"index, follow, max-snippet:-1, max-image-preview:large, max-video-preview:-1\" \/>\n<link rel=\"canonical\" href=\"https:\/\/www.malinashop.lt\/en\/shop\/sla-paris-modeliuojanciu-pudru-palete-light-skins\/\" \/>\n<meta property=\"og:locale\" content=\"en_GB\" \/>\n<meta property=\"og:type\" content=\"article\" \/>\n<meta property=\"og:title\" content=\"SLA PARIS modeliuojan\u010di\u0173 pudr\u0173 palet\u0117 LIGHT SKINS 805-20, 2x6g - MalinaShop.lt J\u016bs\u0173 sveikatai ir gro\u017eiui.\" \/>\n<meta property=\"og:description\" content=\"SLA PARIS LIGHT SKINS kont\u016bravimo palet\u0117 \u2013 dvi matin\u0117s pudros veido modeliavimui. Lengva tekst\u016bra, nat\u016bralus efektas, be fenoksietanolio ir PEG.\" \/>\n<meta property=\"og:url\" content=\"https:\/\/www.malinashop.lt\/en\/shop\/sla-paris-modeliuojanciu-pudru-palete-light-skins\/\" \/>\n<meta property=\"og:site_name\" content=\"MalinaShop.lt J\u016bs\u0173 sveikatai ir gro\u017eiui.\" \/>\n<meta property=\"article:modified_time\" content=\"2026-04-07T19:18:47+00:00\" \/>\n<meta property=\"og:image\" content=\"https:\/\/www.malinashop.lt\/wp-content\/uploads\/2025\/11\/shadowlight-face-contouring-kit-peaux-light-skin.jpg\" \/>\n\t<meta property=\"og:image:width\" content=\"800\" \/>\n\t<meta property=\"og:image:height\" content=\"800\" \/>\n\t<meta property=\"og:image:type\" content=\"image\/jpeg\" \/>\n<meta name=\"twitter:card\" content=\"summary_large_image\" \/>\n<script type=\"application\/ld+json\" class=\"yoast-schema-graph\">{\"@context\":\"https:\\\/\\\/schema.org\",\"@graph\":[{\"@type\":\"WebPage\",\"@id\":\"https:\\\/\\\/www.malinashop.lt\\\/en\\\/shop\\\/sla-paris-modeliuojanciu-pudru-palete-light-skins\\\/\",\"url\":\"https:\\\/\\\/www.malinashop.lt\\\/en\\\/shop\\\/sla-paris-modeliuojanciu-pudru-palete-light-skins\\\/\",\"name\":\"SLA PARIS modeliuojan\u010di\u0173 pudr\u0173 palet\u0117 LIGHT SKINS 805-20, 2x6g - MalinaShop.lt J\u016bs\u0173 sveikatai ir gro\u017eiui.\",\"isPartOf\":{\"@id\":\"https:\\\/\\\/www.malinashop.lt\\\/#website\"},\"primaryImageOfPage\":{\"@id\":\"https:\\\/\\\/www.malinashop.lt\\\/en\\\/shop\\\/sla-paris-modeliuojanciu-pudru-palete-light-skins\\\/#primaryimage\"},\"image\":{\"@id\":\"https:\\\/\\\/www.malinashop.lt\\\/en\\\/shop\\\/sla-paris-modeliuojanciu-pudru-palete-light-skins\\\/#primaryimage\"},\"thumbnailUrl\":\"https:\\\/\\\/www.malinashop.lt\\\/wp-content\\\/uploads\\\/2025\\\/11\\\/shadowlight-face-contouring-kit-peaux-light-skin.jpg\",\"datePublished\":\"2025-12-09T13:33:10+00:00\",\"dateModified\":\"2026-04-07T19:18:47+00:00\",\"description\":\"SLA PARIS LIGHT SKINS kont\u016bravimo palet\u0117 \u2013 dvi matin\u0117s pudros veido modeliavimui. Lengva tekst\u016bra, nat\u016bralus efektas, be fenoksietanolio ir PEG.\",\"breadcrumb\":{\"@id\":\"https:\\\/\\\/www.malinashop.lt\\\/en\\\/shop\\\/sla-paris-modeliuojanciu-pudru-palete-light-skins\\\/#breadcrumb\"},\"inLanguage\":\"en-GB\",\"potentialAction\":[{\"@type\":\"ReadAction\",\"target\":[\"https:\\\/\\\/www.malinashop.lt\\\/en\\\/shop\\\/sla-paris-modeliuojanciu-pudru-palete-light-skins\\\/\"]}]},{\"@type\":\"ImageObject\",\"inLanguage\":\"en-GB\",\"@id\":\"https:\\\/\\\/www.malinashop.lt\\\/en\\\/shop\\\/sla-paris-modeliuojanciu-pudru-palete-light-skins\\\/#primaryimage\",\"url\":\"https:\\\/\\\/www.malinashop.lt\\\/wp-content\\\/uploads\\\/2025\\\/11\\\/shadowlight-face-contouring-kit-peaux-light-skin.jpg\",\"contentUrl\":\"https:\\\/\\\/www.malinashop.lt\\\/wp-content\\\/uploads\\\/2025\\\/11\\\/shadowlight-face-contouring-kit-peaux-light-skin.jpg\",\"width\":800,\"height\":800},{\"@type\":\"BreadcrumbList\",\"@id\":\"https:\\\/\\\/www.malinashop.lt\\\/en\\\/shop\\\/sla-paris-modeliuojanciu-pudru-palete-light-skins\\\/#breadcrumb\",\"itemListElement\":[{\"@type\":\"ListItem\",\"position\":1,\"name\":\"Pagrindinis\",\"item\":\"https:\\\/\\\/www.malinashop.lt\\\/\"},{\"@type\":\"ListItem\",\"position\":2,\"name\":\"Parduotuv\u0117\",\"item\":\"https:\\\/\\\/www.malinashop.lt\\\/en\\\/parduotuve\\\/\"},{\"@type\":\"ListItem\",\"position\":3,\"name\":\"SLA PARIS modeliuojan\u010di\u0173 pudr\u0173 palet\u0117 LIGHT SKINS 805-20, 2x6g\"}]},{\"@type\":\"WebSite\",\"@id\":\"https:\\\/\\\/www.malinashop.lt\\\/#website\",\"url\":\"https:\\\/\\\/www.malinashop.lt\\\/\",\"name\":\"COM Group Ecommerce\",\"description\":\"MalinaShop.lt - Gro\u017eio ir sveikatos produktai i\u0161 patikim\u0173 preki\u0173 \u017eenkl\u0173. Atraskite auk\u0161tos kokyb\u0117s kosmetik\u0105 u\u017e puiki\u0105 kain\u0105.\",\"publisher\":{\"@id\":\"https:\\\/\\\/www.malinashop.lt\\\/#organization\"},\"potentialAction\":[{\"@type\":\"SearchAction\",\"target\":{\"@type\":\"EntryPoint\",\"urlTemplate\":\"https:\\\/\\\/www.malinashop.lt\\\/?s={search_term_string}\"},\"query-input\":{\"@type\":\"PropertyValueSpecification\",\"valueRequired\":true,\"valueName\":\"search_term_string\"}}],\"inLanguage\":\"en-GB\"},{\"@type\":\"Organization\",\"@id\":\"https:\\\/\\\/www.malinashop.lt\\\/#organization\",\"name\":\"COM Group Ecommerce\",\"url\":\"https:\\\/\\\/www.malinashop.lt\\\/\",\"logo\":{\"@type\":\"ImageObject\",\"inLanguage\":\"en-GB\",\"@id\":\"https:\\\/\\\/www.malinashop.lt\\\/#\\\/schema\\\/logo\\\/image\\\/\",\"url\":\"https:\\\/\\\/www.malinashop.lt\\\/wp-content\\\/uploads\\\/2024\\\/08\\\/462559670_3787732518133670_9795632669273463_n-e1731525914575.png\",\"contentUrl\":\"https:\\\/\\\/www.malinashop.lt\\\/wp-content\\\/uploads\\\/2024\\\/08\\\/462559670_3787732518133670_9795632669273463_n-e1731525914575.png\",\"width\":180,\"height\":60,\"caption\":\"COM Group Ecommerce\"},\"image\":{\"@id\":\"https:\\\/\\\/www.malinashop.lt\\\/#\\\/schema\\\/logo\\\/image\\\/\"}}]}<\/script>\n<!-- \/ Yoast SEO plugin. -->","yoast_head_json":{"title":"SLA PARIS modeliuojan\u010di\u0173 pudr\u0173 palet\u0117 LIGHT SKINS 805-20, 2x6g - MalinaShop.lt J\u016bs\u0173 sveikatai ir gro\u017eiui.","description":"SLA PARIS LIGHT SKINS kont\u016bravimo palet\u0117 \u2013 dvi matin\u0117s pudros veido modeliavimui. Lengva tekst\u016bra, nat\u016bralus efektas, be fenoksietanolio ir PEG.","robots":{"index":"index","follow":"follow","max-snippet":"max-snippet:-1","max-image-preview":"max-image-preview:large","max-video-preview":"max-video-preview:-1"},"canonical":"https:\/\/www.malinashop.lt\/en\/shop\/sla-paris-modeliuojanciu-pudru-palete-light-skins\/","og_locale":"en_GB","og_type":"article","og_title":"SLA PARIS modeliuojan\u010di\u0173 pudr\u0173 palet\u0117 LIGHT SKINS 805-20, 2x6g - MalinaShop.lt J\u016bs\u0173 sveikatai ir gro\u017eiui.","og_description":"SLA PARIS LIGHT SKINS kont\u016bravimo palet\u0117 \u2013 dvi matin\u0117s pudros veido modeliavimui. Lengva tekst\u016bra, nat\u016bralus efektas, be fenoksietanolio ir PEG.","og_url":"https:\/\/www.malinashop.lt\/en\/shop\/sla-paris-modeliuojanciu-pudru-palete-light-skins\/","og_site_name":"MalinaShop.lt J\u016bs\u0173 sveikatai ir gro\u017eiui.","article_modified_time":"2026-04-07T19:18:47+00:00","og_image":[{"width":800,"height":800,"url":"https:\/\/www.malinashop.lt\/wp-content\/uploads\/2025\/11\/shadowlight-face-contouring-kit-peaux-light-skin.jpg","type":"image\/jpeg"}],"twitter_card":"summary_large_image","schema":{"@context":"https:\/\/schema.org","@graph":[{"@type":"WebPage","@id":"https:\/\/www.malinashop.lt\/en\/shop\/sla-paris-modeliuojanciu-pudru-palete-light-skins\/","url":"https:\/\/www.malinashop.lt\/en\/shop\/sla-paris-modeliuojanciu-pudru-palete-light-skins\/","name":"SLA PARIS modeliuojan\u010di\u0173 pudr\u0173 palet\u0117 LIGHT SKINS 805-20, 2x6g - MalinaShop.lt J\u016bs\u0173 sveikatai ir gro\u017eiui.","isPartOf":{"@id":"https:\/\/www.malinashop.lt\/#website"},"primaryImageOfPage":{"@id":"https:\/\/www.malinashop.lt\/en\/shop\/sla-paris-modeliuojanciu-pudru-palete-light-skins\/#primaryimage"},"image":{"@id":"https:\/\/www.malinashop.lt\/en\/shop\/sla-paris-modeliuojanciu-pudru-palete-light-skins\/#primaryimage"},"thumbnailUrl":"https:\/\/www.malinashop.lt\/wp-content\/uploads\/2025\/11\/shadowlight-face-contouring-kit-peaux-light-skin.jpg","datePublished":"2025-12-09T13:33:10+00:00","dateModified":"2026-04-07T19:18:47+00:00","description":"SLA PARIS LIGHT SKINS kont\u016bravimo palet\u0117 \u2013 dvi matin\u0117s pudros veido modeliavimui. Lengva tekst\u016bra, nat\u016bralus efektas, be fenoksietanolio ir PEG.","breadcrumb":{"@id":"https:\/\/www.malinashop.lt\/en\/shop\/sla-paris-modeliuojanciu-pudru-palete-light-skins\/#breadcrumb"},"inLanguage":"en-GB","potentialAction":[{"@type":"ReadAction","target":["https:\/\/www.malinashop.lt\/en\/shop\/sla-paris-modeliuojanciu-pudru-palete-light-skins\/"]}]},{"@type":"ImageObject","inLanguage":"en-GB","@id":"https:\/\/www.malinashop.lt\/en\/shop\/sla-paris-modeliuojanciu-pudru-palete-light-skins\/#primaryimage","url":"https:\/\/www.malinashop.lt\/wp-content\/uploads\/2025\/11\/shadowlight-face-contouring-kit-peaux-light-skin.jpg","contentUrl":"https:\/\/www.malinashop.lt\/wp-content\/uploads\/2025\/11\/shadowlight-face-contouring-kit-peaux-light-skin.jpg","width":800,"height":800},{"@type":"BreadcrumbList","@id":"https:\/\/www.malinashop.lt\/en\/shop\/sla-paris-modeliuojanciu-pudru-palete-light-skins\/#breadcrumb","itemListElement":[{"@type":"ListItem","position":1,"name":"Pagrindinis","item":"https:\/\/www.malinashop.lt\/"},{"@type":"ListItem","position":2,"name":"Parduotuv\u0117","item":"https:\/\/www.malinashop.lt\/en\/parduotuve\/"},{"@type":"ListItem","position":3,"name":"SLA PARIS modeliuojan\u010di\u0173 pudr\u0173 palet\u0117 LIGHT SKINS 805-20, 2x6g"}]},{"@type":"WebSite","@id":"https:\/\/www.malinashop.lt\/#website","url":"https:\/\/www.malinashop.lt\/","name":"COM Group Ecommerce","description":"MalinaShop.lt - Gro\u017eio ir sveikatos produktai i\u0161 patikim\u0173 preki\u0173 \u017eenkl\u0173. Atraskite auk\u0161tos kokyb\u0117s kosmetik\u0105 u\u017e puiki\u0105 kain\u0105.","publisher":{"@id":"https:\/\/www.malinashop.lt\/#organization"},"potentialAction":[{"@type":"SearchAction","target":{"@type":"EntryPoint","urlTemplate":"https:\/\/www.malinashop.lt\/?s={search_term_string}"},"query-input":{"@type":"PropertyValueSpecification","valueRequired":true,"valueName":"search_term_string"}}],"inLanguage":"en-GB"},{"@type":"Organization","@id":"https:\/\/www.malinashop.lt\/#organization","name":"COM Group Ecommerce","url":"https:\/\/www.malinashop.lt\/","logo":{"@type":"ImageObject","inLanguage":"en-GB","@id":"https:\/\/www.malinashop.lt\/#\/schema\/logo\/image\/","url":"https:\/\/www.malinashop.lt\/wp-content\/uploads\/2024\/08\/462559670_3787732518133670_9795632669273463_n-e1731525914575.png","contentUrl":"https:\/\/www.malinashop.lt\/wp-content\/uploads\/2024\/08\/462559670_3787732518133670_9795632669273463_n-e1731525914575.png","width":180,"height":60,"caption":"COM Group Ecommerce"},"image":{"@id":"https:\/\/www.malinashop.lt\/#\/schema\/logo\/image\/"}}]}},"jetpack_sharing_enabled":true,"_links":{"self":[{"href":"https:\/\/www.malinashop.lt\/en\/wp-json\/wp\/v2\/product\/69033","targetHints":{"allow":["GET"]}}],"collection":[{"href":"https:\/\/www.malinashop.lt\/en\/wp-json\/wp\/v2\/product"}],"about":[{"href":"https:\/\/www.malinashop.lt\/en\/wp-json\/wp\/v2\/types\/product"}],"version-history":[{"count":3,"href":"https:\/\/www.malinashop.lt\/en\/wp-json\/wp\/v2\/product\/69033\/revisions"}],"predecessor-version":[{"id":71985,"href":"https:\/\/www.malinashop.lt\/en\/wp-json\/wp\/v2\/product\/69033\/revisions\/71985"}],"wp:featuredmedia":[{"embeddable":true,"href":"https:\/\/www.malinashop.lt\/en\/wp-json\/wp\/v2\/media\/62281"}],"wp:attachment":[{"href":"https:\/\/www.malinashop.lt\/en\/wp-json\/wp\/v2\/media?parent=69033"}],"wp:term":[{"taxonomy":"product_brand","embeddable":true,"href":"https:\/\/www.malinashop.lt\/en\/wp-json\/wp\/v2\/product_brand?post=69033"},{"taxonomy":"product_cat","embeddable":true,"href":"https:\/\/www.malinashop.lt\/en\/wp-json\/wp\/v2\/product_cat?post=69033"},{"taxonomy":"product_tag","embeddable":true,"href":"https:\/\/www.malinashop.lt\/en\/wp-json\/wp\/v2\/product_tag?post=69033"}],"curies":[{"name":"wp","href":"https:\/\/api.w.org\/{rel}","templated":true}]}}