{"id":69025,"date":"2025-11-25T16:33:10","date_gmt":"2025-11-25T13:33:10","guid":{"rendered":"https:\/\/malinashop.lt\/?post_type=product&#038;p=69025"},"modified":"2026-02-10T13:12:39","modified_gmt":"2026-02-10T10:12:39","slug":"sla-paris-matinis-lupu-lakas-coffret-lipcrush-chris","status":"publish","type":"product","link":"https:\/\/www.malinashop.lt\/en\/shop\/sla-paris-matinis-lupu-lakas-coffret-lipcrush-chris\/","title":{"rendered":"SLA PARIS matinis l\u016bp\u0173 lakas COFFRET LIPCRUSH CHRIS"},"content":{"rendered":"<p data-start=\"45\" data-end=\"357\"><strong data-start=\"45\" data-end=\"109\">SLA PARIS matinis l\u016bp\u0173 lakas COFFRET LIPCRUSH CHRIS (206-03)<\/strong> \u2013 tai itin pigmentuotas, ilgai i\u0161liekantis l\u016bp\u0173 lakas sukurtas m\u0117gstan\u010dioms ry\u0161k\u0173, matiniu efektu pasi\u017eymint\u012f makia\u017e\u0105. Lengva, plona ir \u0161velni tekst\u016bra priglunda prie l\u016bp\u0173 kaip antra oda, nesausina ir suteikia ilgalaik\u012f komfort\u0105 visos dienos metu.<\/p>\n<p data-start=\"359\" data-end=\"610\">Vandeniui atspari formul\u0117 nepalieka \u017eymi\u0173, tod\u0117l spalva i\u0161lieka intensyvi ir nepriekai\u0161tinga net ir esant aktyviai dienai. Patogus, mink\u0161tas aplikatorius tiksliai seka l\u016bp\u0173 kont\u016brus, leid\u017eia lengvai padengti lak\u0105 ir i\u0161gauti vientis\u0105, glotn\u0173 rezultat\u0105.<\/p>\n<p data-start=\"612\" data-end=\"764\"><strong data-start=\"612\" data-end=\"638\">COFFRET LIPCRUSH CHRIS<\/strong> \u2013 idealus pasirinkimas norin\u010dioms pabr\u0117\u017eti l\u016bp\u0173 form\u0105, sukurti gundant\u012f \u012fvaizd\u012f ir m\u0117gautis ilgai i\u0161liekan\u010dia, ry\u0161kia spalva.<\/p>\n<p data-start=\"766\" data-end=\"794\"><strong data-start=\"766\" data-end=\"794\">Pagrindiniai privalumai:<\/strong><\/p>\n<ul data-start=\"795\" data-end=\"1011\">\n<li data-start=\"795\" data-end=\"831\">\n<p data-start=\"797\" data-end=\"831\">Itin matinis ir sodrus atspalvis<\/p>\n<\/li>\n<li data-start=\"832\" data-end=\"879\">\n<p data-start=\"834\" data-end=\"879\">Vandeniui atspari, ilgai i\u0161liekanti formul\u0117<\/p>\n<\/li>\n<li data-start=\"880\" data-end=\"927\">\n<p data-start=\"882\" data-end=\"927\">Komforti\u0161ka, plona ir nesausinanti tekst\u016bra<\/p>\n<\/li>\n<li data-start=\"928\" data-end=\"972\">\n<p data-start=\"930\" data-end=\"972\">Tikslus, lengvas ir vientisas padengimas<\/p>\n<\/li>\n<li data-start=\"973\" data-end=\"1011\">\n<p data-start=\"975\" data-end=\"1011\">Ne\u012fprastai pigmentuotas rezultatas<\/p>\n<\/li>\n<\/ul>\n","protected":false},"excerpt":{"rendered":"<p data-start=\"1055\" data-end=\"1256\">Itin pigmentuotas SLA PARIS matinis l\u016bp\u0173 lakas COFFRET LIPCRUSH CHRIS suteikia ry\u0161ki\u0105, ilgai i\u0161liekan\u010di\u0105 spalv\u0105. Vandeniui atspari, nesausinanti ir lengvai dengiasi, priglunda prie l\u016bp\u0173 kaip antra oda.<\/p>\n","protected":false},"featured_media":62267,"template":"","meta":[],"product_brand":[1527],"product_cat":[102,708,533],"product_tag":[1623],"class_list":{"0":"post-69025","1":"product","2":"type-product","3":"status-publish","4":"has-post-thumbnail","6":"product_brand-sla-paris","7":"product_cat-dekoratyvine-kosmetika","8":"product_cat-lupoms","9":"product_cat-lupu-dazai","10":"product_tag-sla-paris","12":"first","13":"instock","14":"purchasable","15":"product-type-simple"},"yoast_head":"<!-- This site is optimized with the Yoast SEO plugin v27.4 - https:\/\/yoast.com\/product\/yoast-seo-wordpress\/ -->\n<title>SLA PARIS matinis l\u016bp\u0173 lakas COFFRET LIPCRUSH CHRIS - MalinaShop.lt J\u016bs\u0173 sveikatai ir gro\u017eiui.<\/title>\n<meta name=\"description\" content=\"SLA PARIS matinis l\u016bp\u0173 lakas COFFRET LIPCRUSH CHRIS \u2013 ry\u0161kus, ilgai i\u0161liekantis ir vandeniui atsparus l\u016bp\u0173 lakas su komforti\u0161ka, nesausinan\u010dia formule.\" \/>\n<meta name=\"robots\" content=\"index, follow, max-snippet:-1, max-image-preview:large, max-video-preview:-1\" \/>\n<link rel=\"canonical\" href=\"https:\/\/www.malinashop.lt\/en\/shop\/sla-paris-matinis-lupu-lakas-coffret-lipcrush-chris\/\" \/>\n<meta property=\"og:locale\" content=\"en_GB\" \/>\n<meta property=\"og:type\" content=\"article\" \/>\n<meta property=\"og:title\" content=\"SLA PARIS matinis l\u016bp\u0173 lakas COFFRET LIPCRUSH CHRIS - MalinaShop.lt J\u016bs\u0173 sveikatai ir gro\u017eiui.\" \/>\n<meta property=\"og:description\" content=\"SLA PARIS matinis l\u016bp\u0173 lakas COFFRET LIPCRUSH CHRIS \u2013 ry\u0161kus, ilgai i\u0161liekantis ir vandeniui atsparus l\u016bp\u0173 lakas su komforti\u0161ka, nesausinan\u010dia formule.\" \/>\n<meta property=\"og:url\" content=\"https:\/\/www.malinashop.lt\/en\/shop\/sla-paris-matinis-lupu-lakas-coffret-lipcrush-chris\/\" \/>\n<meta property=\"og:site_name\" content=\"MalinaShop.lt J\u016bs\u0173 sveikatai ir gro\u017eiui.\" \/>\n<meta property=\"article:modified_time\" content=\"2026-02-10T10:12:39+00:00\" \/>\n<meta property=\"og:image\" content=\"https:\/\/www.malinashop.lt\/wp-content\/uploads\/2025\/11\/coffret-lipcrush-matinis-lupu-lakas-chris-4.jpg\" \/>\n\t<meta property=\"og:image:width\" content=\"800\" \/>\n\t<meta property=\"og:image:height\" content=\"800\" \/>\n\t<meta property=\"og:image:type\" content=\"image\/jpeg\" \/>\n<meta name=\"twitter:card\" content=\"summary_large_image\" \/>\n<script type=\"application\/ld+json\" class=\"yoast-schema-graph\">{\"@context\":\"https:\\\/\\\/schema.org\",\"@graph\":[{\"@type\":\"WebPage\",\"@id\":\"https:\\\/\\\/www.malinashop.lt\\\/shop\\\/sla-paris-matinis-lupu-lakas-coffret-lipcrush-chris\\\/\",\"url\":\"https:\\\/\\\/www.malinashop.lt\\\/shop\\\/sla-paris-matinis-lupu-lakas-coffret-lipcrush-chris\\\/\",\"name\":\"SLA PARIS matinis l\u016bp\u0173 lakas COFFRET LIPCRUSH CHRIS - MalinaShop.lt J\u016bs\u0173 sveikatai ir gro\u017eiui.\",\"isPartOf\":{\"@id\":\"https:\\\/\\\/www.malinashop.lt\\\/#website\"},\"primaryImageOfPage\":{\"@id\":\"https:\\\/\\\/www.malinashop.lt\\\/shop\\\/sla-paris-matinis-lupu-lakas-coffret-lipcrush-chris\\\/#primaryimage\"},\"image\":{\"@id\":\"https:\\\/\\\/www.malinashop.lt\\\/shop\\\/sla-paris-matinis-lupu-lakas-coffret-lipcrush-chris\\\/#primaryimage\"},\"thumbnailUrl\":\"https:\\\/\\\/www.malinashop.lt\\\/wp-content\\\/uploads\\\/2025\\\/11\\\/coffret-lipcrush-matinis-lupu-lakas-chris-4.jpg\",\"datePublished\":\"2025-11-25T13:33:10+00:00\",\"dateModified\":\"2026-02-10T10:12:39+00:00\",\"description\":\"SLA PARIS matinis l\u016bp\u0173 lakas COFFRET LIPCRUSH CHRIS \u2013 ry\u0161kus, ilgai i\u0161liekantis ir vandeniui atsparus l\u016bp\u0173 lakas su komforti\u0161ka, nesausinan\u010dia formule.\",\"breadcrumb\":{\"@id\":\"https:\\\/\\\/www.malinashop.lt\\\/shop\\\/sla-paris-matinis-lupu-lakas-coffret-lipcrush-chris\\\/#breadcrumb\"},\"inLanguage\":\"en-GB\",\"potentialAction\":[{\"@type\":\"ReadAction\",\"target\":[\"https:\\\/\\\/www.malinashop.lt\\\/shop\\\/sla-paris-matinis-lupu-lakas-coffret-lipcrush-chris\\\/\"]}]},{\"@type\":\"ImageObject\",\"inLanguage\":\"en-GB\",\"@id\":\"https:\\\/\\\/www.malinashop.lt\\\/shop\\\/sla-paris-matinis-lupu-lakas-coffret-lipcrush-chris\\\/#primaryimage\",\"url\":\"https:\\\/\\\/www.malinashop.lt\\\/wp-content\\\/uploads\\\/2025\\\/11\\\/coffret-lipcrush-matinis-lupu-lakas-chris-4.jpg\",\"contentUrl\":\"https:\\\/\\\/www.malinashop.lt\\\/wp-content\\\/uploads\\\/2025\\\/11\\\/coffret-lipcrush-matinis-lupu-lakas-chris-4.jpg\",\"width\":800,\"height\":800},{\"@type\":\"BreadcrumbList\",\"@id\":\"https:\\\/\\\/www.malinashop.lt\\\/shop\\\/sla-paris-matinis-lupu-lakas-coffret-lipcrush-chris\\\/#breadcrumb\",\"itemListElement\":[{\"@type\":\"ListItem\",\"position\":1,\"name\":\"Pagrindinis\",\"item\":\"https:\\\/\\\/www.malinashop.lt\\\/\"},{\"@type\":\"ListItem\",\"position\":2,\"name\":\"Parduotuv\u0117\",\"item\":\"https:\\\/\\\/www.malinashop.lt\\\/en\\\/parduotuve\\\/\"},{\"@type\":\"ListItem\",\"position\":3,\"name\":\"SLA PARIS matinis l\u016bp\u0173 lakas COFFRET LIPCRUSH CHRIS\"}]},{\"@type\":\"WebSite\",\"@id\":\"https:\\\/\\\/www.malinashop.lt\\\/#website\",\"url\":\"https:\\\/\\\/www.malinashop.lt\\\/\",\"name\":\"COM Group Ecommerce\",\"description\":\"MalinaShop.lt - Gro\u017eio ir sveikatos produktai i\u0161 patikim\u0173 preki\u0173 \u017eenkl\u0173. Atraskite auk\u0161tos kokyb\u0117s kosmetik\u0105 u\u017e puiki\u0105 kain\u0105.\",\"publisher\":{\"@id\":\"https:\\\/\\\/www.malinashop.lt\\\/#organization\"},\"potentialAction\":[{\"@type\":\"SearchAction\",\"target\":{\"@type\":\"EntryPoint\",\"urlTemplate\":\"https:\\\/\\\/www.malinashop.lt\\\/?s={search_term_string}\"},\"query-input\":{\"@type\":\"PropertyValueSpecification\",\"valueRequired\":true,\"valueName\":\"search_term_string\"}}],\"inLanguage\":\"en-GB\"},{\"@type\":\"Organization\",\"@id\":\"https:\\\/\\\/www.malinashop.lt\\\/#organization\",\"name\":\"COM Group Ecommerce\",\"url\":\"https:\\\/\\\/www.malinashop.lt\\\/\",\"logo\":{\"@type\":\"ImageObject\",\"inLanguage\":\"en-GB\",\"@id\":\"https:\\\/\\\/www.malinashop.lt\\\/#\\\/schema\\\/logo\\\/image\\\/\",\"url\":\"https:\\\/\\\/www.malinashop.lt\\\/wp-content\\\/uploads\\\/2024\\\/08\\\/462559670_3787732518133670_9795632669273463_n-e1731525914575.png\",\"contentUrl\":\"https:\\\/\\\/www.malinashop.lt\\\/wp-content\\\/uploads\\\/2024\\\/08\\\/462559670_3787732518133670_9795632669273463_n-e1731525914575.png\",\"width\":180,\"height\":60,\"caption\":\"COM Group Ecommerce\"},\"image\":{\"@id\":\"https:\\\/\\\/www.malinashop.lt\\\/#\\\/schema\\\/logo\\\/image\\\/\"}}]}<\/script>\n<!-- \/ Yoast SEO plugin. -->","yoast_head_json":{"title":"SLA PARIS matinis l\u016bp\u0173 lakas COFFRET LIPCRUSH CHRIS - MalinaShop.lt J\u016bs\u0173 sveikatai ir gro\u017eiui.","description":"SLA PARIS matinis l\u016bp\u0173 lakas COFFRET LIPCRUSH CHRIS \u2013 ry\u0161kus, ilgai i\u0161liekantis ir vandeniui atsparus l\u016bp\u0173 lakas su komforti\u0161ka, nesausinan\u010dia formule.","robots":{"index":"index","follow":"follow","max-snippet":"max-snippet:-1","max-image-preview":"max-image-preview:large","max-video-preview":"max-video-preview:-1"},"canonical":"https:\/\/www.malinashop.lt\/en\/shop\/sla-paris-matinis-lupu-lakas-coffret-lipcrush-chris\/","og_locale":"en_GB","og_type":"article","og_title":"SLA PARIS matinis l\u016bp\u0173 lakas COFFRET LIPCRUSH CHRIS - MalinaShop.lt J\u016bs\u0173 sveikatai ir gro\u017eiui.","og_description":"SLA PARIS matinis l\u016bp\u0173 lakas COFFRET LIPCRUSH CHRIS \u2013 ry\u0161kus, ilgai i\u0161liekantis ir vandeniui atsparus l\u016bp\u0173 lakas su komforti\u0161ka, nesausinan\u010dia formule.","og_url":"https:\/\/www.malinashop.lt\/en\/shop\/sla-paris-matinis-lupu-lakas-coffret-lipcrush-chris\/","og_site_name":"MalinaShop.lt J\u016bs\u0173 sveikatai ir gro\u017eiui.","article_modified_time":"2026-02-10T10:12:39+00:00","og_image":[{"width":800,"height":800,"url":"https:\/\/www.malinashop.lt\/wp-content\/uploads\/2025\/11\/coffret-lipcrush-matinis-lupu-lakas-chris-4.jpg","type":"image\/jpeg"}],"twitter_card":"summary_large_image","schema":{"@context":"https:\/\/schema.org","@graph":[{"@type":"WebPage","@id":"https:\/\/www.malinashop.lt\/shop\/sla-paris-matinis-lupu-lakas-coffret-lipcrush-chris\/","url":"https:\/\/www.malinashop.lt\/shop\/sla-paris-matinis-lupu-lakas-coffret-lipcrush-chris\/","name":"SLA PARIS matinis l\u016bp\u0173 lakas COFFRET LIPCRUSH CHRIS - MalinaShop.lt J\u016bs\u0173 sveikatai ir gro\u017eiui.","isPartOf":{"@id":"https:\/\/www.malinashop.lt\/#website"},"primaryImageOfPage":{"@id":"https:\/\/www.malinashop.lt\/shop\/sla-paris-matinis-lupu-lakas-coffret-lipcrush-chris\/#primaryimage"},"image":{"@id":"https:\/\/www.malinashop.lt\/shop\/sla-paris-matinis-lupu-lakas-coffret-lipcrush-chris\/#primaryimage"},"thumbnailUrl":"https:\/\/www.malinashop.lt\/wp-content\/uploads\/2025\/11\/coffret-lipcrush-matinis-lupu-lakas-chris-4.jpg","datePublished":"2025-11-25T13:33:10+00:00","dateModified":"2026-02-10T10:12:39+00:00","description":"SLA PARIS matinis l\u016bp\u0173 lakas COFFRET LIPCRUSH CHRIS \u2013 ry\u0161kus, ilgai i\u0161liekantis ir vandeniui atsparus l\u016bp\u0173 lakas su komforti\u0161ka, nesausinan\u010dia formule.","breadcrumb":{"@id":"https:\/\/www.malinashop.lt\/shop\/sla-paris-matinis-lupu-lakas-coffret-lipcrush-chris\/#breadcrumb"},"inLanguage":"en-GB","potentialAction":[{"@type":"ReadAction","target":["https:\/\/www.malinashop.lt\/shop\/sla-paris-matinis-lupu-lakas-coffret-lipcrush-chris\/"]}]},{"@type":"ImageObject","inLanguage":"en-GB","@id":"https:\/\/www.malinashop.lt\/shop\/sla-paris-matinis-lupu-lakas-coffret-lipcrush-chris\/#primaryimage","url":"https:\/\/www.malinashop.lt\/wp-content\/uploads\/2025\/11\/coffret-lipcrush-matinis-lupu-lakas-chris-4.jpg","contentUrl":"https:\/\/www.malinashop.lt\/wp-content\/uploads\/2025\/11\/coffret-lipcrush-matinis-lupu-lakas-chris-4.jpg","width":800,"height":800},{"@type":"BreadcrumbList","@id":"https:\/\/www.malinashop.lt\/shop\/sla-paris-matinis-lupu-lakas-coffret-lipcrush-chris\/#breadcrumb","itemListElement":[{"@type":"ListItem","position":1,"name":"Pagrindinis","item":"https:\/\/www.malinashop.lt\/"},{"@type":"ListItem","position":2,"name":"Parduotuv\u0117","item":"https:\/\/www.malinashop.lt\/en\/parduotuve\/"},{"@type":"ListItem","position":3,"name":"SLA PARIS matinis l\u016bp\u0173 lakas COFFRET LIPCRUSH CHRIS"}]},{"@type":"WebSite","@id":"https:\/\/www.malinashop.lt\/#website","url":"https:\/\/www.malinashop.lt\/","name":"COM Group Ecommerce","description":"MalinaShop.lt - Gro\u017eio ir sveikatos produktai i\u0161 patikim\u0173 preki\u0173 \u017eenkl\u0173. Atraskite auk\u0161tos kokyb\u0117s kosmetik\u0105 u\u017e puiki\u0105 kain\u0105.","publisher":{"@id":"https:\/\/www.malinashop.lt\/#organization"},"potentialAction":[{"@type":"SearchAction","target":{"@type":"EntryPoint","urlTemplate":"https:\/\/www.malinashop.lt\/?s={search_term_string}"},"query-input":{"@type":"PropertyValueSpecification","valueRequired":true,"valueName":"search_term_string"}}],"inLanguage":"en-GB"},{"@type":"Organization","@id":"https:\/\/www.malinashop.lt\/#organization","name":"COM Group Ecommerce","url":"https:\/\/www.malinashop.lt\/","logo":{"@type":"ImageObject","inLanguage":"en-GB","@id":"https:\/\/www.malinashop.lt\/#\/schema\/logo\/image\/","url":"https:\/\/www.malinashop.lt\/wp-content\/uploads\/2024\/08\/462559670_3787732518133670_9795632669273463_n-e1731525914575.png","contentUrl":"https:\/\/www.malinashop.lt\/wp-content\/uploads\/2024\/08\/462559670_3787732518133670_9795632669273463_n-e1731525914575.png","width":180,"height":60,"caption":"COM Group Ecommerce"},"image":{"@id":"https:\/\/www.malinashop.lt\/#\/schema\/logo\/image\/"}}]}},"jetpack_sharing_enabled":true,"_links":{"self":[{"href":"https:\/\/www.malinashop.lt\/en\/wp-json\/wp\/v2\/product\/69025","targetHints":{"allow":["GET"]}}],"collection":[{"href":"https:\/\/www.malinashop.lt\/en\/wp-json\/wp\/v2\/product"}],"about":[{"href":"https:\/\/www.malinashop.lt\/en\/wp-json\/wp\/v2\/types\/product"}],"version-history":[{"count":2,"href":"https:\/\/www.malinashop.lt\/en\/wp-json\/wp\/v2\/product\/69025\/revisions"}],"predecessor-version":[{"id":71978,"href":"https:\/\/www.malinashop.lt\/en\/wp-json\/wp\/v2\/product\/69025\/revisions\/71978"}],"wp:featuredmedia":[{"embeddable":true,"href":"https:\/\/www.malinashop.lt\/en\/wp-json\/wp\/v2\/media\/62267"}],"wp:attachment":[{"href":"https:\/\/www.malinashop.lt\/en\/wp-json\/wp\/v2\/media?parent=69025"}],"wp:term":[{"taxonomy":"product_brand","embeddable":true,"href":"https:\/\/www.malinashop.lt\/en\/wp-json\/wp\/v2\/product_brand?post=69025"},{"taxonomy":"product_cat","embeddable":true,"href":"https:\/\/www.malinashop.lt\/en\/wp-json\/wp\/v2\/product_cat?post=69025"},{"taxonomy":"product_tag","embeddable":true,"href":"https:\/\/www.malinashop.lt\/en\/wp-json\/wp\/v2\/product_tag?post=69025"}],"curies":[{"name":"wp","href":"https:\/\/api.w.org\/{rel}","templated":true}]}}