{"id":69021,"date":"2025-11-25T16:33:10","date_gmt":"2025-11-25T13:33:10","guid":{"rendered":"https:\/\/malinashop.lt\/?post_type=product&#038;p=69021"},"modified":"2026-02-10T13:12:39","modified_gmt":"2026-02-10T10:12:39","slug":"sla-paris-sepetelis-veduokle-mua","status":"publish","type":"product","link":"https:\/\/www.malinashop.lt\/en\/shop\/sla-paris-sepetelis-veduokle-mua\/","title":{"rendered":"SLA Paris \u0161epet\u0117lis v\u0117duokl\u0117 MUA"},"content":{"rendered":"<p data-start=\"161\" data-end=\"491\"><strong data-start=\"161\" data-end=\"206\">SLA Paris MUA \u0161epet\u0117lis v\u0117duokl\u0117 (Nr. 32)<\/strong> \u2013 profesionalams sukurtas auk\u0161tos kokyb\u0117s sintetinio plauko makia\u017eo \u0161epet\u0117lis, skirtas tolygiai paskirstyti highlighter\u012f ir sukurti \u0161veln\u0173 \u0161vyt\u0117jimo efekt\u0105. Precizi\u0161ka v\u0117duokl\u0117s forma leid\u017eia lengvai i\u0161gauti subtil\u0173 bei profesional\u0173 rezultat\u0105 tiek kasdieniam, tiek sceniniam makia\u017eui.<\/p>\n<p data-start=\"493\" data-end=\"640\">\u0160epet\u0117lis yra vegani\u0161kas, \u0161velnus odai, patvarus ir lengvai pri\u017ei\u016brimas, tod\u0117l puikiai tinka tiek pradedantiesiems, tiek patyrusiems viza\u017eistams.<\/p>\n<p data-start=\"642\" data-end=\"867\"><strong data-start=\"642\" data-end=\"655\">SLA Paris<\/strong> \u2013 \u017einomas prek\u0117s \u017eenklas, gars\u0117jantis inovacijomis ir nat\u016braliomis formul\u0117mis, netestuojan\u010diomis produkt\u0173 su gyv\u016bnais. MUA \u0161epet\u0117li\u0173 linija sukurta taip, kad u\u017etikrint\u0173 maksimal\u0173 tikslum\u0105 ir ilgalaik\u012f naudojim\u0105.<\/p>\n","protected":false},"excerpt":{"rendered":"<p data-start=\"908\" data-end=\"1140\">Profesionalus <strong data-start=\"922\" data-end=\"975\">SLA Paris MUA v\u0117duokl\u0117s formos \u0161epet\u0117lis (Nr. 32)<\/strong>, pagamintas i\u0161 auk\u0161tos kokyb\u0117s sintetinio plauko, idealiai tinka highlighterio dengimui ir \u0161velniam \u0161vyt\u0117jimo efektui i\u0161gauti. Vegani\u0161kas, patvarus ir malonus odai.<\/p>\n","protected":false},"featured_media":62261,"template":"","meta":[],"product_brand":[1527],"product_cat":[102,795],"product_tag":[1623],"class_list":{"0":"post-69021","1":"product","2":"type-product","3":"status-publish","4":"has-post-thumbnail","6":"product_brand-sla-paris","7":"product_cat-dekoratyvine-kosmetika","8":"product_cat-makiazo-sepeteliai","9":"product_tag-sla-paris","11":"first","12":"instock","13":"purchasable","14":"product-type-simple"},"yoast_head":"<!-- This site is optimized with the Yoast SEO plugin v27.4 - https:\/\/yoast.com\/product\/yoast-seo-wordpress\/ -->\n<title>SLA Paris \u0161epet\u0117lis v\u0117duokl\u0117 MUA - MalinaShop.lt J\u016bs\u0173 sveikatai ir gro\u017eiui.<\/title>\n<meta name=\"description\" content=\"SLA Paris MUA v\u0117duokl\u0117s \u0161epet\u0117lis Nr. 32 \u2013 profesionalus sintetinio plauko \u0161epet\u0117lis highlighteriui. Vegani\u0161kas, \u0161velnus ir tikslus makia\u017eui.\" \/>\n<meta name=\"robots\" content=\"index, follow, max-snippet:-1, max-image-preview:large, max-video-preview:-1\" \/>\n<link rel=\"canonical\" href=\"https:\/\/www.malinashop.lt\/en\/shop\/sla-paris-sepetelis-veduokle-mua\/\" \/>\n<meta property=\"og:locale\" content=\"en_GB\" \/>\n<meta property=\"og:type\" content=\"article\" \/>\n<meta property=\"og:title\" content=\"SLA Paris \u0161epet\u0117lis v\u0117duokl\u0117 MUA - MalinaShop.lt J\u016bs\u0173 sveikatai ir gro\u017eiui.\" \/>\n<meta property=\"og:description\" content=\"SLA Paris MUA v\u0117duokl\u0117s \u0161epet\u0117lis Nr. 32 \u2013 profesionalus sintetinio plauko \u0161epet\u0117lis highlighteriui. Vegani\u0161kas, \u0161velnus ir tikslus makia\u017eui.\" \/>\n<meta property=\"og:url\" content=\"https:\/\/www.malinashop.lt\/en\/shop\/sla-paris-sepetelis-veduokle-mua\/\" \/>\n<meta property=\"og:site_name\" content=\"MalinaShop.lt J\u016bs\u0173 sveikatai ir gro\u017eiui.\" \/>\n<meta property=\"article:modified_time\" content=\"2026-02-10T10:12:39+00:00\" \/>\n<meta property=\"og:image\" content=\"https:\/\/www.malinashop.lt\/wp-content\/uploads\/2025\/11\/mua-sepetelis-veduokle.jpg\" \/>\n\t<meta property=\"og:image:width\" content=\"800\" \/>\n\t<meta property=\"og:image:height\" content=\"800\" \/>\n\t<meta property=\"og:image:type\" content=\"image\/jpeg\" \/>\n<meta name=\"twitter:card\" content=\"summary_large_image\" \/>\n<script type=\"application\/ld+json\" class=\"yoast-schema-graph\">{\"@context\":\"https:\\\/\\\/schema.org\",\"@graph\":[{\"@type\":\"WebPage\",\"@id\":\"https:\\\/\\\/www.malinashop.lt\\\/lt_lt\\\/shop\\\/sla-paris-sepetelis-veduokle-mua\\\/\",\"url\":\"https:\\\/\\\/www.malinashop.lt\\\/lt_lt\\\/shop\\\/sla-paris-sepetelis-veduokle-mua\\\/\",\"name\":\"SLA Paris \u0161epet\u0117lis v\u0117duokl\u0117 MUA - MalinaShop.lt J\u016bs\u0173 sveikatai ir gro\u017eiui.\",\"isPartOf\":{\"@id\":\"https:\\\/\\\/www.malinashop.lt\\\/#website\"},\"primaryImageOfPage\":{\"@id\":\"https:\\\/\\\/www.malinashop.lt\\\/lt_lt\\\/shop\\\/sla-paris-sepetelis-veduokle-mua\\\/#primaryimage\"},\"image\":{\"@id\":\"https:\\\/\\\/www.malinashop.lt\\\/lt_lt\\\/shop\\\/sla-paris-sepetelis-veduokle-mua\\\/#primaryimage\"},\"thumbnailUrl\":\"https:\\\/\\\/www.malinashop.lt\\\/wp-content\\\/uploads\\\/2025\\\/11\\\/mua-sepetelis-veduokle.jpg\",\"datePublished\":\"2025-11-25T13:33:10+00:00\",\"dateModified\":\"2026-02-10T10:12:39+00:00\",\"description\":\"SLA Paris MUA v\u0117duokl\u0117s \u0161epet\u0117lis Nr. 32 \u2013 profesionalus sintetinio plauko \u0161epet\u0117lis highlighteriui. Vegani\u0161kas, \u0161velnus ir tikslus makia\u017eui.\",\"breadcrumb\":{\"@id\":\"https:\\\/\\\/www.malinashop.lt\\\/lt_lt\\\/shop\\\/sla-paris-sepetelis-veduokle-mua\\\/#breadcrumb\"},\"inLanguage\":\"en-GB\",\"potentialAction\":[{\"@type\":\"ReadAction\",\"target\":[\"https:\\\/\\\/www.malinashop.lt\\\/lt_lt\\\/shop\\\/sla-paris-sepetelis-veduokle-mua\\\/\"]}]},{\"@type\":\"ImageObject\",\"inLanguage\":\"en-GB\",\"@id\":\"https:\\\/\\\/www.malinashop.lt\\\/lt_lt\\\/shop\\\/sla-paris-sepetelis-veduokle-mua\\\/#primaryimage\",\"url\":\"https:\\\/\\\/www.malinashop.lt\\\/wp-content\\\/uploads\\\/2025\\\/11\\\/mua-sepetelis-veduokle.jpg\",\"contentUrl\":\"https:\\\/\\\/www.malinashop.lt\\\/wp-content\\\/uploads\\\/2025\\\/11\\\/mua-sepetelis-veduokle.jpg\",\"width\":800,\"height\":800},{\"@type\":\"BreadcrumbList\",\"@id\":\"https:\\\/\\\/www.malinashop.lt\\\/lt_lt\\\/shop\\\/sla-paris-sepetelis-veduokle-mua\\\/#breadcrumb\",\"itemListElement\":[{\"@type\":\"ListItem\",\"position\":1,\"name\":\"Pagrindinis\",\"item\":\"https:\\\/\\\/www.malinashop.lt\\\/\"},{\"@type\":\"ListItem\",\"position\":2,\"name\":\"Parduotuv\u0117\",\"item\":\"https:\\\/\\\/www.malinashop.lt\\\/en\\\/parduotuve\\\/\"},{\"@type\":\"ListItem\",\"position\":3,\"name\":\"SLA Paris \u0161epet\u0117lis v\u0117duokl\u0117 MUA\"}]},{\"@type\":\"WebSite\",\"@id\":\"https:\\\/\\\/www.malinashop.lt\\\/#website\",\"url\":\"https:\\\/\\\/www.malinashop.lt\\\/\",\"name\":\"COM Group Ecommerce\",\"description\":\"MalinaShop.lt - Gro\u017eio ir sveikatos produktai i\u0161 patikim\u0173 preki\u0173 \u017eenkl\u0173. Atraskite auk\u0161tos kokyb\u0117s kosmetik\u0105 u\u017e puiki\u0105 kain\u0105.\",\"publisher\":{\"@id\":\"https:\\\/\\\/www.malinashop.lt\\\/#organization\"},\"potentialAction\":[{\"@type\":\"SearchAction\",\"target\":{\"@type\":\"EntryPoint\",\"urlTemplate\":\"https:\\\/\\\/www.malinashop.lt\\\/?s={search_term_string}\"},\"query-input\":{\"@type\":\"PropertyValueSpecification\",\"valueRequired\":true,\"valueName\":\"search_term_string\"}}],\"inLanguage\":\"en-GB\"},{\"@type\":\"Organization\",\"@id\":\"https:\\\/\\\/www.malinashop.lt\\\/#organization\",\"name\":\"COM Group Ecommerce\",\"url\":\"https:\\\/\\\/www.malinashop.lt\\\/\",\"logo\":{\"@type\":\"ImageObject\",\"inLanguage\":\"en-GB\",\"@id\":\"https:\\\/\\\/www.malinashop.lt\\\/#\\\/schema\\\/logo\\\/image\\\/\",\"url\":\"https:\\\/\\\/www.malinashop.lt\\\/wp-content\\\/uploads\\\/2024\\\/08\\\/462559670_3787732518133670_9795632669273463_n-e1731525914575.png\",\"contentUrl\":\"https:\\\/\\\/www.malinashop.lt\\\/wp-content\\\/uploads\\\/2024\\\/08\\\/462559670_3787732518133670_9795632669273463_n-e1731525914575.png\",\"width\":180,\"height\":60,\"caption\":\"COM Group Ecommerce\"},\"image\":{\"@id\":\"https:\\\/\\\/www.malinashop.lt\\\/#\\\/schema\\\/logo\\\/image\\\/\"}}]}<\/script>\n<!-- \/ Yoast SEO plugin. -->","yoast_head_json":{"title":"SLA Paris \u0161epet\u0117lis v\u0117duokl\u0117 MUA - MalinaShop.lt J\u016bs\u0173 sveikatai ir gro\u017eiui.","description":"SLA Paris MUA v\u0117duokl\u0117s \u0161epet\u0117lis Nr. 32 \u2013 profesionalus sintetinio plauko \u0161epet\u0117lis highlighteriui. Vegani\u0161kas, \u0161velnus ir tikslus makia\u017eui.","robots":{"index":"index","follow":"follow","max-snippet":"max-snippet:-1","max-image-preview":"max-image-preview:large","max-video-preview":"max-video-preview:-1"},"canonical":"https:\/\/www.malinashop.lt\/en\/shop\/sla-paris-sepetelis-veduokle-mua\/","og_locale":"en_GB","og_type":"article","og_title":"SLA Paris \u0161epet\u0117lis v\u0117duokl\u0117 MUA - MalinaShop.lt J\u016bs\u0173 sveikatai ir gro\u017eiui.","og_description":"SLA Paris MUA v\u0117duokl\u0117s \u0161epet\u0117lis Nr. 32 \u2013 profesionalus sintetinio plauko \u0161epet\u0117lis highlighteriui. Vegani\u0161kas, \u0161velnus ir tikslus makia\u017eui.","og_url":"https:\/\/www.malinashop.lt\/en\/shop\/sla-paris-sepetelis-veduokle-mua\/","og_site_name":"MalinaShop.lt J\u016bs\u0173 sveikatai ir gro\u017eiui.","article_modified_time":"2026-02-10T10:12:39+00:00","og_image":[{"width":800,"height":800,"url":"https:\/\/www.malinashop.lt\/wp-content\/uploads\/2025\/11\/mua-sepetelis-veduokle.jpg","type":"image\/jpeg"}],"twitter_card":"summary_large_image","schema":{"@context":"https:\/\/schema.org","@graph":[{"@type":"WebPage","@id":"https:\/\/www.malinashop.lt\/lt_lt\/shop\/sla-paris-sepetelis-veduokle-mua\/","url":"https:\/\/www.malinashop.lt\/lt_lt\/shop\/sla-paris-sepetelis-veduokle-mua\/","name":"SLA Paris \u0161epet\u0117lis v\u0117duokl\u0117 MUA - MalinaShop.lt J\u016bs\u0173 sveikatai ir gro\u017eiui.","isPartOf":{"@id":"https:\/\/www.malinashop.lt\/#website"},"primaryImageOfPage":{"@id":"https:\/\/www.malinashop.lt\/lt_lt\/shop\/sla-paris-sepetelis-veduokle-mua\/#primaryimage"},"image":{"@id":"https:\/\/www.malinashop.lt\/lt_lt\/shop\/sla-paris-sepetelis-veduokle-mua\/#primaryimage"},"thumbnailUrl":"https:\/\/www.malinashop.lt\/wp-content\/uploads\/2025\/11\/mua-sepetelis-veduokle.jpg","datePublished":"2025-11-25T13:33:10+00:00","dateModified":"2026-02-10T10:12:39+00:00","description":"SLA Paris MUA v\u0117duokl\u0117s \u0161epet\u0117lis Nr. 32 \u2013 profesionalus sintetinio plauko \u0161epet\u0117lis highlighteriui. Vegani\u0161kas, \u0161velnus ir tikslus makia\u017eui.","breadcrumb":{"@id":"https:\/\/www.malinashop.lt\/lt_lt\/shop\/sla-paris-sepetelis-veduokle-mua\/#breadcrumb"},"inLanguage":"en-GB","potentialAction":[{"@type":"ReadAction","target":["https:\/\/www.malinashop.lt\/lt_lt\/shop\/sla-paris-sepetelis-veduokle-mua\/"]}]},{"@type":"ImageObject","inLanguage":"en-GB","@id":"https:\/\/www.malinashop.lt\/lt_lt\/shop\/sla-paris-sepetelis-veduokle-mua\/#primaryimage","url":"https:\/\/www.malinashop.lt\/wp-content\/uploads\/2025\/11\/mua-sepetelis-veduokle.jpg","contentUrl":"https:\/\/www.malinashop.lt\/wp-content\/uploads\/2025\/11\/mua-sepetelis-veduokle.jpg","width":800,"height":800},{"@type":"BreadcrumbList","@id":"https:\/\/www.malinashop.lt\/lt_lt\/shop\/sla-paris-sepetelis-veduokle-mua\/#breadcrumb","itemListElement":[{"@type":"ListItem","position":1,"name":"Pagrindinis","item":"https:\/\/www.malinashop.lt\/"},{"@type":"ListItem","position":2,"name":"Parduotuv\u0117","item":"https:\/\/www.malinashop.lt\/en\/parduotuve\/"},{"@type":"ListItem","position":3,"name":"SLA Paris \u0161epet\u0117lis v\u0117duokl\u0117 MUA"}]},{"@type":"WebSite","@id":"https:\/\/www.malinashop.lt\/#website","url":"https:\/\/www.malinashop.lt\/","name":"COM Group Ecommerce","description":"MalinaShop.lt - Gro\u017eio ir sveikatos produktai i\u0161 patikim\u0173 preki\u0173 \u017eenkl\u0173. Atraskite auk\u0161tos kokyb\u0117s kosmetik\u0105 u\u017e puiki\u0105 kain\u0105.","publisher":{"@id":"https:\/\/www.malinashop.lt\/#organization"},"potentialAction":[{"@type":"SearchAction","target":{"@type":"EntryPoint","urlTemplate":"https:\/\/www.malinashop.lt\/?s={search_term_string}"},"query-input":{"@type":"PropertyValueSpecification","valueRequired":true,"valueName":"search_term_string"}}],"inLanguage":"en-GB"},{"@type":"Organization","@id":"https:\/\/www.malinashop.lt\/#organization","name":"COM Group Ecommerce","url":"https:\/\/www.malinashop.lt\/","logo":{"@type":"ImageObject","inLanguage":"en-GB","@id":"https:\/\/www.malinashop.lt\/#\/schema\/logo\/image\/","url":"https:\/\/www.malinashop.lt\/wp-content\/uploads\/2024\/08\/462559670_3787732518133670_9795632669273463_n-e1731525914575.png","contentUrl":"https:\/\/www.malinashop.lt\/wp-content\/uploads\/2024\/08\/462559670_3787732518133670_9795632669273463_n-e1731525914575.png","width":180,"height":60,"caption":"COM Group Ecommerce"},"image":{"@id":"https:\/\/www.malinashop.lt\/#\/schema\/logo\/image\/"}}]}},"jetpack_sharing_enabled":true,"_links":{"self":[{"href":"https:\/\/www.malinashop.lt\/en\/wp-json\/wp\/v2\/product\/69021","targetHints":{"allow":["GET"]}}],"collection":[{"href":"https:\/\/www.malinashop.lt\/en\/wp-json\/wp\/v2\/product"}],"about":[{"href":"https:\/\/www.malinashop.lt\/en\/wp-json\/wp\/v2\/types\/product"}],"version-history":[{"count":2,"href":"https:\/\/www.malinashop.lt\/en\/wp-json\/wp\/v2\/product\/69021\/revisions"}],"predecessor-version":[{"id":71977,"href":"https:\/\/www.malinashop.lt\/en\/wp-json\/wp\/v2\/product\/69021\/revisions\/71977"}],"wp:featuredmedia":[{"embeddable":true,"href":"https:\/\/www.malinashop.lt\/en\/wp-json\/wp\/v2\/media\/62261"}],"wp:attachment":[{"href":"https:\/\/www.malinashop.lt\/en\/wp-json\/wp\/v2\/media?parent=69021"}],"wp:term":[{"taxonomy":"product_brand","embeddable":true,"href":"https:\/\/www.malinashop.lt\/en\/wp-json\/wp\/v2\/product_brand?post=69021"},{"taxonomy":"product_cat","embeddable":true,"href":"https:\/\/www.malinashop.lt\/en\/wp-json\/wp\/v2\/product_cat?post=69021"},{"taxonomy":"product_tag","embeddable":true,"href":"https:\/\/www.malinashop.lt\/en\/wp-json\/wp\/v2\/product_tag?post=69021"}],"curies":[{"name":"wp","href":"https:\/\/api.w.org\/{rel}","templated":true}]}}